{"id":1894,"date":"2020-04-23T14:33:41","date_gmt":"2020-04-23T12:33:41","guid":{"rendered":"https:\/\/www.cjvt.starkmat.si\/infrastructure-support\/european-survey-on-dictionary-use\/"},"modified":"2025-05-26T15:13:05","modified_gmt":"2025-05-26T13:13:05","slug":"european-survey-on-dictionary-use","status":"publish","type":"page","link":"https:\/\/www.cjvt.si\/en\/infrastructure-support\/european-survey-on-dictionary-use\/","title":{"rendered":"European survey on dictionary use"},"content":{"rendered":"<div class=\"flex_column av_two_third  flex_column_div av-zero-column-padding first  avia-builder-el-0  el_before_av_one_third  avia-builder-el-first  \" style='margin-top:0px; margin-bottom:0px; border-radius:0px; '><section class=\"av_textblock_section \"  itemscope=\"itemscope\" itemtype=\"https:\/\/schema.org\/CreativeWork\" ><div class='avia_textblock  '   itemprop=\"text\" ><h1>Mednarodna raziskava o uporabi enojezi\u010dnih slovarjev<\/h1>\n<\/div><\/section><\/div>\n<div class=\"flex_column av_one_third  flex_column_div av-zero-column-padding   avia-builder-el-2  el_after_av_two_third  el_before_av_two_third  \" style='margin-top:0px; margin-bottom:0px; border-radius:0px; '><p><div  class='avia-button-wrap avia-button-left  gumb-sodelavci-levo' title=\"EMBEDDIA\"><a href='https:\/\/www.cjvt.si\/infrastrukturna-podpora\/embeddia\/'  class='avia-button  av-button-notext   avia-icon_select-yes-left-icon avia-color-theme-color avia-size-small avia-position-left '   ><span class='avia_button_icon avia_button_icon_left ' aria-hidden='true' data-av_icon='\ue87c' data-av_iconfont='entypo-fontello'><\/span><span class='avia_iconbox_title' ><\/span><\/a><\/div><br \/>\n<div  class='avia-button-wrap avia-button-left  gumb-sodelavci-desno' title=\"Nadgradnja korpusov\"><a href='https:\/\/www.cjvt.si\/en\/infrastructure-support\/upgrade-of-the-gigafida-kres-ccgigafida-and-cckres-corpora\/'  class='avia-button  av-button-notext   avia-icon_select-yes-right-icon avia-color-theme-color avia-size-small avia-position-left '   ><span class='avia_iconbox_title' ><\/span><span class='avia_button_icon avia_button_icon_right' aria-hidden='true' data-av_icon='\ue87d' data-av_iconfont='entypo-fontello'><\/span><\/a><\/div><\/p><\/div>\n<div class=\"flex_column av_two_third  flex_column_div av-zero-column-padding first  avia-builder-el-3  el_after_av_one_third  el_before_av_one_third  column-top-margin\" style='margin-top:36px; margin-bottom:0px; border-radius:0px; '><section class=\"av_textblock_section \"  itemscope=\"itemscope\" itemtype=\"https:\/\/schema.org\/CreativeWork\" ><div class='avia_textblock  '   itemprop=\"text\" ><p>Maja 2017 smo odprli anketo, ki se je posve\u010dala <strong>odnosu jezikovnih uporabnikov do splo\u0161nih enojezi\u010dnih slovarjev.<\/strong> Anketa je spra\u0161evala uporabnike, katere slovarje uporabljajo in v katerih situacijah, slovenski del ankete pa se je \u0161e dodatno osredoto\u010dal na uporabni\u0161ka pri\u010dakovanja do enojezi\u010dnih slovarjev, izku\u0161nje z obstoje\u010dimi slovarji ter predloge za izbolj\u0161ave. K sodelovanju so bili povabljeni tudi tisti, ki slovarjev ne uporabljajo, saj je identifikacija razlogov za neuporabo pomembno vodilo za nadaljnji razvoj slovarskih izdelkov. Novost \u0161tudije v primerjavi s predhodnimi je, da se je ciljno osredoto\u010dala na razli\u010dne uporabni\u0161ke skupine (pri rabi slovarjev v procesu izobra\u017eevanja, slu\u017ebenega dela in v prostem \u010dasu), s \u010dimer smo presegli preteklo izhodi\u0161\u010de, da obstajajo &#8220;splo\u0161ni&#8221; uporabniki, za katere je mogo\u010de uspe\u0161no zasnovati &#8220;splo\u0161ne&#8221; jezikovne priro\u010dnike.<\/p>\n<\/div><\/section><\/div><div class=\"flex_column av_one_third  flex_column_div   avia-builder-el-5  el_after_av_two_third  avia-builder-el-last  column-top-margin\" style='margin-top:36px; margin-bottom:0px; background: #f0f0f0; padding:30px; background-color:#f0f0f0; border-radius:0px; '><section class=\"av_textblock_section \"  itemscope=\"itemscope\" itemtype=\"https:\/\/schema.org\/CreativeWork\" ><div class='avia_textblock  '   itemprop=\"text\" ><h3 class=\"zn_text_box-title zn_text_box-title--style1 text-custom\">POVEZAVE IN KONTAKT<\/h3>\n<\/div><\/section><br \/>\n<div  style='height:20px' class='hr hr-invisible   avia-builder-el-7  el_after_av_textblock  el_before_av_textblock '><span class='hr-inner ' ><span class='hr-inner-style'><\/span><\/span><\/div><br \/>\n<section class=\"av_textblock_section \"  itemscope=\"itemscope\" itemtype=\"https:\/\/schema.org\/CreativeWork\" ><div class='avia_textblock  '   itemprop=\"text\" ><p>Center za jezikovne vire in tehnologije Univerze v Ljubljani<br \/>\nVe\u010dna pot 113, SI-1000 Ljubljana<\/p>\n<ul>\n<li>telefon: <a href=\"tel:014798299\">01 4798299<\/a><\/li>\n<li>e-po\u0161ta: <a href=\"&#x6d;&#x61;&#x69;&#108;&#116;&#111;:i&#x6e;&#x66;&#x6f;&#x40;&#99;&#106;vt&#x2e;&#x73;&#x69;\">&#x69;n&#x66;o&#x40;&#99;&#x6a;&#118;t&#x2e;s&#x69;<\/a><\/li>\n<\/ul>\n<\/div><\/section><br \/>\n<div  class='avia-button-wrap avia-button-right  avia-builder-el-9  el_after_av_textblock  avia-builder-el-last ' ><a href='https:\/\/www.cjvt.si\/dictionary-use'  class='avia-button   avia-icon_select-no avia-color-theme-color avia-size-medium avia-position-right '   ><span class='avia_iconbox_title' >Dictionary use<\/span><\/a><\/div><\/p><\/div><\/p>\n","protected":false},"excerpt":{"rendered":"","protected":false},"author":1,"featured_media":0,"parent":985,"menu_order":0,"comment_status":"closed","ping_status":"closed","template":"","meta":{"_acf_changed":false,"_relevanssi_hide_post":"","_relevanssi_hide_content":"","_relevanssi_pin_for_all":"","_relevanssi_pin_keywords":"","_relevanssi_unpin_keywords":"","_relevanssi_related_keywords":"","_relevanssi_related_include_ids":"","_relevanssi_related_exclude_ids":"","_relevanssi_related_no_append":"","_relevanssi_related_not_related":"","_relevanssi_related_posts":"","_relevanssi_noindex_reason":"","inline_featured_image":false,"episode_type":"","audio_file":"","podmotor_file_id":"","podmotor_episode_id":"","cover_image":"","cover_image_id":"","duration":"","filesize":"","filesize_raw":"","date_recorded":"","explicit":"","block":"","itunes_episode_number":"","itunes_title":"","itunes_season_number":"","itunes_episode_type":"","footnotes":""},"class_list":["post-1894","page","type-page","status-publish","hentry"],"acf":[],"yoast_head":"<!-- This site is optimized with the Yoast SEO plugin v27.3 - https:\/\/yoast.com\/product\/yoast-seo-wordpress\/ -->\n<title>European survey on dictionary use - CJVT<\/title>\n<meta name=\"robots\" content=\"index, follow, max-snippet:-1, max-image-preview:large, max-video-preview:-1\" \/>\n<link rel=\"canonical\" href=\"https:\/\/www.cjvt.si\/en\/infrastructure-support\/european-survey-on-dictionary-use\/\" \/>\n<meta property=\"og:locale\" content=\"en_US\" \/>\n<meta property=\"og:type\" content=\"article\" \/>\n<meta property=\"og:title\" content=\"European survey on dictionary use - CJVT\" \/>\n<meta property=\"og:url\" content=\"https:\/\/www.cjvt.si\/en\/infrastructure-support\/european-survey-on-dictionary-use\/\" \/>\n<meta property=\"og:site_name\" content=\"CJVT\" \/>\n<meta property=\"article:publisher\" content=\"https:\/\/www.facebook.com\/centerzajezikovnevireintehnologije\" \/>\n<meta property=\"article:modified_time\" content=\"2025-05-26T13:13:05+00:00\" \/>\n<meta name=\"twitter:card\" content=\"summary_large_image\" \/>\n<meta name=\"twitter:label1\" content=\"Est. reading time\" \/>\n\t<meta name=\"twitter:data1\" content=\"5 minutes\" \/>\n<script type=\"application\/ld+json\" class=\"yoast-schema-graph\">{\"@context\":\"https:\\\/\\\/schema.org\",\"@graph\":[{\"@type\":\"WebPage\",\"@id\":\"https:\\\/\\\/www.cjvt.si\\\/en\\\/infrastructure-support\\\/european-survey-on-dictionary-use\\\/\",\"url\":\"https:\\\/\\\/www.cjvt.si\\\/en\\\/infrastructure-support\\\/european-survey-on-dictionary-use\\\/\",\"name\":\"European survey on dictionary use - CJVT\",\"isPartOf\":{\"@id\":\"https:\\\/\\\/www.cjvt.si\\\/en\\\/#website\"},\"datePublished\":\"2020-04-23T12:33:41+00:00\",\"dateModified\":\"2025-05-26T13:13:05+00:00\",\"breadcrumb\":{\"@id\":\"https:\\\/\\\/www.cjvt.si\\\/en\\\/infrastructure-support\\\/european-survey-on-dictionary-use\\\/#breadcrumb\"},\"inLanguage\":\"en-US\",\"potentialAction\":[{\"@type\":\"ReadAction\",\"target\":[\"https:\\\/\\\/www.cjvt.si\\\/en\\\/infrastructure-support\\\/european-survey-on-dictionary-use\\\/\"]}]},{\"@type\":\"BreadcrumbList\",\"@id\":\"https:\\\/\\\/www.cjvt.si\\\/en\\\/infrastructure-support\\\/european-survey-on-dictionary-use\\\/#breadcrumb\",\"itemListElement\":[{\"@type\":\"ListItem\",\"position\":1,\"name\":\"Home\",\"item\":\"https:\\\/\\\/www.cjvt.si\\\/en\\\/\"},{\"@type\":\"ListItem\",\"position\":2,\"name\":\"Infrastructure Support\",\"item\":\"https:\\\/\\\/www.cjvt.si\\\/en\\\/infrastructure-support\\\/\"},{\"@type\":\"ListItem\",\"position\":3,\"name\":\"European survey on dictionary use\"}]},{\"@type\":\"WebSite\",\"@id\":\"https:\\\/\\\/www.cjvt.si\\\/en\\\/#website\",\"url\":\"https:\\\/\\\/www.cjvt.si\\\/en\\\/\",\"name\":\"CJVT\",\"description\":\"Center za jezikovne vire in tehnologije\",\"publisher\":{\"@id\":\"https:\\\/\\\/www.cjvt.si\\\/en\\\/#organization\"},\"potentialAction\":[{\"@type\":\"SearchAction\",\"target\":{\"@type\":\"EntryPoint\",\"urlTemplate\":\"https:\\\/\\\/www.cjvt.si\\\/en\\\/?s={search_term_string}\"},\"query-input\":{\"@type\":\"PropertyValueSpecification\",\"valueRequired\":true,\"valueName\":\"search_term_string\"}}],\"inLanguage\":\"en-US\"},{\"@type\":\"Organization\",\"@id\":\"https:\\\/\\\/www.cjvt.si\\\/en\\\/#organization\",\"name\":\"CJVT\",\"url\":\"https:\\\/\\\/www.cjvt.si\\\/en\\\/\",\"logo\":{\"@type\":\"ImageObject\",\"inLanguage\":\"en-US\",\"@id\":\"https:\\\/\\\/www.cjvt.si\\\/en\\\/#\\\/schema\\\/logo\\\/image\\\/\",\"url\":\"https:\\\/\\\/www.cjvt.si\\\/wp-content\\\/uploads\\\/2020\\\/06\\\/CJVT-logo-red.jpg\",\"contentUrl\":\"https:\\\/\\\/www.cjvt.si\\\/wp-content\\\/uploads\\\/2020\\\/06\\\/CJVT-logo-red.jpg\",\"width\":1300,\"height\":683,\"caption\":\"CJVT\"},\"image\":{\"@id\":\"https:\\\/\\\/www.cjvt.si\\\/en\\\/#\\\/schema\\\/logo\\\/image\\\/\"},\"sameAs\":[\"https:\\\/\\\/www.facebook.com\\\/centerzajezikovnevireintehnologije\"]}]}<\/script>\n<!-- \/ Yoast SEO plugin. -->","yoast_head_json":{"title":"European survey on dictionary use - CJVT","robots":{"index":"index","follow":"follow","max-snippet":"max-snippet:-1","max-image-preview":"max-image-preview:large","max-video-preview":"max-video-preview:-1"},"canonical":"https:\/\/www.cjvt.si\/en\/infrastructure-support\/european-survey-on-dictionary-use\/","og_locale":"en_US","og_type":"article","og_title":"European survey on dictionary use - CJVT","og_url":"https:\/\/www.cjvt.si\/en\/infrastructure-support\/european-survey-on-dictionary-use\/","og_site_name":"CJVT","article_publisher":"https:\/\/www.facebook.com\/centerzajezikovnevireintehnologije","article_modified_time":"2025-05-26T13:13:05+00:00","twitter_card":"summary_large_image","twitter_misc":{"Est. reading time":"5 minutes"},"schema":{"@context":"https:\/\/schema.org","@graph":[{"@type":"WebPage","@id":"https:\/\/www.cjvt.si\/en\/infrastructure-support\/european-survey-on-dictionary-use\/","url":"https:\/\/www.cjvt.si\/en\/infrastructure-support\/european-survey-on-dictionary-use\/","name":"European survey on dictionary use - CJVT","isPartOf":{"@id":"https:\/\/www.cjvt.si\/en\/#website"},"datePublished":"2020-04-23T12:33:41+00:00","dateModified":"2025-05-26T13:13:05+00:00","breadcrumb":{"@id":"https:\/\/www.cjvt.si\/en\/infrastructure-support\/european-survey-on-dictionary-use\/#breadcrumb"},"inLanguage":"en-US","potentialAction":[{"@type":"ReadAction","target":["https:\/\/www.cjvt.si\/en\/infrastructure-support\/european-survey-on-dictionary-use\/"]}]},{"@type":"BreadcrumbList","@id":"https:\/\/www.cjvt.si\/en\/infrastructure-support\/european-survey-on-dictionary-use\/#breadcrumb","itemListElement":[{"@type":"ListItem","position":1,"name":"Home","item":"https:\/\/www.cjvt.si\/en\/"},{"@type":"ListItem","position":2,"name":"Infrastructure Support","item":"https:\/\/www.cjvt.si\/en\/infrastructure-support\/"},{"@type":"ListItem","position":3,"name":"European survey on dictionary use"}]},{"@type":"WebSite","@id":"https:\/\/www.cjvt.si\/en\/#website","url":"https:\/\/www.cjvt.si\/en\/","name":"CJVT","description":"Center za jezikovne vire in tehnologije","publisher":{"@id":"https:\/\/www.cjvt.si\/en\/#organization"},"potentialAction":[{"@type":"SearchAction","target":{"@type":"EntryPoint","urlTemplate":"https:\/\/www.cjvt.si\/en\/?s={search_term_string}"},"query-input":{"@type":"PropertyValueSpecification","valueRequired":true,"valueName":"search_term_string"}}],"inLanguage":"en-US"},{"@type":"Organization","@id":"https:\/\/www.cjvt.si\/en\/#organization","name":"CJVT","url":"https:\/\/www.cjvt.si\/en\/","logo":{"@type":"ImageObject","inLanguage":"en-US","@id":"https:\/\/www.cjvt.si\/en\/#\/schema\/logo\/image\/","url":"https:\/\/www.cjvt.si\/wp-content\/uploads\/2020\/06\/CJVT-logo-red.jpg","contentUrl":"https:\/\/www.cjvt.si\/wp-content\/uploads\/2020\/06\/CJVT-logo-red.jpg","width":1300,"height":683,"caption":"CJVT"},"image":{"@id":"https:\/\/www.cjvt.si\/en\/#\/schema\/logo\/image\/"},"sameAs":["https:\/\/www.facebook.com\/centerzajezikovnevireintehnologije"]}]}},"_links":{"self":[{"href":"https:\/\/www.cjvt.si\/en\/wp-json\/wp\/v2\/pages\/1894","targetHints":{"allow":["GET"]}}],"collection":[{"href":"https:\/\/www.cjvt.si\/en\/wp-json\/wp\/v2\/pages"}],"about":[{"href":"https:\/\/www.cjvt.si\/en\/wp-json\/wp\/v2\/types\/page"}],"author":[{"embeddable":true,"href":"https:\/\/www.cjvt.si\/en\/wp-json\/wp\/v2\/users\/1"}],"replies":[{"embeddable":true,"href":"https:\/\/www.cjvt.si\/en\/wp-json\/wp\/v2\/comments?post=1894"}],"version-history":[{"count":6,"href":"https:\/\/www.cjvt.si\/en\/wp-json\/wp\/v2\/pages\/1894\/revisions"}],"predecessor-version":[{"id":7230,"href":"https:\/\/www.cjvt.si\/en\/wp-json\/wp\/v2\/pages\/1894\/revisions\/7230"}],"up":[{"embeddable":true,"href":"https:\/\/www.cjvt.si\/en\/wp-json\/wp\/v2\/pages\/985"}],"wp:attachment":[{"href":"https:\/\/www.cjvt.si\/en\/wp-json\/wp\/v2\/media?parent=1894"}],"curies":[{"name":"wp","href":"https:\/\/api.w.org\/{rel}","templated":true}]}}