{"id":2086,"date":"2020-04-27T15:06:30","date_gmt":"2020-04-27T13:06:30","guid":{"rendered":"https:\/\/www.cjvt.starkmat.si\/infrastructure-support\/thesaurus-of-modern-slovene-promotion\/"},"modified":"2025-05-26T15:14:46","modified_gmt":"2025-05-26T13:14:46","slug":"thesaurus-of-modern-slovene-promotion","status":"publish","type":"page","link":"https:\/\/www.cjvt.si\/en\/infrastructure-support\/thesaurus-of-modern-slovene-promotion\/","title":{"rendered":"Thesaurus of Modern Slovene Promotion"},"content":{"rendered":"<div class='flex_column_table av-equal-height-column-flextable -flextable' style='margin-top:0px; margin-bottom:0px; '><div class=\"flex_column av_two_third  flex_column_table_cell av-equal-height-column av-align-middle av-zero-column-padding first  avia-builder-el-0  el_before_av_one_third  avia-builder-el-first  \" style='border-radius:0px; '><section class=\"av_textblock_section \"  itemscope=\"itemscope\" itemtype=\"https:\/\/schema.org\/CreativeWork\" ><div class='avia_textblock  '   itemprop=\"text\" ><h1>Promocija Slovarja sopomenk sodobne sloven\u0161\u010dine<\/h1>\n<\/div><\/section><\/div>\n<div class='av-flex-placeholder'><\/div><div class=\"flex_column av_one_third  flex_column_table_cell av-equal-height-column av-align-middle av-zero-column-padding   avia-builder-el-2  el_after_av_two_third  el_before_av_two_third  \" style='border-radius:0px; '><p><div  class='avia-button-wrap avia-button-left  gumb-sodelavci-levo' title=\"Nadgradnja korpusov\"><a href='https:\/\/www.cjvt.si\/en\/infrastructure-support\/upgrade-of-the-gigafida-kres-ccgigafida-and-cckres-corpora\/'  class='avia-button  av-button-notext   avia-icon_select-yes-left-icon avia-color-theme-color avia-size-small avia-position-left '   ><span class='avia_button_icon avia_button_icon_left ' aria-hidden='true' data-av_icon='\ue87c' data-av_iconfont='entypo-fontello'><\/span><span class='avia_iconbox_title' ><\/span><\/a><\/div><br \/>\n<div  class='avia-button-wrap avia-button-left  gumb-sodelavci-desno' title=\"Frenk\"><a href='https:\/\/www.cjvt.si\/en\/infrastructure-support\/frenk\/'  class='avia-button  av-button-notext   avia-icon_select-yes-right-icon avia-color-theme-color avia-size-small avia-position-left '   ><span class='avia_iconbox_title' ><\/span><span class='avia_button_icon avia_button_icon_right' aria-hidden='true' data-av_icon='\ue87d' data-av_iconfont='entypo-fontello'><\/span><\/a><\/div><\/p><\/div><\/div><!--close column table wrapper. Autoclose: 1 --><div class=\"flex_column av_two_third  flex_column_div av-zero-column-padding first  avia-builder-el-3  el_after_av_one_third  el_before_av_one_third  column-top-margin\" style='margin-top:36px; margin-bottom:0px; border-radius:0px; '><section class=\"av_textblock_section \"  itemscope=\"itemscope\" itemtype=\"https:\/\/schema.org\/CreativeWork\" ><div class='avia_textblock  '   itemprop=\"text\" ><p>V za\u010detku leta 2018 smo na Centru za jezikovne vire in tehnologije objavili <u>Slovar sopomenk sodobne sloven\u0161\u010dine<\/u>. Gre za najobse\u017enej\u0161o odprto dostopno spletno zbirko sopomenk za sloven\u0161\u010dino, ki je v slovenski (pa tudi mednarodni prostor) uvedla nov tip jezikovnega vira: <strong>odzivni slovar<\/strong>. Za odzivne slovarje je zna\u010dilno, da so v izhodi\u0161\u010du pripravljeni povsem avtomatsko, njihov nadaljnji razvoj pa poteka po korakih in v sodelovanju jezikoslovcev z zainteresirano uporabni\u0161ko skupnostjo.<\/p>\n<p>Slovar sopomenk sodobne sloven\u0161\u010dine je \u017ee v prvi, avtomatski fazi pomemben vir informacij za razli\u010dne skupine uporabnic in uporabnikov, ampak zaradi svoje novosti je bil javnosti slabo poznan. Tudi prednosti in omejitve odzivnih slovarjev ter mo\u017enosti za sodelovanje pri njihovem razvoju so bile slabo poznane. Kmalu po izidu slovarja smo zato prijavili projekt <strong>Slovar sopomenk sodobne sloven\u0161\u010dine: od skupnosti za skupnost<\/strong>, ki ga je v letih 2018-2019 finan\u010dno podprlo <u>Ministrstvo za kulturo Republike Slovenije<\/u>.<\/p>\n<p>S pomo\u010djo projekta smo prestavili slovar \u0161ir\u0161i javnosti, pripravili prosto dostopna izobra\u017eevalna gradiva (prosojnice, podnaslovljene videoposnetke), serijo desetih poddaj (podcastov) na temo digitalnega slovaropisja, razvili metodologijo uporabni\u0161kega spremljanja v slovarju in izvedli obse\u017eno anketo med uporabniki, da bi izvedeli, kak\u0161en odnos imajo do novosti, ki jih prina\u0161a koncept odzivnega slovarja. V sodelovanju s projektom <u>Promocija jezikovne igralne aplikacije za mobilne naprave<\/u> smo razvili tudi mobilno aplikacijo Igra besed, v kateri igralci tekmujejo v na\u0161tevanju slovenskih sopomenk. Rezultati in natan\u010dnej\u0161e informacije so na voljo na <strong><u>spletni strani projekta<\/u><\/strong>.<\/p>\n<\/div><\/section><\/div><\/p>\n<div class=\"flex_column av_one_third  flex_column_div   avia-builder-el-5  el_after_av_two_third  avia-builder-el-last  column-top-margin\" style='margin-top:36px; margin-bottom:0px; background: #f0f0f0; padding:30px; background-color:#f0f0f0; border-radius:0px; '><section class=\"av_textblock_section \"  itemscope=\"itemscope\" itemtype=\"https:\/\/schema.org\/CreativeWork\" ><div class='avia_textblock  '   itemprop=\"text\" ><h3 class=\"zn_text_box-title zn_text_box-title--style1 text-custom\">POVEZAVE IN KONTAKT<\/h3>\n<\/div><\/section><br \/>\n<div  style='height:20px' class='hr hr-invisible   avia-builder-el-7  el_after_av_textblock  el_before_av_textblock '><span class='hr-inner ' ><span class='hr-inner-style'><\/span><\/span><\/div><br \/>\n<section class=\"av_textblock_section \"  itemscope=\"itemscope\" itemtype=\"https:\/\/schema.org\/CreativeWork\" ><div class='avia_textblock  '   itemprop=\"text\" ><p>Center za jezikovne vire in tehnologije, Univerza v Ljubljani<br \/>\nVe\u010dna pot 113, SI-1000 Ljubljana<\/p>\n<ul>\n<li>e-po\u0161ta: <a href=\"&#109;&#x61;&#x69;l&#116;&#x6f;:&#115;&#x6f;p&#111;&#x6d;e&#110;&#x6b;&#x65;&#64;&#x63;&#x6a;v&#116;&#x2e;s&#105;\">&#115;o&#x70;o&#x6d;e&#x6e;&#107;&#x65;&#64;&#x63;&#106;v&#x74;&#46;&#x73;i<\/a><\/li>\n<\/ul>\n<\/div><\/section><br \/>\n<div  class='avia-button-wrap avia-button-right  avia-builder-el-9  el_after_av_textblock  avia-builder-el-last ' ><a href='https:\/\/www.cjvt.si\/promocija-sopomenk\/'  class='avia-button   avia-icon_select-no avia-color-theme-color avia-size-medium avia-position-right '   ><span class='avia_iconbox_title' >Thesaurus promotion<\/span><\/a><\/div><\/p><\/div>\n","protected":false},"excerpt":{"rendered":"","protected":false},"author":1,"featured_media":0,"parent":985,"menu_order":0,"comment_status":"closed","ping_status":"closed","template":"","meta":{"_acf_changed":false,"_relevanssi_hide_post":"","_relevanssi_hide_content":"","_relevanssi_pin_for_all":"","_relevanssi_pin_keywords":"","_relevanssi_unpin_keywords":"","_relevanssi_related_keywords":"","_relevanssi_related_include_ids":"","_relevanssi_related_exclude_ids":"","_relevanssi_related_no_append":"","_relevanssi_related_not_related":"","_relevanssi_related_posts":"","_relevanssi_noindex_reason":"","inline_featured_image":false,"episode_type":"","audio_file":"","podmotor_file_id":"","podmotor_episode_id":"","cover_image":"","cover_image_id":"","duration":"","filesize":"","filesize_raw":"","date_recorded":"","explicit":"","block":"","itunes_episode_number":"","itunes_title":"","itunes_season_number":"","itunes_episode_type":"","footnotes":""},"class_list":["post-2086","page","type-page","status-publish","hentry"],"acf":[],"yoast_head":"<!-- This site is optimized with the Yoast SEO plugin v27.3 - https:\/\/yoast.com\/product\/yoast-seo-wordpress\/ -->\n<title>Thesaurus of Modern Slovene Promotion - CJVT<\/title>\n<meta name=\"robots\" content=\"index, follow, max-snippet:-1, max-image-preview:large, max-video-preview:-1\" \/>\n<link rel=\"canonical\" href=\"https:\/\/www.cjvt.si\/en\/infrastructure-support\/thesaurus-of-modern-slovene-promotion\/\" \/>\n<meta property=\"og:locale\" content=\"en_US\" \/>\n<meta property=\"og:type\" content=\"article\" \/>\n<meta property=\"og:title\" content=\"Thesaurus of Modern Slovene Promotion - CJVT\" \/>\n<meta property=\"og:url\" content=\"https:\/\/www.cjvt.si\/en\/infrastructure-support\/thesaurus-of-modern-slovene-promotion\/\" \/>\n<meta property=\"og:site_name\" content=\"CJVT\" \/>\n<meta property=\"article:publisher\" content=\"https:\/\/www.facebook.com\/centerzajezikovnevireintehnologije\" \/>\n<meta property=\"article:modified_time\" content=\"2025-05-26T13:14:46+00:00\" \/>\n<meta name=\"twitter:card\" content=\"summary_large_image\" \/>\n<meta name=\"twitter:label1\" content=\"Est. reading time\" \/>\n\t<meta name=\"twitter:data1\" content=\"6 minutes\" \/>\n<script type=\"application\/ld+json\" class=\"yoast-schema-graph\">{\"@context\":\"https:\\\/\\\/schema.org\",\"@graph\":[{\"@type\":\"WebPage\",\"@id\":\"https:\\\/\\\/www.cjvt.si\\\/en\\\/infrastructure-support\\\/thesaurus-of-modern-slovene-promotion\\\/\",\"url\":\"https:\\\/\\\/www.cjvt.si\\\/en\\\/infrastructure-support\\\/thesaurus-of-modern-slovene-promotion\\\/\",\"name\":\"Thesaurus of Modern Slovene Promotion - CJVT\",\"isPartOf\":{\"@id\":\"https:\\\/\\\/www.cjvt.si\\\/en\\\/#website\"},\"datePublished\":\"2020-04-27T13:06:30+00:00\",\"dateModified\":\"2025-05-26T13:14:46+00:00\",\"breadcrumb\":{\"@id\":\"https:\\\/\\\/www.cjvt.si\\\/en\\\/infrastructure-support\\\/thesaurus-of-modern-slovene-promotion\\\/#breadcrumb\"},\"inLanguage\":\"en-US\",\"potentialAction\":[{\"@type\":\"ReadAction\",\"target\":[\"https:\\\/\\\/www.cjvt.si\\\/en\\\/infrastructure-support\\\/thesaurus-of-modern-slovene-promotion\\\/\"]}]},{\"@type\":\"BreadcrumbList\",\"@id\":\"https:\\\/\\\/www.cjvt.si\\\/en\\\/infrastructure-support\\\/thesaurus-of-modern-slovene-promotion\\\/#breadcrumb\",\"itemListElement\":[{\"@type\":\"ListItem\",\"position\":1,\"name\":\"Home\",\"item\":\"https:\\\/\\\/www.cjvt.si\\\/en\\\/\"},{\"@type\":\"ListItem\",\"position\":2,\"name\":\"Infrastructure Support\",\"item\":\"https:\\\/\\\/www.cjvt.si\\\/en\\\/infrastructure-support\\\/\"},{\"@type\":\"ListItem\",\"position\":3,\"name\":\"Thesaurus of Modern Slovene Promotion\"}]},{\"@type\":\"WebSite\",\"@id\":\"https:\\\/\\\/www.cjvt.si\\\/en\\\/#website\",\"url\":\"https:\\\/\\\/www.cjvt.si\\\/en\\\/\",\"name\":\"CJVT\",\"description\":\"Center za jezikovne vire in tehnologije\",\"publisher\":{\"@id\":\"https:\\\/\\\/www.cjvt.si\\\/en\\\/#organization\"},\"potentialAction\":[{\"@type\":\"SearchAction\",\"target\":{\"@type\":\"EntryPoint\",\"urlTemplate\":\"https:\\\/\\\/www.cjvt.si\\\/en\\\/?s={search_term_string}\"},\"query-input\":{\"@type\":\"PropertyValueSpecification\",\"valueRequired\":true,\"valueName\":\"search_term_string\"}}],\"inLanguage\":\"en-US\"},{\"@type\":\"Organization\",\"@id\":\"https:\\\/\\\/www.cjvt.si\\\/en\\\/#organization\",\"name\":\"CJVT\",\"url\":\"https:\\\/\\\/www.cjvt.si\\\/en\\\/\",\"logo\":{\"@type\":\"ImageObject\",\"inLanguage\":\"en-US\",\"@id\":\"https:\\\/\\\/www.cjvt.si\\\/en\\\/#\\\/schema\\\/logo\\\/image\\\/\",\"url\":\"https:\\\/\\\/www.cjvt.si\\\/wp-content\\\/uploads\\\/2020\\\/06\\\/CJVT-logo-red.jpg\",\"contentUrl\":\"https:\\\/\\\/www.cjvt.si\\\/wp-content\\\/uploads\\\/2020\\\/06\\\/CJVT-logo-red.jpg\",\"width\":1300,\"height\":683,\"caption\":\"CJVT\"},\"image\":{\"@id\":\"https:\\\/\\\/www.cjvt.si\\\/en\\\/#\\\/schema\\\/logo\\\/image\\\/\"},\"sameAs\":[\"https:\\\/\\\/www.facebook.com\\\/centerzajezikovnevireintehnologije\"]}]}<\/script>\n<!-- \/ Yoast SEO plugin. -->","yoast_head_json":{"title":"Thesaurus of Modern Slovene Promotion - CJVT","robots":{"index":"index","follow":"follow","max-snippet":"max-snippet:-1","max-image-preview":"max-image-preview:large","max-video-preview":"max-video-preview:-1"},"canonical":"https:\/\/www.cjvt.si\/en\/infrastructure-support\/thesaurus-of-modern-slovene-promotion\/","og_locale":"en_US","og_type":"article","og_title":"Thesaurus of Modern Slovene Promotion - CJVT","og_url":"https:\/\/www.cjvt.si\/en\/infrastructure-support\/thesaurus-of-modern-slovene-promotion\/","og_site_name":"CJVT","article_publisher":"https:\/\/www.facebook.com\/centerzajezikovnevireintehnologije","article_modified_time":"2025-05-26T13:14:46+00:00","twitter_card":"summary_large_image","twitter_misc":{"Est. reading time":"6 minutes"},"schema":{"@context":"https:\/\/schema.org","@graph":[{"@type":"WebPage","@id":"https:\/\/www.cjvt.si\/en\/infrastructure-support\/thesaurus-of-modern-slovene-promotion\/","url":"https:\/\/www.cjvt.si\/en\/infrastructure-support\/thesaurus-of-modern-slovene-promotion\/","name":"Thesaurus of Modern Slovene Promotion - CJVT","isPartOf":{"@id":"https:\/\/www.cjvt.si\/en\/#website"},"datePublished":"2020-04-27T13:06:30+00:00","dateModified":"2025-05-26T13:14:46+00:00","breadcrumb":{"@id":"https:\/\/www.cjvt.si\/en\/infrastructure-support\/thesaurus-of-modern-slovene-promotion\/#breadcrumb"},"inLanguage":"en-US","potentialAction":[{"@type":"ReadAction","target":["https:\/\/www.cjvt.si\/en\/infrastructure-support\/thesaurus-of-modern-slovene-promotion\/"]}]},{"@type":"BreadcrumbList","@id":"https:\/\/www.cjvt.si\/en\/infrastructure-support\/thesaurus-of-modern-slovene-promotion\/#breadcrumb","itemListElement":[{"@type":"ListItem","position":1,"name":"Home","item":"https:\/\/www.cjvt.si\/en\/"},{"@type":"ListItem","position":2,"name":"Infrastructure Support","item":"https:\/\/www.cjvt.si\/en\/infrastructure-support\/"},{"@type":"ListItem","position":3,"name":"Thesaurus of Modern Slovene Promotion"}]},{"@type":"WebSite","@id":"https:\/\/www.cjvt.si\/en\/#website","url":"https:\/\/www.cjvt.si\/en\/","name":"CJVT","description":"Center za jezikovne vire in tehnologije","publisher":{"@id":"https:\/\/www.cjvt.si\/en\/#organization"},"potentialAction":[{"@type":"SearchAction","target":{"@type":"EntryPoint","urlTemplate":"https:\/\/www.cjvt.si\/en\/?s={search_term_string}"},"query-input":{"@type":"PropertyValueSpecification","valueRequired":true,"valueName":"search_term_string"}}],"inLanguage":"en-US"},{"@type":"Organization","@id":"https:\/\/www.cjvt.si\/en\/#organization","name":"CJVT","url":"https:\/\/www.cjvt.si\/en\/","logo":{"@type":"ImageObject","inLanguage":"en-US","@id":"https:\/\/www.cjvt.si\/en\/#\/schema\/logo\/image\/","url":"https:\/\/www.cjvt.si\/wp-content\/uploads\/2020\/06\/CJVT-logo-red.jpg","contentUrl":"https:\/\/www.cjvt.si\/wp-content\/uploads\/2020\/06\/CJVT-logo-red.jpg","width":1300,"height":683,"caption":"CJVT"},"image":{"@id":"https:\/\/www.cjvt.si\/en\/#\/schema\/logo\/image\/"},"sameAs":["https:\/\/www.facebook.com\/centerzajezikovnevireintehnologije"]}]}},"_links":{"self":[{"href":"https:\/\/www.cjvt.si\/en\/wp-json\/wp\/v2\/pages\/2086","targetHints":{"allow":["GET"]}}],"collection":[{"href":"https:\/\/www.cjvt.si\/en\/wp-json\/wp\/v2\/pages"}],"about":[{"href":"https:\/\/www.cjvt.si\/en\/wp-json\/wp\/v2\/types\/page"}],"author":[{"embeddable":true,"href":"https:\/\/www.cjvt.si\/en\/wp-json\/wp\/v2\/users\/1"}],"replies":[{"embeddable":true,"href":"https:\/\/www.cjvt.si\/en\/wp-json\/wp\/v2\/comments?post=2086"}],"version-history":[{"count":8,"href":"https:\/\/www.cjvt.si\/en\/wp-json\/wp\/v2\/pages\/2086\/revisions"}],"predecessor-version":[{"id":7238,"href":"https:\/\/www.cjvt.si\/en\/wp-json\/wp\/v2\/pages\/2086\/revisions\/7238"}],"up":[{"embeddable":true,"href":"https:\/\/www.cjvt.si\/en\/wp-json\/wp\/v2\/pages\/985"}],"wp:attachment":[{"href":"https:\/\/www.cjvt.si\/en\/wp-json\/wp\/v2\/media?parent=2086"}],"curies":[{"name":"wp","href":"https:\/\/api.w.org\/{rel}","templated":true}]}}