{"id":2153,"date":"2020-04-28T17:29:16","date_gmt":"2020-04-28T15:29:16","guid":{"rendered":"https:\/\/www.cjvt.starkmat.si\/about\/researchers\/polona-gantar\/"},"modified":"2026-03-12T09:19:35","modified_gmt":"2026-03-12T08:19:35","slug":"polona-gantar","status":"publish","type":"page","link":"https:\/\/www.cjvt.si\/en\/about\/researchers\/polona-gantar\/","title":{"rendered":"Polona Gantar"},"content":{"rendered":"<div class='flex_column_table av-equal-height-column-flextable -flextable' style='margin-top:0px; margin-bottom:36px; '><div class=\"flex_column av_three_fifth  flex_column_table_cell av-equal-height-column av-align-middle av-zero-column-padding first  avia-builder-el-0  el_before_av_one_fourth  avia-builder-el-first  \" style='border-radius:0px; '><section class=\"av_textblock_section \"  itemscope=\"itemscope\" itemtype=\"https:\/\/schema.org\/CreativeWork\" ><div class='avia_textblock  '   itemprop=\"text\" ><h1>Apolonija Gantar<\/h1>\n<\/div><\/section><\/div>\n<div class='av-flex-placeholder'><\/div><div class=\"flex_column av_one_fourth  flex_column_table_cell av-equal-height-column av-align-middle av-zero-column-padding   avia-builder-el-2  el_after_av_three_fifth  el_before_av_hr  \" style='border-radius:0px; '><p><div  class='avia-button-wrap avia-button-left  avia-builder-el-3  el_before_av_button  avia-builder-el-first  gumb-sodelavci-levo' title=\"KAJA DOBROVOLJC\"><a href='https:\/\/www.cjvt.si\/en\/about\/researchers\/kaja-gantar\/'  class='avia-button  av-button-notext   avia-icon_select-yes-left-icon avia-color-theme-color avia-size-small avia-position-left '   ><span class='avia_button_icon avia_button_icon_left ' aria-hidden='true' data-av_icon='\ue87c' data-av_iconfont='entypo-fontello'><\/span><span class='avia_iconbox_title' ><\/span><\/a><\/div><br \/>\n<div  class='avia-button-wrap avia-button-left  avia-builder-el-4  el_after_av_button  avia-builder-el-last  gumb-sodelavci-desno' title=\"TEJA GOLI\"><a href='https:\/\/www.cjvt.si\/en\/about\/researchers\/bojan-klemenc\/'  class='avia-button  av-button-notext   avia-icon_select-yes-right-icon avia-color-theme-color avia-size-small avia-position-left '   ><span class='avia_iconbox_title' ><\/span><span class='avia_button_icon avia_button_icon_right' aria-hidden='true' data-av_icon='\ue87d' data-av_iconfont='entypo-fontello'><\/span><\/a><\/div><\/p><\/div><\/div><!--close column table wrapper. Autoclose: 1 -->\n<div  style='height:20px' class='hr hr-invisible   avia-builder-el-5  el_after_av_one_fourth  el_before_av_one_third '><span class='hr-inner ' ><span class='hr-inner-style'><\/span><\/span><\/div>\n<div class='flex_column_table av-equal-height-column-flextable -flextable' ><div class=\"flex_column av_one_third  flex_column_table_cell av-equal-height-column av-align-top av-zero-column-padding first  avia-builder-el-6  el_after_av_hr  el_before_av_one_third  \" style='border-radius:0px; '><div  class='avia-image-container  av-styling-no-styling    avia-builder-el-7  avia-builder-el-no-sibling  avia-align-center '  itemprop=\"image\" itemscope=\"itemscope\" itemtype=\"https:\/\/schema.org\/ImageObject\"  ><div class='avia-image-container-inner'><div class='avia-image-overlay-wrap'><img class='avia_image' src='https:\/\/www.cjvt.si\/wp-content\/uploads\/2020\/04\/GantarPolona_photo-1-1030x1030.jpg' alt='' title='GantarPolona_photo' height=\"1030\" width=\"1030\"  itemprop=\"thumbnailUrl\"  \/><\/div><\/div><\/div><\/div>\n<div class='av-flex-placeholder'><\/div><div class=\"flex_column av_one_third  flex_column_table_cell av-equal-height-column av-align-top   avia-builder-el-8  el_after_av_one_third  el_before_av_one_third  \" style='padding:30px 0px 0px 0px ; border-radius:0px 0px 0px 0px ; '><section class=\"av_textblock_section \"  itemscope=\"itemscope\" itemtype=\"https:\/\/schema.org\/CreativeWork\" ><div class='avia_textblock  '   itemprop=\"text\" ><h3 class=\"zn_text_box-title zn_text_box-title--style1 text-custom\">RESEARCH INTERESTS<\/h3>\n<\/div><\/section><br \/>\n<div  style='height:20px' class='hr hr-invisible   avia-builder-el-10  el_after_av_textblock  el_before_av_textblock '><span class='hr-inner ' ><span class='hr-inner-style'><\/span><\/span><\/div><br \/>\n<section class=\"av_textblock_section \"  itemscope=\"itemscope\" itemtype=\"https:\/\/schema.org\/CreativeWork\" ><div class='avia_textblock  '   itemprop=\"text\" ><p>\u2022 e-lexicography and digital dictionary databases<br \/>\n\u2022 multi-word lexical units and phraseology<br \/>\n\u2022 lexical semantics and syntax<br \/>\n\u2022 corpus linguistics<br \/>\n\u2022 structuring and modeling of linguistic data<br \/>\n\u2022 large language models in lexicography<br \/>\n\u2022 digital humanities<\/p>\n<\/div><\/section><\/p><\/div><div class='av-flex-placeholder'><\/div><div class=\"flex_column av_one_third  flex_column_table_cell av-equal-height-column av-align-top   avia-builder-el-12  el_after_av_one_third  el_before_av_one_full  sticky-stolpec \" style='background: #f0f0f0; padding:30px; background-color:#f0f0f0; border-radius:0px; '><section class=\"av_textblock_section \"  itemscope=\"itemscope\" itemtype=\"https:\/\/schema.org\/CreativeWork\" ><div class='avia_textblock  '   itemprop=\"text\" ><h3 class=\"zn_text_box-title zn_text_box-title--style1 text-custom\">LINKS AND CONTACT<\/h3>\n<\/div><\/section><br \/>\n<div  style='height:20px' class='hr hr-invisible   avia-builder-el-14  el_after_av_textblock  el_before_av_textblock '><span class='hr-inner ' ><span class='hr-inner-style'><\/span><\/span><\/div><br \/>\n<section class=\"av_textblock_section \"  itemscope=\"itemscope\" itemtype=\"https:\/\/schema.org\/CreativeWork\" ><div class='avia_textblock  '   itemprop=\"text\" ><ul>\n<li>E-mail: <a href=\"&#109;&#97;&#x69;&#x6c;&#116;&#111;&#x3a;&#x61;&#112;&#111;&#x6c;&#x6f;&#110;&#105;&#x6a;&#x61;&#46;&#103;&#x61;&#x6e;&#116;&#97;&#x72;&#x40;&#102;&#102;&#x2e;&#x75;&#110;&#105;&#x2d;&#x6c;&#106;&#46;&#x73;&#x69;\">&#x61;p&#x6f;l&#x6f;&#110;&#x69;&#106;a&#x2e;g&#x61;&#110;&#x74;&#97;&#x72;&#64;f&#x66;&#46;&#x75;&#110;&#x69;&#45;&#x6c;&#x6a;&#46;&#x73;i<\/a><\/li>\n<li>SICRIS:\u00a0<a href=\"http:\/\/www.sicris.si\/public\/jqm\/search_basic.aspx?lang=slv&amp;opdescr=rsrSearch&amp;opt=2&amp;subopt=3&amp;code1=rsr&amp;code2=nameadvanced&amp;search_term=name=apolonija%20gantar%20and%20sci=%20and%20fil=%20and%20sub=%20and%20type=%20and%20stat=%20and%20edulevl=\" target=\"_blank\" rel=\"noopener\">16313<\/a><\/li>\n<li><a href=\"https:\/\/scholar.google.si\/citations?user=MrzFv7YAAAAJ&amp;hl=en\" target=\"_blank\" rel=\"noopener\">Google Scholar<\/a><\/li>\n<li><a href=\"https:\/\/orcid.org\/0000-0001-5822-6414\" target=\"_blank\" rel=\"noopener\">Orcid<\/a><\/li>\n<\/ul>\n<\/div><\/section><\/p><\/div><\/div><!--close column table wrapper. Autoclose: 1 --><div class=\"flex_column av_one_full  flex_column_div first  avia-builder-el-16  el_after_av_one_third  el_before_av_two_third  column-top-margin\" style='padding:30px 0px 0px 0px ; border-radius:0px 0px 0px 0px ; '><section class=\"av_textblock_section \"  itemscope=\"itemscope\" itemtype=\"https:\/\/schema.org\/CreativeWork\" ><div class='avia_textblock  '   itemprop=\"text\" ><h3 class=\"zn_text_box-title zn_text_box-title--style1 text-custom\">PRESENTATION<\/h3>\n<\/div><\/section><br \/>\n<section class=\"av_textblock_section \"  itemscope=\"itemscope\" itemtype=\"https:\/\/schema.org\/CreativeWork\" ><div class='avia_textblock  '   itemprop=\"text\" ><p>Dr. Apolonija Gantar is a research associate at the Faculty of Arts and the Faculty of Computer and Information Science at the University of Ljubljana and a researcher in the field of modern digital lexicography, corpus linguistics, and language technologies for Slovenian. She is the co-author of key digital language resources for Slovenian and language descriptions based on them, intended for both human and machine users. In recent years, she has focused on the development of computer-processable dictionary databases, the structuring of linguistic data in them, and the possibilities of using generative language models in lexicographical work. She actively participates in national and international projects related to digital infrastructure for Slovenian, as well as in international initiatives in the field of lexicography and language technologies.<\/p>\n<\/div><\/section><\/p><\/div><\/p>\n<div class=\"flex_column av_two_third  flex_column_div av-zero-column-padding first  avia-builder-el-19  el_after_av_one_full  el_before_av_one_third  column-top-margin\" style='border-radius:0px; '><section class=\"av_textblock_section \"  itemscope=\"itemscope\" itemtype=\"https:\/\/schema.org\/CreativeWork\" ><div class='avia_textblock  '   itemprop=\"text\" ><h3 class=\"zn_text_box-title zn_text_box-title--style1 text-custom\">PROJECTS<\/h3>\n<\/div><\/section><br \/>\n<div  style='height:20px' class='hr hr-invisible   avia-builder-el-21  el_after_av_textblock  el_before_av_textblock '><span class='hr-inner ' ><span class='hr-inner-style'><\/span><\/span><\/div><br \/>\n<section class=\"av_textblock_section \"  itemscope=\"itemscope\" itemtype=\"https:\/\/schema.org\/CreativeWork\" ><div class='avia_textblock  '   itemprop=\"text\" ><h5><strong>National projects<\/strong><\/h5>\n<ul>\n<li>Large language models for digital humanities (LLM4DH), 2024\u20132027 (ARIS)<\/li>\n<li>Adaptive Natural Language Processing with Large Language Models (PoVeJMo), 2023\u20132026 (ARIS)<\/li>\n<li>From Citizen Science to a Digital Dictionary Database, 2025\u20132026 (ARIS)<\/li>\n<li>The Basic Research for the Development of Spoken Language Resources and Speech Technologies for the Slovenian Language (Mezzanine), 2022\u20132026 (ARIS)<\/li>\n<li>Automatic identification of semantic relations in figurative contexts in Croatian and Slovenian, 2023\u20132025 (Bilateral project)<\/li>\n<li>Empirical foundations for digitally-supported development of writing skills (PROP), 2022\u20132024 (ARIS)<\/li>\n<li>Upgrade of the CJVT language resources portal, 2022\u20132023 (Ministry of Culture of the Republic of Slovenia)<\/li>\n<li>Upgrade of the teaching material \u010cas za sloven\u0161\u010dino 1 in a digital environment, 2022\u20132023 (Ministry of Culture of the Republic of Slovenia)<\/li>\n<li>Development of Slovene in a Digital Environment (RSDO), 2020\u20132023 (Ministrstvo za kulturo RS)<\/li>\n<\/ul>\n<h5><strong>International projects<\/strong><\/h5>\n<ul>\n<li>European Lexicographic Infrastructure (ELEXIS), 2018\u20132022 (European Comission)<\/li>\n<li>COST Action: UniDive<\/li>\n<\/ul>\n<h5><strong>Memberships<\/strong><\/h5>\n<ul>\n<li>European Association for Lexicography<\/li>\n<li>Slovenian Language Technologies Society<\/li>\n<\/ul>\n<h5><strong>Other<\/strong><\/h5>\n<ul>\n<li>Member of the editorial board of the journal Sloven\u0161\u010dina 2.0<\/li>\n<li>Mentoring doctoral and master&#8217;s research in the fields of phraseology, semantics, and language technologies<\/li>\n<\/ul>\n<\/div><\/section><\/p><\/div>\n<div class=\"flex_column av_one_third  flex_column_div av-zero-column-padding   avia-builder-el-23  el_after_av_two_third  el_before_av_two_third  column-top-margin\" style='border-radius:0px; '><\/div>\n<div class=\"flex_column av_two_third  flex_column_div av-zero-column-padding first  avia-builder-el-24  el_after_av_one_third  el_before_av_one_third  column-top-margin\" style='border-radius:0px; '><section class=\"av_textblock_section \"  itemscope=\"itemscope\" itemtype=\"https:\/\/schema.org\/CreativeWork\" ><div class='avia_textblock  '   itemprop=\"text\" ><h3 class=\"zn_text_box-title zn_text_box-title--style1 text-custom\">SELECTED PUBLICATIONS (2020\u20132026)<\/h3>\n<\/div><\/section><br \/>\n<div  style='height:20px' class='hr hr-invisible   avia-builder-el-26  el_after_av_textblock  el_before_av_textblock '><span class='hr-inner ' ><span class='hr-inner-style'><\/span><\/span><\/div><br \/>\n<section class=\"av_textblock_section \"  itemscope=\"itemscope\" itemtype=\"https:\/\/schema.org\/CreativeWork\" ><div class='avia_textblock  '   itemprop=\"text\" ><ul>\n<li>GANTAR, Polona. Digitalna slovenistika. V: JO\u017dEF-BEG, Jo\u017eica (ur.), DIVJAK RACE, Du\u0161a (ur.). Slavisti\u010dno dru\u0161tvo Slovenije : slovenistika in slavistika 90 let kasneje : [Slovenski slavisti\u010dni kongres, Ljubljana, 25.\u201327. september 2025]. Ljubljana: Zveza dru\u0161tev Slavisti\u010dno dru\u0161tvo Slovenije, <strong>2025<\/strong>. Str. 121-137. Zbornik Slavisti\u010dnega dru\u0161tva Slovenije, 35.<\/li>\n<li>ARHAR HOLDT, \u0160pela, GAPSA, Magdalena, GANTAR, Polona, KOSEM, Iztok. Potencial ChatGPT pri razvoju Slovarja sopomenk sodobne sloven\u0161\u010dine. Prispevki za novej\u0161o zgodovino. <strong>2025<\/strong>, letn. 65, \u0161t. 3, str. 189-217. <a href=\"https:\/\/ojs.inz.si\/pnz\/article\/view\/4497\">https:\/\/ojs.inz.si\/pnz\/article\/view\/4497<\/a><\/li>\n<li>GANTAR, Polona. Formulisanje re\u010dni\u010dkih definicija pomo\u0107u ve\u0161ta\u010dke inteligencije na primeru slovena\u010dkih frazeolo\u0161kih jedinica. V: MARJANOVI\u0106, Sa\u0161a (ur.). Leksikografski susreti 1: moderni re\u010dnici u funkciji prose\u010dnoga korisnika : stari problemi, savremeni pravci i novi izazovi: tematski zbornik radova s me\u0111unarodnoga nau\u010dnog skupa odr\u017eanog od 27. do 29. maja <strong>2024<\/strong> na Filolo\u0161kom fakultetu Univerziteta u Beogradu. Beograd: Faculty of Philology, University of Belgrade, 2024. Str. 151-157, <a href=\"https:\/\/drive.google.com\/file\/d\/1ewShDpBdWrTDejFO2raFI82qxey3MUlc\/view\">https:\/\/drive.google.com\/file\/d\/1ewShDpBdWrTDejFO2raFI82qxey3MUlc\/view<\/a><\/li>\n<li>KOSEM, Iztok, GANTAR, Polona, ARHAR HOLDT, \u0160pela, GAPSA, Magdalena, ZGAGA, Karolina, KREK, Simon. AI in lexicography at the University of Ljubljana: case studies. V: KREK, Simon (ur.). Large Language Models and Lexicography: book of abstracts of the workshop : 8 October <strong>2024<\/strong>, Cavtat, Croatia. [Hrva\u0161ka: s. n., 2024]. Str. 29-32. <a href=\"https:\/\/www.cjvt.si\/wp-content\/uploads\/2024\/10\/LLM-Lex_2024_Book-of-Abstracts.pdf\">https:\/\/www.cjvt.si\/wp-content\/uploads\/2024\/10\/LLM-Lex_2024_Book-of-Abstracts.pdf<\/a>.<\/li>\n<li>GANTAR, Polona, BON, Mija, GAPSA, Magdalena, ARHAR HOLDT, \u0160pela. \u0160olar-Eval: evalvacijska mno\u017eica za strojno popravljanje jezikovnih napak v slovenskih besedilih. Jezik in slovstvo. <strong>2023<\/strong>, letn. 68, \u0161t. 4, str. 89-108. <a href=\"https:\/\/journals.uni-lj.si\/jezikinslovstvo\/article\/view\/16577\">https:\/\/journals.uni-lj.si\/jezikinslovstvo\/article\/view\/16577<\/a><\/li>\n<li>GANTAR, Polona, ARHAR HOLDT, \u0160pela, KOSEM, Iztok, KREK, Simon. Sopomenke 2.0 in Kolokacije 2.0: novi koraki za slovenske odzivne slovarje. Jezik in slovstvo. <strong>2023<\/strong>, letn. 68, \u0161t. 4, str. 157-175. <a href=\"https:\/\/journals.uni-lj.si\/jezikinslovstvo\/article\/view\/16490\">https:\/\/journals.uni-lj.si\/jezikinslovstvo\/article\/view\/16490<\/a><\/li>\n<li>ARHAR HOLDT, \u0160pela, KOSEM, Iztok, PORI, Eva, GORJANC, Vojko, KREK, Simon, GANTAR, Polona. Negativno zaznamovano besedi\u0161\u010de v Slovarju sopomenk sodobne sloven\u0161\u010dine 2.0. Sloven\u0161\u010dina 2.0: empiri\u010dne, aplikativne in interdisciplinarne raziskave. <strong>2023<\/strong>, letn. 11, \u0161t. 1, str. 8-32. <a href=\"https:\/\/journals.uni-lj.si\/slovenscina2\/article\/view\/12062\">https:\/\/journals.uni-lj.si\/slovenscina2\/article\/view\/12062<\/a><\/li>\n<li>\u0160KVORC, Tadej, GANTAR, Polona, ROBNIK \u0160IKONJA, Marko. MICE : mining idioms with contextual embeddings. Knowledge-based systems. Jan. <strong>2022<\/strong>, vol. 235, str. 1-11. https:\/\/www.sciencedirect.com\/science\/article\/abs\/pii\/S0950705121008686?via%3Dihub,<\/li>\n<li>GANTAR, Polona, KREK, Simon, KOSEM, Iztok. Opredelitev kolokacij v digitalnih slovarskih virih za sloven\u0161\u010dino. V: KOSEM, Iztok (ur.). Kolokacije v sloven\u0161\u010dini. 1. izd. Ljubljana: Znanstvena zalo\u017eba Filozofske fakultete, <strong>2021<\/strong>. Str. 15-41, ilustr. Zbirka Sporazumevanje. <a href=\"https:\/\/e-knjige.ff.uni-lj.si\/znanstvena-zalozba\/catalog\/view\/318\/465\/6969-1\">https:\/\/e-knjige.ff.uni-lj.si\/znanstvena-zalozba\/catalog\/view\/318\/465\/6969-1<\/a>.<\/li>\n<\/ul>\n<\/div><\/section><\/p><\/div>\n<div class=\"flex_column av_one_third  flex_column_div av-zero-column-padding   avia-builder-el-28  el_after_av_two_third  avia-builder-el-last  column-top-margin\" style='border-radius:0px; '><\/div>\n","protected":false},"excerpt":{"rendered":"","protected":false},"author":1,"featured_media":0,"parent":2129,"menu_order":0,"comment_status":"closed","ping_status":"closed","template":"","meta":{"_acf_changed":false,"_relevanssi_hide_post":"","_relevanssi_hide_content":"","_relevanssi_pin_for_all":"","_relevanssi_pin_keywords":"","_relevanssi_unpin_keywords":"","_relevanssi_related_keywords":"","_relevanssi_related_include_ids":"","_relevanssi_related_exclude_ids":"","_relevanssi_related_no_append":"","_relevanssi_related_not_related":"","_relevanssi_related_posts":"","_relevanssi_noindex_reason":"","inline_featured_image":false,"episode_type":"","audio_file":"","podmotor_file_id":"","podmotor_episode_id":"","cover_image":"","cover_image_id":"","duration":"","filesize":"","filesize_raw":"","date_recorded":"","explicit":"","block":"","itunes_episode_number":"","itunes_title":"","itunes_season_number":"","itunes_episode_type":"","footnotes":""},"class_list":["post-2153","page","type-page","status-publish","hentry"],"acf":[],"yoast_head":"<!-- This site is optimized with the Yoast SEO plugin v27.3 - https:\/\/yoast.com\/product\/yoast-seo-wordpress\/ -->\n<title>Polona Gantar - CJVT<\/title>\n<meta name=\"robots\" content=\"index, follow, max-snippet:-1, max-image-preview:large, max-video-preview:-1\" \/>\n<link rel=\"canonical\" href=\"https:\/\/www.cjvt.si\/en\/about\/researchers\/polona-gantar\/\" \/>\n<meta property=\"og:locale\" content=\"en_US\" \/>\n<meta property=\"og:type\" content=\"article\" \/>\n<meta property=\"og:title\" content=\"Polona Gantar - CJVT\" \/>\n<meta property=\"og:url\" content=\"https:\/\/www.cjvt.si\/en\/about\/researchers\/polona-gantar\/\" \/>\n<meta property=\"og:site_name\" content=\"CJVT\" \/>\n<meta property=\"article:publisher\" content=\"https:\/\/www.facebook.com\/centerzajezikovnevireintehnologije\" \/>\n<meta property=\"article:modified_time\" content=\"2026-03-12T08:19:35+00:00\" \/>\n<meta name=\"twitter:card\" content=\"summary_large_image\" \/>\n<meta name=\"twitter:label1\" content=\"Est. reading time\" \/>\n\t<meta name=\"twitter:data1\" content=\"14 minutes\" \/>\n<script type=\"application\/ld+json\" class=\"yoast-schema-graph\">{\"@context\":\"https:\\\/\\\/schema.org\",\"@graph\":[{\"@type\":\"WebPage\",\"@id\":\"https:\\\/\\\/www.cjvt.si\\\/en\\\/about\\\/researchers\\\/polona-gantar\\\/\",\"url\":\"https:\\\/\\\/www.cjvt.si\\\/en\\\/about\\\/researchers\\\/polona-gantar\\\/\",\"name\":\"Polona Gantar - CJVT\",\"isPartOf\":{\"@id\":\"https:\\\/\\\/www.cjvt.si\\\/en\\\/#website\"},\"datePublished\":\"2020-04-28T15:29:16+00:00\",\"dateModified\":\"2026-03-12T08:19:35+00:00\",\"breadcrumb\":{\"@id\":\"https:\\\/\\\/www.cjvt.si\\\/en\\\/about\\\/researchers\\\/polona-gantar\\\/#breadcrumb\"},\"inLanguage\":\"en-US\",\"potentialAction\":[{\"@type\":\"ReadAction\",\"target\":[\"https:\\\/\\\/www.cjvt.si\\\/en\\\/about\\\/researchers\\\/polona-gantar\\\/\"]}]},{\"@type\":\"BreadcrumbList\",\"@id\":\"https:\\\/\\\/www.cjvt.si\\\/en\\\/about\\\/researchers\\\/polona-gantar\\\/#breadcrumb\",\"itemListElement\":[{\"@type\":\"ListItem\",\"position\":1,\"name\":\"Home\",\"item\":\"https:\\\/\\\/www.cjvt.si\\\/en\\\/\"},{\"@type\":\"ListItem\",\"position\":2,\"name\":\"About\",\"item\":\"https:\\\/\\\/www.cjvt.si\\\/en\\\/about\\\/\"},{\"@type\":\"ListItem\",\"position\":3,\"name\":\"Researchers\",\"item\":\"https:\\\/\\\/www.cjvt.si\\\/en\\\/about\\\/researchers\\\/\"},{\"@type\":\"ListItem\",\"position\":4,\"name\":\"Polona Gantar\"}]},{\"@type\":\"WebSite\",\"@id\":\"https:\\\/\\\/www.cjvt.si\\\/en\\\/#website\",\"url\":\"https:\\\/\\\/www.cjvt.si\\\/en\\\/\",\"name\":\"CJVT\",\"description\":\"Center za jezikovne vire in tehnologije\",\"publisher\":{\"@id\":\"https:\\\/\\\/www.cjvt.si\\\/en\\\/#organization\"},\"potentialAction\":[{\"@type\":\"SearchAction\",\"target\":{\"@type\":\"EntryPoint\",\"urlTemplate\":\"https:\\\/\\\/www.cjvt.si\\\/en\\\/?s={search_term_string}\"},\"query-input\":{\"@type\":\"PropertyValueSpecification\",\"valueRequired\":true,\"valueName\":\"search_term_string\"}}],\"inLanguage\":\"en-US\"},{\"@type\":\"Organization\",\"@id\":\"https:\\\/\\\/www.cjvt.si\\\/en\\\/#organization\",\"name\":\"CJVT\",\"url\":\"https:\\\/\\\/www.cjvt.si\\\/en\\\/\",\"logo\":{\"@type\":\"ImageObject\",\"inLanguage\":\"en-US\",\"@id\":\"https:\\\/\\\/www.cjvt.si\\\/en\\\/#\\\/schema\\\/logo\\\/image\\\/\",\"url\":\"https:\\\/\\\/www.cjvt.si\\\/wp-content\\\/uploads\\\/2020\\\/06\\\/CJVT-logo-red.jpg\",\"contentUrl\":\"https:\\\/\\\/www.cjvt.si\\\/wp-content\\\/uploads\\\/2020\\\/06\\\/CJVT-logo-red.jpg\",\"width\":1300,\"height\":683,\"caption\":\"CJVT\"},\"image\":{\"@id\":\"https:\\\/\\\/www.cjvt.si\\\/en\\\/#\\\/schema\\\/logo\\\/image\\\/\"},\"sameAs\":[\"https:\\\/\\\/www.facebook.com\\\/centerzajezikovnevireintehnologije\"]}]}<\/script>\n<!-- \/ Yoast SEO plugin. -->","yoast_head_json":{"title":"Polona Gantar - CJVT","robots":{"index":"index","follow":"follow","max-snippet":"max-snippet:-1","max-image-preview":"max-image-preview:large","max-video-preview":"max-video-preview:-1"},"canonical":"https:\/\/www.cjvt.si\/en\/about\/researchers\/polona-gantar\/","og_locale":"en_US","og_type":"article","og_title":"Polona Gantar - CJVT","og_url":"https:\/\/www.cjvt.si\/en\/about\/researchers\/polona-gantar\/","og_site_name":"CJVT","article_publisher":"https:\/\/www.facebook.com\/centerzajezikovnevireintehnologije","article_modified_time":"2026-03-12T08:19:35+00:00","twitter_card":"summary_large_image","twitter_misc":{"Est. reading time":"14 minutes"},"schema":{"@context":"https:\/\/schema.org","@graph":[{"@type":"WebPage","@id":"https:\/\/www.cjvt.si\/en\/about\/researchers\/polona-gantar\/","url":"https:\/\/www.cjvt.si\/en\/about\/researchers\/polona-gantar\/","name":"Polona Gantar - CJVT","isPartOf":{"@id":"https:\/\/www.cjvt.si\/en\/#website"},"datePublished":"2020-04-28T15:29:16+00:00","dateModified":"2026-03-12T08:19:35+00:00","breadcrumb":{"@id":"https:\/\/www.cjvt.si\/en\/about\/researchers\/polona-gantar\/#breadcrumb"},"inLanguage":"en-US","potentialAction":[{"@type":"ReadAction","target":["https:\/\/www.cjvt.si\/en\/about\/researchers\/polona-gantar\/"]}]},{"@type":"BreadcrumbList","@id":"https:\/\/www.cjvt.si\/en\/about\/researchers\/polona-gantar\/#breadcrumb","itemListElement":[{"@type":"ListItem","position":1,"name":"Home","item":"https:\/\/www.cjvt.si\/en\/"},{"@type":"ListItem","position":2,"name":"About","item":"https:\/\/www.cjvt.si\/en\/about\/"},{"@type":"ListItem","position":3,"name":"Researchers","item":"https:\/\/www.cjvt.si\/en\/about\/researchers\/"},{"@type":"ListItem","position":4,"name":"Polona Gantar"}]},{"@type":"WebSite","@id":"https:\/\/www.cjvt.si\/en\/#website","url":"https:\/\/www.cjvt.si\/en\/","name":"CJVT","description":"Center za jezikovne vire in tehnologije","publisher":{"@id":"https:\/\/www.cjvt.si\/en\/#organization"},"potentialAction":[{"@type":"SearchAction","target":{"@type":"EntryPoint","urlTemplate":"https:\/\/www.cjvt.si\/en\/?s={search_term_string}"},"query-input":{"@type":"PropertyValueSpecification","valueRequired":true,"valueName":"search_term_string"}}],"inLanguage":"en-US"},{"@type":"Organization","@id":"https:\/\/www.cjvt.si\/en\/#organization","name":"CJVT","url":"https:\/\/www.cjvt.si\/en\/","logo":{"@type":"ImageObject","inLanguage":"en-US","@id":"https:\/\/www.cjvt.si\/en\/#\/schema\/logo\/image\/","url":"https:\/\/www.cjvt.si\/wp-content\/uploads\/2020\/06\/CJVT-logo-red.jpg","contentUrl":"https:\/\/www.cjvt.si\/wp-content\/uploads\/2020\/06\/CJVT-logo-red.jpg","width":1300,"height":683,"caption":"CJVT"},"image":{"@id":"https:\/\/www.cjvt.si\/en\/#\/schema\/logo\/image\/"},"sameAs":["https:\/\/www.facebook.com\/centerzajezikovnevireintehnologije"]}]}},"_links":{"self":[{"href":"https:\/\/www.cjvt.si\/en\/wp-json\/wp\/v2\/pages\/2153","targetHints":{"allow":["GET"]}}],"collection":[{"href":"https:\/\/www.cjvt.si\/en\/wp-json\/wp\/v2\/pages"}],"about":[{"href":"https:\/\/www.cjvt.si\/en\/wp-json\/wp\/v2\/types\/page"}],"author":[{"embeddable":true,"href":"https:\/\/www.cjvt.si\/en\/wp-json\/wp\/v2\/users\/1"}],"replies":[{"embeddable":true,"href":"https:\/\/www.cjvt.si\/en\/wp-json\/wp\/v2\/comments?post=2153"}],"version-history":[{"count":14,"href":"https:\/\/www.cjvt.si\/en\/wp-json\/wp\/v2\/pages\/2153\/revisions"}],"predecessor-version":[{"id":8181,"href":"https:\/\/www.cjvt.si\/en\/wp-json\/wp\/v2\/pages\/2153\/revisions\/8181"}],"up":[{"embeddable":true,"href":"https:\/\/www.cjvt.si\/en\/wp-json\/wp\/v2\/pages\/2129"}],"wp:attachment":[{"href":"https:\/\/www.cjvt.si\/en\/wp-json\/wp\/v2\/media?parent=2153"}],"curies":[{"name":"wp","href":"https:\/\/api.w.org\/{rel}","templated":true}]}}