{"id":2159,"date":"2020-04-28T17:43:24","date_gmt":"2020-04-28T15:43:24","guid":{"rendered":"https:\/\/www.cjvt.starkmat.si\/about\/researchers\/spela-arhar-holdt\/"},"modified":"2022-11-19T13:22:07","modified_gmt":"2022-11-19T12:22:07","slug":"spela-arhar-holdt","status":"publish","type":"page","link":"https:\/\/www.cjvt.si\/en\/about\/researchers\/spela-arhar-holdt\/","title":{"rendered":"\u0160pela Arhar Holdt"},"content":{"rendered":"<div class='flex_column_table av-equal-height-column-flextable -flextable' style='margin-top:0px; margin-bottom:36px; '><div class=\"flex_column av_one_third  flex_column_table_cell av-equal-height-column av-align-middle av-zero-column-padding first  avia-builder-el-0  el_before_av_one_third  avia-builder-el-first  \" style='border-radius:0px; '><section class=\"av_textblock_section \"  itemscope=\"itemscope\" itemtype=\"https:\/\/schema.org\/CreativeWork\" ><div class='avia_textblock  '   itemprop=\"text\" ><h1 style=\"font-size: 32px;\">\u0160pela Arhar Holdt<\/h1>\n<\/div><\/section><\/div>\n<div class='av-flex-placeholder'><\/div><div class=\"flex_column av_one_third  flex_column_table_cell av-equal-height-column av-align-middle av-zero-column-padding   avia-builder-el-2  el_after_av_one_third  el_before_av_one_third  \" style='border-radius:0px; '><p><div  class='avia-button-wrap avia-button-left  avia-builder-el-3  el_before_av_button  avia-builder-el-first  gumb-sodelavci-levo' title=\"MARKO ROBNIK \u0160IKONJA\"><a href='https:\/\/www.cjvt.si\/en\/about\/researchers\/marko-robnik-sikonja\/'  class='avia-button  av-button-notext   avia-icon_select-yes-left-icon avia-color-theme-color avia-size-small avia-position-left '   ><span class='avia_button_icon avia_button_icon_left ' aria-hidden='true' data-av_icon='\ue87c' data-av_iconfont='entypo-fontello'><\/span><span class='avia_iconbox_title' ><\/span><\/a><\/div><br \/>\n<div  class='avia-button-wrap avia-button-left  avia-builder-el-4  el_after_av_button  avia-builder-el-last  gumb-sodelavci-desno' title=\"JAKA \u010cIBEJ\"><a href='https:\/\/www.cjvt.si\/en\/about\/researchers\/jaka-cibej\/'  class='avia-button  av-button-notext   avia-icon_select-yes-right-icon avia-color-theme-color avia-size-small avia-position-left '   ><span class='avia_iconbox_title' ><\/span><span class='avia_button_icon avia_button_icon_right' aria-hidden='true' data-av_icon='\ue87d' data-av_iconfont='entypo-fontello'><\/span><\/a><\/div><\/p><\/div>\n<div class='av-flex-placeholder'><\/div><div class=\"flex_column av_one_third  flex_column_table_cell av-equal-height-column av-align-middle av-zero-column-padding   avia-builder-el-5  el_after_av_one_third  el_before_av_one_third  \" style='border-radius:0px; '><\/div><\/div><!--close column table wrapper. Autoclose: 1 -->\n<div class='flex_column_table av-equal-height-column-flextable -flextable' ><div class=\"flex_column av_one_third  flex_column_table_cell av-equal-height-column av-align-top av-zero-column-padding first  avia-builder-el-6  el_after_av_one_third  el_before_av_one_third  column-top-margin\" style='border-radius:0px; '><div  class='avia-image-container  av-styling-no-styling    avia-builder-el-7  avia-builder-el-no-sibling  avia-align-center '  itemprop=\"image\" itemscope=\"itemscope\" itemtype=\"https:\/\/schema.org\/ImageObject\"  ><div class='avia-image-container-inner'><div class='avia-image-overlay-wrap'><img class='avia_image' src='https:\/\/www.cjvt.si\/wp-content\/uploads\/2020\/04\/1Q9A8769-\u0160pela-Arhar-Holdt-Copy-9-1030x1030.jpg' alt='' title='1Q9A8769 \u0160pela Arhar Holdt - Copy (9)' height=\"1030\" width=\"1030\"  itemprop=\"thumbnailUrl\"  \/><\/div><\/div><\/div><\/div>\n<div class='av-flex-placeholder'><\/div><div class=\"flex_column av_one_third  flex_column_table_cell av-equal-height-column av-align-top   avia-builder-el-8  el_after_av_one_third  el_before_av_one_third  column-top-margin\" style='padding:30px 0px 0px 0px ; border-radius:0px 0px 0px 0px ; '><section class=\"av_textblock_section \"  itemscope=\"itemscope\" itemtype=\"https:\/\/schema.org\/CreativeWork\" ><div class='avia_textblock  '   itemprop=\"text\" ><h3 class=\"zn_text_box-title zn_text_box-title--style1 text-custom\">RESEARCH INTERESTS<\/h3>\n<\/div><\/section><br \/>\n<div  style='height:20px' class='hr hr-invisible   avia-builder-el-10  el_after_av_textblock  el_before_av_textblock '><span class='hr-inner ' ><span class='hr-inner-style'><\/span><\/span><\/div><br \/>\n<section class=\"av_textblock_section \"  itemscope=\"itemscope\" itemtype=\"https:\/\/schema.org\/CreativeWork\" ><div class='avia_textblock  '   itemprop=\"text\" ><ul>\n<li>digital Slovene studies<\/li>\n<li>corpus linguistics<\/li>\n<li>language infrastructure for Slovene<\/li>\n<li>user involvement<\/li>\n<li>language didactics<\/li>\n<\/ul>\n<\/div><\/section><\/p><\/div>\n<div class='av-flex-placeholder'><\/div><div class=\"flex_column av_one_third  flex_column_table_cell av-equal-height-column av-align-top   avia-builder-el-12  el_after_av_one_third  el_before_av_two_third  sticky-stolpec column-top-margin\" style='background: #f0f0f0; padding:30px; background-color:#f0f0f0; border-radius:0px; '><section class=\"av_textblock_section \"  itemscope=\"itemscope\" itemtype=\"https:\/\/schema.org\/CreativeWork\" ><div class='avia_textblock  '   itemprop=\"text\" ><h3 class=\"zn_text_box-title zn_text_box-title--style1 text-custom\">LINKS AND CONTACT<\/h3>\n<\/div><\/section><br \/>\n<div  style='height:20px' class='hr hr-invisible   avia-builder-el-14  el_after_av_textblock  el_before_av_textblock '><span class='hr-inner ' ><span class='hr-inner-style'><\/span><\/span><\/div><br \/>\n<section class=\"av_textblock_section \"  itemscope=\"itemscope\" itemtype=\"https:\/\/schema.org\/CreativeWork\" ><div class='avia_textblock  '   itemprop=\"text\" ><ul>\n<li>E-mail: <a href=\"&#x6d;&#97;i&#x6c;&#116;o&#x3a;&#115;p&#x65;&#x6c;&#97;&#x2e;&#x61;&#114;h&#x61;&#114;&#64;&#x63;&#106;v&#x74;&#x2e;&#115;&#x69;\">&#x73;&#x70;&#x65;&#x6c;&#x61;&#x2e;&#x61;&#x72;&#x68;&#x61;&#x72;&#x40;&#x63;&#x6a;&#x76;&#x74;&#x2e;&#x73;&#x69;<\/a><\/li>\n<li>SICRIS:\u00a0<a href=\"http:\/\/www.sicris.si\/public\/jqm\/search_basic.aspx?lang=slv&amp;opdescr=search&amp;opt=2&amp;subopt=1&amp;code1=cmn&amp;code2=auto&amp;search_term=arhar%20holdt\" target=\"_blank\" rel=\"noopener noreferrer\">27674<\/a><\/li>\n<li><a href=\"https:\/\/www.researchgate.net\/profile\/Spela_Arhar_Holdt3\" target=\"_blank\" rel=\"noopener noreferrer\">ResearchGate<\/a><\/li>\n<li><a href=\"https:\/\/scholar.google.si\/citations?hl=sl&amp;user=lgQkjDgAAAAJ&amp;view_op=list_works&amp;gmla=AJsN-F75vDK-irGPNsB9-sjudvQal2IxKUMdu50LH57TqZiP1PmbjEYz6RGsJldLGEhAnYxTb_tjBqCl0b7-dH_XVgNaF9m3MhXYtJCejUpOzit2C9qS8q2u2aZW6qrfs7rvjDym9wdb\" target=\"_blank\" rel=\"noopener noreferrer\">Google Scholar<\/a><\/li>\n<li><a href=\"https:\/\/www.clarin.si\/repository\/xmlui\/discover?query=Arhar+Holdt&amp;filtertype=author&amp;filter_relational_operator=equals&amp;filter=Arhar+Holdt%2C+%C5%A0pela\">CLARIN.SI<\/a><\/li>\n<\/ul>\n<\/div><\/section><\/p><\/div><\/div><!--close column table wrapper. Autoclose: 1 -->\n<div class=\"flex_column av_two_third  flex_column_div av-zero-column-padding first  avia-builder-el-16  el_after_av_one_third  el_before_av_one_third  column-top-margin\" style='border-radius:0px; '><section class=\"av_textblock_section \"  itemscope=\"itemscope\" itemtype=\"https:\/\/schema.org\/CreativeWork\" ><div class='avia_textblock  '   itemprop=\"text\" ><h3 class=\"zn_text_box-title zn_text_box-title--style1 text-custom\">PROJECTS<\/h3>\n<\/div><\/section><br \/>\n<div  style='height:20px' class='hr hr-invisible   avia-builder-el-18  el_after_av_textblock  el_before_av_textblock '><span class='hr-inner ' ><span class='hr-inner-style'><\/span><\/span><\/div><br \/>\n<section class=\"av_textblock_section \"  itemscope=\"itemscope\" itemtype=\"https:\/\/schema.org\/CreativeWork\" ><div class='avia_textblock  '   itemprop=\"text\" ><h5><strong>National projects<\/strong><\/h5>\n<ul>\n<li><a href=\"https:\/\/slovenscina.eu\/en\">Development of Slovene in a Digital Environment<\/a> (2020\u20122023)<\/li>\n<li><a href=\"https:\/\/www.cjvt.si\/sokol\/en\/\">Upgrading fundamental dictionary resources and databases of CJVT UL<\/a>, leader, (2021\u20122022)<\/li>\n<li><a href=\"https:\/\/www.cjvt.si\/promocija-sopomenk\/\" target=\"_blank\" rel=\"noopener noreferrer\">Thesaurus of Modern Slovene: from the community for the community<\/a>, leader (2018\u20132019)<\/li>\n<li><a href=\"http:\/\/www.cjvt.si\/gigafida\/\" target=\"_blank\" rel=\"noopener noreferrer\">Upgrade of the Gigafida, Kres, ccGigafida and ccKres Corpora<\/a> (2015\u20122018)<\/li>\n<li><a href=\"http:\/\/solar.trojina.si\/\" target=\"_blank\" rel=\"noopener noreferrer\">Upgrade of the \u0160olar Corpus<\/a>\u00a0(2015\u20122018)<\/li>\n<li><a href=\"http:\/\/www.jezikovna-politika.si\/\" target=\"_blank\" rel=\"noopener noreferrer\">Jezikovna Slovenija, website for information about the language policy of the Republic of Slovenia <\/a>(2015\u20122017)<\/li>\n<li><a href=\"http:\/\/viri.trojina.si\/\" target=\"_blank\" rel=\"noopener noreferrer\">The Portal for the Presentation of Slovene Language Resources and Tools<\/a>, leader (2014, 2015)<\/li>\n<li><a href=\"http:\/\/www.slovenscina.eu\/\" target=\"_blank\" rel=\"noopener noreferrer\">Communication in Slovene<\/a>\u00a0(2008\u20122013)<\/li>\n<\/ul>\n<h5><strong>National Research Agency projects<\/strong><\/h5>\n<ul>\n<li><a href=\"https:\/\/www.cjvt.si\/prop\/en\/\">Empirical foundations for digitally-supported development of writing skills<\/a>, leader (2021\u20122024)<\/li>\n<li><a href=\"http:\/\/slovnica.ijs.si\/\" target=\"_blank\" rel=\"noopener noreferrer\">New grammar of contemporary standard Slovene: sources and methods <\/a>\u00a0(2017\u20122020)<\/li>\n<li><a href=\"https:\/\/www.cjvt.si\/kolos\/\" target=\"_blank\" rel=\"noopener noreferrer\">Collocations as a Basis for Language Description: Semantic and Temporal Perspectives<\/a>\u00a0(2017\u20122020)<\/li>\n<li><a href=\"http:\/\/nl.ijs.si\/kas\/\" target=\"_blank\" rel=\"noopener noreferrer\" data-saferedirecturl=\"https:\/\/www.google.com\/url?hl=sl&amp;q=http:\/\/nl.ijs.si\/kas\/&amp;source=gmail&amp;ust=1504350309459000&amp;usg=AFQjCNEmS_PbzjVZLLI_OfPvE20RSGlXTg\">Slovene scientific texts: resources and description<\/a>\u00a0(2016\u20122018)<\/li>\n<li><a href=\"http:\/\/nl.ijs.si\/janes\/\" target=\"_blank\" rel=\"noopener noreferrer\" data-saferedirecturl=\"https:\/\/www.google.com\/url?hl=sl&amp;q=http:\/\/nl.ijs.si\/janes\/&amp;source=gmail&amp;ust=1504350309459000&amp;usg=AFQjCNFgDOQldjPRZOhpHuuvNPaJCj64-g\">Resources, Tools and Methods for the Research of Nonstandard Internet Slovene<\/a>\u00a0(2014\u20122017)<\/li>\n<li><a href=\"http:\/\/www.termis.fdv.uni-lj.si\/\">Terminology data banks as the bodies of knowledge: The model for the systematization of terminologies<\/a>\u00a0(2011\u20122013)<\/li>\n<\/ul>\n<h5><strong>International projects and research networks<\/strong><\/h5>\n<ul>\n<li><a href=\"https:\/\/elex.is\/\">ELEXIS \u2013 European Lexicographic Infrastructure<\/a> (2018\u20122022)<\/li>\n<li><a href=\"http:\/\/www.cost.eu\/COST_Actions\/ca\/CA16105\">eNetCollect \u2013 European Network for Combining Language Learning with Crowdsourcing Techniques<\/a> (2017\u20122021)<\/li>\n<li><a href=\"https:\/\/www.cost.eu\/actions\/IS1401\/#tabs|Name:overview\">ELN \u2013 Strengthening Europeans&#8217; capabilities by establishing the European literacy network<\/a>\u00a0(2014\u20122019)<\/li>\n<li><a href=\"http:\/\/www.elexicography.eu\/\">ENeL \u2013 European Network of e-Lexicography<\/a> (2013\u20122017)<\/li>\n<\/ul>\n<\/div><\/section><\/p><\/div><div class=\"flex_column av_one_third  flex_column_div av-zero-column-padding   avia-builder-el-20  el_after_av_two_third  el_before_av_two_third  column-top-margin\" style='border-radius:0px; '><\/div><\/p>\n<div class=\"flex_column av_two_third  flex_column_div av-zero-column-padding first  avia-builder-el-21  el_after_av_one_third  el_before_av_one_third  column-top-margin\" style='border-radius:0px; '><section class=\"av_textblock_section \"  itemscope=\"itemscope\" itemtype=\"https:\/\/schema.org\/CreativeWork\" ><div class='avia_textblock  '   itemprop=\"text\" ><h3 class=\"zn_text_box-title zn_text_box-title--style1 text-custom\">SELECTED PUBLICATIONS<\/h3>\n<\/div><\/section><br \/>\n<div  style='height:20px' class='hr hr-invisible   avia-builder-el-23  el_after_av_textblock  el_before_av_textblock '><span class='hr-inner ' ><span class='hr-inner-style'><\/span><\/span><\/div><br \/>\n<section class=\"av_textblock_section \"  itemscope=\"itemscope\" itemtype=\"https:\/\/schema.org\/CreativeWork\" ><div class='avia_textblock  '   itemprop=\"text\" ><ul>\n<li>\n<p align=\"justify\">ARHAR HOLDT, \u0160pela, DOBROVOLJC, Kaja, LOGAR, Nata\u0161a. <strong>Simplicity matters: user evaluation of the Slovene reference corpus.<\/strong>\u00a0<em>Language resources and evaluation<\/em>, 2019, vol. 53, no. 1, 173-190. <a href=\"https:\/\/link.springer.com\/article\/10.1007\/s10579-018-9429-8\">https:\/\/link.springer.com\/article\/10.1007\/s10579-018-9429-8<\/a><\/p>\n<\/li>\n<\/ul>\n<\/div><\/section><br \/>\n<section class=\"av_textblock_section \"  itemscope=\"itemscope\" itemtype=\"https:\/\/schema.org\/CreativeWork\" ><div class='avia_textblock  '   itemprop=\"text\" ><ul>\n<li>\n<p align=\"justify\">ARHAR HOLDT, \u0160pela, \u010cIBEJ, Jaka, DOBROVOLJC, Kaja, GANTAR, Polona, GORJANC, Vojko, KLEMENC, Bojan, KOSEM, Iztok, KREK, Simon, LASKOWSKI, Cyprian Adam, ROBNIK \u0160IKONJA, Marko. <strong>Thesaurus of modern Slovene: by the community for the community.<\/strong> \u010cIBEJ, Jaka et al. (eds). <em>Proceedings of the 18th EURALEX International Congress: lexicography in global contexts<\/em>, Ljubljana: Ljubljana University Press, Faculty of Arts. 2018, 401-410. <a href=\"https:\/\/euralex.org\/publications\/thesaurus-of-modern-slovene-by-the-community-for-the-community\/\">https:\/\/euralex.org\/publications\/thesaurus-of-modern-slovene-by-the-community-for-the-community\/<\/a><\/p>\n<\/li>\n<\/ul>\n<\/div><\/section><br \/>\n<section class=\"av_textblock_section \"  itemscope=\"itemscope\" itemtype=\"https:\/\/schema.org\/CreativeWork\" ><div class='avia_textblock  '   itemprop=\"text\" ><ul>\n<li>\n<p align=\"justify\">ARHAR HOLDT, \u0160pela, KOSEM, Iztok, GANTAR, Polona. <strong>Corpus-based resources for L1 teaching: the case of Slovene.<\/strong> MARCUS-QUINN, Ann, HOURIGAN, Tr\u00edona (eds). <em>Handbook on digital learning for K-12 schools<\/em>. Springer. cop. 2017, 91-113. <a href=\"https:\/\/link.springer.com\/chapter\/10.1007\/978-3-319-33808-8_7\">https:\/\/link.springer.com\/chapter\/10.1007\/978-3-319-33808-8_7<\/a><\/p>\n<\/li>\n<\/ul>\n<\/div><\/section><br \/>\n<section class=\"av_textblock_section \"  itemscope=\"itemscope\" itemtype=\"https:\/\/schema.org\/CreativeWork\" ><div class='avia_textblock  '   itemprop=\"text\" ><ul>\n<li>\n<p align=\"justify\">ARHAR HOLDT, \u0160pela, \u010cIBEJ, Jaka, ZWITTER VITEZ, Ana. <strong>Value of language-related questions and comments in digital media for lexicographical user research.<\/strong>\u00a0<em>International journal of lexicography<\/em>, 2017, vol. 30, issue 3, 285-308. <a href=\"https:\/\/academic.oup.com\/ijl\/article-abstract\/30\/3\/285\/2555486\">https:\/\/academic.oup.com\/ijl\/article-abstract\/30\/3\/285\/2555486<\/a><\/p>\n<\/li>\n<\/ul>\n<\/div><\/section><br \/>\n<section class=\"av_textblock_section \"  itemscope=\"itemscope\" itemtype=\"https:\/\/schema.org\/CreativeWork\" ><div class='avia_textblock  '   itemprop=\"text\" ><ul>\n<li>\n<p align=\"justify\">LOGAR, Nata\u0161a, GR\u010cAR, Miha, BRAKUS, Marko, ERJAVEC, Toma\u017e, ARHAR HOLDT, \u0160pela, KREK, Simon<em>. <strong>Korpusi slovenskega jezika Gigafida, KRES, ccGigafida in ccKRES: gradnja, vsebina, uporaba<\/strong><\/em><strong>.<\/strong> Ljubljana: Trojina, zavod za uporabno slovenistiko: Fakulteta za dru\u017ebene vede, 2012. <a href=\"https:\/\/knjigarna.fdv.si\/i_578_korpusi-slovenskega-jezika-gigafida-kres-ccgigafida-in-cckres-gradnja-vsebina-uporaba\">https:\/\/knjigarna.fdv.si\/i_578_korpusi-slovenskega-jezika-gigafida-kres-ccgigafida-in-cckres-gradnja-vsebina-uporaba<\/a><\/p>\n<\/li>\n<\/ul>\n<\/div><\/section><\/p><\/div>\n<div class=\"flex_column av_one_third  flex_column_div av-zero-column-padding   avia-builder-el-29  el_after_av_two_third  avia-builder-el-last  column-top-margin\" style='border-radius:0px; '><\/div>\n","protected":false},"excerpt":{"rendered":"","protected":false},"author":1,"featured_media":0,"parent":2129,"menu_order":0,"comment_status":"closed","ping_status":"closed","template":"","meta":{"_acf_changed":false,"_relevanssi_hide_post":"","_relevanssi_hide_content":"","_relevanssi_pin_for_all":"","_relevanssi_pin_keywords":"","_relevanssi_unpin_keywords":"","_relevanssi_related_keywords":"","_relevanssi_related_include_ids":"","_relevanssi_related_exclude_ids":"","_relevanssi_related_no_append":"","_relevanssi_related_not_related":"","_relevanssi_related_posts":"","_relevanssi_noindex_reason":"","inline_featured_image":false,"episode_type":"","audio_file":"","podmotor_file_id":"","podmotor_episode_id":"","cover_image":"","cover_image_id":"","duration":"","filesize":"","filesize_raw":"","date_recorded":"","explicit":"","block":"","itunes_episode_number":"","itunes_title":"","itunes_season_number":"","itunes_episode_type":"","footnotes":""},"class_list":["post-2159","page","type-page","status-publish","hentry"],"acf":[],"yoast_head":"<!-- This site is optimized with the Yoast SEO plugin v27.6 - https:\/\/yoast.com\/product\/yoast-seo-wordpress\/ -->\n<title>\u0160pela Arhar Holdt - CJVT<\/title>\n<meta name=\"robots\" content=\"index, follow, max-snippet:-1, max-image-preview:large, max-video-preview:-1\" \/>\n<link rel=\"canonical\" href=\"https:\/\/www.cjvt.si\/en\/about\/researchers\/spela-arhar-holdt\/\" \/>\n<meta property=\"og:locale\" content=\"en_US\" \/>\n<meta property=\"og:type\" content=\"article\" \/>\n<meta property=\"og:title\" content=\"\u0160pela Arhar Holdt - CJVT\" \/>\n<meta property=\"og:url\" content=\"https:\/\/www.cjvt.si\/en\/about\/researchers\/spela-arhar-holdt\/\" \/>\n<meta property=\"og:site_name\" content=\"CJVT\" \/>\n<meta property=\"article:publisher\" content=\"https:\/\/www.facebook.com\/centerzajezikovnevireintehnologije\" \/>\n<meta property=\"article:modified_time\" content=\"2022-11-19T12:22:07+00:00\" \/>\n<meta name=\"twitter:card\" content=\"summary_large_image\" \/>\n<meta name=\"twitter:label1\" content=\"Est. reading time\" \/>\n\t<meta name=\"twitter:data1\" content=\"6 minutes\" \/>\n<script type=\"application\/ld+json\" class=\"yoast-schema-graph\">{\"@context\":\"https:\\\/\\\/schema.org\",\"@graph\":[{\"@type\":\"WebPage\",\"@id\":\"https:\\\/\\\/www.cjvt.si\\\/en\\\/about\\\/researchers\\\/spela-arhar-holdt\\\/\",\"url\":\"https:\\\/\\\/www.cjvt.si\\\/en\\\/about\\\/researchers\\\/spela-arhar-holdt\\\/\",\"name\":\"\u0160pela Arhar Holdt - CJVT\",\"isPartOf\":{\"@id\":\"https:\\\/\\\/www.cjvt.si\\\/en\\\/#website\"},\"datePublished\":\"2020-04-28T15:43:24+00:00\",\"dateModified\":\"2022-11-19T12:22:07+00:00\",\"breadcrumb\":{\"@id\":\"https:\\\/\\\/www.cjvt.si\\\/en\\\/about\\\/researchers\\\/spela-arhar-holdt\\\/#breadcrumb\"},\"inLanguage\":\"en-US\",\"potentialAction\":[{\"@type\":\"ReadAction\",\"target\":[\"https:\\\/\\\/www.cjvt.si\\\/en\\\/about\\\/researchers\\\/spela-arhar-holdt\\\/\"]}]},{\"@type\":\"BreadcrumbList\",\"@id\":\"https:\\\/\\\/www.cjvt.si\\\/en\\\/about\\\/researchers\\\/spela-arhar-holdt\\\/#breadcrumb\",\"itemListElement\":[{\"@type\":\"ListItem\",\"position\":1,\"name\":\"Home\",\"item\":\"https:\\\/\\\/www.cjvt.si\\\/en\\\/\"},{\"@type\":\"ListItem\",\"position\":2,\"name\":\"About\",\"item\":\"https:\\\/\\\/www.cjvt.si\\\/en\\\/about\\\/\"},{\"@type\":\"ListItem\",\"position\":3,\"name\":\"Researchers\",\"item\":\"https:\\\/\\\/www.cjvt.si\\\/en\\\/about\\\/researchers\\\/\"},{\"@type\":\"ListItem\",\"position\":4,\"name\":\"\u0160pela Arhar Holdt\"}]},{\"@type\":\"WebSite\",\"@id\":\"https:\\\/\\\/www.cjvt.si\\\/en\\\/#website\",\"url\":\"https:\\\/\\\/www.cjvt.si\\\/en\\\/\",\"name\":\"CJVT\",\"description\":\"Center za jezikovne vire in tehnologije\",\"publisher\":{\"@id\":\"https:\\\/\\\/www.cjvt.si\\\/en\\\/#organization\"},\"potentialAction\":[{\"@type\":\"SearchAction\",\"target\":{\"@type\":\"EntryPoint\",\"urlTemplate\":\"https:\\\/\\\/www.cjvt.si\\\/en\\\/?s={search_term_string}\"},\"query-input\":{\"@type\":\"PropertyValueSpecification\",\"valueRequired\":true,\"valueName\":\"search_term_string\"}}],\"inLanguage\":\"en-US\"},{\"@type\":\"Organization\",\"@id\":\"https:\\\/\\\/www.cjvt.si\\\/en\\\/#organization\",\"name\":\"CJVT\",\"url\":\"https:\\\/\\\/www.cjvt.si\\\/en\\\/\",\"logo\":{\"@type\":\"ImageObject\",\"inLanguage\":\"en-US\",\"@id\":\"https:\\\/\\\/www.cjvt.si\\\/en\\\/#\\\/schema\\\/logo\\\/image\\\/\",\"url\":\"https:\\\/\\\/www.cjvt.si\\\/wp-content\\\/uploads\\\/2020\\\/06\\\/CJVT-logo-red.jpg\",\"contentUrl\":\"https:\\\/\\\/www.cjvt.si\\\/wp-content\\\/uploads\\\/2020\\\/06\\\/CJVT-logo-red.jpg\",\"width\":1300,\"height\":683,\"caption\":\"CJVT\"},\"image\":{\"@id\":\"https:\\\/\\\/www.cjvt.si\\\/en\\\/#\\\/schema\\\/logo\\\/image\\\/\"},\"sameAs\":[\"https:\\\/\\\/www.facebook.com\\\/centerzajezikovnevireintehnologije\"]}]}<\/script>\n<!-- \/ Yoast SEO plugin. -->","yoast_head_json":{"title":"\u0160pela Arhar Holdt - CJVT","robots":{"index":"index","follow":"follow","max-snippet":"max-snippet:-1","max-image-preview":"max-image-preview:large","max-video-preview":"max-video-preview:-1"},"canonical":"https:\/\/www.cjvt.si\/en\/about\/researchers\/spela-arhar-holdt\/","og_locale":"en_US","og_type":"article","og_title":"\u0160pela Arhar Holdt - CJVT","og_url":"https:\/\/www.cjvt.si\/en\/about\/researchers\/spela-arhar-holdt\/","og_site_name":"CJVT","article_publisher":"https:\/\/www.facebook.com\/centerzajezikovnevireintehnologije","article_modified_time":"2022-11-19T12:22:07+00:00","twitter_card":"summary_large_image","twitter_misc":{"Est. reading time":"6 minutes"},"schema":{"@context":"https:\/\/schema.org","@graph":[{"@type":"WebPage","@id":"https:\/\/www.cjvt.si\/en\/about\/researchers\/spela-arhar-holdt\/","url":"https:\/\/www.cjvt.si\/en\/about\/researchers\/spela-arhar-holdt\/","name":"\u0160pela Arhar Holdt - CJVT","isPartOf":{"@id":"https:\/\/www.cjvt.si\/en\/#website"},"datePublished":"2020-04-28T15:43:24+00:00","dateModified":"2022-11-19T12:22:07+00:00","breadcrumb":{"@id":"https:\/\/www.cjvt.si\/en\/about\/researchers\/spela-arhar-holdt\/#breadcrumb"},"inLanguage":"en-US","potentialAction":[{"@type":"ReadAction","target":["https:\/\/www.cjvt.si\/en\/about\/researchers\/spela-arhar-holdt\/"]}]},{"@type":"BreadcrumbList","@id":"https:\/\/www.cjvt.si\/en\/about\/researchers\/spela-arhar-holdt\/#breadcrumb","itemListElement":[{"@type":"ListItem","position":1,"name":"Home","item":"https:\/\/www.cjvt.si\/en\/"},{"@type":"ListItem","position":2,"name":"About","item":"https:\/\/www.cjvt.si\/en\/about\/"},{"@type":"ListItem","position":3,"name":"Researchers","item":"https:\/\/www.cjvt.si\/en\/about\/researchers\/"},{"@type":"ListItem","position":4,"name":"\u0160pela Arhar Holdt"}]},{"@type":"WebSite","@id":"https:\/\/www.cjvt.si\/en\/#website","url":"https:\/\/www.cjvt.si\/en\/","name":"CJVT","description":"Center za jezikovne vire in tehnologije","publisher":{"@id":"https:\/\/www.cjvt.si\/en\/#organization"},"potentialAction":[{"@type":"SearchAction","target":{"@type":"EntryPoint","urlTemplate":"https:\/\/www.cjvt.si\/en\/?s={search_term_string}"},"query-input":{"@type":"PropertyValueSpecification","valueRequired":true,"valueName":"search_term_string"}}],"inLanguage":"en-US"},{"@type":"Organization","@id":"https:\/\/www.cjvt.si\/en\/#organization","name":"CJVT","url":"https:\/\/www.cjvt.si\/en\/","logo":{"@type":"ImageObject","inLanguage":"en-US","@id":"https:\/\/www.cjvt.si\/en\/#\/schema\/logo\/image\/","url":"https:\/\/www.cjvt.si\/wp-content\/uploads\/2020\/06\/CJVT-logo-red.jpg","contentUrl":"https:\/\/www.cjvt.si\/wp-content\/uploads\/2020\/06\/CJVT-logo-red.jpg","width":1300,"height":683,"caption":"CJVT"},"image":{"@id":"https:\/\/www.cjvt.si\/en\/#\/schema\/logo\/image\/"},"sameAs":["https:\/\/www.facebook.com\/centerzajezikovnevireintehnologije"]}]}},"_links":{"self":[{"href":"https:\/\/www.cjvt.si\/en\/wp-json\/wp\/v2\/pages\/2159","targetHints":{"allow":["GET"]}}],"collection":[{"href":"https:\/\/www.cjvt.si\/en\/wp-json\/wp\/v2\/pages"}],"about":[{"href":"https:\/\/www.cjvt.si\/en\/wp-json\/wp\/v2\/types\/page"}],"author":[{"embeddable":true,"href":"https:\/\/www.cjvt.si\/en\/wp-json\/wp\/v2\/users\/1"}],"replies":[{"embeddable":true,"href":"https:\/\/www.cjvt.si\/en\/wp-json\/wp\/v2\/comments?post=2159"}],"version-history":[{"count":7,"href":"https:\/\/www.cjvt.si\/en\/wp-json\/wp\/v2\/pages\/2159\/revisions"}],"predecessor-version":[{"id":4780,"href":"https:\/\/www.cjvt.si\/en\/wp-json\/wp\/v2\/pages\/2159\/revisions\/4780"}],"up":[{"embeddable":true,"href":"https:\/\/www.cjvt.si\/en\/wp-json\/wp\/v2\/pages\/2129"}],"wp:attachment":[{"href":"https:\/\/www.cjvt.si\/en\/wp-json\/wp\/v2\/media?parent=2159"}],"curies":[{"name":"wp","href":"https:\/\/api.w.org\/{rel}","templated":true}]}}