{"id":3141,"date":"2020-08-31T20:40:00","date_gmt":"2020-08-31T18:40:00","guid":{"rendered":"https:\/\/www.cjvt.si\/privacy-policy\/"},"modified":"2020-08-31T20:40:01","modified_gmt":"2020-08-31T18:40:01","slug":"privacy-policy","status":"publish","type":"page","link":"https:\/\/www.cjvt.si\/en\/privacy-policy\/","title":{"rendered":"Privacy Policy"},"content":{"rendered":"<section class=\"av_textblock_section \"  itemscope=\"itemscope\" itemtype=\"https:\/\/schema.org\/CreativeWork\" ><div class='avia_textblock  '   itemprop=\"text\" ><p>&#13;<\/p>\n<h2 class=\"wp-block-heading\">Cookies<\/h2>\n<p>&#13;<\/p>\n<p><strong>Kaj so pi\u0161kotki<\/strong><\/p>\n<p>&#13;<\/p>\n<p>Pi\u0161kotki so kratke besedilne datoteke, ki jih spletno mesto po\u0161lje brskalniku (\u010de jih spletno mesto le uporablja). Glavni cilj pi\u0161kotkov je, da spletni stre\u017enik prepozna ra\u010dunalnik. Pi\u0161kotki niso nujni vendar lahko bistveno izbolj\u0161ajo uporabni\u0161ko izku\u0161njo. Na spletnem mestu uporabljamo pi\u0161kotke izklju\u010dno za analizo obiskanosti spletnega mesta.\u00a0Upo\u0161tevajte, da se z uporabo spletnega mesta strinjate, da lahko uporabljamo pi\u0161kotke.<\/p>\n<p>&#13;<\/p>\n<p><strong>Vrste pi\u0161kotkov<\/strong><\/p>\n<p>&#13;<\/p>\n<p>Pi\u0161kotki so, recimo jim vrsta datoteke, ki jih med va\u0161im obiskom spletnega mesta le-ta ustvari in vanje shrani podatke. Tako vam je ob naslednjem obisku zagotovljeno mnogo la\u017eje in hitrej\u0161e brskanje po spletnem mestu. Lo\u010dimo dve vrsti pi\u0161kotkov, in sicer:<\/p>\n<p>&#13;<\/p>\n<ul>&#13;<\/p>\n<li>Za\u010dasni pi\u0161kotki, ki so ustvarjeni zgolj za\u010dasno in bele\u017eijo podatke med va\u0161im brskanjem. Ko zaprete okno va\u0161ega brskalnika, se pi\u0161kotki izbri\u0161ejo;<\/li>\n<p>&#13;<\/p>\n<li>Trajni pi\u0161kotki ostanejo na va\u0161em ra\u010dunalniku ali drugi napravi in so aktivirani vsakokrat, ko obi\u0161\u010dete spletno mesto.<\/li>\n<p>&#13;\n<\/ul>\n<p>&#13;<\/p>\n<p><strong>Katere trajne pi\u0161kotke uporablja na\u0161e spletno mesto<\/strong><\/p>\n<p>&#13;<\/p>\n<div class=\"uncode_text_column\">&#13;<\/p>\n<p>Na strani uporabljamo:<\/p>\n<p>&#13;<\/p>\n<ol>&#13;<\/p>\n<li>Google Analyitcs pi\u0161kotke (_utma, _utmb, _utmc, _utmz). Ve\u010d o Google Analytics pi\u0161kotkih si lahko preberete\u00a0<a class=\"povezava\" href=\"https:\/\/developers.google.com\/analytics\/devguides\/collection\/analyticsjs\/cookie-usage\" rel=\"noopener noreferrer\">tukaj<\/a>.<\/li>\n<p>&#13;<\/p>\n<li>Sejne pi\u0161kotke (Pi\u0161kotek se shrani v za\u010dasni pomnilnik in se ne ohrani, ko zaprete brskalnik se pi\u0161kotek izbri\u0161e. Sejni pi\u0161kotki ne zbirajo informacije od uporabnikov).<\/li>\n<p>&#13;\n<\/ol>\n<p>&#13;\n<\/p><\/div>\n<p>&#13;<\/p>\n<div class=\"uncode_text_column\">&#13;<\/p>\n<p><strong>Onemogo\u010denje pi\u0161kotkov<\/strong><\/p>\n<p>&#13;<\/p>\n<div class=\"uncode_text_column\">&#13;<\/p>\n<p>V nastavitvah brskalnika lahko pi\u0161kotke kadarkoli izklopite,\u00a0<u><strong>vendar vam to odsvetujemo<\/strong><\/u>. Informacije o nastavitvah za pi\u0161kotke v posameznih brskalnikih so na voljo na spodnjih povezavah:<\/p>\n<p>&#13;<\/p>\n<p><a class=\"povezava\" href=\"https:\/\/support.google.com\/chrome\/answer\/95647?hl=sl-sl&amp;p=cpn_cookies\" rel=\"noopener noreferrer\">Chrome<\/a>\u00a0|\u00a0<a class=\"povezava\" href=\"https:\/\/support.mozilla.org\/sl\/kb\/Kako%20aktivirate%20in%20deaktivirate%20pi%C5%A1kote\" rel=\"noopener noreferrer\">Firefox<\/a>\u00a0|\u00a0<a class=\"povezava\" href=\"https:\/\/windows.microsoft.com\/sl-si\/windows-vista\/block-or-allow-cookies\" rel=\"noopener noreferrer\">Internet Explorer<\/a>\u00a0|\u00a0<a class=\"povezava\" href=\"https:\/\/www.opera.com\/help\/tutorials\/security\/privacy\/\" rel=\"noopener noreferrer\">Opera<\/a>\u00a0|\u00a0<a class=\"povezava\" href=\"https:\/\/www.apple.com\/support\/safari\/\" rel=\"noopener noreferrer\">Safari<\/a><\/p>\n<p>&#13;\n<\/p><\/div>\n<p>&#13;\n<\/p><\/div>\n<p>&#13;<\/p>\n<\/div><\/section>\n","protected":false},"excerpt":{"rendered":"","protected":false},"author":1,"featured_media":0,"parent":0,"menu_order":0,"comment_status":"closed","ping_status":"open","template":"","meta":{"_acf_changed":false,"_relevanssi_hide_post":"","_relevanssi_hide_content":"","_relevanssi_pin_for_all":"","_relevanssi_pin_keywords":"","_relevanssi_unpin_keywords":"","_relevanssi_related_keywords":"","_relevanssi_related_include_ids":"","_relevanssi_related_exclude_ids":"","_relevanssi_related_no_append":"","_relevanssi_related_not_related":"","_relevanssi_related_posts":"","_relevanssi_noindex_reason":"","inline_featured_image":false,"episode_type":"","audio_file":"","podmotor_file_id":"","podmotor_episode_id":"","cover_image":"","cover_image_id":"","duration":"","filesize":"","filesize_raw":"","date_recorded":"","explicit":"","block":"","itunes_episode_number":"","itunes_title":"","itunes_season_number":"","itunes_episode_type":"","footnotes":""},"class_list":["post-3141","page","type-page","status-publish","hentry"],"acf":[],"yoast_head":"<!-- This site is optimized with the Yoast SEO plugin v27.3 - https:\/\/yoast.com\/product\/yoast-seo-wordpress\/ -->\n<title>Privacy Policy - CJVT<\/title>\n<meta name=\"robots\" content=\"index, follow, max-snippet:-1, max-image-preview:large, max-video-preview:-1\" \/>\n<link rel=\"canonical\" href=\"https:\/\/www.cjvt.si\/en\/privacy-policy\/\" \/>\n<meta property=\"og:locale\" content=\"en_US\" \/>\n<meta property=\"og:type\" content=\"article\" \/>\n<meta property=\"og:title\" content=\"Privacy Policy - CJVT\" \/>\n<meta property=\"og:url\" content=\"https:\/\/www.cjvt.si\/en\/privacy-policy\/\" \/>\n<meta property=\"og:site_name\" content=\"CJVT\" \/>\n<meta property=\"article:publisher\" content=\"https:\/\/www.facebook.com\/centerzajezikovnevireintehnologije\" \/>\n<meta property=\"article:modified_time\" content=\"2020-08-31T18:40:01+00:00\" \/>\n<meta name=\"twitter:card\" content=\"summary_large_image\" \/>\n<meta name=\"twitter:label1\" content=\"Est. reading time\" \/>\n\t<meta name=\"twitter:data1\" content=\"2 minutes\" \/>\n<script type=\"application\/ld+json\" class=\"yoast-schema-graph\">{\"@context\":\"https:\\\/\\\/schema.org\",\"@graph\":[{\"@type\":\"WebPage\",\"@id\":\"https:\\\/\\\/www.cjvt.si\\\/en\\\/privacy-policy\\\/\",\"url\":\"https:\\\/\\\/www.cjvt.si\\\/en\\\/privacy-policy\\\/\",\"name\":\"Privacy Policy - CJVT\",\"isPartOf\":{\"@id\":\"https:\\\/\\\/www.cjvt.si\\\/en\\\/#website\"},\"datePublished\":\"2020-08-31T18:40:00+00:00\",\"dateModified\":\"2020-08-31T18:40:01+00:00\",\"breadcrumb\":{\"@id\":\"https:\\\/\\\/www.cjvt.si\\\/en\\\/privacy-policy\\\/#breadcrumb\"},\"inLanguage\":\"en-US\",\"potentialAction\":[{\"@type\":\"ReadAction\",\"target\":[\"https:\\\/\\\/www.cjvt.si\\\/en\\\/privacy-policy\\\/\"]}]},{\"@type\":\"BreadcrumbList\",\"@id\":\"https:\\\/\\\/www.cjvt.si\\\/en\\\/privacy-policy\\\/#breadcrumb\",\"itemListElement\":[{\"@type\":\"ListItem\",\"position\":1,\"name\":\"Home\",\"item\":\"https:\\\/\\\/www.cjvt.si\\\/en\\\/\"},{\"@type\":\"ListItem\",\"position\":2,\"name\":\"Privacy Policy\"}]},{\"@type\":\"WebSite\",\"@id\":\"https:\\\/\\\/www.cjvt.si\\\/en\\\/#website\",\"url\":\"https:\\\/\\\/www.cjvt.si\\\/en\\\/\",\"name\":\"CJVT\",\"description\":\"Center za jezikovne vire in tehnologije\",\"publisher\":{\"@id\":\"https:\\\/\\\/www.cjvt.si\\\/en\\\/#organization\"},\"potentialAction\":[{\"@type\":\"SearchAction\",\"target\":{\"@type\":\"EntryPoint\",\"urlTemplate\":\"https:\\\/\\\/www.cjvt.si\\\/en\\\/?s={search_term_string}\"},\"query-input\":{\"@type\":\"PropertyValueSpecification\",\"valueRequired\":true,\"valueName\":\"search_term_string\"}}],\"inLanguage\":\"en-US\"},{\"@type\":\"Organization\",\"@id\":\"https:\\\/\\\/www.cjvt.si\\\/en\\\/#organization\",\"name\":\"CJVT\",\"url\":\"https:\\\/\\\/www.cjvt.si\\\/en\\\/\",\"logo\":{\"@type\":\"ImageObject\",\"inLanguage\":\"en-US\",\"@id\":\"https:\\\/\\\/www.cjvt.si\\\/en\\\/#\\\/schema\\\/logo\\\/image\\\/\",\"url\":\"https:\\\/\\\/www.cjvt.si\\\/wp-content\\\/uploads\\\/2020\\\/06\\\/CJVT-logo-red.jpg\",\"contentUrl\":\"https:\\\/\\\/www.cjvt.si\\\/wp-content\\\/uploads\\\/2020\\\/06\\\/CJVT-logo-red.jpg\",\"width\":1300,\"height\":683,\"caption\":\"CJVT\"},\"image\":{\"@id\":\"https:\\\/\\\/www.cjvt.si\\\/en\\\/#\\\/schema\\\/logo\\\/image\\\/\"},\"sameAs\":[\"https:\\\/\\\/www.facebook.com\\\/centerzajezikovnevireintehnologije\"]}]}<\/script>\n<!-- \/ Yoast SEO plugin. -->","yoast_head_json":{"title":"Privacy Policy - CJVT","robots":{"index":"index","follow":"follow","max-snippet":"max-snippet:-1","max-image-preview":"max-image-preview:large","max-video-preview":"max-video-preview:-1"},"canonical":"https:\/\/www.cjvt.si\/en\/privacy-policy\/","og_locale":"en_US","og_type":"article","og_title":"Privacy Policy - CJVT","og_url":"https:\/\/www.cjvt.si\/en\/privacy-policy\/","og_site_name":"CJVT","article_publisher":"https:\/\/www.facebook.com\/centerzajezikovnevireintehnologije","article_modified_time":"2020-08-31T18:40:01+00:00","twitter_card":"summary_large_image","twitter_misc":{"Est. reading time":"2 minutes"},"schema":{"@context":"https:\/\/schema.org","@graph":[{"@type":"WebPage","@id":"https:\/\/www.cjvt.si\/en\/privacy-policy\/","url":"https:\/\/www.cjvt.si\/en\/privacy-policy\/","name":"Privacy Policy - CJVT","isPartOf":{"@id":"https:\/\/www.cjvt.si\/en\/#website"},"datePublished":"2020-08-31T18:40:00+00:00","dateModified":"2020-08-31T18:40:01+00:00","breadcrumb":{"@id":"https:\/\/www.cjvt.si\/en\/privacy-policy\/#breadcrumb"},"inLanguage":"en-US","potentialAction":[{"@type":"ReadAction","target":["https:\/\/www.cjvt.si\/en\/privacy-policy\/"]}]},{"@type":"BreadcrumbList","@id":"https:\/\/www.cjvt.si\/en\/privacy-policy\/#breadcrumb","itemListElement":[{"@type":"ListItem","position":1,"name":"Home","item":"https:\/\/www.cjvt.si\/en\/"},{"@type":"ListItem","position":2,"name":"Privacy Policy"}]},{"@type":"WebSite","@id":"https:\/\/www.cjvt.si\/en\/#website","url":"https:\/\/www.cjvt.si\/en\/","name":"CJVT","description":"Center za jezikovne vire in tehnologije","publisher":{"@id":"https:\/\/www.cjvt.si\/en\/#organization"},"potentialAction":[{"@type":"SearchAction","target":{"@type":"EntryPoint","urlTemplate":"https:\/\/www.cjvt.si\/en\/?s={search_term_string}"},"query-input":{"@type":"PropertyValueSpecification","valueRequired":true,"valueName":"search_term_string"}}],"inLanguage":"en-US"},{"@type":"Organization","@id":"https:\/\/www.cjvt.si\/en\/#organization","name":"CJVT","url":"https:\/\/www.cjvt.si\/en\/","logo":{"@type":"ImageObject","inLanguage":"en-US","@id":"https:\/\/www.cjvt.si\/en\/#\/schema\/logo\/image\/","url":"https:\/\/www.cjvt.si\/wp-content\/uploads\/2020\/06\/CJVT-logo-red.jpg","contentUrl":"https:\/\/www.cjvt.si\/wp-content\/uploads\/2020\/06\/CJVT-logo-red.jpg","width":1300,"height":683,"caption":"CJVT"},"image":{"@id":"https:\/\/www.cjvt.si\/en\/#\/schema\/logo\/image\/"},"sameAs":["https:\/\/www.facebook.com\/centerzajezikovnevireintehnologije"]}]}},"_links":{"self":[{"href":"https:\/\/www.cjvt.si\/en\/wp-json\/wp\/v2\/pages\/3141","targetHints":{"allow":["GET"]}}],"collection":[{"href":"https:\/\/www.cjvt.si\/en\/wp-json\/wp\/v2\/pages"}],"about":[{"href":"https:\/\/www.cjvt.si\/en\/wp-json\/wp\/v2\/types\/page"}],"author":[{"embeddable":true,"href":"https:\/\/www.cjvt.si\/en\/wp-json\/wp\/v2\/users\/1"}],"replies":[{"embeddable":true,"href":"https:\/\/www.cjvt.si\/en\/wp-json\/wp\/v2\/comments?post=3141"}],"version-history":[{"count":2,"href":"https:\/\/www.cjvt.si\/en\/wp-json\/wp\/v2\/pages\/3141\/revisions"}],"predecessor-version":[{"id":3173,"href":"https:\/\/www.cjvt.si\/en\/wp-json\/wp\/v2\/pages\/3141\/revisions\/3173"}],"wp:attachment":[{"href":"https:\/\/www.cjvt.si\/en\/wp-json\/wp\/v2\/media?parent=3141"}],"curies":[{"name":"wp","href":"https:\/\/api.w.org\/{rel}","templated":true}]}}