{"id":5649,"date":"2024-03-20T13:53:01","date_gmt":"2024-03-20T12:53:01","guid":{"rendered":"https:\/\/www.cjvt.si\/?page_id=5649"},"modified":"2025-05-26T15:05:13","modified_gmt":"2025-05-26T13:05:13","slug":"cas-za-slovenscino","status":"publish","type":"page","link":"https:\/\/www.cjvt.si\/en\/infrastructure-support\/cas-za-slovenscino\/","title":{"rendered":"\u010cas za sloven\u0161\u010dino"},"content":{"rendered":"<div class=\"flex_column av_two_third  flex_column_div av-zero-column-padding first  avia-builder-el-0  el_before_av_one_third  avia-builder-el-first  \" style='margin-top:0px; margin-bottom:0px; border-radius:0px; '><section class=\"av_textblock_section \"  itemscope=\"itemscope\" itemtype=\"https:\/\/schema.org\/CreativeWork\" ><div class='avia_textblock  '   itemprop=\"text\" ><h1>\u010cAS ZA SLOVEN\u0160\u010cINO<\/h1>\n<\/div><\/section><\/div>\n<div class=\"flex_column av_one_third  flex_column_div av-zero-column-padding   avia-builder-el-2  el_after_av_two_third  el_before_av_two_third  \" style='margin-top:0px; margin-bottom:0px; border-radius:0px; '><\/div><div class=\"flex_column av_two_third  flex_column_div av-zero-column-padding first  avia-builder-el-3  el_after_av_one_third  el_before_av_one_third  column-top-margin\" style='margin-top:36px; margin-bottom:0px; border-radius:0px; '><section class=\"av_textblock_section \"  itemscope=\"itemscope\" itemtype=\"https:\/\/schema.org\/CreativeWork\" ><div class='avia_textblock  '   itemprop=\"text\" ><p>Based on the <a href=\"https:\/\/centerslo.si\/za-otroke\/gradiva\/gradivo-za-najstnike-2\/cas-za-slovenscino-1\/\" target=\"_blank\" rel=\"noopener\">\u010cas za sloven\u0161\u010dino 1<\/a> textbook set, the project has developed a comprehensive interactive learning material for initial learning of Slovene, which provides learners (the target audience is adolescents learning Slovene as a second and foreign language) with a high-quality and enjoyable learning experience of Slovene language. The interactive learning material is supported by a clickable A1 core vocabulary list with lexical information i.e. a glossary for speakers of Slovene as a second and foreign language.<\/p>\n<p>The dictionary for speakers of Slovene as a second and foreign language is intended for learners of Slovene as a second and foreign language. It includes the vocabulary that speakers are expected to acquire at A1 level according to the Common European Framework of Reference for Language skills. The vocabulary is supplemented with user-tailored grammatical, semantic and multimedia information, which includes the translation of the cue into three foreign languages &#8211; English, Albanian (as the language most distant from Slovene spoken by immigrant learners) and Hungarian (as the language most distant from Slovene spoken in the Slovene overseas). It is a growing dictionary, the first of its kind for foreign speakers in Slovenia, which in its current version contains a limited number of cues (991) and has been developed with the idea that in the future it can be systematically supplemented and upgraded with more complex semantic information relevant to speakers of Slovene as a second and foreign language at higher levels of language proficiency (A2-C1). The model of the article contains the following elements: the lemma or cue, information about the word type of the cue, the translation of the cue into English, Hungarian and Albanian, a meaning indicator, collocations and real sentence examples. The dictionary is also supported by audiovisual elements: an audio recording of the cue (in Slovene) and, in places, a pictorial explanation of the cue or a photograph.<\/p>\n<p>More information can be found <a href=\"https:\/\/centerslo.si\/en\/for-children\" target=\"_blank\" rel=\"noopener\">here<\/a>.<\/p>\n<\/div><\/section><\/div><\/p>\n<div class=\"flex_column av_one_third  flex_column_div   avia-builder-el-5  el_after_av_two_third  avia-builder-el-last  column-top-margin\" style='margin-top:36px; margin-bottom:0px; background: #f0f0f0; padding:30px; background-color:#f0f0f0; border-radius:0px; '><section class=\"av_textblock_section \"  itemscope=\"itemscope\" itemtype=\"https:\/\/schema.org\/CreativeWork\" ><div class='avia_textblock  '   itemprop=\"text\" ><h3 class=\"zn_text_box-title zn_text_box-title--style1 text-custom\">LINKS AND CONTACTS<\/h3>\n<\/div><\/section><br \/>\n<div  style='height:20px' class='hr hr-invisible   avia-builder-el-7  el_after_av_textblock  el_before_av_textblock '><span class='hr-inner ' ><span class='hr-inner-style'><\/span><\/span><\/div><br \/>\n<section class=\"av_textblock_section \"  itemscope=\"itemscope\" itemtype=\"https:\/\/schema.org\/CreativeWork\" ><div class='avia_textblock  '   itemprop=\"text\" ><ul>\n<li>e-mail: <a href=\"&#109;&#x61;&#x69;l&#116;&#x6f;:&#105;&#x6e;&#x66;&#111;&#x40;&#x63;j&#118;&#x74;&#46;&#115;&#x69;\">&#105;n&#102;o&#64;c&#x6a;v&#x74;&#46;&#x73;i<\/a><\/li>\n<\/ul>\n<\/div><\/section><br \/>\n<div  class='avia-buttonrow-wrap avia-buttonrow-center   avia-builder-el-9  el_after_av_textblock  avia-builder-el-last '>\n<a href='https:\/\/lexonomy.cjvt.si\/slovar-za-govorce-slovenscine-kot-drugega-in-tujega-jezika\/'  class='avia-button  avia-icon_select-no avia-color-theme-color avia-size-small '  style='margin-bottom:5px; margin-left:3px; margin-right:3px; ' ><span class='avia_iconbox_title' >Dictionary for speakers of Slovene as a second and foreign language<\/span><\/a>\n<\/div><\/p><\/div>\n","protected":false},"excerpt":{"rendered":"","protected":false},"author":19,"featured_media":0,"parent":985,"menu_order":0,"comment_status":"closed","ping_status":"closed","template":"","meta":{"_acf_changed":false,"_relevanssi_hide_post":"","_relevanssi_hide_content":"","_relevanssi_pin_for_all":"","_relevanssi_pin_keywords":"","_relevanssi_unpin_keywords":"","_relevanssi_related_keywords":"","_relevanssi_related_include_ids":"","_relevanssi_related_exclude_ids":"","_relevanssi_related_no_append":"","_relevanssi_related_not_related":"","_relevanssi_related_posts":"","_relevanssi_noindex_reason":"","inline_featured_image":false,"episode_type":"","audio_file":"","podmotor_file_id":"","podmotor_episode_id":"","cover_image":"","cover_image_id":"","duration":"","filesize":"","filesize_raw":"","date_recorded":"","explicit":"","block":"","itunes_episode_number":"","itunes_title":"","itunes_season_number":"","itunes_episode_type":"","footnotes":""},"class_list":["post-5649","page","type-page","status-publish","hentry"],"acf":[],"yoast_head":"<!-- This site is optimized with the Yoast SEO plugin v27.5 - https:\/\/yoast.com\/product\/yoast-seo-wordpress\/ -->\n<title>\u010cas za sloven\u0161\u010dino - CJVT<\/title>\n<meta name=\"robots\" content=\"index, follow, max-snippet:-1, max-image-preview:large, max-video-preview:-1\" \/>\n<link rel=\"canonical\" href=\"https:\/\/www.cjvt.si\/en\/infrastructure-support\/cas-za-slovenscino\/\" \/>\n<meta property=\"og:locale\" content=\"en_US\" \/>\n<meta property=\"og:type\" content=\"article\" \/>\n<meta property=\"og:title\" content=\"\u010cas za sloven\u0161\u010dino - CJVT\" \/>\n<meta property=\"og:url\" content=\"https:\/\/www.cjvt.si\/en\/infrastructure-support\/cas-za-slovenscino\/\" \/>\n<meta property=\"og:site_name\" content=\"CJVT\" \/>\n<meta property=\"article:publisher\" content=\"https:\/\/www.facebook.com\/centerzajezikovnevireintehnologije\" \/>\n<meta property=\"article:modified_time\" content=\"2025-05-26T13:05:13+00:00\" \/>\n<meta name=\"twitter:card\" content=\"summary_large_image\" \/>\n<meta name=\"twitter:label1\" content=\"Est. reading time\" \/>\n\t<meta name=\"twitter:data1\" content=\"4 minutes\" \/>\n<script type=\"application\/ld+json\" class=\"yoast-schema-graph\">{\"@context\":\"https:\\\/\\\/schema.org\",\"@graph\":[{\"@type\":\"WebPage\",\"@id\":\"https:\\\/\\\/www.cjvt.si\\\/en\\\/infrastructure-support\\\/cas-za-slovenscino\\\/\",\"url\":\"https:\\\/\\\/www.cjvt.si\\\/en\\\/infrastructure-support\\\/cas-za-slovenscino\\\/\",\"name\":\"\u010cas za sloven\u0161\u010dino - CJVT\",\"isPartOf\":{\"@id\":\"https:\\\/\\\/www.cjvt.si\\\/en\\\/#website\"},\"datePublished\":\"2024-03-20T12:53:01+00:00\",\"dateModified\":\"2025-05-26T13:05:13+00:00\",\"breadcrumb\":{\"@id\":\"https:\\\/\\\/www.cjvt.si\\\/en\\\/infrastructure-support\\\/cas-za-slovenscino\\\/#breadcrumb\"},\"inLanguage\":\"en-US\",\"potentialAction\":[{\"@type\":\"ReadAction\",\"target\":[\"https:\\\/\\\/www.cjvt.si\\\/en\\\/infrastructure-support\\\/cas-za-slovenscino\\\/\"]}]},{\"@type\":\"BreadcrumbList\",\"@id\":\"https:\\\/\\\/www.cjvt.si\\\/en\\\/infrastructure-support\\\/cas-za-slovenscino\\\/#breadcrumb\",\"itemListElement\":[{\"@type\":\"ListItem\",\"position\":1,\"name\":\"Home\",\"item\":\"https:\\\/\\\/www.cjvt.si\\\/en\\\/\"},{\"@type\":\"ListItem\",\"position\":2,\"name\":\"Infrastructure Support\",\"item\":\"https:\\\/\\\/www.cjvt.si\\\/en\\\/infrastructure-support\\\/\"},{\"@type\":\"ListItem\",\"position\":3,\"name\":\"\u010cas za sloven\u0161\u010dino\"}]},{\"@type\":\"WebSite\",\"@id\":\"https:\\\/\\\/www.cjvt.si\\\/en\\\/#website\",\"url\":\"https:\\\/\\\/www.cjvt.si\\\/en\\\/\",\"name\":\"CJVT\",\"description\":\"Center za jezikovne vire in tehnologije\",\"publisher\":{\"@id\":\"https:\\\/\\\/www.cjvt.si\\\/en\\\/#organization\"},\"potentialAction\":[{\"@type\":\"SearchAction\",\"target\":{\"@type\":\"EntryPoint\",\"urlTemplate\":\"https:\\\/\\\/www.cjvt.si\\\/en\\\/?s={search_term_string}\"},\"query-input\":{\"@type\":\"PropertyValueSpecification\",\"valueRequired\":true,\"valueName\":\"search_term_string\"}}],\"inLanguage\":\"en-US\"},{\"@type\":\"Organization\",\"@id\":\"https:\\\/\\\/www.cjvt.si\\\/en\\\/#organization\",\"name\":\"CJVT\",\"url\":\"https:\\\/\\\/www.cjvt.si\\\/en\\\/\",\"logo\":{\"@type\":\"ImageObject\",\"inLanguage\":\"en-US\",\"@id\":\"https:\\\/\\\/www.cjvt.si\\\/en\\\/#\\\/schema\\\/logo\\\/image\\\/\",\"url\":\"https:\\\/\\\/www.cjvt.si\\\/wp-content\\\/uploads\\\/2020\\\/06\\\/CJVT-logo-red.jpg\",\"contentUrl\":\"https:\\\/\\\/www.cjvt.si\\\/wp-content\\\/uploads\\\/2020\\\/06\\\/CJVT-logo-red.jpg\",\"width\":1300,\"height\":683,\"caption\":\"CJVT\"},\"image\":{\"@id\":\"https:\\\/\\\/www.cjvt.si\\\/en\\\/#\\\/schema\\\/logo\\\/image\\\/\"},\"sameAs\":[\"https:\\\/\\\/www.facebook.com\\\/centerzajezikovnevireintehnologije\"]}]}<\/script>\n<!-- \/ Yoast SEO plugin. -->","yoast_head_json":{"title":"\u010cas za sloven\u0161\u010dino - CJVT","robots":{"index":"index","follow":"follow","max-snippet":"max-snippet:-1","max-image-preview":"max-image-preview:large","max-video-preview":"max-video-preview:-1"},"canonical":"https:\/\/www.cjvt.si\/en\/infrastructure-support\/cas-za-slovenscino\/","og_locale":"en_US","og_type":"article","og_title":"\u010cas za sloven\u0161\u010dino - CJVT","og_url":"https:\/\/www.cjvt.si\/en\/infrastructure-support\/cas-za-slovenscino\/","og_site_name":"CJVT","article_publisher":"https:\/\/www.facebook.com\/centerzajezikovnevireintehnologije","article_modified_time":"2025-05-26T13:05:13+00:00","twitter_card":"summary_large_image","twitter_misc":{"Est. reading time":"4 minutes"},"schema":{"@context":"https:\/\/schema.org","@graph":[{"@type":"WebPage","@id":"https:\/\/www.cjvt.si\/en\/infrastructure-support\/cas-za-slovenscino\/","url":"https:\/\/www.cjvt.si\/en\/infrastructure-support\/cas-za-slovenscino\/","name":"\u010cas za sloven\u0161\u010dino - CJVT","isPartOf":{"@id":"https:\/\/www.cjvt.si\/en\/#website"},"datePublished":"2024-03-20T12:53:01+00:00","dateModified":"2025-05-26T13:05:13+00:00","breadcrumb":{"@id":"https:\/\/www.cjvt.si\/en\/infrastructure-support\/cas-za-slovenscino\/#breadcrumb"},"inLanguage":"en-US","potentialAction":[{"@type":"ReadAction","target":["https:\/\/www.cjvt.si\/en\/infrastructure-support\/cas-za-slovenscino\/"]}]},{"@type":"BreadcrumbList","@id":"https:\/\/www.cjvt.si\/en\/infrastructure-support\/cas-za-slovenscino\/#breadcrumb","itemListElement":[{"@type":"ListItem","position":1,"name":"Home","item":"https:\/\/www.cjvt.si\/en\/"},{"@type":"ListItem","position":2,"name":"Infrastructure Support","item":"https:\/\/www.cjvt.si\/en\/infrastructure-support\/"},{"@type":"ListItem","position":3,"name":"\u010cas za sloven\u0161\u010dino"}]},{"@type":"WebSite","@id":"https:\/\/www.cjvt.si\/en\/#website","url":"https:\/\/www.cjvt.si\/en\/","name":"CJVT","description":"Center za jezikovne vire in tehnologije","publisher":{"@id":"https:\/\/www.cjvt.si\/en\/#organization"},"potentialAction":[{"@type":"SearchAction","target":{"@type":"EntryPoint","urlTemplate":"https:\/\/www.cjvt.si\/en\/?s={search_term_string}"},"query-input":{"@type":"PropertyValueSpecification","valueRequired":true,"valueName":"search_term_string"}}],"inLanguage":"en-US"},{"@type":"Organization","@id":"https:\/\/www.cjvt.si\/en\/#organization","name":"CJVT","url":"https:\/\/www.cjvt.si\/en\/","logo":{"@type":"ImageObject","inLanguage":"en-US","@id":"https:\/\/www.cjvt.si\/en\/#\/schema\/logo\/image\/","url":"https:\/\/www.cjvt.si\/wp-content\/uploads\/2020\/06\/CJVT-logo-red.jpg","contentUrl":"https:\/\/www.cjvt.si\/wp-content\/uploads\/2020\/06\/CJVT-logo-red.jpg","width":1300,"height":683,"caption":"CJVT"},"image":{"@id":"https:\/\/www.cjvt.si\/en\/#\/schema\/logo\/image\/"},"sameAs":["https:\/\/www.facebook.com\/centerzajezikovnevireintehnologije"]}]}},"_links":{"self":[{"href":"https:\/\/www.cjvt.si\/en\/wp-json\/wp\/v2\/pages\/5649","targetHints":{"allow":["GET"]}}],"collection":[{"href":"https:\/\/www.cjvt.si\/en\/wp-json\/wp\/v2\/pages"}],"about":[{"href":"https:\/\/www.cjvt.si\/en\/wp-json\/wp\/v2\/types\/page"}],"author":[{"embeddable":true,"href":"https:\/\/www.cjvt.si\/en\/wp-json\/wp\/v2\/users\/19"}],"replies":[{"embeddable":true,"href":"https:\/\/www.cjvt.si\/en\/wp-json\/wp\/v2\/comments?post=5649"}],"version-history":[{"count":9,"href":"https:\/\/www.cjvt.si\/en\/wp-json\/wp\/v2\/pages\/5649\/revisions"}],"predecessor-version":[{"id":7215,"href":"https:\/\/www.cjvt.si\/en\/wp-json\/wp\/v2\/pages\/5649\/revisions\/7215"}],"up":[{"embeddable":true,"href":"https:\/\/www.cjvt.si\/en\/wp-json\/wp\/v2\/pages\/985"}],"wp:attachment":[{"href":"https:\/\/www.cjvt.si\/en\/wp-json\/wp\/v2\/media?parent=5649"}],"curies":[{"name":"wp","href":"https:\/\/api.w.org\/{rel}","templated":true}]}}