{"id":5919,"date":"2024-02-20T14:36:51","date_gmt":"2024-02-20T13:36:51","guid":{"rendered":"https:\/\/www.cjvt.si\/?page_id=5919"},"modified":"2024-10-07T22:43:30","modified_gmt":"2024-10-07T20:43:30","slug":"llm-lex-2024","status":"publish","type":"page","link":"https:\/\/www.cjvt.si\/en\/research\/community\/llm-lex-2024\/","title":{"rendered":"LLM-Lex 2024"},"content":{"rendered":"<section class=\"av_textblock_section \"  itemscope=\"itemscope\" itemtype=\"https:\/\/schema.org\/CreativeWork\" ><div class='avia_textblock  '   itemprop=\"text\" ><h2 class=\"wp-block-heading\">Large Language Models and Lexicography Workshop 2024<\/h2>\n<\/div><\/section>\n<div   class='hr hr-default   avia-builder-el-1  el_after_av_textblock  el_before_av_textblock '><span class='hr-inner ' ><span class='hr-inner-style'><\/span><\/span><\/div>\n<section class=\"av_textblock_section \"  itemscope=\"itemscope\" itemtype=\"https:\/\/schema.org\/CreativeWork\" ><div class='avia_textblock  '   itemprop=\"text\" ><h5 class=\"wp-block-heading\"><a href=\"https:\/\/www.cjvt.si\/wp-content\/uploads\/2024\/10\/LLM-Lex_2024_Book-of-Abstracts.pdf\">NEW: Book of Abstracts pre-publication (download)<\/a><\/h5>\n<\/div><\/section>\n<div   class='hr hr-default   avia-builder-el-3  el_after_av_textblock  el_before_av_textblock '><span class='hr-inner ' ><span class='hr-inner-style'><\/span><\/span><\/div>\n<section class=\"av_textblock_section \"  itemscope=\"itemscope\" itemtype=\"https:\/\/schema.org\/CreativeWork\" ><div class='avia_textblock  av_inherit_color '   itemprop=\"text\" ><p><strong>Date<\/strong>: 8 October 2024<\/p>\n<p><strong>Location<\/strong>: Hotel Croatia, Cavtat, Croatia<\/p>\n<p><strong>Length:\u00a0<\/strong>half-day (09:00 \u2013 13:00)<\/p>\n<p>The workshop is co-located with the <a href=\"https:\/\/euralex.jezik.hr\/\">Euralex 2024 congress<\/a>. More information is available on the Euralex 2024 <a href=\"https:\/\/euralex.jezik.hr\/workshops\/\">Workshops page<\/a>.<\/p>\n<p><strong>Format:\u00a0<\/strong>open call for papers\/presentations\/demos + invited talks<br \/>\n<strong>Audience size<\/strong>: 30 participants<\/p>\n<p><strong>Description of the agenda<\/strong><\/p>\n<p>The workshop will delve into the integration of large language models (LLMs) in lexicography. The workshop aims to explore how these models aid in linguistic analysis and generation of dictionary data, enhancing dictionary development through automation of processes.<\/p>\n<p>The expected topics also include identifying new word usages and trends, and how LLMs facilitate multilingual lexicography, as well as the ethical implications of AI in lexicography, including concerns about bias and cultural sensitivity, or any other topics related to the use of LLMs in lexicography. The workshop will be of interest to lexicographers and language technology experts, offering insights into the trends of AI-assisted lexicography and preparing them for digital transformation.<\/p>\n<p><strong>Programme:\u00a0<\/strong><\/p>\n<table width=\"1000\">\n<tbody>\n<tr>\n<td width=\"120\">9:00-09:20<\/td>\n<td width=\"440\">Timotej Knez, Tim Prezelj and Slavko \u017ditnik<\/td>\n<td width=\"440\">SemSex: Automated Assessment of Sex Education Representation in Slovene Curricula<\/td>\n<\/tr>\n<tr>\n<td>9:20-9:40<\/td>\n<td>Carole Tiberius, Kris Heylen, Bram Vanroy, Vincent Vandeghinste, Jesse de Does and Job van Doeselaar<\/td>\n<td>LLMs and evidence-based lexicography: pilot studies at INT<\/td>\n<\/tr>\n<tr>\n<td>9:40-10:00<\/td>\n<td>Radovan Garab\u00edk and Vladim\u00edr Benko<\/td>\n<td>An Experiment with LLM for Lexicography<\/td>\n<\/tr>\n<tr>\n<td>10:00-10:20<\/td>\n<td>Iztok Kosem, Polona Gantar, \u0160pela Arhar Holdt, Magdalena Gapsa, Karolina Zgaga, Simon Krek<\/td>\n<td>AI in lexicography at the University of Ljubljana: case studies<\/td>\n<\/tr>\n<tr>\n<td>10:20-10:40<\/td>\n<td>Marko Tadi\u0107<\/td>\n<td>Can LLMs really generate new words?<\/td>\n<\/tr>\n<tr>\n<td>10:40-11:00<\/td>\n<td style=\"text-align: center;\" colspan=\"2\"><strong>Coffee break<\/strong><\/td>\n<\/tr>\n<tr>\n<td>11:00-11:20<\/td>\n<td>Carole Tiberius, Elisabetta Je\u017eek, Annachiara Clementelli and Lut Colman<\/td>\n<td>Automating Corpus Pattern Analysis: a cross-lingual pilot study for Dutch and Italian<\/td>\n<\/tr>\n<tr>\n<td>11:20-11:40<\/td>\n<td>Nataliia Cheilytko and Ruprecht von Waldenfels<\/td>\n<td>Semantic Change and Lexical Variation in Ukrainian with Vector Representation and LLM<\/td>\n<\/tr>\n<tr>\n<td>11:40-12:00<\/td>\n<td>Ivana Filipovi\u0107 Petrovi\u0107 and Slobodan Beliga<\/td>\n<td>\u00a0Lexicographic treatment of idioms and large language models: what will rise to the surface?<\/td>\n<\/tr>\n<tr>\n<td>12:00-12:20<\/td>\n<td>Pauline Sander, Simon Hengchen, Wei Zhao, Xiaocheng Ma, Emma Sk\u00f6ldberg, Shafqat Virk and Dominik Schlechtweg<\/td>\n<td>The DURel Annotation Tool: Using fine-tuned LLMs to discover non-recorded senses in multiple languages<\/td>\n<\/tr>\n<tr>\n<td>12:20-12:40<\/td>\n<td>Gilles-Maurice de Schryver<\/td>\n<td>The road towards fine-tuned LLMs for lexicography<\/td>\n<\/tr>\n<tr>\n<td>12:40-13:00<\/td>\n<td style=\"text-align: center;\" colspan=\"2\"><strong>Discussion<\/strong><\/td>\n<\/tr>\n<\/tbody>\n<\/table>\n<p>The deadline for the submission of extended abstracts with a maximum of\u00a0<strong>1500 words<\/strong>, excluding references, tables, and figures, is\u00a0<strong><del>June 3rd, 2024<\/del> (<span style=\"color: #ff0000;\">new deadline: June 10th<\/span>)<\/strong>. Authors will be notified about acceptance\/rejection by\u00a0<strong>July 2nd, 2024<\/strong>. The deadline for the final submission of accepted abstracts is\u00a0<strong><del>September 2nd, 2024<\/del> (<span style=\"color: #ff0000;\">new deadline: September 11th<\/span>)<\/strong>.<\/p>\n<p>Accepted abstracts will be published in the Book of abstracts before the workshop.<\/p>\n<p><strong>Submission link<\/strong>: <a href=\"https:\/\/easychair.org\/cfp\/LLM-Lex_2024\">EasyChair (LLM-Lex 2024) abstract submission<\/a><\/p>\n<hr \/>\n<p class=\"wp-block-heading\">Chair: <strong>Simon Krek<\/strong><\/p>\n<p>Organisation: <strong>Tina Munda<\/strong> (contact: &#x74;i&#x6e;a&#x2e;&#109;&#x75;&#110;d&#x61;&#64;&#x63;&#106;&#x76;&#116;&#x2e;&#115;i)<\/p>\n<hr \/>\n<p>Reviewers:<\/p>\n<p>Polona Gantar, University of Ljubljana, Slovenia<\/p>\n<p>Milo\u0161 Jakub\u00ed\u010dek, Lexical Computing, Brno, Czechia<\/p>\n<p>Ilan Kernerman, Lexicala by K Dictionaries, Israel<\/p>\n<p>Annette Klosa, Leibniz-Institut f\u00fcr Deutsche Sprache, Mannheim, Germany<\/p>\n<p>Iztok Kosem, University of Ljubljana, Slovenia<\/p>\n<p>Simon Krek, Jo\u017eef Stefan Institute, Ljubljana, Slovenia<\/p>\n<p>Rusudan Makhachashvili, Borys Grinchenko Kyiv Metropolitan University, Ukraine<\/p>\n<p>John McCrae, University of Galway, Ireland<\/p>\n<p>Sanni Nimb, Society for Danish Language and Literature, Copenhagen, Denmark<\/p>\n<p>Sussi Olsen, University of Copenhagen, Denmark<\/p>\n<p>Bolette Sandford Pedersen, University of Copenhagen, Denmark<\/p>\n<p>Ranka Stankovi\u0107, University of Belgrade, Faculty of Mining and Geology, Serbia<\/p>\n<p>Carole Tiberius, Instituut voor de Nederlandse Taal, Leiden. the Netherlands<\/p>\n<\/div><\/section>\n","protected":false},"excerpt":{"rendered":"","protected":false},"author":6,"featured_media":0,"parent":2179,"menu_order":0,"comment_status":"closed","ping_status":"closed","template":"","meta":{"_acf_changed":false,"_relevanssi_hide_post":"","_relevanssi_hide_content":"","_relevanssi_pin_for_all":"","_relevanssi_pin_keywords":"","_relevanssi_unpin_keywords":"","_relevanssi_related_keywords":"","_relevanssi_related_include_ids":"","_relevanssi_related_exclude_ids":"","_relevanssi_related_no_append":"","_relevanssi_related_not_related":"","_relevanssi_related_posts":"","_relevanssi_noindex_reason":"","inline_featured_image":false,"episode_type":"","audio_file":"","podmotor_file_id":"","podmotor_episode_id":"","cover_image":"","cover_image_id":"","duration":"","filesize":"","filesize_raw":"","date_recorded":"","explicit":"","block":"","itunes_episode_number":"","itunes_title":"","itunes_season_number":"","itunes_episode_type":"","footnotes":""},"class_list":["post-5919","page","type-page","status-publish","hentry"],"acf":[],"yoast_head":"<!-- This site is optimized with the Yoast SEO plugin v27.3 - https:\/\/yoast.com\/product\/yoast-seo-wordpress\/ -->\n<title>LLM-Lex 2024 - CJVT<\/title>\n<meta name=\"robots\" content=\"index, follow, max-snippet:-1, max-image-preview:large, max-video-preview:-1\" \/>\n<link rel=\"canonical\" href=\"https:\/\/www.cjvt.si\/en\/research\/community\/llm-lex-2024\/\" \/>\n<meta property=\"og:locale\" content=\"en_US\" \/>\n<meta property=\"og:type\" content=\"article\" \/>\n<meta property=\"og:title\" content=\"LLM-Lex 2024 - CJVT\" \/>\n<meta property=\"og:url\" content=\"https:\/\/www.cjvt.si\/en\/research\/community\/llm-lex-2024\/\" \/>\n<meta property=\"og:site_name\" content=\"CJVT\" \/>\n<meta property=\"article:publisher\" content=\"https:\/\/www.facebook.com\/centerzajezikovnevireintehnologije\" \/>\n<meta property=\"article:modified_time\" content=\"2024-10-07T20:43:30+00:00\" \/>\n<meta name=\"twitter:card\" content=\"summary_large_image\" \/>\n<meta name=\"twitter:label1\" content=\"Est. reading time\" \/>\n\t<meta name=\"twitter:data1\" content=\"4 minutes\" \/>\n<script type=\"application\/ld+json\" class=\"yoast-schema-graph\">{\"@context\":\"https:\\\/\\\/schema.org\",\"@graph\":[{\"@type\":\"WebPage\",\"@id\":\"https:\\\/\\\/www.cjvt.si\\\/en\\\/research\\\/community\\\/llm-lex-2024\\\/\",\"url\":\"https:\\\/\\\/www.cjvt.si\\\/en\\\/research\\\/community\\\/llm-lex-2024\\\/\",\"name\":\"LLM-Lex 2024 - CJVT\",\"isPartOf\":{\"@id\":\"https:\\\/\\\/www.cjvt.si\\\/en\\\/#website\"},\"datePublished\":\"2024-02-20T13:36:51+00:00\",\"dateModified\":\"2024-10-07T20:43:30+00:00\",\"breadcrumb\":{\"@id\":\"https:\\\/\\\/www.cjvt.si\\\/en\\\/research\\\/community\\\/llm-lex-2024\\\/#breadcrumb\"},\"inLanguage\":\"en-US\",\"potentialAction\":[{\"@type\":\"ReadAction\",\"target\":[\"https:\\\/\\\/www.cjvt.si\\\/en\\\/research\\\/community\\\/llm-lex-2024\\\/\"]}]},{\"@type\":\"BreadcrumbList\",\"@id\":\"https:\\\/\\\/www.cjvt.si\\\/en\\\/research\\\/community\\\/llm-lex-2024\\\/#breadcrumb\",\"itemListElement\":[{\"@type\":\"ListItem\",\"position\":1,\"name\":\"Home\",\"item\":\"https:\\\/\\\/www.cjvt.si\\\/en\\\/\"},{\"@type\":\"ListItem\",\"position\":2,\"name\":\"Research\",\"item\":\"https:\\\/\\\/www.cjvt.si\\\/en\\\/research\\\/\"},{\"@type\":\"ListItem\",\"position\":3,\"name\":\"Community\",\"item\":\"https:\\\/\\\/www.cjvt.si\\\/en\\\/research\\\/community\\\/\"},{\"@type\":\"ListItem\",\"position\":4,\"name\":\"LLM-Lex 2024\"}]},{\"@type\":\"WebSite\",\"@id\":\"https:\\\/\\\/www.cjvt.si\\\/en\\\/#website\",\"url\":\"https:\\\/\\\/www.cjvt.si\\\/en\\\/\",\"name\":\"CJVT\",\"description\":\"Center za jezikovne vire in tehnologije\",\"publisher\":{\"@id\":\"https:\\\/\\\/www.cjvt.si\\\/en\\\/#organization\"},\"potentialAction\":[{\"@type\":\"SearchAction\",\"target\":{\"@type\":\"EntryPoint\",\"urlTemplate\":\"https:\\\/\\\/www.cjvt.si\\\/en\\\/?s={search_term_string}\"},\"query-input\":{\"@type\":\"PropertyValueSpecification\",\"valueRequired\":true,\"valueName\":\"search_term_string\"}}],\"inLanguage\":\"en-US\"},{\"@type\":\"Organization\",\"@id\":\"https:\\\/\\\/www.cjvt.si\\\/en\\\/#organization\",\"name\":\"CJVT\",\"url\":\"https:\\\/\\\/www.cjvt.si\\\/en\\\/\",\"logo\":{\"@type\":\"ImageObject\",\"inLanguage\":\"en-US\",\"@id\":\"https:\\\/\\\/www.cjvt.si\\\/en\\\/#\\\/schema\\\/logo\\\/image\\\/\",\"url\":\"https:\\\/\\\/www.cjvt.si\\\/wp-content\\\/uploads\\\/2020\\\/06\\\/CJVT-logo-red.jpg\",\"contentUrl\":\"https:\\\/\\\/www.cjvt.si\\\/wp-content\\\/uploads\\\/2020\\\/06\\\/CJVT-logo-red.jpg\",\"width\":1300,\"height\":683,\"caption\":\"CJVT\"},\"image\":{\"@id\":\"https:\\\/\\\/www.cjvt.si\\\/en\\\/#\\\/schema\\\/logo\\\/image\\\/\"},\"sameAs\":[\"https:\\\/\\\/www.facebook.com\\\/centerzajezikovnevireintehnologije\"]}]}<\/script>\n<!-- \/ Yoast SEO plugin. -->","yoast_head_json":{"title":"LLM-Lex 2024 - CJVT","robots":{"index":"index","follow":"follow","max-snippet":"max-snippet:-1","max-image-preview":"max-image-preview:large","max-video-preview":"max-video-preview:-1"},"canonical":"https:\/\/www.cjvt.si\/en\/research\/community\/llm-lex-2024\/","og_locale":"en_US","og_type":"article","og_title":"LLM-Lex 2024 - CJVT","og_url":"https:\/\/www.cjvt.si\/en\/research\/community\/llm-lex-2024\/","og_site_name":"CJVT","article_publisher":"https:\/\/www.facebook.com\/centerzajezikovnevireintehnologije","article_modified_time":"2024-10-07T20:43:30+00:00","twitter_card":"summary_large_image","twitter_misc":{"Est. reading time":"4 minutes"},"schema":{"@context":"https:\/\/schema.org","@graph":[{"@type":"WebPage","@id":"https:\/\/www.cjvt.si\/en\/research\/community\/llm-lex-2024\/","url":"https:\/\/www.cjvt.si\/en\/research\/community\/llm-lex-2024\/","name":"LLM-Lex 2024 - CJVT","isPartOf":{"@id":"https:\/\/www.cjvt.si\/en\/#website"},"datePublished":"2024-02-20T13:36:51+00:00","dateModified":"2024-10-07T20:43:30+00:00","breadcrumb":{"@id":"https:\/\/www.cjvt.si\/en\/research\/community\/llm-lex-2024\/#breadcrumb"},"inLanguage":"en-US","potentialAction":[{"@type":"ReadAction","target":["https:\/\/www.cjvt.si\/en\/research\/community\/llm-lex-2024\/"]}]},{"@type":"BreadcrumbList","@id":"https:\/\/www.cjvt.si\/en\/research\/community\/llm-lex-2024\/#breadcrumb","itemListElement":[{"@type":"ListItem","position":1,"name":"Home","item":"https:\/\/www.cjvt.si\/en\/"},{"@type":"ListItem","position":2,"name":"Research","item":"https:\/\/www.cjvt.si\/en\/research\/"},{"@type":"ListItem","position":3,"name":"Community","item":"https:\/\/www.cjvt.si\/en\/research\/community\/"},{"@type":"ListItem","position":4,"name":"LLM-Lex 2024"}]},{"@type":"WebSite","@id":"https:\/\/www.cjvt.si\/en\/#website","url":"https:\/\/www.cjvt.si\/en\/","name":"CJVT","description":"Center za jezikovne vire in tehnologije","publisher":{"@id":"https:\/\/www.cjvt.si\/en\/#organization"},"potentialAction":[{"@type":"SearchAction","target":{"@type":"EntryPoint","urlTemplate":"https:\/\/www.cjvt.si\/en\/?s={search_term_string}"},"query-input":{"@type":"PropertyValueSpecification","valueRequired":true,"valueName":"search_term_string"}}],"inLanguage":"en-US"},{"@type":"Organization","@id":"https:\/\/www.cjvt.si\/en\/#organization","name":"CJVT","url":"https:\/\/www.cjvt.si\/en\/","logo":{"@type":"ImageObject","inLanguage":"en-US","@id":"https:\/\/www.cjvt.si\/en\/#\/schema\/logo\/image\/","url":"https:\/\/www.cjvt.si\/wp-content\/uploads\/2020\/06\/CJVT-logo-red.jpg","contentUrl":"https:\/\/www.cjvt.si\/wp-content\/uploads\/2020\/06\/CJVT-logo-red.jpg","width":1300,"height":683,"caption":"CJVT"},"image":{"@id":"https:\/\/www.cjvt.si\/en\/#\/schema\/logo\/image\/"},"sameAs":["https:\/\/www.facebook.com\/centerzajezikovnevireintehnologije"]}]}},"_links":{"self":[{"href":"https:\/\/www.cjvt.si\/en\/wp-json\/wp\/v2\/pages\/5919","targetHints":{"allow":["GET"]}}],"collection":[{"href":"https:\/\/www.cjvt.si\/en\/wp-json\/wp\/v2\/pages"}],"about":[{"href":"https:\/\/www.cjvt.si\/en\/wp-json\/wp\/v2\/types\/page"}],"author":[{"embeddable":true,"href":"https:\/\/www.cjvt.si\/en\/wp-json\/wp\/v2\/users\/6"}],"replies":[{"embeddable":true,"href":"https:\/\/www.cjvt.si\/en\/wp-json\/wp\/v2\/comments?post=5919"}],"version-history":[{"count":39,"href":"https:\/\/www.cjvt.si\/en\/wp-json\/wp\/v2\/pages\/5919\/revisions"}],"predecessor-version":[{"id":6483,"href":"https:\/\/www.cjvt.si\/en\/wp-json\/wp\/v2\/pages\/5919\/revisions\/6483"}],"up":[{"embeddable":true,"href":"https:\/\/www.cjvt.si\/en\/wp-json\/wp\/v2\/pages\/2179"}],"wp:attachment":[{"href":"https:\/\/www.cjvt.si\/en\/wp-json\/wp\/v2\/media?parent=5919"}],"curies":[{"name":"wp","href":"https:\/\/api.w.org\/{rel}","templated":true}]}}