{"id":7869,"date":"2025-12-10T08:37:48","date_gmt":"2025-12-10T07:37:48","guid":{"rendered":"https:\/\/www.cjvt.si\/?page_id=7869"},"modified":"2025-12-10T08:38:07","modified_gmt":"2025-12-10T07:38:07","slug":"luka-tercon","status":"publish","type":"page","link":"https:\/\/www.cjvt.si\/en\/about\/researchers\/luka-tercon\/","title":{"rendered":"Luka Ter\u010don"},"content":{"rendered":"<div class='flex_column_table av-equal-height-column-flextable -flextable' style='margin-top:0px; margin-bottom:36px; '><div class=\"flex_column av_one_third  flex_column_table_cell av-equal-height-column av-align-middle av-zero-column-padding first  avia-builder-el-0  el_before_av_one_third  avia-builder-el-first  \" style='border-radius:0px; '><section class=\"av_textblock_section \"  itemscope=\"itemscope\" itemtype=\"https:\/\/schema.org\/CreativeWork\" ><div class='avia_textblock  '   itemprop=\"text\" ><h1>Luka Ter\u010don<\/h1>\n<\/div><\/section><\/div><div class='av-flex-placeholder'><\/div><div class=\"flex_column av_one_third  flex_column_table_cell av-equal-height-column av-align-middle av-zero-column-padding   avia-builder-el-2  el_after_av_one_third  el_before_av_one_third  \" style='border-radius:0px; '><p><div  class='avia-button-wrap avia-button-left  avia-builder-el-3  el_before_av_button  avia-builder-el-first  gumb-sodelavci-levo' title=\"JAKA \u010cIBEJ\"><a href='https:\/\/www.cjvt.si\/en\/about\/researchers\/jaka-cibej\/'  class='avia-button  av-button-notext   avia-icon_select-yes-left-icon avia-color-theme-color avia-size-small avia-position-left '   ><span class='avia_button_icon avia_button_icon_left ' aria-hidden='true' data-av_icon='\ue87c' data-av_iconfont='entypo-fontello'><\/span><span class='avia_iconbox_title' ><\/span><\/a><\/div><br \/>\n<div  class='avia-button-wrap avia-button-left  avia-builder-el-4  el_after_av_button  avia-builder-el-last  gumb-sodelavci-desno' title=\"POLONA GANTAR\"><a href='https:\/\/www.cjvt.si\/en\/about\/researchers\/polona-gantar\/'  class='avia-button  av-button-notext   avia-icon_select-yes-right-icon avia-color-theme-color avia-size-small avia-position-left '   ><span class='avia_iconbox_title' ><\/span><span class='avia_button_icon avia_button_icon_right' aria-hidden='true' data-av_icon='\ue87d' data-av_iconfont='entypo-fontello'><\/span><\/a><\/div><\/p><\/div><\/p>\n<div class='av-flex-placeholder'><\/div><div class=\"flex_column av_one_third  flex_column_table_cell av-equal-height-column av-align-middle av-zero-column-padding   avia-builder-el-5  el_after_av_one_third  el_before_av_one_third  \" style='border-radius:0px; '><\/div><\/div><!--close column table wrapper. Autoclose: 1 -->\n<div class='flex_column_table av-equal-height-column-flextable -flextable' ><div class=\"flex_column av_one_third  flex_column_table_cell av-equal-height-column av-align-top av-zero-column-padding first  avia-builder-el-6  el_after_av_one_third  el_before_av_one_third  column-top-margin\" style='border-radius:0px; '><div  class='avia-image-container  av-styling-no-styling    avia-builder-el-7  avia-builder-el-no-sibling  avia-align-center '  itemprop=\"image\" itemscope=\"itemscope\" itemtype=\"https:\/\/schema.org\/ImageObject\"  ><div class='avia-image-container-inner'><div class='avia-image-overlay-wrap'><img class='avia_image' src='https:\/\/www.cjvt.si\/wp-content\/uploads\/2025\/12\/luka_tercon_0.png' alt='' title='luka_ter\u010don_0' height=\"800\" width=\"600\"  itemprop=\"thumbnailUrl\"  \/><\/div><\/div><\/div><\/div><div class='av-flex-placeholder'><\/div><div class=\"flex_column av_one_third  flex_column_table_cell av-equal-height-column av-align-top   avia-builder-el-8  el_after_av_one_third  el_before_av_one_third  column-top-margin\" style='padding:30px 0px 0px 0px ; border-radius:0px 0px 0px 0px ; '><section class=\"av_textblock_section \"  itemscope=\"itemscope\" itemtype=\"https:\/\/schema.org\/CreativeWork\" ><div class='avia_textblock  '   itemprop=\"text\" ><h3 class=\"zn_text_box-title zn_text_box-title--style1 text-custom\">RESEARCH INTERESTS<\/h3>\n<\/div><\/section><br \/>\n<div  style='height:20px' class='hr hr-invisible   avia-builder-el-10  el_after_av_textblock  el_before_av_textblock '><span class='hr-inner ' ><span class='hr-inner-style'><\/span><\/span><\/div><br \/>\n<section class=\"av_textblock_section \"  itemscope=\"itemscope\" itemtype=\"https:\/\/schema.org\/CreativeWork\" ><div class='avia_textblock  '   itemprop=\"text\" ><ul>\n<li>corpus linguistics<\/li>\n<li>dependency parsing<\/li>\n<li>discourse analysis<\/li>\n<li>spoken language<\/li>\n<li>natural language processing<\/li>\n<\/ul>\n<\/div><\/section><\/p><\/div><\/p>\n<div class='av-flex-placeholder'><\/div><div class=\"flex_column av_one_third  flex_column_table_cell av-equal-height-column av-align-top   avia-builder-el-12  el_after_av_one_third  el_before_av_two_third  sticky-stolpec column-top-margin\" style='background: #f0f0f0; padding:30px; background-color:#f0f0f0; border-radius:0px; '><section class=\"av_textblock_section \"  itemscope=\"itemscope\" itemtype=\"https:\/\/schema.org\/CreativeWork\" ><div class='avia_textblock  '   itemprop=\"text\" ><h3 class=\"zn_text_box-title zn_text_box-title--style1 text-custom\">LINKS AND CONTACT<\/h3>\n<\/div><\/section><br \/>\n<div  style='height:20px' class='hr hr-invisible   avia-builder-el-14  el_after_av_textblock  el_before_av_textblock '><span class='hr-inner ' ><span class='hr-inner-style'><\/span><\/span><\/div><br \/>\n<section class=\"av_textblock_section \"  itemscope=\"itemscope\" itemtype=\"https:\/\/schema.org\/CreativeWork\" ><div class='avia_textblock  '   itemprop=\"text\" ><ul>\n<li>E-mail: <a href=\"&#x6d;&#x61;&#x69;&#108;&#116;o:&#x75;&#x6b;&#x61;&#x2e;&#116;&#101;rc&#x6f;&#x6e;&#x40;&#102;&#102;&#46;un&#x69;&#x2d;&#x6c;&#106;&#46;si\" target=\"_blank\" rel=\"noopener\">luka&#46;&#116;&#101;&#114;&#99;&#x6f;&#x6e;&#x40;&#x66;&#x66;&#x2e;&#x75;ni-l&#106;&#46;&#115;&#105;<\/a><\/li>\n<li>SICRIS:\u00a0<a href=\"https:\/\/cris.cobiss.net\/ecris\/si\/sl\/researcher\/55159\" rel=\"noopener\">58009<\/a><\/li>\n<li><a href=\"https:\/\/www.ff.uni-lj.si\/zaposleni\/luka-tercon\" rel=\"noopener\">Faculty of Arts, University of Ljubljana<\/a><\/li>\n<li><a href=\"https:\/\/fri.uni-lj.si\/sl\/o-fakulteti\/osebje\/luka-tercon\" rel=\"noopener\">Faculty of Computer and Information Science, University of Ljubljana<\/a><\/li>\n<\/ul>\n<\/div><\/section><\/p><\/div><\/div><!--close column table wrapper. Autoclose: 1 --><div class=\"flex_column av_two_third  flex_column_div av-zero-column-padding first  avia-builder-el-16  el_after_av_one_third  el_before_av_one_third  column-top-margin\" style='border-radius:0px; '><section class=\"av_textblock_section \"  itemscope=\"itemscope\" itemtype=\"https:\/\/schema.org\/CreativeWork\" ><div class='avia_textblock  '   itemprop=\"text\" ><h3 class=\"zn_text_box-title zn_text_box-title--style1 text-custom\">PROJECTS<\/h3>\n<\/div><\/section><br \/>\n<div  style='height:20px' class='hr hr-invisible   avia-builder-el-18  el_after_av_textblock  el_before_av_textblock '><span class='hr-inner ' ><span class='hr-inner-style'><\/span><\/span><\/div><br \/>\n<section class=\"av_textblock_section \"  itemscope=\"itemscope\" itemtype=\"https:\/\/schema.org\/CreativeWork\" ><div class='avia_textblock  '   itemprop=\"text\" ><div class=\"flex_column av_two_third flex_column_div av-zero-column-padding first \">\n<section class=\"av_textblock_section \">\n<div class=\"avia_textblock \">\n<p><a href=\"https:\/\/www.cjvt.si\/llm4dh\/\" target=\"_blank\" rel=\"noopener\">Veliki jezikovni modeli za digitalno humanistiko (LLM4DH)<\/a><\/p>\n<p><a href=\"https:\/\/www.cjvt.si\/povejmo\/\" target=\"_blank\" rel=\"noopener\">Prilagodljiva obdelava naravnega jezika s pomo\u010djo velikih jezikovnih modelov (PoVeJMo)<\/a><\/p>\n<div class=\"wp-block-kadence-column kadence-column26_7262aa-03 inner-column-2\">\n<div class=\"kt-inside-inner-col\"><a href=\"https:\/\/spot.ff.uni-lj.si\/\" rel=\"noopener\">Na drevesnici temelje\u010d pristop k raziskavam govorjene sloven\u0161\u010dine (SPOT)<\/a><\/div>\n<\/div>\n<p><a href=\"https:\/\/www.slovenscina.eu\/\">Razvoj sloven\u0161\u010dine v digitalnem okolju<\/a><\/p>\n<\/div>\n<\/section>\n<\/div>\n<\/div><\/section><\/p><\/div><div class=\"flex_column av_one_third  flex_column_div av-zero-column-padding   avia-builder-el-20  el_after_av_two_third  el_before_av_two_third  column-top-margin\" style='border-radius:0px; '><\/div><\/p>\n<div class=\"flex_column av_two_third  flex_column_div av-zero-column-padding first  avia-builder-el-21  el_after_av_one_third  el_before_av_one_third  column-top-margin\" style='border-radius:0px; '><section class=\"av_textblock_section \"  itemscope=\"itemscope\" itemtype=\"https:\/\/schema.org\/CreativeWork\" ><div class='avia_textblock  '   itemprop=\"text\" ><h3 class=\"zn_text_box-title zn_text_box-title--style1 text-custom\">SELECTED PUBLICATIONS<\/h3>\n<\/div><\/section><br \/>\n<section class=\"av_textblock_section \"  itemscope=\"itemscope\" itemtype=\"https:\/\/schema.org\/CreativeWork\" ><div class='avia_textblock  '   itemprop=\"text\" ><p>Tercon, L. (2024). Uporaba \u0161estih mer skladenjske kompleksnosti za primerjavo jezika v govornem in pisnem korpusu.\u00a0<em>Jezikovne tehnologije in digitalna humanistika<\/em>, 668-686.\u00a0<a href=\"https:\/\/www.sdjt.si\/wp\/wp-content\/uploads\/2024\/09\/JT-DH_2024_Tercon.pdf\">https:\/\/www.sdjt.si\/wp\/wp-content\/uploads\/2024\/09\/JT-DH_2024_Tercon.pdf<\/a>.<\/p>\n<p>Ter\u010don, L., &amp; Dobrovoljc, K. (2025, August). Comparatree: A multi-level comparative treebank analysis tool. V\u00a0<em>Proceedings of the 23rd International Workshop on Treebanks and Linguistic Theories (TLT, SyntaxFest 2025)<\/em>\u00a0(pp. 129-139).\u00a0<a href=\"https:\/\/aclanthology.org\/2025.tlt-1.15\/\">https:\/\/aclanthology.org\/2025.tlt-1.15\/<\/a>.<\/p>\n<p>Ter\u010don, L., &amp; Ljube\u0161i\u0107, N. (2023). CLASSLA-Stanza: The next step for linguistic processing of South Slavic languages.\u00a0<em>arXiv<\/em>.\u00a0<a href=\"https:\/\/doi.org\/10.48550\/arXiv.2308.04255\">https:\/\/doi.org\/10.48550\/arXiv.2308.04255<\/a>.<\/p>\n<p>Dobrovoljc, K., Ter\u010don, L., &amp; Ljube\u0161i\u0107, N. (2023). Universal Dependencies za sloven\u0161\u010dino: nove smernice, ro\u010dno ozna\u010deni podatki in raz\u010dlenjevalni model.\u00a0<em>Sloven\u0161\u010dina 2.0: empiri\u010dne, aplikativne in interdisciplinarne raziskave<\/em>,\u00a0<em>11<\/em>(1), 218-246.\u00a0<a href=\"https:\/\/doi.org\/10.4312\/slo2.0.2023.1.218-246\">https:\/\/doi.org\/10.4312\/slo2.0.2023.1.218-246<\/a>.<\/p>\n<p>Ter\u010don, L., &amp; Dobrovoljc, K. (2025). Linguistic Characteristics of AI-Generated Text: A Survey.\u00a0<em>arXiv<\/em>.\u00a0<a href=\"https:\/\/doi.org\/10.48550\/arXiv.2510.05136\">https:\/\/doi.org\/10.48550\/arXiv.2510.05136<\/a>.<\/p>\n<\/div><\/section><br \/>\n<div  style='height:20px' class='hr hr-invisible   avia-builder-el-24  el_after_av_textblock  avia-builder-el-last '><span class='hr-inner ' ><span class='hr-inner-style'><\/span><\/span><\/div><\/p><\/div><div class=\"flex_column av_one_third  flex_column_div av-zero-column-padding   avia-builder-el-25  el_after_av_two_third  avia-builder-el-last  column-top-margin\" style='border-radius:0px; '><\/div><\/p>\n","protected":false},"excerpt":{"rendered":"","protected":false},"author":19,"featured_media":0,"parent":2129,"menu_order":0,"comment_status":"closed","ping_status":"closed","template":"","meta":{"_acf_changed":false,"_relevanssi_hide_post":"","_relevanssi_hide_content":"","_relevanssi_pin_for_all":"","_relevanssi_pin_keywords":"","_relevanssi_unpin_keywords":"","_relevanssi_related_keywords":"","_relevanssi_related_include_ids":"","_relevanssi_related_exclude_ids":"","_relevanssi_related_no_append":"","_relevanssi_related_not_related":"","_relevanssi_related_posts":"","_relevanssi_noindex_reason":"","inline_featured_image":false,"episode_type":"","audio_file":"","podmotor_file_id":"","podmotor_episode_id":"","cover_image":"","cover_image_id":"","duration":"","filesize":"","filesize_raw":"","date_recorded":"","explicit":"","block":"","itunes_episode_number":"","itunes_title":"","itunes_season_number":"","itunes_episode_type":"","footnotes":""},"class_list":["post-7869","page","type-page","status-publish","hentry"],"acf":[],"yoast_head":"<!-- This site is optimized with the Yoast SEO plugin v27.3 - https:\/\/yoast.com\/product\/yoast-seo-wordpress\/ -->\n<title>Luka Ter\u010don - CJVT<\/title>\n<meta name=\"robots\" content=\"index, follow, max-snippet:-1, max-image-preview:large, max-video-preview:-1\" \/>\n<link rel=\"canonical\" href=\"https:\/\/www.cjvt.si\/en\/about\/researchers\/luka-tercon\/\" \/>\n<meta property=\"og:locale\" content=\"en_US\" \/>\n<meta property=\"og:type\" content=\"article\" \/>\n<meta property=\"og:title\" content=\"Luka Ter\u010don - CJVT\" \/>\n<meta property=\"og:url\" content=\"https:\/\/www.cjvt.si\/en\/about\/researchers\/luka-tercon\/\" \/>\n<meta property=\"og:site_name\" content=\"CJVT\" \/>\n<meta property=\"article:publisher\" content=\"https:\/\/www.facebook.com\/centerzajezikovnevireintehnologije\" \/>\n<meta property=\"article:modified_time\" content=\"2025-12-10T07:38:07+00:00\" \/>\n<meta name=\"twitter:card\" content=\"summary_large_image\" \/>\n<meta name=\"twitter:label1\" content=\"Est. reading time\" \/>\n\t<meta name=\"twitter:data1\" content=\"5 minutes\" \/>\n<script type=\"application\/ld+json\" class=\"yoast-schema-graph\">{\"@context\":\"https:\\\/\\\/schema.org\",\"@graph\":[{\"@type\":\"WebPage\",\"@id\":\"https:\\\/\\\/www.cjvt.si\\\/en\\\/about\\\/researchers\\\/luka-tercon\\\/\",\"url\":\"https:\\\/\\\/www.cjvt.si\\\/en\\\/about\\\/researchers\\\/luka-tercon\\\/\",\"name\":\"Luka Ter\u010don - CJVT\",\"isPartOf\":{\"@id\":\"https:\\\/\\\/www.cjvt.si\\\/en\\\/#website\"},\"datePublished\":\"2025-12-10T07:37:48+00:00\",\"dateModified\":\"2025-12-10T07:38:07+00:00\",\"breadcrumb\":{\"@id\":\"https:\\\/\\\/www.cjvt.si\\\/en\\\/about\\\/researchers\\\/luka-tercon\\\/#breadcrumb\"},\"inLanguage\":\"en-US\",\"potentialAction\":[{\"@type\":\"ReadAction\",\"target\":[\"https:\\\/\\\/www.cjvt.si\\\/en\\\/about\\\/researchers\\\/luka-tercon\\\/\"]}]},{\"@type\":\"BreadcrumbList\",\"@id\":\"https:\\\/\\\/www.cjvt.si\\\/en\\\/about\\\/researchers\\\/luka-tercon\\\/#breadcrumb\",\"itemListElement\":[{\"@type\":\"ListItem\",\"position\":1,\"name\":\"Home\",\"item\":\"https:\\\/\\\/www.cjvt.si\\\/en\\\/\"},{\"@type\":\"ListItem\",\"position\":2,\"name\":\"About\",\"item\":\"https:\\\/\\\/www.cjvt.si\\\/en\\\/about\\\/\"},{\"@type\":\"ListItem\",\"position\":3,\"name\":\"Researchers\",\"item\":\"https:\\\/\\\/www.cjvt.si\\\/en\\\/about\\\/researchers\\\/\"},{\"@type\":\"ListItem\",\"position\":4,\"name\":\"Luka Ter\u010don\"}]},{\"@type\":\"WebSite\",\"@id\":\"https:\\\/\\\/www.cjvt.si\\\/en\\\/#website\",\"url\":\"https:\\\/\\\/www.cjvt.si\\\/en\\\/\",\"name\":\"CJVT\",\"description\":\"Center za jezikovne vire in tehnologije\",\"publisher\":{\"@id\":\"https:\\\/\\\/www.cjvt.si\\\/en\\\/#organization\"},\"potentialAction\":[{\"@type\":\"SearchAction\",\"target\":{\"@type\":\"EntryPoint\",\"urlTemplate\":\"https:\\\/\\\/www.cjvt.si\\\/en\\\/?s={search_term_string}\"},\"query-input\":{\"@type\":\"PropertyValueSpecification\",\"valueRequired\":true,\"valueName\":\"search_term_string\"}}],\"inLanguage\":\"en-US\"},{\"@type\":\"Organization\",\"@id\":\"https:\\\/\\\/www.cjvt.si\\\/en\\\/#organization\",\"name\":\"CJVT\",\"url\":\"https:\\\/\\\/www.cjvt.si\\\/en\\\/\",\"logo\":{\"@type\":\"ImageObject\",\"inLanguage\":\"en-US\",\"@id\":\"https:\\\/\\\/www.cjvt.si\\\/en\\\/#\\\/schema\\\/logo\\\/image\\\/\",\"url\":\"https:\\\/\\\/www.cjvt.si\\\/wp-content\\\/uploads\\\/2020\\\/06\\\/CJVT-logo-red.jpg\",\"contentUrl\":\"https:\\\/\\\/www.cjvt.si\\\/wp-content\\\/uploads\\\/2020\\\/06\\\/CJVT-logo-red.jpg\",\"width\":1300,\"height\":683,\"caption\":\"CJVT\"},\"image\":{\"@id\":\"https:\\\/\\\/www.cjvt.si\\\/en\\\/#\\\/schema\\\/logo\\\/image\\\/\"},\"sameAs\":[\"https:\\\/\\\/www.facebook.com\\\/centerzajezikovnevireintehnologije\"]}]}<\/script>\n<!-- \/ Yoast SEO plugin. -->","yoast_head_json":{"title":"Luka Ter\u010don - CJVT","robots":{"index":"index","follow":"follow","max-snippet":"max-snippet:-1","max-image-preview":"max-image-preview:large","max-video-preview":"max-video-preview:-1"},"canonical":"https:\/\/www.cjvt.si\/en\/about\/researchers\/luka-tercon\/","og_locale":"en_US","og_type":"article","og_title":"Luka Ter\u010don - CJVT","og_url":"https:\/\/www.cjvt.si\/en\/about\/researchers\/luka-tercon\/","og_site_name":"CJVT","article_publisher":"https:\/\/www.facebook.com\/centerzajezikovnevireintehnologije","article_modified_time":"2025-12-10T07:38:07+00:00","twitter_card":"summary_large_image","twitter_misc":{"Est. reading time":"5 minutes"},"schema":{"@context":"https:\/\/schema.org","@graph":[{"@type":"WebPage","@id":"https:\/\/www.cjvt.si\/en\/about\/researchers\/luka-tercon\/","url":"https:\/\/www.cjvt.si\/en\/about\/researchers\/luka-tercon\/","name":"Luka Ter\u010don - CJVT","isPartOf":{"@id":"https:\/\/www.cjvt.si\/en\/#website"},"datePublished":"2025-12-10T07:37:48+00:00","dateModified":"2025-12-10T07:38:07+00:00","breadcrumb":{"@id":"https:\/\/www.cjvt.si\/en\/about\/researchers\/luka-tercon\/#breadcrumb"},"inLanguage":"en-US","potentialAction":[{"@type":"ReadAction","target":["https:\/\/www.cjvt.si\/en\/about\/researchers\/luka-tercon\/"]}]},{"@type":"BreadcrumbList","@id":"https:\/\/www.cjvt.si\/en\/about\/researchers\/luka-tercon\/#breadcrumb","itemListElement":[{"@type":"ListItem","position":1,"name":"Home","item":"https:\/\/www.cjvt.si\/en\/"},{"@type":"ListItem","position":2,"name":"About","item":"https:\/\/www.cjvt.si\/en\/about\/"},{"@type":"ListItem","position":3,"name":"Researchers","item":"https:\/\/www.cjvt.si\/en\/about\/researchers\/"},{"@type":"ListItem","position":4,"name":"Luka Ter\u010don"}]},{"@type":"WebSite","@id":"https:\/\/www.cjvt.si\/en\/#website","url":"https:\/\/www.cjvt.si\/en\/","name":"CJVT","description":"Center za jezikovne vire in tehnologije","publisher":{"@id":"https:\/\/www.cjvt.si\/en\/#organization"},"potentialAction":[{"@type":"SearchAction","target":{"@type":"EntryPoint","urlTemplate":"https:\/\/www.cjvt.si\/en\/?s={search_term_string}"},"query-input":{"@type":"PropertyValueSpecification","valueRequired":true,"valueName":"search_term_string"}}],"inLanguage":"en-US"},{"@type":"Organization","@id":"https:\/\/www.cjvt.si\/en\/#organization","name":"CJVT","url":"https:\/\/www.cjvt.si\/en\/","logo":{"@type":"ImageObject","inLanguage":"en-US","@id":"https:\/\/www.cjvt.si\/en\/#\/schema\/logo\/image\/","url":"https:\/\/www.cjvt.si\/wp-content\/uploads\/2020\/06\/CJVT-logo-red.jpg","contentUrl":"https:\/\/www.cjvt.si\/wp-content\/uploads\/2020\/06\/CJVT-logo-red.jpg","width":1300,"height":683,"caption":"CJVT"},"image":{"@id":"https:\/\/www.cjvt.si\/en\/#\/schema\/logo\/image\/"},"sameAs":["https:\/\/www.facebook.com\/centerzajezikovnevireintehnologije"]}]}},"_links":{"self":[{"href":"https:\/\/www.cjvt.si\/en\/wp-json\/wp\/v2\/pages\/7869","targetHints":{"allow":["GET"]}}],"collection":[{"href":"https:\/\/www.cjvt.si\/en\/wp-json\/wp\/v2\/pages"}],"about":[{"href":"https:\/\/www.cjvt.si\/en\/wp-json\/wp\/v2\/types\/page"}],"author":[{"embeddable":true,"href":"https:\/\/www.cjvt.si\/en\/wp-json\/wp\/v2\/users\/19"}],"replies":[{"embeddable":true,"href":"https:\/\/www.cjvt.si\/en\/wp-json\/wp\/v2\/comments?post=7869"}],"version-history":[{"count":2,"href":"https:\/\/www.cjvt.si\/en\/wp-json\/wp\/v2\/pages\/7869\/revisions"}],"predecessor-version":[{"id":7873,"href":"https:\/\/www.cjvt.si\/en\/wp-json\/wp\/v2\/pages\/7869\/revisions\/7873"}],"up":[{"embeddable":true,"href":"https:\/\/www.cjvt.si\/en\/wp-json\/wp\/v2\/pages\/2129"}],"wp:attachment":[{"href":"https:\/\/www.cjvt.si\/en\/wp-json\/wp\/v2\/media?parent=7869"}],"curies":[{"name":"wp","href":"https:\/\/api.w.org\/{rel}","templated":true}]}}