{"id":7880,"date":"2025-12-10T08:45:03","date_gmt":"2025-12-10T07:45:03","guid":{"rendered":"https:\/\/www.cjvt.si\/?page_id=7880"},"modified":"2025-12-10T08:45:03","modified_gmt":"2025-12-10T07:45:03","slug":"nejc-robida","status":"publish","type":"page","link":"https:\/\/www.cjvt.si\/en\/about\/researchers\/nejc-robida\/","title":{"rendered":"Nejc Robida"},"content":{"rendered":"<div class='flex_column_table av-equal-height-column-flextable -flextable' style='margin-top:0px; margin-bottom:36px; '><div class=\"flex_column av_one_third  flex_column_table_cell av-equal-height-column av-align-middle av-zero-column-padding first  avia-builder-el-0  el_before_av_one_third  avia-builder-el-first  \" style='border-radius:0px; '><section class=\"av_textblock_section \"  itemscope=\"itemscope\" itemtype=\"https:\/\/schema.org\/CreativeWork\" ><div class='avia_textblock  '   itemprop=\"text\" ><h1>Nejc Robida<\/h1>\n<\/div><\/section><\/div><div class='av-flex-placeholder'><\/div><div class=\"flex_column av_one_third  flex_column_table_cell av-equal-height-column av-align-middle av-zero-column-padding   avia-builder-el-2  el_after_av_one_third  el_before_av_one_third  \" style='border-radius:0px; '><p><div  class='avia-button-wrap avia-button-left  avia-builder-el-3  el_before_av_button  avia-builder-el-first  gumb-sodelavci-levo' title=\"\u0160PELA ARHAR HOLDT\"><a href='https:\/\/www.cjvt.si\/en\/about\/researchers\/spela-arhar-holdt\/'  class='avia-button  av-button-notext   avia-icon_select-yes-left-icon avia-color-theme-color avia-size-small avia-position-left '   ><span class='avia_button_icon avia_button_icon_left ' aria-hidden='true' data-av_icon='\ue87c' data-av_iconfont='entypo-fontello'><\/span><span class='avia_iconbox_title' ><\/span><\/a><\/div><br \/>\n<div  class='avia-button-wrap avia-button-left  avia-builder-el-4  el_after_av_button  avia-builder-el-last  gumb-sodelavci-desno' title=\"KAJA DOBROVOLJC\"><a href='https:\/\/www.cjvt.si\/en\/about\/researchers\/kaja-dobrovoljc\/'  class='avia-button  av-button-notext   avia-icon_select-yes-right-icon avia-color-theme-color avia-size-small avia-position-left '   ><span class='avia_iconbox_title' ><\/span><span class='avia_button_icon avia_button_icon_right' aria-hidden='true' data-av_icon='\ue87d' data-av_iconfont='entypo-fontello'><\/span><\/a><\/div><\/p><\/div><\/p>\n<div class='av-flex-placeholder'><\/div><div class=\"flex_column av_one_third  flex_column_table_cell av-equal-height-column av-align-middle av-zero-column-padding   avia-builder-el-5  el_after_av_one_third  el_before_av_one_third  \" style='border-radius:0px; '><\/div><\/div><!--close column table wrapper. Autoclose: 1 -->\n<div class='flex_column_table av-equal-height-column-flextable -flextable' ><div class=\"flex_column av_one_third  flex_column_table_cell av-equal-height-column av-align-top av-zero-column-padding first  avia-builder-el-6  el_after_av_one_third  el_before_av_one_third  column-top-margin\" style='border-radius:0px; '><div  class='avia-image-container  av-styling-no-styling    avia-builder-el-7  avia-builder-el-no-sibling  avia-align-center '  itemprop=\"image\" itemscope=\"itemscope\" itemtype=\"https:\/\/schema.org\/ImageObject\"  ><div class='avia-image-container-inner'><div class='avia-image-overlay-wrap'><img class='avia_image' src='https:\/\/www.cjvt.si\/wp-content\/uploads\/2025\/12\/nejc_robida_1.png' alt='' title='nejc_robida_1' height=\"800\" width=\"600\"  itemprop=\"thumbnailUrl\"  \/><\/div><\/div><\/div><\/div><div class='av-flex-placeholder'><\/div><div class=\"flex_column av_one_third  flex_column_table_cell av-equal-height-column av-align-top   avia-builder-el-8  el_after_av_one_third  el_before_av_one_third  column-top-margin\" style='padding:30px 0px 0px 0px ; border-radius:0px 0px 0px 0px ; '><section class=\"av_textblock_section \"  itemscope=\"itemscope\" itemtype=\"https:\/\/schema.org\/CreativeWork\" ><div class='avia_textblock  '   itemprop=\"text\" ><h3 class=\"zn_text_box-title zn_text_box-title--style1 text-custom\">RESEARCH INTERESTS<\/h3>\n<\/div><\/section><br \/>\n<div  style='height:20px' class='hr hr-invisible   avia-builder-el-10  el_after_av_textblock  el_before_av_textblock '><span class='hr-inner ' ><span class='hr-inner-style'><\/span><\/span><\/div><br \/>\n<section class=\"av_textblock_section \"  itemscope=\"itemscope\" itemtype=\"https:\/\/schema.org\/CreativeWork\" ><div class='avia_textblock  '   itemprop=\"text\" ><ul>\n<li>spoken language<\/li>\n<li>phonetics and phonology<\/li>\n<li>corpus linguistics<\/li>\n<\/ul>\n<\/div><\/section><\/p><\/div><div class='av-flex-placeholder'><\/div><div class=\"flex_column av_one_third  flex_column_table_cell av-equal-height-column av-align-top   avia-builder-el-12  el_after_av_one_third  el_before_av_two_third  sticky-stolpec column-top-margin\" style='background: #f0f0f0; padding:30px; background-color:#f0f0f0; border-radius:0px; '><section class=\"av_textblock_section \"  itemscope=\"itemscope\" itemtype=\"https:\/\/schema.org\/CreativeWork\" ><div class='avia_textblock  '   itemprop=\"text\" ><h3 class=\"zn_text_box-title zn_text_box-title--style1 text-custom\">LINKS AND CONTACT<\/h3>\n<\/div><\/section><br \/>\n<div  style='height:20px' class='hr hr-invisible   avia-builder-el-14  el_after_av_textblock  el_before_av_textblock '><span class='hr-inner ' ><span class='hr-inner-style'><\/span><\/span><\/div><br \/>\n<section class=\"av_textblock_section \"  itemscope=\"itemscope\" itemtype=\"https:\/\/schema.org\/CreativeWork\" ><div class='avia_textblock  '   itemprop=\"text\" ><ul>\n<li>E-mail: <a href=\"&#x6d;&#97;i&#x6c;&#116;o&#x3a;&#110;e&#x6a;&#x63;&#46;&#x72;&#x6f;&#98;i&#x64;&#97;&#64;&#x66;&#114;i&#x2e;&#x75;&#110;&#x69;&#x2d;&#108;j&#x2e;&#115;i\" target=\"_blank\" rel=\"noopener\">&#110;e&#x6a;c&#x2e;&#114;&#x6f;&#98;&#x69;&#100;a&#x40;f&#x72;&#105;&#x2e;&#117;&#x6e;&#105;&#x2d;&#108;j&#x2e;s&#x69;<\/a><\/li>\n<li>SICRIS:\u00a0<a href=\"https:\/\/cris.cobiss.net\/ecris\/si\/sl\/researcher\/54069\" rel=\"noopener\">57100<\/a><\/li>\n<li><a href=\"https:\/\/fri.uni-lj.si\/sl\/o-fakulteti\/osebje\/nejc-robida\" rel=\"noopener\">Faculty of Computer and Information Science, University of Ljubljana<\/a><\/li>\n<\/ul>\n<\/div><\/section><\/p><\/div><\/div><!--close column table wrapper. Autoclose: 1 --><div class=\"flex_column av_two_third  flex_column_div av-zero-column-padding first  avia-builder-el-16  el_after_av_one_third  el_before_av_one_third  column-top-margin\" style='border-radius:0px; '><section class=\"av_textblock_section \"  itemscope=\"itemscope\" itemtype=\"https:\/\/schema.org\/CreativeWork\" ><div class='avia_textblock  '   itemprop=\"text\" ><h3 class=\"zn_text_box-title zn_text_box-title--style1 text-custom\">PROJECTS<\/h3>\n<\/div><\/section><br \/>\n<div  style='height:20px' class='hr hr-invisible   avia-builder-el-18  el_after_av_textblock  el_before_av_textblock '><span class='hr-inner ' ><span class='hr-inner-style'><\/span><\/span><\/div><br \/>\n<section class=\"av_textblock_section \"  itemscope=\"itemscope\" itemtype=\"https:\/\/schema.org\/CreativeWork\" ><div class='avia_textblock  '   itemprop=\"text\" ><p><a href=\"https:\/\/www.cjvt.si\/llm4dh\/\" target=\"_blank\" rel=\"noopener\">Veliki jezikovni modeli za digitalno humanistiko (LLM4DH)<\/a><\/p>\n<p><a href=\"https:\/\/www.cjvt.si\/povejmo\/\" target=\"_blank\" rel=\"noopener\">Prilagodljiva obdelava naravnega jezika s pomo\u010djo velikih jezikovnih modelov (PoVeJMo)<\/a><\/p>\n<div class=\"wp-block-kadence-column kadence-column26_7262aa-03 inner-column-2\">\n<div class=\"kt-inside-inner-col\">\n<p class=\"test\"><a href=\"https:\/\/mezzanine.um.si\/\" rel=\"noopener\">Temeljne raziskave za razvoj\u00a0govornih virov\u00a0in\u00a0tehnologij za slovenski jezik (MEZZANINE)<\/a><\/p>\n<\/div>\n<\/div>\n<p><a href=\"https:\/\/www.slovenscina.eu\/\">Razvoj sloven\u0161\u010dine v digitalnem okolju<\/a><\/p>\n<\/div><\/section><\/p><\/div><div class=\"flex_column av_one_third  flex_column_div av-zero-column-padding   avia-builder-el-20  el_after_av_two_third  el_before_av_two_third  column-top-margin\" style='border-radius:0px; '><\/div><\/p>\n<div class=\"flex_column av_two_third  flex_column_div av-zero-column-padding first  avia-builder-el-21  el_after_av_one_third  el_before_av_one_third  column-top-margin\" style='border-radius:0px; '><section class=\"av_textblock_section \"  itemscope=\"itemscope\" itemtype=\"https:\/\/schema.org\/CreativeWork\" ><div class='avia_textblock  '   itemprop=\"text\" ><h3 class=\"zn_text_box-title zn_text_box-title--style1 text-custom\">SELECTED PUBLICATIONS<\/h3>\n<\/div><\/section><br \/>\n<div  style='height:20px' class='hr hr-invisible   avia-builder-el-23  el_after_av_textblock  el_before_av_textblock '><span class='hr-inner ' ><span class='hr-inner-style'><\/span><\/span><\/div><br \/>\n<section class=\"av_textblock_section \"  itemscope=\"itemscope\" itemtype=\"https:\/\/schema.org\/CreativeWork\" ><div class='avia_textblock  '   itemprop=\"text\" ><p>Robida, Nejc (2025): Strojni razrez in foneti\u010dne meritve kot temelj zapisa izgovora v DSBS.\u00a0<em>Govorjeni jezik med raziskovanjem in tehnologijo: zbornik povzetkov<\/em>\u00a0(1. izd.). Univerza v Mariboru, Univerzitetna zalo\u017eba; Fakulteta za elektrotehniko, ra\u010dunalni\u0161tvo in informatiko. https:\/\/press.um.si\/index.php\/ump\/catalog\/book\/1052<\/p>\n<p>ROBIDA, Nejc, \u010cIBEJ, Jaka, KREK, Simon (2024): Strojni razrez posnetkov iz korpusa govorjene sloven\u0161\u010dine GOS 2.1 in foneti\u010dne meritve. V: Sa\u0161ka \u0160tumberger (ur.):\u00a0<em>Predpis in norma v jeziku<\/em>.\u00a0<em>Obdobja 43<\/em>. Ljubljana: Zalo\u017eba Univerze. 267\u2013274. https:\/\/centerslo.si\/wp-content\/uploads\/2024\/11\/Robida-et-al._Obdobja-43.pdf.<\/p>\n<p>ROBIDA, Nejc (2020): Sloven\u0161\u010dina in sinteza govora: Kaj je bilo, kaj bo in kaj je mogo\u010de. V: Jana Nem\u010dekov\u00e1, Patrik Petr\u00e1\u0161 (ur.):\u00a0<em>Varia XXVIII: zborn\u00edk pr\u00edspevkov z XXVIII. kolokvia mlad\u00fdch jazykovedcov<\/em>. Nitra: Univerzita Kon\u0161tant\u00edna Filozofa. 229\u2013235. https:\/\/www.juls.savba.sk\/ediela\/varia\/28\/Varia28.pdf.<\/p>\n<p>ROBIDA, Nejc, TIVADAR, Hotimir (2015): Problemi samodejne meritve samoglasnikov. V: Mojca Smolej (ur.):\u00a0<em>Slovnica in slovar \u2013 aktualni jezikovni opis<\/em>.\u00a0<em>Obdobja 34<\/em>. Ljubljana: Znanstvena zalo\u017eba Filozofske fakultete. 643\u2013654. https:\/\/centerslo.si\/wp-content\/uploads\/2021\/03\/Robida-Tiv.pdf<\/p>\n<\/div><\/section><\/p><\/div><div class=\"flex_column av_one_third  flex_column_div av-zero-column-padding   avia-builder-el-25  el_after_av_two_third  avia-builder-el-last  column-top-margin\" style='border-radius:0px; '><\/div><\/p>\n","protected":false},"excerpt":{"rendered":"","protected":false},"author":19,"featured_media":0,"parent":2129,"menu_order":0,"comment_status":"closed","ping_status":"closed","template":"","meta":{"_acf_changed":false,"_relevanssi_hide_post":"","_relevanssi_hide_content":"","_relevanssi_pin_for_all":"","_relevanssi_pin_keywords":"","_relevanssi_unpin_keywords":"","_relevanssi_related_keywords":"","_relevanssi_related_include_ids":"","_relevanssi_related_exclude_ids":"","_relevanssi_related_no_append":"","_relevanssi_related_not_related":"","_relevanssi_related_posts":"","_relevanssi_noindex_reason":"","inline_featured_image":false,"episode_type":"","audio_file":"","podmotor_file_id":"","podmotor_episode_id":"","cover_image":"","cover_image_id":"","duration":"","filesize":"","filesize_raw":"","date_recorded":"","explicit":"","block":"","itunes_episode_number":"","itunes_title":"","itunes_season_number":"","itunes_episode_type":"","footnotes":""},"class_list":["post-7880","page","type-page","status-publish","hentry"],"acf":[],"yoast_head":"<!-- This site is optimized with the Yoast SEO plugin v27.3 - https:\/\/yoast.com\/product\/yoast-seo-wordpress\/ -->\n<title>Nejc Robida - CJVT<\/title>\n<meta name=\"robots\" content=\"index, follow, max-snippet:-1, max-image-preview:large, max-video-preview:-1\" \/>\n<link rel=\"canonical\" href=\"https:\/\/www.cjvt.si\/en\/about\/researchers\/nejc-robida\/\" \/>\n<meta property=\"og:locale\" content=\"en_US\" \/>\n<meta property=\"og:type\" content=\"article\" \/>\n<meta property=\"og:title\" content=\"Nejc Robida - CJVT\" \/>\n<meta property=\"og:url\" content=\"https:\/\/www.cjvt.si\/en\/about\/researchers\/nejc-robida\/\" \/>\n<meta property=\"og:site_name\" content=\"CJVT\" \/>\n<meta property=\"article:publisher\" content=\"https:\/\/www.facebook.com\/centerzajezikovnevireintehnologije\" \/>\n<meta name=\"twitter:card\" content=\"summary_large_image\" \/>\n<meta name=\"twitter:label1\" content=\"Est. reading time\" \/>\n\t<meta name=\"twitter:data1\" content=\"7 minutes\" \/>\n<script type=\"application\/ld+json\" class=\"yoast-schema-graph\">{\"@context\":\"https:\\\/\\\/schema.org\",\"@graph\":[{\"@type\":\"WebPage\",\"@id\":\"https:\\\/\\\/www.cjvt.si\\\/en\\\/about\\\/researchers\\\/nejc-robida\\\/\",\"url\":\"https:\\\/\\\/www.cjvt.si\\\/en\\\/about\\\/researchers\\\/nejc-robida\\\/\",\"name\":\"Nejc Robida - CJVT\",\"isPartOf\":{\"@id\":\"https:\\\/\\\/www.cjvt.si\\\/en\\\/#website\"},\"datePublished\":\"2025-12-10T07:45:03+00:00\",\"breadcrumb\":{\"@id\":\"https:\\\/\\\/www.cjvt.si\\\/en\\\/about\\\/researchers\\\/nejc-robida\\\/#breadcrumb\"},\"inLanguage\":\"en-US\",\"potentialAction\":[{\"@type\":\"ReadAction\",\"target\":[\"https:\\\/\\\/www.cjvt.si\\\/en\\\/about\\\/researchers\\\/nejc-robida\\\/\"]}]},{\"@type\":\"BreadcrumbList\",\"@id\":\"https:\\\/\\\/www.cjvt.si\\\/en\\\/about\\\/researchers\\\/nejc-robida\\\/#breadcrumb\",\"itemListElement\":[{\"@type\":\"ListItem\",\"position\":1,\"name\":\"Home\",\"item\":\"https:\\\/\\\/www.cjvt.si\\\/en\\\/\"},{\"@type\":\"ListItem\",\"position\":2,\"name\":\"About\",\"item\":\"https:\\\/\\\/www.cjvt.si\\\/en\\\/about\\\/\"},{\"@type\":\"ListItem\",\"position\":3,\"name\":\"Researchers\",\"item\":\"https:\\\/\\\/www.cjvt.si\\\/en\\\/about\\\/researchers\\\/\"},{\"@type\":\"ListItem\",\"position\":4,\"name\":\"Nejc Robida\"}]},{\"@type\":\"WebSite\",\"@id\":\"https:\\\/\\\/www.cjvt.si\\\/en\\\/#website\",\"url\":\"https:\\\/\\\/www.cjvt.si\\\/en\\\/\",\"name\":\"CJVT\",\"description\":\"Center za jezikovne vire in tehnologije\",\"publisher\":{\"@id\":\"https:\\\/\\\/www.cjvt.si\\\/en\\\/#organization\"},\"potentialAction\":[{\"@type\":\"SearchAction\",\"target\":{\"@type\":\"EntryPoint\",\"urlTemplate\":\"https:\\\/\\\/www.cjvt.si\\\/en\\\/?s={search_term_string}\"},\"query-input\":{\"@type\":\"PropertyValueSpecification\",\"valueRequired\":true,\"valueName\":\"search_term_string\"}}],\"inLanguage\":\"en-US\"},{\"@type\":\"Organization\",\"@id\":\"https:\\\/\\\/www.cjvt.si\\\/en\\\/#organization\",\"name\":\"CJVT\",\"url\":\"https:\\\/\\\/www.cjvt.si\\\/en\\\/\",\"logo\":{\"@type\":\"ImageObject\",\"inLanguage\":\"en-US\",\"@id\":\"https:\\\/\\\/www.cjvt.si\\\/en\\\/#\\\/schema\\\/logo\\\/image\\\/\",\"url\":\"https:\\\/\\\/www.cjvt.si\\\/wp-content\\\/uploads\\\/2020\\\/06\\\/CJVT-logo-red.jpg\",\"contentUrl\":\"https:\\\/\\\/www.cjvt.si\\\/wp-content\\\/uploads\\\/2020\\\/06\\\/CJVT-logo-red.jpg\",\"width\":1300,\"height\":683,\"caption\":\"CJVT\"},\"image\":{\"@id\":\"https:\\\/\\\/www.cjvt.si\\\/en\\\/#\\\/schema\\\/logo\\\/image\\\/\"},\"sameAs\":[\"https:\\\/\\\/www.facebook.com\\\/centerzajezikovnevireintehnologije\"]}]}<\/script>\n<!-- \/ Yoast SEO plugin. -->","yoast_head_json":{"title":"Nejc Robida - CJVT","robots":{"index":"index","follow":"follow","max-snippet":"max-snippet:-1","max-image-preview":"max-image-preview:large","max-video-preview":"max-video-preview:-1"},"canonical":"https:\/\/www.cjvt.si\/en\/about\/researchers\/nejc-robida\/","og_locale":"en_US","og_type":"article","og_title":"Nejc Robida - CJVT","og_url":"https:\/\/www.cjvt.si\/en\/about\/researchers\/nejc-robida\/","og_site_name":"CJVT","article_publisher":"https:\/\/www.facebook.com\/centerzajezikovnevireintehnologije","twitter_card":"summary_large_image","twitter_misc":{"Est. reading time":"7 minutes"},"schema":{"@context":"https:\/\/schema.org","@graph":[{"@type":"WebPage","@id":"https:\/\/www.cjvt.si\/en\/about\/researchers\/nejc-robida\/","url":"https:\/\/www.cjvt.si\/en\/about\/researchers\/nejc-robida\/","name":"Nejc Robida - CJVT","isPartOf":{"@id":"https:\/\/www.cjvt.si\/en\/#website"},"datePublished":"2025-12-10T07:45:03+00:00","breadcrumb":{"@id":"https:\/\/www.cjvt.si\/en\/about\/researchers\/nejc-robida\/#breadcrumb"},"inLanguage":"en-US","potentialAction":[{"@type":"ReadAction","target":["https:\/\/www.cjvt.si\/en\/about\/researchers\/nejc-robida\/"]}]},{"@type":"BreadcrumbList","@id":"https:\/\/www.cjvt.si\/en\/about\/researchers\/nejc-robida\/#breadcrumb","itemListElement":[{"@type":"ListItem","position":1,"name":"Home","item":"https:\/\/www.cjvt.si\/en\/"},{"@type":"ListItem","position":2,"name":"About","item":"https:\/\/www.cjvt.si\/en\/about\/"},{"@type":"ListItem","position":3,"name":"Researchers","item":"https:\/\/www.cjvt.si\/en\/about\/researchers\/"},{"@type":"ListItem","position":4,"name":"Nejc Robida"}]},{"@type":"WebSite","@id":"https:\/\/www.cjvt.si\/en\/#website","url":"https:\/\/www.cjvt.si\/en\/","name":"CJVT","description":"Center za jezikovne vire in tehnologije","publisher":{"@id":"https:\/\/www.cjvt.si\/en\/#organization"},"potentialAction":[{"@type":"SearchAction","target":{"@type":"EntryPoint","urlTemplate":"https:\/\/www.cjvt.si\/en\/?s={search_term_string}"},"query-input":{"@type":"PropertyValueSpecification","valueRequired":true,"valueName":"search_term_string"}}],"inLanguage":"en-US"},{"@type":"Organization","@id":"https:\/\/www.cjvt.si\/en\/#organization","name":"CJVT","url":"https:\/\/www.cjvt.si\/en\/","logo":{"@type":"ImageObject","inLanguage":"en-US","@id":"https:\/\/www.cjvt.si\/en\/#\/schema\/logo\/image\/","url":"https:\/\/www.cjvt.si\/wp-content\/uploads\/2020\/06\/CJVT-logo-red.jpg","contentUrl":"https:\/\/www.cjvt.si\/wp-content\/uploads\/2020\/06\/CJVT-logo-red.jpg","width":1300,"height":683,"caption":"CJVT"},"image":{"@id":"https:\/\/www.cjvt.si\/en\/#\/schema\/logo\/image\/"},"sameAs":["https:\/\/www.facebook.com\/centerzajezikovnevireintehnologije"]}]}},"_links":{"self":[{"href":"https:\/\/www.cjvt.si\/en\/wp-json\/wp\/v2\/pages\/7880","targetHints":{"allow":["GET"]}}],"collection":[{"href":"https:\/\/www.cjvt.si\/en\/wp-json\/wp\/v2\/pages"}],"about":[{"href":"https:\/\/www.cjvt.si\/en\/wp-json\/wp\/v2\/types\/page"}],"author":[{"embeddable":true,"href":"https:\/\/www.cjvt.si\/en\/wp-json\/wp\/v2\/users\/19"}],"replies":[{"embeddable":true,"href":"https:\/\/www.cjvt.si\/en\/wp-json\/wp\/v2\/comments?post=7880"}],"version-history":[{"count":2,"href":"https:\/\/www.cjvt.si\/en\/wp-json\/wp\/v2\/pages\/7880\/revisions"}],"predecessor-version":[{"id":7884,"href":"https:\/\/www.cjvt.si\/en\/wp-json\/wp\/v2\/pages\/7880\/revisions\/7884"}],"up":[{"embeddable":true,"href":"https:\/\/www.cjvt.si\/en\/wp-json\/wp\/v2\/pages\/2129"}],"wp:attachment":[{"href":"https:\/\/www.cjvt.si\/en\/wp-json\/wp\/v2\/media?parent=7880"}],"curies":[{"name":"wp","href":"https:\/\/api.w.org\/{rel}","templated":true}]}}