{"id":946,"date":"2020-03-31T22:42:40","date_gmt":"2020-03-31T20:42:40","guid":{"rendered":"https:\/\/www.cjvt.starkmat.si\/kolos\/project\/"},"modified":"2020-05-15T18:05:20","modified_gmt":"2020-05-15T16:05:20","slug":"project","status":"publish","type":"page","link":"https:\/\/www.cjvt.si\/kolos\/en\/project\/","title":{"rendered":"About"},"content":{"rendered":"<div class=\"flex_column av_one_full  flex_column_div av-zero-column-padding first  avia-builder-el-0  avia-builder-el-no-sibling  \" style='border-radius:0px; '><section class=\"av_textblock_section \"  itemscope=\"itemscope\" itemtype=\"https:\/\/schema.org\/CreativeWork\" ><div class='avia_textblock  '   itemprop=\"text\" ><h1>PROJECT DESCRIPTION<\/h1>\n<\/div><\/section><br \/>\n<div   class='hr hr-short hr-left   avia-builder-el-2  el_after_av_textblock  el_before_av_textblock '><span class='hr-inner ' ><span class='hr-inner-style'><\/span><\/span><\/div><br \/>\n<section class=\"av_textblock_section \"  itemscope=\"itemscope\" itemtype=\"https:\/\/schema.org\/CreativeWork\" ><div class='avia_textblock  '   itemprop=\"text\" ><h3 class=\"tbk__title\">Collocations as a Basis for Language Description: Semantic and Temporal Perspectives<\/h3>\n<h4 class=\"tbk__subtitle\">National project J6-8255<\/h4>\n<\/div><\/section><br \/>\n<div  style='height:25px' class='hr hr-invisible   avia-builder-el-4  el_after_av_textblock  el_before_av_textblock '><span class='hr-inner ' ><span class='hr-inner-style'><\/span><\/span><\/div><br \/>\n<section class=\"av_textblock_section \"  itemscope=\"itemscope\" itemtype=\"https:\/\/schema.org\/CreativeWork\" ><div class='avia_textblock  '   itemprop=\"text\" ><p>The main objective of the proposed project is to conduct basic research into semantic and temporal aspects of collocation, as well as statistics for measuring it, areas that have been so far largely neglected in Slovenian linguistics, and to some extent also internationally. The second objective is the development and a thorough linguistic evaluation of machine learning methods for analyses of the Slovene language and extraction of lexical information from corpora. By doing this we want to introduce into the Slovene research environment a closer cooperation and synergy between lexicography and linguistics on the one side, and computational linguistics and natural language processing on the other. The third objective is a systematic integration of the results, obtained from various user studies, into the development of project methods and tools, and the preparation of methodological descriptions for transferring project results into practice in order to ensure their optimal applicability.<\/p>\n<p>The project will address four different aspects of collocation: statistics for measuring collocation, semantic sets or categories of collocation, the role of collocation as a distinguishing characteristic between semantically related words (e.g. synonyms), and the role of collocation in detecting semantic and related changes in the use of words over time.<\/p>\n<p>In terms of Slovenian research, the originality is found in all aspects of the project, as the proposed research studies and tools for Slovene do not exist at this time\u037e the timeliness and relevance of this research is particularly vital as there are several ongoing lexicographic and other projects in Slovenia that would benefit significantly from the project results. Each work package of the project is expected to bring important new knowledge to the field of language description, and also importantly influence approaches and analysis of collocation in other disciplines such as linguistics and language learning.<\/p>\n<p>Several aspects of the proposed research are likely to be of interest to the international research community, and will contribute to the development of new research directions in Slovenia as well as in other language communities, particularly those with a morphologically rich language. With the project results, we also aim to further and stimulate research into theoretical and applied aspects of collocation, colligation, and multi-word expressions.<\/p>\n<\/div><\/section><\/p><\/div>\n","protected":false},"excerpt":{"rendered":"","protected":false},"author":1,"featured_media":0,"parent":0,"menu_order":0,"comment_status":"closed","ping_status":"closed","template":"","meta":{"_acf_changed":false,"_relevanssi_hide_post":"","_relevanssi_hide_content":"","_relevanssi_pin_for_all":"","_relevanssi_pin_keywords":"","_relevanssi_unpin_keywords":"","_relevanssi_related_keywords":"","_relevanssi_related_include_ids":"","_relevanssi_related_exclude_ids":"","_relevanssi_related_no_append":"","_relevanssi_related_not_related":"","_relevanssi_related_posts":"","_relevanssi_noindex_reason":"","inline_featured_image":false,"episode_type":"","audio_file":"","cover_image":"","cover_image_id":"","duration":"","filesize":"","filesize_raw":"","date_recorded":"","explicit":"","block":"","itunes_episode_number":"","itunes_title":"","itunes_season_number":"","itunes_episode_type":"","footnotes":""},"class_list":["post-946","page","type-page","status-publish","hentry"],"acf":[],"yoast_head":"<!-- This site is optimized with the Yoast SEO plugin v26.9 - https:\/\/yoast.com\/product\/yoast-seo-wordpress\/ -->\n<title>About - KOLOS - Kolokacije v sloven\u0161\u010dini<\/title>\n<meta name=\"robots\" content=\"index, follow, max-snippet:-1, max-image-preview:large, max-video-preview:-1\" \/>\n<link rel=\"canonical\" href=\"https:\/\/www.cjvt.si\/kolos\/en\/project\/\" \/>\n<meta property=\"og:locale\" content=\"en_US\" \/>\n<meta property=\"og:type\" content=\"article\" \/>\n<meta property=\"og:title\" content=\"About - KOLOS - Kolokacije v sloven\u0161\u010dini\" \/>\n<meta property=\"og:url\" content=\"https:\/\/www.cjvt.si\/kolos\/en\/project\/\" \/>\n<meta property=\"og:site_name\" content=\"KOLOS - Kolokacije v sloven\u0161\u010dini\" \/>\n<meta property=\"article:modified_time\" content=\"2020-05-15T16:05:20+00:00\" \/>\n<meta name=\"twitter:card\" content=\"summary_large_image\" \/>\n<meta name=\"twitter:label1\" content=\"Est. reading time\" \/>\n\t<meta name=\"twitter:data1\" content=\"4 minutes\" \/>\n<script type=\"application\/ld+json\" class=\"yoast-schema-graph\">{\"@context\":\"https:\/\/schema.org\",\"@graph\":[{\"@type\":\"WebPage\",\"@id\":\"https:\/\/www.cjvt.si\/kolos\/en\/project\/\",\"url\":\"https:\/\/www.cjvt.si\/kolos\/en\/project\/\",\"name\":\"About - KOLOS - Kolokacije v sloven\u0161\u010dini\",\"isPartOf\":{\"@id\":\"https:\/\/www.cjvt.si\/kolos\/en\/#website\"},\"datePublished\":\"2020-03-31T20:42:40+00:00\",\"dateModified\":\"2020-05-15T16:05:20+00:00\",\"breadcrumb\":{\"@id\":\"https:\/\/www.cjvt.si\/kolos\/en\/project\/#breadcrumb\"},\"inLanguage\":\"en-US\",\"potentialAction\":[{\"@type\":\"ReadAction\",\"target\":[\"https:\/\/www.cjvt.si\/kolos\/en\/project\/\"]}]},{\"@type\":\"BreadcrumbList\",\"@id\":\"https:\/\/www.cjvt.si\/kolos\/en\/project\/#breadcrumb\",\"itemListElement\":[{\"@type\":\"ListItem\",\"position\":1,\"name\":\"Home\",\"item\":\"https:\/\/www.cjvt.si\/kolos\/\"},{\"@type\":\"ListItem\",\"position\":2,\"name\":\"About\"}]},{\"@type\":\"WebSite\",\"@id\":\"https:\/\/www.cjvt.si\/kolos\/en\/#website\",\"url\":\"https:\/\/www.cjvt.si\/kolos\/en\/\",\"name\":\"KOLOS - Kolokacije v sloven\u0161\u010dini\",\"description\":\"Tipi\u010dne besedne sopojavitve - v odzivnem slovarju\",\"potentialAction\":[{\"@type\":\"SearchAction\",\"target\":{\"@type\":\"EntryPoint\",\"urlTemplate\":\"https:\/\/www.cjvt.si\/kolos\/en\/?s={search_term_string}\"},\"query-input\":{\"@type\":\"PropertyValueSpecification\",\"valueRequired\":true,\"valueName\":\"search_term_string\"}}],\"inLanguage\":\"en-US\"}]}<\/script>\n<!-- \/ Yoast SEO plugin. -->","yoast_head_json":{"title":"About - KOLOS - Kolokacije v sloven\u0161\u010dini","robots":{"index":"index","follow":"follow","max-snippet":"max-snippet:-1","max-image-preview":"max-image-preview:large","max-video-preview":"max-video-preview:-1"},"canonical":"https:\/\/www.cjvt.si\/kolos\/en\/project\/","og_locale":"en_US","og_type":"article","og_title":"About - KOLOS - Kolokacije v sloven\u0161\u010dini","og_url":"https:\/\/www.cjvt.si\/kolos\/en\/project\/","og_site_name":"KOLOS - Kolokacije v sloven\u0161\u010dini","article_modified_time":"2020-05-15T16:05:20+00:00","twitter_card":"summary_large_image","twitter_misc":{"Est. reading time":"4 minutes"},"schema":{"@context":"https:\/\/schema.org","@graph":[{"@type":"WebPage","@id":"https:\/\/www.cjvt.si\/kolos\/en\/project\/","url":"https:\/\/www.cjvt.si\/kolos\/en\/project\/","name":"About - KOLOS - Kolokacije v sloven\u0161\u010dini","isPartOf":{"@id":"https:\/\/www.cjvt.si\/kolos\/en\/#website"},"datePublished":"2020-03-31T20:42:40+00:00","dateModified":"2020-05-15T16:05:20+00:00","breadcrumb":{"@id":"https:\/\/www.cjvt.si\/kolos\/en\/project\/#breadcrumb"},"inLanguage":"en-US","potentialAction":[{"@type":"ReadAction","target":["https:\/\/www.cjvt.si\/kolos\/en\/project\/"]}]},{"@type":"BreadcrumbList","@id":"https:\/\/www.cjvt.si\/kolos\/en\/project\/#breadcrumb","itemListElement":[{"@type":"ListItem","position":1,"name":"Home","item":"https:\/\/www.cjvt.si\/kolos\/"},{"@type":"ListItem","position":2,"name":"About"}]},{"@type":"WebSite","@id":"https:\/\/www.cjvt.si\/kolos\/en\/#website","url":"https:\/\/www.cjvt.si\/kolos\/en\/","name":"KOLOS - Kolokacije v sloven\u0161\u010dini","description":"Tipi\u010dne besedne sopojavitve - v odzivnem slovarju","potentialAction":[{"@type":"SearchAction","target":{"@type":"EntryPoint","urlTemplate":"https:\/\/www.cjvt.si\/kolos\/en\/?s={search_term_string}"},"query-input":{"@type":"PropertyValueSpecification","valueRequired":true,"valueName":"search_term_string"}}],"inLanguage":"en-US"}]}},"_links":{"self":[{"href":"https:\/\/www.cjvt.si\/kolos\/en\/wp-json\/wp\/v2\/pages\/946","targetHints":{"allow":["GET"]}}],"collection":[{"href":"https:\/\/www.cjvt.si\/kolos\/en\/wp-json\/wp\/v2\/pages"}],"about":[{"href":"https:\/\/www.cjvt.si\/kolos\/en\/wp-json\/wp\/v2\/types\/page"}],"author":[{"embeddable":true,"href":"https:\/\/www.cjvt.si\/kolos\/en\/wp-json\/wp\/v2\/users\/1"}],"replies":[{"embeddable":true,"href":"https:\/\/www.cjvt.si\/kolos\/en\/wp-json\/wp\/v2\/comments?post=946"}],"version-history":[{"count":20,"href":"https:\/\/www.cjvt.si\/kolos\/en\/wp-json\/wp\/v2\/pages\/946\/revisions"}],"predecessor-version":[{"id":1209,"href":"https:\/\/www.cjvt.si\/kolos\/en\/wp-json\/wp\/v2\/pages\/946\/revisions\/1209"}],"wp:attachment":[{"href":"https:\/\/www.cjvt.si\/kolos\/en\/wp-json\/wp\/v2\/media?parent=946"}],"curies":[{"name":"wp","href":"https:\/\/api.w.org\/{rel}","templated":true}]}}