{"id":965,"date":"2020-03-31T22:50:05","date_gmt":"2020-03-31T20:50:05","guid":{"rendered":"https:\/\/www.cjvt.starkmat.si\/kolos\/team\/"},"modified":"2020-05-15T18:07:50","modified_gmt":"2020-05-15T16:07:50","slug":"team","status":"publish","type":"page","link":"https:\/\/www.cjvt.si\/kolos\/en\/team\/","title":{"rendered":"Team"},"content":{"rendered":"<div class=\"flex_column av_one_full  flex_column_div av-zero-column-padding first  avia-builder-el-0  el_before_av_one_full  avia-builder-el-first  \" style='border-radius:0px; '><section class=\"av_textblock_section \"  itemscope=\"itemscope\" itemtype=\"https:\/\/schema.org\/CreativeWork\" ><div class='avia_textblock  '   itemprop=\"text\" ><h1>TEAM<\/h1>\n<\/div><\/section><br \/>\n<div   class='hr hr-short hr-left   avia-builder-el-2  el_after_av_textblock  avia-builder-el-last '><span class='hr-inner ' ><span class='hr-inner-style'><\/span><\/span><\/div><\/p><\/div>\n<div class=\"flex_column av_one_full  no_margin flex_column_div av-zero-column-padding first  avia-builder-el-3  el_after_av_one_full  el_before_av_one_full  column-top-margin\" style='margin-top:0px; margin-bottom:20px; border-radius:0px; '><section class=\"av_textblock_section \"  itemscope=\"itemscope\" itemtype=\"https:\/\/schema.org\/CreativeWork\" ><div class='avia_textblock  '   itemprop=\"text\" ><h4>Faculty of Arts, University of Ljubljana<\/h4>\n<\/div><\/section><br \/>\n<section class=\"av_textblock_section \"  itemscope=\"itemscope\" itemtype=\"https:\/\/schema.org\/CreativeWork\" ><div class='avia_textblock  '   itemprop=\"text\" ><ul>\n<li><a href=\"http:\/\/www.prevajalstvo.net\/ucitelj\/91\" target=\"_blank\" rel=\"noopener noreferrer\">Iztok Kosem<\/a>, project leader [<a href=\"http:\/\/www.sicris.si\/public\/jqm\/search_basic.aspx?lang=slv&amp;opt=2&amp;subopt=1&amp;opdescr=search&amp;code1=cmn&amp;code2=auto&amp;search_term=iztok%20kosem\" target=\"_blank\" rel=\"noopener noreferrer\">SICRIS<\/a>]<\/li>\n<li><a href=\"https:\/\/www.researchgate.net\/profile\/Spela_Arhar_Holdt3\" target=\"_blank\" rel=\"noopener noreferrer\">\u0160pela Arhar Holdt<\/a>\u00a0[<a href=\"http:\/\/sicris.izum.si\/search\/rsr.aspx?lang=slv&amp;id=20343\" target=\"_blank\" rel=\"noopener noreferrer\">SICRIS<\/a>]<\/li>\n<li><a href=\"http:\/\/www.cjvt.si\/sodelavci\/polonagantar\/\">Polona Gantar<\/a>\u00a0[<a href=\"http:\/\/www.sicris.si\/public\/jqm\/search_basic.aspx?lang=slv&amp;opdescr=rsrSearch&amp;opt=2&amp;subopt=3&amp;code1=rsr&amp;code2=nameadvanced&amp;search_term=name=16313\" target=\"_blank\" rel=\"noopener noreferrer\">SICRIS<\/a>]<\/li>\n<li><a href=\"http:\/\/www.prevajalstvo.net\/ucitelj\/7\" target=\"_blank\" rel=\"noopener noreferrer\">Vojko Gorjanc<\/a>\u00a0[<a href=\"http:\/\/www.sicris.si\/public\/jqm\/search_basic.aspx?lang=slv&amp;opt=2&amp;subopt=1&amp;opdescr=search&amp;code1=cmn&amp;code2=auto&amp;search_term=vojko%20gorjanc\" target=\"_blank\" rel=\"noopener noreferrer\">SICRIS<\/a>]<\/li>\n<li><a href=\"https:\/\/www.researchgate.net\/profile\/Kaja_Dobrovoljc\" target=\"_blank\" rel=\"noopener noreferrer\">Kaja Dobrovoljc<\/a>\u00a0[<a href=\"http:\/\/www.sicris.si\/public\/jqm\/search_basic.aspx?lang=slv&amp;opdescr=rsrSearch&amp;opt=2&amp;subopt=3&amp;code1=rsr&amp;code2=nameadvanced&amp;search_term=name=36491\" target=\"_blank\" rel=\"noopener noreferrer\">SICRIS<\/a>]<\/li>\n<li><a href=\"http:\/\/www.prevajalstvo.net\/ucitelj\/81\" target=\"_blank\" rel=\"noopener noreferrer\">Cyprian Laskowski<\/a>\u00a0[<a href=\"http:\/\/www.sicris.si\/public\/jqm\/search_basic.aspx?lang=slv&amp;opdescr=search&amp;opt=2&amp;subopt=1&amp;code1=cmn&amp;code2=auto&amp;search_term=37653\" target=\"_blank\" rel=\"noopener noreferrer\">SICRIS<\/a>]<\/li>\n<\/ul>\n<\/div><\/section><\/p><\/div><div class=\"flex_column av_one_full  no_margin flex_column_div av-zero-column-padding first  avia-builder-el-6  el_after_av_one_full  el_before_av_one_full  column-top-margin\" style='margin-top:0px; margin-bottom:20px; border-radius:0px; '><section class=\"av_textblock_section \"  itemscope=\"itemscope\" itemtype=\"https:\/\/schema.org\/CreativeWork\" ><div class='avia_textblock  '   itemprop=\"text\" ><h4>&#8220;Jozef Stefan&#8221; Institute<\/h4>\n<\/div><\/section><br \/>\n<section class=\"av_textblock_section \"  itemscope=\"itemscope\" itemtype=\"https:\/\/schema.org\/CreativeWork\" ><div class='avia_textblock  '   itemprop=\"text\" ><ul>\n<li><a href=\"http:\/\/www.simonkrek.si\/\" target=\"_blank\" rel=\"noopener noreferrer\">Simon Krek<\/a>\u00a0[<a href=\"http:\/\/www.sicris.si\/public\/jqm\/search_basic.aspx?lang=slv&amp;opdescr=search&amp;opt=2&amp;subopt=1&amp;code1=cmn&amp;code2=auto&amp;search_term=simon%20krek\" target=\"_blank\" rel=\"noopener noreferrer\">SICRIS<\/a>]<\/li>\n<li><a href=\"http:\/\/inf.ffzg.unizg.hr\/index.php\/hr\/13-clanovi-odsjeka\/198-nikola-ljubesic\" target=\"_blank\" rel=\"noopener noreferrer\">Nikola Ljube\u0161i\u0107<\/a>\u00a0[<a href=\"http:\/\/www.sicris.si\/public\/jqm\/search_basic.aspx?lang=slv&amp;opdescr=search&amp;opt=2&amp;subopt=1&amp;code1=cmn&amp;code2=auto&amp;search_term=nikola%20ljube%C5%A1i%C4%87\" target=\"_blank\" rel=\"noopener noreferrer\">SICRIS<\/a>]<\/li>\n<\/ul>\n<\/div><\/section><\/p><\/div><div class=\"flex_column av_one_full  no_margin flex_column_div av-zero-column-padding first  avia-builder-el-9  el_after_av_one_full  avia-builder-el-last  column-top-margin\" style='margin-top:0px; margin-bottom:20px; border-radius:0px; '><section class=\"av_textblock_section \"  itemscope=\"itemscope\" itemtype=\"https:\/\/schema.org\/CreativeWork\" ><div class='avia_textblock  '   itemprop=\"text\" ><h4>Faculty of Social Sciences, University of Ljubljana<\/h4>\n<\/div><\/section><br \/>\n<section class=\"av_textblock_section \"  itemscope=\"itemscope\" itemtype=\"https:\/\/schema.org\/CreativeWork\" ><div class='avia_textblock  '   itemprop=\"text\" ><ul>\n<li><a href=\"https:\/\/www.researchgate.net\/profile\/Natasa_Berginc2\" target=\"_blank\" rel=\"noopener noreferrer\">Nata\u0161a Logar<\/a>\u00a0[<a href=\"http:\/\/www.sicris.si\/public\/jqm\/rsr.aspx?lang=slv&amp;opdescr=search&amp;opt=2&amp;subopt=300&amp;code1=cmn&amp;code2=auto&amp;psize=10&amp;hits=3&amp;page=1&amp;count=1&amp;id=12368&amp;slng=slv&amp;search_term=nata%c5%a1a+logar&amp;order_by=\" target=\"_blank\" rel=\"noopener noreferrer\">SICRIS<\/a>]<\/li>\n<li><a href=\"https:\/\/si.linkedin.com\/in\/bojan-klemenc-67126b16\" target=\"_blank\" rel=\"noopener noreferrer\">Bojan Klemenc<\/a>\u00a0[<a href=\"http:\/\/www.sicris.si\/public\/jqm\/rsr.aspx?lang=slv&amp;opdescr=search&amp;opt=2&amp;subopt=300&amp;code1=cmn&amp;code2=auto&amp;psize=10&amp;hits=2&amp;page=1&amp;count=1&amp;id=35729&amp;slng=slv&amp;search_term=bojan+klemenc&amp;order_by=\" target=\"_blank\" rel=\"noopener noreferrer\">SICRIS<\/a>]<\/li>\n<\/ul>\n<\/div><\/section><\/p><\/div><\/p>\n","protected":false},"excerpt":{"rendered":"","protected":false},"author":1,"featured_media":0,"parent":0,"menu_order":0,"comment_status":"closed","ping_status":"closed","template":"","meta":{"_acf_changed":false,"_relevanssi_hide_post":"","_relevanssi_hide_content":"","_relevanssi_pin_for_all":"","_relevanssi_pin_keywords":"","_relevanssi_unpin_keywords":"","_relevanssi_related_keywords":"","_relevanssi_related_include_ids":"","_relevanssi_related_exclude_ids":"","_relevanssi_related_no_append":"","_relevanssi_related_not_related":"","_relevanssi_related_posts":"","_relevanssi_noindex_reason":"","inline_featured_image":false,"episode_type":"","audio_file":"","cover_image":"","cover_image_id":"","duration":"","filesize":"","filesize_raw":"","date_recorded":"","explicit":"","block":"","itunes_episode_number":"","itunes_title":"","itunes_season_number":"","itunes_episode_type":"","footnotes":""},"class_list":["post-965","page","type-page","status-publish","hentry"],"acf":[],"yoast_head":"<!-- This site is optimized with the Yoast SEO plugin v26.9 - https:\/\/yoast.com\/product\/yoast-seo-wordpress\/ -->\n<title>Team - KOLOS - Kolokacije v sloven\u0161\u010dini<\/title>\n<meta name=\"robots\" content=\"index, follow, max-snippet:-1, max-image-preview:large, max-video-preview:-1\" \/>\n<link rel=\"canonical\" href=\"https:\/\/www.cjvt.si\/kolos\/en\/team\/\" \/>\n<meta property=\"og:locale\" content=\"en_US\" \/>\n<meta property=\"og:type\" content=\"article\" \/>\n<meta property=\"og:title\" content=\"Team - KOLOS - Kolokacije v sloven\u0161\u010dini\" \/>\n<meta property=\"og:url\" content=\"https:\/\/www.cjvt.si\/kolos\/en\/team\/\" \/>\n<meta property=\"og:site_name\" content=\"KOLOS - Kolokacije v sloven\u0161\u010dini\" \/>\n<meta property=\"article:modified_time\" content=\"2020-05-15T16:07:50+00:00\" \/>\n<meta name=\"twitter:card\" content=\"summary_large_image\" \/>\n<meta name=\"twitter:label1\" content=\"Est. reading time\" \/>\n\t<meta name=\"twitter:data1\" content=\"4 minutes\" \/>\n<script type=\"application\/ld+json\" class=\"yoast-schema-graph\">{\"@context\":\"https:\/\/schema.org\",\"@graph\":[{\"@type\":\"WebPage\",\"@id\":\"https:\/\/www.cjvt.si\/kolos\/en\/team\/\",\"url\":\"https:\/\/www.cjvt.si\/kolos\/en\/team\/\",\"name\":\"Team - KOLOS - Kolokacije v sloven\u0161\u010dini\",\"isPartOf\":{\"@id\":\"https:\/\/www.cjvt.si\/kolos\/en\/#website\"},\"datePublished\":\"2020-03-31T20:50:05+00:00\",\"dateModified\":\"2020-05-15T16:07:50+00:00\",\"breadcrumb\":{\"@id\":\"https:\/\/www.cjvt.si\/kolos\/en\/team\/#breadcrumb\"},\"inLanguage\":\"en-US\",\"potentialAction\":[{\"@type\":\"ReadAction\",\"target\":[\"https:\/\/www.cjvt.si\/kolos\/en\/team\/\"]}]},{\"@type\":\"BreadcrumbList\",\"@id\":\"https:\/\/www.cjvt.si\/kolos\/en\/team\/#breadcrumb\",\"itemListElement\":[{\"@type\":\"ListItem\",\"position\":1,\"name\":\"Home\",\"item\":\"https:\/\/www.cjvt.si\/kolos\/\"},{\"@type\":\"ListItem\",\"position\":2,\"name\":\"Team\"}]},{\"@type\":\"WebSite\",\"@id\":\"https:\/\/www.cjvt.si\/kolos\/en\/#website\",\"url\":\"https:\/\/www.cjvt.si\/kolos\/en\/\",\"name\":\"KOLOS - Kolokacije v sloven\u0161\u010dini\",\"description\":\"Tipi\u010dne besedne sopojavitve - v odzivnem slovarju\",\"potentialAction\":[{\"@type\":\"SearchAction\",\"target\":{\"@type\":\"EntryPoint\",\"urlTemplate\":\"https:\/\/www.cjvt.si\/kolos\/en\/?s={search_term_string}\"},\"query-input\":{\"@type\":\"PropertyValueSpecification\",\"valueRequired\":true,\"valueName\":\"search_term_string\"}}],\"inLanguage\":\"en-US\"}]}<\/script>\n<!-- \/ Yoast SEO plugin. -->","yoast_head_json":{"title":"Team - KOLOS - Kolokacije v sloven\u0161\u010dini","robots":{"index":"index","follow":"follow","max-snippet":"max-snippet:-1","max-image-preview":"max-image-preview:large","max-video-preview":"max-video-preview:-1"},"canonical":"https:\/\/www.cjvt.si\/kolos\/en\/team\/","og_locale":"en_US","og_type":"article","og_title":"Team - KOLOS - Kolokacije v sloven\u0161\u010dini","og_url":"https:\/\/www.cjvt.si\/kolos\/en\/team\/","og_site_name":"KOLOS - Kolokacije v sloven\u0161\u010dini","article_modified_time":"2020-05-15T16:07:50+00:00","twitter_card":"summary_large_image","twitter_misc":{"Est. reading time":"4 minutes"},"schema":{"@context":"https:\/\/schema.org","@graph":[{"@type":"WebPage","@id":"https:\/\/www.cjvt.si\/kolos\/en\/team\/","url":"https:\/\/www.cjvt.si\/kolos\/en\/team\/","name":"Team - KOLOS - Kolokacije v sloven\u0161\u010dini","isPartOf":{"@id":"https:\/\/www.cjvt.si\/kolos\/en\/#website"},"datePublished":"2020-03-31T20:50:05+00:00","dateModified":"2020-05-15T16:07:50+00:00","breadcrumb":{"@id":"https:\/\/www.cjvt.si\/kolos\/en\/team\/#breadcrumb"},"inLanguage":"en-US","potentialAction":[{"@type":"ReadAction","target":["https:\/\/www.cjvt.si\/kolos\/en\/team\/"]}]},{"@type":"BreadcrumbList","@id":"https:\/\/www.cjvt.si\/kolos\/en\/team\/#breadcrumb","itemListElement":[{"@type":"ListItem","position":1,"name":"Home","item":"https:\/\/www.cjvt.si\/kolos\/"},{"@type":"ListItem","position":2,"name":"Team"}]},{"@type":"WebSite","@id":"https:\/\/www.cjvt.si\/kolos\/en\/#website","url":"https:\/\/www.cjvt.si\/kolos\/en\/","name":"KOLOS - Kolokacije v sloven\u0161\u010dini","description":"Tipi\u010dne besedne sopojavitve - v odzivnem slovarju","potentialAction":[{"@type":"SearchAction","target":{"@type":"EntryPoint","urlTemplate":"https:\/\/www.cjvt.si\/kolos\/en\/?s={search_term_string}"},"query-input":{"@type":"PropertyValueSpecification","valueRequired":true,"valueName":"search_term_string"}}],"inLanguage":"en-US"}]}},"_links":{"self":[{"href":"https:\/\/www.cjvt.si\/kolos\/en\/wp-json\/wp\/v2\/pages\/965","targetHints":{"allow":["GET"]}}],"collection":[{"href":"https:\/\/www.cjvt.si\/kolos\/en\/wp-json\/wp\/v2\/pages"}],"about":[{"href":"https:\/\/www.cjvt.si\/kolos\/en\/wp-json\/wp\/v2\/types\/page"}],"author":[{"embeddable":true,"href":"https:\/\/www.cjvt.si\/kolos\/en\/wp-json\/wp\/v2\/users\/1"}],"replies":[{"embeddable":true,"href":"https:\/\/www.cjvt.si\/kolos\/en\/wp-json\/wp\/v2\/comments?post=965"}],"version-history":[{"count":8,"href":"https:\/\/www.cjvt.si\/kolos\/en\/wp-json\/wp\/v2\/pages\/965\/revisions"}],"predecessor-version":[{"id":1212,"href":"https:\/\/www.cjvt.si\/kolos\/en\/wp-json\/wp\/v2\/pages\/965\/revisions\/1212"}],"wp:attachment":[{"href":"https:\/\/www.cjvt.si\/kolos\/en\/wp-json\/wp\/v2\/media?parent=965"}],"curies":[{"name":"wp","href":"https:\/\/api.w.org\/{rel}","templated":true}]}}