{"id":1246,"date":"2021-05-18T13:07:45","date_gmt":"2021-05-18T11:07:45","guid":{"rendered":"https:\/\/www.cjvt.si\/kolos\/?page_id=1246"},"modified":"2021-06-02T19:50:40","modified_gmt":"2021-06-02T17:50:40","slug":"ds1-merjenje-kolokativnosti","status":"publish","type":"page","link":"https:\/\/www.cjvt.si\/kolos\/ds1-merjenje-kolokativnosti\/","title":{"rendered":"DS1: MERJENJE KOLOKATIVNOSTI"},"content":{"rendered":"<div class=\"flex_column av_one_full  flex_column_div av-zero-column-padding first  avia-builder-el-0  el_before_av_textblock  avia-builder-el-first  \" style='border-radius:0px; '><section class=\"av_textblock_section \"  itemscope=\"itemscope\" itemtype=\"https:\/\/schema.org\/CreativeWork\" ><div class='avia_textblock  '   itemprop=\"text\" ><p style=\"font-size: 35px\">DS1: Merjenje kolokativnosti<\/p>\n<\/div><\/section><br \/>\n<div   class='hr hr-short hr-left   avia-builder-el-2  el_after_av_textblock  avia-builder-el-last '><span class='hr-inner ' ><span class='hr-inner-style'><\/span><\/span><\/div><\/p><\/div>\n<section class=\"av_textblock_section \"  itemscope=\"itemscope\" itemtype=\"https:\/\/schema.org\/CreativeWork\" ><div class='avia_textblock  av_inherit_color '  style='color:#969696; '  itemprop=\"text\" ><h3 style=\"color: #969696\">Cilji in rezultati<\/h3>\n<\/div><\/section>\n<div   class='hr hr-default   avia-builder-el-4  el_after_av_textblock  el_before_av_textblock '><span class='hr-inner ' ><span class='hr-inner-style'><\/span><\/span><\/div>\n<section class=\"av_textblock_section \"  itemscope=\"itemscope\" itemtype=\"https:\/\/schema.org\/CreativeWork\" ><div class='avia_textblock  '   itemprop=\"text\" ><h3>1.1 Optimizacija statisti\u010dnih metod za merjenje kolokacijskih razmerij v sloven\u0161\u010dini<\/h3>\n<p>Izbolj\u0161ali smo <strong>algoritem za lu\u0161\u010denje dobrih korpusnih zgledov za kolokacijske podatke<\/strong> s pomo\u010djo orodja GDEX.<\/p>\n<p>Razvili smo <strong>metodologijo lu\u0161\u010denja kolokacij<\/strong>, ki smo jo preizkusili tudi na specializiranih korpusih (korpus \u0160olar) in jo uporabili ter prilagodili za lu\u0161\u010denje kolokacij iz korpusa akademske sloven\u0161\u010dine ter za lu\u0161\u010denje kolokacij za jezikovno-didakti\u010dne namene v obliki podatkovne mno\u017eice za Igro besed.<\/p>\n<p>Na podlagi nove u\u010dne mno\u017eice smo izdelali in objavili <strong>orodje za lu\u0161\u010denje kolokatorjev<\/strong> na podlagi metode besednih vlo\u017eitev, kar je v slovenskem leksikografskem prostoru novost.<\/p>\n<\/div><\/section>\n<div  style=' margin-top:10px; margin-bottom:10px;'  class='hr hr-custom hr-left hr-icon-yes   avia-builder-el-6  el_after_av_textblock  el_before_av_textblock '><span class='hr-inner   inner-border-av-border-thin' style=' width:20px;' ><span class='hr-inner-style'><\/span><\/span><span class='av-seperator-icon'  aria-hidden='true' data-av_icon='\ue84b' data-av_iconfont='entypo-fontello'><\/span><span class='hr-inner   inner-border-av-border-thin' style=' width:20px;' ><span class='hr-inner-style'><\/span><\/span><\/div>\n<section class=\"av_textblock_section \"  itemscope=\"itemscope\" itemtype=\"https:\/\/schema.org\/CreativeWork\" ><div class='avia_textblock  '   itemprop=\"text\" ><ul>\n<li><strong>Kosem, Iztok; Koppel, Kristina; Zingano Kuhn, Tanara; Michelfeit, Jan; Tiberius, Carole (2019).<\/strong> Identification and automatic extraction of good dictionary examples: the case of GDEX. <em>International journal of lexicography<\/em>, letn. 8, \u0161t. 2, str. 119\u2013137. doi: <a href=\"https:\/\/doi.org\/10.1093\/ijl\/ecy014\">10.1093\/ijl\/ecy014<\/a>; [COBISS.SI-ID <a href=\"https:\/\/plus.si.cobiss.net\/opac7\/bib\/67655778?lang=sl\">67655778<\/a>]<\/li>\n<li><strong>Krek, Simon; Gantar, Polona; Kosem, Iztok; Dobrovoljc, Kaja; Arhar Holdt, \u0160pela; \u010cibej, Jaka; Laskovski, Cyprian Adam; Klemenc, Bojan; Krsnik, Luka (2021). <\/strong><em>Frequency lists of collocations from the Gigafida 2.1 corpus<\/em>. Ljubljana: Center za jezikovne vire in tehnologije, Univerza v Ljubljani. <a href=\"http:\/\/hdl.handle.net\/11356\/1415\">http:\/\/hdl.handle.net\/11356\/1415<\/a>; \u00a0[COBISS.SI-ID <a href=\"https:\/\/plus.si.cobiss.net\/opac7\/bib\/58622467?lang=sl\">58622467<\/a>]<\/li>\n<\/ul>\n<\/div><\/section>\n<div  style=' margin-top:10px; margin-bottom:15px;'  class='hr hr-custom hr-left hr-icon-yes   avia-builder-el-8  el_after_av_textblock  el_before_av_textblock '><span class='hr-inner   inner-border-av-border-thin' style=' width:20px;' ><span class='hr-inner-style'><\/span><\/span><span class='av-seperator-icon'  aria-hidden='true' data-av_icon='\ue855' data-av_iconfont='entypo-fontello'><\/span><span class='hr-inner   inner-border-av-border-thin' style=' width:20px;' ><span class='hr-inner-style'><\/span><\/span><\/div>\n<section class=\"av_textblock_section \"  itemscope=\"itemscope\" itemtype=\"https:\/\/schema.org\/CreativeWork\" ><div class='avia_textblock  '   itemprop=\"text\" ><ul>\n<li><strong>Kolos \u2013 A supervised machine learning tool for collocation extraction:<\/strong>\u00a0<a href=\"https:\/\/github.com\/clarinsi\/kolos\">https:\/\/github.com\/clarinsi\/kolos<\/a>.<\/li>\n<\/ul>\n<\/div><\/section>\n<div   class='hr hr-default   avia-builder-el-10  el_after_av_textblock  el_before_av_textblock '><span class='hr-inner ' ><span class='hr-inner-style'><\/span><\/span><\/div>\n<section class=\"av_textblock_section \"  itemscope=\"itemscope\" itemtype=\"https:\/\/schema.org\/CreativeWork\" ><div class='avia_textblock  '   itemprop=\"text\" ><h3>1.2 Evalvacija optimalnih statisti\u010dnih metod za namene razli\u010dnih ciljnih uporabnikov<\/h3>\n<p>Metodologijo lu\u0161\u010denja kolokacij smo preizkusili na dveh specializiranih korpusih: korpusu \u0161olskih besedil \u0160olar in korpusu akademske sloven\u0161\u010dine KAS. Posebej smo jo prilagodili tudi za lu\u0161\u010denje kolokacij za jezikovnodidakti\u010dne namene v obliki podatkovne mno\u017eice za <strong>Igro besed<\/strong> <span style=\"font-weight: 400\">(<\/span><a href=\"https:\/\/www.cjvt.si\/raziskovalno-delo\/projekti-cjvt\/igra-besed\/\"><span style=\"font-weight: 400\">https:\/\/www.cjvt.si\/raziskovalno-delo\/projekti-cjvt\/igra-besed\/<\/span><\/a><span style=\"font-weight: 400\">)<\/span>.<\/p>\n<p>Uporabni\u0161ke preference glede organizacije kolokacijskih podatkov smo preverili tudi s pomo\u010djo uporabni\u0161ke ankete (N=457), ki je pokazala, da je frekven\u010dna informacija bolj\u0161i pokazatelj uporabni\u0161kih preferenc kot statisti\u010dna jakost logDice. Podatki iz obeh uporabni\u0161kih \u0161tudij so eni prvih tovrstnih pri nas in ponujajo empiri\u010dna izhodi\u0161\u010da za uporabni\u0161ko usmerjen razvoj podro\u010dja.<\/p>\n<\/div><\/section>\n<div  style=' margin-top:10px; margin-bottom:10px;'  class='hr hr-custom hr-left hr-icon-yes   avia-builder-el-12  el_after_av_textblock  el_before_av_textblock '><span class='hr-inner   inner-border-av-border-thin' style=' width:20px;' ><span class='hr-inner-style'><\/span><\/span><span class='av-seperator-icon'  aria-hidden='true' data-av_icon='\ue84b' data-av_iconfont='entypo-fontello'><\/span><span class='hr-inner   inner-border-av-border-thin' style=' width:20px;' ><span class='hr-inner-style'><\/span><\/span><\/div>\n<section class=\"av_textblock_section \"  itemscope=\"itemscope\" itemtype=\"https:\/\/schema.org\/CreativeWork\" ><div class='avia_textblock  '   itemprop=\"text\" ><ul>\n<li><strong>Rozman, Tadeja; Arhar Holdt, \u0160pela; Pollak, Senja; Kosem, Iztok (2018).<\/strong> Kolokacije v korpusu \u0160olar. <em>Jezik in slovstvo<\/em>, letn. 63, \u0161t. 2\/3, str. 117\u2013128.<a href=\"https:\/\/www.jezikinslovstvo.com\/pdf.php?part=2018%7C2-3%7C117-128\"> https:\/\/www.jezikinslovstvo.com\/pdf.php?part=2018%7C2-3%7C117-128<\/a> [COBISS.SI-ID <a href=\"https:\/\/plus.si.cobiss.net\/opac7\/bib\/1538090179?lang=sl\">1538090179<\/a>]<\/li>\n<li><strong>Logar, Nata\u0161a; Kosem, Iztok; Erjavec, Toma\u017e; Zaran\u0161ek, Petra; Laskowski, Cyprian Adam (2019)<em>.<\/em><\/strong><em> Aleks: leksikalno-skladenjska podatkovna zbirka slovenskega strokovno-znanstvenega jezika<\/em>. <a href=\"https:\/\/www.termania.net\/slovarji\/223\/kas-slovar-splosnostrokovne-leksike\">https:\/\/www.termania.net\/slovarji\/223\/kas-slovar-splosnostrokovne-leksike<\/a> [COBISS.SI-ID <a href=\"https:\/\/plus.si.cobiss.net\/opac7\/bib\/300937984?lang=sl\">300937984<\/a>]<\/li>\n<li><strong>Pori, Eva; \u010cibej, Jaka; Arhar Holdt, \u0160pela; Kosem, Iztok (2020).<\/strong>\u00a0The attitude of dictionary users towards automatically extracted collocation data: a user study.\u00a0<em>Kolokacije v leksikografiji: obstoje\u010de re\u0161itve in izzivi.\u00a0<\/em>Sloven\u0161\u010dina 2.0, tematska \u0161tevilka, letn. 8, \u0161t. 2, str. 168\u2013201. doi:\u00a0<a href=\"https:\/\/doi.org\/10.4312\/slo2.0.2020.2.168-201\">10.4312\/slo2.0.2020.2.168-201<\/a>\u00a0[COBISS.SI-ID\u00a0<a href=\"https:\/\/plus.si.cobiss.net\/opac7\/bib\/27951107?lang=sl\">27951107<\/a>]<\/li>\n<li><strong>Arhar Holdt, \u0160pela (2021). <\/strong>Razvrstitev kolokacij v slovarskem vmesniku: uporabni\u0161ke prioritete. [v tisku]<\/li>\n<\/ul>\n<\/div><\/section>\n<div   class='hr hr-default   avia-builder-el-14  el_after_av_textblock  el_before_av_textblock '><span class='hr-inner ' ><span class='hr-inner-style'><\/span><\/span><\/div>\n<section class=\"av_textblock_section \"  itemscope=\"itemscope\" itemtype=\"https:\/\/schema.org\/CreativeWork\" ><div class='avia_textblock  '   itemprop=\"text\" ><h3>1.3 Opis vloge razli\u010dnih spremenljivk na u\u010dinek statisti\u010dnih metod<\/h3>\n<p>Na heterogeni u\u010dni mno\u017eici ro\u010dno pregledanih in ozna\u010denih 17.576 kolokacijskih kandidatov v 143 skladenjskih struktur za 333 razli\u010dnih lem smo identificirali razli\u010dne probleme, povezane s statisti\u010dnimi metodami. Na podlagi rezultatov so bila izdelana <strong>priporo\u010dila za izbolj\u0161anje postopkov lu\u0161\u010denja<\/strong>, med drugim smo tudi izdelali in ovrednotili sezname kolokatorjev z najve\u010djo stopnjo razpr\u0161enosti (sopojavljanja z veliko drugimi izto\u010dnicami), ki so pogosto slovarsko nerelevantni.<\/p>\n<p>Opravili smo tudi <strong>evalvacijo razvr\u0161\u010danja kolokacij po metodi deltaP<\/strong>, ki izhaja kognitivnega jezikoslovja iz psiholingvistike in upo\u0161teva usmerjenost kolokacije.<\/p>\n<p>Zelo pomemben doprinos projekta teoreti\u010dnim dognanjem o fenomenu kolokacije, tako v slovenskem kot mednarodnem prostoru, je <strong>opredelitev kolokacije<\/strong> (tudi oz. predvsem v razmerju do ostalih ve\u010dbesednih enot), zlasti za namene priprave leksikalnih virov za sloven\u0161\u010dino.<\/p>\n<\/div><\/section>\n<div  style=' margin-top:10px; margin-bottom:10px;'  class='hr hr-custom hr-left hr-icon-yes   avia-builder-el-16  el_after_av_textblock  el_before_av_textblock '><span class='hr-inner   inner-border-av-border-thin' style=' width:20px;' ><span class='hr-inner-style'><\/span><\/span><span class='av-seperator-icon'  aria-hidden='true' data-av_icon='\ue84b' data-av_iconfont='entypo-fontello'><\/span><span class='hr-inner   inner-border-av-border-thin' style=' width:20px;' ><span class='hr-inner-style'><\/span><\/span><\/div>\n<section class=\"av_textblock_section \"  itemscope=\"itemscope\" itemtype=\"https:\/\/schema.org\/CreativeWork\" ><div class='avia_textblock  '   itemprop=\"text\" ><ul>\n<li><strong>Pori, Eva; Kosem, Iztok (2018).<\/strong> V iskanju slovarsko relevantne kolokacije na primeru struktur s prislovi. <em>Sloven\u0161\u010dina 2.0<\/em>, letn. 6, \u0161t. 2, str. 154\u2013185. doi: <a href=\"https:\/\/doi.org\/10.4312\/slo2.0.2018.2.154-185\">10.4312\/slo2.0.2018.2.154-185<\/a>; [COBISS.SI-ID <a href=\"https:\/\/plus.si.cobiss.net\/opac7\/bib\/32220455?lang=sl\">32220455<\/a>]<\/li>\n<li><strong>Gantar, Polona; Arhar Holdt, \u0160pela; Pollak, Senja (2018).<\/strong> Leksikalne novosti v besedilih ra\u010dunalni\u0161ko posredovane komunikacije. <em>Slavisti\u010dna revija: \u010dasopis za jezikoslovje in literarne vede<\/em>, letn. 66, \u0161t. 4, str. 459\u2013472. <a href=\"https:\/\/srl.si\/ojs\/srl\/article\/view\/2018-4-1-4\">https:\/\/srl.si\/ojs\/srl\/article\/view\/2018-4-1-4<\/a>; [COBISS.SI-ID <a href=\"https:\/\/plus.si.cobiss.net\/opac7\/bib\/27966211?lang=sl\">27966211<\/a>]<\/li>\n<li><strong>Kosem, Iztok<\/strong><strong>; Krek, Simon; Gantar, Polona (2020). <\/strong>Defining collocation for Slovenian lexical resources. V: Iztok Kosem in Polona Gantar (ur.): <em>Kolokacije v leksikografiji: obstoje\u010de re\u0161itve in izzivi za prihodnost<\/em>, Sloven\u0161\u010dina 2.0, letn. 8, \u0161t. 2, str. 1\u201327. doi: <a href=\"https:\/\/doi.org\/10.4312\/slo2.0.2020.2.1-27\">10.4312\/slo2.0.2020.2.1-27<\/a>; [COBISS.SI-ID <a href=\"https:\/\/plus.si.cobiss.net\/opac7\/bib\/27966211?lang=sl\">27966211<\/a>]<\/li>\n<\/ul>\n<\/div><\/section>\n","protected":false},"excerpt":{"rendered":"","protected":false},"author":12,"featured_media":0,"parent":0,"menu_order":0,"comment_status":"closed","ping_status":"closed","template":"","meta":{"_acf_changed":false,"_relevanssi_hide_post":"","_relevanssi_hide_content":"","_relevanssi_pin_for_all":"","_relevanssi_pin_keywords":"","_relevanssi_unpin_keywords":"","_relevanssi_related_keywords":"","_relevanssi_related_include_ids":"","_relevanssi_related_exclude_ids":"","_relevanssi_related_no_append":"","_relevanssi_related_not_related":"","_relevanssi_related_posts":"","_relevanssi_noindex_reason":"","inline_featured_image":false,"episode_type":"","audio_file":"","podmotor_file_id":"","podmotor_episode_id":"","cover_image":"","cover_image_id":"","duration":"","filesize":"","filesize_raw":"","date_recorded":"","explicit":"","block":"","itunes_episode_number":"","itunes_title":"","itunes_season_number":"","itunes_episode_type":"","footnotes":""},"class_list":["post-1246","page","type-page","status-publish","hentry"],"acf":[],"yoast_head":"<!-- This site is optimized with the Yoast SEO plugin v27.3 - https:\/\/yoast.com\/product\/yoast-seo-wordpress\/ -->\n<title>DS1: MERJENJE KOLOKATIVNOSTI - KOLOS - Kolokacije v sloven\u0161\u010dini<\/title>\n<meta name=\"robots\" content=\"index, follow, max-snippet:-1, max-image-preview:large, max-video-preview:-1\" \/>\n<link rel=\"canonical\" href=\"https:\/\/www.cjvt.si\/kolos\/ds1-merjenje-kolokativnosti\/\" \/>\n<meta property=\"og:locale\" content=\"sl_SI\" \/>\n<meta property=\"og:type\" content=\"article\" \/>\n<meta property=\"og:title\" content=\"DS1: MERJENJE KOLOKATIVNOSTI - KOLOS - Kolokacije v sloven\u0161\u010dini\" \/>\n<meta property=\"og:url\" content=\"https:\/\/www.cjvt.si\/kolos\/ds1-merjenje-kolokativnosti\/\" \/>\n<meta property=\"og:site_name\" content=\"KOLOS - Kolokacije v sloven\u0161\u010dini\" \/>\n<meta property=\"article:modified_time\" content=\"2021-06-02T17:50:40+00:00\" \/>\n<meta name=\"twitter:card\" content=\"summary_large_image\" \/>\n<meta name=\"twitter:label1\" content=\"Est. reading time\" \/>\n\t<meta name=\"twitter:data1\" content=\"4 minute\" \/>\n<script type=\"application\/ld+json\" class=\"yoast-schema-graph\">{\"@context\":\"https:\\\/\\\/schema.org\",\"@graph\":[{\"@type\":\"WebPage\",\"@id\":\"https:\\\/\\\/www.cjvt.si\\\/kolos\\\/ds1-merjenje-kolokativnosti\\\/\",\"url\":\"https:\\\/\\\/www.cjvt.si\\\/kolos\\\/ds1-merjenje-kolokativnosti\\\/\",\"name\":\"DS1: MERJENJE KOLOKATIVNOSTI - KOLOS - Kolokacije v sloven\u0161\u010dini\",\"isPartOf\":{\"@id\":\"https:\\\/\\\/www.cjvt.si\\\/kolos\\\/#website\"},\"datePublished\":\"2021-05-18T11:07:45+00:00\",\"dateModified\":\"2021-06-02T17:50:40+00:00\",\"breadcrumb\":{\"@id\":\"https:\\\/\\\/www.cjvt.si\\\/kolos\\\/ds1-merjenje-kolokativnosti\\\/#breadcrumb\"},\"inLanguage\":\"sl-SI\",\"potentialAction\":[{\"@type\":\"ReadAction\",\"target\":[\"https:\\\/\\\/www.cjvt.si\\\/kolos\\\/ds1-merjenje-kolokativnosti\\\/\"]}]},{\"@type\":\"BreadcrumbList\",\"@id\":\"https:\\\/\\\/www.cjvt.si\\\/kolos\\\/ds1-merjenje-kolokativnosti\\\/#breadcrumb\",\"itemListElement\":[{\"@type\":\"ListItem\",\"position\":1,\"name\":\"Home\",\"item\":\"https:\\\/\\\/www.cjvt.si\\\/kolos\\\/\"},{\"@type\":\"ListItem\",\"position\":2,\"name\":\"DS1: MERJENJE KOLOKATIVNOSTI\"}]},{\"@type\":\"WebSite\",\"@id\":\"https:\\\/\\\/www.cjvt.si\\\/kolos\\\/#website\",\"url\":\"https:\\\/\\\/www.cjvt.si\\\/kolos\\\/\",\"name\":\"KOLOS - Kolokacije v sloven\u0161\u010dini\",\"description\":\"Tipi\u010dne besedne sopojavitve - v odzivnem slovarju\",\"potentialAction\":[{\"@type\":\"SearchAction\",\"target\":{\"@type\":\"EntryPoint\",\"urlTemplate\":\"https:\\\/\\\/www.cjvt.si\\\/kolos\\\/?s={search_term_string}\"},\"query-input\":{\"@type\":\"PropertyValueSpecification\",\"valueRequired\":true,\"valueName\":\"search_term_string\"}}],\"inLanguage\":\"sl-SI\"}]}<\/script>\n<!-- \/ Yoast SEO plugin. -->","yoast_head_json":{"title":"DS1: MERJENJE KOLOKATIVNOSTI - KOLOS - Kolokacije v sloven\u0161\u010dini","robots":{"index":"index","follow":"follow","max-snippet":"max-snippet:-1","max-image-preview":"max-image-preview:large","max-video-preview":"max-video-preview:-1"},"canonical":"https:\/\/www.cjvt.si\/kolos\/ds1-merjenje-kolokativnosti\/","og_locale":"sl_SI","og_type":"article","og_title":"DS1: MERJENJE KOLOKATIVNOSTI - KOLOS - Kolokacije v sloven\u0161\u010dini","og_url":"https:\/\/www.cjvt.si\/kolos\/ds1-merjenje-kolokativnosti\/","og_site_name":"KOLOS - Kolokacije v sloven\u0161\u010dini","article_modified_time":"2021-06-02T17:50:40+00:00","twitter_card":"summary_large_image","twitter_misc":{"Est. reading time":"4 minute"},"schema":{"@context":"https:\/\/schema.org","@graph":[{"@type":"WebPage","@id":"https:\/\/www.cjvt.si\/kolos\/ds1-merjenje-kolokativnosti\/","url":"https:\/\/www.cjvt.si\/kolos\/ds1-merjenje-kolokativnosti\/","name":"DS1: MERJENJE KOLOKATIVNOSTI - KOLOS - Kolokacije v sloven\u0161\u010dini","isPartOf":{"@id":"https:\/\/www.cjvt.si\/kolos\/#website"},"datePublished":"2021-05-18T11:07:45+00:00","dateModified":"2021-06-02T17:50:40+00:00","breadcrumb":{"@id":"https:\/\/www.cjvt.si\/kolos\/ds1-merjenje-kolokativnosti\/#breadcrumb"},"inLanguage":"sl-SI","potentialAction":[{"@type":"ReadAction","target":["https:\/\/www.cjvt.si\/kolos\/ds1-merjenje-kolokativnosti\/"]}]},{"@type":"BreadcrumbList","@id":"https:\/\/www.cjvt.si\/kolos\/ds1-merjenje-kolokativnosti\/#breadcrumb","itemListElement":[{"@type":"ListItem","position":1,"name":"Home","item":"https:\/\/www.cjvt.si\/kolos\/"},{"@type":"ListItem","position":2,"name":"DS1: MERJENJE KOLOKATIVNOSTI"}]},{"@type":"WebSite","@id":"https:\/\/www.cjvt.si\/kolos\/#website","url":"https:\/\/www.cjvt.si\/kolos\/","name":"KOLOS - Kolokacije v sloven\u0161\u010dini","description":"Tipi\u010dne besedne sopojavitve - v odzivnem slovarju","potentialAction":[{"@type":"SearchAction","target":{"@type":"EntryPoint","urlTemplate":"https:\/\/www.cjvt.si\/kolos\/?s={search_term_string}"},"query-input":{"@type":"PropertyValueSpecification","valueRequired":true,"valueName":"search_term_string"}}],"inLanguage":"sl-SI"}]}},"_links":{"self":[{"href":"https:\/\/www.cjvt.si\/kolos\/wp-json\/wp\/v2\/pages\/1246","targetHints":{"allow":["GET"]}}],"collection":[{"href":"https:\/\/www.cjvt.si\/kolos\/wp-json\/wp\/v2\/pages"}],"about":[{"href":"https:\/\/www.cjvt.si\/kolos\/wp-json\/wp\/v2\/types\/page"}],"author":[{"embeddable":true,"href":"https:\/\/www.cjvt.si\/kolos\/wp-json\/wp\/v2\/users\/12"}],"replies":[{"embeddable":true,"href":"https:\/\/www.cjvt.si\/kolos\/wp-json\/wp\/v2\/comments?post=1246"}],"version-history":[{"count":26,"href":"https:\/\/www.cjvt.si\/kolos\/wp-json\/wp\/v2\/pages\/1246\/revisions"}],"predecessor-version":[{"id":1419,"href":"https:\/\/www.cjvt.si\/kolos\/wp-json\/wp\/v2\/pages\/1246\/revisions\/1419"}],"wp:attachment":[{"href":"https:\/\/www.cjvt.si\/kolos\/wp-json\/wp\/v2\/media?parent=1246"}],"curies":[{"name":"wp","href":"https:\/\/api.w.org\/{rel}","templated":true}]}}