{"id":1258,"date":"2021-05-18T14:12:24","date_gmt":"2021-05-18T12:12:24","guid":{"rendered":"https:\/\/www.cjvt.si\/kolos\/?page_id=1258"},"modified":"2021-06-02T19:50:55","modified_gmt":"2021-06-02T17:50:55","slug":"ds2-semanticni-nizi-kolokatorjev","status":"publish","type":"page","link":"https:\/\/www.cjvt.si\/kolos\/ds2-semanticni-nizi-kolokatorjev\/","title":{"rendered":"DS2: SEMANTI\u010cNI NIZI KOLOKATORJEV"},"content":{"rendered":"<div class=\"flex_column av_one_full  flex_column_div av-zero-column-padding first  avia-builder-el-0  el_before_av_textblock  avia-builder-el-first  \" style='border-radius:0px; '><section class=\"av_textblock_section \"  itemscope=\"itemscope\" itemtype=\"https:\/\/schema.org\/CreativeWork\" ><div class='avia_textblock  '   itemprop=\"text\" ><p style=\"font-size: 35px\">DS2: Semanti\u010dni nizi kolokatorjev<\/p>\n<\/div><\/section><br \/>\n<div   class='hr hr-short hr-left   avia-builder-el-2  el_after_av_textblock  avia-builder-el-last '><span class='hr-inner ' ><span class='hr-inner-style'><\/span><\/span><\/div><\/p><\/div>\n<section class=\"av_textblock_section \"  itemscope=\"itemscope\" itemtype=\"https:\/\/schema.org\/CreativeWork\" ><div class='avia_textblock  '   itemprop=\"text\" ><h3 style=\"color: #969696\">Cilji in rezultati<\/h3>\n<\/div><\/section>\n<div   class='hr hr-default   avia-builder-el-4  el_after_av_textblock  el_before_av_textblock '><span class='hr-inner ' ><span class='hr-inner-style'><\/span><\/span><\/div>\n<section class=\"av_textblock_section \"  itemscope=\"itemscope\" itemtype=\"https:\/\/schema.org\/CreativeWork\" ><div class='avia_textblock  '   itemprop=\"text\" ><h3>2.1 Razvoj statisti\u010dne metode za avtomatsko semanti\u010dno grupiranje oz. kategoriziranje kolokatorjev v sloven\u0161\u010dini<\/h3>\n<p>Metodo avtomatskega grupiranja kolokacij na podlagi mere povezanosti (angl. association score), ki je bila na voljo v orodju Sketch Engine, smo na podlagi evalvacije v 2.2 prilagodili za sloven\u0161\u010dino in jo uporabili pri pripravi podatkov za Kolokacijski slovar sodobne sloven\u0161\u010dine <span style=\"font-weight: 400\">(<\/span><a href=\"https:\/\/viri.cjvt.si\/kolokacije\/slv\/#\"><span style=\"font-weight: 400\">https:\/\/viri.cjvt.si\/kolokacije\/slv\/#<\/span><\/a><span style=\"font-weight: 400\">)<\/span>.<\/p>\n<p>Izdelali smo tudi <strong>delotok za semanti\u010dno grupiranje kolokacij<\/strong> s pomo\u010djo metode besednih vlo\u017eitev in ga objavili v repozitoriju CLARIN.SI, skupaj z izbranimi kolokacijskimi podatki za tri skladenjske strukture. Delotok se poganja v prosto dostopnem orodju Orange Data Minining. Raziskovalcem omogo\u010da analiziranje \u017ee obstoje\u010dih podatkov, pa tudi nalaganje in obdelavo lastnih podatkov.<\/p>\n<\/div><\/section>\n<div  style=' margin-top:10px; margin-bottom:10px;'  class='hr hr-custom hr-left hr-icon-yes   avia-builder-el-6  el_after_av_textblock  el_before_av_textblock '><span class='hr-inner   inner-border-av-border-thin' style=' width:20px;' ><span class='hr-inner-style'><\/span><\/span><span class='av-seperator-icon'  aria-hidden='true' data-av_icon='\ue84b' data-av_iconfont='entypo-fontello'><\/span><span class='hr-inner   inner-border-av-border-thin' style=' width:20px;' ><span class='hr-inner-style'><\/span><\/span><\/div>\n<section class=\"av_textblock_section \"  itemscope=\"itemscope\" itemtype=\"https:\/\/schema.org\/CreativeWork\" ><div class='avia_textblock  '   itemprop=\"text\" ><ul>\n<li><strong>Kosem, Iztok<\/strong>; <strong>Gantar, Polona<\/strong>; <strong>Krek, Simon<\/strong>; <strong>Arhar Holdt, \u0160pela; \u010cibej, Jaka; Laskowski, Cyprian Adam; Pori, Eva; Klemenc, Bojan; Dobrovoljc, Kaja; Gorjanc, Vojko; Ljube\u0161i\u0107, Nikola (2019)<em>.<\/em><\/strong> <em>Collocations dictionary of modern Slovene KSSS 1.0<\/em>, Slovenian language resource repository CLARIN.SI. Ljubljana: Centre for Language Resources and Technologies, University of Ljubljana. <a href=\"https:\/\/www.clarin.si\/repository\/xmlui\/handle\/11356\/1250\">https:\/\/www.clarin.si\/repository\/xmlui\/handle\/11356\/1250<\/a>; [COBISS.SI-ID <a href=\"https:\/\/plus.si.cobiss.net\/opac7\/bib\/20172291?lang=sl\">20172291<\/a>]<\/li>\n<li><strong>Kosem, Iztok; \u010cibej, Jaka; Ljube\u0161i\u0107, Nikola; Krek, Simon; Gantar, Polona; Arhar Holdt, \u0160pela; Logar, Nata\u0161a; Laskowski, Cyprian Adam; Klemenc, Bojan; Dobrovoljc, Kaja; Gorjanc, Vojko; Pori, Eva (2020)<em>.<\/em><\/strong> <em>The Orange workflow for observing collocation clusters ColEmbed 1.0<\/em>, Slovenian language resource repository CLARIN.SI. Ljubljana: Centre for Language Resources and Technologies, University of Ljubljana. <a href=\"https:\/\/www.clarin.si\/repository\/xmlui\/handle\/11356\/1425\">https:\/\/www.clarin.si\/repository\/xmlui\/handle\/11356\/1425<\/a>; [COBISS.SI-ID <a href=\"https:\/\/plus.si.cobiss.net\/opac7\/bib\/62599939?lang=sl\">62599939<\/a>]<\/li>\n<\/ul>\n<\/div><\/section>\n<div   class='hr hr-default   avia-builder-el-8  el_after_av_textblock  el_before_av_textblock '><span class='hr-inner ' ><span class='hr-inner-style'><\/span><\/span><\/div>\n<section class=\"av_textblock_section \"  itemscope=\"itemscope\" itemtype=\"https:\/\/schema.org\/CreativeWork\" ><div class='avia_textblock  '   itemprop=\"text\" ><h3>2.2 Jezikoslovna evalvacija rezultatov statisti\u010dne metode grupiranja kolokatorjev<\/h3>\n<p>Opravili smo <strong>evalvacijo avtomatskega grupiranja kolokatorjev<\/strong> v u\u010dni mno\u017eici iz 1.3 in identificirali optimalno nastavitev praga podobnosti za vklju\u010ditev kolokacij v gru\u010do, ki je 0,2. To nastavitev smo potem uporabili pri pripravi gru\u010d kolokacij za Kolokacijski slovar sodobne sloven\u0161\u010dine <span style=\"font-weight: 400\">(<\/span><a href=\"https:\/\/viri.cjvt.si\/kolokacije\/slv\/#\"><span style=\"font-weight: 400\">https:\/\/viri.cjvt.si\/kolokacije\/slv\/#<\/span><\/a><span style=\"font-weight: 400\">).<\/span> (glej 2.1).<\/p>\n<p>Gru\u010denje kolokacij in njegova evalvacija je bila opravljena tudi na splo\u0161nostrokovnih izto\u010dnicah, pridobljenih iz korpusa akademske sloven\u0161\u010dine KAS. Rezultati so del <strong>leksikalno-skladenjske podatkovne zbirke ALEKS<\/strong>, ki je prosto dostopna na portalu Termania.<\/p>\n<\/div><\/section>\n<div  style=' margin-top:10px; margin-bottom:15px;'  class='hr hr-custom hr-left hr-icon-yes   avia-builder-el-10  el_after_av_textblock  el_before_av_textblock '><span class='hr-inner   inner-border-av-border-thin' style=' width:20px;' ><span class='hr-inner-style'><\/span><\/span><span class='av-seperator-icon'  aria-hidden='true' data-av_icon='\ue855' data-av_iconfont='entypo-fontello'><\/span><span class='hr-inner   inner-border-av-border-thin' style=' width:20px;' ><span class='hr-inner-style'><\/span><\/span><\/div>\n<section class=\"av_textblock_section \"  itemscope=\"itemscope\" itemtype=\"https:\/\/schema.org\/CreativeWork\" ><div class='avia_textblock  '   itemprop=\"text\" ><ul>\n<li><strong>Logar, Nata\u0161a; Kosem, Iztok; Erjavec, Toma\u017e; Zaran\u0161ek, Petra; Laskowski, Cyprian Adam (2019)<em>.<\/em><\/strong><em> Aleks: leksikalno-skladenjska podatkovna zbirka slovenskega strokovno-znanstvenega jezika<\/em>. <a href=\"https:\/\/www.termania.net\/slovarji\/223\/kas-slovar-splosnostrokovne-leksike\">https:\/\/www.termania.net\/slovarji\/223\/kas-slovar-splosnostrokovne-leksike<\/a>; <a href=\"http:\/\/hdl.handle.net\/11356\/1245\">http:\/\/hdl.handle.net\/11356\/1245<\/a>].<\/li>\n<\/ul>\n<\/div><\/section>\n<div   class='hr hr-default   avia-builder-el-12  el_after_av_textblock  el_before_av_textblock '><span class='hr-inner ' ><span class='hr-inner-style'><\/span><\/span><\/div>\n<section class=\"av_textblock_section \"  itemscope=\"itemscope\" itemtype=\"https:\/\/schema.org\/CreativeWork\" ><div class='avia_textblock  '   itemprop=\"text\" ><h3>2.3 Izdelava ontologije semanti\u010dnih nizov oz. kategorij kolokatorjev v sloven\u0161\u010dini<\/h3>\n<p>Na podlagi u\u010dnih mno\u017eic iz sklopa 1, ugotovitev iz analiz gru\u010denja kolokacij, podatkov za Kolokacijski slovar sodobne sloven\u0161\u010dine, Leksikalne baze za sloven\u0161\u010dino in nekaterih ostalih odprto dostopnih leksikalnih virov smo izdelali <strong>ontologijo semanti\u010dnih tipov za samostalnike in samostalni\u0161ke kolokatorje<\/strong> (271 kategorij), ki smo jo objavili v repozitoriju CLARIN.SI (<a href=\"http:\/\/hdl.handle.net\/11356\/1428\">http:\/\/hdl.handle.net\/11356\/1428<\/a>). Pri tem smo sodelovali z Berlinsko-brandenbur\u0161ko akademijo znanosti in In\u0161titutom za estonski jezik. Ontologija se \u017ee uporablja v razli\u010dnih leksikografskih projektih (Veliki slovensko-mad\u017earski slovar, Digitalna slovarska baza), in sicer za ozna\u010devanje tako kolokacijskih gru\u010d kot pomenskih konceptov, pa tudi za oblikovanje indikatorjev oz. kratkih pomenskih opisov, ki predstavljajo razli\u010dne mo\u017enosti slovarske realizacije ontologije in so usmerjeni predvsem k ciljnemu uporabniku jezikovnega vira, ne pa njegovemu izdelovalcu.<\/p>\n<\/div><\/section>\n<div  style=' margin-top:10px; margin-bottom:10px;'  class='hr hr-custom hr-left hr-icon-yes   avia-builder-el-14  el_after_av_textblock  el_before_av_textblock '><span class='hr-inner   inner-border-av-border-thin' style=' width:20px;' ><span class='hr-inner-style'><\/span><\/span><span class='av-seperator-icon'  aria-hidden='true' data-av_icon='\ue84b' data-av_iconfont='entypo-fontello'><\/span><span class='hr-inner   inner-border-av-border-thin' style=' width:20px;' ><span class='hr-inner-style'><\/span><\/span><\/div>\n<section class=\"av_textblock_section \"  itemscope=\"itemscope\" itemtype=\"https:\/\/schema.org\/CreativeWork\" ><div class='avia_textblock  '   itemprop=\"text\" ><ul>\n<li><strong>Kosem, Iztok; Gantar, Polona; Krek, Simon (2017).<\/strong> Sense menus in collocations dictionary of Slovene. V: <em>Electronic lexicography in the 21st century: lexicography from scratch<\/em>, zbornik konference, str. 43. Leiden: Dutch Language Institut; Brno: Lexical Computing; Ljubljana: Trojina Institute for Applied Slovene Studies. [COBISS.SI-ID 66143586]<\/li>\n<\/ul>\n<\/div><\/section>\n<div  style=' margin-top:10px; margin-bottom:15px;'  class='hr hr-custom hr-left hr-icon-yes   avia-builder-el-16  el_after_av_textblock  el_before_av_textblock '><span class='hr-inner   inner-border-av-border-thin' style=' width:20px;' ><span class='hr-inner-style'><\/span><\/span><span class='av-seperator-icon'  aria-hidden='true' data-av_icon='\ue855' data-av_iconfont='entypo-fontello'><\/span><span class='hr-inner   inner-border-av-border-thin' style=' width:20px;' ><span class='hr-inner-style'><\/span><\/span><\/div>\n<section class=\"av_textblock_section \"  itemscope=\"itemscope\" itemtype=\"https:\/\/schema.org\/CreativeWork\" ><div class='avia_textblock  '   itemprop=\"text\" ><ul>\n<li><strong>Kosem, Iztok; Pori, Eva; Gantar, Polona; Logar, Nata\u0161a; Krek, Simon; Laskowski, Cyprian Adam; Arhar Holdt, \u0160pela; \u010cibej, Jaka; Dobrovoljc, Kaja; Gorjanc, Vojko; Klemenc, Bojan; Ljube\u0161i\u0107, Nikola (2020)<em>.<\/em><\/strong> <em>Slovene ontology of semantic types for nouns SLONEST-noun 1.0<\/em>, Slovenian language resource repository CLARIN.SI. <a href=\"https:\/\/www.clarin.si\/repository\/xmlui\/handle\/11356\/1428\">https:\/\/www.clarin.si\/repository\/xmlui\/handle\/11356\/1428<\/a>; [COBISS.SI-ID <a href=\"https:\/\/plus.si.cobiss.net\/opac7\/bib\/62581507?lang=sl\">62581507<\/a>]<\/li>\n<\/ul>\n<\/div><\/section>\n","protected":false},"excerpt":{"rendered":"","protected":false},"author":12,"featured_media":0,"parent":0,"menu_order":0,"comment_status":"closed","ping_status":"closed","template":"","meta":{"_acf_changed":false,"_relevanssi_hide_post":"","_relevanssi_hide_content":"","_relevanssi_pin_for_all":"","_relevanssi_pin_keywords":"","_relevanssi_unpin_keywords":"","_relevanssi_related_keywords":"","_relevanssi_related_include_ids":"","_relevanssi_related_exclude_ids":"","_relevanssi_related_no_append":"","_relevanssi_related_not_related":"","_relevanssi_related_posts":"","_relevanssi_noindex_reason":"","inline_featured_image":false,"episode_type":"","audio_file":"","cover_image":"","cover_image_id":"","duration":"","filesize":"","filesize_raw":"","date_recorded":"","explicit":"","block":"","itunes_episode_number":"","itunes_title":"","itunes_season_number":"","itunes_episode_type":"","footnotes":""},"class_list":["post-1258","page","type-page","status-publish","hentry"],"acf":[],"yoast_head":"<!-- This site is optimized with the Yoast SEO plugin v26.9 - https:\/\/yoast.com\/product\/yoast-seo-wordpress\/ -->\n<title>DS2: SEMANTI\u010cNI NIZI KOLOKATORJEV - KOLOS - Kolokacije v sloven\u0161\u010dini<\/title>\n<meta name=\"robots\" content=\"index, follow, max-snippet:-1, max-image-preview:large, max-video-preview:-1\" \/>\n<link rel=\"canonical\" href=\"https:\/\/www.cjvt.si\/kolos\/ds2-semanticni-nizi-kolokatorjev\/\" \/>\n<meta property=\"og:locale\" content=\"sl_SI\" \/>\n<meta property=\"og:type\" content=\"article\" \/>\n<meta property=\"og:title\" content=\"DS2: SEMANTI\u010cNI NIZI KOLOKATORJEV - KOLOS - Kolokacije v sloven\u0161\u010dini\" \/>\n<meta property=\"og:url\" content=\"https:\/\/www.cjvt.si\/kolos\/ds2-semanticni-nizi-kolokatorjev\/\" \/>\n<meta property=\"og:site_name\" content=\"KOLOS - Kolokacije v sloven\u0161\u010dini\" \/>\n<meta property=\"article:modified_time\" content=\"2021-06-02T17:50:55+00:00\" \/>\n<meta name=\"twitter:card\" content=\"summary_large_image\" \/>\n<meta name=\"twitter:label1\" content=\"Est. reading time\" \/>\n\t<meta name=\"twitter:data1\" content=\"4 minute\" \/>\n<script type=\"application\/ld+json\" class=\"yoast-schema-graph\">{\"@context\":\"https:\/\/schema.org\",\"@graph\":[{\"@type\":\"WebPage\",\"@id\":\"https:\/\/www.cjvt.si\/kolos\/ds2-semanticni-nizi-kolokatorjev\/\",\"url\":\"https:\/\/www.cjvt.si\/kolos\/ds2-semanticni-nizi-kolokatorjev\/\",\"name\":\"DS2: SEMANTI\u010cNI NIZI KOLOKATORJEV - KOLOS - Kolokacije v sloven\u0161\u010dini\",\"isPartOf\":{\"@id\":\"https:\/\/www.cjvt.si\/kolos\/#website\"},\"datePublished\":\"2021-05-18T12:12:24+00:00\",\"dateModified\":\"2021-06-02T17:50:55+00:00\",\"breadcrumb\":{\"@id\":\"https:\/\/www.cjvt.si\/kolos\/ds2-semanticni-nizi-kolokatorjev\/#breadcrumb\"},\"inLanguage\":\"sl-SI\",\"potentialAction\":[{\"@type\":\"ReadAction\",\"target\":[\"https:\/\/www.cjvt.si\/kolos\/ds2-semanticni-nizi-kolokatorjev\/\"]}]},{\"@type\":\"BreadcrumbList\",\"@id\":\"https:\/\/www.cjvt.si\/kolos\/ds2-semanticni-nizi-kolokatorjev\/#breadcrumb\",\"itemListElement\":[{\"@type\":\"ListItem\",\"position\":1,\"name\":\"Home\",\"item\":\"https:\/\/www.cjvt.si\/kolos\/\"},{\"@type\":\"ListItem\",\"position\":2,\"name\":\"DS2: SEMANTI\u010cNI NIZI KOLOKATORJEV\"}]},{\"@type\":\"WebSite\",\"@id\":\"https:\/\/www.cjvt.si\/kolos\/#website\",\"url\":\"https:\/\/www.cjvt.si\/kolos\/\",\"name\":\"KOLOS - Kolokacije v sloven\u0161\u010dini\",\"description\":\"Tipi\u010dne besedne sopojavitve - v odzivnem slovarju\",\"potentialAction\":[{\"@type\":\"SearchAction\",\"target\":{\"@type\":\"EntryPoint\",\"urlTemplate\":\"https:\/\/www.cjvt.si\/kolos\/?s={search_term_string}\"},\"query-input\":{\"@type\":\"PropertyValueSpecification\",\"valueRequired\":true,\"valueName\":\"search_term_string\"}}],\"inLanguage\":\"sl-SI\"}]}<\/script>\n<!-- \/ Yoast SEO plugin. -->","yoast_head_json":{"title":"DS2: SEMANTI\u010cNI NIZI KOLOKATORJEV - KOLOS - Kolokacije v sloven\u0161\u010dini","robots":{"index":"index","follow":"follow","max-snippet":"max-snippet:-1","max-image-preview":"max-image-preview:large","max-video-preview":"max-video-preview:-1"},"canonical":"https:\/\/www.cjvt.si\/kolos\/ds2-semanticni-nizi-kolokatorjev\/","og_locale":"sl_SI","og_type":"article","og_title":"DS2: SEMANTI\u010cNI NIZI KOLOKATORJEV - KOLOS - Kolokacije v sloven\u0161\u010dini","og_url":"https:\/\/www.cjvt.si\/kolos\/ds2-semanticni-nizi-kolokatorjev\/","og_site_name":"KOLOS - Kolokacije v sloven\u0161\u010dini","article_modified_time":"2021-06-02T17:50:55+00:00","twitter_card":"summary_large_image","twitter_misc":{"Est. reading time":"4 minute"},"schema":{"@context":"https:\/\/schema.org","@graph":[{"@type":"WebPage","@id":"https:\/\/www.cjvt.si\/kolos\/ds2-semanticni-nizi-kolokatorjev\/","url":"https:\/\/www.cjvt.si\/kolos\/ds2-semanticni-nizi-kolokatorjev\/","name":"DS2: SEMANTI\u010cNI NIZI KOLOKATORJEV - KOLOS - Kolokacije v sloven\u0161\u010dini","isPartOf":{"@id":"https:\/\/www.cjvt.si\/kolos\/#website"},"datePublished":"2021-05-18T12:12:24+00:00","dateModified":"2021-06-02T17:50:55+00:00","breadcrumb":{"@id":"https:\/\/www.cjvt.si\/kolos\/ds2-semanticni-nizi-kolokatorjev\/#breadcrumb"},"inLanguage":"sl-SI","potentialAction":[{"@type":"ReadAction","target":["https:\/\/www.cjvt.si\/kolos\/ds2-semanticni-nizi-kolokatorjev\/"]}]},{"@type":"BreadcrumbList","@id":"https:\/\/www.cjvt.si\/kolos\/ds2-semanticni-nizi-kolokatorjev\/#breadcrumb","itemListElement":[{"@type":"ListItem","position":1,"name":"Home","item":"https:\/\/www.cjvt.si\/kolos\/"},{"@type":"ListItem","position":2,"name":"DS2: SEMANTI\u010cNI NIZI KOLOKATORJEV"}]},{"@type":"WebSite","@id":"https:\/\/www.cjvt.si\/kolos\/#website","url":"https:\/\/www.cjvt.si\/kolos\/","name":"KOLOS - Kolokacije v sloven\u0161\u010dini","description":"Tipi\u010dne besedne sopojavitve - v odzivnem slovarju","potentialAction":[{"@type":"SearchAction","target":{"@type":"EntryPoint","urlTemplate":"https:\/\/www.cjvt.si\/kolos\/?s={search_term_string}"},"query-input":{"@type":"PropertyValueSpecification","valueRequired":true,"valueName":"search_term_string"}}],"inLanguage":"sl-SI"}]}},"_links":{"self":[{"href":"https:\/\/www.cjvt.si\/kolos\/wp-json\/wp\/v2\/pages\/1258","targetHints":{"allow":["GET"]}}],"collection":[{"href":"https:\/\/www.cjvt.si\/kolos\/wp-json\/wp\/v2\/pages"}],"about":[{"href":"https:\/\/www.cjvt.si\/kolos\/wp-json\/wp\/v2\/types\/page"}],"author":[{"embeddable":true,"href":"https:\/\/www.cjvt.si\/kolos\/wp-json\/wp\/v2\/users\/12"}],"replies":[{"embeddable":true,"href":"https:\/\/www.cjvt.si\/kolos\/wp-json\/wp\/v2\/comments?post=1258"}],"version-history":[{"count":9,"href":"https:\/\/www.cjvt.si\/kolos\/wp-json\/wp\/v2\/pages\/1258\/revisions"}],"predecessor-version":[{"id":1420,"href":"https:\/\/www.cjvt.si\/kolos\/wp-json\/wp\/v2\/pages\/1258\/revisions\/1420"}],"wp:attachment":[{"href":"https:\/\/www.cjvt.si\/kolos\/wp-json\/wp\/v2\/media?parent=1258"}],"curies":[{"name":"wp","href":"https:\/\/api.w.org\/{rel}","templated":true}]}}