{"id":43,"date":"2020-01-16T14:55:37","date_gmt":"2020-01-16T13:55:37","guid":{"rendered":"https:\/\/www.cjvt.starkmat.si\/template\/?page_id=43"},"modified":"2021-06-02T19:48:34","modified_gmt":"2021-06-02T17:48:34","slug":"sodelavci","status":"publish","type":"page","link":"https:\/\/www.cjvt.si\/kolos\/sodelavci\/","title":{"rendered":"Sodelavci"},"content":{"rendered":"<div class=\"flex_column av_one_full  flex_column_div av-zero-column-padding first  avia-builder-el-0  el_before_av_one_full  avia-builder-el-first  \" style='border-radius:0px; '><section class=\"av_textblock_section \"  itemscope=\"itemscope\" itemtype=\"https:\/\/schema.org\/CreativeWork\" ><div class='avia_textblock  '   itemprop=\"text\" ><h1>SODELAVCI<\/h1>\n<\/div><\/section><br \/>\n<div   class='hr hr-short hr-left   avia-builder-el-2  el_after_av_textblock  avia-builder-el-last '><span class='hr-inner ' ><span class='hr-inner-style'><\/span><\/span><\/div><\/p><\/div>\n<div class=\"flex_column av_one_full  no_margin flex_column_div av-zero-column-padding first  avia-builder-el-3  el_after_av_one_full  el_before_av_one_full  column-top-margin\" style='margin-top:0px; margin-bottom:20px; border-radius:0px; '><section class=\"av_textblock_section \"  itemscope=\"itemscope\" itemtype=\"https:\/\/schema.org\/CreativeWork\" ><div class='avia_textblock  '   itemprop=\"text\" ><h4 style=\"color: #969696\">Filozofska fakulteta, Univerza v Ljubljani<\/h4>\n<\/div><\/section><br \/>\n<section class=\"av_textblock_section \"  itemscope=\"itemscope\" itemtype=\"https:\/\/schema.org\/CreativeWork\" ><div class='avia_textblock  '   itemprop=\"text\" ><ul>\n<li><a href=\"https:\/\/www.cjvt.si\/o-nas\/sodelavci\/iztok-kosem\/\">Iztok Kosem<\/a>, vodja projekta [<a href=\"http:\/\/www.sicris.si\/public\/jqm\/search_basic.aspx?lang=slv&amp;opt=2&amp;subopt=1&amp;opdescr=search&amp;code1=cmn&amp;code2=auto&amp;search_term=iztok%20kosem\">SICRIS<\/a>]<\/li>\n<li><a href=\"https:\/\/www.cjvt.si\/o-nas\/sodelavci\/spela-arhar-holdt\/\">\u0160pela Arhar Holdt<\/a> [<a href=\"http:\/\/sicris.izum.si\/search\/rsr.aspx?lang=slv&amp;id=20343\">SICRIS<\/a>]<\/li>\n<li><a href=\"https:\/\/www.cjvt.si\/o-nas\/sodelavci\/polona-gantar\/\">Polona Gantar<\/a> [<a href=\"http:\/\/www.sicris.si\/public\/jqm\/search_basic.aspx?lang=slv&amp;opdescr=rsrSearch&amp;opt=2&amp;subopt=3&amp;code1=rsr&amp;code2=nameadvanced&amp;search_term=name=16313\">SICRIS<\/a>]<\/li>\n<li><a href=\"https:\/\/www.cjvt.si\/o-nas\/sodelavci\/eva-pori\/\">Eva Pori<\/a> [<a href=\"https:\/\/www.sicris.si\/public\/jqm\/search_basic.aspx?lang=slv&amp;opt=2&amp;subopt=1&amp;opdescr=search&amp;code1=cmn&amp;code2=auto&amp;search_term=eva%20pori\">SICRIS<\/a>]<\/li>\n<li><a href=\"https:\/\/www.cjvt.si\/o-nas\/sodelavci\/jaka-cibej\/\">Jaka \u010cibej<\/a> [<a href=\"http:\/\/www.sicris.si\/public\/jqm\/search_basic.aspx?lang=slv&amp;opdescr=rsrSearch&amp;opt=2&amp;subopt=3&amp;code1=rsr&amp;code2=nameadvanced&amp;search_term=name=36914\">SICRIS<\/a>]<\/li>\n<li><a href=\"https:\/\/prevajalstvo.ff.uni-lj.si\/osebje\/vojko-gorjanc\">Vojko Gorjanc<\/a> [<a href=\"http:\/\/www.sicris.si\/public\/jqm\/search_basic.aspx?lang=slv&amp;opt=2&amp;subopt=1&amp;opdescr=search&amp;code1=cmn&amp;code2=auto&amp;search_term=vojko%20gorjanc\">SICRIS<\/a>]<\/li>\n<li><a href=\"https:\/\/www.cjvt.si\/o-nas\/sodelavci\/cyprian-laskowski\/\">Cyprian Laskowski<\/a> [<a href=\"http:\/\/www.sicris.si\/public\/jqm\/search_basic.aspx?lang=slv&amp;opdescr=search&amp;opt=2&amp;subopt=1&amp;code1=cmn&amp;code2=auto&amp;search_term=37653\">SICRIS<\/a>]<\/li>\n<li><a href=\"https:\/\/www.cjvt.si\/o-nas\/sodelavci\/teja-goli\/\">Teja Goli<\/a><\/li>\n<\/ul>\n<\/div><\/section><\/p><\/div><div class=\"flex_column av_one_full  no_margin flex_column_div av-zero-column-padding first  avia-builder-el-6  el_after_av_one_full  el_before_av_one_full  column-top-margin\" style='margin-top:0px; margin-bottom:20px; border-radius:0px; '><section class=\"av_textblock_section \"  itemscope=\"itemscope\" itemtype=\"https:\/\/schema.org\/CreativeWork\" ><div class='avia_textblock  '   itemprop=\"text\" ><h4 style=\"color: #969696\">Institut &#8220;Jo\u017eef Stefan&#8221;<\/h4>\n<\/div><\/section><br \/>\n<section class=\"av_textblock_section \"  itemscope=\"itemscope\" itemtype=\"https:\/\/schema.org\/CreativeWork\" ><div class='avia_textblock  '   itemprop=\"text\" ><ul>\n<li><a href=\"http:\/\/www.simonkrek.si\/\">Simon Krek<\/a> [<a href=\"http:\/\/www.sicris.si\/public\/jqm\/search_basic.aspx?lang=slv&amp;opdescr=search&amp;opt=2&amp;subopt=1&amp;code1=cmn&amp;code2=auto&amp;search_term=simon%20krek\">SICRIS<\/a>]<\/li>\n<li><a href=\"http:\/\/inf.ffzg.unizg.hr\/index.php\/hr\/13-clanovi-odsjeka\/198-nikola-ljubesic\">Nikola Ljube\u0161i\u0107<\/a> [<a href=\"http:\/\/www.sicris.si\/public\/jqm\/search_basic.aspx?lang=slv&amp;opdescr=search&amp;opt=2&amp;subopt=1&amp;code1=cmn&amp;code2=auto&amp;search_term=nikola%20ljube%C5%A1i%C4%87\">SICRIS<\/a>]<\/li>\n<li><a href=\"https:\/\/www.cjvt.si\/o-nas\/sodelavci\/kaja-dobrovoljc\/\">Kaja Dobrovoljc<\/a> [<a href=\"http:\/\/www.sicris.si\/public\/jqm\/search_basic.aspx?lang=slv&amp;opdescr=rsrSearch&amp;opt=2&amp;subopt=3&amp;code1=rsr&amp;code2=nameadvanced&amp;search_term=name=36491\">SICRIS<\/a>]<\/li>\n<\/ul>\n<\/div><\/section><\/p><\/div><\/p>\n<div class=\"flex_column av_one_full  no_margin flex_column_div av-zero-column-padding first  avia-builder-el-9  el_after_av_one_full  avia-builder-el-last  column-top-margin\" style='margin-top:0px; margin-bottom:20px; border-radius:0px; '><section class=\"av_textblock_section \"  itemscope=\"itemscope\" itemtype=\"https:\/\/schema.org\/CreativeWork\" ><div class='avia_textblock  '   itemprop=\"text\" ><h4 style=\"color: #969696\">Fakulteta za dru\u017ebene vede, Univerza v Ljubljani<\/h4>\n<\/div><\/section><br \/>\n<section class=\"av_textblock_section \"  itemscope=\"itemscope\" itemtype=\"https:\/\/schema.org\/CreativeWork\" ><div class='avia_textblock  '   itemprop=\"text\" ><ul>\n<li><a href=\"https:\/\/www.researchgate.net\/profile\/Natasa_Berginc2\">Nata\u0161a Logar<\/a> [<a href=\"http:\/\/www.sicris.si\/public\/jqm\/rsr.aspx?lang=slv&amp;opdescr=search&amp;opt=2&amp;subopt=300&amp;code1=cmn&amp;code2=auto&amp;psize=10&amp;hits=3&amp;page=1&amp;count=1&amp;id=12368&amp;slng=slv&amp;search_term=nata%c5%a1a+logar&amp;order_by=\">SICRIS<\/a>]<\/li>\n<li><a href=\"https:\/\/si.linkedin.com\/in\/bojan-klemenc-67126b16\">Bojan Klemenc<\/a> [<a href=\"http:\/\/www.sicris.si\/public\/jqm\/rsr.aspx?lang=slv&amp;opdescr=search&amp;opt=2&amp;subopt=300&amp;code1=cmn&amp;code2=auto&amp;psize=10&amp;hits=2&amp;page=1&amp;count=1&amp;id=35729&amp;slng=slv&amp;search_term=bojan+klemenc&amp;order_by=\">SICRIS<\/a>]<\/li>\n<li>Maja Jan\u010di\u010d [<a href=\"https:\/\/www.sicris.si\/public\/jqm\/rsr.aspx?lang=slv&amp;opdescr=search&amp;opt=2&amp;subopt=300&amp;code1=cmn&amp;code2=auto&amp;psize=10&amp;hits=3&amp;page=1&amp;count=2&amp;id=43512&amp;slng=slv&amp;search_term=maja+jan%c4%8di%c4%8d&amp;order_by=\">SICRIS<\/a>]<\/li>\n<\/ul>\n<\/div><\/section><\/p><\/div>\n","protected":false},"excerpt":{"rendered":"","protected":false},"author":1,"featured_media":0,"parent":0,"menu_order":0,"comment_status":"closed","ping_status":"closed","template":"","meta":{"_acf_changed":false,"_relevanssi_hide_post":"","_relevanssi_hide_content":"","_relevanssi_pin_for_all":"","_relevanssi_pin_keywords":"","_relevanssi_unpin_keywords":"","_relevanssi_related_keywords":"","_relevanssi_related_include_ids":"","_relevanssi_related_exclude_ids":"","_relevanssi_related_no_append":"","_relevanssi_related_not_related":"","_relevanssi_related_posts":"","_relevanssi_noindex_reason":"","inline_featured_image":false,"episode_type":"","audio_file":"","podmotor_file_id":"","podmotor_episode_id":"","cover_image":"","cover_image_id":"","duration":"","filesize":"","filesize_raw":"","date_recorded":"","explicit":"","block":"","itunes_episode_number":"","itunes_title":"","itunes_season_number":"","itunes_episode_type":"","footnotes":""},"class_list":["post-43","page","type-page","status-publish","hentry"],"acf":[],"yoast_head":"<!-- This site is optimized with the Yoast SEO plugin v27.3 - https:\/\/yoast.com\/product\/yoast-seo-wordpress\/ -->\n<title>Sodelavci - KOLOS - Kolokacije v sloven\u0161\u010dini<\/title>\n<meta name=\"robots\" content=\"index, follow, max-snippet:-1, max-image-preview:large, max-video-preview:-1\" \/>\n<link rel=\"canonical\" href=\"https:\/\/www.cjvt.si\/kolos\/sodelavci\/\" \/>\n<meta property=\"og:locale\" content=\"sl_SI\" \/>\n<meta property=\"og:type\" content=\"article\" \/>\n<meta property=\"og:title\" content=\"Sodelavci - KOLOS - Kolokacije v sloven\u0161\u010dini\" \/>\n<meta property=\"og:url\" content=\"https:\/\/www.cjvt.si\/kolos\/sodelavci\/\" \/>\n<meta property=\"og:site_name\" content=\"KOLOS - Kolokacije v sloven\u0161\u010dini\" \/>\n<meta property=\"article:modified_time\" content=\"2021-06-02T17:48:34+00:00\" \/>\n<meta name=\"twitter:card\" content=\"summary_large_image\" \/>\n<meta name=\"twitter:label1\" content=\"Est. reading time\" \/>\n\t<meta name=\"twitter:data1\" content=\"4 minute\" \/>\n<script type=\"application\/ld+json\" class=\"yoast-schema-graph\">{\"@context\":\"https:\\\/\\\/schema.org\",\"@graph\":[{\"@type\":\"WebPage\",\"@id\":\"https:\\\/\\\/www.cjvt.si\\\/kolos\\\/sodelavci\\\/\",\"url\":\"https:\\\/\\\/www.cjvt.si\\\/kolos\\\/sodelavci\\\/\",\"name\":\"Sodelavci - KOLOS - Kolokacije v sloven\u0161\u010dini\",\"isPartOf\":{\"@id\":\"https:\\\/\\\/www.cjvt.si\\\/kolos\\\/#website\"},\"datePublished\":\"2020-01-16T13:55:37+00:00\",\"dateModified\":\"2021-06-02T17:48:34+00:00\",\"breadcrumb\":{\"@id\":\"https:\\\/\\\/www.cjvt.si\\\/kolos\\\/sodelavci\\\/#breadcrumb\"},\"inLanguage\":\"sl-SI\",\"potentialAction\":[{\"@type\":\"ReadAction\",\"target\":[\"https:\\\/\\\/www.cjvt.si\\\/kolos\\\/sodelavci\\\/\"]}]},{\"@type\":\"BreadcrumbList\",\"@id\":\"https:\\\/\\\/www.cjvt.si\\\/kolos\\\/sodelavci\\\/#breadcrumb\",\"itemListElement\":[{\"@type\":\"ListItem\",\"position\":1,\"name\":\"Home\",\"item\":\"https:\\\/\\\/www.cjvt.si\\\/kolos\\\/\"},{\"@type\":\"ListItem\",\"position\":2,\"name\":\"Sodelavci\"}]},{\"@type\":\"WebSite\",\"@id\":\"https:\\\/\\\/www.cjvt.si\\\/kolos\\\/#website\",\"url\":\"https:\\\/\\\/www.cjvt.si\\\/kolos\\\/\",\"name\":\"KOLOS - Kolokacije v sloven\u0161\u010dini\",\"description\":\"Tipi\u010dne besedne sopojavitve - v odzivnem slovarju\",\"potentialAction\":[{\"@type\":\"SearchAction\",\"target\":{\"@type\":\"EntryPoint\",\"urlTemplate\":\"https:\\\/\\\/www.cjvt.si\\\/kolos\\\/?s={search_term_string}\"},\"query-input\":{\"@type\":\"PropertyValueSpecification\",\"valueRequired\":true,\"valueName\":\"search_term_string\"}}],\"inLanguage\":\"sl-SI\"}]}<\/script>\n<!-- \/ Yoast SEO plugin. -->","yoast_head_json":{"title":"Sodelavci - KOLOS - Kolokacije v sloven\u0161\u010dini","robots":{"index":"index","follow":"follow","max-snippet":"max-snippet:-1","max-image-preview":"max-image-preview:large","max-video-preview":"max-video-preview:-1"},"canonical":"https:\/\/www.cjvt.si\/kolos\/sodelavci\/","og_locale":"sl_SI","og_type":"article","og_title":"Sodelavci - KOLOS - Kolokacije v sloven\u0161\u010dini","og_url":"https:\/\/www.cjvt.si\/kolos\/sodelavci\/","og_site_name":"KOLOS - Kolokacije v sloven\u0161\u010dini","article_modified_time":"2021-06-02T17:48:34+00:00","twitter_card":"summary_large_image","twitter_misc":{"Est. reading time":"4 minute"},"schema":{"@context":"https:\/\/schema.org","@graph":[{"@type":"WebPage","@id":"https:\/\/www.cjvt.si\/kolos\/sodelavci\/","url":"https:\/\/www.cjvt.si\/kolos\/sodelavci\/","name":"Sodelavci - KOLOS - Kolokacije v sloven\u0161\u010dini","isPartOf":{"@id":"https:\/\/www.cjvt.si\/kolos\/#website"},"datePublished":"2020-01-16T13:55:37+00:00","dateModified":"2021-06-02T17:48:34+00:00","breadcrumb":{"@id":"https:\/\/www.cjvt.si\/kolos\/sodelavci\/#breadcrumb"},"inLanguage":"sl-SI","potentialAction":[{"@type":"ReadAction","target":["https:\/\/www.cjvt.si\/kolos\/sodelavci\/"]}]},{"@type":"BreadcrumbList","@id":"https:\/\/www.cjvt.si\/kolos\/sodelavci\/#breadcrumb","itemListElement":[{"@type":"ListItem","position":1,"name":"Home","item":"https:\/\/www.cjvt.si\/kolos\/"},{"@type":"ListItem","position":2,"name":"Sodelavci"}]},{"@type":"WebSite","@id":"https:\/\/www.cjvt.si\/kolos\/#website","url":"https:\/\/www.cjvt.si\/kolos\/","name":"KOLOS - Kolokacije v sloven\u0161\u010dini","description":"Tipi\u010dne besedne sopojavitve - v odzivnem slovarju","potentialAction":[{"@type":"SearchAction","target":{"@type":"EntryPoint","urlTemplate":"https:\/\/www.cjvt.si\/kolos\/?s={search_term_string}"},"query-input":{"@type":"PropertyValueSpecification","valueRequired":true,"valueName":"search_term_string"}}],"inLanguage":"sl-SI"}]}},"_links":{"self":[{"href":"https:\/\/www.cjvt.si\/kolos\/wp-json\/wp\/v2\/pages\/43","targetHints":{"allow":["GET"]}}],"collection":[{"href":"https:\/\/www.cjvt.si\/kolos\/wp-json\/wp\/v2\/pages"}],"about":[{"href":"https:\/\/www.cjvt.si\/kolos\/wp-json\/wp\/v2\/types\/page"}],"author":[{"embeddable":true,"href":"https:\/\/www.cjvt.si\/kolos\/wp-json\/wp\/v2\/users\/1"}],"replies":[{"embeddable":true,"href":"https:\/\/www.cjvt.si\/kolos\/wp-json\/wp\/v2\/comments?post=43"}],"version-history":[{"count":70,"href":"https:\/\/www.cjvt.si\/kolos\/wp-json\/wp\/v2\/pages\/43\/revisions"}],"predecessor-version":[{"id":1413,"href":"https:\/\/www.cjvt.si\/kolos\/wp-json\/wp\/v2\/pages\/43\/revisions\/1413"}],"wp:attachment":[{"href":"https:\/\/www.cjvt.si\/kolos\/wp-json\/wp\/v2\/media?parent=43"}],"curies":[{"name":"wp","href":"https:\/\/api.w.org\/{rel}","templated":true}]}}