{"id":668,"date":"2020-03-17T07:53:25","date_gmt":"2020-03-17T06:53:25","guid":{"rendered":"https:\/\/www.cjvt.starkmat.si\/template\/?page_id=668"},"modified":"2021-11-29T14:24:04","modified_gmt":"2021-11-29T13:24:04","slug":"bibliografija","status":"publish","type":"page","link":"https:\/\/www.cjvt.si\/kolos\/viri-in-publikacije\/","title":{"rendered":"Viri in publikacije"},"content":{"rendered":"<div class=\"flex_column av_one_full  flex_column_div av-zero-column-padding first  avia-builder-el-0  el_before_av_one_half  avia-builder-el-first  \" style='border-radius:0px; '><section class=\"av_textblock_section \"  itemscope=\"itemscope\" itemtype=\"https:\/\/schema.org\/CreativeWork\" ><div class='avia_textblock  '   itemprop=\"text\" ><h1>Viri in publikacije<\/h1>\n<\/div><\/section><br \/>\n<div   class='hr hr-short hr-left   avia-builder-el-2  el_after_av_textblock  el_before_av_textblock '><span class='hr-inner ' ><span class='hr-inner-style'><\/span><\/span><\/div><br \/>\n<section class=\"av_textblock_section \"  itemscope=\"itemscope\" itemtype=\"https:\/\/schema.org\/CreativeWork\" ><div class='avia_textblock  '   itemprop=\"text\" ><p>Na tej strani so navedeni izbrani viri in publikacije, ki so nastali v okviru projekta. Iz\u010drpen seznam vseh publikacij najdete pod <a href=\"https:\/\/www.cjvt.si\/kolos\/bibliografija\/\">Bibliografija<\/a>.<\/p>\n<\/div><\/section><\/p><\/div><div class=\"flex_column av_one_half  flex_column_div av-zero-column-padding first  avia-builder-el-4  el_after_av_one_full  el_before_av_one_half  column-top-margin\" style='border-radius:0px; '><span  class=\"av_font_icon avia_animate_when_visible avia-icon-animate  av-icon-style-border  av-no-color avia-icon-pos-center \" style=\"\"><a href='https:\/\/e-knjige.ff.uni-lj.si\/znanstvena-zalozba\/catalog\/book\/318' target=\"_blank\" class='av-icon-char' style='font-size:40px;line-height:40px;width:40px;' aria-hidden='true' data-av_icon='\ue84b' data-av_iconfont='entypo-fontello' rel=\"noopener\"><\/a><span class='av_icon_caption av-special-font'>Monografija Kolokacije v sloven\u0161\u010dini<\/span><\/span><\/div><\/p>\n<div class=\"flex_column av_one_half  flex_column_div av-zero-column-padding   avia-builder-el-6  el_after_av_one_half  el_before_av_one_half  column-top-margin\" style='border-radius:0px; '><span  class=\"av_font_icon avia_animate_when_visible avia-icon-animate  av-icon-style-border  av-no-color avia-icon-pos-center \" style=\"\"><a href='https:\/\/www.cjvt.si\/kolos\/wp-content\/uploads\/sites\/9\/2021\/03\/Anketni-vprasalnik-Razvrstitev-podatkov-v-kolokacijskem-slovarju.pdf'  target=\"_blank\"   class='av-icon-char' style='font-size:40px;line-height:40px;width:40px;' aria-hidden='true' data-av_icon='\ue84b' data-av_iconfont='entypo-fontello' ><\/a><span class='av_icon_caption av-special-font'>Anketa - Razvrstitev podatkov v kolokacijskem slovarju (PDF)<\/span><\/span><\/div>\n<div class=\"flex_column av_one_half  flex_column_div av-zero-column-padding first  avia-builder-el-8  el_after_av_one_half  avia-builder-el-last  column-top-margin\" style='border-radius:0px; '><span  class=\"av_font_icon avia_animate_when_visible avia-icon-animate  av-icon-style-border  av-no-color avia-icon-pos-center \" style=\"\"><a href='https:\/\/www.cjvt.si\/kolos\/wp-content\/uploads\/sites\/9\/2021\/03\/Anketni-rezultati-Razvrstitev-podatkov-v-kolokacijskem-slovarju.xlsx'  target=\"_blank\"   class='av-icon-char' style='font-size:40px;line-height:40px;width:40px;' aria-hidden='true' data-av_icon='\ue84b' data-av_iconfont='entypo-fontello' ><\/a><span class='av_icon_caption av-special-font'>Anketni rezultati - Razvrstitev podatkov v kolokacijskem slovarju (XLS)<\/span><\/span><\/div>\n","protected":false},"excerpt":{"rendered":"","protected":false},"author":1,"featured_media":0,"parent":0,"menu_order":0,"comment_status":"closed","ping_status":"closed","template":"","meta":{"_acf_changed":false,"_relevanssi_hide_post":"","_relevanssi_hide_content":"","_relevanssi_pin_for_all":"","_relevanssi_pin_keywords":"","_relevanssi_unpin_keywords":"","_relevanssi_related_keywords":"","_relevanssi_related_include_ids":"","_relevanssi_related_exclude_ids":"","_relevanssi_related_no_append":"","_relevanssi_related_not_related":"","_relevanssi_related_posts":"","_relevanssi_noindex_reason":"","inline_featured_image":false,"episode_type":"","audio_file":"","podmotor_file_id":"","podmotor_episode_id":"","cover_image":"","cover_image_id":"","duration":"","filesize":"","filesize_raw":"","date_recorded":"","explicit":"","block":"","itunes_episode_number":"","itunes_title":"","itunes_season_number":"","itunes_episode_type":"","footnotes":""},"class_list":["post-668","page","type-page","status-publish","hentry"],"acf":[],"yoast_head":"<!-- This site is optimized with the Yoast SEO plugin v27.3 - https:\/\/yoast.com\/product\/yoast-seo-wordpress\/ -->\n<title>Viri in publikacije - KOLOS - Kolokacije v sloven\u0161\u010dini<\/title>\n<meta name=\"robots\" content=\"index, follow, max-snippet:-1, max-image-preview:large, max-video-preview:-1\" \/>\n<link rel=\"canonical\" href=\"https:\/\/www.cjvt.si\/kolos\/viri-in-publikacije\/\" \/>\n<meta property=\"og:locale\" content=\"sl_SI\" \/>\n<meta property=\"og:type\" content=\"article\" \/>\n<meta property=\"og:title\" content=\"Viri in publikacije - KOLOS - Kolokacije v sloven\u0161\u010dini\" \/>\n<meta property=\"og:url\" content=\"https:\/\/www.cjvt.si\/kolos\/viri-in-publikacije\/\" \/>\n<meta property=\"og:site_name\" content=\"KOLOS - Kolokacije v sloven\u0161\u010dini\" \/>\n<meta property=\"article:modified_time\" content=\"2021-11-29T13:24:04+00:00\" \/>\n<meta name=\"twitter:card\" content=\"summary_large_image\" \/>\n<meta name=\"twitter:label1\" content=\"Est. reading time\" \/>\n\t<meta name=\"twitter:data1\" content=\"4 minute\" \/>\n<script type=\"application\/ld+json\" class=\"yoast-schema-graph\">{\"@context\":\"https:\\\/\\\/schema.org\",\"@graph\":[{\"@type\":\"WebPage\",\"@id\":\"https:\\\/\\\/www.cjvt.si\\\/kolos\\\/viri-in-publikacije\\\/\",\"url\":\"https:\\\/\\\/www.cjvt.si\\\/kolos\\\/viri-in-publikacije\\\/\",\"name\":\"Viri in publikacije - KOLOS - Kolokacije v sloven\u0161\u010dini\",\"isPartOf\":{\"@id\":\"https:\\\/\\\/www.cjvt.si\\\/kolos\\\/#website\"},\"datePublished\":\"2020-03-17T06:53:25+00:00\",\"dateModified\":\"2021-11-29T13:24:04+00:00\",\"breadcrumb\":{\"@id\":\"https:\\\/\\\/www.cjvt.si\\\/kolos\\\/viri-in-publikacije\\\/#breadcrumb\"},\"inLanguage\":\"sl-SI\",\"potentialAction\":[{\"@type\":\"ReadAction\",\"target\":[\"https:\\\/\\\/www.cjvt.si\\\/kolos\\\/viri-in-publikacije\\\/\"]}]},{\"@type\":\"BreadcrumbList\",\"@id\":\"https:\\\/\\\/www.cjvt.si\\\/kolos\\\/viri-in-publikacije\\\/#breadcrumb\",\"itemListElement\":[{\"@type\":\"ListItem\",\"position\":1,\"name\":\"Home\",\"item\":\"https:\\\/\\\/www.cjvt.si\\\/kolos\\\/\"},{\"@type\":\"ListItem\",\"position\":2,\"name\":\"Viri in publikacije\"}]},{\"@type\":\"WebSite\",\"@id\":\"https:\\\/\\\/www.cjvt.si\\\/kolos\\\/#website\",\"url\":\"https:\\\/\\\/www.cjvt.si\\\/kolos\\\/\",\"name\":\"KOLOS - Kolokacije v sloven\u0161\u010dini\",\"description\":\"Tipi\u010dne besedne sopojavitve - v odzivnem slovarju\",\"potentialAction\":[{\"@type\":\"SearchAction\",\"target\":{\"@type\":\"EntryPoint\",\"urlTemplate\":\"https:\\\/\\\/www.cjvt.si\\\/kolos\\\/?s={search_term_string}\"},\"query-input\":{\"@type\":\"PropertyValueSpecification\",\"valueRequired\":true,\"valueName\":\"search_term_string\"}}],\"inLanguage\":\"sl-SI\"}]}<\/script>\n<!-- \/ Yoast SEO plugin. -->","yoast_head_json":{"title":"Viri in publikacije - KOLOS - Kolokacije v sloven\u0161\u010dini","robots":{"index":"index","follow":"follow","max-snippet":"max-snippet:-1","max-image-preview":"max-image-preview:large","max-video-preview":"max-video-preview:-1"},"canonical":"https:\/\/www.cjvt.si\/kolos\/viri-in-publikacije\/","og_locale":"sl_SI","og_type":"article","og_title":"Viri in publikacije - KOLOS - Kolokacije v sloven\u0161\u010dini","og_url":"https:\/\/www.cjvt.si\/kolos\/viri-in-publikacije\/","og_site_name":"KOLOS - Kolokacije v sloven\u0161\u010dini","article_modified_time":"2021-11-29T13:24:04+00:00","twitter_card":"summary_large_image","twitter_misc":{"Est. reading time":"4 minute"},"schema":{"@context":"https:\/\/schema.org","@graph":[{"@type":"WebPage","@id":"https:\/\/www.cjvt.si\/kolos\/viri-in-publikacije\/","url":"https:\/\/www.cjvt.si\/kolos\/viri-in-publikacije\/","name":"Viri in publikacije - KOLOS - Kolokacije v sloven\u0161\u010dini","isPartOf":{"@id":"https:\/\/www.cjvt.si\/kolos\/#website"},"datePublished":"2020-03-17T06:53:25+00:00","dateModified":"2021-11-29T13:24:04+00:00","breadcrumb":{"@id":"https:\/\/www.cjvt.si\/kolos\/viri-in-publikacije\/#breadcrumb"},"inLanguage":"sl-SI","potentialAction":[{"@type":"ReadAction","target":["https:\/\/www.cjvt.si\/kolos\/viri-in-publikacije\/"]}]},{"@type":"BreadcrumbList","@id":"https:\/\/www.cjvt.si\/kolos\/viri-in-publikacije\/#breadcrumb","itemListElement":[{"@type":"ListItem","position":1,"name":"Home","item":"https:\/\/www.cjvt.si\/kolos\/"},{"@type":"ListItem","position":2,"name":"Viri in publikacije"}]},{"@type":"WebSite","@id":"https:\/\/www.cjvt.si\/kolos\/#website","url":"https:\/\/www.cjvt.si\/kolos\/","name":"KOLOS - Kolokacije v sloven\u0161\u010dini","description":"Tipi\u010dne besedne sopojavitve - v odzivnem slovarju","potentialAction":[{"@type":"SearchAction","target":{"@type":"EntryPoint","urlTemplate":"https:\/\/www.cjvt.si\/kolos\/?s={search_term_string}"},"query-input":{"@type":"PropertyValueSpecification","valueRequired":true,"valueName":"search_term_string"}}],"inLanguage":"sl-SI"}]}},"_links":{"self":[{"href":"https:\/\/www.cjvt.si\/kolos\/wp-json\/wp\/v2\/pages\/668","targetHints":{"allow":["GET"]}}],"collection":[{"href":"https:\/\/www.cjvt.si\/kolos\/wp-json\/wp\/v2\/pages"}],"about":[{"href":"https:\/\/www.cjvt.si\/kolos\/wp-json\/wp\/v2\/types\/page"}],"author":[{"embeddable":true,"href":"https:\/\/www.cjvt.si\/kolos\/wp-json\/wp\/v2\/users\/1"}],"replies":[{"embeddable":true,"href":"https:\/\/www.cjvt.si\/kolos\/wp-json\/wp\/v2\/comments?post=668"}],"version-history":[{"count":109,"href":"https:\/\/www.cjvt.si\/kolos\/wp-json\/wp\/v2\/pages\/668\/revisions"}],"predecessor-version":[{"id":1431,"href":"https:\/\/www.cjvt.si\/kolos\/wp-json\/wp\/v2\/pages\/668\/revisions\/1431"}],"wp:attachment":[{"href":"https:\/\/www.cjvt.si\/kolos\/wp-json\/wp\/v2\/media?parent=668"}],"curies":[{"name":"wp","href":"https:\/\/api.w.org\/{rel}","templated":true}]}}