{"id":1922,"date":"2022-01-31T13:07:12","date_gmt":"2022-01-31T12:07:12","guid":{"rendered":"https:\/\/www.cjvt.si\/korpus-kost\/?page_id=1922"},"modified":"2023-11-09T12:19:39","modified_gmt":"2023-11-09T11:19:39","slug":"oznacevanje-napak","status":"publish","type":"page","link":"https:\/\/www.cjvt.si\/korpus-kost\/oznacevanje-napak\/","title":{"rendered":"Ozna\u010devanje napak"},"content":{"rendered":"<div class=\"flex_column av_one_full  flex_column_div av-zero-column-padding first  avia-builder-el-0  avia-builder-el-no-sibling  \" style='border-radius:0px; '><section class=\"av_textblock_section \"  itemscope=\"itemscope\" itemtype=\"https:\/\/schema.org\/CreativeWork\" ><div class='avia_textblock  '   itemprop=\"text\" ><h1>Ozna\u010devanje napak<\/h1>\n<p>Na 24 % besedil v korpusu KOST so ozna\u010dene jezikovne napake, ki so jih pri pisanju v sloven\u0161\u010dini naredili njihovi tvorci. Ozna\u010devanje napak poteka ro\u010dno. Vsaki napaki sta pripisana popravljena oblika in ena od 23 kategorij napak.<\/p>\n<h3>Taksonomija napak<\/h3>\n<p>Osnovne kategorije napak so na\u0161tete skupaj z oznako in ilustrativnim primerom iz KOST-a.<\/p>\n<h4>Napake zapisa<\/h4>\n<p>Lo\u010dilo (Z-LOC):\u00a0<em>v zimskem \u010dasu<strong>,<\/strong> ve\u010dina ljudi uporablja avtomobile &gt; v zimskem \u010dasu ve\u010dina ljudi uporablja avtomobile<\/em><\/p>\n<p>\u010crkovanje (Z-CRK):\u00a0<em>bol\u0161e &gt; bol<strong>j<\/strong>\u0161e<\/em><\/p>\n<p>Skupaj\/narazen (Z-SN): <em>ni sem &gt; nisem<\/em><\/p>\n<p>Mala\/velika za\u010detnica (Z-MV):\u00a0<em>najpomembnej\u0161i praznik v moji dr\u017eavi je <strong>B<\/strong>o\u017ei\u010d &gt; najpomembnej\u0161i praznik v moji dr\u017eavi je <strong>b<\/strong>o\u017ei\u010d<\/em><\/p>\n<p>Kraj\u0161ave (Z-KR):\u00a0<em>in dr. &gt; idr.<\/em><\/p>\n<h4>Napake besedi\u0161\u010da<\/h4>\n<p>Samostalnik (B-SAM):\u00a0<em>ni mi v\u0161e\u010d\u00a0<strong>kadiranje\u00a0<\/strong><\/em>&gt; <em>ni mi v\u0161e\u010d\u00a0<strong>kajenje<\/strong><\/em><\/p>\n<p>Glagol (B-GLAG):\u00a0<em>sem se zelo te\u017eko\u00a0<strong>nau\u010dila<\/strong> na mir &gt; sem se zelo te\u017eko\u00a0<strong>navadila<\/strong> na mir<\/em><\/p>\n<p>Pridevnik (B-PRID):\u00a0<em>sem <strong>dru\u017ebena<\/strong> oseba\u00a0<\/em>&gt;\u00a0<em>sem <strong>dru\u017eabna<\/strong> oseba<\/em><\/p>\n<p>Zaimek (B-ZAIM):\u00a0<em>onidva\u00a0<\/em>&gt;\u00a0<em>onadva<\/em><\/p>\n<p>Prislov (B-PRISL):\u00a0<em>ko pride\u00a0<strong>doma<\/strong><\/em><strong> &gt;\u00a0<\/strong><em>ko pride\u00a0<strong>domov<\/strong><\/em><\/p>\n<p>Predlog (B-PRED):\u00a0<strong><em>sa <\/em><\/strong><em>prijateljico <\/em>&gt;\u00a0<em><strong>s\u00a0<\/strong>prijateljico<\/em><\/p>\n<p>Veznik (B-VEZ):\u00a0<em><strong>kdaj<\/strong> sem obiskal Tur\u010dijo &gt; <strong>ko<\/strong> sem obiskal Tur\u010dijo<\/em><\/p>\n<p>Ostalo (B-OST):\u00a0<em>petindvajest\u00a0<\/em>&gt;\u00a0<em>petindvajset<\/em><\/p>\n<div><\/div>\n<h4>Napake oblike<\/h4>\n<p>Samostalnik (O-SAM):\u00a0<em>nagajajo\u00a0<strong>pticami<\/strong> &gt; nagajajo\u00a0<strong>pticam<\/strong><\/em><\/p>\n<p>Glagol (O-GLAG):\u00a0<em>i\u0161kem &gt; i\u0161\u010dem<\/em><\/p>\n<p>Pridevnik (O-PRID):\u00a0<em>najglavnej\u0161a &gt; najbolj glavna<\/em><\/p>\n<p>Zaimek (O-ZAIM):\u00a0<em>v <strong>nama<\/strong> &gt; v <strong>nas<\/strong><\/em><\/p>\n<p>Prislov (O-PRISL):\u00a0<em>pomaga <strong>bolj\u0161i<\/strong> poznati materni jezik &gt; pomaga <strong>bolje<\/strong> poznati materni jezik<\/em><\/p>\n<p>Ostalo (O-OST):\u00a0<em><strong>\u0161tirje\u00a0<\/strong>predavanja &gt;\u00a0<strong>\u0161tiri<\/strong> predavanja<\/em><\/p>\n<h4>Napake skladnje<\/h4>\n<p>Struktura (S-STR):\u00a0<em>rada bi <strong>da \u017eivim<\/strong> sama &gt; rada bi <strong>\u017eivela<\/strong> sama<\/em><\/p>\n<p>Besedni red (S-BR):\u00a0<em>zdi <strong>mi se<\/strong> &gt; zdi <strong>se mi<\/strong><\/em><\/p>\n<p>Izpu\u0161\u010deni jezikovni elementi (S-IZP):\u00a0<em>ki sem jedla &gt; ki sem <strong>ga<\/strong> jedla<\/em><\/p>\n<p>Odve\u010dni jezikovni elementi (S-ODV):\u00a0<em> ne bova <strong>bila<\/strong> &gt; ne bova<\/em><\/p>\n<h4>Povezani popravki<\/h4>\n<p>Gre za popravke, ki jih moramo narediti, ker pred tem popravimo nekaj v sobesedilu:\u00a0<em><strong>z<\/strong> mojim fantom &gt; <strong>s<\/strong> svojim fantom<\/em><\/p>\n<h3>Pozor!<\/h3>\n<p>Ker je ozna\u010devanje napak do neke mere subjektivno, je to treba upo\u0161tevati pri analizi rezultatov.<\/p>\n<h3>Priro\u010dnik za ozna\u010devanje napak<\/h3>\n<p>Za ve\u010djo natan\u010dnost pri ozna\u010devanju napak je na voljo\u00a0<a href=\"https:\/\/www.cjvt.si\/korpus-kost\/wp-content\/uploads\/sites\/24\/2023\/10\/Prirocnik-za-oznacevanje-napak-v-KOST-u-2023-10-17.pdf\"><strong>Priro\u010dnik za ozna\u010devanje napak<\/strong><\/a>, ki se ga dr\u017eimo vsi ozna\u010devalci. Priro\u010dnik se po potrebi posodablja; zadnji\u010d je bil posodobljen oktobra 2023.<\/p>\n<h3>Aplikacija za ozna\u010devanje napak<\/h3>\n<p>Napake ozna\u010dujemo v posebej za to razviti aplikaciji <a href=\"https:\/\/orodja.cjvt.si\/svala\/\">Svala<\/a>.<\/p>\n<\/div><\/section><\/div>\n","protected":false},"excerpt":{"rendered":"","protected":false},"author":7,"featured_media":0,"parent":0,"menu_order":0,"comment_status":"closed","ping_status":"closed","template":"","meta":{"_acf_changed":false,"_relevanssi_hide_post":"","_relevanssi_hide_content":"","_relevanssi_pin_for_all":"","_relevanssi_pin_keywords":"","_relevanssi_unpin_keywords":"","_relevanssi_related_keywords":"","_relevanssi_related_include_ids":"","_relevanssi_related_exclude_ids":"","_relevanssi_related_no_append":"","_relevanssi_related_not_related":"","_relevanssi_related_posts":"","_relevanssi_noindex_reason":"","inline_featured_image":false,"episode_type":"","audio_file":"","podmotor_file_id":"","podmotor_episode_id":"","cover_image":"","cover_image_id":"","duration":"","filesize":"","filesize_raw":"","date_recorded":"","explicit":"","block":"","itunes_episode_number":"","itunes_title":"","itunes_season_number":"","itunes_episode_type":"","footnotes":""},"class_list":["post-1922","page","type-page","status-publish","hentry"],"acf":[],"yoast_head":"<!-- This site is optimized with the Yoast SEO plugin v27.5 - https:\/\/yoast.com\/product\/yoast-seo-wordpress\/ -->\n<title>Ozna\u010devanje napak - Korpus KOST<\/title>\n<meta name=\"robots\" content=\"index, follow, max-snippet:-1, max-image-preview:large, max-video-preview:-1\" \/>\n<link rel=\"canonical\" href=\"https:\/\/www.cjvt.si\/korpus-kost\/oznacevanje-napak\/\" \/>\n<meta property=\"og:locale\" content=\"sl_SI\" \/>\n<meta property=\"og:type\" content=\"article\" \/>\n<meta property=\"og:title\" content=\"Ozna\u010devanje napak - Korpus KOST\" \/>\n<meta property=\"og:url\" content=\"https:\/\/www.cjvt.si\/korpus-kost\/oznacevanje-napak\/\" \/>\n<meta property=\"og:site_name\" content=\"Korpus KOST\" \/>\n<meta property=\"article:modified_time\" content=\"2023-11-09T11:19:39+00:00\" \/>\n<meta name=\"twitter:card\" content=\"summary_large_image\" \/>\n<meta name=\"twitter:label1\" content=\"Est. reading time\" \/>\n\t<meta name=\"twitter:data1\" content=\"3 minute\" \/>\n<script type=\"application\/ld+json\" class=\"yoast-schema-graph\">{\"@context\":\"https:\\\/\\\/schema.org\",\"@graph\":[{\"@type\":\"WebPage\",\"@id\":\"https:\\\/\\\/www.cjvt.si\\\/korpus-kost\\\/oznacevanje-napak\\\/\",\"url\":\"https:\\\/\\\/www.cjvt.si\\\/korpus-kost\\\/oznacevanje-napak\\\/\",\"name\":\"Ozna\u010devanje napak - Korpus KOST\",\"isPartOf\":{\"@id\":\"https:\\\/\\\/www.cjvt.si\\\/korpus-kost\\\/#website\"},\"datePublished\":\"2022-01-31T12:07:12+00:00\",\"dateModified\":\"2023-11-09T11:19:39+00:00\",\"breadcrumb\":{\"@id\":\"https:\\\/\\\/www.cjvt.si\\\/korpus-kost\\\/oznacevanje-napak\\\/#breadcrumb\"},\"inLanguage\":\"sl-SI\",\"potentialAction\":[{\"@type\":\"ReadAction\",\"target\":[\"https:\\\/\\\/www.cjvt.si\\\/korpus-kost\\\/oznacevanje-napak\\\/\"]}]},{\"@type\":\"BreadcrumbList\",\"@id\":\"https:\\\/\\\/www.cjvt.si\\\/korpus-kost\\\/oznacevanje-napak\\\/#breadcrumb\",\"itemListElement\":[{\"@type\":\"ListItem\",\"position\":1,\"name\":\"Home\",\"item\":\"https:\\\/\\\/www.cjvt.si\\\/korpus-kost\\\/\"},{\"@type\":\"ListItem\",\"position\":2,\"name\":\"Ozna\u010devanje napak\"}]},{\"@type\":\"WebSite\",\"@id\":\"https:\\\/\\\/www.cjvt.si\\\/korpus-kost\\\/#website\",\"url\":\"https:\\\/\\\/www.cjvt.si\\\/korpus-kost\\\/\",\"name\":\"Korpus KOST\",\"description\":\"Korpus sloven\u0161\u010dine kot tujega jezika KOST\",\"potentialAction\":[{\"@type\":\"SearchAction\",\"target\":{\"@type\":\"EntryPoint\",\"urlTemplate\":\"https:\\\/\\\/www.cjvt.si\\\/korpus-kost\\\/?s={search_term_string}\"},\"query-input\":{\"@type\":\"PropertyValueSpecification\",\"valueRequired\":true,\"valueName\":\"search_term_string\"}}],\"inLanguage\":\"sl-SI\"}]}<\/script>\n<!-- \/ Yoast SEO plugin. -->","yoast_head_json":{"title":"Ozna\u010devanje napak - Korpus KOST","robots":{"index":"index","follow":"follow","max-snippet":"max-snippet:-1","max-image-preview":"max-image-preview:large","max-video-preview":"max-video-preview:-1"},"canonical":"https:\/\/www.cjvt.si\/korpus-kost\/oznacevanje-napak\/","og_locale":"sl_SI","og_type":"article","og_title":"Ozna\u010devanje napak - Korpus KOST","og_url":"https:\/\/www.cjvt.si\/korpus-kost\/oznacevanje-napak\/","og_site_name":"Korpus KOST","article_modified_time":"2023-11-09T11:19:39+00:00","twitter_card":"summary_large_image","twitter_misc":{"Est. reading time":"3 minute"},"schema":{"@context":"https:\/\/schema.org","@graph":[{"@type":"WebPage","@id":"https:\/\/www.cjvt.si\/korpus-kost\/oznacevanje-napak\/","url":"https:\/\/www.cjvt.si\/korpus-kost\/oznacevanje-napak\/","name":"Ozna\u010devanje napak - Korpus KOST","isPartOf":{"@id":"https:\/\/www.cjvt.si\/korpus-kost\/#website"},"datePublished":"2022-01-31T12:07:12+00:00","dateModified":"2023-11-09T11:19:39+00:00","breadcrumb":{"@id":"https:\/\/www.cjvt.si\/korpus-kost\/oznacevanje-napak\/#breadcrumb"},"inLanguage":"sl-SI","potentialAction":[{"@type":"ReadAction","target":["https:\/\/www.cjvt.si\/korpus-kost\/oznacevanje-napak\/"]}]},{"@type":"BreadcrumbList","@id":"https:\/\/www.cjvt.si\/korpus-kost\/oznacevanje-napak\/#breadcrumb","itemListElement":[{"@type":"ListItem","position":1,"name":"Home","item":"https:\/\/www.cjvt.si\/korpus-kost\/"},{"@type":"ListItem","position":2,"name":"Ozna\u010devanje napak"}]},{"@type":"WebSite","@id":"https:\/\/www.cjvt.si\/korpus-kost\/#website","url":"https:\/\/www.cjvt.si\/korpus-kost\/","name":"Korpus KOST","description":"Korpus sloven\u0161\u010dine kot tujega jezika KOST","potentialAction":[{"@type":"SearchAction","target":{"@type":"EntryPoint","urlTemplate":"https:\/\/www.cjvt.si\/korpus-kost\/?s={search_term_string}"},"query-input":{"@type":"PropertyValueSpecification","valueRequired":true,"valueName":"search_term_string"}}],"inLanguage":"sl-SI"}]}},"_links":{"self":[{"href":"https:\/\/www.cjvt.si\/korpus-kost\/wp-json\/wp\/v2\/pages\/1922","targetHints":{"allow":["GET"]}}],"collection":[{"href":"https:\/\/www.cjvt.si\/korpus-kost\/wp-json\/wp\/v2\/pages"}],"about":[{"href":"https:\/\/www.cjvt.si\/korpus-kost\/wp-json\/wp\/v2\/types\/page"}],"author":[{"embeddable":true,"href":"https:\/\/www.cjvt.si\/korpus-kost\/wp-json\/wp\/v2\/users\/7"}],"replies":[{"embeddable":true,"href":"https:\/\/www.cjvt.si\/korpus-kost\/wp-json\/wp\/v2\/comments?post=1922"}],"version-history":[{"count":5,"href":"https:\/\/www.cjvt.si\/korpus-kost\/wp-json\/wp\/v2\/pages\/1922\/revisions"}],"predecessor-version":[{"id":2516,"href":"https:\/\/www.cjvt.si\/korpus-kost\/wp-json\/wp\/v2\/pages\/1922\/revisions\/2516"}],"wp:attachment":[{"href":"https:\/\/www.cjvt.si\/korpus-kost\/wp-json\/wp\/v2\/media?parent=1922"}],"curies":[{"name":"wp","href":"https:\/\/api.w.org\/{rel}","templated":true}]}}