{"id":1925,"date":"2022-01-31T13:07:52","date_gmt":"2022-01-31T12:07:52","guid":{"rendered":"https:\/\/www.cjvt.si\/korpus-kost\/?page_id=1925"},"modified":"2022-04-13T10:00:06","modified_gmt":"2022-04-13T08:00:06","slug":"osebni-podatki","status":"publish","type":"page","link":"https:\/\/www.cjvt.si\/korpus-kost\/osebni-podatki\/","title":{"rendered":"Osebni podatki"},"content":{"rendered":"<div class=\"flex_column av_one_full  flex_column_div av-zero-column-padding first  avia-builder-el-0  avia-builder-el-no-sibling  \" style='border-radius:0px; '><section class=\"av_textblock_section \"  itemscope=\"itemscope\" itemtype=\"https:\/\/schema.org\/CreativeWork\" ><div class='avia_textblock  '   itemprop=\"text\" ><h1>Osebni podatki<\/h1>\n<p>Vsi tvorci v korpusu so anonimni.<\/p>\n<p>Da bi izbolj\u0161ali pou\u010devanje sloven\u0161\u010dine kot tujega jezika in bolje razumeli, kako na proces u\u010denja jezika vplivajo razli\u010dni dejavniki, so besedila povezana z nekaterimi osebnimi podatki tvorcev: starost, prvi jezik, spol, znanje drugih jezikov. V skladu z Zakonom o varovanju osebnih podatkov zagotavljamo, da v nobenem primeru ne bomo razkrili imena tvorcev, vse osebne podatke pa odstranimo iz besedil. Vsi tvorci pa podpi\u0161ejo <a href=\"https:\/\/www.cjvt.si\/korpus-kost\/wp-content\/uploads\/sites\/24\/2022\/04\/Izjava-KOST-21-22.pdf\">izjavo<\/a>, s katero dovolijo vklju\u010ditev svojih besedil v korpus.<\/p>\n<\/div><\/section><\/div>\n","protected":false},"excerpt":{"rendered":"","protected":false},"author":7,"featured_media":0,"parent":0,"menu_order":0,"comment_status":"closed","ping_status":"closed","template":"","meta":{"_acf_changed":false,"_relevanssi_hide_post":"","_relevanssi_hide_content":"","_relevanssi_pin_for_all":"","_relevanssi_pin_keywords":"","_relevanssi_unpin_keywords":"","_relevanssi_related_keywords":"","_relevanssi_related_include_ids":"","_relevanssi_related_exclude_ids":"","_relevanssi_related_no_append":"","_relevanssi_related_not_related":"","_relevanssi_related_posts":"","_relevanssi_noindex_reason":"","inline_featured_image":false,"episode_type":"","audio_file":"","podmotor_file_id":"","podmotor_episode_id":"","cover_image":"","cover_image_id":"","duration":"","filesize":"","filesize_raw":"","date_recorded":"","explicit":"","block":"","itunes_episode_number":"","itunes_title":"","itunes_season_number":"","itunes_episode_type":"","footnotes":""},"class_list":["post-1925","page","type-page","status-publish","hentry"],"acf":[],"yoast_head":"<!-- This site is optimized with the Yoast SEO plugin v27.3 - https:\/\/yoast.com\/product\/yoast-seo-wordpress\/ -->\n<title>Osebni podatki - Korpus KOST<\/title>\n<meta name=\"robots\" content=\"index, follow, max-snippet:-1, max-image-preview:large, max-video-preview:-1\" \/>\n<link rel=\"canonical\" href=\"https:\/\/www.cjvt.si\/korpus-kost\/osebni-podatki\/\" \/>\n<meta property=\"og:locale\" content=\"sl_SI\" \/>\n<meta property=\"og:type\" content=\"article\" \/>\n<meta property=\"og:title\" content=\"Osebni podatki - Korpus KOST\" \/>\n<meta property=\"og:url\" content=\"https:\/\/www.cjvt.si\/korpus-kost\/osebni-podatki\/\" \/>\n<meta property=\"og:site_name\" content=\"Korpus KOST\" \/>\n<meta property=\"article:modified_time\" content=\"2022-04-13T08:00:06+00:00\" \/>\n<meta name=\"twitter:card\" content=\"summary_large_image\" \/>\n<script type=\"application\/ld+json\" class=\"yoast-schema-graph\">{\"@context\":\"https:\\\/\\\/schema.org\",\"@graph\":[{\"@type\":\"WebPage\",\"@id\":\"https:\\\/\\\/www.cjvt.si\\\/korpus-kost\\\/osebni-podatki\\\/\",\"url\":\"https:\\\/\\\/www.cjvt.si\\\/korpus-kost\\\/osebni-podatki\\\/\",\"name\":\"Osebni podatki - Korpus KOST\",\"isPartOf\":{\"@id\":\"https:\\\/\\\/www.cjvt.si\\\/korpus-kost\\\/#website\"},\"datePublished\":\"2022-01-31T12:07:52+00:00\",\"dateModified\":\"2022-04-13T08:00:06+00:00\",\"breadcrumb\":{\"@id\":\"https:\\\/\\\/www.cjvt.si\\\/korpus-kost\\\/osebni-podatki\\\/#breadcrumb\"},\"inLanguage\":\"sl-SI\",\"potentialAction\":[{\"@type\":\"ReadAction\",\"target\":[\"https:\\\/\\\/www.cjvt.si\\\/korpus-kost\\\/osebni-podatki\\\/\"]}]},{\"@type\":\"BreadcrumbList\",\"@id\":\"https:\\\/\\\/www.cjvt.si\\\/korpus-kost\\\/osebni-podatki\\\/#breadcrumb\",\"itemListElement\":[{\"@type\":\"ListItem\",\"position\":1,\"name\":\"Home\",\"item\":\"https:\\\/\\\/www.cjvt.si\\\/korpus-kost\\\/\"},{\"@type\":\"ListItem\",\"position\":2,\"name\":\"Osebni podatki\"}]},{\"@type\":\"WebSite\",\"@id\":\"https:\\\/\\\/www.cjvt.si\\\/korpus-kost\\\/#website\",\"url\":\"https:\\\/\\\/www.cjvt.si\\\/korpus-kost\\\/\",\"name\":\"Korpus KOST\",\"description\":\"Korpus sloven\u0161\u010dine kot tujega jezika KOST\",\"potentialAction\":[{\"@type\":\"SearchAction\",\"target\":{\"@type\":\"EntryPoint\",\"urlTemplate\":\"https:\\\/\\\/www.cjvt.si\\\/korpus-kost\\\/?s={search_term_string}\"},\"query-input\":{\"@type\":\"PropertyValueSpecification\",\"valueRequired\":true,\"valueName\":\"search_term_string\"}}],\"inLanguage\":\"sl-SI\"}]}<\/script>\n<!-- \/ Yoast SEO plugin. -->","yoast_head_json":{"title":"Osebni podatki - Korpus KOST","robots":{"index":"index","follow":"follow","max-snippet":"max-snippet:-1","max-image-preview":"max-image-preview:large","max-video-preview":"max-video-preview:-1"},"canonical":"https:\/\/www.cjvt.si\/korpus-kost\/osebni-podatki\/","og_locale":"sl_SI","og_type":"article","og_title":"Osebni podatki - Korpus KOST","og_url":"https:\/\/www.cjvt.si\/korpus-kost\/osebni-podatki\/","og_site_name":"Korpus KOST","article_modified_time":"2022-04-13T08:00:06+00:00","twitter_card":"summary_large_image","schema":{"@context":"https:\/\/schema.org","@graph":[{"@type":"WebPage","@id":"https:\/\/www.cjvt.si\/korpus-kost\/osebni-podatki\/","url":"https:\/\/www.cjvt.si\/korpus-kost\/osebni-podatki\/","name":"Osebni podatki - Korpus KOST","isPartOf":{"@id":"https:\/\/www.cjvt.si\/korpus-kost\/#website"},"datePublished":"2022-01-31T12:07:52+00:00","dateModified":"2022-04-13T08:00:06+00:00","breadcrumb":{"@id":"https:\/\/www.cjvt.si\/korpus-kost\/osebni-podatki\/#breadcrumb"},"inLanguage":"sl-SI","potentialAction":[{"@type":"ReadAction","target":["https:\/\/www.cjvt.si\/korpus-kost\/osebni-podatki\/"]}]},{"@type":"BreadcrumbList","@id":"https:\/\/www.cjvt.si\/korpus-kost\/osebni-podatki\/#breadcrumb","itemListElement":[{"@type":"ListItem","position":1,"name":"Home","item":"https:\/\/www.cjvt.si\/korpus-kost\/"},{"@type":"ListItem","position":2,"name":"Osebni podatki"}]},{"@type":"WebSite","@id":"https:\/\/www.cjvt.si\/korpus-kost\/#website","url":"https:\/\/www.cjvt.si\/korpus-kost\/","name":"Korpus KOST","description":"Korpus sloven\u0161\u010dine kot tujega jezika KOST","potentialAction":[{"@type":"SearchAction","target":{"@type":"EntryPoint","urlTemplate":"https:\/\/www.cjvt.si\/korpus-kost\/?s={search_term_string}"},"query-input":{"@type":"PropertyValueSpecification","valueRequired":true,"valueName":"search_term_string"}}],"inLanguage":"sl-SI"}]}},"_links":{"self":[{"href":"https:\/\/www.cjvt.si\/korpus-kost\/wp-json\/wp\/v2\/pages\/1925","targetHints":{"allow":["GET"]}}],"collection":[{"href":"https:\/\/www.cjvt.si\/korpus-kost\/wp-json\/wp\/v2\/pages"}],"about":[{"href":"https:\/\/www.cjvt.si\/korpus-kost\/wp-json\/wp\/v2\/types\/page"}],"author":[{"embeddable":true,"href":"https:\/\/www.cjvt.si\/korpus-kost\/wp-json\/wp\/v2\/users\/7"}],"replies":[{"embeddable":true,"href":"https:\/\/www.cjvt.si\/korpus-kost\/wp-json\/wp\/v2\/comments?post=1925"}],"version-history":[{"count":4,"href":"https:\/\/www.cjvt.si\/korpus-kost\/wp-json\/wp\/v2\/pages\/1925\/revisions"}],"predecessor-version":[{"id":2388,"href":"https:\/\/www.cjvt.si\/korpus-kost\/wp-json\/wp\/v2\/pages\/1925\/revisions\/2388"}],"wp:attachment":[{"href":"https:\/\/www.cjvt.si\/korpus-kost\/wp-json\/wp\/v2\/media?parent=1925"}],"curies":[{"name":"wp","href":"https:\/\/api.w.org\/{rel}","templated":true}]}}