{"id":1933,"date":"2022-01-31T13:09:27","date_gmt":"2022-01-31T12:09:27","guid":{"rendered":"https:\/\/www.cjvt.si\/korpus-kost\/?page_id=1933"},"modified":"2025-02-18T09:25:25","modified_gmt":"2025-02-18T08:25:25","slug":"objave","status":"publish","type":"page","link":"https:\/\/www.cjvt.si\/korpus-kost\/biblilografija\/","title":{"rendered":"Objave"},"content":{"rendered":"<div class=\"flex_column av_one_full  flex_column_div av-zero-column-padding first  avia-builder-el-0  avia-builder-el-no-sibling  \" style='border-radius:0px; '><section class=\"av_textblock_section \"  itemscope=\"itemscope\" itemtype=\"https:\/\/schema.org\/CreativeWork\" ><div class='avia_textblock  '   itemprop=\"text\" ><h1>OBJAVE<\/h1>\n<ul>\n<li>STRITAR KU\u010cUK, Mojca, 2024: Pravopisne napake govorcev sloven\u0161\u010dine kot neprvega jezika: korpusni pogled.\u00a0<em>Obdobja 43: Predpis in norma v jeziku<\/em>. 327-337.\u00a0<a href=\"https:\/\/centerslo.si\/wp-content\/uploads\/2024\/11\/Stritar-Kucuk_Obdobja-43.pdf\">https:\/\/centerslo.si\/wp-content\/uploads\/2024\/11\/Stritar-Kucuk_Obdobja-43.pdf<\/a><\/li>\n<li>STRITAR KU\u010cUK, Mojca, PISEK, Sta\u0161a, \u0160TER, Helena, 2024: &#8220;Po ob\u010dutku&#8221;: korpusni pogled na vejico in govorce sloven\u0161\u010dine kot neprvega jezika. <em>Obdobja 43: Predpis in norma v jeziku<\/em>. 349-347. <a href=\"https:\/\/centerslo.si\/wp-content\/uploads\/2024\/11\/Stritar-Kucuk-et-al._Obdobja-43.pdf\">https:\/\/centerslo.si\/wp-content\/uploads\/2024\/11\/Arhar-Holdt-et-al._Obdobja-43.pdf<\/a><\/li>\n<li>ARHAR HOLDT, \u0160pela, POPI\u010c, Damjan, STRITAR KU\u010cUK, Mojca, 2024: Primerjava sistemov za ozna\u010devanje jezikovnih popravkov v \u0161tirih slovenskih besedilnih korpusih.\u00a0<em>Obdobja 43: Predpis in norma v jeziku<\/em>. 11-20.\u00a0<a href=\"https:\/\/centerslo.si\/wp-content\/uploads\/2024\/11\/Arhar-Holdt-et-al._Obdobja-43.pdf\">https:\/\/centerslo.si\/wp-content\/uploads\/2024\/11\/Arhar-Holdt-et-al._Obdobja-43.pdf<\/a><\/li>\n<li>STRITAR KU\u010cUK, Mojca, 2024: KOST 2.0: predstavitev korpusa in potek ozna\u010devanja jezikovnih napak. <em>Jezikovne tehnologije in digitalna humanistika: zbornik konference<\/em>. 589-603.\u00a0<a href=\"https:\/\/zenodo.org\/records\/13936444\">https:\/\/zenodo.org\/records\/13936444<\/a><\/li>\n<li>STRITAR KU\u010cUK, Mojca, 2024: Investigating the usage of machine translation in L2 learning and its impact on writing proficiency.\u00a0<em>LIDIL 70<\/em>. 102-124. <a href=\"https:\/\/journals.openedition.org\/lidil\/13375\">https:\/\/journals.openedition.org\/lidil\/13375<\/a><\/li>\n<li>ARHAR HOLDT, \u0160pela, KOSEM, Iztok, STRITAR KU\u010cUK, Mojca, 2024: Developing a specialised concordancer for corpora with language corrections.\u00a0<em>TaLC 2024: Book of Abstracts<\/em>. 77. <a href=\"https:\/\/talc2024.co.uk\/wp-content\/uploads\/2024\/07\/book-of-abstracts-talc-2024_final-4.pdf\">https:\/\/talc2024.co.uk\/wp-content\/uploads\/2024\/07\/book-of-abstracts-talc-2024_final-4.pdf<\/a><\/li>\n<li>STRITAR KU\u010cUK, Mojca, 2023: Prvi korpus sloven\u0161\u010dine kot tujega jezika KOST 1.0.\u00a0<em>Razvoj sloven\u0161\u010dine v digitalnem okolju<\/em>. 93-117.\u00a0<a href=\"https:\/\/ebooks.uni-lj.si\/ZalozbaUL\/catalog\/view\/522\/852\/9444\">https:\/\/ebooks.uni-lj.si\/ZalozbaUL\/catalog\/view\/522\/852\/9444<\/a><\/li>\n<li>STRITAR KU\u010cUK, Mojca, 2022:\u00a0KOST med korpusi usvajanja tujega jezika.\u00a0<em>Obdobja 41: Na sti\u010di\u0161\u010du svetov: sloven\u0161\u010dina kot drugi in tuji jezik. 3<\/em>23\u2013334. <a href=\"https:\/\/centerslo.si\/wp-content\/uploads\/2022\/11\/Stritar-Kucuk_Obdobja-41.pdf\">https:\/\/centerslo.si\/wp-content\/uploads\/2022\/11\/Stritar-Kucuk_Obdobja-41.pdf<\/a><\/li>\n<li>ARHAR HOLDT, \u0160pela, KOSEM, Iztok, STRITAR KU\u010cUK, Mojca, 2022: Metode in orodja za la\u017ejo pripravo korpusov usvajanja jezik. <em>Obdobja 41: Na sti\u010di\u0161\u010du svetov: sloven\u0161\u010dina kot drugi in tuji jezik. <\/em>23\u201330. <a href=\"https:\/\/centerslo.si\/wp-content\/uploads\/2022\/11\/Arhar-Holdt-et-al_Obdobja-41.pdf\">https:\/\/centerslo.si\/wp-content\/uploads\/2022\/11\/Arhar-Holdt-et-al_Obdobja-41.pdf<\/a><\/li>\n<li>STRITAR KU\u010cUK, Mojca, 2020: Modul Leto plus \u2013 prvi korak do korpusa sloven\u0161\u010dine kot tujega jezika. <em>Zbornik konference Jezikovne tehnologije in digitalna humanistika 2020<\/em>. 131\u2013135. <a href=\"http:\/\/nl.ijs.si\/jtdh20\/pdf\/JT-DH_2020_StritarKucuk_Modul-Leto-plus%e2%80%93prvi-korak-do-korpusa-slovenscine-kot-tujega-jezika.pdf\">http:\/\/nl.ijs.si\/jtdh20\/pdf\/JT-DH_2020_StritarKucuk_Modul-Leto-plus%e2%80%93prvi-korak-do-korpusa-slovenscine-kot-tujega-jezika.pdf<\/a><\/li>\n<\/ul>\n<\/div><\/section><\/div>\n","protected":false},"excerpt":{"rendered":"","protected":false},"author":7,"featured_media":0,"parent":0,"menu_order":0,"comment_status":"closed","ping_status":"closed","template":"","meta":{"_acf_changed":false,"_relevanssi_hide_post":"","_relevanssi_hide_content":"","_relevanssi_pin_for_all":"","_relevanssi_pin_keywords":"","_relevanssi_unpin_keywords":"","_relevanssi_related_keywords":"","_relevanssi_related_include_ids":"","_relevanssi_related_exclude_ids":"","_relevanssi_related_no_append":"","_relevanssi_related_not_related":"","_relevanssi_related_posts":"","_relevanssi_noindex_reason":"","inline_featured_image":false,"episode_type":"","audio_file":"","podmotor_file_id":"","podmotor_episode_id":"","cover_image":"","cover_image_id":"","duration":"","filesize":"","filesize_raw":"","date_recorded":"","explicit":"","block":"","itunes_episode_number":"","itunes_title":"","itunes_season_number":"","itunes_episode_type":"","footnotes":""},"class_list":["post-1933","page","type-page","status-publish","hentry"],"acf":[],"yoast_head":"<!-- This site is optimized with the Yoast SEO plugin v27.3 - https:\/\/yoast.com\/product\/yoast-seo-wordpress\/ -->\n<title>Objave - Korpus KOST<\/title>\n<meta name=\"robots\" content=\"index, follow, max-snippet:-1, max-image-preview:large, max-video-preview:-1\" \/>\n<link rel=\"canonical\" href=\"https:\/\/www.cjvt.si\/korpus-kost\/biblilografija\/\" \/>\n<meta property=\"og:locale\" content=\"sl_SI\" \/>\n<meta property=\"og:type\" content=\"article\" \/>\n<meta property=\"og:title\" content=\"Objave - Korpus KOST\" \/>\n<meta property=\"og:url\" content=\"https:\/\/www.cjvt.si\/korpus-kost\/biblilografija\/\" \/>\n<meta property=\"og:site_name\" content=\"Korpus KOST\" \/>\n<meta property=\"article:modified_time\" content=\"2025-02-18T08:25:25+00:00\" \/>\n<meta name=\"twitter:card\" content=\"summary_large_image\" \/>\n<meta name=\"twitter:label1\" content=\"Est. reading time\" \/>\n\t<meta name=\"twitter:data1\" content=\"1 minuta\" \/>\n<script type=\"application\/ld+json\" class=\"yoast-schema-graph\">{\"@context\":\"https:\\\/\\\/schema.org\",\"@graph\":[{\"@type\":\"WebPage\",\"@id\":\"https:\\\/\\\/www.cjvt.si\\\/korpus-kost\\\/biblilografija\\\/\",\"url\":\"https:\\\/\\\/www.cjvt.si\\\/korpus-kost\\\/biblilografija\\\/\",\"name\":\"Objave - Korpus KOST\",\"isPartOf\":{\"@id\":\"https:\\\/\\\/www.cjvt.si\\\/korpus-kost\\\/#website\"},\"datePublished\":\"2022-01-31T12:09:27+00:00\",\"dateModified\":\"2025-02-18T08:25:25+00:00\",\"breadcrumb\":{\"@id\":\"https:\\\/\\\/www.cjvt.si\\\/korpus-kost\\\/biblilografija\\\/#breadcrumb\"},\"inLanguage\":\"sl-SI\",\"potentialAction\":[{\"@type\":\"ReadAction\",\"target\":[\"https:\\\/\\\/www.cjvt.si\\\/korpus-kost\\\/biblilografija\\\/\"]}]},{\"@type\":\"BreadcrumbList\",\"@id\":\"https:\\\/\\\/www.cjvt.si\\\/korpus-kost\\\/biblilografija\\\/#breadcrumb\",\"itemListElement\":[{\"@type\":\"ListItem\",\"position\":1,\"name\":\"Home\",\"item\":\"https:\\\/\\\/www.cjvt.si\\\/korpus-kost\\\/\"},{\"@type\":\"ListItem\",\"position\":2,\"name\":\"Objave\"}]},{\"@type\":\"WebSite\",\"@id\":\"https:\\\/\\\/www.cjvt.si\\\/korpus-kost\\\/#website\",\"url\":\"https:\\\/\\\/www.cjvt.si\\\/korpus-kost\\\/\",\"name\":\"Korpus KOST\",\"description\":\"Korpus sloven\u0161\u010dine kot tujega jezika KOST\",\"potentialAction\":[{\"@type\":\"SearchAction\",\"target\":{\"@type\":\"EntryPoint\",\"urlTemplate\":\"https:\\\/\\\/www.cjvt.si\\\/korpus-kost\\\/?s={search_term_string}\"},\"query-input\":{\"@type\":\"PropertyValueSpecification\",\"valueRequired\":true,\"valueName\":\"search_term_string\"}}],\"inLanguage\":\"sl-SI\"}]}<\/script>\n<!-- \/ Yoast SEO plugin. -->","yoast_head_json":{"title":"Objave - Korpus KOST","robots":{"index":"index","follow":"follow","max-snippet":"max-snippet:-1","max-image-preview":"max-image-preview:large","max-video-preview":"max-video-preview:-1"},"canonical":"https:\/\/www.cjvt.si\/korpus-kost\/biblilografija\/","og_locale":"sl_SI","og_type":"article","og_title":"Objave - Korpus KOST","og_url":"https:\/\/www.cjvt.si\/korpus-kost\/biblilografija\/","og_site_name":"Korpus KOST","article_modified_time":"2025-02-18T08:25:25+00:00","twitter_card":"summary_large_image","twitter_misc":{"Est. reading time":"1 minuta"},"schema":{"@context":"https:\/\/schema.org","@graph":[{"@type":"WebPage","@id":"https:\/\/www.cjvt.si\/korpus-kost\/biblilografija\/","url":"https:\/\/www.cjvt.si\/korpus-kost\/biblilografija\/","name":"Objave - Korpus KOST","isPartOf":{"@id":"https:\/\/www.cjvt.si\/korpus-kost\/#website"},"datePublished":"2022-01-31T12:09:27+00:00","dateModified":"2025-02-18T08:25:25+00:00","breadcrumb":{"@id":"https:\/\/www.cjvt.si\/korpus-kost\/biblilografija\/#breadcrumb"},"inLanguage":"sl-SI","potentialAction":[{"@type":"ReadAction","target":["https:\/\/www.cjvt.si\/korpus-kost\/biblilografija\/"]}]},{"@type":"BreadcrumbList","@id":"https:\/\/www.cjvt.si\/korpus-kost\/biblilografija\/#breadcrumb","itemListElement":[{"@type":"ListItem","position":1,"name":"Home","item":"https:\/\/www.cjvt.si\/korpus-kost\/"},{"@type":"ListItem","position":2,"name":"Objave"}]},{"@type":"WebSite","@id":"https:\/\/www.cjvt.si\/korpus-kost\/#website","url":"https:\/\/www.cjvt.si\/korpus-kost\/","name":"Korpus KOST","description":"Korpus sloven\u0161\u010dine kot tujega jezika KOST","potentialAction":[{"@type":"SearchAction","target":{"@type":"EntryPoint","urlTemplate":"https:\/\/www.cjvt.si\/korpus-kost\/?s={search_term_string}"},"query-input":{"@type":"PropertyValueSpecification","valueRequired":true,"valueName":"search_term_string"}}],"inLanguage":"sl-SI"}]}},"_links":{"self":[{"href":"https:\/\/www.cjvt.si\/korpus-kost\/wp-json\/wp\/v2\/pages\/1933","targetHints":{"allow":["GET"]}}],"collection":[{"href":"https:\/\/www.cjvt.si\/korpus-kost\/wp-json\/wp\/v2\/pages"}],"about":[{"href":"https:\/\/www.cjvt.si\/korpus-kost\/wp-json\/wp\/v2\/types\/page"}],"author":[{"embeddable":true,"href":"https:\/\/www.cjvt.si\/korpus-kost\/wp-json\/wp\/v2\/users\/7"}],"replies":[{"embeddable":true,"href":"https:\/\/www.cjvt.si\/korpus-kost\/wp-json\/wp\/v2\/comments?post=1933"}],"version-history":[{"count":9,"href":"https:\/\/www.cjvt.si\/korpus-kost\/wp-json\/wp\/v2\/pages\/1933\/revisions"}],"predecessor-version":[{"id":2538,"href":"https:\/\/www.cjvt.si\/korpus-kost\/wp-json\/wp\/v2\/pages\/1933\/revisions\/2538"}],"wp:attachment":[{"href":"https:\/\/www.cjvt.si\/korpus-kost\/wp-json\/wp\/v2\/media?parent=1933"}],"curies":[{"name":"wp","href":"https:\/\/api.w.org\/{rel}","templated":true}]}}