{"id":2330,"date":"2022-01-31T13:56:16","date_gmt":"2022-01-31T12:56:16","guid":{"rendered":"https:\/\/www.cjvt.si\/korpus-kost\/?page_id=2330"},"modified":"2023-11-09T11:55:05","modified_gmt":"2023-11-09T10:55:05","slug":"projektna-ekipa","status":"publish","type":"page","link":"https:\/\/www.cjvt.si\/korpus-kost\/projektna-ekipa\/","title":{"rendered":"Sodelavci"},"content":{"rendered":"<div class=\"flex_column av_one_full  flex_column_div av-zero-column-padding first  avia-builder-el-0  avia-builder-el-no-sibling  \" style='border-radius:0px; '><section class=\"av_textblock_section \"  itemscope=\"itemscope\" itemtype=\"https:\/\/schema.org\/CreativeWork\" ><div class='avia_textblock  '   itemprop=\"text\" ><h1>Sodelavci<\/h1>\n<p>Zbiranje besedil za KOST poteka od leta 2019.<\/p>\n<h3>Vodja projekta<\/h3>\n<p>Mojca Stritar Ku\u010duk<\/p>\n<h3>Zbiranje in priprava besedil<\/h3>\n<p>Mojca Stritar Ku\u010duk, Helena \u0160ter, Sta\u0161a Pisek, Daniela Preglau, Jana Kete Mati\u010di\u010d, Ivana Petric Lasnik, Bo\u0161tjan Bo\u017ei\u010d, Ne\u017ea Cerin\u0161ek, Tamara \u0160terk, Andrej \u0160urla, Lara Podergajs, Vesna Bukovec, Magda Lojk, Sa\u0161a Vojtech Pokla\u010d, Meta Klinar, Jernej Klju\u010dev\u0161ek, Agata Glaz, Polona Liber\u0161ar, Jana \u0160ter, Petra Tesli\u0107, Petra Seitl, Bojana Todorovi\u0107, Damjan Huber, Damjana Kern Andolj\u0161ek<\/p>\n<h3>Ozna\u010devanje napak<\/h3>\n<p>Mojca Stritar Ku\u010duk, Brita Bautin, Helena \u0160ter, Tina Raj, Lana Krmelj, Ur\u0161a Kosma\u010d, Eva Ule, Sta\u0161a Pisek, Ivana Petric Lasnik, Nata\u0161a Pirih Svetina, Ana Dacar<\/p>\n<h3>Tehni\u010dna podpora in svetovanje<\/h3>\n<p>\u0160pela Arhar Holdt, Toma\u017e Erjavec, Iztok Kosem, Luka Krsnik, Jasmina Pegan<\/p>\n<\/div><\/section><\/div>\n","protected":false},"excerpt":{"rendered":"","protected":false},"author":7,"featured_media":0,"parent":0,"menu_order":0,"comment_status":"closed","ping_status":"closed","template":"","meta":{"_acf_changed":false,"_relevanssi_hide_post":"","_relevanssi_hide_content":"","_relevanssi_pin_for_all":"","_relevanssi_pin_keywords":"","_relevanssi_unpin_keywords":"","_relevanssi_related_keywords":"","_relevanssi_related_include_ids":"","_relevanssi_related_exclude_ids":"","_relevanssi_related_no_append":"","_relevanssi_related_not_related":"","_relevanssi_related_posts":"","_relevanssi_noindex_reason":"","inline_featured_image":false,"episode_type":"","audio_file":"","podmotor_file_id":"","podmotor_episode_id":"","cover_image":"","cover_image_id":"","duration":"","filesize":"","filesize_raw":"","date_recorded":"","explicit":"","block":"","itunes_episode_number":"","itunes_title":"","itunes_season_number":"","itunes_episode_type":"","footnotes":""},"class_list":["post-2330","page","type-page","status-publish","hentry"],"acf":[],"yoast_head":"<!-- This site is optimized with the Yoast SEO plugin v27.5 - https:\/\/yoast.com\/product\/yoast-seo-wordpress\/ -->\n<title>Sodelavci - Korpus KOST<\/title>\n<meta name=\"robots\" content=\"index, follow, max-snippet:-1, max-image-preview:large, max-video-preview:-1\" \/>\n<link rel=\"canonical\" href=\"https:\/\/www.cjvt.si\/korpus-kost\/projektna-ekipa\/\" \/>\n<meta property=\"og:locale\" content=\"sl_SI\" \/>\n<meta property=\"og:type\" content=\"article\" \/>\n<meta property=\"og:title\" content=\"Sodelavci - Korpus KOST\" \/>\n<meta property=\"og:url\" content=\"https:\/\/www.cjvt.si\/korpus-kost\/projektna-ekipa\/\" \/>\n<meta property=\"og:site_name\" content=\"Korpus KOST\" \/>\n<meta property=\"article:modified_time\" content=\"2023-11-09T10:55:05+00:00\" \/>\n<meta name=\"twitter:card\" content=\"summary_large_image\" \/>\n<meta name=\"twitter:label1\" content=\"Est. reading time\" \/>\n\t<meta name=\"twitter:data1\" content=\"1 minuta\" \/>\n<script type=\"application\/ld+json\" class=\"yoast-schema-graph\">{\"@context\":\"https:\\\/\\\/schema.org\",\"@graph\":[{\"@type\":\"WebPage\",\"@id\":\"https:\\\/\\\/www.cjvt.si\\\/korpus-kost\\\/projektna-ekipa\\\/\",\"url\":\"https:\\\/\\\/www.cjvt.si\\\/korpus-kost\\\/projektna-ekipa\\\/\",\"name\":\"Sodelavci - Korpus KOST\",\"isPartOf\":{\"@id\":\"https:\\\/\\\/www.cjvt.si\\\/korpus-kost\\\/#website\"},\"datePublished\":\"2022-01-31T12:56:16+00:00\",\"dateModified\":\"2023-11-09T10:55:05+00:00\",\"breadcrumb\":{\"@id\":\"https:\\\/\\\/www.cjvt.si\\\/korpus-kost\\\/projektna-ekipa\\\/#breadcrumb\"},\"inLanguage\":\"sl-SI\",\"potentialAction\":[{\"@type\":\"ReadAction\",\"target\":[\"https:\\\/\\\/www.cjvt.si\\\/korpus-kost\\\/projektna-ekipa\\\/\"]}]},{\"@type\":\"BreadcrumbList\",\"@id\":\"https:\\\/\\\/www.cjvt.si\\\/korpus-kost\\\/projektna-ekipa\\\/#breadcrumb\",\"itemListElement\":[{\"@type\":\"ListItem\",\"position\":1,\"name\":\"Home\",\"item\":\"https:\\\/\\\/www.cjvt.si\\\/korpus-kost\\\/\"},{\"@type\":\"ListItem\",\"position\":2,\"name\":\"Sodelavci\"}]},{\"@type\":\"WebSite\",\"@id\":\"https:\\\/\\\/www.cjvt.si\\\/korpus-kost\\\/#website\",\"url\":\"https:\\\/\\\/www.cjvt.si\\\/korpus-kost\\\/\",\"name\":\"Korpus KOST\",\"description\":\"Korpus sloven\u0161\u010dine kot tujega jezika KOST\",\"potentialAction\":[{\"@type\":\"SearchAction\",\"target\":{\"@type\":\"EntryPoint\",\"urlTemplate\":\"https:\\\/\\\/www.cjvt.si\\\/korpus-kost\\\/?s={search_term_string}\"},\"query-input\":{\"@type\":\"PropertyValueSpecification\",\"valueRequired\":true,\"valueName\":\"search_term_string\"}}],\"inLanguage\":\"sl-SI\"}]}<\/script>\n<!-- \/ Yoast SEO plugin. -->","yoast_head_json":{"title":"Sodelavci - Korpus KOST","robots":{"index":"index","follow":"follow","max-snippet":"max-snippet:-1","max-image-preview":"max-image-preview:large","max-video-preview":"max-video-preview:-1"},"canonical":"https:\/\/www.cjvt.si\/korpus-kost\/projektna-ekipa\/","og_locale":"sl_SI","og_type":"article","og_title":"Sodelavci - Korpus KOST","og_url":"https:\/\/www.cjvt.si\/korpus-kost\/projektna-ekipa\/","og_site_name":"Korpus KOST","article_modified_time":"2023-11-09T10:55:05+00:00","twitter_card":"summary_large_image","twitter_misc":{"Est. reading time":"1 minuta"},"schema":{"@context":"https:\/\/schema.org","@graph":[{"@type":"WebPage","@id":"https:\/\/www.cjvt.si\/korpus-kost\/projektna-ekipa\/","url":"https:\/\/www.cjvt.si\/korpus-kost\/projektna-ekipa\/","name":"Sodelavci - Korpus KOST","isPartOf":{"@id":"https:\/\/www.cjvt.si\/korpus-kost\/#website"},"datePublished":"2022-01-31T12:56:16+00:00","dateModified":"2023-11-09T10:55:05+00:00","breadcrumb":{"@id":"https:\/\/www.cjvt.si\/korpus-kost\/projektna-ekipa\/#breadcrumb"},"inLanguage":"sl-SI","potentialAction":[{"@type":"ReadAction","target":["https:\/\/www.cjvt.si\/korpus-kost\/projektna-ekipa\/"]}]},{"@type":"BreadcrumbList","@id":"https:\/\/www.cjvt.si\/korpus-kost\/projektna-ekipa\/#breadcrumb","itemListElement":[{"@type":"ListItem","position":1,"name":"Home","item":"https:\/\/www.cjvt.si\/korpus-kost\/"},{"@type":"ListItem","position":2,"name":"Sodelavci"}]},{"@type":"WebSite","@id":"https:\/\/www.cjvt.si\/korpus-kost\/#website","url":"https:\/\/www.cjvt.si\/korpus-kost\/","name":"Korpus KOST","description":"Korpus sloven\u0161\u010dine kot tujega jezika KOST","potentialAction":[{"@type":"SearchAction","target":{"@type":"EntryPoint","urlTemplate":"https:\/\/www.cjvt.si\/korpus-kost\/?s={search_term_string}"},"query-input":{"@type":"PropertyValueSpecification","valueRequired":true,"valueName":"search_term_string"}}],"inLanguage":"sl-SI"}]}},"_links":{"self":[{"href":"https:\/\/www.cjvt.si\/korpus-kost\/wp-json\/wp\/v2\/pages\/2330","targetHints":{"allow":["GET"]}}],"collection":[{"href":"https:\/\/www.cjvt.si\/korpus-kost\/wp-json\/wp\/v2\/pages"}],"about":[{"href":"https:\/\/www.cjvt.si\/korpus-kost\/wp-json\/wp\/v2\/types\/page"}],"author":[{"embeddable":true,"href":"https:\/\/www.cjvt.si\/korpus-kost\/wp-json\/wp\/v2\/users\/7"}],"replies":[{"embeddable":true,"href":"https:\/\/www.cjvt.si\/korpus-kost\/wp-json\/wp\/v2\/comments?post=2330"}],"version-history":[{"count":6,"href":"https:\/\/www.cjvt.si\/korpus-kost\/wp-json\/wp\/v2\/pages\/2330\/revisions"}],"predecessor-version":[{"id":2512,"href":"https:\/\/www.cjvt.si\/korpus-kost\/wp-json\/wp\/v2\/pages\/2330\/revisions\/2512"}],"wp:attachment":[{"href":"https:\/\/www.cjvt.si\/korpus-kost\/wp-json\/wp\/v2\/media?parent=2330"}],"curies":[{"name":"wp","href":"https:\/\/api.w.org\/{rel}","templated":true}]}}