{"id":878,"date":"2020-03-31T15:39:25","date_gmt":"2020-03-31T13:39:25","guid":{"rendered":"https:\/\/www.cjvt.starkmat.si\/template\/?page_id=878"},"modified":"2023-12-05T13:42:04","modified_gmt":"2023-12-05T12:42:04","slug":"o-korpusu","status":"publish","type":"page","link":"https:\/\/www.cjvt.si\/korpus-kost\/","title":{"rendered":"O korpusu KOST"},"content":{"rendered":"<div class=\"flex_column av_four_fifth  flex_column_div av-zero-column-padding first  avia-builder-el-0  el_before_av_one_fifth  avia-builder-el-first  \" style='border-radius:0px; '><section class=\"av_textblock_section \"  itemscope=\"itemscope\" itemtype=\"https:\/\/schema.org\/CreativeWork\" ><div class='avia_textblock  '   itemprop=\"text\" ><h1>O korpusu KOST<\/h1>\n<p>Korpus sloven\u0161\u010dine kot tujega jezika KOST je digitalna zbirka besedil, ki so jih napisali odrasli govorci, za katere sloven\u0161\u010dina ni prvi jezik. Tovrstni korpus ponuja vpogled v sloven\u0161\u010dino, kakr\u0161no tvorijo tisti, ki se jo \u0161e u\u010dijo kot drugi ali tuji jezik, predvsem v najpogostej\u0161e napake, ki nastajajo pri tem. Zato je KOST namenjen vsem, ki se ukvarjajo s sloven\u0161\u010dino kot drugim ali tujim jezikom.<\/p>\n<h1>Kaj sestavlja KOST?<\/h1>\n<p>Trenutna razli\u010dica korpusa KOST 2.0 je bila objavljena novembra 2023. KOST 2.0 obsega 1.514.476 pojavnic (8347 besedil). Besedila so v glavnem nastala na lektoratih in te\u010dajih sloven\u0161\u010dine kot drugega oziroma tujega jezika. Ve\u010dina tvorcev teh besedil kot prvi jezik govori srbsko, bosansko in makedonsko, vklju\u010dena pa so tudi besedila govorcev drugih jezikov.<\/p>\n<p>Tvorci so na razli\u010dnih ravneh jezikovne zmo\u017enosti v sloven\u0161\u010dini, od za\u010detnikov do izpopolnjevalcev.<\/p>\n<h1>Prvi jeziki tvorcev<\/h1>\n<p>alban\u0161\u010dina, angle\u0161\u010dina, bolgar\u0161\u010dina, bosan\u0161\u010dina, \u010de\u0161\u010dina, \u010drnogor\u0161\u010dina, franco\u0161\u010dina, gr\u0161\u010dina, hebrej\u0161\u010dina, hrva\u0161\u010dina, igbo, indonezij\u0161\u010dina, italijan\u0161\u010dina, japon\u0161\u010dina, kirgi\u0161\u010dina, kiruna, kitaj\u0161\u010dina, korej\u0161\u010dina, mad\u017ear\u0161\u010dina, makedon\u0161\u010dina, nem\u0161\u010dina, nizozem\u0161\u010dina, polj\u0161\u010dina, portugal\u0161\u010dina, romun\u0161\u010dina, ru\u0161\u010dina, slova\u0161\u010dina, sloven\u0161\u010dina, srb\u0161\u010dina, \u0161pan\u0161\u010dina, \u0161ved\u0161\u010dina, tur\u0161\u010dina, ukrajin\u0161\u010dina<\/p>\n<\/div><\/section><br \/>\n<div  style='height:20px' class='hr hr-invisible   avia-builder-el-2  el_after_av_textblock  avia-builder-el-last '><span class='hr-inner ' ><span class='hr-inner-style'><\/span><\/span><\/div><\/p><\/div><div class=\"flex_column av_one_fifth  flex_column_div av-zero-column-padding   avia-builder-el-3  el_after_av_four_fifth  avia-builder-el-last  \" style='border-radius:0px; '><p><div   class='hr hr-short hr-center   avia-builder-el-4  el_before_av_textblock  avia-builder-el-first '><span class='hr-inner ' ><span class='hr-inner-style'><\/span><\/span><\/div><br \/>\n<section class=\"av_textblock_section \"  itemscope=\"itemscope\" itemtype=\"https:\/\/schema.org\/CreativeWork\" ><div class='avia_textblock  '   itemprop=\"text\" ><h4 style=\"text-align: center\">Kontakt<\/h4>\n<\/div><\/section><br \/>\n<div   class='hr hr-short hr-center   avia-builder-el-6  el_after_av_textblock  el_before_av_font_icon '><span class='hr-inner ' ><span class='hr-inner-style'><\/span><\/span><\/div><br \/>\n<span  class=\"av_font_icon avia_animate_when_visible avia-icon-animate  av-icon-style-  av-no-color avia-icon-pos-center \" style=\"\"><a href='mailto:&#x6d;&#x61;&#x69;&#x6c;&#x74;&#x6f;&#x3a;&#x6d;&#x6f;&#x6a;&#x63;&#x61;&#x2e;&#x73;&#116;&#114;&#105;&#116;&#97;&#114;&#107;&#117;&#99;&#117;&#107;&#64;ff&#46;uni-&#x6c;&#x6a;&#x2e;&#x73;&#x69;' target=\"_blank\" class='av-icon-char' style='font-size:40px;line-height:40px;' aria-hidden='true' data-av_icon='\ue805' data-av_iconfont='entypo-fontello' rel=\"noopener\"><\/a><\/span><br \/>\n<section class=\"av_textblock_section \"  itemscope=\"itemscope\" itemtype=\"https:\/\/schema.org\/CreativeWork\" ><div class='avia_textblock  '   itemprop=\"text\" ><p style=\"text-align: center\">Mojca Stritar Ku\u010duk<\/p>\n<\/div><\/section><\/p><\/div><\/p>\n","protected":false},"excerpt":{"rendered":"","protected":false},"author":1,"featured_media":0,"parent":0,"menu_order":0,"comment_status":"closed","ping_status":"closed","template":"","meta":{"_acf_changed":false,"_relevanssi_hide_post":"","_relevanssi_hide_content":"","_relevanssi_pin_for_all":"","_relevanssi_pin_keywords":"","_relevanssi_unpin_keywords":"","_relevanssi_related_keywords":"","_relevanssi_related_include_ids":"","_relevanssi_related_exclude_ids":"","_relevanssi_related_no_append":"","_relevanssi_related_not_related":"","_relevanssi_related_posts":"","_relevanssi_noindex_reason":"","inline_featured_image":false,"episode_type":"","audio_file":"","podmotor_file_id":"","podmotor_episode_id":"","cover_image":"","cover_image_id":"","duration":"","filesize":"","filesize_raw":"","date_recorded":"","explicit":"","block":"","itunes_episode_number":"","itunes_title":"","itunes_season_number":"","itunes_episode_type":"","footnotes":""},"class_list":["post-878","page","type-page","status-publish","hentry"],"acf":[],"yoast_head":"<!-- This site is optimized with the Yoast SEO plugin v27.5 - https:\/\/yoast.com\/product\/yoast-seo-wordpress\/ -->\n<title>O korpusu KOST - Korpus KOST<\/title>\n<meta name=\"robots\" content=\"index, follow, max-snippet:-1, max-image-preview:large, max-video-preview:-1\" \/>\n<link rel=\"canonical\" href=\"https:\/\/www.cjvt.si\/korpus-kost\/\" \/>\n<meta property=\"og:locale\" content=\"sl_SI\" \/>\n<meta property=\"og:type\" content=\"article\" \/>\n<meta property=\"og:title\" content=\"O korpusu KOST - Korpus KOST\" \/>\n<meta property=\"og:url\" content=\"https:\/\/www.cjvt.si\/korpus-kost\/\" \/>\n<meta property=\"og:site_name\" content=\"Korpus KOST\" \/>\n<meta property=\"article:modified_time\" content=\"2023-12-05T12:42:04+00:00\" \/>\n<meta name=\"twitter:card\" content=\"summary_large_image\" \/>\n<meta name=\"twitter:label1\" content=\"Est. reading time\" \/>\n\t<meta name=\"twitter:data1\" content=\"2 minuti\" \/>\n<script type=\"application\/ld+json\" class=\"yoast-schema-graph\">{\"@context\":\"https:\\\/\\\/schema.org\",\"@graph\":[{\"@type\":\"WebPage\",\"@id\":\"https:\\\/\\\/www.cjvt.si\\\/korpus-kost\\\/\",\"url\":\"https:\\\/\\\/www.cjvt.si\\\/korpus-kost\\\/\",\"name\":\"O korpusu KOST - Korpus KOST\",\"isPartOf\":{\"@id\":\"https:\\\/\\\/www.cjvt.si\\\/korpus-kost\\\/#website\"},\"datePublished\":\"2020-03-31T13:39:25+00:00\",\"dateModified\":\"2023-12-05T12:42:04+00:00\",\"breadcrumb\":{\"@id\":\"https:\\\/\\\/www.cjvt.si\\\/korpus-kost\\\/#breadcrumb\"},\"inLanguage\":\"sl-SI\",\"potentialAction\":[{\"@type\":\"ReadAction\",\"target\":[\"https:\\\/\\\/www.cjvt.si\\\/korpus-kost\\\/\"]}]},{\"@type\":\"BreadcrumbList\",\"@id\":\"https:\\\/\\\/www.cjvt.si\\\/korpus-kost\\\/#breadcrumb\",\"itemListElement\":[{\"@type\":\"ListItem\",\"position\":1,\"name\":\"Home\",\"item\":\"https:\\\/\\\/www.cjvt.si\\\/korpus-kost\\\/\"},{\"@type\":\"ListItem\",\"position\":2,\"name\":\"O projektu\"}]},{\"@type\":\"WebSite\",\"@id\":\"https:\\\/\\\/www.cjvt.si\\\/korpus-kost\\\/#website\",\"url\":\"https:\\\/\\\/www.cjvt.si\\\/korpus-kost\\\/\",\"name\":\"Korpus KOST\",\"description\":\"Korpus sloven\u0161\u010dine kot tujega jezika KOST\",\"potentialAction\":[{\"@type\":\"SearchAction\",\"target\":{\"@type\":\"EntryPoint\",\"urlTemplate\":\"https:\\\/\\\/www.cjvt.si\\\/korpus-kost\\\/?s={search_term_string}\"},\"query-input\":{\"@type\":\"PropertyValueSpecification\",\"valueRequired\":true,\"valueName\":\"search_term_string\"}}],\"inLanguage\":\"sl-SI\"}]}<\/script>\n<!-- \/ Yoast SEO plugin. -->","yoast_head_json":{"title":"O korpusu KOST - Korpus KOST","robots":{"index":"index","follow":"follow","max-snippet":"max-snippet:-1","max-image-preview":"max-image-preview:large","max-video-preview":"max-video-preview:-1"},"canonical":"https:\/\/www.cjvt.si\/korpus-kost\/","og_locale":"sl_SI","og_type":"article","og_title":"O korpusu KOST - Korpus KOST","og_url":"https:\/\/www.cjvt.si\/korpus-kost\/","og_site_name":"Korpus KOST","article_modified_time":"2023-12-05T12:42:04+00:00","twitter_card":"summary_large_image","twitter_misc":{"Est. reading time":"2 minuti"},"schema":{"@context":"https:\/\/schema.org","@graph":[{"@type":"WebPage","@id":"https:\/\/www.cjvt.si\/korpus-kost\/","url":"https:\/\/www.cjvt.si\/korpus-kost\/","name":"O korpusu KOST - Korpus KOST","isPartOf":{"@id":"https:\/\/www.cjvt.si\/korpus-kost\/#website"},"datePublished":"2020-03-31T13:39:25+00:00","dateModified":"2023-12-05T12:42:04+00:00","breadcrumb":{"@id":"https:\/\/www.cjvt.si\/korpus-kost\/#breadcrumb"},"inLanguage":"sl-SI","potentialAction":[{"@type":"ReadAction","target":["https:\/\/www.cjvt.si\/korpus-kost\/"]}]},{"@type":"BreadcrumbList","@id":"https:\/\/www.cjvt.si\/korpus-kost\/#breadcrumb","itemListElement":[{"@type":"ListItem","position":1,"name":"Home","item":"https:\/\/www.cjvt.si\/korpus-kost\/"},{"@type":"ListItem","position":2,"name":"O projektu"}]},{"@type":"WebSite","@id":"https:\/\/www.cjvt.si\/korpus-kost\/#website","url":"https:\/\/www.cjvt.si\/korpus-kost\/","name":"Korpus KOST","description":"Korpus sloven\u0161\u010dine kot tujega jezika KOST","potentialAction":[{"@type":"SearchAction","target":{"@type":"EntryPoint","urlTemplate":"https:\/\/www.cjvt.si\/korpus-kost\/?s={search_term_string}"},"query-input":{"@type":"PropertyValueSpecification","valueRequired":true,"valueName":"search_term_string"}}],"inLanguage":"sl-SI"}]}},"_links":{"self":[{"href":"https:\/\/www.cjvt.si\/korpus-kost\/wp-json\/wp\/v2\/pages\/878","targetHints":{"allow":["GET"]}}],"collection":[{"href":"https:\/\/www.cjvt.si\/korpus-kost\/wp-json\/wp\/v2\/pages"}],"about":[{"href":"https:\/\/www.cjvt.si\/korpus-kost\/wp-json\/wp\/v2\/types\/page"}],"author":[{"embeddable":true,"href":"https:\/\/www.cjvt.si\/korpus-kost\/wp-json\/wp\/v2\/users\/1"}],"replies":[{"embeddable":true,"href":"https:\/\/www.cjvt.si\/korpus-kost\/wp-json\/wp\/v2\/comments?post=878"}],"version-history":[{"count":50,"href":"https:\/\/www.cjvt.si\/korpus-kost\/wp-json\/wp\/v2\/pages\/878\/revisions"}],"predecessor-version":[{"id":2531,"href":"https:\/\/www.cjvt.si\/korpus-kost\/wp-json\/wp\/v2\/pages\/878\/revisions\/2531"}],"wp:attachment":[{"href":"https:\/\/www.cjvt.si\/korpus-kost\/wp-json\/wp\/v2\/media?parent=878"}],"curies":[{"name":"wp","href":"https:\/\/api.w.org\/{rel}","templated":true}]}}