{"id":1177,"date":"2024-12-19T12:23:30","date_gmt":"2024-12-19T11:23:30","guid":{"rendered":"https:\/\/www.cjvt.si\/llm4dh\/?page_id=1177"},"modified":"2025-05-14T10:53:44","modified_gmt":"2025-05-14T08:53:44","slug":"cilj-5","status":"publish","type":"page","link":"https:\/\/www.cjvt.si\/llm4dh\/projektni-sklopi\/projektni-sklop-5\/","title":{"rendered":"Izziv 5: Izbrani izzivi digitalne humanstike"},"content":{"rendered":"<div class=\"flex_column av_one_full  no_margin flex_column_div av-zero-column-padding first  avia-builder-el-0  el_before_av_one_full  avia-builder-el-first  \" style='margin-top:0px; margin-bottom:30px; border-radius:0px; '><section class=\"av_textblock_section \"  itemscope=\"itemscope\" itemtype=\"https:\/\/schema.org\/CreativeWork\" ><div class='avia_textblock  '   itemprop=\"text\" ><h1><strong>Izziv 5: Izbrani izzivi digitalne humanstike<\/strong><\/h1>\n<\/div><\/section><\/div>\n<div class=\"flex_column av_one_full  no_margin flex_column_div av-zero-column-padding first  avia-builder-el-2  el_after_av_one_full  el_before_av_tab_section  avia-builder-el-last  column-top-margin\" style='margin-top:0px; margin-bottom:30px; border-radius:0px; '><section class=\"av_textblock_section \"  itemscope=\"itemscope\" itemtype=\"https:\/\/schema.org\/CreativeWork\" ><div class='avia_textblock  '   itemprop=\"text\" ><p>Digitalna humanistika je \u0161iroko raziskovalno podro\u010dje, ki vklju\u010duje \u0161tevilne humanisti\u010dne in dru\u017eboslovne discipline. V tem izzivu obravnavamo tri izzive, ki znatno vplivajo na druge.<\/p>\n<\/div><\/section><\/div>\n<\/div><\/div><\/div><!-- close content main div --><\/div><\/div><div id='av-tab-section-1'  class='av-tab-section-container entry-content-wrapper main_color av-tab-no-transition   av-tab-above-content  avia-builder-el-4  el_after_av_one_full  avia-builder-el-last  submenu-not-first container_wrap fullsize' style=' '  ><div class='av-tab-section-outer-container'><div class='av-tab-section-tab-title-container avia-tab-title-padding-default ' ><a href='#aktivnost-5.1' data-av-tab-section-title='1' class='av-section-tab-title av-active-tab-title no-scroll av-tab-no-icon av-tab-no-image  '><span class='av-outer-tab-title'><span class='av-inner-tab-title'>Aktivnost 5.1<\/span><\/span><span class='av-tab-arrow-container'><span><\/span><\/span><\/a><a href='#aktivnost-5.2' data-av-tab-section-title='2' class='av-section-tab-title  av-tab-no-icon av-tab-no-image  '><span class='av-outer-tab-title'><span class='av-inner-tab-title'>Aktivnost 5.2<\/span><\/span><span class='av-tab-arrow-container'><span><\/span><\/span><\/a><a href='#aktivnost-5.3' data-av-tab-section-title='3' class='av-section-tab-title  av-tab-no-icon av-tab-no-image  '><span class='av-outer-tab-title'><span class='av-inner-tab-title'>Aktivnost 5.3<\/span><\/span><span class='av-tab-arrow-container'><span><\/span><\/span><\/a><a href='#letna-poroila' data-av-tab-section-title='4' class='av-section-tab-title  av-tab-no-icon av-tab-no-image  '><span class='av-outer-tab-title'><span class='av-inner-tab-title'>Letna poro\u010dila<\/span><\/span><span class='av-tab-arrow-container'><span><\/span><\/span><\/a><\/div><div class='av-tab-section-inner-container avia-section-default' style='width:400vw; left:0%;'><span class='av_prev_tab_section av_tab_navigation'><\/span><span class='av_next_tab_section av_tab_navigation'><\/span>\n<div data-av-tab-section-content=\"1\" class=\"av-layout-tab av-animation-delay-container av-active-tab-content __av_init_open  avia-builder-el-5  el_before_av_tab_sub_section  avia-builder-el-first   \" style='vertical-align:middle; '  data-tab-section-id=\"aktivnost-5.1\"><div class='av-layout-tab-inner'><div class='container'><section class=\"av_textblock_section \"  itemscope=\"itemscope\" itemtype=\"https:\/\/schema.org\/CreativeWork\" ><div class='avia_textblock  '   itemprop=\"text\" ><h3><em>Aktivnost 5.1: Veliki jezikovni modeli za historiografijo<\/em><\/h3>\n<\/div><\/section><br \/>\n<section class=\"av_textblock_section \"  itemscope=\"itemscope\" itemtype=\"https:\/\/schema.org\/CreativeWork\" ><div class='avia_textblock  '   itemprop=\"text\" ><section class=\"av_textblock_section \">\n<div class=\"avia_textblock \">\n<p>Raziskave digitalne humanistike o diskurzu v velikih jezikovnih korpusih so se tradicionalno opirale na nenadzorovane tehnike razvr\u0161\u010danja besedil, kot je modeliranje tem. Vendar pri mnogih raz\u0161irjenih tehnikah pogosto pride do preprileganja, pogosto pa so tudi nestabilne. To je \u0161e posebej problemati\u010dno pri odkrivanju latentnih zna\u010dilnosti diskurza, kot so njegove ideolo\u0161ke osnove, ki zahtevajo kompleksne jezikovne dokaze. Da bi se spopadli s tem izzivom, \u017eelimo uporabiti znanje, pridobljeno z velikimi jezikovnimi modeli v kombinaciji z grafi imenskih entitet. Ker so tak\u0161ni grafi sestavljeni iz medsebojno povezanih nizov dinami\u010dnih odnosov med (imenskimi) entitetami (Hogan idr. 2021), jih je mogo\u010de u\u010dinkovito uporabiti za intergracijo in konceptualizacijo temeljnih diskurzivnih pojavov, kot so ideologije (van Dijk 2017). Na\u0161 cilj je zgraditi grafe znanja za <span data-olk-copy-source=\"MessageBody\">kriti\u010dno analizo diskurza<\/span>, temelje\u010de na velikih jezikovnih modelih, in i<span data-olk-copy-source=\"MessageBody\">zlu\u0161\u010diti klju\u010dne entitete politi\u010dne, dru\u017ebene in institucionalne mo\u010di (van Dijk 2013), kot se ka\u017eejo v slovenskem \u010dasopisju preteklih obdobij<\/span>. Tako bomo omogo\u010dili diahrono analizo ideolo\u0161kih sprememb in s tem povezanih semanti\u010dnih leksikalnih premikov v zgodovinskem \u010dasopisnem diskurzu.<\/p>\n<\/div>\n<p>Najprej bomo z grafi imenskih entitet iz aktivnosti 4.1 raziskali odnose med osebami, kraji in organizacijami v korpusu slovenske zgodovinske periodike sPeriodika 1.0 (1771-1914). Za analizo grafov imenskih entitet bomo uporabili pristop me\u0161anih metod, pri \u010demer bomo kombinirali kvantitativno mre\u017eno analizo s kriti\u010dno analizo diskurza. Raziskava se bo osredoto\u010dila na nastanek in razvoj prepletenih zgodovinskih identitet: nacionalne, jezikovne, politi\u010dne, dru\u017ebenoekonomske in verske. Ker se lahko odnosi med zgodovinskimi identitetami skozi \u010das semanti\u010dno spreminjajo, bomo diahrono analizo iz aktivnosti 4.2 nato uporabili za preu\u010devanje odnosov, predsodkov in ideologij dru\u017ebenih elit v razli\u010dnih \u010dasovnih obdobjih. Grafe bomo uporabili kot pribli\u017eke za dinami\u010dno spreminjajo\u010de se identitete, da bi raziskali ohranjanje jezikovnih ideologij in preu\u010dili, kako so bile te ideologije zgodovinsko povezane z drugimi vidiki ustvarjanja identitet posameznikov in krajev. Raziskali bomo tudi diahrone semanti\u010dne premike leksike, povezane z vzponom in padcem zgodovinskih nacionalizmov, s poudarkom na konceptih dr\u017eavnosti. Raziskali bomo 1) nasprotja med panslovansko, jugoslovansko in slovensko identiteto, 2) kako so bili tak\u0161ni pojmi povezani s klju\u010dnimi centri mo\u010di tistega \u010dasa (npr. habsbur\u0161ko cesarstvo do za\u010detka 20. stoletja) in 3) kako tak\u0161ne identitete vklju\u010dujejo manj\u0161e regionalne identitete.<\/p>\n<\/section>\n<section class=\"av_textblock_section \">\n<div class=\"avia_textblock \"><\/div>\n<\/section>\n<\/div><\/section><br \/>\n<div class=\"flex_column av_one_fifth  flex_column_div av-zero-column-padding first  avia-builder-el-8  el_after_av_textblock  el_before_av_four_fifth  column-top-margin\" style='border-radius:0px; '><span  class=\"av_font_icon avia_animate_when_visible avia-icon-animate  av-icon-style-  av-no-color avia-icon-pos-left \" style=\"\"><span class='av-icon-char' style='font-size:40px;line-height:40px;' aria-hidden='true' data-av_icon='\ue810' data-av_iconfont='entypo-fontello' ><\/span><\/span><\/div><div class=\"flex_column av_four_fifth  flex_column_div av-zero-column-padding   avia-builder-el-10  el_after_av_one_fifth  avia-builder-el-last  column-top-margin\" style='border-radius:0px; '><section class=\"av_textblock_section \"  itemscope=\"itemscope\" itemtype=\"https:\/\/schema.org\/CreativeWork\" ><div class='avia_textblock  '   itemprop=\"text\" ><p><strong><em>Kazalnik 5.1: Novi metodolo\u0161ki pristopi k zgodovinski in ideolo\u0161ki analizi z uporabo velikih jezikovnih modelov LLMs (M18). Nove analize ideolo\u0161kih konceptov skozi zgodovino (M36).<\/em><\/strong><\/p>\n<\/div><\/section><\/div><\/p>\n<\/div><\/div><\/div><div data-av-tab-section-content=\"2\" class=\"av-layout-tab av-animation-delay-container   avia-builder-el-12  el_after_av_tab_sub_section  el_before_av_tab_sub_section   \" style='vertical-align:middle; '  data-tab-section-id=\"aktivnost-5.2\"><div class='av-layout-tab-inner'><div class='container'><section class=\"av_textblock_section \"  itemscope=\"itemscope\" itemtype=\"https:\/\/schema.org\/CreativeWork\" ><div class='avia_textblock  '   itemprop=\"text\" ><h3><strong><em>Aktivnost 5.2: Veliki jezikovni modeli za folkloristiko<\/em><\/strong><\/h3>\n<\/div><\/section><br \/>\n<section class=\"av_textblock_section \"  itemscope=\"itemscope\" itemtype=\"https:\/\/schema.org\/CreativeWork\" ><div class='avia_textblock  '   itemprop=\"text\" ><section class=\"av_textblock_section \">\n<div class=\"avia_textblock \">\n<p>Pravljice, ljudske pripovedke, druge etnografske pripovedke, o\u010darljive zgodbe, stkane skozi \u010das, niso le brez\u010dasne zgodbe, temve\u010d odsev dru\u017eb, ki so jih ustvarjale in pripovedovale. Izziv je avtomatizirati analizo pripovedne strukture s preu\u010devanjem razli\u010dnih razli\u010dic zgodb skozi \u010das in kulture. Z razvojem metodologije za ra\u010dunalni\u0161ko folkloristiko, ki temelji na velikih jezikovnih modelih, \u017eelimo pove\u010dati u\u010dinkovitost in natan\u010dnost primerjalnih \u0161tudij v folkloristiki, kar bo omogo\u010dilo obse\u017ene diahrone, medjezikovne in medkulturne primerjave.<\/p>\n<\/div>\n<\/section>\n<section class=\"av_textblock_section \">\n<div class=\"avia_textblock \">\n<p>Oblikovali bomo korpuse rokopisov <span data-olk-copy-source=\"MessageBody\">iz starej\u0161ih zgodovinskih obdobij<\/span>, razprav in etnografskih besedil (biografij, dnevnikov, revij, potopisov itd.) razli\u010dnih evropskih izvorov (\u0161panskega, francoskega, nem\u0161kega, angle\u0161kega, italijanskega, slovenskega in hrva\u0161kega) od 15. do 19. stoletja ter digitaliziran nacionalni arhiv slovenskih ljudskih pripovedk. Na teh korpusih bomo uporabili velike jezikovne modele in tako izvedli obse\u017eno diahrono, sinhrono in anahrono raziskavo sprememb diskurza v praksah re\u0161evanja konfliktov. Na \u017ee digitaliziranih starih tiskih ali natipkanemu gradivu bomo velike jezikovne modele uporabili za izdelavo kakovostnih transkripcij. \u017de zbrane ilustracije (pribli\u017eno 500) o ritualu re\u0161evanja sporov bomo analizirali s slikovno-jezikovnim modelom iz aktivnosti 4.3. Z uporabo vlikih jezikovnih modelov, prilagojenih za odkrivanje specifi\u010dnih motivov in mitov, bomo opravili obse\u017eno analizo ritualov sporov in sklepanja miru, kot se pojavljajo v etnografskih besedilih in ljudskih pripovedkah, pri \u010demer bomo zajeli tudi motive izgona in lik junaka izob\u010denca. Ta pristop bo omogo\u010dil primerjalno analizo slovenskih in drugih evropskih pravljic in mitov o re\u0161evanju sporov.<\/p>\n<\/div>\n<\/section>\n<\/div><\/section><br \/>\n<div class=\"flex_column av_one_fifth  flex_column_div av-zero-column-padding first  avia-builder-el-15  el_after_av_textblock  el_before_av_four_fifth  column-top-margin\" style='border-radius:0px; '><span  class=\"av_font_icon avia_animate_when_visible avia-icon-animate  av-icon-style-  av-no-color avia-icon-pos-left \" style=\"\"><span class='av-icon-char' style='font-size:40px;line-height:40px;' aria-hidden='true' data-av_icon='\ue810' data-av_iconfont='entypo-fontello' ><\/span><\/span><\/div><div class=\"flex_column av_four_fifth  flex_column_div av-zero-column-padding   avia-builder-el-17  el_after_av_one_fifth  avia-builder-el-last  column-top-margin\" style='border-radius:0px; '><section class=\"av_textblock_section \"  itemscope=\"itemscope\" itemtype=\"https:\/\/schema.org\/CreativeWork\" ><div class='avia_textblock  '   itemprop=\"text\" ><section class=\"av_textblock_section \">\n<div class=\"avia_textblock \"><\/div>\n<\/section>\n<section class=\"av_textblock_section \">\n<div class=\"avia_textblock \">\n<p><strong><em>Kazalniki 5.2: Nova metodologija za digitalno folkloristiko (M18). Nove analize ritualov re\u0161evanja sporov (M36).<\/em><\/strong><\/p>\n<\/div>\n<\/section>\n<\/div><\/section><\/div><\/p>\n<\/div><\/div><\/div><div data-av-tab-section-content=\"3\" class=\"av-layout-tab av-animation-delay-container   avia-builder-el-19  el_after_av_tab_sub_section  el_before_av_tab_sub_section   \" style='vertical-align:middle; '  data-tab-section-id=\"aktivnost-5.3\"><div class='av-layout-tab-inner'><div class='container'><section class=\"av_textblock_section \"  itemscope=\"itemscope\" itemtype=\"https:\/\/schema.org\/CreativeWork\" ><div class='avia_textblock  '   itemprop=\"text\" ><h3><strong><em>Aktivnost 5.3: Veliki jezikovni modeli in RAG za pravno domeno<\/em><\/strong><\/h3>\n<\/div><\/section><br \/>\n<section class=\"av_textblock_section \"  itemscope=\"itemscope\" itemtype=\"https:\/\/schema.org\/CreativeWork\" ><div class='avia_textblock  '   itemprop=\"text\" ><section class=\"av_textblock_section \">\n<div class=\"avia_textblock \">\n<p>Med pravnim postopkom je treba poiskati in obdelati velike koli\u010dine dokumentov. Ta opravila so lahko u\u010dinkovitej\u0161a, napake pa manj pogoste ob uporabi velikih jezikovnih modelov, ki nudijo podporo pri pravnem odlo\u010danju in obdelavi informacij. Pomemben izziv na pravnem podro\u010dju je odkrivanje protislovij, saj zahteva samodejno prepoznavanje problemati\u010dnih delov pravnih dokumentov. Na\u0161 cilj je zasnovati re\u0161itev za odkrivanje pravnih nasprotij z uporabo sistema RAG, ki bo samodejno prepoznal potencialno kontradiktorne dokumente iz baze znanja in jih posredoval modelu za detekcijo kontradikcij.<\/p>\n<p>Veliki jezikovni modeli in sistem RAG za detekcijo kontradikcij iz T4.4 bomo prilagodili slovenski pravni domeni. Sistem bo zmo\u017een upravljanja s slovenskimi pravnimi besedili ter ekstrakcije semanti\u010dnih in pravno relevantnih informacij. Model bomo uporabili za nalogo detekcije kontradikcij v pravnih dokumentih. Najprej bomo zbrali neobdelane pravne podatke in ustvarili pravno podatkovno mno\u017eico slovenskih besedil. Nato bomo izvedli pravno evalvacijo klju\u010dnih predpisov, pravnih precedensov in literature, ki jo bo uporabil sistem RAG. Zgradili bomo pravne komponente za iskanje in vektorizirali besedila. Na koncu bomo v sistem RAG vklju\u010dili znanje o katetrih. Celovita re\u0161itev na pravnem podro\u010dju bo v pomo\u010d pri pravnih raziskavah, analizi dokumentov, prepoznavanju morebitnih tveganj, podpori pravnim primerom, preverjanju skladnosti s predpisi in sistemu vpra\u0161anj in odgovorov.<\/p>\n<\/div>\n<\/section>\n<\/div><\/section><br \/>\n<div class=\"flex_column av_one_fifth  flex_column_div av-zero-column-padding first  avia-builder-el-22  el_after_av_textblock  el_before_av_four_fifth  column-top-margin\" style='border-radius:0px; '><span  class=\"av_font_icon avia_animate_when_visible avia-icon-animate  av-icon-style-  av-no-color avia-icon-pos-left \" style=\"\"><span class='av-icon-char' style='font-size:40px;line-height:40px;' aria-hidden='true' data-av_icon='\ue810' data-av_iconfont='entypo-fontello' ><\/span><\/span><\/div><div class=\"flex_column av_four_fifth  flex_column_div av-zero-column-padding   avia-builder-el-24  el_after_av_one_fifth  avia-builder-el-last  column-top-margin\" style='border-radius:0px; '><section class=\"av_textblock_section \"  itemscope=\"itemscope\" itemtype=\"https:\/\/schema.org\/CreativeWork\" ><div class='avia_textblock  '   itemprop=\"text\" ><section class=\"av_textblock_section \">\n<div class=\"avia_textblock \"><\/div>\n<\/section>\n<section class=\"av_textblock_section \">\n<div class=\"avia_textblock \">\n<p><strong><em>Kazalniki 5.3<\/em>: Podatkovna mno\u017eica slovenskih pravnih besedil<em> (M18). Sistem, temelje\u010d na RAG, za slovensko pravno podporo (M36)<\/em><\/strong><\/p>\n<\/div>\n<\/section>\n<\/div><\/section><\/div><\/p>\n<\/div><\/div><\/div><div data-av-tab-section-content=\"4\" class=\"av-layout-tab av-animation-delay-container   avia-builder-el-26  el_after_av_tab_sub_section  avia-builder-el-last   \" style='vertical-align:middle; '  data-tab-section-id=\"letna-poroila\"><div class='av-layout-tab-inner'><div class='container'><\/div><\/div><\/div><\/div><\/div><\/div>\n","protected":false},"excerpt":{"rendered":"","protected":false},"author":19,"featured_media":0,"parent":668,"menu_order":0,"comment_status":"closed","ping_status":"closed","template":"","meta":{"_acf_changed":false,"_relevanssi_hide_post":"","_relevanssi_hide_content":"","_relevanssi_pin_for_all":"","_relevanssi_pin_keywords":"","_relevanssi_unpin_keywords":"","_relevanssi_related_keywords":"","_relevanssi_related_include_ids":"","_relevanssi_related_exclude_ids":"","_relevanssi_related_no_append":"","_relevanssi_related_not_related":"","_relevanssi_related_posts":"","_relevanssi_noindex_reason":"","inline_featured_image":false,"episode_type":"","audio_file":"","podmotor_file_id":"","podmotor_episode_id":"","cover_image":"","cover_image_id":"","duration":"","filesize":"","filesize_raw":"","date_recorded":"","explicit":"","block":"","itunes_episode_number":"","itunes_title":"","itunes_season_number":"","itunes_episode_type":"","footnotes":""},"class_list":["post-1177","page","type-page","status-publish","hentry"],"acf":[],"yoast_head":"<!-- This site is optimized with the Yoast SEO plugin v27.3 - https:\/\/yoast.com\/product\/yoast-seo-wordpress\/ -->\n<title>Izziv 5: Izbrani izzivi digitalne humanstike - LLM4DH<\/title>\n<meta name=\"robots\" content=\"index, follow, max-snippet:-1, max-image-preview:large, max-video-preview:-1\" \/>\n<link rel=\"canonical\" href=\"https:\/\/www.cjvt.si\/llm4dh\/projektni-sklopi\/projektni-sklop-5\/\" \/>\n<meta property=\"og:locale\" content=\"sl_SI\" \/>\n<meta property=\"og:type\" content=\"article\" \/>\n<meta property=\"og:title\" content=\"Izziv 5: Izbrani izzivi digitalne humanstike - LLM4DH\" \/>\n<meta property=\"og:url\" content=\"https:\/\/www.cjvt.si\/llm4dh\/projektni-sklopi\/projektni-sklop-5\/\" \/>\n<meta property=\"og:site_name\" content=\"LLM4DH\" \/>\n<meta property=\"article:modified_time\" content=\"2025-05-14T08:53:44+00:00\" \/>\n<meta name=\"twitter:card\" content=\"summary_large_image\" \/>\n<meta name=\"twitter:label1\" content=\"Est. reading time\" \/>\n\t<meta name=\"twitter:data1\" content=\"9 minut\" \/>\n<script type=\"application\/ld+json\" class=\"yoast-schema-graph\">{\"@context\":\"https:\\\/\\\/schema.org\",\"@graph\":[{\"@type\":\"WebPage\",\"@id\":\"https:\\\/\\\/www.cjvt.si\\\/llm4dh\\\/projektni-sklopi\\\/projektni-sklop-5\\\/\",\"url\":\"https:\\\/\\\/www.cjvt.si\\\/llm4dh\\\/projektni-sklopi\\\/projektni-sklop-5\\\/\",\"name\":\"Izziv 5: Izbrani izzivi digitalne humanstike - LLM4DH\",\"isPartOf\":{\"@id\":\"https:\\\/\\\/www.cjvt.si\\\/llm4dh\\\/#website\"},\"datePublished\":\"2024-12-19T11:23:30+00:00\",\"dateModified\":\"2025-05-14T08:53:44+00:00\",\"breadcrumb\":{\"@id\":\"https:\\\/\\\/www.cjvt.si\\\/llm4dh\\\/projektni-sklopi\\\/projektni-sklop-5\\\/#breadcrumb\"},\"inLanguage\":\"sl-SI\",\"potentialAction\":[{\"@type\":\"ReadAction\",\"target\":[\"https:\\\/\\\/www.cjvt.si\\\/llm4dh\\\/projektni-sklopi\\\/projektni-sklop-5\\\/\"]}]},{\"@type\":\"BreadcrumbList\",\"@id\":\"https:\\\/\\\/www.cjvt.si\\\/llm4dh\\\/projektni-sklopi\\\/projektni-sklop-5\\\/#breadcrumb\",\"itemListElement\":[{\"@type\":\"ListItem\",\"position\":1,\"name\":\"Home\",\"item\":\"https:\\\/\\\/www.cjvt.si\\\/llm4dh\\\/\"},{\"@type\":\"ListItem\",\"position\":2,\"name\":\"Projektni sklopi\",\"item\":\"https:\\\/\\\/www.cjvt.si\\\/llm4dh\\\/projektni-sklopi\\\/\"},{\"@type\":\"ListItem\",\"position\":3,\"name\":\"Izziv 5: Izbrani izzivi digitalne humanstike\"}]},{\"@type\":\"WebSite\",\"@id\":\"https:\\\/\\\/www.cjvt.si\\\/llm4dh\\\/#website\",\"url\":\"https:\\\/\\\/www.cjvt.si\\\/llm4dh\\\/\",\"name\":\"LLM4DH\",\"description\":\"Work site\",\"potentialAction\":[{\"@type\":\"SearchAction\",\"target\":{\"@type\":\"EntryPoint\",\"urlTemplate\":\"https:\\\/\\\/www.cjvt.si\\\/llm4dh\\\/?s={search_term_string}\"},\"query-input\":{\"@type\":\"PropertyValueSpecification\",\"valueRequired\":true,\"valueName\":\"search_term_string\"}}],\"inLanguage\":\"sl-SI\"}]}<\/script>\n<!-- \/ Yoast SEO plugin. -->","yoast_head_json":{"title":"Izziv 5: Izbrani izzivi digitalne humanstike - LLM4DH","robots":{"index":"index","follow":"follow","max-snippet":"max-snippet:-1","max-image-preview":"max-image-preview:large","max-video-preview":"max-video-preview:-1"},"canonical":"https:\/\/www.cjvt.si\/llm4dh\/projektni-sklopi\/projektni-sklop-5\/","og_locale":"sl_SI","og_type":"article","og_title":"Izziv 5: Izbrani izzivi digitalne humanstike - LLM4DH","og_url":"https:\/\/www.cjvt.si\/llm4dh\/projektni-sklopi\/projektni-sklop-5\/","og_site_name":"LLM4DH","article_modified_time":"2025-05-14T08:53:44+00:00","twitter_card":"summary_large_image","twitter_misc":{"Est. reading time":"9 minut"},"schema":{"@context":"https:\/\/schema.org","@graph":[{"@type":"WebPage","@id":"https:\/\/www.cjvt.si\/llm4dh\/projektni-sklopi\/projektni-sklop-5\/","url":"https:\/\/www.cjvt.si\/llm4dh\/projektni-sklopi\/projektni-sklop-5\/","name":"Izziv 5: Izbrani izzivi digitalne humanstike - LLM4DH","isPartOf":{"@id":"https:\/\/www.cjvt.si\/llm4dh\/#website"},"datePublished":"2024-12-19T11:23:30+00:00","dateModified":"2025-05-14T08:53:44+00:00","breadcrumb":{"@id":"https:\/\/www.cjvt.si\/llm4dh\/projektni-sklopi\/projektni-sklop-5\/#breadcrumb"},"inLanguage":"sl-SI","potentialAction":[{"@type":"ReadAction","target":["https:\/\/www.cjvt.si\/llm4dh\/projektni-sklopi\/projektni-sklop-5\/"]}]},{"@type":"BreadcrumbList","@id":"https:\/\/www.cjvt.si\/llm4dh\/projektni-sklopi\/projektni-sklop-5\/#breadcrumb","itemListElement":[{"@type":"ListItem","position":1,"name":"Home","item":"https:\/\/www.cjvt.si\/llm4dh\/"},{"@type":"ListItem","position":2,"name":"Projektni sklopi","item":"https:\/\/www.cjvt.si\/llm4dh\/projektni-sklopi\/"},{"@type":"ListItem","position":3,"name":"Izziv 5: Izbrani izzivi digitalne humanstike"}]},{"@type":"WebSite","@id":"https:\/\/www.cjvt.si\/llm4dh\/#website","url":"https:\/\/www.cjvt.si\/llm4dh\/","name":"LLM4DH","description":"Work site","potentialAction":[{"@type":"SearchAction","target":{"@type":"EntryPoint","urlTemplate":"https:\/\/www.cjvt.si\/llm4dh\/?s={search_term_string}"},"query-input":{"@type":"PropertyValueSpecification","valueRequired":true,"valueName":"search_term_string"}}],"inLanguage":"sl-SI"}]}},"_links":{"self":[{"href":"https:\/\/www.cjvt.si\/llm4dh\/wp-json\/wp\/v2\/pages\/1177","targetHints":{"allow":["GET"]}}],"collection":[{"href":"https:\/\/www.cjvt.si\/llm4dh\/wp-json\/wp\/v2\/pages"}],"about":[{"href":"https:\/\/www.cjvt.si\/llm4dh\/wp-json\/wp\/v2\/types\/page"}],"author":[{"embeddable":true,"href":"https:\/\/www.cjvt.si\/llm4dh\/wp-json\/wp\/v2\/users\/19"}],"replies":[{"embeddable":true,"href":"https:\/\/www.cjvt.si\/llm4dh\/wp-json\/wp\/v2\/comments?post=1177"}],"version-history":[{"count":9,"href":"https:\/\/www.cjvt.si\/llm4dh\/wp-json\/wp\/v2\/pages\/1177\/revisions"}],"predecessor-version":[{"id":1577,"href":"https:\/\/www.cjvt.si\/llm4dh\/wp-json\/wp\/v2\/pages\/1177\/revisions\/1577"}],"up":[{"embeddable":true,"href":"https:\/\/www.cjvt.si\/llm4dh\/wp-json\/wp\/v2\/pages\/668"}],"wp:attachment":[{"href":"https:\/\/www.cjvt.si\/llm4dh\/wp-json\/wp\/v2\/media?parent=1177"}],"curies":[{"name":"wp","href":"https:\/\/api.w.org\/{rel}","templated":true}]}}