{"id":1378,"date":"2025-04-08T14:19:18","date_gmt":"2025-04-08T12:19:18","guid":{"rendered":"https:\/\/www.cjvt.si\/llm4dh\/?page_id=1378"},"modified":"2026-04-09T08:32:34","modified_gmt":"2026-04-09T06:32:34","slug":"kazalniki","status":"publish","type":"page","link":"https:\/\/www.cjvt.si\/llm4dh\/kazalniki\/","title":{"rendered":"Kazalniki"},"content":{"rendered":"<div class=\"flex_column av_one_full  flex_column_div av-zero-column-padding first  avia-builder-el-0  el_before_av_one_full  avia-builder-el-first  \" style='border-radius:0px; '><section class=\"av_textblock_section \"  itemscope=\"itemscope\" itemtype=\"https:\/\/schema.org\/CreativeWork\" ><div class='avia_textblock  '   itemprop=\"text\" ><h3>SEZNAM KAZALNIKOV PO DELOVNIH SKLOPIH IN MESECIH<\/h3>\n<\/div><\/section><\/div>\n<div class=\"flex_column av_one_full  flex_column_div av-zero-column-padding first  avia-builder-el-2  el_after_av_one_full  avia-builder-el-last  column-top-margin\" style='border-radius:0px; '><section class=\"av_textblock_section \"  itemscope=\"itemscope\" itemtype=\"https:\/\/schema.org\/CreativeWork\" ><div class='avia_textblock  '  style='font-size:25px; '  itemprop=\"text\" ><table>\n<tbody>\n<tr>\n<td><strong>\u0160tevilka aktivnosti<\/strong><\/td>\n<td><strong>Kazalnik<\/strong><\/td>\n<td><strong>Tip<\/strong><\/td>\n<td><strong>Povezava do kazalnika<\/strong><\/td>\n<\/tr>\n<tr>\n<td colspan=\"4\"><strong>Januar 2025<\/strong><\/td>\n<\/tr>\n<tr>\n<td><a href=\"https:\/\/www.cjvt.si\/llm4dh\/projektni-sklopi\/projektni-sklop-3\/#aktivnost-3.1\">3.1.1<\/a><\/td>\n<td>Spletni vmesnik za zbiranje posnetkov pogovorov<strong><em>\u00a0<\/em><\/strong> (M4).<\/td>\n<td>Aplikacija<\/td>\n<td>Dostop:<\/p>\n<p><a href=\"https:\/\/govorjena-slovenscina.um.si\/\">Vmesnik<\/a><\/td>\n<\/tr>\n<tr>\n<td><a href=\"https:\/\/www.cjvt.si\/llm4dh\/upravljanje-in-diseminacija\/#aktivnost-7.3\">7.3.1<\/a><\/td>\n<td>Na\u010drt za diseminacijo in komunikacijo (M4).<\/td>\n<td>Poro\u010dilo<\/td>\n<td>Dostop:<\/p>\n<p><a href=\"https:\/\/www.cjvt.si\/llm4dh\/wp-content\/uploads\/sites\/32\/2025\/04\/LLM4DH-Communication-Strategy.pdf\">Datoteka PDF<\/a><\/td>\n<\/tr>\n<tr>\n<td colspan=\"4\"><strong>Marec 2025<\/strong><\/td>\n<\/tr>\n<tr>\n<td><a href=\"https:\/\/www.cjvt.si\/llm4dh\/projektni-sklopi\/projektni-sklop-1\/#aktivnost-1.1\">1.1.1<\/a><\/td>\n<td>Podatkovne zbirke DSB in OSWN, pripravljene za u\u010denje (M6).<\/td>\n<td>Podatkovna mno\u017eica<\/td>\n<td>Dostop:<\/p>\n<p><a href=\"https:\/\/unilj-my.sharepoint.com\/:f:\/g\/personal\/slavkozitnik_fri1_uni-lj_si\/EgM_Fv_cAM5FntmhrLZ0wCcBqZM4l2IaOsuaFTQB1Hy5fg?e=PJXAMB\">Povezava<\/a><\/td>\n<\/tr>\n<tr>\n<td><a href=\"https:\/\/www.cjvt.si\/llm4dh\/upravljanje-in-diseminacija\/#aktivnost-7.2\">7.2.1<\/a><\/td>\n<td>Na\u010drt ravnanja z raziskovalnimi podatki (M6).<\/td>\n<td>Poro\u010dilo<\/td>\n<td>Dostop:<\/p>\n<p><a href=\"https:\/\/www.cjvt.si\/llm4dh\/wp-content\/uploads\/sites\/32\/2025\/04\/D2.7-Data-Management-Plan-NRRP-Ver-1.2.pdf\">Datoteka PDF<\/a><\/td>\n<\/tr>\n<tr>\n<td colspan=\"4\"><strong>April 2025<\/strong><\/td>\n<\/tr>\n<tr>\n<td><a href=\"https:\/\/www.cjvt.si\/llm4dh\/projektni-sklopi\/projektni-sklop-3\/#aktivnost-3.1\">3.1.2<\/a><\/td>\n<td>Ro\u010dne transkripcije pogovorov za u\u010dni govorni korpus (5 ur) (M7).<\/td>\n<td>Podatkovna mno\u017eica<\/td>\n<td>Dostop:<\/p>\n<p><a href=\"https:\/\/www.clarin.si\/repository\/xmlui\/handle\/11356\/2073\">Povezava<\/a><\/td>\n<\/tr>\n<tr>\n<td><a href=\"https:\/\/www.cjvt.si\/llm4dh\/upravljanje-in-diseminacija\/#aktivnost-7.2\">7.2.2<\/a><\/td>\n<td>Eti\u010dni kodeks, dejavnosti nadzorovanja tveganja (M1-M36).<\/td>\n<td>Poro\u010dilo<\/td>\n<td>Dostop:<\/p>\n<p><a href=\"https:\/\/www.cjvt.si\/llm4dh\/wp-content\/uploads\/sites\/32\/2025\/05\/D7.2.2-Code-of-Etics-Risk-monitoring-Ver2.pdf\">Datoteka PDF<\/a><\/td>\n<\/tr>\n<tr>\n<td colspan=\"4\"><strong>Julij 2025<\/strong><\/td>\n<\/tr>\n<tr>\n<td><a href=\"https:\/\/www.cjvt.si\/llm4dh\/projektni-sklopi\/projektni-sklop-3\/#aktivnost-3.2\">3.2.1<\/a><\/td>\n<td>Raz\u0161irjeni u\u010dni govorni korpus z oznakami govornih dejanj in sentimenta (najmanj 5 ur posnetkov pogovorov) (M10).<\/td>\n<td>Podatkovna mno\u017eica<\/td>\n<td>Dostop:<\/p>\n<p><a href=\"https:\/\/www.clarin.si\/repository\/xmlui\/handle\/11356\/2073\">Povezava<\/a><\/td>\n<\/tr>\n<tr>\n<td colspan=\"4\"><strong>September 2025<\/strong><\/td>\n<\/tr>\n<tr>\n<td><a href=\"https:\/\/www.cjvt.si\/llm4dh\/projektni-sklopi\/projektni-sklop-1\/#aktivnost-1.1\">1.1.2<\/a><\/td>\n<td>Za\u010detni izbolj\u0161ani veliki jezikovni model (M12).<\/td>\n<td>Model<\/td>\n<td>Dostop:<\/p>\n<p><a href=\"https:\/\/huggingface.co\/tknez\/GaMS-9B-Instruct-Lex\">Povezava<\/a><\/td>\n<\/tr>\n<tr>\n<td><a href=\"https:\/\/www.cjvt.si\/llm4dh\/projektni-sklopi\/projektni-sklop-1\/#aktivnost-1.3\">1.3.1<\/a><\/td>\n<td>Slovenske podatkovne zbirke za u\u010denje velikega slikovno-jezikovnega modela (M12).<\/td>\n<td>Podatkovna mno\u017eica<\/td>\n<td>Dostop: <a href=\"https:\/\/www.clarin.si\/repository\/xmlui\/handle\/11356\/2050\" target=\"_blank\" rel=\"noopener\">Povezava<\/a><\/td>\n<\/tr>\n<tr>\n<td><a href=\"https:\/\/www.cjvt.si\/llm4dh\/projektni-sklopi\/projektni-sklop-2\/#aktivnost-2.2\">2.2.1<\/a><\/td>\n<td>Podatkovne mno\u017eice sinteti\u010dnih jezikovnih napak (M12).<\/td>\n<td>Podatkovna mno\u017eica<\/td>\n<td>Dostop: <a href=\"https:\/\/www.clarin.si\/repository\/xmlui\/handle\/11356\/2052\" target=\"_blank\" rel=\"noopener\">Povezava<\/a><\/td>\n<\/tr>\n<tr>\n<td><a href=\"https:\/\/www.cjvt.si\/llm4dh\/en\/work-packages\/work-package-2\/#task-2.3\">2.3.1<\/a><\/td>\n<td>Veliki jezikovni model z izbolj\u0161anim slovni\u010dnim znanjem (M12).<\/td>\n<td>Model<\/td>\n<td>Dostop:<\/p>\n<p><a href=\"https:\/\/github.com\/matejklemen\/ud_llm\">Povezava<\/a><\/td>\n<\/tr>\n<tr>\n<td><a href=\"https:\/\/www.cjvt.si\/llm4dh\/projektni-sklopi\/projektni-sklop-4\/#aktivnost-4.1\">4.1.1<\/a><\/td>\n<td>Interakcijski grafi zgodovinskih imenskih entitet (M12).<\/td>\n<td>Drugo<\/td>\n<td>Dostop:<\/p>\n<p><a href=\"https:\/\/github.com\/UL-FRI-LGM\/kranjska-annotated\">Povezava<\/a><\/td>\n<\/tr>\n<tr>\n<td><a href=\"https:\/\/www.cjvt.si\/llm4dh\/projektni-sklopi\/projektni-sklop-6\/#aktivnost-6.1\">6.1.1<\/a><\/td>\n<td>Primerjalni test metafor, ironije in sarkazma v sloven\u0161\u010dini (M12).<\/td>\n<td>Podatkovna mno\u017eica<\/td>\n<td>Dostop:<\/p>\n<p><a href=\"https:\/\/slobench.cjvt.si\/leaderboard\/view\/15\"><span data-olk-copy-source=\"MessageBody\">SloPragEval<\/span><\/a><\/p>\n<p><a href=\"https:\/\/slobench.cjvt.si\/leaderboard\/view\/16\"><span data-olk-copy-source=\"MessageBody\">SloPragMega<\/span><\/a><\/td>\n<\/tr>\n<tr>\n<td>7.1.1<\/td>\n<td>Letna poro\u010dila (M12).<\/td>\n<td>Poro\u010dilo<\/td>\n<td>Dostop:<\/p>\n<p><a href=\"https:\/\/www.cjvt.si\/llm4dh\/wp-content\/uploads\/sites\/32\/2026\/01\/D7.1.1-Annual-Report-M12.pdf\" target=\"_blank\" rel=\"noopener\">Povezava<\/a><\/td>\n<\/tr>\n<tr>\n<td colspan=\"4\"><strong>Marec 2026<\/strong><\/td>\n<\/tr>\n<tr>\n<td><a href=\"https:\/\/www.cjvt.si\/llm4dh\/projektni-sklopi\/projektni-sklop-1\/#aktivnost-1.2\">1.2.1<\/a><\/td>\n<td>Grafi znanja in podatkovne zbirke neobdelanih besedil (M18).<\/td>\n<td>Podatkovna mno\u017eica<\/td>\n<td>Dostop: <a href=\"https:\/\/unilj-my.sharepoint.com\/:u:\/g\/personal\/rmarko_fri1_uni-lj_si\/IQCxDVFZvOdmSKdsJsGKyZ_YAYneOX8QfYVqNQXjUvPLmmY?e=EOH5E9\">Povezava<\/a><\/td>\n<\/tr>\n<tr>\n<td><a href=\"https:\/\/www.cjvt.si\/llm4dh\/projektni-sklopi\/projektni-sklop-2\/#aktivnost-2.2\">2.2.2<\/a><\/td>\n<td>Veliki jezikovni modeli za preverjanje slovnice (M18).<\/td>\n<td>Model<\/td>\n<td>Dostop: <a href=\"https:\/\/huggingface.co\/cjvt\/gemma-3-27b-it-dassle-gec\">Povezava<\/a><\/td>\n<\/tr>\n<tr>\n<td><a href=\"https:\/\/www.cjvt.si\/llm4dh\/projektni-sklopi\/projektni-sklop-2\/#aktivnost-2.3\">2.3.2<\/a><\/td>\n<td>Podatkovna mno\u017eica za evalvacijo slovni\u010dnega znanja velikih jezikovnih modelov (M18).<\/td>\n<td>Podatkovna mno\u017eica<\/td>\n<td><a href=\"http:\/\/hdl.handle.net\/11356\/2086\">GramQA<\/a><\/p>\n<p><a href=\"http:\/\/hdl.handle.net\/11356\/2083\">WALS-Bench<\/a><\/td>\n<\/tr>\n<tr>\n<td><a href=\"https:\/\/www.cjvt.si\/llm4dh\/projektni-sklopi\/projektni-sklop-4\/#aktivnost-4.4\">4.4.1<\/a><\/td>\n<td>Novi RAG sistem za sloven\u0161\u010dino, zmo\u017een detekcije protislovij v dokumentih (M18).<\/td>\n<td>Aplikacija<\/td>\n<td>Dostop: <a href=\"https:\/\/github.com\/clarinsi\/LegalContradictionRAG\">Povezava<\/a><\/td>\n<\/tr>\n<tr>\n<td><a href=\"https:\/\/www.cjvt.si\/llm4dh\/projektni-sklopi\/projektni-sklop-5\/#aktivnost-5.1\">5.1.1<\/a><\/td>\n<td>Novi metodolo\u0161ki pristopi k zgodovinski in ideolo\u0161ki analizi z uporabo velikih jezikovnih modelov LLMs (M18).<\/td>\n<td>Poro\u010dilo<\/td>\n<td><a href=\"https:\/\/www.cjvt.si\/llm4dh\/wp-content\/uploads\/sites\/32\/2026\/03\/Deliverable-5.1.1-LLM4DH-Gravitacija.pdf\">Datoteka PDF<\/a><\/td>\n<\/tr>\n<tr>\n<td><a href=\"https:\/\/www.cjvt.si\/llm4dh\/projektni-sklopi\/projektni-sklop-5\/#aktivnost-5.2\">5.2.1<\/a><\/td>\n<td>Nova metodologija za digitalno folkloristiko (M18).<\/td>\n<td>Poro\u010dilo<\/td>\n<td><a href=\"https:\/\/www.cjvt.si\/llm4dh\/wp-content\/uploads\/sites\/32\/2026\/03\/Deliverable-5.2.1-LLM4DH-Gravitacija.pdf\">Datoteka PDF<\/a><\/td>\n<\/tr>\n<tr>\n<td><a href=\"https:\/\/www.cjvt.si\/llm4dh\/projektni-sklopi\/projektni-sklop-5\/#aktivnost-5.3\">5.3.1<\/a><\/td>\n<td>Podatkovna mno\u017eica slovenskih pravnih besedil (M18).<\/td>\n<td>Baza podatkov<\/td>\n<td>Dostop: <a href=\"https:\/\/www.clarin.si\/repository\/xmlui\/handle\/11356\/2095\">Povezava<\/a><\/td>\n<\/tr>\n<tr>\n<td colspan=\"3\"><strong>Avgust 2026<\/strong><\/td>\n<td><\/td>\n<\/tr>\n<tr>\n<td><\/td>\n<td>Dopolnjena Digitalna slovarska baza.<\/td>\n<td>Podatkovna mno\u017eica<\/td>\n<td><\/td>\n<\/tr>\n<tr>\n<td colspan=\"4\"><strong>September 2026<\/strong><\/td>\n<\/tr>\n<tr>\n<td><a href=\"https:\/\/www.cjvt.si\/llm4dh\/projektni-sklopi\/projektni-sklop-1\/#aktivnost-1.1\">1.1.3<\/a><\/td>\n<td>Kon\u010dni izbolj\u0161ani veliki jezikovni modeli (M24).<\/td>\n<td>Model<\/td>\n<td><\/td>\n<\/tr>\n<tr>\n<td><a href=\"https:\/\/www.cjvt.si\/llm4dh\/projektni-sklopi\/projektni-sklop-1\/#aktivnost-1.2\">1.2.2<\/a><\/td>\n<td>Za\u010detni izbolj\u0161ani veliki jezikovni model (M24).<\/td>\n<td>Model<\/td>\n<td><\/td>\n<\/tr>\n<tr>\n<td><a href=\"https:\/\/www.cjvt.si\/llm4dh\/projektni-sklopi\/projektni-sklop-1\/#aktivnost-1.3\">1.3.2<\/a><\/td>\n<td>Slovenski slikovno-jezikovni model (M24).<\/td>\n<td>Model<\/td>\n<td><\/td>\n<\/tr>\n<tr>\n<td><a href=\"https:\/\/www.cjvt.si\/llm4dh\/projektni-sklopi\/projektni-sklop-2\/#aktivnost-2.1\">2.1.1<\/a><\/td>\n<td>Digitalna slovarska baza z generiranimi leksikografskimi podatki \u2013 prva razli\u010dica (M24).<\/td>\n<td>Podatkovna mno\u017eica<\/td>\n<td><\/td>\n<\/tr>\n<tr>\n<td><a href=\"https:\/\/www.cjvt.si\/llm4dh\/projektni-sklopi\/projektni-sklop-2\/#aktivnost-2.2\">2.2.3<\/a><\/td>\n<td>Evalvacijske mno\u017eice za preverjanje avtenti\u010dne slovnice (M24).<\/td>\n<td>Podatkovna mno\u017eica<\/td>\n<td><\/td>\n<\/tr>\n<tr>\n<td><a href=\"https:\/\/www.cjvt.si\/llm4dh\/projektni-sklopi\/projektni-sklop-4\/#aktivnost-4.1\">4.1.2<\/a><\/td>\n<td>Vizualizacija ektrahiranih grafov imenskih entitet (M24).<\/td>\n<td>Poro\u010dilo<\/td>\n<td><\/td>\n<\/tr>\n<tr>\n<td><a href=\"https:\/\/www.cjvt.si\/llm4dh\/projektni-sklopi\/projektni-sklop-4\/#aktivnost-4.2\">4.2.1<\/a><\/td>\n<td>Nova metodologija za diahrono analizo, temelje\u010do na uporabi velikih jezikovnih modelov (M24).<\/td>\n<td>Poro\u010dilo<\/td>\n<td><\/td>\n<\/tr>\n<tr>\n<td><a href=\"https:\/\/www.cjvt.si\/llm4dh\/projektni-sklopi\/projektni-sklop-4\/#aktivnost-4.3\">4.3.1<\/a><\/td>\n<td>Podatkovna mno\u017eica slik iz slovenskega \u010dasopisja iz starej\u0161ih zgodovinskih obdobij (M24).<\/td>\n<td>Podatkovna mno\u017eica<\/td>\n<td><\/td>\n<\/tr>\n<tr>\n<td><a href=\"https:\/\/www.cjvt.si\/llm4dh\/projektni-sklopi\/projektni-sklop-6\/#aktivnost-6.1\">6.1.2<\/a><\/td>\n<td>Primerjalni test razlage pragmati\u010dnega in asociativnega vedenja (M24).<\/td>\n<td>Podatkovna mno\u017eica<\/td>\n<td><\/td>\n<\/tr>\n<tr>\n<td><a href=\"https:\/\/www.cjvt.si\/llm4dh\/projektni-sklopi\/projektni-sklop-6\/#aktivnost-6.3\">6.3.1<\/a><\/td>\n<td>Detekcija pristranskosti za sloven\u0161\u010dino (M24).<\/td>\n<td>Podatkovna mno\u017eica<\/td>\n<td><\/td>\n<\/tr>\n<tr>\n<td><a href=\"https:\/\/www.cjvt.si\/llm4dh\/upravljanje-in-diseminacija\/#aktivnost-7.1\">7.1.2<\/a><\/td>\n<td>Letna poro\u010dila (M24).<\/td>\n<td>Poro\u010dilo<\/td>\n<td><\/td>\n<\/tr>\n<tr>\n<td colspan=\"4\"><strong>Oktober 2026<\/strong><\/td>\n<\/tr>\n<tr>\n<td><a href=\"https:\/\/www.cjvt.si\/llm4dh\/projektni-sklopi\/projektni-sklop-3\/#aktivnost-3.1\">3.1.3<\/a><\/td>\n<td>Ro\u010dne ve\u010dreferen\u010dne transkripcije za primerjalni govorni korpus (1 ura novih podatkov + 3 ure obstoje\u010dih podatkov, pridobljenih z avtomatsko prepoznavo govora) (M25).<\/td>\n<td>Podatkovna mno\u017eica<\/td>\n<td><\/td>\n<\/tr>\n<tr>\n<td colspan=\"4\"><strong>Marec 2027<\/strong><\/td>\n<\/tr>\n<tr>\n<td><a href=\"https:\/\/www.cjvt.si\/llm4dh\/projektni-sklopi\/projektni-sklop-1\/#aktivnost-1.2\">1.2.3<\/a><\/td>\n<td>Kon\u010dni izbolj\u0161ani veliki jezikovni model (M30).<\/td>\n<td>Model<\/td>\n<td><\/td>\n<\/tr>\n<tr>\n<td><a href=\"https:\/\/www.cjvt.si\/llm4dh\/projektni-sklopi\/projektni-sklop-3\/#aktivnost-3.2\">3.2.2<\/a><\/td>\n<td>Modeli za prepoznavanje govornih dejanj in sentimenta v govorjeni sloven\u0161\u010dini (M30).<\/td>\n<td>Model<\/td>\n<td><\/td>\n<\/tr>\n<tr>\n<td><a href=\"https:\/\/www.cjvt.si\/llm4dh\/projektni-sklopi\/projektni-sklop-4\/#aktivnost-4.3\">4.3.2<\/a><\/td>\n<td>Slikovno-jezikovni model, prilagojen za izbrane aktivnosti digitalne humantistike (M30).<\/td>\n<td>Model<\/td>\n<td><\/td>\n<\/tr>\n<tr>\n<td><a href=\"https:\/\/www.cjvt.si\/llm4dh\/projektni-sklopi\/projektni-sklop-6\/#aktivnost-6.2\">6.2.1<\/a><\/td>\n<td>Govorna mno\u017eica (4 ure) z anotacijami govornega dejanja in sentimenta (M30).<\/td>\n<td>Podatkovna mno\u017eica<\/td>\n<td><\/td>\n<\/tr>\n<tr>\n<td><a href=\"https:\/\/www.cjvt.si\/llm4dh\/projektni-sklopi\/projektni-sklop-6\/#aktivnost-6.3\">6.3.2<\/a><\/td>\n<td>Pristop odpravljanja pristranskosti za velike jezikovne modele (M30).<\/td>\n<td>Poro\u010dilo<\/td>\n<td><\/td>\n<\/tr>\n<tr>\n<td colspan=\"4\"><strong>September 2027<\/strong><\/td>\n<\/tr>\n<tr>\n<td><a href=\"https:\/\/www.cjvt.si\/llm4dh\/projektni-sklopi\/projektni-sklop-2\/#aktivnost-2.1\">2.1.2<\/a><\/td>\n<td><strong><em>\u00a0<\/em><\/strong>Digitalna slovarska baza z generiranimi eksikografskimi podatki \u2013 kon\u010dna razli\u010dica (M36).<\/td>\n<td>Drugo<\/td>\n<td><\/td>\n<\/tr>\n<tr>\n<td><a href=\"https:\/\/www.cjvt.si\/llm4dh\/projektni-sklopi\/projektni-sklop-2\/#aktivnost-2.3\">2.3.3<\/a><\/td>\n<td>Ve\u010djezi\u010dne in medjezi\u010dne slovni\u010dne analize (M36).<\/td>\n<td>Poro\u010dilo<\/td>\n<td><\/td>\n<\/tr>\n<tr>\n<td><a href=\"https:\/\/www.cjvt.si\/llm4dh\/projektni-sklopi\/projektni-sklop-3\/#aktivnost-3.1\">3.1.4<\/a><\/td>\n<td>Govorni korpus s posnetki pogovorov (M36).<\/td>\n<td>Baza podatkov<\/td>\n<td><\/td>\n<\/tr>\n<tr>\n<td><a href=\"https:\/\/www.cjvt.si\/llm4dh\/projektni-sklopi\/projektni-sklop-3\/#aktivnost-3.3\">3.3.1<\/a><\/td>\n<td>Baza posnetkov slovenskega govora s podatki, pridobljenimi iz javno dostopnih virov (najmanj 300 ur) (M36).<\/td>\n<td>Baza podatkov<\/td>\n<td><\/td>\n<\/tr>\n<tr>\n<td><a href=\"https:\/\/www.cjvt.si\/llm4dh\/projektni-sklopi\/projektni-sklop-3\/#aktivnost-3.4\">3.4.1<\/a><\/td>\n<td>Nova metoda za integracijo domensko specifi\u010dne avtomatske razpoznave govora v velike jezikovne modele za jezike z malo viri (M36).<\/td>\n<td>Program<\/td>\n<td><\/td>\n<\/tr>\n<tr>\n<td><a href=\"https:\/\/www.cjvt.si\/llm4dh\/projektni-sklopi\/projektni-sklop-5\/#aktivnost-5.1\">5.1.2<\/a><\/td>\n<td>Nove analize ideolo\u0161kih konceptov skozi zgodovino (M36).<\/td>\n<td>Poro\u010dilo<\/td>\n<td><\/td>\n<\/tr>\n<tr>\n<td><a href=\"https:\/\/www.cjvt.si\/llm4dh\/projektni-sklopi\/projektni-sklop-5\/#aktivnost-5.2\">5.2.2<\/a><\/td>\n<td>Nove analize ritualov re\u0161evanja sporov (M36).<\/td>\n<td>Poro\u010dilo<\/td>\n<td><\/td>\n<\/tr>\n<tr>\n<td><a href=\"https:\/\/www.cjvt.si\/llm4dh\/projektni-sklopi\/projektni-sklop-5\/#aktivnost-5.3\">5.3.2<\/a><\/td>\n<td>Sistem, temelje\u010d na RAG, za slovensko pravno podporo (M36).<\/td>\n<td>Drugo<\/td>\n<td><\/td>\n<\/tr>\n<tr>\n<td><a href=\"https:\/\/www.cjvt.si\/llm4dh\/projektni-sklopi\/projektni-sklop-6\/#aktivnost-6.2\">6.2.2<\/a><\/td>\n<td>Ve\u010dreferen\u010dna naloga avtomatske razpoznave govora, naloga procesiranja dialoga in sentimenta v govoru (M36).<\/td>\n<td>Poro\u010dilo<\/td>\n<td><\/td>\n<\/tr>\n<tr>\n<td><a href=\"https:\/\/www.cjvt.si\/llm4dh\/projektni-sklopi\/projektni-sklop-6\/#aktivnost-6.3\">6.3.3<\/a><\/td>\n<td>Analiza detekcije pristranskosti v govorjenem jeziku (M36).<\/td>\n<td>Poro\u010dilo<\/td>\n<td><\/td>\n<\/tr>\n<tr>\n<td><a href=\"https:\/\/www.cjvt.si\/llm4dh\/projektni-sklopi\/projektni-sklop-6\/#aktivnost-6.4\">6.4.1<\/a><\/td>\n<td>Nova metodologija za razlage na osnovi znanja za velike jezikovne modele (M36).<\/td>\n<td>Poro\u010dilo<\/td>\n<td><\/td>\n<\/tr>\n<tr>\n<td><a href=\"https:\/\/www.cjvt.si\/llm4dh\/upravljanje-in-diseminacija\/#aktivnost-7.1\">7.1.3<\/a><\/td>\n<td>Letna poro\u010dila (M36).<\/td>\n<td>Poro\u010dilo<\/td>\n<td><\/td>\n<\/tr>\n<tr>\n<td><a href=\"https:\/\/www.cjvt.si\/llm4dh\/upravljanje-in-diseminacija\/#aktivnost-7.3\">7.3.2<\/a><\/td>\n<td>Najmanj 40 konferenc\/oddanih publikacij (M36).<\/td>\n<td>Poro\u010dilo<\/td>\n<td><\/td>\n<\/tr>\n<tr>\n<td><a href=\"https:\/\/www.cjvt.si\/llm4dh\/upravljanje-in-diseminacija\/#aktivnost-7.3\">7.3.3<\/a><\/td>\n<td>Navedene aktivnosti (M36).<\/td>\n<td>Drugo<\/td>\n<td><\/td>\n<\/tr>\n<\/tbody>\n<\/table>\n<\/div><\/section><\/div>\n","protected":false},"excerpt":{"rendered":"","protected":false},"author":19,"featured_media":0,"parent":0,"menu_order":0,"comment_status":"closed","ping_status":"closed","template":"","meta":{"_acf_changed":false,"_relevanssi_hide_post":"","_relevanssi_hide_content":"","_relevanssi_pin_for_all":"","_relevanssi_pin_keywords":"","_relevanssi_unpin_keywords":"","_relevanssi_related_keywords":"","_relevanssi_related_include_ids":"","_relevanssi_related_exclude_ids":"","_relevanssi_related_no_append":"","_relevanssi_related_not_related":"","_relevanssi_related_posts":"","_relevanssi_noindex_reason":"","inline_featured_image":false,"episode_type":"","audio_file":"","podmotor_file_id":"","podmotor_episode_id":"","cover_image":"","cover_image_id":"","duration":"","filesize":"","filesize_raw":"","date_recorded":"","explicit":"","block":"","itunes_episode_number":"","itunes_title":"","itunes_season_number":"","itunes_episode_type":"","footnotes":""},"class_list":["post-1378","page","type-page","status-publish","hentry"],"acf":[],"yoast_head":"<!-- This site is optimized with the Yoast SEO plugin v27.3 - https:\/\/yoast.com\/product\/yoast-seo-wordpress\/ -->\n<title>Kazalniki - LLM4DH<\/title>\n<meta name=\"robots\" content=\"index, follow, max-snippet:-1, max-image-preview:large, max-video-preview:-1\" \/>\n<link rel=\"canonical\" href=\"https:\/\/www.cjvt.si\/llm4dh\/kazalniki\/\" \/>\n<meta property=\"og:locale\" content=\"sl_SI\" \/>\n<meta property=\"og:type\" content=\"article\" \/>\n<meta property=\"og:title\" content=\"Kazalniki - LLM4DH\" \/>\n<meta property=\"og:url\" content=\"https:\/\/www.cjvt.si\/llm4dh\/kazalniki\/\" \/>\n<meta property=\"og:site_name\" content=\"LLM4DH\" \/>\n<meta property=\"article:modified_time\" content=\"2026-04-09T06:32:34+00:00\" \/>\n<meta name=\"twitter:card\" content=\"summary_large_image\" \/>\n<meta name=\"twitter:label1\" content=\"Est. reading time\" \/>\n\t<meta name=\"twitter:data1\" content=\"5 minut\" \/>\n<script type=\"application\/ld+json\" class=\"yoast-schema-graph\">{\"@context\":\"https:\\\/\\\/schema.org\",\"@graph\":[{\"@type\":\"WebPage\",\"@id\":\"https:\\\/\\\/www.cjvt.si\\\/llm4dh\\\/kazalniki\\\/\",\"url\":\"https:\\\/\\\/www.cjvt.si\\\/llm4dh\\\/kazalniki\\\/\",\"name\":\"Kazalniki - LLM4DH\",\"isPartOf\":{\"@id\":\"https:\\\/\\\/www.cjvt.si\\\/llm4dh\\\/#website\"},\"datePublished\":\"2025-04-08T12:19:18+00:00\",\"dateModified\":\"2026-04-09T06:32:34+00:00\",\"breadcrumb\":{\"@id\":\"https:\\\/\\\/www.cjvt.si\\\/llm4dh\\\/kazalniki\\\/#breadcrumb\"},\"inLanguage\":\"sl-SI\",\"potentialAction\":[{\"@type\":\"ReadAction\",\"target\":[\"https:\\\/\\\/www.cjvt.si\\\/llm4dh\\\/kazalniki\\\/\"]}]},{\"@type\":\"BreadcrumbList\",\"@id\":\"https:\\\/\\\/www.cjvt.si\\\/llm4dh\\\/kazalniki\\\/#breadcrumb\",\"itemListElement\":[{\"@type\":\"ListItem\",\"position\":1,\"name\":\"Home\",\"item\":\"https:\\\/\\\/www.cjvt.si\\\/llm4dh\\\/\"},{\"@type\":\"ListItem\",\"position\":2,\"name\":\"Kazalniki\"}]},{\"@type\":\"WebSite\",\"@id\":\"https:\\\/\\\/www.cjvt.si\\\/llm4dh\\\/#website\",\"url\":\"https:\\\/\\\/www.cjvt.si\\\/llm4dh\\\/\",\"name\":\"LLM4DH\",\"description\":\"Work site\",\"potentialAction\":[{\"@type\":\"SearchAction\",\"target\":{\"@type\":\"EntryPoint\",\"urlTemplate\":\"https:\\\/\\\/www.cjvt.si\\\/llm4dh\\\/?s={search_term_string}\"},\"query-input\":{\"@type\":\"PropertyValueSpecification\",\"valueRequired\":true,\"valueName\":\"search_term_string\"}}],\"inLanguage\":\"sl-SI\"}]}<\/script>\n<!-- \/ Yoast SEO plugin. -->","yoast_head_json":{"title":"Kazalniki - LLM4DH","robots":{"index":"index","follow":"follow","max-snippet":"max-snippet:-1","max-image-preview":"max-image-preview:large","max-video-preview":"max-video-preview:-1"},"canonical":"https:\/\/www.cjvt.si\/llm4dh\/kazalniki\/","og_locale":"sl_SI","og_type":"article","og_title":"Kazalniki - LLM4DH","og_url":"https:\/\/www.cjvt.si\/llm4dh\/kazalniki\/","og_site_name":"LLM4DH","article_modified_time":"2026-04-09T06:32:34+00:00","twitter_card":"summary_large_image","twitter_misc":{"Est. reading time":"5 minut"},"schema":{"@context":"https:\/\/schema.org","@graph":[{"@type":"WebPage","@id":"https:\/\/www.cjvt.si\/llm4dh\/kazalniki\/","url":"https:\/\/www.cjvt.si\/llm4dh\/kazalniki\/","name":"Kazalniki - LLM4DH","isPartOf":{"@id":"https:\/\/www.cjvt.si\/llm4dh\/#website"},"datePublished":"2025-04-08T12:19:18+00:00","dateModified":"2026-04-09T06:32:34+00:00","breadcrumb":{"@id":"https:\/\/www.cjvt.si\/llm4dh\/kazalniki\/#breadcrumb"},"inLanguage":"sl-SI","potentialAction":[{"@type":"ReadAction","target":["https:\/\/www.cjvt.si\/llm4dh\/kazalniki\/"]}]},{"@type":"BreadcrumbList","@id":"https:\/\/www.cjvt.si\/llm4dh\/kazalniki\/#breadcrumb","itemListElement":[{"@type":"ListItem","position":1,"name":"Home","item":"https:\/\/www.cjvt.si\/llm4dh\/"},{"@type":"ListItem","position":2,"name":"Kazalniki"}]},{"@type":"WebSite","@id":"https:\/\/www.cjvt.si\/llm4dh\/#website","url":"https:\/\/www.cjvt.si\/llm4dh\/","name":"LLM4DH","description":"Work site","potentialAction":[{"@type":"SearchAction","target":{"@type":"EntryPoint","urlTemplate":"https:\/\/www.cjvt.si\/llm4dh\/?s={search_term_string}"},"query-input":{"@type":"PropertyValueSpecification","valueRequired":true,"valueName":"search_term_string"}}],"inLanguage":"sl-SI"}]}},"_links":{"self":[{"href":"https:\/\/www.cjvt.si\/llm4dh\/wp-json\/wp\/v2\/pages\/1378","targetHints":{"allow":["GET"]}}],"collection":[{"href":"https:\/\/www.cjvt.si\/llm4dh\/wp-json\/wp\/v2\/pages"}],"about":[{"href":"https:\/\/www.cjvt.si\/llm4dh\/wp-json\/wp\/v2\/types\/page"}],"author":[{"embeddable":true,"href":"https:\/\/www.cjvt.si\/llm4dh\/wp-json\/wp\/v2\/users\/19"}],"replies":[{"embeddable":true,"href":"https:\/\/www.cjvt.si\/llm4dh\/wp-json\/wp\/v2\/comments?post=1378"}],"version-history":[{"count":35,"href":"https:\/\/www.cjvt.si\/llm4dh\/wp-json\/wp\/v2\/pages\/1378\/revisions"}],"predecessor-version":[{"id":2170,"href":"https:\/\/www.cjvt.si\/llm4dh\/wp-json\/wp\/v2\/pages\/1378\/revisions\/2170"}],"wp:attachment":[{"href":"https:\/\/www.cjvt.si\/llm4dh\/wp-json\/wp\/v2\/media?parent=1378"}],"curies":[{"name":"wp","href":"https:\/\/api.w.org\/{rel}","templated":true}]}}