{"id":1567,"date":"2025-05-14T10:51:28","date_gmt":"2025-05-14T08:51:28","guid":{"rendered":"https:\/\/www.cjvt.si\/llm4dh\/?page_id=1567"},"modified":"2025-05-15T15:37:29","modified_gmt":"2025-05-15T13:37:29","slug":"upravljanje-in-diseminacija","status":"publish","type":"page","link":"https:\/\/www.cjvt.si\/llm4dh\/upravljanje-in-diseminacija\/","title":{"rendered":"Delovni sklop 7: Upravljanje in diseminacija"},"content":{"rendered":"<div class=\"flex_column av_one_full  no_margin flex_column_div av-zero-column-padding first  avia-builder-el-0  el_before_av_one_full  avia-builder-el-first  \" style='margin-top:0px; margin-bottom:30px; border-radius:0px; '><section class=\"av_textblock_section \"  itemscope=\"itemscope\" itemtype=\"https:\/\/schema.org\/CreativeWork\" ><div class='avia_textblock  '   itemprop=\"text\" ><h1><strong>Delovni sklop 7: Upravljanje in diseminacija<\/strong><\/h1>\n<\/div><\/section><\/div>\n<div class=\"flex_column av_one_full  no_margin flex_column_div av-zero-column-padding first  avia-builder-el-2  el_after_av_one_full  el_before_av_tab_section  avia-builder-el-last  column-top-margin\" style='margin-top:0px; margin-bottom:30px; border-radius:0px; '><section class=\"av_textblock_section \"  itemscope=\"itemscope\" itemtype=\"https:\/\/schema.org\/CreativeWork\" ><div class='avia_textblock  '   itemprop=\"text\" ><p><span style=\"font-weight: 400;\">Ta delovni sklop je namenjen usklajevanju in spremljanju napredka projekta, vklju\u010dno z upravljanjem eti\u010dnih vpra\u0161anj, tveganj in zagotavljanjem kakovosti. Poseben poudarek je na ravnanju z raziskovalnimi podatki v skladu z na\u010deli odprte znanosti. Poleg tega ta projektni sklop skrbi za dejavnosti komuniciranja, diseminacije in eksploatacije, s ciljem pove\u010dati prepoznavnost projekta med razli\u010dnimi dele\u017eniki.<\/span><\/p>\n<\/div><\/section><\/div><\/div><\/div><\/div><!-- close content main div --><\/div><\/div><div id='av-tab-section-1'  class='av-tab-section-container entry-content-wrapper main_color av-tab-no-transition   av-tab-above-content  avia-builder-el-4  el_after_av_one_full  avia-builder-el-last  submenu-not-first container_wrap fullsize' style=' '  ><div class='av-tab-section-outer-container'><div class='av-tab-section-tab-title-container avia-tab-title-padding-default ' ><a href='#aktivnost-7.1' data-av-tab-section-title='1' class='av-section-tab-title av-active-tab-title no-scroll av-tab-no-icon av-tab-no-image  '><span class='av-outer-tab-title'><span class='av-inner-tab-title'>Aktivnost 7.1<\/span><\/span><span class='av-tab-arrow-container'><span><\/span><\/span><\/a><a href='#aktivnost-7.2' data-av-tab-section-title='2' class='av-section-tab-title  av-tab-no-icon av-tab-no-image  '><span class='av-outer-tab-title'><span class='av-inner-tab-title'>Aktivnost 7.2<\/span><\/span><span class='av-tab-arrow-container'><span><\/span><\/span><\/a><a href='#aktivnost-7.3' data-av-tab-section-title='3' class='av-section-tab-title  av-tab-no-icon av-tab-no-image  '><span class='av-outer-tab-title'><span class='av-inner-tab-title'>Aktivnost 7.3<\/span><\/span><span class='av-tab-arrow-container'><span><\/span><\/span><\/a><a href='#letna-poroila' data-av-tab-section-title='4' class='av-section-tab-title  av-tab-no-icon av-tab-no-image  '><span class='av-outer-tab-title'><span class='av-inner-tab-title'>Letna poro\u010dila<\/span><\/span><span class='av-tab-arrow-container'><span><\/span><\/span><\/a><\/div><div class='av-tab-section-inner-container avia-section-default' style='width:400vw; left:0%;'><span class='av_prev_tab_section av_tab_navigation'><\/span><span class='av_next_tab_section av_tab_navigation'><\/span>\n<div data-av-tab-section-content=\"1\" class=\"av-layout-tab av-animation-delay-container av-active-tab-content __av_init_open  avia-builder-el-5  el_before_av_tab_sub_section  avia-builder-el-first   \" style='vertical-align:middle; '  data-tab-section-id=\"aktivnost-7.1\"><div class='av-layout-tab-inner'><div class='container'><section class=\"av_textblock_section \"  itemscope=\"itemscope\" itemtype=\"https:\/\/schema.org\/CreativeWork\" ><div class='avia_textblock  '   itemprop=\"text\" ><h3><strong><em>Aktivnost 7.1: Koordinacija in spremljanje projekta<\/em><\/strong><\/h3>\n<\/div><\/section><br \/>\n<section class=\"av_textblock_section \"  itemscope=\"itemscope\" itemtype=\"https:\/\/schema.org\/CreativeWork\" ><div class='avia_textblock  '   itemprop=\"text\" ><section class=\"av_textblock_section \">\n<div class=\"avia_textblock \">\n<p><span style=\"font-weight: 400;\">Ta aktivnost se nana\u0161a splo\u0161no koordinacijo projekta, komunikacijo z ARIS-om in spremljanjem napredka. Znotraj te aktivnosti bomo organizirali sestanek ob za\u010detku projekta in redne mese\u010dne sestanke projektnega upravnega odbora, ki ga sestavlja 7 nosilcev in nosilk projektnih aktivnosti. Vodja projekta bo skupaj s podporno ekipo zagotovil, da so vsi izro\u010dki pregledani in dostavljeni pravo\u010dasno. Poleg tega bo ta projektna aktivnost skrbela za upravljanje s financami in pravo\u010dasnimi povra\u010dili stro\u0161kov glede na sredstva ter skrbela za potrebno dokumentacijo. <\/span><\/p>\n<\/div>\n<\/section>\n<section class=\"av_textblock_section \">\n<div class=\"avia_textblock \"><\/div>\n<\/section>\n<\/div><\/section><br \/>\n<div class=\"flex_column av_one_fifth  flex_column_div av-zero-column-padding first  avia-builder-el-8  el_after_av_textblock  el_before_av_four_fifth  column-top-margin\" style='border-radius:0px; '><span  class=\"av_font_icon avia_animate_when_visible avia-icon-animate  av-icon-style-  av-no-color avia-icon-pos-left \" style=\"\"><span class='av-icon-char' style='font-size:40px;line-height:40px;' aria-hidden='true' data-av_icon='\ue810' data-av_iconfont='entypo-fontello' ><\/span><\/span><\/div><div class=\"flex_column av_four_fifth  flex_column_div av-zero-column-padding   avia-builder-el-10  el_after_av_one_fifth  avia-builder-el-last  column-top-margin\" style='border-radius:0px; '><section class=\"av_textblock_section \"  itemscope=\"itemscope\" itemtype=\"https:\/\/schema.org\/CreativeWork\" ><div class='avia_textblock  '   itemprop=\"text\" ><p><strong><em>Kazalniki 7.1.: Letna poro\u010dila (M12, M24, M36).<\/em><\/strong><\/p>\n<\/div><\/section><\/div><\/p>\n<\/div><\/div><\/div><div data-av-tab-section-content=\"2\" class=\"av-layout-tab av-animation-delay-container   avia-builder-el-12  el_after_av_tab_sub_section  el_before_av_tab_sub_section   \" style='vertical-align:middle; '  data-tab-section-id=\"aktivnost-7.2\"><div class='av-layout-tab-inner'><div class='container'><section class=\"av_textblock_section \"  itemscope=\"itemscope\" itemtype=\"https:\/\/schema.org\/CreativeWork\" ><div class='avia_textblock  '   itemprop=\"text\" ><h3><strong><em>Aktivnost 7.2: Upravljanje etike, kakovosti, tveganj in podatkov<\/em><\/strong><\/h3>\n<\/div><\/section><br \/>\n<section class=\"av_textblock_section \"  itemscope=\"itemscope\" itemtype=\"https:\/\/schema.org\/CreativeWork\" ><div class='avia_textblock  '   itemprop=\"text\" ><section class=\"av_textblock_section \">\n<div class=\"avia_textblock \">\n<p><span style=\"font-weight: 400;\">Projekt bo spo\u0161toval kodeks raziskovalne etike, ki je opredeljen v Evropskem kodeksu ravnanja za raziskovalno integriteto, nacionalni Kodeks ravnanja za raziskovalno integriteto in Eti\u010dni kodeks Univerze v Ljubljani.\u00a0<\/span><span style=\"font-weight: 400;\">V sklopu te projektne aktivnosti bomo odrejali odobritve in nadzorovali etiko v raziskovanju in uporabi velikih jezikovnih modelov.\u00a0<\/span><span style=\"font-weight: 400;\">S tem bomo pove\u010dali zavedanje o eti\u010dnih dilemah znotraj raziskovalnega konzorcija. Proaktivno bomo spremljali napredek in vsak izro\u010dek bodo preverile osebe, ki niso neposredno vklju\u010dene v njegov nastanek. Z upravljanjem tveganj bomo nadzorovali definirana kriti\u010dna tveganja posameznega delovnega sklopa.<\/span><\/p>\n<p><span style=\"font-weight: 400;\">V na\u010drtu za ravnanje z raziskovalnimi podatki bomo opredelili razli\u010dne vidike upravljanja s podatki, ustvarjanja metapodatkov in njihovega shranjevanja. V skladu z na\u010deli odprte znanosti bomo spodbujali objavljanje pod odprtimi licencami, obenem pa zagotovili previdno ravnanje z osebnimi in zaupnimi podatki. Prav tako bomo zagotovili kakovostno upravljanje s podatki in jih pripravili za dolgoro\u010dno hrambo. Ta na\u010drt bomo po potrebi sproti posodabljali.<\/span><\/p>\n<\/div>\n<\/section>\n<\/div><\/section><br \/>\n<div class=\"flex_column av_one_fifth  flex_column_div av-zero-column-padding first  avia-builder-el-15  el_after_av_textblock  el_before_av_four_fifth  column-top-margin\" style='border-radius:0px; '><span  class=\"av_font_icon avia_animate_when_visible avia-icon-animate  av-icon-style-  av-no-color avia-icon-pos-left \" style=\"\"><span class='av-icon-char' style='font-size:40px;line-height:40px;' aria-hidden='true' data-av_icon='\ue810' data-av_iconfont='entypo-fontello' ><\/span><\/span><\/div><div class=\"flex_column av_four_fifth  flex_column_div av-zero-column-padding   avia-builder-el-17  el_after_av_one_fifth  avia-builder-el-last  column-top-margin\" style='border-radius:0px; '><section class=\"av_textblock_section \"  itemscope=\"itemscope\" itemtype=\"https:\/\/schema.org\/CreativeWork\" ><div class='avia_textblock  '   itemprop=\"text\" ><section class=\"av_textblock_section \">\n<div class=\"avia_textblock \"><\/div>\n<\/section>\n<section class=\"av_textblock_section \">\n<div class=\"avia_textblock \">\n<p><strong><em>Kazalniki 7.2: Na\u010drt ravnanja z raziskovalnimi podatki (M6). Aktivnosti za spremljanje etike, kakovosti in tveganj (M1-M36).<br \/>\n<\/em><\/strong><\/p>\n<\/div>\n<\/section>\n<\/div><\/section><\/div><\/p>\n<\/div><\/div><\/div><div data-av-tab-section-content=\"3\" class=\"av-layout-tab av-animation-delay-container   avia-builder-el-19  el_after_av_tab_sub_section  el_before_av_tab_sub_section   \" style='vertical-align:middle; '  data-tab-section-id=\"aktivnost-7.3\"><div class='av-layout-tab-inner'><div class='container'><section class=\"av_textblock_section \"  itemscope=\"itemscope\" itemtype=\"https:\/\/schema.org\/CreativeWork\" ><div class='avia_textblock  '   itemprop=\"text\" ><h3><strong><em>Aktivnost 7.3: Komunikacija, diseminacija in eksploatacija<br \/>\n<\/em><\/strong><\/h3>\n<\/div><\/section><br \/>\n<section class=\"av_textblock_section \"  itemscope=\"itemscope\" itemtype=\"https:\/\/schema.org\/CreativeWork\" ><div class='avia_textblock  '   itemprop=\"text\" ><section class=\"av_textblock_section \">\n<div class=\"avia_textblock \">\n<p><span style=\"font-weight: 400;\">Ciljne skupine projektne komunikacije in diseminacije vklju\u010dujejo raziskovalno skupnost, \u0161tudente, u\u010ditelje, zakonodajalce, dele\u017enike v industriji in splo\u0161no javnost.\u00a0<\/span><span style=\"font-weight: 400;\">Akademska diseminacija bo obsegala objavljanje raziskovalnih ugotovitev v znanstvenih revijah z visokim faktorjem vpliva in predstavitve na mednarodnih konferencah in delavnicah.\u00a0<\/span><span style=\"font-weight: 400;\">Za vsako projektno aktivnost pri\u010dakujemo en oddan \u010dlanek in eno predstavitev na konferenci, kar skupno obsega 40 objav.\u00a0<\/span><span style=\"font-weight: 400;\">Zasledovali bomo izmenjavo znanja prek COST akcij, iniciative EUTOPIA in raziskovalnih infrastruktur, kot sta CLARIN in Dariah.\u00a0<\/span><span style=\"font-weight: 400;\">Za dosego \u0161tudentov in u\u010diteljev bomo organizirali webinarje in vabljena predavanja, vklju\u010dno s poletnimi in zimskimi \u0161olami, kot so ESSLLI, ESSAI, ACAI in poletne \u0161ole iz podro\u010dja prava in tehnologije. <\/span><span style=\"font-weight: 400;\">Vsa u\u010dna gradiva bodo na voljo na spletu. Predavanja bomo snemali in delili na portalu Videolectures.\u00a0<\/span><span style=\"font-weight: 400;\">Poleg tega bomo pripravili priporo\u010dila za zakonodajalce in organizirali okrogle mize. Namen je informirati zakonodajalce in dele\u017enike v industriji o vplivu in implikacijah na\u0161ih raziskav.\u00a0<\/span><\/p>\n<p><span style=\"font-weight: 400;\">Za komunikacijo s splo\u0161no javnostjo bomo uporabili razli\u010dne medijske kanale. Cilj je raziskovalne aktivnosti narediti dostopne in zanimive. Slednje bomo dosegli s pomo\u010djo informativnih in vizualno privla\u010dnih vsebin na dru\u017ebenih omre\u017ejih in sodelovanja na javnih dogodkih za promocijo znanosti.\u00a0<\/span><span style=\"font-weight: 400;\">Pripravili bomo gradivo za medije in iskali prilo\u017enosti za medijsko vidnost projekta. Za diseminacijo in komunikacijo bomo uporabili obstoje\u010do infrastrukturo in PR slu\u017ebe projektnega konzorcija. Komunikacijske aktivnosti so podrobneje predstavljene v Na\u010drtu za komunikacijo, diseminacijo in eksploatacijo.\u00a0<\/span><\/p>\n<\/div>\n<\/section>\n<section class=\"av_textblock_section \">\n<div class=\"avia_textblock \"><\/div>\n<\/section>\n<\/div><\/section><br \/>\n<div class=\"flex_column av_one_fifth  flex_column_div av-zero-column-padding first  avia-builder-el-22  el_after_av_textblock  el_before_av_four_fifth  column-top-margin\" style='border-radius:0px; '><span  class=\"av_font_icon avia_animate_when_visible avia-icon-animate  av-icon-style-  av-no-color avia-icon-pos-left \" style=\"\"><span class='av-icon-char' style='font-size:40px;line-height:40px;' aria-hidden='true' data-av_icon='\ue810' data-av_iconfont='entypo-fontello' ><\/span><\/span><\/div><div class=\"flex_column av_four_fifth  flex_column_div av-zero-column-padding   avia-builder-el-24  el_after_av_one_fifth  avia-builder-el-last  column-top-margin\" style='border-radius:0px; '><section class=\"av_textblock_section \"  itemscope=\"itemscope\" itemtype=\"https:\/\/schema.org\/CreativeWork\" ><div class='avia_textblock  '   itemprop=\"text\" ><section class=\"av_textblock_section \">\n<div class=\"avia_textblock \"><\/div>\n<\/section>\n<section class=\"av_textblock_section \">\n<div class=\"avia_textblock \">\n<h3><em><strong>Kazalniki: 7.3 Na\u010drt za komunikacijo, diseminacijo in eksploatacijo (M4). Vsaj 40 oddanih prijav na konference in oddanih znanstvenih \u010dlankov (M36). Zgoraj omenjene aktivnosti (M36).<\/strong><\/em><\/h3>\n<\/div>\n<\/section>\n<\/div><\/section><\/div><\/p>\n<\/div><\/div><\/div><div data-av-tab-section-content=\"4\" class=\"av-layout-tab av-animation-delay-container   avia-builder-el-26  el_after_av_tab_sub_section  avia-builder-el-last   \" style='vertical-align:middle; '  data-tab-section-id=\"letna-poroila\"><div class='av-layout-tab-inner'><div class='container'><\/div><\/div><\/div>\n<\/div><\/div><\/div><\/p>\n","protected":false},"excerpt":{"rendered":"","protected":false},"author":19,"featured_media":0,"parent":0,"menu_order":0,"comment_status":"closed","ping_status":"closed","template":"","meta":{"_acf_changed":false,"_relevanssi_hide_post":"","_relevanssi_hide_content":"","_relevanssi_pin_for_all":"","_relevanssi_pin_keywords":"","_relevanssi_unpin_keywords":"","_relevanssi_related_keywords":"","_relevanssi_related_include_ids":"","_relevanssi_related_exclude_ids":"","_relevanssi_related_no_append":"","_relevanssi_related_not_related":"","_relevanssi_related_posts":"","_relevanssi_noindex_reason":"","inline_featured_image":false,"episode_type":"","audio_file":"","podmotor_file_id":"","podmotor_episode_id":"","cover_image":"","cover_image_id":"","duration":"","filesize":"","filesize_raw":"","date_recorded":"","explicit":"","block":"","itunes_episode_number":"","itunes_title":"","itunes_season_number":"","itunes_episode_type":"","footnotes":""},"class_list":["post-1567","page","type-page","status-publish","hentry"],"acf":[],"yoast_head":"<!-- This site is optimized with the Yoast SEO plugin v27.3 - https:\/\/yoast.com\/product\/yoast-seo-wordpress\/ -->\n<title>Delovni sklop 7: Upravljanje in diseminacija - LLM4DH<\/title>\n<meta name=\"robots\" content=\"index, follow, max-snippet:-1, max-image-preview:large, max-video-preview:-1\" \/>\n<link rel=\"canonical\" href=\"https:\/\/www.cjvt.si\/llm4dh\/upravljanje-in-diseminacija\/\" \/>\n<meta property=\"og:locale\" content=\"sl_SI\" \/>\n<meta property=\"og:type\" content=\"article\" \/>\n<meta property=\"og:title\" content=\"Delovni sklop 7: Upravljanje in diseminacija - LLM4DH\" \/>\n<meta property=\"og:url\" content=\"https:\/\/www.cjvt.si\/llm4dh\/upravljanje-in-diseminacija\/\" \/>\n<meta property=\"og:site_name\" content=\"LLM4DH\" \/>\n<meta property=\"article:modified_time\" content=\"2025-05-15T13:37:29+00:00\" \/>\n<meta name=\"twitter:card\" content=\"summary_large_image\" \/>\n<meta name=\"twitter:label1\" content=\"Est. reading time\" \/>\n\t<meta name=\"twitter:data1\" content=\"7 minut\" \/>\n<script type=\"application\/ld+json\" class=\"yoast-schema-graph\">{\"@context\":\"https:\\\/\\\/schema.org\",\"@graph\":[{\"@type\":\"WebPage\",\"@id\":\"https:\\\/\\\/www.cjvt.si\\\/llm4dh\\\/upravljanje-in-diseminacija\\\/\",\"url\":\"https:\\\/\\\/www.cjvt.si\\\/llm4dh\\\/upravljanje-in-diseminacija\\\/\",\"name\":\"Delovni sklop 7: Upravljanje in diseminacija - LLM4DH\",\"isPartOf\":{\"@id\":\"https:\\\/\\\/www.cjvt.si\\\/llm4dh\\\/#website\"},\"datePublished\":\"2025-05-14T08:51:28+00:00\",\"dateModified\":\"2025-05-15T13:37:29+00:00\",\"breadcrumb\":{\"@id\":\"https:\\\/\\\/www.cjvt.si\\\/llm4dh\\\/upravljanje-in-diseminacija\\\/#breadcrumb\"},\"inLanguage\":\"sl-SI\",\"potentialAction\":[{\"@type\":\"ReadAction\",\"target\":[\"https:\\\/\\\/www.cjvt.si\\\/llm4dh\\\/upravljanje-in-diseminacija\\\/\"]}]},{\"@type\":\"BreadcrumbList\",\"@id\":\"https:\\\/\\\/www.cjvt.si\\\/llm4dh\\\/upravljanje-in-diseminacija\\\/#breadcrumb\",\"itemListElement\":[{\"@type\":\"ListItem\",\"position\":1,\"name\":\"Home\",\"item\":\"https:\\\/\\\/www.cjvt.si\\\/llm4dh\\\/\"},{\"@type\":\"ListItem\",\"position\":2,\"name\":\"Delovni sklop 7: Upravljanje in diseminacija\"}]},{\"@type\":\"WebSite\",\"@id\":\"https:\\\/\\\/www.cjvt.si\\\/llm4dh\\\/#website\",\"url\":\"https:\\\/\\\/www.cjvt.si\\\/llm4dh\\\/\",\"name\":\"LLM4DH\",\"description\":\"Work site\",\"potentialAction\":[{\"@type\":\"SearchAction\",\"target\":{\"@type\":\"EntryPoint\",\"urlTemplate\":\"https:\\\/\\\/www.cjvt.si\\\/llm4dh\\\/?s={search_term_string}\"},\"query-input\":{\"@type\":\"PropertyValueSpecification\",\"valueRequired\":true,\"valueName\":\"search_term_string\"}}],\"inLanguage\":\"sl-SI\"}]}<\/script>\n<!-- \/ Yoast SEO plugin. -->","yoast_head_json":{"title":"Delovni sklop 7: Upravljanje in diseminacija - LLM4DH","robots":{"index":"index","follow":"follow","max-snippet":"max-snippet:-1","max-image-preview":"max-image-preview:large","max-video-preview":"max-video-preview:-1"},"canonical":"https:\/\/www.cjvt.si\/llm4dh\/upravljanje-in-diseminacija\/","og_locale":"sl_SI","og_type":"article","og_title":"Delovni sklop 7: Upravljanje in diseminacija - LLM4DH","og_url":"https:\/\/www.cjvt.si\/llm4dh\/upravljanje-in-diseminacija\/","og_site_name":"LLM4DH","article_modified_time":"2025-05-15T13:37:29+00:00","twitter_card":"summary_large_image","twitter_misc":{"Est. reading time":"7 minut"},"schema":{"@context":"https:\/\/schema.org","@graph":[{"@type":"WebPage","@id":"https:\/\/www.cjvt.si\/llm4dh\/upravljanje-in-diseminacija\/","url":"https:\/\/www.cjvt.si\/llm4dh\/upravljanje-in-diseminacija\/","name":"Delovni sklop 7: Upravljanje in diseminacija - LLM4DH","isPartOf":{"@id":"https:\/\/www.cjvt.si\/llm4dh\/#website"},"datePublished":"2025-05-14T08:51:28+00:00","dateModified":"2025-05-15T13:37:29+00:00","breadcrumb":{"@id":"https:\/\/www.cjvt.si\/llm4dh\/upravljanje-in-diseminacija\/#breadcrumb"},"inLanguage":"sl-SI","potentialAction":[{"@type":"ReadAction","target":["https:\/\/www.cjvt.si\/llm4dh\/upravljanje-in-diseminacija\/"]}]},{"@type":"BreadcrumbList","@id":"https:\/\/www.cjvt.si\/llm4dh\/upravljanje-in-diseminacija\/#breadcrumb","itemListElement":[{"@type":"ListItem","position":1,"name":"Home","item":"https:\/\/www.cjvt.si\/llm4dh\/"},{"@type":"ListItem","position":2,"name":"Delovni sklop 7: Upravljanje in diseminacija"}]},{"@type":"WebSite","@id":"https:\/\/www.cjvt.si\/llm4dh\/#website","url":"https:\/\/www.cjvt.si\/llm4dh\/","name":"LLM4DH","description":"Work site","potentialAction":[{"@type":"SearchAction","target":{"@type":"EntryPoint","urlTemplate":"https:\/\/www.cjvt.si\/llm4dh\/?s={search_term_string}"},"query-input":{"@type":"PropertyValueSpecification","valueRequired":true,"valueName":"search_term_string"}}],"inLanguage":"sl-SI"}]}},"_links":{"self":[{"href":"https:\/\/www.cjvt.si\/llm4dh\/wp-json\/wp\/v2\/pages\/1567","targetHints":{"allow":["GET"]}}],"collection":[{"href":"https:\/\/www.cjvt.si\/llm4dh\/wp-json\/wp\/v2\/pages"}],"about":[{"href":"https:\/\/www.cjvt.si\/llm4dh\/wp-json\/wp\/v2\/types\/page"}],"author":[{"embeddable":true,"href":"https:\/\/www.cjvt.si\/llm4dh\/wp-json\/wp\/v2\/users\/19"}],"replies":[{"embeddable":true,"href":"https:\/\/www.cjvt.si\/llm4dh\/wp-json\/wp\/v2\/comments?post=1567"}],"version-history":[{"count":3,"href":"https:\/\/www.cjvt.si\/llm4dh\/wp-json\/wp\/v2\/pages\/1567\/revisions"}],"predecessor-version":[{"id":1616,"href":"https:\/\/www.cjvt.si\/llm4dh\/wp-json\/wp\/v2\/pages\/1567\/revisions\/1616"}],"wp:attachment":[{"href":"https:\/\/www.cjvt.si\/llm4dh\/wp-json\/wp\/v2\/media?parent=1567"}],"curies":[{"name":"wp","href":"https:\/\/api.w.org\/{rel}","templated":true}]}}