{"id":1768,"date":"2025-09-04T10:31:31","date_gmt":"2025-09-04T08:31:31","guid":{"rendered":"https:\/\/www.cjvt.si\/llm4dh\/?page_id=1768"},"modified":"2025-12-09T10:28:38","modified_gmt":"2025-12-09T09:28:38","slug":"slovar-sopomenk-sodobne-slovenscine","status":"publish","type":"page","link":"https:\/\/www.cjvt.si\/llm4dh\/od-obcanske-znanosti-do-digitalne-slovarske-baze\/","title":{"rendered":"Od ob\u010danske znanosti do digitalne slovarske baze"},"content":{"rendered":"<div class=\"flex_column av_one_full  flex_column_div av-zero-column-padding first  avia-builder-el-0  el_before_av_one_full  avia-builder-el-first  \" style='border-radius:0px; '><section class=\"av_textblock_section \"  itemscope=\"itemscope\" itemtype=\"https:\/\/schema.org\/CreativeWork\" ><div class='avia_textblock  '   itemprop=\"text\" ><h1>Od ob\u010danske znanosti do digitalne slovarske baze<\/h1>\n<\/div><\/section><\/div><div class=\"flex_column av_one_full  flex_column_div av-zero-column-padding first  avia-builder-el-2  el_after_av_one_full  el_before_av_button  column-top-margin\" style='border-radius:0px; '><section class=\"av_textblock_section \"  itemscope=\"itemscope\" itemtype=\"https:\/\/schema.org\/CreativeWork\" ><div class='avia_textblock  '   itemprop=\"text\" ><p><span style=\"font-weight: 400;\">V okviru projekta Od ob\u010danske znanosti do digitalne slovarske baze bomo prispevke sopomenk, ki so jih prispevali ob\u010dani, leksikografsko validirali in integrirali v Digitalno slovarsko bazo za sloven\u0161\u010dino. Sopomenke in protipomenke bodo pregledali in validirali leksikografi, ki bodo poskrbeli, da morebitni problemati\u010dni vnosi (npr. sovra\u017eni ali zlonamerni predlogi) ne bodo vklju\u010deni v Digitalno slovarsko bazo za sloven\u0161\u010dino. Za zagotovitev natan\u010dnosti in jasnosti bomo uporabili ustrezne slovarske oznake, ki so klju\u010dne zlasti pri obravnavi ob\u010dutljivega ali negativno zaznamovanega besedi\u0161\u010da. Tak pristop ohranja bogastvo in raznolikost jezika ter hkrati premi\u0161ljeno in spo\u0161tljivo naslavlja morebitne ob\u010dutljive vsebine. Pre\u010di\u0161\u010dene podatke bomo integrirali v Digitalno slovarsko bazo za sloven\u0161\u010dino, s \u010dimer se bo pomembno pove\u010dala njena vrednost za projekt Veliki jezikovni modeli za digitalno humanistiko.\u00a0<\/span><\/p>\n<p><span style=\"font-weight: 400;\">Posodobili bomo tudi vmesnik Slovarja sopomenk in tako ob\u010danom in raziskovalni skupnosti omogo\u010dili bolj\u0161o uporabo ter vpogled v projektne rezultate. Validirani podatki bodo vsebovali najmanj 45.000 sopomenk in protipomenk, zbranih s pomo\u010djo ob\u010danov. Podatki bodo objavljeni na repozitoriju Clarin.si, kar bo zagotovilo njihov odprt in dolgoro\u010den dostop za raziskave in razvoj.<\/span><\/p>\n<\/div><\/section><\/div><div  class='avia-button-wrap avia-button-center  avia-builder-el-4  el_after_av_one_full  avia-builder-el-last ' ><a href='https:\/\/viri.cjvt.si\/sopomenke\/slv\/'  class='avia-button   avia-icon_select-no avia-color-theme-color avia-size-small avia-position-center '   ><span class='avia_iconbox_title' >SLOVAR SOPOMENK SODOBNE SLOVEN\u0160\u010cINE<\/span><\/a><\/div><\/p>\n","protected":false},"excerpt":{"rendered":"","protected":false},"author":19,"featured_media":0,"parent":0,"menu_order":0,"comment_status":"closed","ping_status":"closed","template":"","meta":{"_acf_changed":false,"_relevanssi_hide_post":"","_relevanssi_hide_content":"","_relevanssi_pin_for_all":"","_relevanssi_pin_keywords":"","_relevanssi_unpin_keywords":"","_relevanssi_related_keywords":"","_relevanssi_related_include_ids":"","_relevanssi_related_exclude_ids":"","_relevanssi_related_no_append":"","_relevanssi_related_not_related":"","_relevanssi_related_posts":"","_relevanssi_noindex_reason":"","inline_featured_image":false,"episode_type":"","audio_file":"","podmotor_file_id":"","podmotor_episode_id":"","cover_image":"","cover_image_id":"","duration":"","filesize":"","filesize_raw":"","date_recorded":"","explicit":"","block":"","itunes_episode_number":"","itunes_title":"","itunes_season_number":"","itunes_episode_type":"","footnotes":""},"class_list":["post-1768","page","type-page","status-publish","hentry"],"acf":[],"yoast_head":"<!-- This site is optimized with the Yoast SEO plugin v27.3 - https:\/\/yoast.com\/product\/yoast-seo-wordpress\/ -->\n<title>Od ob\u010danske znanosti do digitalne slovarske baze - LLM4DH<\/title>\n<meta name=\"robots\" content=\"index, follow, max-snippet:-1, max-image-preview:large, max-video-preview:-1\" \/>\n<link rel=\"canonical\" href=\"https:\/\/www.cjvt.si\/llm4dh\/od-obcanske-znanosti-do-digitalne-slovarske-baze\/\" \/>\n<meta property=\"og:locale\" content=\"sl_SI\" \/>\n<meta property=\"og:type\" content=\"article\" \/>\n<meta property=\"og:title\" content=\"Od ob\u010danske znanosti do digitalne slovarske baze - LLM4DH\" \/>\n<meta property=\"og:url\" content=\"https:\/\/www.cjvt.si\/llm4dh\/od-obcanske-znanosti-do-digitalne-slovarske-baze\/\" \/>\n<meta property=\"og:site_name\" content=\"LLM4DH\" \/>\n<meta property=\"article:modified_time\" content=\"2025-12-09T09:28:38+00:00\" \/>\n<meta name=\"twitter:card\" content=\"summary_large_image\" \/>\n<meta name=\"twitter:label1\" content=\"Est. reading time\" \/>\n\t<meta name=\"twitter:data1\" content=\"2 minuti\" \/>\n<script type=\"application\/ld+json\" class=\"yoast-schema-graph\">{\"@context\":\"https:\\\/\\\/schema.org\",\"@graph\":[{\"@type\":\"WebPage\",\"@id\":\"https:\\\/\\\/www.cjvt.si\\\/llm4dh\\\/od-obcanske-znanosti-do-digitalne-slovarske-baze\\\/\",\"url\":\"https:\\\/\\\/www.cjvt.si\\\/llm4dh\\\/od-obcanske-znanosti-do-digitalne-slovarske-baze\\\/\",\"name\":\"Od ob\u010danske znanosti do digitalne slovarske baze - LLM4DH\",\"isPartOf\":{\"@id\":\"https:\\\/\\\/www.cjvt.si\\\/llm4dh\\\/#website\"},\"datePublished\":\"2025-09-04T08:31:31+00:00\",\"dateModified\":\"2025-12-09T09:28:38+00:00\",\"breadcrumb\":{\"@id\":\"https:\\\/\\\/www.cjvt.si\\\/llm4dh\\\/od-obcanske-znanosti-do-digitalne-slovarske-baze\\\/#breadcrumb\"},\"inLanguage\":\"sl-SI\",\"potentialAction\":[{\"@type\":\"ReadAction\",\"target\":[\"https:\\\/\\\/www.cjvt.si\\\/llm4dh\\\/od-obcanske-znanosti-do-digitalne-slovarske-baze\\\/\"]}]},{\"@type\":\"BreadcrumbList\",\"@id\":\"https:\\\/\\\/www.cjvt.si\\\/llm4dh\\\/od-obcanske-znanosti-do-digitalne-slovarske-baze\\\/#breadcrumb\",\"itemListElement\":[{\"@type\":\"ListItem\",\"position\":1,\"name\":\"Home\",\"item\":\"https:\\\/\\\/www.cjvt.si\\\/llm4dh\\\/\"},{\"@type\":\"ListItem\",\"position\":2,\"name\":\"Od ob\u010danske znanosti do digitalne slovarske baze\"}]},{\"@type\":\"WebSite\",\"@id\":\"https:\\\/\\\/www.cjvt.si\\\/llm4dh\\\/#website\",\"url\":\"https:\\\/\\\/www.cjvt.si\\\/llm4dh\\\/\",\"name\":\"LLM4DH\",\"description\":\"Work site\",\"potentialAction\":[{\"@type\":\"SearchAction\",\"target\":{\"@type\":\"EntryPoint\",\"urlTemplate\":\"https:\\\/\\\/www.cjvt.si\\\/llm4dh\\\/?s={search_term_string}\"},\"query-input\":{\"@type\":\"PropertyValueSpecification\",\"valueRequired\":true,\"valueName\":\"search_term_string\"}}],\"inLanguage\":\"sl-SI\"}]}<\/script>\n<!-- \/ Yoast SEO plugin. -->","yoast_head_json":{"title":"Od ob\u010danske znanosti do digitalne slovarske baze - LLM4DH","robots":{"index":"index","follow":"follow","max-snippet":"max-snippet:-1","max-image-preview":"max-image-preview:large","max-video-preview":"max-video-preview:-1"},"canonical":"https:\/\/www.cjvt.si\/llm4dh\/od-obcanske-znanosti-do-digitalne-slovarske-baze\/","og_locale":"sl_SI","og_type":"article","og_title":"Od ob\u010danske znanosti do digitalne slovarske baze - LLM4DH","og_url":"https:\/\/www.cjvt.si\/llm4dh\/od-obcanske-znanosti-do-digitalne-slovarske-baze\/","og_site_name":"LLM4DH","article_modified_time":"2025-12-09T09:28:38+00:00","twitter_card":"summary_large_image","twitter_misc":{"Est. reading time":"2 minuti"},"schema":{"@context":"https:\/\/schema.org","@graph":[{"@type":"WebPage","@id":"https:\/\/www.cjvt.si\/llm4dh\/od-obcanske-znanosti-do-digitalne-slovarske-baze\/","url":"https:\/\/www.cjvt.si\/llm4dh\/od-obcanske-znanosti-do-digitalne-slovarske-baze\/","name":"Od ob\u010danske znanosti do digitalne slovarske baze - LLM4DH","isPartOf":{"@id":"https:\/\/www.cjvt.si\/llm4dh\/#website"},"datePublished":"2025-09-04T08:31:31+00:00","dateModified":"2025-12-09T09:28:38+00:00","breadcrumb":{"@id":"https:\/\/www.cjvt.si\/llm4dh\/od-obcanske-znanosti-do-digitalne-slovarske-baze\/#breadcrumb"},"inLanguage":"sl-SI","potentialAction":[{"@type":"ReadAction","target":["https:\/\/www.cjvt.si\/llm4dh\/od-obcanske-znanosti-do-digitalne-slovarske-baze\/"]}]},{"@type":"BreadcrumbList","@id":"https:\/\/www.cjvt.si\/llm4dh\/od-obcanske-znanosti-do-digitalne-slovarske-baze\/#breadcrumb","itemListElement":[{"@type":"ListItem","position":1,"name":"Home","item":"https:\/\/www.cjvt.si\/llm4dh\/"},{"@type":"ListItem","position":2,"name":"Od ob\u010danske znanosti do digitalne slovarske baze"}]},{"@type":"WebSite","@id":"https:\/\/www.cjvt.si\/llm4dh\/#website","url":"https:\/\/www.cjvt.si\/llm4dh\/","name":"LLM4DH","description":"Work site","potentialAction":[{"@type":"SearchAction","target":{"@type":"EntryPoint","urlTemplate":"https:\/\/www.cjvt.si\/llm4dh\/?s={search_term_string}"},"query-input":{"@type":"PropertyValueSpecification","valueRequired":true,"valueName":"search_term_string"}}],"inLanguage":"sl-SI"}]}},"_links":{"self":[{"href":"https:\/\/www.cjvt.si\/llm4dh\/wp-json\/wp\/v2\/pages\/1768","targetHints":{"allow":["GET"]}}],"collection":[{"href":"https:\/\/www.cjvt.si\/llm4dh\/wp-json\/wp\/v2\/pages"}],"about":[{"href":"https:\/\/www.cjvt.si\/llm4dh\/wp-json\/wp\/v2\/types\/page"}],"author":[{"embeddable":true,"href":"https:\/\/www.cjvt.si\/llm4dh\/wp-json\/wp\/v2\/users\/19"}],"replies":[{"embeddable":true,"href":"https:\/\/www.cjvt.si\/llm4dh\/wp-json\/wp\/v2\/comments?post=1768"}],"version-history":[{"count":4,"href":"https:\/\/www.cjvt.si\/llm4dh\/wp-json\/wp\/v2\/pages\/1768\/revisions"}],"predecessor-version":[{"id":1930,"href":"https:\/\/www.cjvt.si\/llm4dh\/wp-json\/wp\/v2\/pages\/1768\/revisions\/1930"}],"wp:attachment":[{"href":"https:\/\/www.cjvt.si\/llm4dh\/wp-json\/wp\/v2\/media?parent=1768"}],"curies":[{"name":"wp","href":"https:\/\/api.w.org\/{rel}","templated":true}]}}