{"id":1798,"date":"2018-02-28T21:00:32","date_gmt":"2018-02-28T20:00:32","guid":{"rendered":"https:\/\/www.cjvt.si\/online-notes\/projekt\/"},"modified":"2025-11-28T09:40:41","modified_gmt":"2025-11-28T08:40:41","slug":"projekt","status":"publish","type":"page","link":"https:\/\/www.cjvt.si\/online-notes\/en\/project\/","title":{"rendered":"About the project"},"content":{"rendered":"<div class=\"flex_column av_one_full  flex_column_div av-zero-column-padding first  avia-builder-el-0  avia-builder-el-no-sibling  \" style='border-radius:0px; '><p><div  style='padding-bottom:10px; color:#e92603;' class='av-special-heading av-special-heading-h3 custom-color-heading   avia-builder-el-1  el_before_av_textblock  avia-builder-el-first  '><h3 class='av-special-heading-tag '  itemprop=\"headline\"  >Project frame<\/h3><div class='special-heading-border'><div class='special-heading-inner-border' style='border-color:#e92603'><\/div><\/div><\/div><br \/>\n<section class=\"av_textblock_section \"  itemscope=\"itemscope\" itemtype=\"https:\/\/schema.org\/CreativeWork\" ><div class='avia_textblock  '   itemprop=\"text\" ><p>The project <strong>&#8220;Development of a system for automated translation of Slovenian lectures into foreign languages&#8221;<\/strong> or <strong>Online Notes (ON)<\/strong> aims to develop a system that can machine translate Slovenian lectures into foreign languages in real time. The development is led by the Faculty of Computer Science and Informatics of the University of Ljubljana in cooperation with the Centre for Language Resources and Technologies of the University of Ljubljana. The aim of the project is to increase the accessibility of lectures for foreign students at home and abroad and for target groups with sensory disabilities.<\/p>\n<\/div><\/section><br \/>\n<div  style='padding-bottom:10px; color:#e92603;' class='av-special-heading av-special-heading-h3 custom-color-heading   avia-builder-el-3  el_after_av_textblock  el_before_av_textblock  '><h3 class='av-special-heading-tag '  itemprop=\"headline\"  >Project objective<\/h3><div class='special-heading-border'><div class='special-heading-inner-border' style='border-color:#e92603'><\/div><\/div><\/div><br \/>\n<section class=\"av_textblock_section \"  itemscope=\"itemscope\" itemtype=\"https:\/\/schema.org\/CreativeWork\" ><div class='avia_textblock  '   itemprop=\"text\" ><p>The results of the project benefit several groups: real time translations make it easier for foreign students to follow lectures in Slovenian; transcripts in Slovenian increase accessibility for the deaf and hard of hearing; and lecture extracts and recordings, accessible via a dedicated portal, are an excellent complement to electronic study materials.<\/p>\n<p>A demonstration of how the system works can be seen in the video below (the video is in Slovene):<br \/><a href=\"https:\/\/youtu.be\/hWRONPdHh3o\">VIDEO<\/a><\/p>\n<\/div><\/section><br \/>\n<div  style='padding-bottom:10px; color:#e92603;' class='av-special-heading av-special-heading-h3 custom-color-heading   avia-builder-el-5  el_after_av_textblock  el_before_av_textblock  '><h3 class='av-special-heading-tag '  itemprop=\"headline\"  >Yearly reports<\/h3><div class='special-heading-border'><div class='special-heading-inner-border' style='border-color:#e92603'><\/div><\/div><\/div><br \/>\n<section class=\"av_textblock_section \"  itemscope=\"itemscope\" itemtype=\"https:\/\/schema.org\/CreativeWork\" ><div class='avia_textblock  '   itemprop=\"text\" ><p>Annual project progress reports are available at the links below. The project officially concluded in December 2024.<\/p>\n<ul>\n<li><a href=\"https:\/\/www.cjvt.si\/online-notes\/wp-content\/uploads\/sites\/25\/2022\/06\/ON_porocilo_2021-12-15.pdf\" target=\"_blank\" rel=\"noopener\">2021 Report <\/a>\u00a0(December 15, 2021)<\/li>\n<li><a href=\"https:\/\/www.cjvt.si\/online-notes\/wp-content\/uploads\/sites\/25\/2023\/01\/ON_porocilo_2022-12-15.pdf\" target=\"_blank\" rel=\"noopener\">2022 Report <\/a>\u00a0(December 15, 2022)<\/li>\n<li><a href=\"https:\/\/www.cjvt.si\/online-notes\/wp-content\/uploads\/sites\/25\/2024\/03\/ON_porocilo_2023-12-15.pdf\" target=\"_blank\" rel=\"noopener\">2023 Report<\/a> (December 15, 2023)<\/li>\n<li><a href=\"https:\/\/www.cjvt.si\/online-notes\/wp-content\/uploads\/sites\/25\/2025\/03\/Porocilo-za-leto-2024.pdf\">2024 Report<\/a> (December 15, 2024)<\/li>\n<\/ul>\n<\/div><\/section><br \/>\n<div  style='padding-bottom:10px; color:#e92603;' class='av-special-heading av-special-heading-h3 custom-color-heading   avia-builder-el-7  el_after_av_textblock  el_before_av_textblock  '><h3 class='av-special-heading-tag '  itemprop=\"headline\"  > Successful system tests after the launch of the production version<\/h3><div class='special-heading-border'><div class='special-heading-inner-border' style='border-color:#e92603'><\/div><\/div><\/div><br \/>\n<section class=\"av_textblock_section \"  itemscope=\"itemscope\" itemtype=\"https:\/\/schema.org\/CreativeWork\" ><div class='avia_textblock  '   itemprop=\"text\" ><p>As of September 2025, the production version of the Online Notes system has been successfully tested at three events:<\/p>\n<ul>\n<li>introductory presentation of the<em> Year Plus<\/em> for foreign students learning Slovene as a foreign language (October 2025, Faculty of Arts, University of Ljubljana);<\/li>\n<li>session College of the Deans (October 2025, Academy of Fine Arts and Design);<\/li>\n<li>opening address at the eLex 2025 conference (Electronic lexicography in the 21st century. (November 2025, Bled, Slovenia).<\/li>\n<\/ul>\n<\/div><\/section><br \/>\n<div  style='padding-bottom:10px; color:#e92603;' class='av-special-heading av-special-heading-h3 custom-color-heading   avia-builder-el-9  el_after_av_textblock  el_before_av_textblock  '><h3 class='av-special-heading-tag '  itemprop=\"headline\"  >Scientific publications<\/h3><div class='special-heading-border'><div class='special-heading-inner-border' style='border-color:#e92603'><\/div><\/div><\/div><br \/>\n<section class=\"av_textblock_section \"  itemscope=\"itemscope\" itemtype=\"https:\/\/schema.org\/CreativeWork\" ><div class='avia_textblock  '   itemprop=\"text\" ><p>Bajec, M., Lebar Bajec, I., \u0160oltes, T., Cvek, J., \u010cibej, J., Gantar, K., Sever, S., &amp; Krek, S. (2023). <i>Online Notes &#8211; a real-time speech recognition and machine translation system for Slovene university lectures<\/i>. 7\u201310. <a href=\"https:\/\/is.ijs.si\/wp-content\/uploads\/2023\/11\/IS2023_Volume-H.pdf\" target=\"_blank\" rel=\"noopener\">https:\/\/is.ijs.si\/wp-content\/uploads\/2023\/11\/IS2023_Volume-H.pdf<\/a><\/p>\n<p>\u0160oltes, T., Bajec, M., Lebar Bajec, I., Gantar, K., &amp; \u017ditnik, S. (2023).\u00a0<i>Online-notes system: real-time speech recognition and translation of lectures<\/i>. 485\u2013492. <a href=\"https:\/\/link.springer.com\/chapter\/10.1007\/978-3-031-33080-3_29\" target=\"_blank\" rel=\"noopener\">https:\/\/link.springer.com\/chapter\/10.1007\/978-3-031-33080-3_29<\/a><\/p>\n<p>\u0160oltes, T., Vasiljevi\u0107, J., Bajec, M. Online Notes: sistem za razpoznavo govora in strojno prevajanje v realnem \u010dasu na ravni univerzitetnih predavanj. <i>Uporabna informatika<\/i>. [Tiskana izd.]. 2024, letn. 32, \u0161t. 1, str. 32-41, ilustr. ISSN 1318-1882.\u00a0<a href=\"https:\/\/uporabna-informatika.si\/ui\/article\/view\/225\" target=\"_blank\" rel=\"noopener\">https:\/\/uporabna-informatika.si\/ui\/article\/view\/225<\/a><\/p>\n<\/div><\/section><\/p><\/div>\n","protected":false},"excerpt":{"rendered":"excerpt","protected":false},"author":1,"featured_media":0,"parent":0,"menu_order":0,"comment_status":"closed","ping_status":"closed","template":"","meta":{"_acf_changed":false,"_relevanssi_hide_post":"","_relevanssi_hide_content":"","_relevanssi_pin_for_all":"","_relevanssi_pin_keywords":"","_relevanssi_unpin_keywords":"","_relevanssi_related_keywords":"","_relevanssi_related_include_ids":"","_relevanssi_related_exclude_ids":"","_relevanssi_related_no_append":"","_relevanssi_related_not_related":"","_relevanssi_related_posts":"","_relevanssi_noindex_reason":"","inline_featured_image":false,"episode_type":"","audio_file":"","podmotor_file_id":"","podmotor_episode_id":"","cover_image":"","cover_image_id":"","duration":"","filesize":"","filesize_raw":"","date_recorded":"","explicit":"","block":"","footnotes":""},"class_list":["post-1798","page","type-page","status-publish","hentry"],"acf":[],"yoast_head":"<!-- This site is optimized with the Yoast SEO plugin v27.3 - https:\/\/yoast.com\/product\/yoast-seo-wordpress\/ -->\n<title>About the project - Online Notes<\/title>\n<meta name=\"robots\" content=\"index, follow, max-snippet:-1, max-image-preview:large, max-video-preview:-1\" \/>\n<link rel=\"canonical\" href=\"https:\/\/www.cjvt.si\/online-notes\/en\/project\/\" \/>\n<meta property=\"og:locale\" content=\"en_US\" \/>\n<meta property=\"og:type\" content=\"article\" \/>\n<meta property=\"og:title\" content=\"About the project - Online Notes\" \/>\n<meta property=\"og:url\" content=\"https:\/\/www.cjvt.si\/online-notes\/en\/project\/\" \/>\n<meta property=\"og:site_name\" content=\"Online Notes\" \/>\n<meta property=\"article:modified_time\" content=\"2025-11-28T08:40:41+00:00\" \/>\n<meta name=\"twitter:card\" content=\"summary_large_image\" \/>\n<meta name=\"twitter:label1\" content=\"Est. reading time\" \/>\n\t<meta name=\"twitter:data1\" content=\"3 minutes\" \/>\n<script type=\"application\/ld+json\" class=\"yoast-schema-graph\">{\"@context\":\"https:\\\/\\\/schema.org\",\"@graph\":[{\"@type\":\"WebPage\",\"@id\":\"https:\\\/\\\/www.cjvt.si\\\/online-notes\\\/en\\\/project\\\/\",\"url\":\"https:\\\/\\\/www.cjvt.si\\\/online-notes\\\/en\\\/project\\\/\",\"name\":\"About the project - Online Notes\",\"isPartOf\":{\"@id\":\"https:\\\/\\\/www.cjvt.si\\\/online-notes\\\/en\\\/#website\"},\"datePublished\":\"2018-02-28T20:00:32+00:00\",\"dateModified\":\"2025-11-28T08:40:41+00:00\",\"breadcrumb\":{\"@id\":\"https:\\\/\\\/www.cjvt.si\\\/online-notes\\\/en\\\/project\\\/#breadcrumb\"},\"inLanguage\":\"en-US\",\"potentialAction\":[{\"@type\":\"ReadAction\",\"target\":[\"https:\\\/\\\/www.cjvt.si\\\/online-notes\\\/en\\\/project\\\/\"]}]},{\"@type\":\"BreadcrumbList\",\"@id\":\"https:\\\/\\\/www.cjvt.si\\\/online-notes\\\/en\\\/project\\\/#breadcrumb\",\"itemListElement\":[{\"@type\":\"ListItem\",\"position\":1,\"name\":\"Home\",\"item\":\"https:\\\/\\\/www.cjvt.si\\\/online-notes\\\/en\\\/\"},{\"@type\":\"ListItem\",\"position\":2,\"name\":\"About the project\"}]},{\"@type\":\"WebSite\",\"@id\":\"https:\\\/\\\/www.cjvt.si\\\/online-notes\\\/en\\\/#website\",\"url\":\"https:\\\/\\\/www.cjvt.si\\\/online-notes\\\/en\\\/\",\"name\":\"Online Notes\",\"description\":\"\",\"potentialAction\":[{\"@type\":\"SearchAction\",\"target\":{\"@type\":\"EntryPoint\",\"urlTemplate\":\"https:\\\/\\\/www.cjvt.si\\\/online-notes\\\/en\\\/?s={search_term_string}\"},\"query-input\":{\"@type\":\"PropertyValueSpecification\",\"valueRequired\":true,\"valueName\":\"search_term_string\"}}],\"inLanguage\":\"en-US\"}]}<\/script>\n<!-- \/ Yoast SEO plugin. -->","yoast_head_json":{"title":"About the project - Online Notes","robots":{"index":"index","follow":"follow","max-snippet":"max-snippet:-1","max-image-preview":"max-image-preview:large","max-video-preview":"max-video-preview:-1"},"canonical":"https:\/\/www.cjvt.si\/online-notes\/en\/project\/","og_locale":"en_US","og_type":"article","og_title":"About the project - Online Notes","og_url":"https:\/\/www.cjvt.si\/online-notes\/en\/project\/","og_site_name":"Online Notes","article_modified_time":"2025-11-28T08:40:41+00:00","twitter_card":"summary_large_image","twitter_misc":{"Est. reading time":"3 minutes"},"schema":{"@context":"https:\/\/schema.org","@graph":[{"@type":"WebPage","@id":"https:\/\/www.cjvt.si\/online-notes\/en\/project\/","url":"https:\/\/www.cjvt.si\/online-notes\/en\/project\/","name":"About the project - Online Notes","isPartOf":{"@id":"https:\/\/www.cjvt.si\/online-notes\/en\/#website"},"datePublished":"2018-02-28T20:00:32+00:00","dateModified":"2025-11-28T08:40:41+00:00","breadcrumb":{"@id":"https:\/\/www.cjvt.si\/online-notes\/en\/project\/#breadcrumb"},"inLanguage":"en-US","potentialAction":[{"@type":"ReadAction","target":["https:\/\/www.cjvt.si\/online-notes\/en\/project\/"]}]},{"@type":"BreadcrumbList","@id":"https:\/\/www.cjvt.si\/online-notes\/en\/project\/#breadcrumb","itemListElement":[{"@type":"ListItem","position":1,"name":"Home","item":"https:\/\/www.cjvt.si\/online-notes\/en\/"},{"@type":"ListItem","position":2,"name":"About the project"}]},{"@type":"WebSite","@id":"https:\/\/www.cjvt.si\/online-notes\/en\/#website","url":"https:\/\/www.cjvt.si\/online-notes\/en\/","name":"Online Notes","description":"","potentialAction":[{"@type":"SearchAction","target":{"@type":"EntryPoint","urlTemplate":"https:\/\/www.cjvt.si\/online-notes\/en\/?s={search_term_string}"},"query-input":{"@type":"PropertyValueSpecification","valueRequired":true,"valueName":"search_term_string"}}],"inLanguage":"en-US"}]}},"_links":{"self":[{"href":"https:\/\/www.cjvt.si\/online-notes\/en\/wp-json\/wp\/v2\/pages\/1798","targetHints":{"allow":["GET"]}}],"collection":[{"href":"https:\/\/www.cjvt.si\/online-notes\/en\/wp-json\/wp\/v2\/pages"}],"about":[{"href":"https:\/\/www.cjvt.si\/online-notes\/en\/wp-json\/wp\/v2\/types\/page"}],"author":[{"embeddable":true,"href":"https:\/\/www.cjvt.si\/online-notes\/en\/wp-json\/wp\/v2\/users\/1"}],"replies":[{"embeddable":true,"href":"https:\/\/www.cjvt.si\/online-notes\/en\/wp-json\/wp\/v2\/comments?post=1798"}],"version-history":[{"count":66,"href":"https:\/\/www.cjvt.si\/online-notes\/en\/wp-json\/wp\/v2\/pages\/1798\/revisions"}],"predecessor-version":[{"id":2240,"href":"https:\/\/www.cjvt.si\/online-notes\/en\/wp-json\/wp\/v2\/pages\/1798\/revisions\/2240"}],"wp:attachment":[{"href":"https:\/\/www.cjvt.si\/online-notes\/en\/wp-json\/wp\/v2\/media?parent=1798"}],"curies":[{"name":"wp","href":"https:\/\/api.w.org\/{rel}","templated":true}]}}