{"id":16,"date":"2018-02-09T13:39:53","date_gmt":"2018-02-09T12:39:53","guid":{"rendered":"https:\/\/www.cjvt.si\/online-notes\/?page_id=16"},"modified":"2025-11-24T11:08:15","modified_gmt":"2025-11-24T10:08:15","slug":"sodelavci","status":"publish","type":"page","link":"https:\/\/www.cjvt.si\/online-notes\/sodelavci\/","title":{"rendered":"Sodelavci"},"content":{"rendered":"<div class=\"flex_column av_one_full  flex_column_div av-zero-column-padding first  avia-builder-el-0  el_before_av_one_half  avia-builder-el-first  \" style='border-radius:0px; '><div  style='padding-bottom:10px; color:#e92603;' class='av-special-heading av-special-heading-h3 custom-color-heading   avia-builder-el-1  avia-builder-el-no-sibling  '><h3 class='av-special-heading-tag '  itemprop=\"headline\"  >Sodelavke in sodelavci<\/h3><div class='special-heading-border'><div class='special-heading-inner-border' style='border-color:#e92603'><\/div><\/div><\/div><\/div>\n<div class=\"flex_column av_one_half  flex_column_div av-zero-column-padding first  avia-builder-el-2  el_after_av_one_full  el_before_av_one_half  column-top-margin\" style='border-radius:0px; '><div  class='avia-icon-list-container   avia-builder-el-3  avia-builder-el-no-sibling '><ul class='avia-icon-list avia-icon-list-left av-iconlist-big avia_animate_when_almost_visible avia-iconlist-animate'>\n<li><div  class='iconlist_icon  avia-font-entypo-fontello'><span class='iconlist-char ' aria-hidden='true' data-av_icon='\ue810' data-av_iconfont='entypo-fontello'><\/span><\/div><article class=\"article-icon-entry \"  itemscope=\"itemscope\" itemtype=\"https:\/\/schema.org\/CreativeWork\" ><div class='iconlist_content_wrap'><header class=\"entry-content-header\"><h4 class='av_iconlist_title iconlist_title   '  itemprop=\"headline\"  >prof. dr. Marko Bajec<\/h4><\/header><div class='iconlist_content  '  itemprop=\"text\"  ><p>vodja projekta, Fakulteta za ra\u010dunalni\u0161tvo in informatiko UL<\/p>\n<\/div><\/div><footer class=\"entry-footer\"><\/footer><\/article><div class='iconlist-timeline'><\/div><\/li>\n<li><div  class='iconlist_icon  avia-font-entypo-fontello'><span class='iconlist-char ' aria-hidden='true' data-av_icon='\ue810' data-av_iconfont='entypo-fontello'><\/span><\/div><article class=\"article-icon-entry \"  itemscope=\"itemscope\" itemtype=\"https:\/\/schema.org\/CreativeWork\" ><div class='iconlist_content_wrap'><header class=\"entry-content-header\"><h4 class='av_iconlist_title iconlist_title   '  itemprop=\"headline\"  >Jernej Cvek<\/h4><\/header><div class='iconlist_content  '  itemprop=\"text\"  ><p>Fakulteta za ra\u010dunalni\u0161tvo in informatiko UL<\/p>\n<\/div><\/div><footer class=\"entry-footer\"><\/footer><\/article><div class='iconlist-timeline'><\/div><\/li>\n<li><div  class='iconlist_icon  avia-font-entypo-fontello'><span class='iconlist-char ' aria-hidden='true' data-av_icon='\ue810' data-av_iconfont='entypo-fontello'><\/span><\/div><article class=\"article-icon-entry \"  itemscope=\"itemscope\" itemtype=\"https:\/\/schema.org\/CreativeWork\" ><div class='iconlist_content_wrap'><header class=\"entry-content-header\"><h4 class='av_iconlist_title iconlist_title   '  itemprop=\"headline\"  >Mitja Rizvi\u010d<\/h4><\/header><div class='iconlist_content  '  itemprop=\"text\"  ><p>Fakulteta za ra\u010dunalni\u0161tvo in informatiko UL<\/p>\n<\/div><\/div><footer class=\"entry-footer\"><\/footer><\/article><div class='iconlist-timeline'><\/div><\/li>\n<li><div  class='iconlist_icon  avia-font-entypo-fontello'><span class='iconlist-char ' aria-hidden='true' data-av_icon='\ue810' data-av_iconfont='entypo-fontello'><\/span><\/div><article class=\"article-icon-entry \"  itemscope=\"itemscope\" itemtype=\"https:\/\/schema.org\/CreativeWork\" ><div class='iconlist_content_wrap'><header class=\"entry-content-header\"><h4 class='av_iconlist_title iconlist_title   '  itemprop=\"headline\"  >Jan Vasiljevi\u0107<\/h4><\/header><div class='iconlist_content  '  itemprop=\"text\"  ><p>Fakulteta za ra\u010dunalni\u0161tvo in informatiko UL<\/p>\n<\/div><\/div><footer class=\"entry-footer\"><\/footer><\/article><div class='iconlist-timeline'><\/div><\/li>\n<li><div  class='iconlist_icon  avia-font-entypo-fontello'><span class='iconlist-char ' aria-hidden='true' data-av_icon='\ue810' data-av_iconfont='entypo-fontello'><\/span><\/div><article class=\"article-icon-entry \"  itemscope=\"itemscope\" itemtype=\"https:\/\/schema.org\/CreativeWork\" ><div class='iconlist_content_wrap'><header class=\"entry-content-header\"><h4 class='av_iconlist_title iconlist_title   '  itemprop=\"headline\"  >dr. Simon Krek<\/h4><\/header><div class='iconlist_content  '  itemprop=\"text\"  ><p>Center za jezikovne vire in tehnologije UL<\/p>\n<\/div><\/div><footer class=\"entry-footer\"><\/footer><\/article><div class='iconlist-timeline'><\/div><\/li>\n<li><div  class='iconlist_icon  avia-font-entypo-fontello'><span class='iconlist-char ' aria-hidden='true' data-av_icon='\ue810' data-av_iconfont='entypo-fontello'><\/span><\/div><article class=\"article-icon-entry \"  itemscope=\"itemscope\" itemtype=\"https:\/\/schema.org\/CreativeWork\" ><div class='iconlist_content_wrap'><header class=\"entry-content-header\"><h4 class='av_iconlist_title iconlist_title   '  itemprop=\"headline\"  >Jaka \u010cibej<\/h4><\/header><div class='iconlist_content  '  itemprop=\"text\"  ><p>Center za jezikovne vire in tehnologije UL<\/p>\n<\/div><\/div><footer class=\"entry-footer\"><\/footer><\/article><div class='iconlist-timeline'><\/div><\/li>\n<\/ul><\/div><\/div>\n<div class=\"flex_column av_one_half  flex_column_div av-zero-column-padding   avia-builder-el-4  el_after_av_one_half  el_before_av_one_half  column-top-margin\" style='border-radius:0px; '><div  class='avia-icon-list-container   avia-builder-el-5  avia-builder-el-no-sibling '><ul class='avia-icon-list avia-icon-list-left av-iconlist-big avia_animate_when_almost_visible avia-iconlist-animate'>\n<li><div  class='iconlist_icon  avia-font-entypo-fontello'><span class='iconlist-char ' aria-hidden='true' data-av_icon='\ue810' data-av_iconfont='entypo-fontello'><\/span><\/div><article class=\"article-icon-entry \"  itemscope=\"itemscope\" itemtype=\"https:\/\/schema.org\/CreativeWork\" ><div class='iconlist_content_wrap'><header class=\"entry-content-header\"><h4 class='av_iconlist_title iconlist_title   '  itemprop=\"headline\"  >izr. prof. dr. Iztok Lebar Bajec<\/h4><\/header><div class='iconlist_content  '  itemprop=\"text\"  ><p>Fakulteta za ra\u010dunalni\u0161tvo in informatiko UL<\/p>\n<\/div><\/div><footer class=\"entry-footer\"><\/footer><\/article><div class='iconlist-timeline'><\/div><\/li>\n<li><div  class='iconlist_icon  avia-font-entypo-fontello'><span class='iconlist-char ' aria-hidden='true' data-av_icon='\ue810' data-av_iconfont='entypo-fontello'><\/span><\/div><article class=\"article-icon-entry \"  itemscope=\"itemscope\" itemtype=\"https:\/\/schema.org\/CreativeWork\" ><div class='iconlist_content_wrap'><header class=\"entry-content-header\"><h4 class='av_iconlist_title iconlist_title   '  itemprop=\"headline\"  >vi\u0161. pred. dr. Robert Rozman<\/h4><\/header><div class='iconlist_content  '  itemprop=\"text\"  ><p>Fakulteta za ra\u010dunalni\u0161tvo in informatiko UL<\/p>\n<\/div><\/div><footer class=\"entry-footer\"><\/footer><\/article><div class='iconlist-timeline'><\/div><\/li>\n<li><div  class='iconlist_icon  avia-font-entypo-fontello'><span class='iconlist-char ' aria-hidden='true' data-av_icon='\ue810' data-av_iconfont='entypo-fontello'><\/span><\/div><article class=\"article-icon-entry \"  itemscope=\"itemscope\" itemtype=\"https:\/\/schema.org\/CreativeWork\" ><div class='iconlist_content_wrap'><header class=\"entry-content-header\"><h4 class='av_iconlist_title iconlist_title   '  itemprop=\"headline\"  >Tja\u0161a \u0160oltes<\/h4><\/header><div class='iconlist_content  '  itemprop=\"text\"  ><p>Fakulteta za ra\u010dunalni\u0161tvo in informatiko UL<\/p>\n<\/div><\/div><footer class=\"entry-footer\"><\/footer><\/article><div class='iconlist-timeline'><\/div><\/li>\n<li><div  class='iconlist_icon  avia-font-entypo-fontello'><span class='iconlist-char ' aria-hidden='true' data-av_icon='\ue810' data-av_iconfont='entypo-fontello'><\/span><\/div><article class=\"article-icon-entry \"  itemscope=\"itemscope\" itemtype=\"https:\/\/schema.org\/CreativeWork\" ><div class='iconlist_content_wrap'><header class=\"entry-content-header\"><h4 class='av_iconlist_title iconlist_title   '  itemprop=\"headline\"  >Lan Vuku\u0161i\u010d<\/h4><\/header><div class='iconlist_content  '  itemprop=\"text\"  ><p>Fakulteta za ra\u010dunalni\u0161tvo in informatiko UL<\/p>\n<\/div><\/div><footer class=\"entry-footer\"><\/footer><\/article><div class='iconlist-timeline'><\/div><\/li>\n<li><div  class='iconlist_icon  avia-font-entypo-fontello'><span class='iconlist-char ' aria-hidden='true' data-av_icon='\ue810' data-av_iconfont='entypo-fontello'><\/span><\/div><article class=\"article-icon-entry \"  itemscope=\"itemscope\" itemtype=\"https:\/\/schema.org\/CreativeWork\" ><div class='iconlist_content_wrap'><header class=\"entry-content-header\"><h4 class='av_iconlist_title iconlist_title   '  itemprop=\"headline\"  >Kaja Gantar<\/h4><\/header><div class='iconlist_content  '  itemprop=\"text\"  ><p>Center za jezikovne vire in tehnologije UL<\/p>\n<\/div><\/div><footer class=\"entry-footer\"><\/footer><\/article><div class='iconlist-timeline'><\/div><\/li>\n<li><div  class='iconlist_icon  avia-font-entypo-fontello'><span class='iconlist-char ' aria-hidden='true' data-av_icon='\ue810' data-av_iconfont='entypo-fontello'><\/span><\/div><article class=\"article-icon-entry \"  itemscope=\"itemscope\" itemtype=\"https:\/\/schema.org\/CreativeWork\" ><div class='iconlist_content_wrap'><header class=\"entry-content-header\"><h4 class='av_iconlist_title iconlist_title   '  itemprop=\"headline\"  >Sara Kos<\/h4><\/header><div class='iconlist_content  '  itemprop=\"text\"  ><p>Center za jezikovne vire in tehnologije UL<\/p>\n<\/div><\/div><footer class=\"entry-footer\"><\/footer><\/article><div class='iconlist-timeline'><\/div><\/li>\n<\/ul><\/div><\/div>\n<div class='flex_column_table av-equal-height-column-flextable -flextable' ><div class=\"flex_column av_one_half  flex_column_table_cell av-equal-height-column av-align-top first  avia-builder-el-6  el_after_av_one_half  el_before_av_one_half  column-top-margin\" style='padding:0px 0px 0px 0px ; border-radius:0px; '><p><div  style=' margin-top:10px; margin-bottom:30px;'  class='hr hr-custom hr-left hr-icon-no   avia-builder-el-7  el_before_av_image  avia-builder-el-first '><span class='hr-inner   inner-border-av-border-thin' style=' width:50px; border-color:#e92603;' ><span class='hr-inner-style'><\/span><\/span><\/div><br \/>\n<div  class='avia-image-container  av-styling-    avia-builder-el-8  el_after_av_hr  el_before_av_textblock  avia-align-center '  itemprop=\"image\" itemscope=\"itemscope\" itemtype=\"https:\/\/schema.org\/ImageObject\"  ><div class='avia-image-container-inner'><div class='avia-image-overlay-wrap'><img class='avia_image' src='https:\/\/www.cjvt.si\/online-notes\/wp-content\/uploads\/sites\/25\/2025\/11\/CJVT_CGP_Osnovni_znakPripis_naziva_SLO-1-300x105.png' alt='Center za jezikovne vire in tehnologije, logotip' title='CJVT_CGP_Osnovni_znak+Pripis_naziva_SLO (1)' height=\"105\" width=\"300\"  itemprop=\"thumbnailUrl\"  \/><\/div><\/div><\/div><br \/>\n<section class=\"av_textblock_section \"  itemscope=\"itemscope\" itemtype=\"https:\/\/schema.org\/CreativeWork\" ><div class='avia_textblock  '   itemprop=\"text\" ><p class=\"hyphenate\" style=\"text-align: justify\"><span style=\"color: #e92603\"><strong>Center za jezikovne vire in tehnologije<\/strong><\/span> (CJVT UL) je enota Univerze v Ljubljani, namenjena znanstvenemu raziskovanju, vzpostavljanju in vzdr\u017eevanju temeljnih digitalnih jezikovnih virov in jezikovnotehnolo\u0161kih orodij za sodobni slovenski jezik. Glavna naloga CJVT UL je zagotoviti interdisciplinarni institucionalni okvir, kjer razvoj tehnologij, virov in orodij za slovenski jezik poteka na\u010drtno, sistemati\u010dno in dolgoro\u010dno, kar je predpogoj, da sloven\u0161\u010dina v digitalnem okolju obdr\u017ei status enakovredne jezikovne izbire.<\/p>\n<\/div><\/section><\/p><\/div>\n<div class='av-flex-placeholder'><\/div><div class=\"flex_column av_one_half  flex_column_table_cell av-equal-height-column av-align-top av-zero-column-padding   avia-builder-el-10  el_after_av_one_half  avia-builder-el-last  column-top-margin\" style='border-radius:0px; '><p><div  style=' margin-top:10px; margin-bottom:30px;'  class='hr hr-custom hr-left hr-icon-no   avia-builder-el-11  el_before_av_image  avia-builder-el-first '><span class='hr-inner   inner-border-av-border-thin' style=' width:50px; border-color:#e92603;' ><span class='hr-inner-style'><\/span><\/span><\/div><br \/>\n<div  class='avia-image-container  av-styling-    avia-builder-el-12  el_after_av_hr  el_before_av_textblock  avia-align-center '  itemprop=\"image\" itemscope=\"itemscope\" itemtype=\"https:\/\/schema.org\/ImageObject\"  ><div class='avia-image-container-inner'><div class='avia-image-overlay-wrap'><img class='avia_image' src='https:\/\/www.cjvt.si\/online-notes\/wp-content\/uploads\/sites\/25\/2025\/11\/UL_FRI_logoVER-RGB_barv-300x142.png' alt='Logotip Fakultete za ra\u010dunalni\u0161tvo in informatiko Univerze v Ljubljani' title='UL_FRI_logoVER-RGB_barv' height=\"142\" width=\"300\"  itemprop=\"thumbnailUrl\"  \/><\/div><\/div><\/div><br \/>\n<section class=\"av_textblock_section \"  itemscope=\"itemscope\" itemtype=\"https:\/\/schema.org\/CreativeWork\" ><div class='avia_textblock  '   itemprop=\"text\" ><p class=\"hyphenate\" style=\"text-align: justify\"><span style=\"color: #e92603\"><strong>Fakulteta za ra\u010dunalni\u0161tvo in informatiko<\/strong><\/span> (FRI) zagotavlja interdisciplinarno skupino strokovnjakov s skupnim interesom razvoja, raziskovanja in drugih dejavnosti pri opredeljenih nalogah CJVT. Glavni doprinos FRI pri projektu je razvoj inovativnih metod za procesiranje jezikovnih podatkov, ki ob\u010dutno zmanj\u0161ujejo \u010dasovni in finan\u010dni vlo\u017eek, potreben za pripravo jezikovnih virov in tehnologij. Uporabljene postopke kontinuirano izbolj\u0161ujemo, kar zagotavlja, da je avtomatski del podatkovne obdelave tudi za slovenski jezik vedno bolj\u0161i.<\/p>\n<\/div><\/section><\/p><\/div><\/div><!--close column table wrapper. Autoclose: 1 -->\n","protected":false},"excerpt":{"rendered":"excerpt","protected":false},"author":1,"featured_media":0,"parent":0,"menu_order":0,"comment_status":"closed","ping_status":"closed","template":"","meta":{"_acf_changed":false,"_relevanssi_hide_post":"","_relevanssi_hide_content":"","_relevanssi_pin_for_all":"","_relevanssi_pin_keywords":"","_relevanssi_unpin_keywords":"","_relevanssi_related_keywords":"","_relevanssi_related_include_ids":"","_relevanssi_related_exclude_ids":"","_relevanssi_related_no_append":"","_relevanssi_related_not_related":"","_relevanssi_related_posts":"","_relevanssi_noindex_reason":"","inline_featured_image":false,"episode_type":"","audio_file":"","podmotor_file_id":"","podmotor_episode_id":"","cover_image":"","cover_image_id":"","duration":"","filesize":"","filesize_raw":"","date_recorded":"","explicit":"","block":"","footnotes":""},"class_list":["post-16","page","type-page","status-publish","hentry"],"acf":[],"yoast_head":"<!-- This site is optimized with the Yoast SEO plugin v27.3 - https:\/\/yoast.com\/product\/yoast-seo-wordpress\/ -->\n<title>Sodelavci - Online Notes<\/title>\n<meta name=\"robots\" content=\"index, follow, max-snippet:-1, max-image-preview:large, max-video-preview:-1\" \/>\n<link rel=\"canonical\" href=\"https:\/\/www.cjvt.si\/online-notes\/sodelavci\/\" \/>\n<meta property=\"og:locale\" content=\"sl_SI\" \/>\n<meta property=\"og:type\" content=\"article\" \/>\n<meta property=\"og:title\" content=\"Sodelavci - Online Notes\" \/>\n<meta property=\"og:url\" content=\"https:\/\/www.cjvt.si\/online-notes\/sodelavci\/\" \/>\n<meta property=\"og:site_name\" content=\"Online Notes\" \/>\n<meta property=\"article:modified_time\" content=\"2025-11-24T10:08:15+00:00\" \/>\n<meta name=\"twitter:card\" content=\"summary_large_image\" \/>\n<meta name=\"twitter:label1\" content=\"Est. reading time\" \/>\n\t<meta name=\"twitter:data1\" content=\"4 minute\" \/>\n<script type=\"application\/ld+json\" class=\"yoast-schema-graph\">{\"@context\":\"https:\\\/\\\/schema.org\",\"@graph\":[{\"@type\":\"WebPage\",\"@id\":\"https:\\\/\\\/www.cjvt.si\\\/online-notes\\\/sodelavci\\\/\",\"url\":\"https:\\\/\\\/www.cjvt.si\\\/online-notes\\\/sodelavci\\\/\",\"name\":\"Sodelavci - Online Notes\",\"isPartOf\":{\"@id\":\"https:\\\/\\\/www.cjvt.si\\\/online-notes\\\/#website\"},\"datePublished\":\"2018-02-09T12:39:53+00:00\",\"dateModified\":\"2025-11-24T10:08:15+00:00\",\"breadcrumb\":{\"@id\":\"https:\\\/\\\/www.cjvt.si\\\/online-notes\\\/sodelavci\\\/#breadcrumb\"},\"inLanguage\":\"sl-SI\",\"potentialAction\":[{\"@type\":\"ReadAction\",\"target\":[\"https:\\\/\\\/www.cjvt.si\\\/online-notes\\\/sodelavci\\\/\"]}]},{\"@type\":\"BreadcrumbList\",\"@id\":\"https:\\\/\\\/www.cjvt.si\\\/online-notes\\\/sodelavci\\\/#breadcrumb\",\"itemListElement\":[{\"@type\":\"ListItem\",\"position\":1,\"name\":\"Home\",\"item\":\"https:\\\/\\\/www.cjvt.si\\\/online-notes\\\/\"},{\"@type\":\"ListItem\",\"position\":2,\"name\":\"Sodelavci\"}]},{\"@type\":\"WebSite\",\"@id\":\"https:\\\/\\\/www.cjvt.si\\\/online-notes\\\/#website\",\"url\":\"https:\\\/\\\/www.cjvt.si\\\/online-notes\\\/\",\"name\":\"Online Notes\",\"description\":\"\",\"potentialAction\":[{\"@type\":\"SearchAction\",\"target\":{\"@type\":\"EntryPoint\",\"urlTemplate\":\"https:\\\/\\\/www.cjvt.si\\\/online-notes\\\/?s={search_term_string}\"},\"query-input\":{\"@type\":\"PropertyValueSpecification\",\"valueRequired\":true,\"valueName\":\"search_term_string\"}}],\"inLanguage\":\"sl-SI\"}]}<\/script>\n<!-- \/ Yoast SEO plugin. -->","yoast_head_json":{"title":"Sodelavci - Online Notes","robots":{"index":"index","follow":"follow","max-snippet":"max-snippet:-1","max-image-preview":"max-image-preview:large","max-video-preview":"max-video-preview:-1"},"canonical":"https:\/\/www.cjvt.si\/online-notes\/sodelavci\/","og_locale":"sl_SI","og_type":"article","og_title":"Sodelavci - Online Notes","og_url":"https:\/\/www.cjvt.si\/online-notes\/sodelavci\/","og_site_name":"Online Notes","article_modified_time":"2025-11-24T10:08:15+00:00","twitter_card":"summary_large_image","twitter_misc":{"Est. reading time":"4 minute"},"schema":{"@context":"https:\/\/schema.org","@graph":[{"@type":"WebPage","@id":"https:\/\/www.cjvt.si\/online-notes\/sodelavci\/","url":"https:\/\/www.cjvt.si\/online-notes\/sodelavci\/","name":"Sodelavci - Online Notes","isPartOf":{"@id":"https:\/\/www.cjvt.si\/online-notes\/#website"},"datePublished":"2018-02-09T12:39:53+00:00","dateModified":"2025-11-24T10:08:15+00:00","breadcrumb":{"@id":"https:\/\/www.cjvt.si\/online-notes\/sodelavci\/#breadcrumb"},"inLanguage":"sl-SI","potentialAction":[{"@type":"ReadAction","target":["https:\/\/www.cjvt.si\/online-notes\/sodelavci\/"]}]},{"@type":"BreadcrumbList","@id":"https:\/\/www.cjvt.si\/online-notes\/sodelavci\/#breadcrumb","itemListElement":[{"@type":"ListItem","position":1,"name":"Home","item":"https:\/\/www.cjvt.si\/online-notes\/"},{"@type":"ListItem","position":2,"name":"Sodelavci"}]},{"@type":"WebSite","@id":"https:\/\/www.cjvt.si\/online-notes\/#website","url":"https:\/\/www.cjvt.si\/online-notes\/","name":"Online Notes","description":"","potentialAction":[{"@type":"SearchAction","target":{"@type":"EntryPoint","urlTemplate":"https:\/\/www.cjvt.si\/online-notes\/?s={search_term_string}"},"query-input":{"@type":"PropertyValueSpecification","valueRequired":true,"valueName":"search_term_string"}}],"inLanguage":"sl-SI"}]}},"_links":{"self":[{"href":"https:\/\/www.cjvt.si\/online-notes\/wp-json\/wp\/v2\/pages\/16","targetHints":{"allow":["GET"]}}],"collection":[{"href":"https:\/\/www.cjvt.si\/online-notes\/wp-json\/wp\/v2\/pages"}],"about":[{"href":"https:\/\/www.cjvt.si\/online-notes\/wp-json\/wp\/v2\/types\/page"}],"author":[{"embeddable":true,"href":"https:\/\/www.cjvt.si\/online-notes\/wp-json\/wp\/v2\/users\/1"}],"replies":[{"embeddable":true,"href":"https:\/\/www.cjvt.si\/online-notes\/wp-json\/wp\/v2\/comments?post=16"}],"version-history":[{"count":33,"href":"https:\/\/www.cjvt.si\/online-notes\/wp-json\/wp\/v2\/pages\/16\/revisions"}],"predecessor-version":[{"id":2258,"href":"https:\/\/www.cjvt.si\/online-notes\/wp-json\/wp\/v2\/pages\/16\/revisions\/2258"}],"wp:attachment":[{"href":"https:\/\/www.cjvt.si\/online-notes\/wp-json\/wp\/v2\/media?parent=16"}],"curies":[{"name":"wp","href":"https:\/\/api.w.org\/{rel}","templated":true}]}}