{"id":2126,"date":"2025-11-25T11:30:55","date_gmt":"2025-11-25T10:30:55","guid":{"rendered":"https:\/\/www.cjvt.si\/online-notes\/?page_id=2126"},"modified":"2025-11-26T10:37:12","modified_gmt":"2025-11-26T09:37:12","slug":"medijsko-sredisce","status":"publish","type":"page","link":"https:\/\/www.cjvt.si\/online-notes\/medijsko-sredisce\/","title":{"rendered":"Medijsko sredi\u0161\u010de"},"content":{"rendered":"<h1 style=\"text-align: left\"><strong>Osnovni opis orodja<\/strong><\/h1>\n<h1><\/h1>\n<p style=\"text-align: left\"><em>Kaj je Online Notes?<\/em><\/p>\n<p style=\"text-align: left\">Online Notes (ON) je spletni portal Univerze v Ljubljani, ki omogo\u010da, da lahko med predavanji poslu\u0161alci na svojih mobilnih napravah ali prenosnikih v realnem \u010dasu spremljajo izpis predavateljevega govora v sloven\u0161\u010dini ter njegov prevod v angle\u0161\u010dino.<\/p>\n<p style=\"text-align: left\">Predavatelj je opremljen z mikrofonom in na spletnem portalu po\u017eene orodje, ki ga snema, razpoznava njegov govor in ga prevaja v angle\u0161\u010dino. Vsi poslu\u0161alci, ki niso govorci sloven\u0161\u010dine, lahko predavanje spremljajo prek prevoda, izpis slovenskega govora pa lahko koristi tudi osebam s senzornimi oviranostmi.<\/p>\n<h1 style=\"text-align: left\"><strong>Grafi\u010dni elementi<\/strong><\/h1>\n<h3 style=\"text-align: left\"><strong>Znak s pripisom<\/strong><\/h3>\n<p style=\"text-align: left\">Znak je na voljo v<a href=\"https:\/\/www.cjvt.si\/online-notes\/wp-content\/uploads\/sites\/25\/2025\/11\/ON_logotip_UL_red-1.svg\"> samostojni obliki <\/a>in v <a href=\"https:\/\/www.cjvt.si\/online-notes\/wp-content\/uploads\/sites\/25\/2025\/11\/ON_logotip_basic.svg\">obliki s pripisom<\/a>.<\/p>\n<p style=\"text-align: left\"><em>Logotip projekta Online Notes predstavlja profesorja z metulj\u010dkom.<\/em><\/p>\n<h3 style=\"text-align: left\"><strong>Pasica<\/strong><\/h3>\n<p style=\"text-align: left\"><a href=\"https:\/\/www.cjvt.si\/online-notes\/wp-content\/uploads\/sites\/25\/2025\/11\/ON_banner5-scaled.jpg\">Pasica<\/a> vsebuje logotip in napis, na desni strani se nahaja prikaz delovanja aplikacije.<\/p>\n<h1 style=\"text-align: left\"><strong>Pogoji uporabe<\/strong><\/h1>\n<p style=\"text-align: left\">Elemente celostne grafi\u010dne podobe lahko uporabljate v skladu z licenco<a href=\"https:\/\/creativecommons.org\/licenses\/by-sa\/4.0\/\"> Creative Commons<\/a>.<br \/>\nVsebine so objavljene pod licenco <a href=\"https:\/\/creativecommons.org\/licenses\/by-sa\/4.0\/\">Creative Commons<\/a> Priznanje avtorstva. Deljenje pod enakimi pogoji 4.0 International<\/p>\n","protected":false},"excerpt":{"rendered":"excerpt","protected":false},"author":23,"featured_media":0,"parent":0,"menu_order":0,"comment_status":"closed","ping_status":"closed","template":"","meta":{"_acf_changed":false,"_relevanssi_hide_post":"","_relevanssi_hide_content":"","_relevanssi_pin_for_all":"","_relevanssi_pin_keywords":"","_relevanssi_unpin_keywords":"","_relevanssi_related_keywords":"","_relevanssi_related_include_ids":"","_relevanssi_related_exclude_ids":"","_relevanssi_related_no_append":"","_relevanssi_related_not_related":"","_relevanssi_related_posts":"","_relevanssi_noindex_reason":"","inline_featured_image":false,"episode_type":"","audio_file":"","podmotor_file_id":"","podmotor_episode_id":"","cover_image":"","cover_image_id":"","duration":"","filesize":"","filesize_raw":"","date_recorded":"","explicit":"","block":"","footnotes":""},"class_list":["post-2126","page","type-page","status-publish","hentry"],"acf":[],"yoast_head":"<!-- This site is optimized with the Yoast SEO plugin v27.3 - https:\/\/yoast.com\/product\/yoast-seo-wordpress\/ -->\n<title>Medijsko sredi\u0161\u010de - Online Notes<\/title>\n<meta name=\"robots\" content=\"index, follow, max-snippet:-1, max-image-preview:large, max-video-preview:-1\" \/>\n<link rel=\"canonical\" href=\"https:\/\/www.cjvt.si\/online-notes\/medijsko-sredisce\/\" \/>\n<meta property=\"og:locale\" content=\"sl_SI\" \/>\n<meta property=\"og:type\" content=\"article\" \/>\n<meta property=\"og:title\" content=\"Medijsko sredi\u0161\u010de - Online Notes\" \/>\n<meta property=\"og:description\" content=\"Osnovni opis orodja Kaj je Online Notes? Online Notes (ON) je spletni portal Univerze v Ljubljani, ki omogo\u010da, da lahko med predavanji poslu\u0161alci na svojih mobilnih napravah ali prenosnikih v realnem \u010dasu spremljajo izpis predavateljevega govora v sloven\u0161\u010dini ter njegov prevod v angle\u0161\u010dino. Predavatelj je opremljen z mikrofonom in na spletnem portalu po\u017eene orodje, ki [&hellip;]\" \/>\n<meta property=\"og:url\" content=\"https:\/\/www.cjvt.si\/online-notes\/medijsko-sredisce\/\" \/>\n<meta property=\"og:site_name\" content=\"Online Notes\" \/>\n<meta property=\"article:modified_time\" content=\"2025-11-26T09:37:12+00:00\" \/>\n<meta name=\"twitter:card\" content=\"summary_large_image\" \/>\n<meta name=\"twitter:label1\" content=\"Est. reading time\" \/>\n\t<meta name=\"twitter:data1\" content=\"1 minuta\" \/>\n<script type=\"application\/ld+json\" class=\"yoast-schema-graph\">{\"@context\":\"https:\\\/\\\/schema.org\",\"@graph\":[{\"@type\":\"WebPage\",\"@id\":\"https:\\\/\\\/www.cjvt.si\\\/online-notes\\\/medijsko-sredisce\\\/\",\"url\":\"https:\\\/\\\/www.cjvt.si\\\/online-notes\\\/medijsko-sredisce\\\/\",\"name\":\"Medijsko sredi\u0161\u010de - Online Notes\",\"isPartOf\":{\"@id\":\"https:\\\/\\\/www.cjvt.si\\\/online-notes\\\/#website\"},\"datePublished\":\"2025-11-25T10:30:55+00:00\",\"dateModified\":\"2025-11-26T09:37:12+00:00\",\"breadcrumb\":{\"@id\":\"https:\\\/\\\/www.cjvt.si\\\/online-notes\\\/medijsko-sredisce\\\/#breadcrumb\"},\"inLanguage\":\"sl-SI\",\"potentialAction\":[{\"@type\":\"ReadAction\",\"target\":[\"https:\\\/\\\/www.cjvt.si\\\/online-notes\\\/medijsko-sredisce\\\/\"]}]},{\"@type\":\"BreadcrumbList\",\"@id\":\"https:\\\/\\\/www.cjvt.si\\\/online-notes\\\/medijsko-sredisce\\\/#breadcrumb\",\"itemListElement\":[{\"@type\":\"ListItem\",\"position\":1,\"name\":\"Home\",\"item\":\"https:\\\/\\\/www.cjvt.si\\\/online-notes\\\/\"},{\"@type\":\"ListItem\",\"position\":2,\"name\":\"Medijsko sredi\u0161\u010de\"}]},{\"@type\":\"WebSite\",\"@id\":\"https:\\\/\\\/www.cjvt.si\\\/online-notes\\\/#website\",\"url\":\"https:\\\/\\\/www.cjvt.si\\\/online-notes\\\/\",\"name\":\"Online Notes\",\"description\":\"\",\"potentialAction\":[{\"@type\":\"SearchAction\",\"target\":{\"@type\":\"EntryPoint\",\"urlTemplate\":\"https:\\\/\\\/www.cjvt.si\\\/online-notes\\\/?s={search_term_string}\"},\"query-input\":{\"@type\":\"PropertyValueSpecification\",\"valueRequired\":true,\"valueName\":\"search_term_string\"}}],\"inLanguage\":\"sl-SI\"}]}<\/script>\n<!-- \/ Yoast SEO plugin. -->","yoast_head_json":{"title":"Medijsko sredi\u0161\u010de - Online Notes","robots":{"index":"index","follow":"follow","max-snippet":"max-snippet:-1","max-image-preview":"max-image-preview:large","max-video-preview":"max-video-preview:-1"},"canonical":"https:\/\/www.cjvt.si\/online-notes\/medijsko-sredisce\/","og_locale":"sl_SI","og_type":"article","og_title":"Medijsko sredi\u0161\u010de - Online Notes","og_description":"Osnovni opis orodja Kaj je Online Notes? Online Notes (ON) je spletni portal Univerze v Ljubljani, ki omogo\u010da, da lahko med predavanji poslu\u0161alci na svojih mobilnih napravah ali prenosnikih v realnem \u010dasu spremljajo izpis predavateljevega govora v sloven\u0161\u010dini ter njegov prevod v angle\u0161\u010dino. Predavatelj je opremljen z mikrofonom in na spletnem portalu po\u017eene orodje, ki [&hellip;]","og_url":"https:\/\/www.cjvt.si\/online-notes\/medijsko-sredisce\/","og_site_name":"Online Notes","article_modified_time":"2025-11-26T09:37:12+00:00","twitter_card":"summary_large_image","twitter_misc":{"Est. reading time":"1 minuta"},"schema":{"@context":"https:\/\/schema.org","@graph":[{"@type":"WebPage","@id":"https:\/\/www.cjvt.si\/online-notes\/medijsko-sredisce\/","url":"https:\/\/www.cjvt.si\/online-notes\/medijsko-sredisce\/","name":"Medijsko sredi\u0161\u010de - Online Notes","isPartOf":{"@id":"https:\/\/www.cjvt.si\/online-notes\/#website"},"datePublished":"2025-11-25T10:30:55+00:00","dateModified":"2025-11-26T09:37:12+00:00","breadcrumb":{"@id":"https:\/\/www.cjvt.si\/online-notes\/medijsko-sredisce\/#breadcrumb"},"inLanguage":"sl-SI","potentialAction":[{"@type":"ReadAction","target":["https:\/\/www.cjvt.si\/online-notes\/medijsko-sredisce\/"]}]},{"@type":"BreadcrumbList","@id":"https:\/\/www.cjvt.si\/online-notes\/medijsko-sredisce\/#breadcrumb","itemListElement":[{"@type":"ListItem","position":1,"name":"Home","item":"https:\/\/www.cjvt.si\/online-notes\/"},{"@type":"ListItem","position":2,"name":"Medijsko sredi\u0161\u010de"}]},{"@type":"WebSite","@id":"https:\/\/www.cjvt.si\/online-notes\/#website","url":"https:\/\/www.cjvt.si\/online-notes\/","name":"Online Notes","description":"","potentialAction":[{"@type":"SearchAction","target":{"@type":"EntryPoint","urlTemplate":"https:\/\/www.cjvt.si\/online-notes\/?s={search_term_string}"},"query-input":{"@type":"PropertyValueSpecification","valueRequired":true,"valueName":"search_term_string"}}],"inLanguage":"sl-SI"}]}},"_links":{"self":[{"href":"https:\/\/www.cjvt.si\/online-notes\/wp-json\/wp\/v2\/pages\/2126","targetHints":{"allow":["GET"]}}],"collection":[{"href":"https:\/\/www.cjvt.si\/online-notes\/wp-json\/wp\/v2\/pages"}],"about":[{"href":"https:\/\/www.cjvt.si\/online-notes\/wp-json\/wp\/v2\/types\/page"}],"author":[{"embeddable":true,"href":"https:\/\/www.cjvt.si\/online-notes\/wp-json\/wp\/v2\/users\/23"}],"replies":[{"embeddable":true,"href":"https:\/\/www.cjvt.si\/online-notes\/wp-json\/wp\/v2\/comments?post=2126"}],"version-history":[{"count":13,"href":"https:\/\/www.cjvt.si\/online-notes\/wp-json\/wp\/v2\/pages\/2126\/revisions"}],"predecessor-version":[{"id":2146,"href":"https:\/\/www.cjvt.si\/online-notes\/wp-json\/wp\/v2\/pages\/2126\/revisions\/2146"}],"wp:attachment":[{"href":"https:\/\/www.cjvt.si\/online-notes\/wp-json\/wp\/v2\/media?parent=2126"}],"curies":[{"name":"wp","href":"https:\/\/api.w.org\/{rel}","templated":true}]}}