{"id":29,"date":"2024-01-11T10:41:49","date_gmt":"2024-01-11T09:41:49","guid":{"rendered":"https:\/\/www.cjvt.si\/pjv\/?page_id=29"},"modified":"2024-01-11T10:41:49","modified_gmt":"2024-01-11T09:41:49","slug":"about-the-project","status":"publish","type":"page","link":"https:\/\/www.cjvt.si\/pjv\/about-the-project\/","title":{"rendered":"About the project"},"content":{"rendered":"<div class=\"gdl-page-float-left\">\n<div class=\"gdl-page-item\">\n<div class=\"sixteen columns mb20\">\n<div class=\"gdl-page-content\">\n<p>As the digital era continues to evolve, more and more different language resources, tools, and technologies for Slovene are becoming freely available online. With this progress, the possibilities for researching the Slovene language are also changing: the number and variety of available resources is increasing, as is the number of potential users. The authors of language resources have been successfully meeting the challenges of the digital medium, and have started to pay more attention to making their resources freely available and in different tools to ensure wider usability. However, in reality, the results often fall short of their true potential, as wider dissemination and training of users typically lies outside the scope of the projects in which such resources are developed.<\/p>\n<p>We have developed The Portal for the Presentation of Slovene Language Resources and Tools to make dissemination easier for the authors of the resources, and to provide the users with an overview of available features. The main novel contribution of the portal are video tutorials that present in a concise and straightforward way the purpose, content, and structure of various freely available online language resources. Also available are tutorials that show specific examples of language problems that can be answered by the resource in question. The tutorials are prepared in a way so they can be watched on different devices with different screen sizes. In addition, the users have the option to watch them with Slovene or English subtitles.<\/p>\n<p>The portal is a result of two smaller projects funded in 2014 and 2015 by the <a href=\"http:\/\/www.mk.gov.si\/en\/\" target=\"_blank\" rel=\"noopener\">Ministry of Culture of the Republic of Slovenia<\/a> under the <em>Public call for funding projects focused on the presentation, promotion and development of the Slovene language<\/em>. In 2015, a special promotional activity <a href=\"http:\/\/viri.trojina.si\/vir-meseca\/\" target=\"_blank\" rel=\"noopener\">The Resource of the Month<\/a> was conducted, where several selected resources were presented with interesting facts, language statistics, interviews with the authors, ideas for the use of the resources in the classrooms, and so forth.<\/p>\n<p>Currently, the portal provides tutorials for the following resources:<\/p>\n<ul>\n<li>Gigafida, the reference corpus of written Slovene (<a href=\"http:\/\/www.gigafida.net\">corpus<\/a>; <a href=\"https:\/\/youtu.be\/lCnH_SJBYZE\">tutorial<\/a>),<\/li>\n<li>GOS, the reference corpus of spoken Slovene (<a href=\"http:\/\/www.korpus-gos.net\">corpus<\/a>; <a href=\"https:\/\/youtu.be\/_WjaMRqXDp8\">tutorial<\/a>),<\/li>\n<li>\u0160olar, the developmental corpus of student writing with teacher corrections (<a href=\"http:\/\/www.korpus-solar.net\">corpus<\/a>; <a href=\"https:\/\/youtu.be\/U3grtR_nxKQ\">tutorial<\/a>),<\/li>\n<li>Dictionary portal Fran (<a href=\"http:\/\/www.fran.si\">portal<\/a>; <a href=\"https:\/\/youtu.be\/ofOYAMhINeA\">tutorial<\/a>),<\/li>\n<li>Dictionary portal Termania (<a href=\"http:\/\/www.termania.net\">portal<\/a>;<a href=\"https:\/\/youtu.be\/2NVlgI2XNj4\"> tutorial<\/a>),<\/li>\n<li>IMP language resources for historical Slovene (<a href=\"http:\/\/nl. ijs.si\/imp\/\">project<\/a>; <a href=\"https:\/\/youtu.be\/nC6jHaM5c8o\">tutorial<\/a>),<\/li>\n<li>Signor, the corpus of Slovene sign language (<a href=\"http:\/\/lojze.lugos.si\/signor\/\">project<\/a>; <a href=\"https:\/\/youtu.be\/Fg4ObEAxIro\">tutorial<\/a>),<\/li>\n<li>Razvezani jezik, collaborative dictionary of Slovene slang (<a href=\"http:\/\/razvezanijezik.org\/\">dictionary<\/a>; <a href=\"https:\/\/youtu.be\/UB05Q5FGzO4\">tutorial<\/a>),<\/li>\n<li>ISJFR ZRC SAZU Language council (<a href=\"http:\/\/isjfr.zrc-sazu.si\/svetovalnica#v\">homepage<\/a>; <a href=\"https:\/\/youtu.be\/i0hYrZ-lMWU\">tutorial<\/a>),<\/li>\n<li>ISJFR ZRC SAZU Terminology council (<a href=\"http:\/\/isjfr.zrc-sazu.si\/terminologisce#v\">homepage<\/a>; <a href=\"https:\/\/youtu.be\/BUsIjFD0pBs\">tutorial<\/a>),<\/li>\n<li>Pedagogical grammar portal (<a href=\"http:\/\/www.slovnica.slovenscina.eu\">portal<\/a>; <a href=\"https:\/\/youtu.be\/mb9VSENQjxY\">tutorial<\/a>),<\/li>\n<li>Sloleks, morphological lexicon (<a href=\"http:\/\/www.slovenscina.eu\/sloleks\">lexicon<\/a>; <a href=\"https:\/\/youtu.be\/NPCr6hXMde8\">tutorial<\/a>),<\/li>\n<li>Obeliks, morphosyntactic tagger (<a href=\"http:\/\/www.slovenscina.eu\/tehnologije\/oznacevalnik\">program<\/a>; <a href=\"https:\/\/youtu.be\/TX07Ewvm7eY\">tutorial<\/a>),<\/li>\n<li>Digitized older Slovene orthographies (<a href=\"http:\/\/www.\u200ctrojina.org\/pravopisi\">e-reader<\/a>; <a href=\"https:\/\/youtu.be\/w9JJinOPJI0\">tutorial<\/a>),<\/li>\n<li>Digitized older Slovene grammars (<a href=\"http:\/\/www.\u200camebis.si\/slovnice\">e-reader<\/a>; <a href=\"https:\/\/youtu.be\/iWtsjUKlHec\">tutorial<\/a>).<\/li>\n<\/ul>\n<p>&nbsp;<\/p>\n<p>If you like the idea and its implementation, we would appreciate your support, as well as comments and suggestions for further improvements. Join our <a href=\"https:\/\/www.facebook.com\/jezikovniviri\" target=\"_blank\" rel=\"noopener\">Facebook page<\/a> or contact us at <a href=\"ma&#105;&#108;&#116;&#111;&#x3a;&#x69;&#x6e;&#x66;&#x6f;&#64;t&#114;&#111;&#106;&#105;&#x6e;&#x61;&#x2e;&#x73;&#x69;\">&#x69;n&#x66;&#111;&#64;&#x74;&#114;&#x6f;&#106;i&#x6e;&#97;&#x2e;&#115;i<\/a>. Enjoy!<\/p>\n<p><strong>The<\/strong><strong> authors of the portal are \u0160pela Arhar Holdt, Kaja Dobrovoljc, and Iztok Kosem. <\/strong><\/p>\n<p>ARHAR HOLDT, \u0160pela, DOBROVOLJC, Kaja, KOSEM, Iztok. Predstavitveni portal spletnih jezikovnih virov za sloven\u0161\u010dino. V: ERJAVEC, Toma\u017e (ur.), FI\u0160ER, Darja (ur.). Zbornik konference Jezikovne tehnologije in digitalna humanistika, 29. september \u2013 1. oktober 2016, Filozofska fakulteta, Univerza v Ljubljani, Ljubljana, Slovenija = Proceedings of the Conference on Language Technologies &amp; Digital Humanities, September 29th \u2013 October 1st, 2016 Faculty of Arts, University of Ljubljana, Ljubljana, Slovenia. Ljubljana: Znanstvena zalo\u017eba Filozofske fakultete, 2016, str. 27-31. <a href=\"http:\/\/www.sdjt.si\/wp\/wp-content\/uploads\/2016\/09\/JTDH-2016_Arhar-et-al_Predstavitveni-portal-spletnih-jezikovnih-virov-za-slo.pdf\" target=\"_blank\" rel=\"noopener\">http:\/\/www.sdjt.si\/wp\/wp-content\/uploads\/2016\/09\/JTDH-2016_Arhar-et-al_Predstavitveni-portal-spletnih-jezikovnih-virov-za-slo.pdf<\/a>.<\/p>\n<\/div>\n<\/div>\n<\/div>\n<\/div>\n","protected":false},"excerpt":{"rendered":"<p>As the digital era continues to evolve, more and more different language resources, tools, and technologies for Slovene are becoming freely available online. With this progress, the possibilities for researching the Slovene language are also changing: the number and variety of available resources is increasing, as is the number of potential users. The authors of [&hellip;]<\/p>\n","protected":false},"author":18,"featured_media":0,"parent":0,"menu_order":0,"comment_status":"closed","ping_status":"closed","template":"","meta":{"_acf_changed":false,"_relevanssi_hide_post":"","_relevanssi_hide_content":"","_relevanssi_pin_for_all":"","_relevanssi_pin_keywords":"","_relevanssi_unpin_keywords":"","_relevanssi_related_keywords":"","_relevanssi_related_include_ids":"","_relevanssi_related_exclude_ids":"","_relevanssi_related_no_append":"","_relevanssi_related_not_related":"","_relevanssi_related_posts":"","_relevanssi_noindex_reason":"","inline_featured_image":false,"episode_type":"","audio_file":"","podmotor_file_id":"","podmotor_episode_id":"","cover_image":"","cover_image_id":"","duration":"","filesize":"","filesize_raw":"","date_recorded":"","explicit":"","block":"","itunes_episode_number":"","itunes_title":"","itunes_season_number":"","itunes_episode_type":"","footnotes":""},"class_list":["post-29","page","type-page","status-publish","hentry"],"acf":[],"yoast_head":"<!-- This site is optimized with the Yoast SEO plugin v27.3 - https:\/\/yoast.com\/product\/yoast-seo-wordpress\/ -->\n<title>About the project - Predstavitveni portal spletnih jezikovnih virov za sloven\u0161\u010dino<\/title>\n<meta name=\"robots\" content=\"index, follow, max-snippet:-1, max-image-preview:large, max-video-preview:-1\" \/>\n<link rel=\"canonical\" href=\"https:\/\/www.cjvt.si\/pjv\/about-the-project\/\" \/>\n<meta property=\"og:locale\" content=\"sl_SI\" \/>\n<meta property=\"og:type\" content=\"article\" \/>\n<meta property=\"og:title\" content=\"About the project - Predstavitveni portal spletnih jezikovnih virov za sloven\u0161\u010dino\" \/>\n<meta property=\"og:description\" content=\"As the digital era continues to evolve, more and more different language resources, tools, and technologies for Slovene are becoming freely available online. With this progress, the possibilities for researching the Slovene language are also changing: the number and variety of available resources is increasing, as is the number of potential users. The authors of [&hellip;]\" \/>\n<meta property=\"og:url\" content=\"https:\/\/www.cjvt.si\/pjv\/about-the-project\/\" \/>\n<meta property=\"og:site_name\" content=\"Predstavitveni portal spletnih jezikovnih virov za sloven\u0161\u010dino\" \/>\n<meta name=\"twitter:card\" content=\"summary_large_image\" \/>\n<script type=\"application\/ld+json\" class=\"yoast-schema-graph\">{\"@context\":\"https:\\\/\\\/schema.org\",\"@graph\":[{\"@type\":\"WebPage\",\"@id\":\"https:\\\/\\\/www.cjvt.si\\\/pjv\\\/about-the-project\\\/\",\"url\":\"https:\\\/\\\/www.cjvt.si\\\/pjv\\\/about-the-project\\\/\",\"name\":\"About the project - Predstavitveni portal spletnih jezikovnih virov za sloven\u0161\u010dino\",\"isPartOf\":{\"@id\":\"https:\\\/\\\/www.cjvt.si\\\/pjv\\\/#website\"},\"datePublished\":\"2024-01-11T09:41:49+00:00\",\"breadcrumb\":{\"@id\":\"https:\\\/\\\/www.cjvt.si\\\/pjv\\\/about-the-project\\\/#breadcrumb\"},\"inLanguage\":\"sl-SI\",\"potentialAction\":[{\"@type\":\"ReadAction\",\"target\":[\"https:\\\/\\\/www.cjvt.si\\\/pjv\\\/about-the-project\\\/\"]}]},{\"@type\":\"BreadcrumbList\",\"@id\":\"https:\\\/\\\/www.cjvt.si\\\/pjv\\\/about-the-project\\\/#breadcrumb\",\"itemListElement\":[{\"@type\":\"ListItem\",\"position\":1,\"name\":\"Home\",\"item\":\"https:\\\/\\\/www.cjvt.si\\\/pjv\\\/\"},{\"@type\":\"ListItem\",\"position\":2,\"name\":\"About the project\"}]},{\"@type\":\"WebSite\",\"@id\":\"https:\\\/\\\/www.cjvt.si\\\/pjv\\\/#website\",\"url\":\"https:\\\/\\\/www.cjvt.si\\\/pjv\\\/\",\"name\":\"Predstavitveni portal spletnih jezikovnih virov za sloven\u0161\u010dino\",\"description\":\"\",\"potentialAction\":[{\"@type\":\"SearchAction\",\"target\":{\"@type\":\"EntryPoint\",\"urlTemplate\":\"https:\\\/\\\/www.cjvt.si\\\/pjv\\\/?s={search_term_string}\"},\"query-input\":{\"@type\":\"PropertyValueSpecification\",\"valueRequired\":true,\"valueName\":\"search_term_string\"}}],\"inLanguage\":\"sl-SI\"}]}<\/script>\n<!-- \/ Yoast SEO plugin. -->","yoast_head_json":{"title":"About the project - Predstavitveni portal spletnih jezikovnih virov za sloven\u0161\u010dino","robots":{"index":"index","follow":"follow","max-snippet":"max-snippet:-1","max-image-preview":"max-image-preview:large","max-video-preview":"max-video-preview:-1"},"canonical":"https:\/\/www.cjvt.si\/pjv\/about-the-project\/","og_locale":"sl_SI","og_type":"article","og_title":"About the project - Predstavitveni portal spletnih jezikovnih virov za sloven\u0161\u010dino","og_description":"As the digital era continues to evolve, more and more different language resources, tools, and technologies for Slovene are becoming freely available online. With this progress, the possibilities for researching the Slovene language are also changing: the number and variety of available resources is increasing, as is the number of potential users. The authors of [&hellip;]","og_url":"https:\/\/www.cjvt.si\/pjv\/about-the-project\/","og_site_name":"Predstavitveni portal spletnih jezikovnih virov za sloven\u0161\u010dino","twitter_card":"summary_large_image","schema":{"@context":"https:\/\/schema.org","@graph":[{"@type":"WebPage","@id":"https:\/\/www.cjvt.si\/pjv\/about-the-project\/","url":"https:\/\/www.cjvt.si\/pjv\/about-the-project\/","name":"About the project - Predstavitveni portal spletnih jezikovnih virov za sloven\u0161\u010dino","isPartOf":{"@id":"https:\/\/www.cjvt.si\/pjv\/#website"},"datePublished":"2024-01-11T09:41:49+00:00","breadcrumb":{"@id":"https:\/\/www.cjvt.si\/pjv\/about-the-project\/#breadcrumb"},"inLanguage":"sl-SI","potentialAction":[{"@type":"ReadAction","target":["https:\/\/www.cjvt.si\/pjv\/about-the-project\/"]}]},{"@type":"BreadcrumbList","@id":"https:\/\/www.cjvt.si\/pjv\/about-the-project\/#breadcrumb","itemListElement":[{"@type":"ListItem","position":1,"name":"Home","item":"https:\/\/www.cjvt.si\/pjv\/"},{"@type":"ListItem","position":2,"name":"About the project"}]},{"@type":"WebSite","@id":"https:\/\/www.cjvt.si\/pjv\/#website","url":"https:\/\/www.cjvt.si\/pjv\/","name":"Predstavitveni portal spletnih jezikovnih virov za sloven\u0161\u010dino","description":"","potentialAction":[{"@type":"SearchAction","target":{"@type":"EntryPoint","urlTemplate":"https:\/\/www.cjvt.si\/pjv\/?s={search_term_string}"},"query-input":{"@type":"PropertyValueSpecification","valueRequired":true,"valueName":"search_term_string"}}],"inLanguage":"sl-SI"}]}},"_links":{"self":[{"href":"https:\/\/www.cjvt.si\/pjv\/wp-json\/wp\/v2\/pages\/29","targetHints":{"allow":["GET"]}}],"collection":[{"href":"https:\/\/www.cjvt.si\/pjv\/wp-json\/wp\/v2\/pages"}],"about":[{"href":"https:\/\/www.cjvt.si\/pjv\/wp-json\/wp\/v2\/types\/page"}],"author":[{"embeddable":true,"href":"https:\/\/www.cjvt.si\/pjv\/wp-json\/wp\/v2\/users\/18"}],"replies":[{"embeddable":true,"href":"https:\/\/www.cjvt.si\/pjv\/wp-json\/wp\/v2\/comments?post=29"}],"version-history":[{"count":1,"href":"https:\/\/www.cjvt.si\/pjv\/wp-json\/wp\/v2\/pages\/29\/revisions"}],"predecessor-version":[{"id":30,"href":"https:\/\/www.cjvt.si\/pjv\/wp-json\/wp\/v2\/pages\/29\/revisions\/30"}],"wp:attachment":[{"href":"https:\/\/www.cjvt.si\/pjv\/wp-json\/wp\/v2\/media?parent=29"}],"curies":[{"name":"wp","href":"https:\/\/api.w.org\/{rel}","templated":true}]}}