{"id":31,"date":"2024-01-11T10:42:39","date_gmt":"2024-01-11T09:42:39","guid":{"rendered":"https:\/\/www.cjvt.si\/pjv\/?page_id=31"},"modified":"2024-01-11T10:42:39","modified_gmt":"2024-01-11T09:42:39","slug":"izjava-o-zasebnosti","status":"publish","type":"page","link":"https:\/\/www.cjvt.si\/pjv\/izjava-o-zasebnosti\/","title":{"rendered":"Izjava o zasebnosti"},"content":{"rendered":"<p>Na\u0161e spletno mesto uporablja pi\u0161kotke. To so majhne datoteke, ki jih spletni stre\u017enik ob obisku ponudi va\u0161emu brskalniku. Ta jih obi\u010dajno shrani na va\u0161 ra\u010dunalnik oziroma mobilno napravo, s katero dostopate na internet, ob kasnej\u0161ih obiskih pa se shranjeni pi\u0161kotek iz brskalnika ponovno po\u0161lje stre\u017eniku. Pi\u0161kotki se uporabljajo za shranjevanje nastavitev, vodenje sej posameznih uporabnikov, razlikovanje med uporabniki in za sledenje uporabnikom na spleti\u0161\u010du (ali tudi med ve\u010dimi spleti\u0161\u010di). Nadzor nad nalaganjem pi\u0161kotkov, pregled njihovih lastnosti in brisanje so mo\u017eni v nastavitvah va\u0161ega spletnega brskalnika ali z uporabo dodatnih vti\u010dnikov.<\/p>\n<p>Pi\u0161kotke razlikujemo glede na naslednje zna\u010dilnosti:<\/p>\n<ol start=\"1\">\n<li>za\u010dasni (in sejni) ali trajni pi\u0161kotki,<\/li>\n<li>lastni pi\u0161kotki ali pi\u0161kotki tretjih oseb.<\/li>\n<\/ol>\n<p>Sejni pi\u0161kotek je pi\u0161kotek, ki se samodejno izbri\u0161e, ko brskalnik zaprete, medtem ko trajni pi\u0161kotek ostane shranjen v brskalniku, dokler ne mine dolo\u010deno obdobje (nekaj minut, dni ali ve\u010d let).<\/p>\n<p>Lastne pi\u0161kotke postavi spletno mesto, ki ste ga obiskali, pi\u0161kotke tretjih oseb pa postavi zunanja spletna storitev, ki je v spletno mesto vklju\u010dena zaradi \u017eelene funkcionalnosti.<\/p>\n<h3>Pi\u0161kotki na spletnem mestu viri.trojina.si<\/h3>\n<p><strong>Lastni pi\u0161kotki<\/strong><\/p>\n<p>wp-settings-time-[UID] |\u00a0viri.trojina.si | Pi\u0161kotek je potreben za pravilno delovanje spletnega ogrodja. Traja 1 leto.<br \/>\nwordpress_test_cookie |\u00a0viri.trojina.si | Ugotovi, ali lahko va\u0161 brskalnik sprejme pi\u0161kotke. Traja do konca seje.<br \/>\nqtrans_cookie_test |\u00a0viri.trojina.si | Za brskanje v razli\u010dnih jezikih.\u00a0Traja do konca seje.<br \/>\n_drip_client_6994213|\u00a0viri.trojina.si | Zapomni si pretekle aktivnosti ponovnega brskanja po strani med isto sejo<br \/>\n_ga |\u00a0trojina.si | Za razlikovanje uporabnikov. Traja 2 leti. Googlov pravilnik o zasebnosti najdete tu: https:\/\/www.google.com\/intl\/sl\/policies\/privacy\/<br \/>\n_gid |\u00a0trojina.si |\u00a0Za izra\u010dun podatkov o obisku na\u0161ega spletnega mesta. Traja 24 ur.<\/p>\n<p><strong>Pi\u0161kotki tretjih spletnih strani<\/strong><\/p>\n<p><strong>CONSENT, NID<\/strong> |\u00a0.gstatic.com |\u00a0shrani va\u0161e nastavitve in druge podatke, kot so izbrani jezik (npr. sloven\u0161\u010dina), podatek o tem, koliko rezultatov iskanja naj bo prikazanih na strani (npr. 10 ali 20), in podatek o tem, ali naj bo vklopljen Googlov filter Varno iskanje. Ve\u010d o pi\u0161kotkih, ki jih uporablja Google:\u00a0https:\/\/www.google.com\/policies\/technologies\/types\/<br \/>\n<strong>__utma,\u00a0__utmc,\u00a0__utmz<\/strong> |\u00a0.static.addtoany.com | Za pravilno delovanje vti\u010dnika za deljenje vsebin na dru\u017ebenih omre\u017ejih.<br \/>\n<strong>uvc<\/strong> | .addtoany.com\u00a0| Za pravilno delovanje vti\u010dnika za deljenje vsebin na dru\u017ebenih omre\u017ejih.<br \/>\n<strong>_js_reg_fb_ref, datr, fr, locale,\u00a0reg_fb_gate,\u00a0reg_fb_ref, sb, wd<\/strong> | facebook.com | Za delovanje Facebook vti\u010dnikov.<\/p>\n","protected":false},"excerpt":{"rendered":"<p>Na\u0161e spletno mesto uporablja pi\u0161kotke. To so majhne datoteke, ki jih spletni stre\u017enik ob obisku ponudi va\u0161emu brskalniku. Ta jih obi\u010dajno shrani na va\u0161 ra\u010dunalnik oziroma mobilno napravo, s katero dostopate na internet, ob kasnej\u0161ih obiskih pa se shranjeni pi\u0161kotek iz brskalnika ponovno po\u0161lje stre\u017eniku. Pi\u0161kotki se uporabljajo za shranjevanje nastavitev, vodenje sej posameznih uporabnikov, [&hellip;]<\/p>\n","protected":false},"author":18,"featured_media":0,"parent":0,"menu_order":0,"comment_status":"closed","ping_status":"closed","template":"","meta":{"_acf_changed":false,"_relevanssi_hide_post":"","_relevanssi_hide_content":"","_relevanssi_pin_for_all":"","_relevanssi_pin_keywords":"","_relevanssi_unpin_keywords":"","_relevanssi_related_keywords":"","_relevanssi_related_include_ids":"","_relevanssi_related_exclude_ids":"","_relevanssi_related_no_append":"","_relevanssi_related_not_related":"","_relevanssi_related_posts":"","_relevanssi_noindex_reason":"","inline_featured_image":false,"episode_type":"","audio_file":"","podmotor_file_id":"","podmotor_episode_id":"","cover_image":"","cover_image_id":"","duration":"","filesize":"","filesize_raw":"","date_recorded":"","explicit":"","block":"","itunes_episode_number":"","itunes_title":"","itunes_season_number":"","itunes_episode_type":"","footnotes":""},"class_list":["post-31","page","type-page","status-publish","hentry"],"acf":[],"yoast_head":"<!-- This site is optimized with the Yoast SEO plugin v27.3 - https:\/\/yoast.com\/product\/yoast-seo-wordpress\/ -->\n<title>Izjava o zasebnosti - Predstavitveni portal spletnih jezikovnih virov za sloven\u0161\u010dino<\/title>\n<meta name=\"robots\" content=\"index, follow, max-snippet:-1, max-image-preview:large, max-video-preview:-1\" \/>\n<link rel=\"canonical\" href=\"https:\/\/www.cjvt.si\/pjv\/izjava-o-zasebnosti\/\" \/>\n<meta property=\"og:locale\" content=\"sl_SI\" \/>\n<meta property=\"og:type\" content=\"article\" \/>\n<meta property=\"og:title\" content=\"Izjava o zasebnosti - Predstavitveni portal spletnih jezikovnih virov za sloven\u0161\u010dino\" \/>\n<meta property=\"og:description\" content=\"Na\u0161e spletno mesto uporablja pi\u0161kotke. To so majhne datoteke, ki jih spletni stre\u017enik ob obisku ponudi va\u0161emu brskalniku. Ta jih obi\u010dajno shrani na va\u0161 ra\u010dunalnik oziroma mobilno napravo, s katero dostopate na internet, ob kasnej\u0161ih obiskih pa se shranjeni pi\u0161kotek iz brskalnika ponovno po\u0161lje stre\u017eniku. Pi\u0161kotki se uporabljajo za shranjevanje nastavitev, vodenje sej posameznih uporabnikov, [&hellip;]\" \/>\n<meta property=\"og:url\" content=\"https:\/\/www.cjvt.si\/pjv\/izjava-o-zasebnosti\/\" \/>\n<meta property=\"og:site_name\" content=\"Predstavitveni portal spletnih jezikovnih virov za sloven\u0161\u010dino\" \/>\n<meta name=\"twitter:card\" content=\"summary_large_image\" \/>\n<script type=\"application\/ld+json\" class=\"yoast-schema-graph\">{\"@context\":\"https:\\\/\\\/schema.org\",\"@graph\":[{\"@type\":\"WebPage\",\"@id\":\"https:\\\/\\\/www.cjvt.si\\\/pjv\\\/izjava-o-zasebnosti\\\/\",\"url\":\"https:\\\/\\\/www.cjvt.si\\\/pjv\\\/izjava-o-zasebnosti\\\/\",\"name\":\"Izjava o zasebnosti - Predstavitveni portal spletnih jezikovnih virov za sloven\u0161\u010dino\",\"isPartOf\":{\"@id\":\"https:\\\/\\\/www.cjvt.si\\\/pjv\\\/#website\"},\"datePublished\":\"2024-01-11T09:42:39+00:00\",\"breadcrumb\":{\"@id\":\"https:\\\/\\\/www.cjvt.si\\\/pjv\\\/izjava-o-zasebnosti\\\/#breadcrumb\"},\"inLanguage\":\"sl-SI\",\"potentialAction\":[{\"@type\":\"ReadAction\",\"target\":[\"https:\\\/\\\/www.cjvt.si\\\/pjv\\\/izjava-o-zasebnosti\\\/\"]}]},{\"@type\":\"BreadcrumbList\",\"@id\":\"https:\\\/\\\/www.cjvt.si\\\/pjv\\\/izjava-o-zasebnosti\\\/#breadcrumb\",\"itemListElement\":[{\"@type\":\"ListItem\",\"position\":1,\"name\":\"Home\",\"item\":\"https:\\\/\\\/www.cjvt.si\\\/pjv\\\/\"},{\"@type\":\"ListItem\",\"position\":2,\"name\":\"Izjava o zasebnosti\"}]},{\"@type\":\"WebSite\",\"@id\":\"https:\\\/\\\/www.cjvt.si\\\/pjv\\\/#website\",\"url\":\"https:\\\/\\\/www.cjvt.si\\\/pjv\\\/\",\"name\":\"Predstavitveni portal spletnih jezikovnih virov za sloven\u0161\u010dino\",\"description\":\"\",\"potentialAction\":[{\"@type\":\"SearchAction\",\"target\":{\"@type\":\"EntryPoint\",\"urlTemplate\":\"https:\\\/\\\/www.cjvt.si\\\/pjv\\\/?s={search_term_string}\"},\"query-input\":{\"@type\":\"PropertyValueSpecification\",\"valueRequired\":true,\"valueName\":\"search_term_string\"}}],\"inLanguage\":\"sl-SI\"}]}<\/script>\n<!-- \/ Yoast SEO plugin. -->","yoast_head_json":{"title":"Izjava o zasebnosti - Predstavitveni portal spletnih jezikovnih virov za sloven\u0161\u010dino","robots":{"index":"index","follow":"follow","max-snippet":"max-snippet:-1","max-image-preview":"max-image-preview:large","max-video-preview":"max-video-preview:-1"},"canonical":"https:\/\/www.cjvt.si\/pjv\/izjava-o-zasebnosti\/","og_locale":"sl_SI","og_type":"article","og_title":"Izjava o zasebnosti - Predstavitveni portal spletnih jezikovnih virov za sloven\u0161\u010dino","og_description":"Na\u0161e spletno mesto uporablja pi\u0161kotke. To so majhne datoteke, ki jih spletni stre\u017enik ob obisku ponudi va\u0161emu brskalniku. Ta jih obi\u010dajno shrani na va\u0161 ra\u010dunalnik oziroma mobilno napravo, s katero dostopate na internet, ob kasnej\u0161ih obiskih pa se shranjeni pi\u0161kotek iz brskalnika ponovno po\u0161lje stre\u017eniku. Pi\u0161kotki se uporabljajo za shranjevanje nastavitev, vodenje sej posameznih uporabnikov, [&hellip;]","og_url":"https:\/\/www.cjvt.si\/pjv\/izjava-o-zasebnosti\/","og_site_name":"Predstavitveni portal spletnih jezikovnih virov za sloven\u0161\u010dino","twitter_card":"summary_large_image","schema":{"@context":"https:\/\/schema.org","@graph":[{"@type":"WebPage","@id":"https:\/\/www.cjvt.si\/pjv\/izjava-o-zasebnosti\/","url":"https:\/\/www.cjvt.si\/pjv\/izjava-o-zasebnosti\/","name":"Izjava o zasebnosti - Predstavitveni portal spletnih jezikovnih virov za sloven\u0161\u010dino","isPartOf":{"@id":"https:\/\/www.cjvt.si\/pjv\/#website"},"datePublished":"2024-01-11T09:42:39+00:00","breadcrumb":{"@id":"https:\/\/www.cjvt.si\/pjv\/izjava-o-zasebnosti\/#breadcrumb"},"inLanguage":"sl-SI","potentialAction":[{"@type":"ReadAction","target":["https:\/\/www.cjvt.si\/pjv\/izjava-o-zasebnosti\/"]}]},{"@type":"BreadcrumbList","@id":"https:\/\/www.cjvt.si\/pjv\/izjava-o-zasebnosti\/#breadcrumb","itemListElement":[{"@type":"ListItem","position":1,"name":"Home","item":"https:\/\/www.cjvt.si\/pjv\/"},{"@type":"ListItem","position":2,"name":"Izjava o zasebnosti"}]},{"@type":"WebSite","@id":"https:\/\/www.cjvt.si\/pjv\/#website","url":"https:\/\/www.cjvt.si\/pjv\/","name":"Predstavitveni portal spletnih jezikovnih virov za sloven\u0161\u010dino","description":"","potentialAction":[{"@type":"SearchAction","target":{"@type":"EntryPoint","urlTemplate":"https:\/\/www.cjvt.si\/pjv\/?s={search_term_string}"},"query-input":{"@type":"PropertyValueSpecification","valueRequired":true,"valueName":"search_term_string"}}],"inLanguage":"sl-SI"}]}},"_links":{"self":[{"href":"https:\/\/www.cjvt.si\/pjv\/wp-json\/wp\/v2\/pages\/31","targetHints":{"allow":["GET"]}}],"collection":[{"href":"https:\/\/www.cjvt.si\/pjv\/wp-json\/wp\/v2\/pages"}],"about":[{"href":"https:\/\/www.cjvt.si\/pjv\/wp-json\/wp\/v2\/types\/page"}],"author":[{"embeddable":true,"href":"https:\/\/www.cjvt.si\/pjv\/wp-json\/wp\/v2\/users\/18"}],"replies":[{"embeddable":true,"href":"https:\/\/www.cjvt.si\/pjv\/wp-json\/wp\/v2\/comments?post=31"}],"version-history":[{"count":1,"href":"https:\/\/www.cjvt.si\/pjv\/wp-json\/wp\/v2\/pages\/31\/revisions"}],"predecessor-version":[{"id":32,"href":"https:\/\/www.cjvt.si\/pjv\/wp-json\/wp\/v2\/pages\/31\/revisions\/32"}],"wp:attachment":[{"href":"https:\/\/www.cjvt.si\/pjv\/wp-json\/wp\/v2\/media?parent=31"}],"curies":[{"name":"wp","href":"https:\/\/api.w.org\/{rel}","templated":true}]}}