{"id":33,"date":"2024-01-11T10:42:57","date_gmt":"2024-01-11T09:42:57","guid":{"rendered":"https:\/\/www.cjvt.si\/pjv\/?page_id=33"},"modified":"2024-01-11T10:42:57","modified_gmt":"2024-01-11T09:42:57","slug":"o-projektu","status":"publish","type":"page","link":"https:\/\/www.cjvt.si\/pjv\/o-projektu\/","title":{"rendered":"O projektu"},"content":{"rendered":"<div class=\"gdl-page-float-left\">\n<div class=\"gdl-page-item\">\n<div class=\"sixteen columns mb20\">\n<div class=\"gdl-page-content\">\n<p>S prehodom dru\u017ebe v digitalno dobo se \u0161tevilo jezikovnih priro\u010dnikov, virov in tehnologij za slovenski jezik, ki so za rabo prosto dostopni na spletu, hitro pove\u010duje. S tem se spreminjajo tudi mo\u017enosti za raziskovanje slovenskega jezika: ve\u010da se \u0161tevilo in raznovrstnost razpolo\u017eljivih virov, obenem pa tudi \u0161tevilo njihovih potencialnih uporabnikov. Z izzivi novega medija se avtorji jezikovnih virov vedno uspe\u0161neje soo\u010dajo in veliko truda namenjajo zagotavljanju \u010dim \u0161ir\u0161e dostopnosti in uporabnosti svojih izdelkov. Ker pa izvedba prakti\u010dnih predstavitev in izobra\u017eevanj uporabnikov tipi\u010dno presega domet projektov, v katerih se viri pripravljajo, mnogi rezultati ne dose\u017eejo svojega realnega potenciala.<\/p>\n<p>Predstavitveni portal spletnih jezikovnih virov za sloven\u0161\u010dino smo pripravili z namenom, da avtorjem poenostavimo diseminacijo projektnih rezultatov, uporabnikom pa omogo\u010dimo, da se na enem mestu seznanijo z mo\u017enostmi, ki so trenutno na voljo. Glavni doprinos strani so posnetki, ki na preprost na\u010din predstavljajo vsebino in strukturo izbranih jezikovnih virov, in posnetki, ki na konkretnih primerih uporabe ka\u017eejo, kako lahko v dolo\u010denem viru najdemo odgovor na specifi\u010dno jezikovno vpra\u0161anje. Prioriteta pri pripravi posnetkov je bila zagotoviti optimalno uporabni\u0161ko izku\u0161njo na razli\u010dnih vrstah naprav, od ra\u010dunalnikov z velikimi zasloni do mobilnih telefonov z majhnimi, \u0161ir\u0161o dostopnost vsebin pa smo sku\u0161ali omogo\u010diti tudi s pripravo slovenskih in angle\u0161kih podnapisov za posnetke.<\/p>\n<p>Projekt \u201cIzdelava spletne strani z opisi jezikovnih virov in orodij za sloven\u0161\u010dino ter osnovnimi (video)navodili za njihovo uporabo\u201d je finan\u010dno podprlo Ministrstvo za kulturo RS, in sicer v sklopu Javnega razpisa za sofinanciranje projektov, namenjenih predstavljanju, uveljavljanju in razvoju slovenskega jezika v letu 2014. V projektu smo razvili strukturo portala in pripravili prvih devet poglavij. V letu 2015 smo na enakem razpisu dobili dodatno financiranje za projekt \u201cNadgradnja in popularizacija predstavitvenega portala spletnih jezikovnih virov za sloven\u0161\u010dino\u201d. V tem koraku smo izvedli promocijske akcije \u201cVir meseca\u201d, pripravili angle\u0161ke podnapise za predstavitvene posnetke ter posneli vsebine za \u0161est novih poglavij.<\/p>\n<p>\u010ce so vam rezultati v\u0161e\u010d, bomo veseli va\u0161e podpore (<a href=\"&#x6d;&#x61;&#x69;&#108;&#116;o:&#x69;&#x6e;&#x66;&#111;&#64;tr&#x6f;&#x6a;&#x69;&#110;&#97;&#46;s&#x69;\">info&#64;&#116;&#114;&#111;&#106;&#x69;&#x6e;&#x61;&#x2e;&#x73;&#x69;<\/a>), pa tudi morebitnih vpra\u0161anj ali pripomb. Prijetno klikanje po jezikovnih podatkih!<\/p>\n<p><strong>Avtorji Portala jezikovnih virov smo: \u0160pela Arhar Holdt, Kaja Dobrovoljc, Iztok Kosem. <\/strong><\/p>\n<p>ARHAR HOLDT, \u0160pela, DOBROVOLJC, Kaja, KOSEM, Iztok. Predstavitveni portal spletnih jezikovnih virov za sloven\u0161\u010dino. V: ERJAVEC, Toma\u017e (ur.), FI\u0160ER, Darja (ur.). Zbornik konference Jezikovne tehnologije in digitalna humanistika, 29. september \u2013 1. oktober 2016, Filozofska fakulteta, Univerza v Ljubljani, Ljubljana, Slovenija = Proceedings of the Conference on Language Technologies &amp; Digital Humanities, September 29th \u2013 October 1st, 2016 Faculty of Arts, University of Ljubljana, Ljubljana, Slovenia. Ljubljana: Znanstvena zalo\u017eba Filozofske fakultete, 2016, str. 27-31. <a href=\"http:\/\/www.sdjt.si\/wp\/wp-content\/uploads\/2016\/09\/JTDH-2016_Arhar-et-al_Predstavitveni-portal-spletnih-jezikovnih-virov-za-slo.pdf\" target=\"_blank\" rel=\"noopener\">http:\/\/www.sdjt.si\/wp\/wp-content\/uploads\/2016\/09\/JTDH-2016_Arhar-et-al_Predstavitveni-portal-spletnih-jezikovnih-virov-za-slo.pdf<\/a>.<\/p>\n<\/div>\n<\/div>\n<\/div>\n<\/div>\n","protected":false},"excerpt":{"rendered":"<p>S prehodom dru\u017ebe v digitalno dobo se \u0161tevilo jezikovnih priro\u010dnikov, virov in tehnologij za slovenski jezik, ki so za rabo prosto dostopni na spletu, hitro pove\u010duje. S tem se spreminjajo tudi mo\u017enosti za raziskovanje slovenskega jezika: ve\u010da se \u0161tevilo in raznovrstnost razpolo\u017eljivih virov, obenem pa tudi \u0161tevilo njihovih potencialnih uporabnikov. Z izzivi novega medija se [&hellip;]<\/p>\n","protected":false},"author":18,"featured_media":0,"parent":0,"menu_order":0,"comment_status":"closed","ping_status":"closed","template":"","meta":{"_acf_changed":false,"_relevanssi_hide_post":"","_relevanssi_hide_content":"","_relevanssi_pin_for_all":"","_relevanssi_pin_keywords":"","_relevanssi_unpin_keywords":"","_relevanssi_related_keywords":"","_relevanssi_related_include_ids":"","_relevanssi_related_exclude_ids":"","_relevanssi_related_no_append":"","_relevanssi_related_not_related":"","_relevanssi_related_posts":"","_relevanssi_noindex_reason":"","inline_featured_image":false,"episode_type":"","audio_file":"","podmotor_file_id":"","podmotor_episode_id":"","cover_image":"","cover_image_id":"","duration":"","filesize":"","filesize_raw":"","date_recorded":"","explicit":"","block":"","itunes_episode_number":"","itunes_title":"","itunes_season_number":"","itunes_episode_type":"","footnotes":""},"class_list":["post-33","page","type-page","status-publish","hentry"],"acf":[],"yoast_head":"<!-- This site is optimized with the Yoast SEO plugin v27.3 - https:\/\/yoast.com\/product\/yoast-seo-wordpress\/ -->\n<title>O projektu - Predstavitveni portal spletnih jezikovnih virov za sloven\u0161\u010dino<\/title>\n<meta name=\"robots\" content=\"index, follow, max-snippet:-1, max-image-preview:large, max-video-preview:-1\" \/>\n<link rel=\"canonical\" href=\"https:\/\/www.cjvt.si\/pjv\/o-projektu\/\" \/>\n<meta property=\"og:locale\" content=\"sl_SI\" \/>\n<meta property=\"og:type\" content=\"article\" \/>\n<meta property=\"og:title\" content=\"O projektu - Predstavitveni portal spletnih jezikovnih virov za sloven\u0161\u010dino\" \/>\n<meta property=\"og:description\" content=\"S prehodom dru\u017ebe v digitalno dobo se \u0161tevilo jezikovnih priro\u010dnikov, virov in tehnologij za slovenski jezik, ki so za rabo prosto dostopni na spletu, hitro pove\u010duje. S tem se spreminjajo tudi mo\u017enosti za raziskovanje slovenskega jezika: ve\u010da se \u0161tevilo in raznovrstnost razpolo\u017eljivih virov, obenem pa tudi \u0161tevilo njihovih potencialnih uporabnikov. Z izzivi novega medija se [&hellip;]\" \/>\n<meta property=\"og:url\" content=\"https:\/\/www.cjvt.si\/pjv\/o-projektu\/\" \/>\n<meta property=\"og:site_name\" content=\"Predstavitveni portal spletnih jezikovnih virov za sloven\u0161\u010dino\" \/>\n<meta name=\"twitter:card\" content=\"summary_large_image\" \/>\n<script type=\"application\/ld+json\" class=\"yoast-schema-graph\">{\"@context\":\"https:\\\/\\\/schema.org\",\"@graph\":[{\"@type\":\"WebPage\",\"@id\":\"https:\\\/\\\/www.cjvt.si\\\/pjv\\\/o-projektu\\\/\",\"url\":\"https:\\\/\\\/www.cjvt.si\\\/pjv\\\/o-projektu\\\/\",\"name\":\"O projektu - Predstavitveni portal spletnih jezikovnih virov za sloven\u0161\u010dino\",\"isPartOf\":{\"@id\":\"https:\\\/\\\/www.cjvt.si\\\/pjv\\\/#website\"},\"datePublished\":\"2024-01-11T09:42:57+00:00\",\"breadcrumb\":{\"@id\":\"https:\\\/\\\/www.cjvt.si\\\/pjv\\\/o-projektu\\\/#breadcrumb\"},\"inLanguage\":\"sl-SI\",\"potentialAction\":[{\"@type\":\"ReadAction\",\"target\":[\"https:\\\/\\\/www.cjvt.si\\\/pjv\\\/o-projektu\\\/\"]}]},{\"@type\":\"BreadcrumbList\",\"@id\":\"https:\\\/\\\/www.cjvt.si\\\/pjv\\\/o-projektu\\\/#breadcrumb\",\"itemListElement\":[{\"@type\":\"ListItem\",\"position\":1,\"name\":\"Home\",\"item\":\"https:\\\/\\\/www.cjvt.si\\\/pjv\\\/\"},{\"@type\":\"ListItem\",\"position\":2,\"name\":\"O projektu\"}]},{\"@type\":\"WebSite\",\"@id\":\"https:\\\/\\\/www.cjvt.si\\\/pjv\\\/#website\",\"url\":\"https:\\\/\\\/www.cjvt.si\\\/pjv\\\/\",\"name\":\"Predstavitveni portal spletnih jezikovnih virov za sloven\u0161\u010dino\",\"description\":\"\",\"potentialAction\":[{\"@type\":\"SearchAction\",\"target\":{\"@type\":\"EntryPoint\",\"urlTemplate\":\"https:\\\/\\\/www.cjvt.si\\\/pjv\\\/?s={search_term_string}\"},\"query-input\":{\"@type\":\"PropertyValueSpecification\",\"valueRequired\":true,\"valueName\":\"search_term_string\"}}],\"inLanguage\":\"sl-SI\"}]}<\/script>\n<!-- \/ Yoast SEO plugin. -->","yoast_head_json":{"title":"O projektu - Predstavitveni portal spletnih jezikovnih virov za sloven\u0161\u010dino","robots":{"index":"index","follow":"follow","max-snippet":"max-snippet:-1","max-image-preview":"max-image-preview:large","max-video-preview":"max-video-preview:-1"},"canonical":"https:\/\/www.cjvt.si\/pjv\/o-projektu\/","og_locale":"sl_SI","og_type":"article","og_title":"O projektu - Predstavitveni portal spletnih jezikovnih virov za sloven\u0161\u010dino","og_description":"S prehodom dru\u017ebe v digitalno dobo se \u0161tevilo jezikovnih priro\u010dnikov, virov in tehnologij za slovenski jezik, ki so za rabo prosto dostopni na spletu, hitro pove\u010duje. S tem se spreminjajo tudi mo\u017enosti za raziskovanje slovenskega jezika: ve\u010da se \u0161tevilo in raznovrstnost razpolo\u017eljivih virov, obenem pa tudi \u0161tevilo njihovih potencialnih uporabnikov. Z izzivi novega medija se [&hellip;]","og_url":"https:\/\/www.cjvt.si\/pjv\/o-projektu\/","og_site_name":"Predstavitveni portal spletnih jezikovnih virov za sloven\u0161\u010dino","twitter_card":"summary_large_image","schema":{"@context":"https:\/\/schema.org","@graph":[{"@type":"WebPage","@id":"https:\/\/www.cjvt.si\/pjv\/o-projektu\/","url":"https:\/\/www.cjvt.si\/pjv\/o-projektu\/","name":"O projektu - Predstavitveni portal spletnih jezikovnih virov za sloven\u0161\u010dino","isPartOf":{"@id":"https:\/\/www.cjvt.si\/pjv\/#website"},"datePublished":"2024-01-11T09:42:57+00:00","breadcrumb":{"@id":"https:\/\/www.cjvt.si\/pjv\/o-projektu\/#breadcrumb"},"inLanguage":"sl-SI","potentialAction":[{"@type":"ReadAction","target":["https:\/\/www.cjvt.si\/pjv\/o-projektu\/"]}]},{"@type":"BreadcrumbList","@id":"https:\/\/www.cjvt.si\/pjv\/o-projektu\/#breadcrumb","itemListElement":[{"@type":"ListItem","position":1,"name":"Home","item":"https:\/\/www.cjvt.si\/pjv\/"},{"@type":"ListItem","position":2,"name":"O projektu"}]},{"@type":"WebSite","@id":"https:\/\/www.cjvt.si\/pjv\/#website","url":"https:\/\/www.cjvt.si\/pjv\/","name":"Predstavitveni portal spletnih jezikovnih virov za sloven\u0161\u010dino","description":"","potentialAction":[{"@type":"SearchAction","target":{"@type":"EntryPoint","urlTemplate":"https:\/\/www.cjvt.si\/pjv\/?s={search_term_string}"},"query-input":{"@type":"PropertyValueSpecification","valueRequired":true,"valueName":"search_term_string"}}],"inLanguage":"sl-SI"}]}},"_links":{"self":[{"href":"https:\/\/www.cjvt.si\/pjv\/wp-json\/wp\/v2\/pages\/33","targetHints":{"allow":["GET"]}}],"collection":[{"href":"https:\/\/www.cjvt.si\/pjv\/wp-json\/wp\/v2\/pages"}],"about":[{"href":"https:\/\/www.cjvt.si\/pjv\/wp-json\/wp\/v2\/types\/page"}],"author":[{"embeddable":true,"href":"https:\/\/www.cjvt.si\/pjv\/wp-json\/wp\/v2\/users\/18"}],"replies":[{"embeddable":true,"href":"https:\/\/www.cjvt.si\/pjv\/wp-json\/wp\/v2\/comments?post=33"}],"version-history":[{"count":1,"href":"https:\/\/www.cjvt.si\/pjv\/wp-json\/wp\/v2\/pages\/33\/revisions"}],"predecessor-version":[{"id":34,"href":"https:\/\/www.cjvt.si\/pjv\/wp-json\/wp\/v2\/pages\/33\/revisions\/34"}],"wp:attachment":[{"href":"https:\/\/www.cjvt.si\/pjv\/wp-json\/wp\/v2\/media?parent=33"}],"curies":[{"name":"wp","href":"https:\/\/api.w.org\/{rel}","templated":true}]}}