{"id":35,"date":"2024-01-11T10:43:21","date_gmt":"2024-01-11T09:43:21","guid":{"rendered":"https:\/\/www.cjvt.si\/pjv\/?page_id=35"},"modified":"2024-01-11T10:43:21","modified_gmt":"2024-01-11T09:43:21","slug":"vir-meseca","status":"publish","type":"page","link":"https:\/\/www.cjvt.si\/pjv\/vir-meseca\/","title":{"rendered":"Vir meseca"},"content":{"rendered":"<p>V letu 2015 je na portalu potekala izobra\u017eevalno-promocijska aktivnost <strong>Vir meseca<\/strong>, v kateri smo predstavljali razli\u010dne zanimivosti v zvezi z jezikovnimi viri za sloven\u0161\u010dino. Tudi po zaklju\u010dku akcije vas vabimo, da se nam pridru\u017eite na Facebooku ali se naro\u010dite na e-novi\u010dke z ob\u010dasnimi obvestili o novostih na podro\u010dju spletnih jezikovnih virov in orodij za sloven\u0161\u010dino.<\/p>\n","protected":false},"excerpt":{"rendered":"<p>V letu 2015 je na portalu potekala izobra\u017eevalno-promocijska aktivnost Vir meseca, v kateri smo predstavljali razli\u010dne zanimivosti v zvezi z jezikovnimi viri za sloven\u0161\u010dino. Tudi po zaklju\u010dku akcije vas vabimo, da se nam pridru\u017eite na Facebooku ali se naro\u010dite na e-novi\u010dke z ob\u010dasnimi obvestili o novostih na podro\u010dju spletnih jezikovnih virov in orodij za sloven\u0161\u010dino.<\/p>\n","protected":false},"author":18,"featured_media":0,"parent":0,"menu_order":0,"comment_status":"closed","ping_status":"closed","template":"","meta":{"_acf_changed":false,"_relevanssi_hide_post":"","_relevanssi_hide_content":"","_relevanssi_pin_for_all":"","_relevanssi_pin_keywords":"","_relevanssi_unpin_keywords":"","_relevanssi_related_keywords":"","_relevanssi_related_include_ids":"","_relevanssi_related_exclude_ids":"","_relevanssi_related_no_append":"","_relevanssi_related_not_related":"","_relevanssi_related_posts":"","_relevanssi_noindex_reason":"","inline_featured_image":false,"episode_type":"","audio_file":"","podmotor_file_id":"","podmotor_episode_id":"","cover_image":"","cover_image_id":"","duration":"","filesize":"","filesize_raw":"","date_recorded":"","explicit":"","block":"","itunes_episode_number":"","itunes_title":"","itunes_season_number":"","itunes_episode_type":"","footnotes":""},"class_list":["post-35","page","type-page","status-publish","hentry"],"acf":[],"yoast_head":"<!-- This site is optimized with the Yoast SEO plugin v27.3 - https:\/\/yoast.com\/product\/yoast-seo-wordpress\/ -->\n<title>Vir meseca - Predstavitveni portal spletnih jezikovnih virov za sloven\u0161\u010dino<\/title>\n<meta name=\"robots\" content=\"index, follow, max-snippet:-1, max-image-preview:large, max-video-preview:-1\" \/>\n<link rel=\"canonical\" href=\"https:\/\/www.cjvt.si\/pjv\/vir-meseca\/\" \/>\n<meta property=\"og:locale\" content=\"sl_SI\" \/>\n<meta property=\"og:type\" content=\"article\" \/>\n<meta property=\"og:title\" content=\"Vir meseca - Predstavitveni portal spletnih jezikovnih virov za sloven\u0161\u010dino\" \/>\n<meta property=\"og:description\" content=\"V letu 2015 je na portalu potekala izobra\u017eevalno-promocijska aktivnost Vir meseca, v kateri smo predstavljali razli\u010dne zanimivosti v zvezi z jezikovnimi viri za sloven\u0161\u010dino. Tudi po zaklju\u010dku akcije vas vabimo, da se nam pridru\u017eite na Facebooku ali se naro\u010dite na e-novi\u010dke z ob\u010dasnimi obvestili o novostih na podro\u010dju spletnih jezikovnih virov in orodij za sloven\u0161\u010dino.\" \/>\n<meta property=\"og:url\" content=\"https:\/\/www.cjvt.si\/pjv\/vir-meseca\/\" \/>\n<meta property=\"og:site_name\" content=\"Predstavitveni portal spletnih jezikovnih virov za sloven\u0161\u010dino\" \/>\n<meta name=\"twitter:card\" content=\"summary_large_image\" \/>\n<meta name=\"twitter:label1\" content=\"Est. reading time\" \/>\n\t<meta name=\"twitter:data1\" content=\"1 minuta\" \/>\n<script type=\"application\/ld+json\" class=\"yoast-schema-graph\">{\"@context\":\"https:\\\/\\\/schema.org\",\"@graph\":[{\"@type\":\"WebPage\",\"@id\":\"https:\\\/\\\/www.cjvt.si\\\/pjv\\\/vir-meseca\\\/\",\"url\":\"https:\\\/\\\/www.cjvt.si\\\/pjv\\\/vir-meseca\\\/\",\"name\":\"Vir meseca - Predstavitveni portal spletnih jezikovnih virov za sloven\u0161\u010dino\",\"isPartOf\":{\"@id\":\"https:\\\/\\\/www.cjvt.si\\\/pjv\\\/#website\"},\"datePublished\":\"2024-01-11T09:43:21+00:00\",\"breadcrumb\":{\"@id\":\"https:\\\/\\\/www.cjvt.si\\\/pjv\\\/vir-meseca\\\/#breadcrumb\"},\"inLanguage\":\"sl-SI\",\"potentialAction\":[{\"@type\":\"ReadAction\",\"target\":[\"https:\\\/\\\/www.cjvt.si\\\/pjv\\\/vir-meseca\\\/\"]}]},{\"@type\":\"BreadcrumbList\",\"@id\":\"https:\\\/\\\/www.cjvt.si\\\/pjv\\\/vir-meseca\\\/#breadcrumb\",\"itemListElement\":[{\"@type\":\"ListItem\",\"position\":1,\"name\":\"Home\",\"item\":\"https:\\\/\\\/www.cjvt.si\\\/pjv\\\/\"},{\"@type\":\"ListItem\",\"position\":2,\"name\":\"Vir meseca\"}]},{\"@type\":\"WebSite\",\"@id\":\"https:\\\/\\\/www.cjvt.si\\\/pjv\\\/#website\",\"url\":\"https:\\\/\\\/www.cjvt.si\\\/pjv\\\/\",\"name\":\"Predstavitveni portal spletnih jezikovnih virov za sloven\u0161\u010dino\",\"description\":\"\",\"potentialAction\":[{\"@type\":\"SearchAction\",\"target\":{\"@type\":\"EntryPoint\",\"urlTemplate\":\"https:\\\/\\\/www.cjvt.si\\\/pjv\\\/?s={search_term_string}\"},\"query-input\":{\"@type\":\"PropertyValueSpecification\",\"valueRequired\":true,\"valueName\":\"search_term_string\"}}],\"inLanguage\":\"sl-SI\"}]}<\/script>\n<!-- \/ Yoast SEO plugin. -->","yoast_head_json":{"title":"Vir meseca - Predstavitveni portal spletnih jezikovnih virov za sloven\u0161\u010dino","robots":{"index":"index","follow":"follow","max-snippet":"max-snippet:-1","max-image-preview":"max-image-preview:large","max-video-preview":"max-video-preview:-1"},"canonical":"https:\/\/www.cjvt.si\/pjv\/vir-meseca\/","og_locale":"sl_SI","og_type":"article","og_title":"Vir meseca - Predstavitveni portal spletnih jezikovnih virov za sloven\u0161\u010dino","og_description":"V letu 2015 je na portalu potekala izobra\u017eevalno-promocijska aktivnost Vir meseca, v kateri smo predstavljali razli\u010dne zanimivosti v zvezi z jezikovnimi viri za sloven\u0161\u010dino. Tudi po zaklju\u010dku akcije vas vabimo, da se nam pridru\u017eite na Facebooku ali se naro\u010dite na e-novi\u010dke z ob\u010dasnimi obvestili o novostih na podro\u010dju spletnih jezikovnih virov in orodij za sloven\u0161\u010dino.","og_url":"https:\/\/www.cjvt.si\/pjv\/vir-meseca\/","og_site_name":"Predstavitveni portal spletnih jezikovnih virov za sloven\u0161\u010dino","twitter_card":"summary_large_image","twitter_misc":{"Est. reading time":"1 minuta"},"schema":{"@context":"https:\/\/schema.org","@graph":[{"@type":"WebPage","@id":"https:\/\/www.cjvt.si\/pjv\/vir-meseca\/","url":"https:\/\/www.cjvt.si\/pjv\/vir-meseca\/","name":"Vir meseca - Predstavitveni portal spletnih jezikovnih virov za sloven\u0161\u010dino","isPartOf":{"@id":"https:\/\/www.cjvt.si\/pjv\/#website"},"datePublished":"2024-01-11T09:43:21+00:00","breadcrumb":{"@id":"https:\/\/www.cjvt.si\/pjv\/vir-meseca\/#breadcrumb"},"inLanguage":"sl-SI","potentialAction":[{"@type":"ReadAction","target":["https:\/\/www.cjvt.si\/pjv\/vir-meseca\/"]}]},{"@type":"BreadcrumbList","@id":"https:\/\/www.cjvt.si\/pjv\/vir-meseca\/#breadcrumb","itemListElement":[{"@type":"ListItem","position":1,"name":"Home","item":"https:\/\/www.cjvt.si\/pjv\/"},{"@type":"ListItem","position":2,"name":"Vir meseca"}]},{"@type":"WebSite","@id":"https:\/\/www.cjvt.si\/pjv\/#website","url":"https:\/\/www.cjvt.si\/pjv\/","name":"Predstavitveni portal spletnih jezikovnih virov za sloven\u0161\u010dino","description":"","potentialAction":[{"@type":"SearchAction","target":{"@type":"EntryPoint","urlTemplate":"https:\/\/www.cjvt.si\/pjv\/?s={search_term_string}"},"query-input":{"@type":"PropertyValueSpecification","valueRequired":true,"valueName":"search_term_string"}}],"inLanguage":"sl-SI"}]}},"_links":{"self":[{"href":"https:\/\/www.cjvt.si\/pjv\/wp-json\/wp\/v2\/pages\/35","targetHints":{"allow":["GET"]}}],"collection":[{"href":"https:\/\/www.cjvt.si\/pjv\/wp-json\/wp\/v2\/pages"}],"about":[{"href":"https:\/\/www.cjvt.si\/pjv\/wp-json\/wp\/v2\/types\/page"}],"author":[{"embeddable":true,"href":"https:\/\/www.cjvt.si\/pjv\/wp-json\/wp\/v2\/users\/18"}],"replies":[{"embeddable":true,"href":"https:\/\/www.cjvt.si\/pjv\/wp-json\/wp\/v2\/comments?post=35"}],"version-history":[{"count":1,"href":"https:\/\/www.cjvt.si\/pjv\/wp-json\/wp\/v2\/pages\/35\/revisions"}],"predecessor-version":[{"id":36,"href":"https:\/\/www.cjvt.si\/pjv\/wp-json\/wp\/v2\/pages\/35\/revisions\/36"}],"wp:attachment":[{"href":"https:\/\/www.cjvt.si\/pjv\/wp-json\/wp\/v2\/media?parent=35"}],"curies":[{"name":"wp","href":"https:\/\/api.w.org\/{rel}","templated":true}]}}