{"id":948,"date":"2020-03-31T22:44:07","date_gmt":"2020-03-31T20:44:07","guid":{"rendered":"https:\/\/www.cjvt.starkmat.si\/template-projekt\/references\/"},"modified":"2025-09-29T08:46:56","modified_gmt":"2025-09-29T06:46:56","slug":"references","status":"publish","type":"page","link":"https:\/\/www.cjvt.si\/povejmo\/en\/results\/","title":{"rendered":"Results"},"content":{"rendered":"<div class='flex_column_table av-equal-height-column-flextable -flextable' style='margin-top:0px; margin-bottom:24px; '><div class=\"flex_column av_one_full  no_margin flex_column_table_cell av-equal-height-column av-align-top av-zero-column-padding first  avia-builder-el-0  el_before_av_one_full  avia-builder-el-first  \" style='border-radius:0px; '><section class=\"av_textblock_section \"  itemscope=\"itemscope\" itemtype=\"https:\/\/schema.org\/CreativeWork\" ><div class='avia_textblock  '   itemprop=\"text\" ><h1>Results<\/h1>\n<\/div><\/section><\/div><\/div><!--close column table wrapper. Autoclose: 1 -->\n<div class='flex_column_table av-equal-height-column-flextable -flextable' style='margin-top:0px; margin-bottom:50px; '><div class=\"flex_column av_one_full  no_margin flex_column_table_cell av-equal-height-column av-align-top av-zero-column-padding first  avia-builder-el-2  el_after_av_one_full  el_before_av_one_full  column-top-margin\" style='border-radius:0px; '><section class=\"av_textblock_section \"  itemscope=\"itemscope\" itemtype=\"https:\/\/schema.org\/CreativeWork\" ><div class='avia_textblock  '   itemprop=\"text\" ><h2><strong>List of Results by Projects and Months<\/strong><\/h2>\n<\/div><\/section><\/div><\/div><!--close column table wrapper. Autoclose: 1 -->\n<div class='flex_column_table av-equal-height-column-flextable -flextable' style='margin-top:0px; margin-bottom:50px; '><div class=\"flex_column av_one_full  no_margin flex_column_table_cell av-equal-height-column av-align-top av-zero-column-padding first  avia-builder-el-4  el_after_av_one_full  avia-builder-el-last  column-top-margin\" style='border-radius:0px; '><section class=\"av_textblock_section \"  itemscope=\"itemscope\" itemtype=\"https:\/\/schema.org\/CreativeWork\" ><div class='avia_textblock  '   itemprop=\"text\" ><table width=\"936\">\n<tbody>\n<tr>\n<td width=\"61\">*No.<\/td>\n<td width=\"189\">Name<\/td>\n<td width=\"81\">Organization<\/td>\n<td width=\"124\">Type<\/td>\n<td width=\"62\">TRL<\/td>\n<td width=\"405\">Links<\/td>\n<\/tr>\n<tr>\n<td colspan=\"5\" width=\"525\"><strong>August 2024<\/strong><\/td>\n<td width=\"405\"><strong>\u00a0<\/strong><\/td>\n<\/tr>\n<tr>\n<td width=\"61\">\u2002\u2002\u2002\u2002\u2002D1.1<\/td>\n<td width=\"189\">Accessible Slovenian training dataset for dialogues and command requests<strong>.<\/strong><\/td>\n<td width=\"81\">FRI<\/td>\n<td width=\"124\">data<\/td>\n<td width=\"62\">3<\/td>\n<td width=\"405\">Access: <a href=\"http:\/\/hdl.handle.net\/11356\/1971\">GaMS-Instruct-GEN 1.0 | CLARIN.SI<\/a><\/td>\n<\/tr>\n<tr>\n<td width=\"61\">D1.2<\/td>\n<td width=\"189\">Large language corpus for conversational language and addressed terminological areas \u2013 first version.<\/td>\n<td width=\"81\">FRI<\/td>\n<td width=\"124\">data<\/td>\n<td width=\"62\">3<\/td>\n<td width=\"405\">Access: <a href=\"http:\/\/hdl.handle.net\/11356\/1983\">PoVeJMo-VeMo-Med 1.0 | CLARIN.SI<\/a><\/td>\n<\/tr>\n<tr>\n<td width=\"61\">D1.3<\/td>\n<td width=\"189\">Validation corpus for large language models.<\/td>\n<td width=\"81\">FRI<\/td>\n<td width=\"124\">data<\/td>\n<td width=\"62\">3<\/td>\n<td width=\"405\">Access: <a href=\"https:\/\/huggingface.co\/datasets\/cjvt\/slovenian-llm-eval\">slovenian-llm-eval | HuggingFace<\/a><\/td>\n<\/tr>\n<tr>\n<td width=\"61\">D2.1<\/td>\n<td width=\"189\">Open-access large generative language model tailored for dialogues and commands with a size of one billion parameters.<\/td>\n<td width=\"81\">FRI<\/td>\n<td width=\"124\">software<\/td>\n<td width=\"62\">3<\/td>\n<td width=\"405\">Access: <a href=\"https:\/\/huggingface.co\/cjvt\/GaMS-2B-Instruct\">GaMS-2B-Instruct | HuggingFace<\/a><\/td>\n<\/tr>\n<tr>\n<td width=\"61\">D3.1<\/td>\n<td width=\"189\">Training set with at least 10,000 examples.<\/td>\n<td width=\"81\">Semantika<\/td>\n<td width=\"124\">data<\/td>\n<td width=\"62\">5<\/td>\n<td width=\"405\">Access: <a href=\"http:\/\/hdl.handle.net\/11356\/1975\">GaMS-Instruct-DH 1.0 | CLARIN.SI<\/a><\/td>\n<\/tr>\n<tr>\n<td width=\"61\">D4.1<\/td>\n<td width=\"189\">Training set with specific dialogues and commands from the field of medical applications, consisting of at least 10,000 examples.<\/td>\n<td width=\"81\">Better<\/td>\n<td width=\"124\">data<\/td>\n<td width=\"62\">5<\/td>\n<td width=\"405\">Access: <a href=\"http:\/\/hdl.handle.net\/11356\/1982\">GaMS-Instruct-MED 1.0 | CLARIN.SI<\/a><\/td>\n<\/tr>\n<tr>\n<td width=\"61\">D5.1<\/td>\n<td width=\"189\">Analysis of the possibilities of using speech and language technologies to improve the efficiency of human-machine communication in industrial environments.<\/td>\n<td width=\"81\">\u0160pica<\/td>\n<td width=\"124\">documentation<\/td>\n<td width=\"62\">5<\/td>\n<td width=\"405\">Access: <a href=\"https:\/\/www.cjvt.si\/povejmo\/wp-content\/uploads\/sites\/28\/2024\/10\/RRP5-VeMoInd-D5.1-analiza-moznosti-uporabe-govornih-in-jezikovnih-tehnologij-ZA-JAVNO-OBJAVO.pdf\">Analiza mo\u017enosti uporabe govornih in jezikovnih tehnologij | PDF<\/a> (in Slovene)<\/td>\n<\/tr>\n<tr>\n<td width=\"61\">D5.2<\/td>\n<td width=\"189\">Report on the suitability of technical equipment and possible methods of integrating language and speech technologies in manufacturing environments.<\/td>\n<td width=\"81\">\u0160pica<\/td>\n<td width=\"124\">documentation<\/td>\n<td width=\"62\">5<\/td>\n<td width=\"405\">Access: <a href=\"https:\/\/www.cjvt.si\/povejmo\/wp-content\/uploads\/sites\/28\/2024\/10\/RRP5-VeMoInd-D5.2-porocilo-o-raziskavi-tehnicne-opreme-in-moznosti-integracije-ZA-JAVNO-OBJAVO.pdf\">Poro\u010dilo o primernosti tehni\u010dne opreme in mo\u017enih na\u010dinih integracije jezikovnih in govornih tehnologij v proizvodnih okoljih | PDF<\/a> (in Slovene)<\/td>\n<\/tr>\n<tr>\n<td width=\"61\">D6.1<\/td>\n<td width=\"189\">Development of the initial plan and approaches for the effective use of large language models in IaC (Infrastructure as Code): Use and selection of training data, description of possible approaches.<\/td>\n<td width=\"81\">XLAB<\/td>\n<td width=\"124\">documentation<\/td>\n<td width=\"62\">5<\/td>\n<td width=\"405\">Access: <a href=\"https:\/\/www.cjvt.si\/povejmo\/wp-content\/uploads\/sites\/28\/2024\/10\/D6.1-Dokumentacija-in-nacrt-rabe-podatkov-in-pristopov.pdf\">Dokumentacija in na\u010drt rabe podatkov in pristopov | PDF<\/a> (in Slovene)<\/td>\n<\/tr>\n<tr>\n<td width=\"61\">D6.2<\/td>\n<td width=\"189\">First version of software enabling the use of language technologies in IaC, taking into account performance, robustness, and security limitations.<\/td>\n<td width=\"81\">XLAB<\/td>\n<td width=\"124\">software<\/td>\n<td width=\"62\">5<\/td>\n<td width=\"405\">Access: <a href=\"https:\/\/www.cjvt.si\/povejmo\/wp-content\/uploads\/sites\/28\/2024\/10\/D6.2-VeMo-IaC.pdf\">VeMo-IaC &#8211; v1 (opis) | PDF<\/a><\/td>\n<\/tr>\n<tr>\n<td colspan=\"5\" width=\"525\"><strong>February 2025<\/strong><\/td>\n<td width=\"405\"><strong>\u00a0<\/strong><\/td>\n<\/tr>\n<tr>\n<td width=\"61\">D1.4<\/td>\n<td width=\"189\">Tools for preparing lexical databases for model training and components for the HuggingFace pipeline for integrating open lexical forms.<\/td>\n<td width=\"81\">FRI<\/td>\n<td width=\"124\">software<\/td>\n<td width=\"62\">3<\/td>\n<td width=\"405\">Description of API routes for Digital dictionary database of Slovene:<\/p>\n<p><a href=\"https:\/\/wiki.cjvt.si\/books\/digital-dictionary-database-of-slovene\/page\/api-routes\">Digital Dictionary Database of Slovene &#8211; API Routes | CJVT Wiki<\/a><\/p>\n<p>API-routes test: \u00a0<a href=\"https:\/\/ddd.cjvt.si\/api\/redoc\/\">Redoc<\/a><\/p>\n<p><a href=\"https:\/\/ddd.cjvt.si\/api\/swagger\/\">Swagger<\/a><\/p>\n<p>&nbsp;<\/td>\n<\/tr>\n<tr>\n<td width=\"61\">D1.5<\/td>\n<td width=\"189\">Dedicated tokenizers for the Slovenian language \u2013 first version.<\/td>\n<td width=\"81\">FRI<\/td>\n<td width=\"124\">software<\/td>\n<td width=\"62\">3<\/td>\n<td width=\"405\">Access:<br \/>\n<a href=\"https:\/\/huggingface.co\/cjvt\/GaMS-1B\/tree\/main\">GaMS-1B | HuggingFace<\/a>\u00a0(The tokenizer is included in the GAMS-1B model, however, it can be downloaded independently; see <a href=\"https:\/\/huggingface.co\/cjvt\/GaMS-1B\/blob\/main\/tokenizer.json\">tokenizer.json<\/a>,\u00a0<a href=\"https:\/\/huggingface.co\/cjvt\/GaMS-1B\/blob\/main\/tokenizer_config.json\">tokenizer_config.json<\/a>\u00a0and\u00a0<a href=\"https:\/\/huggingface.co\/cjvt\/GaMS-1B\/blob\/main\/special_tokens_map.json\">special_tokens_map.json<\/a>)<\/td>\n<\/tr>\n<tr>\n<td width=\"61\">D2.2<\/td>\n<td width=\"189\">Open-access large generative language model tailored for dialogues and commands with a size of 10 billion parameters.<\/td>\n<td width=\"81\">FRI<\/td>\n<td width=\"124\">software<\/td>\n<td width=\"62\">3<\/td>\n<td width=\"405\">Access:\u00a0<a href=\"https:\/\/huggingface.co\/cjvt\/GaMS-27B-Instruct\">GaMS-27B-Instruct | HuggingFace<\/a> and\u00a0<a href=\"https:\/\/huggingface.co\/cjvt\/GaMS-27B-Instruct\">GaMS-27B-Instruct | HuggingFace<\/a><\/td>\n<\/tr>\n<tr>\n<td width=\"61\">D3.2<\/td>\n<td width=\"189\">Calibrated SloLLaMai models for the humanities and instruction tracking.<\/td>\n<td width=\"81\">Semantika<\/td>\n<td width=\"124\">software<\/td>\n<td width=\"62\">5<\/td>\n<td width=\"405\">Access:\u00a0<a href=\"https:\/\/huggingface.co\/SemantikaEU\/Micka-gen3\">Micka-gen3 | HuggingFace<\/a><\/td>\n<\/tr>\n<tr>\n<td width=\"61\">D4.2<\/td>\n<td width=\"189\">Large generative language model adapted for the field of medicine.<\/td>\n<td width=\"81\">Better<\/td>\n<td width=\"124\">software<\/td>\n<td width=\"62\">5<\/td>\n<td width=\"405\">Access:\u00a0<a href=\"https:\/\/huggingface.co\/collections\/cjvt\/gams-680a34e63dc760cd6fdc604c\">GaMS collection| HuggingFace<\/a>\u00a0(<a href=\"https:\/\/huggingface.co\/cjvt\/GaMS-2B\">GaMS-2B<\/a>,\u00a0<a href=\"https:\/\/huggingface.co\/cjvt\/GaMS-9B\">GaMS-9B<\/a>,\u00a0<a href=\"https:\/\/huggingface.co\/cjvt\/GaMS-27B\">GaMS-27B<\/a>\u00a0\u2013 models pretrained on medical texts corpus (among other corpora) <a href=\"http:\/\/hdl.handle.net\/11356\/1983\">PoVeJMo-VeMo-Med 1.0<\/a>)<\/td>\n<\/tr>\n<tr>\n<td colspan=\"5\" width=\"525\"><strong>August 2025<\/strong><\/td>\n<td width=\"405\"><strong>\u00a0<\/strong><\/td>\n<\/tr>\n<tr>\n<td width=\"61\">D1.6<\/td>\n<td width=\"189\">Large language corpus for conversational language and addressed terminological areas \u2013 second version.<\/td>\n<td width=\"81\">FRI<\/td>\n<td width=\"124\">data<\/td>\n<td width=\"62\">4<\/td>\n<td width=\"405\">Access:<\/p>\n<p><a href=\"http:\/\/hdl.handle.net\/11356\/2045\">GaMS-Instruct-MED 2.0 | CLARIN.SI<\/a><\/td>\n<\/tr>\n<tr>\n<td width=\"61\">D2.3<\/td>\n<td width=\"189\">Open-access computationally lightweight generative language model tailored for dialogues and commands.<\/td>\n<td width=\"81\">FRI<\/td>\n<td width=\"124\">software<\/td>\n<td width=\"62\">4<\/td>\n<td width=\"405\">Access:\u00a0<a href=\"https:\/\/huggingface.co\/cjvt\/GaMS-2B-Instruct\">GaMS-2B-Instruct | HuggingFace<\/a>\u00a0(GaMS model version which can be run on a basic graphics card on a standard computer)<\/p>\n<p>Access:\u00a0<a href=\"https:\/\/huggingface.co\/spaces\/martinkorelic\/GaMS-2B-WebGPU\">GaMS-2B-WebGPU | HuggingFace<\/a>\u00a0(GaMS model version, optimized for running online)<\/td>\n<\/tr>\n<tr>\n<td width=\"61\">D3.3<\/td>\n<td width=\"189\">Demonstration application for OCR.<\/td>\n<td width=\"81\">Semantika<\/td>\n<td width=\"124\">software<\/td>\n<td width=\"62\">6<\/td>\n<td width=\"405\">Access:\u00a0<a href=\"https:\/\/www.cjvt.si\/povejmo\/wp-content\/uploads\/sites\/28\/2025\/09\/PoVejMo_D3.3_Semantika-1.pdf\">GalisOnline | Description (PDF in Slovene)<\/a><\/td>\n<\/tr>\n<tr>\n<td width=\"61\">D3.4<\/td>\n<td width=\"189\">Demonstration application for semantic search.<\/td>\n<td width=\"81\">Semantika<\/td>\n<td width=\"124\">software<\/td>\n<td width=\"62\">6<\/td>\n<td width=\"405\">Access:\u00a0<a href=\"https:\/\/www.cjvt.si\/povejmo\/wp-content\/uploads\/sites\/28\/2025\/09\/PoVejMo_D3.4_Semantika.pdf\">Demonstracijska aplikacija za OCR | Description (PDF in Slovene)<\/a><\/td>\n<\/tr>\n<tr>\n<td width=\"61\">D4.3<\/td>\n<td width=\"189\">Precise recognizer of Slovenian speech specialized for the field of medicine.<\/td>\n<td width=\"81\">Better<\/td>\n<td width=\"124\">software<\/td>\n<td width=\"62\">5<\/td>\n<td width=\"405\">&nbsp;<\/td>\n<\/tr>\n<tr>\n<td width=\"61\">D5.3<\/td>\n<td width=\"189\">Online service for acoustic preprocessing of audio signals and noise reduction.<\/td>\n<td width=\"81\">\u0160pica<\/td>\n<td width=\"124\">software<\/td>\n<td width=\"62\">5<\/td>\n<td width=\"405\">Description:\u00a0<a href=\"https:\/\/www.cjvt.si\/wp-content\/uploads\/2025\/09\/Izdelek_D5.3.pdf\">Spletni servis za akusti\u010dno predprocesiranje zvo\u010dnega signala in odpravo \u0161uma | Description (PDF in Slovene)<\/a>,\u00a0<a href=\"https:\/\/www.cjvt.si\/wp-content\/uploads\/2025\/09\/ASR_WER_Report_with_Detailed_Error_Analysis.pdf\">ASR Performance Evaluation Post Speech Enhancement: WER Analysis and Tuning | Attachment 1 (PDF)<\/a>,\u00a0<a href=\"https:\/\/www.cjvt.si\/wp-content\/uploads\/2025\/09\/Speech_Enhancement_Report.pdf\">Evaluation of Custom Masking-Based Speech Enhancement and Pretrained NVIDIA BNR Model for Slovenian Language Applications | Attachmet 2 (PDF)<\/a><\/p>\n<p>Access to the online service:<\/p>\n<p><a href=\"https:\/\/speech-enhancement.true-bar.si\/\">Online services<\/a><\/p>\n<p>API-routes test:<\/p>\n<p><a href=\"https:\/\/speech-enhancement.true-bar.si\/docs\">Swagger<\/a><\/p>\n<p><a href=\"https:\/\/speech-enhancement.true-bar.si\/redoc\">Redoc<\/a><\/p>\n<p>&nbsp;<\/td>\n<\/tr>\n<tr>\n<td width=\"61\">D5.4<\/td>\n<td width=\"189\">Accurate and robust multilingual speech recognition model for South Slavic languages.<\/td>\n<td width=\"81\">\u0160pica<\/td>\n<td width=\"124\">software<\/td>\n<td width=\"62\">5<\/td>\n<td width=\"405\">Description:\u00a0<a href=\"https:\/\/www.cjvt.si\/povejmo\/wp-content\/uploads\/sites\/28\/2025\/09\/Izdelek_D5.4.pdf\">Natan\u010den in robusten ve\u010djezi\u010dni model razpoznave govora za ju\u017enoslovanske jezike | Description (PDF in Slovene)<\/a><\/p>\n<p>For access contact\u00a0<a href=\"&#109;&#x61;&#105;&#x6c;&#116;&#x6f;&#58;&#x69;n&#x66;o&#x40;v&#x69;t&#97;&#x73;&#105;&#x73;&#46;&#x73;&#105;\">i&#110;&#x66;&#x6f;&#64;&#118;&#x69;&#x74;a&#115;&#105;&#x73;&#x2e;s&#105;<\/a>.<\/td>\n<\/tr>\n<tr>\n<td width=\"61\">D6.3<\/td>\n<td width=\"189\">Refinement of the plan and corrections to approaches for the effective use of large language models in IaC (Infrastructure as Code): Use and selection of training data, description of approaches in construction.<\/td>\n<td width=\"81\">XLAB<\/td>\n<td width=\"124\">documentation<\/td>\n<td width=\"62\">5<\/td>\n<td width=\"405\">\u00a0Description: <a href=\"https:\/\/www.cjvt.si\/povejmo\/wp-content\/uploads\/sites\/28\/2025\/09\/D6.3-Dokumentacija-in-nac%CB%87rt-rabe-podatkov-in-pristopov.pdf\">Dokumentacija in na\u010drt rabe podatkov in pristopov | Description (PDF in Slovene)<\/a><\/td>\n<\/tr>\n<tr>\n<td width=\"61\">D6.4<\/td>\n<td width=\"189\">Second version of software enabling the use of language technologies in IaC, taking into account performance, robustness, and security limitations \u2013 achieved TRL5.<\/td>\n<td width=\"81\">XLAB<\/td>\n<td width=\"124\">software<\/td>\n<td width=\"62\">5<\/td>\n<td width=\"405\">\u00a0Description: <a href=\"https:\/\/www.cjvt.si\/povejmo\/wp-content\/uploads\/sites\/28\/2025\/09\/D6.4-VeMo-IaC.pdf\">Druga razli\u010dica programske opreme | Description (PDF in Slovene)<\/a><\/td>\n<\/tr>\n<tr>\n<td colspan=\"5\" width=\"525\"><strong>February 2026<\/strong><\/td>\n<td width=\"405\"><strong>\u00a0<\/strong><\/td>\n<\/tr>\n<tr>\n<td width=\"61\">D1.7<\/td>\n<td width=\"189\">Dedicated tokenizers for the Slovenian language \u2013 final version.<\/td>\n<td width=\"81\">FRI<\/td>\n<td width=\"124\">software<\/td>\n<td width=\"62\">4<\/td>\n<td width=\"405\">&nbsp;<\/td>\n<\/tr>\n<tr>\n<td width=\"61\">D2.4<\/td>\n<td width=\"189\">Open-access large language model with embedded additional knowledge.<\/td>\n<td width=\"81\">FRI<\/td>\n<td width=\"124\">software<\/td>\n<td width=\"62\">3<\/td>\n<td width=\"405\">&nbsp;<\/td>\n<\/tr>\n<tr>\n<td width=\"61\">D3.5<\/td>\n<td width=\"189\">Demonstration application for the automatic generation of collection descriptions.<\/td>\n<td width=\"81\">Semantika<\/td>\n<td width=\"124\">software<\/td>\n<td width=\"62\">6<\/td>\n<td width=\"405\">&nbsp;<\/td>\n<\/tr>\n<tr>\n<td width=\"61\">D3.6<\/td>\n<td width=\"189\">Demonstration application for summarizer.<\/td>\n<td width=\"81\">Semantika<\/td>\n<td width=\"124\">software<\/td>\n<td width=\"62\">6<\/td>\n<td width=\"405\">&nbsp;<\/td>\n<\/tr>\n<tr>\n<td width=\"61\">D3.7<\/td>\n<td width=\"189\">Demonstration application for a translator.<\/td>\n<td width=\"81\">Semantika<\/td>\n<td width=\"124\">software<\/td>\n<td width=\"62\">6<\/td>\n<td width=\"405\">&nbsp;<\/td>\n<\/tr>\n<tr>\n<td width=\"61\">D3.8<\/td>\n<td width=\"189\">Demonstration application for translation between instructions in natural language and command language.<\/td>\n<td width=\"81\">Semantika<\/td>\n<td width=\"124\">software<\/td>\n<td width=\"62\">6<\/td>\n<td width=\"405\">&nbsp;<\/td>\n<\/tr>\n<tr>\n<td width=\"61\">D3.9<\/td>\n<td width=\"189\">Development of an application for machine entity extraction and document anonymization, along with a demonstration on databases aquired by Semantika.<\/td>\n<td width=\"81\">Semantika<\/td>\n<td width=\"124\">software<\/td>\n<td width=\"62\">5<\/td>\n<td width=\"405\">&nbsp;<\/td>\n<\/tr>\n<tr>\n<td width=\"61\">D4.4<\/td>\n<td width=\"189\">Medical application using a speech recognizer and a large generative language model.<\/td>\n<td width=\"81\">Better<\/td>\n<td width=\"124\">software<\/td>\n<td width=\"62\">6<\/td>\n<td width=\"405\">&nbsp;<\/td>\n<\/tr>\n<tr>\n<td colspan=\"5\" width=\"525\"><strong>June 2026<\/strong><\/td>\n<td width=\"405\"><strong>\u00a0<\/strong><\/td>\n<\/tr>\n<tr>\n<td width=\"61\">D1.8<\/td>\n<td width=\"189\">Large language corpus for conversational language and addressed terminological areas \u2013 final version.<\/td>\n<td width=\"81\">FRI<\/td>\n<td width=\"124\">data<\/td>\n<td width=\"62\">4<\/td>\n<td width=\"405\">&nbsp;<\/td>\n<\/tr>\n<tr>\n<td width=\"61\">D1.9<\/td>\n<td width=\"189\">Knowledge base created based on the Digital Lexical Database.<\/td>\n<td width=\"81\">FRI<\/td>\n<td width=\"124\">data<\/td>\n<td width=\"62\">3<\/td>\n<td width=\"405\">&nbsp;<\/td>\n<\/tr>\n<tr>\n<td width=\"61\">D3.10<\/td>\n<td width=\"189\">Demonstration of an upgraded digital guide.<\/td>\n<td width=\"81\">Semantika<\/td>\n<td width=\"124\">software<\/td>\n<td width=\"62\">6<\/td>\n<td width=\"405\">&nbsp;<\/td>\n<\/tr>\n<tr>\n<td width=\"61\">D5.5<\/td>\n<td width=\"189\">Prototype integration of a speech communication system with a selected business process management solution in manufacturing.<\/td>\n<td width=\"81\">\u0160pica<\/td>\n<td width=\"124\">software<\/td>\n<td width=\"62\">6<\/td>\n<td width=\"405\">&nbsp;<\/td>\n<\/tr>\n<tr>\n<td width=\"61\">D6.5<\/td>\n<td width=\"189\">Final version of software enabling the use of language technologies in IaC, taking into account performance, robustness, and security limitations \u2013 achieved TRL6.<\/td>\n<td width=\"81\">XLAB<\/td>\n<td width=\"124\">software<\/td>\n<td width=\"62\">6<\/td>\n<td width=\"405\">&nbsp;<\/td>\n<\/tr>\n<\/tbody>\n<\/table>\n<\/div><\/section><\/div><\/div><!--close column table wrapper. Autoclose: 1 -->\n","protected":false},"excerpt":{"rendered":"","protected":false},"author":1,"featured_media":0,"parent":0,"menu_order":0,"comment_status":"closed","ping_status":"closed","template":"","meta":{"_acf_changed":false,"_relevanssi_hide_post":"","_relevanssi_hide_content":"","_relevanssi_pin_for_all":"","_relevanssi_pin_keywords":"","_relevanssi_unpin_keywords":"","_relevanssi_related_keywords":"","_relevanssi_related_include_ids":"","_relevanssi_related_exclude_ids":"","_relevanssi_related_no_append":"","_relevanssi_related_not_related":"","_relevanssi_related_posts":"","_relevanssi_noindex_reason":"","inline_featured_image":false,"episode_type":"","audio_file":"","cover_image":"","cover_image_id":"","duration":"","filesize":"","filesize_raw":"","date_recorded":"","explicit":"","block":"","itunes_episode_number":"","itunes_title":"","itunes_season_number":"","itunes_episode_type":"","footnotes":""},"class_list":["post-948","page","type-page","status-publish","hentry"],"acf":[],"yoast_head":"<!-- This site is optimized with the Yoast SEO plugin v26.9 - https:\/\/yoast.com\/product\/yoast-seo-wordpress\/ -->\n<title>Results - PoVeJMo<\/title>\n<meta name=\"robots\" content=\"noindex, follow, max-snippet:-1, max-image-preview:large, max-video-preview:-1\" \/>\n<meta property=\"og:locale\" content=\"en_US\" \/>\n<meta property=\"og:type\" content=\"article\" \/>\n<meta property=\"og:title\" content=\"Results - PoVeJMo\" \/>\n<meta property=\"og:url\" content=\"https:\/\/www.cjvt.si\/povejmo\/en\/results\/\" \/>\n<meta property=\"og:site_name\" content=\"PoVeJMo\" \/>\n<meta property=\"article:modified_time\" content=\"2025-09-29T06:46:56+00:00\" \/>\n<meta name=\"twitter:card\" content=\"summary_large_image\" \/>\n<meta name=\"twitter:label1\" content=\"Est. reading time\" \/>\n\t<meta name=\"twitter:data1\" content=\"7 minutes\" \/>\n<script type=\"application\/ld+json\" class=\"yoast-schema-graph\">{\"@context\":\"https:\/\/schema.org\",\"@graph\":[{\"@type\":\"WebPage\",\"@id\":\"https:\/\/www.cjvt.si\/povejmo\/en\/results\/\",\"url\":\"https:\/\/www.cjvt.si\/povejmo\/en\/results\/\",\"name\":\"Results - PoVeJMo\",\"isPartOf\":{\"@id\":\"https:\/\/www.cjvt.si\/povejmo\/en\/#website\"},\"datePublished\":\"2020-03-31T20:44:07+00:00\",\"dateModified\":\"2025-09-29T06:46:56+00:00\",\"breadcrumb\":{\"@id\":\"https:\/\/www.cjvt.si\/povejmo\/en\/results\/#breadcrumb\"},\"inLanguage\":\"en-US\",\"potentialAction\":[{\"@type\":\"ReadAction\",\"target\":[\"https:\/\/www.cjvt.si\/povejmo\/en\/results\/\"]}]},{\"@type\":\"BreadcrumbList\",\"@id\":\"https:\/\/www.cjvt.si\/povejmo\/en\/results\/#breadcrumb\",\"itemListElement\":[{\"@type\":\"ListItem\",\"position\":1,\"name\":\"Home\",\"item\":\"https:\/\/www.cjvt.si\/povejmo\/o-programu\/\"},{\"@type\":\"ListItem\",\"position\":2,\"name\":\"References\"}]},{\"@type\":\"WebSite\",\"@id\":\"https:\/\/www.cjvt.si\/povejmo\/en\/#website\",\"url\":\"https:\/\/www.cjvt.si\/povejmo\/en\/\",\"name\":\"PoVeJMo\",\"description\":\"Work site\",\"potentialAction\":[{\"@type\":\"SearchAction\",\"target\":{\"@type\":\"EntryPoint\",\"urlTemplate\":\"https:\/\/www.cjvt.si\/povejmo\/en\/?s={search_term_string}\"},\"query-input\":{\"@type\":\"PropertyValueSpecification\",\"valueRequired\":true,\"valueName\":\"search_term_string\"}}],\"inLanguage\":\"en-US\"}]}<\/script>\n<!-- \/ Yoast SEO plugin. -->","yoast_head_json":{"title":"Results - PoVeJMo","robots":{"index":"noindex","follow":"follow","max-snippet":"max-snippet:-1","max-image-preview":"max-image-preview:large","max-video-preview":"max-video-preview:-1"},"og_locale":"en_US","og_type":"article","og_title":"Results - PoVeJMo","og_url":"https:\/\/www.cjvt.si\/povejmo\/en\/results\/","og_site_name":"PoVeJMo","article_modified_time":"2025-09-29T06:46:56+00:00","twitter_card":"summary_large_image","twitter_misc":{"Est. reading time":"7 minutes"},"schema":{"@context":"https:\/\/schema.org","@graph":[{"@type":"WebPage","@id":"https:\/\/www.cjvt.si\/povejmo\/en\/results\/","url":"https:\/\/www.cjvt.si\/povejmo\/en\/results\/","name":"Results - PoVeJMo","isPartOf":{"@id":"https:\/\/www.cjvt.si\/povejmo\/en\/#website"},"datePublished":"2020-03-31T20:44:07+00:00","dateModified":"2025-09-29T06:46:56+00:00","breadcrumb":{"@id":"https:\/\/www.cjvt.si\/povejmo\/en\/results\/#breadcrumb"},"inLanguage":"en-US","potentialAction":[{"@type":"ReadAction","target":["https:\/\/www.cjvt.si\/povejmo\/en\/results\/"]}]},{"@type":"BreadcrumbList","@id":"https:\/\/www.cjvt.si\/povejmo\/en\/results\/#breadcrumb","itemListElement":[{"@type":"ListItem","position":1,"name":"Home","item":"https:\/\/www.cjvt.si\/povejmo\/o-programu\/"},{"@type":"ListItem","position":2,"name":"References"}]},{"@type":"WebSite","@id":"https:\/\/www.cjvt.si\/povejmo\/en\/#website","url":"https:\/\/www.cjvt.si\/povejmo\/en\/","name":"PoVeJMo","description":"Work site","potentialAction":[{"@type":"SearchAction","target":{"@type":"EntryPoint","urlTemplate":"https:\/\/www.cjvt.si\/povejmo\/en\/?s={search_term_string}"},"query-input":{"@type":"PropertyValueSpecification","valueRequired":true,"valueName":"search_term_string"}}],"inLanguage":"en-US"}]}},"_links":{"self":[{"href":"https:\/\/www.cjvt.si\/povejmo\/en\/wp-json\/wp\/v2\/pages\/948","targetHints":{"allow":["GET"]}}],"collection":[{"href":"https:\/\/www.cjvt.si\/povejmo\/en\/wp-json\/wp\/v2\/pages"}],"about":[{"href":"https:\/\/www.cjvt.si\/povejmo\/en\/wp-json\/wp\/v2\/types\/page"}],"author":[{"embeddable":true,"href":"https:\/\/www.cjvt.si\/povejmo\/en\/wp-json\/wp\/v2\/users\/1"}],"replies":[{"embeddable":true,"href":"https:\/\/www.cjvt.si\/povejmo\/en\/wp-json\/wp\/v2\/comments?post=948"}],"version-history":[{"count":33,"href":"https:\/\/www.cjvt.si\/povejmo\/en\/wp-json\/wp\/v2\/pages\/948\/revisions"}],"predecessor-version":[{"id":1884,"href":"https:\/\/www.cjvt.si\/povejmo\/en\/wp-json\/wp\/v2\/pages\/948\/revisions\/1884"}],"wp:attachment":[{"href":"https:\/\/www.cjvt.si\/povejmo\/en\/wp-json\/wp\/v2\/media?parent=948"}],"curies":[{"name":"wp","href":"https:\/\/api.w.org\/{rel}","templated":true}]}}