{"id":1143,"date":"2023-11-01T22:50:49","date_gmt":"2023-11-01T21:50:49","guid":{"rendered":"https:\/\/www.cjvt.si\/povejmo\/?page_id=1143"},"modified":"2024-07-22T12:54:24","modified_gmt":"2024-07-22T10:54:24","slug":"rrp4-vemo-med","status":"publish","type":"page","link":"https:\/\/www.cjvt.si\/povejmo\/projektni-sklopi\/rrp4-vemo-med\/","title":{"rendered":"RRP4: VeMo-Med"},"content":{"rendered":"<div class=\"flex_column av_one_full  no_margin flex_column_div av-zero-column-padding first  avia-builder-el-0  el_before_av_one_full  avia-builder-el-first  \" style='margin-top:0px; margin-bottom:30px; border-radius:0px; '><section class=\"av_textblock_section \"  itemscope=\"itemscope\" itemtype=\"https:\/\/schema.org\/CreativeWork\" ><div class='avia_textblock  '   itemprop=\"text\" ><h2>Prilagoditev velikih jezikovnih modelov za uporabo sloven\u0161\u010dine v medicini<\/h2>\n<\/div><\/section><br \/>\n<section class=\"av_textblock_section \"  itemscope=\"itemscope\" itemtype=\"https:\/\/schema.org\/CreativeWork\" ><div class='avia_textblock  '   itemprop=\"text\" ><h3><span class=\"TextRun SCXW134244926 BCX0\" lang=\"SL-SI\" xml:lang=\"SL-SI\" data-contrast=\"auto\"><span class=\"NormalTextRun SpellingErrorV2Themed SCXW134244926 BCX0\">VeMo-Med<\/span><\/span><\/h3>\n<\/div><\/section><\/p><\/div>\n<div class=\"flex_column av_one_full  no_margin flex_column_div av-zero-column-padding first  avia-builder-el-3  el_after_av_one_full  el_before_av_one_full  column-top-margin\" style='margin-top:0px; margin-bottom:30px; border-radius:0px; '><section class=\"av_textblock_section \"  itemscope=\"itemscope\" itemtype=\"https:\/\/schema.org\/CreativeWork\" ><div class='avia_textblock  '   itemprop=\"text\" ><p>V projektu bomo uporabo jezikovnih modelov prenesli na podro\u010dje medicine. Better d.o.o. ponuja mo\u017enosti elektronskega predpisovanja zdravil; avtomatske transkripcije govora za odpustna pisma; prepoznavanja u\u010dinkovin\/zdravil, odmerkov, \u010dasovnih omejitev, akterjev (zdravniki, pacienti, drugi); avtomatska digitalizacija obrazcev s prepoznavanjem besedilnih polj in vnosov.<\/p>\n<\/div><\/section><\/div>\n<div class=\"flex_column av_one_full  no_margin flex_column_div av-zero-column-padding first  avia-builder-el-5  el_after_av_one_full  el_before_av_one_full  column-top-margin\" style='margin-top:0px; margin-bottom:30px; border-radius:0px; '><section class=\"av_textblock_section \"  itemscope=\"itemscope\" itemtype=\"https:\/\/schema.org\/CreativeWork\" ><div class='avia_textblock  '   itemprop=\"text\" ><h3>Specifi\u010dni cilji:<\/h3>\n<ol>\n<li>Izdelava ukazne in dialo\u0161ke u\u010dne mno\u017eice s specifi\u010dnimi dialogi in ukazi s podro\u010dja medicinskih aplikacij.<\/li>\n<li>Izdelava medicini prilagojenega velikega generativnega slovenskega jezikovnega modela.<\/li>\n<li>Izdelava natan\u010dnega razpoznavalnika slovenskega govora, ki bo specializiran za podro\u010dje medicine.<\/li>\n<li>Razvoj napredne medicinska aplikacija, ki uporablja razpoznavo govora in velike jezikovne modele za la\u017eje in hitrej\u0161e delo zdravstvenega osebja.<\/li>\n<\/ol>\n<\/div><\/section><\/div>\n<div class=\"flex_column av_one_full  no_margin flex_column_div av-zero-column-padding first  avia-builder-el-7  el_after_av_one_full  el_before_av_one_full  column-top-margin\" style='margin-top:0px; margin-bottom:30px; border-radius:0px; '><section class=\"av_textblock_section \"  itemscope=\"itemscope\" itemtype=\"https:\/\/schema.org\/CreativeWork\" ><div class='avia_textblock  '   itemprop=\"text\" ><h3>Rezultati:<\/h3>\n<ul>\n<li><strong>D4.1:<\/strong> U\u010dna mno\u017eice s specifi\u010dnimi dialogi in ukazi s podro\u010dja medicinskih aplikacij velikosti vsaj 10.000 primerov (avgust 2024).<\/li>\n<li><strong>D4.2<\/strong>: Velik generativen jezikovni model, prilagojen za podro\u010dje medicine (februar\u00a02025).<\/li>\n<li><strong>D4.3<\/strong>: Natan\u010den razpoznavalnik slovenskega govora, ki bo specializiran za podro\u010dje medicine (avgust 2025).<\/li>\n<li><strong>D4.4<\/strong>: Medicinska aplikacija, ki uporablja razpoznavalnik govora in velik generativen jezikovni model (februar\u00a02026).<\/li>\n<\/ul>\n<\/div><\/section><\/div>\n<div class=\"flex_column av_one_full  no_margin flex_column_div av-zero-column-padding first  avia-builder-el-9  el_after_av_one_full  el_before_av_one_fourth  column-top-margin\" style='margin-top:0px; margin-bottom:30px; border-radius:0px; '><section class=\"av_textblock_section \"  itemscope=\"itemscope\" itemtype=\"https:\/\/schema.org\/CreativeWork\" ><div class='avia_textblock  '   itemprop=\"text\" ><h3>Projektni partnerji:<\/h3>\n<\/div><\/section><\/div>\n<div class=\"flex_column av_one_fourth  flex_column_div av-zero-column-padding first  avia-builder-el-11  el_after_av_one_full  el_before_av_one_fourth  column-top-margin\" style='border-radius:0px; '><section class=\"av_textblock_section \"  itemscope=\"itemscope\" itemtype=\"https:\/\/schema.org\/CreativeWork\" ><div class='avia_textblock  '   itemprop=\"text\" ><h5>Nosilec projekta:<\/h5>\n<\/div><\/section><\/div>\n<div class=\"flex_column av_one_fourth  flex_column_div av-zero-column-padding   avia-builder-el-13  el_after_av_one_fourth  el_before_av_one_fourth  column-top-margin\" style='border-radius:0px; '><div  class='avia-button-wrap avia-button-center  avia-builder-el-14  avia-builder-el-no-sibling ' ><a href='https:\/\/www.better.care\/' class='avia-button avia-button-fullwidth   avia-icon_select-no avia-color-theme-color '  style='color:#ffffff; ' ><span class='avia_iconbox_title' >BETTER, d.o.o.<\/span><span class='avia_button_background avia-button avia-button-fullwidth avia-color-theme-color-highlight' ><\/span><\/a><\/div><\/div>\n<div class=\"flex_column av_one_fourth  flex_column_div av-zero-column-padding   avia-builder-el-15  el_after_av_one_fourth  el_before_av_one_fourth  column-top-margin\" style='border-radius:0px; '><\/div>\n<div class=\"flex_column av_one_fourth  flex_column_div av-zero-column-padding   avia-builder-el-16  el_after_av_one_fourth  el_before_av_one_fourth  column-top-margin\" style='border-radius:0px; '><\/div>\n<div class=\"flex_column av_one_fourth  flex_column_div av-zero-column-padding first  avia-builder-el-17  el_after_av_one_fourth  el_before_av_one_fourth  column-top-margin\" style='border-radius:0px; '><section class=\"av_textblock_section \"  itemscope=\"itemscope\" itemtype=\"https:\/\/schema.org\/CreativeWork\" ><div class='avia_textblock  '   itemprop=\"text\" ><h5>Sodelujo\u010di partnerji:<\/h5>\n<\/div><\/section><\/div>\n<div class=\"flex_column av_one_fourth  flex_column_div av-zero-column-padding   avia-builder-el-19  el_after_av_one_fourth  el_before_av_one_fourth  column-top-margin\" style='border-radius:0px; '><div  class='avia-button-wrap avia-button-center  avia-builder-el-20  avia-builder-el-no-sibling ' ><a href='https:\/\/fri.uni-lj.si\/sl' class='avia-button avia-button-fullwidth   avia-icon_select-no avia-color-theme-color '  style='color:#ffffff; ' ><span class='avia_iconbox_title' >Fakulteta za ra\u010dunalni\u0161tvo in informatiko UL<\/span><span class='avia_button_background avia-button avia-button-fullwidth avia-color-theme-color-highlight' ><\/span><\/a><\/div><\/div><div class=\"flex_column av_one_fourth  flex_column_div av-zero-column-padding   avia-builder-el-21  el_after_av_one_fourth  avia-builder-el-last  column-top-margin\" style='border-radius:0px; '><div  class='avia-button-wrap avia-button-center  avia-builder-el-22  avia-builder-el-no-sibling ' ><a href='https:\/\/vitasis.si\/home' class='avia-button avia-button-fullwidth   avia-icon_select-no avia-color-theme-color '  style='color:#ffffff; ' ><span class='avia_iconbox_title' >VITASIS d.o.o.<\/span><span class='avia_button_background avia-button avia-button-fullwidth avia-color-theme-color-highlight' ><\/span><\/a><\/div><\/div><\/p>\n","protected":false},"excerpt":{"rendered":"","protected":false},"author":6,"featured_media":0,"parent":668,"menu_order":0,"comment_status":"closed","ping_status":"closed","template":"","meta":{"_acf_changed":false,"_relevanssi_hide_post":"","_relevanssi_hide_content":"","_relevanssi_pin_for_all":"","_relevanssi_pin_keywords":"","_relevanssi_unpin_keywords":"","_relevanssi_related_keywords":"","_relevanssi_related_include_ids":"","_relevanssi_related_exclude_ids":"","_relevanssi_related_no_append":"","_relevanssi_related_not_related":"","_relevanssi_related_posts":"","_relevanssi_noindex_reason":"","inline_featured_image":false,"episode_type":"","audio_file":"","cover_image":"","cover_image_id":"","duration":"","filesize":"","filesize_raw":"","date_recorded":"","explicit":"","block":"","itunes_episode_number":"","itunes_title":"","itunes_season_number":"","itunes_episode_type":"","footnotes":""},"class_list":["post-1143","page","type-page","status-publish","hentry"],"acf":[],"yoast_head":"<!-- This site is optimized with the Yoast SEO plugin v26.9 - https:\/\/yoast.com\/product\/yoast-seo-wordpress\/ -->\n<title>RRP4: VeMo-Med - PoVeJMo<\/title>\n<meta name=\"robots\" content=\"noindex, follow, max-snippet:-1, max-image-preview:large, max-video-preview:-1\" \/>\n<meta property=\"og:locale\" content=\"sl_SI\" \/>\n<meta property=\"og:type\" content=\"article\" \/>\n<meta property=\"og:title\" content=\"RRP4: VeMo-Med - PoVeJMo\" \/>\n<meta property=\"og:url\" content=\"https:\/\/www.cjvt.si\/povejmo\/projektni-sklopi\/rrp4-vemo-med\/\" \/>\n<meta property=\"og:site_name\" content=\"PoVeJMo\" \/>\n<meta property=\"article:modified_time\" content=\"2024-07-22T10:54:24+00:00\" \/>\n<meta name=\"twitter:card\" content=\"summary_large_image\" \/>\n<meta name=\"twitter:label1\" content=\"Est. reading time\" \/>\n\t<meta name=\"twitter:data1\" content=\"5 minut\" \/>\n<script type=\"application\/ld+json\" class=\"yoast-schema-graph\">{\"@context\":\"https:\/\/schema.org\",\"@graph\":[{\"@type\":\"WebPage\",\"@id\":\"https:\/\/www.cjvt.si\/povejmo\/projektni-sklopi\/rrp4-vemo-med\/\",\"url\":\"https:\/\/www.cjvt.si\/povejmo\/projektni-sklopi\/rrp4-vemo-med\/\",\"name\":\"RRP4: VeMo-Med - PoVeJMo\",\"isPartOf\":{\"@id\":\"https:\/\/www.cjvt.si\/povejmo\/#website\"},\"datePublished\":\"2023-11-01T21:50:49+00:00\",\"dateModified\":\"2024-07-22T10:54:24+00:00\",\"breadcrumb\":{\"@id\":\"https:\/\/www.cjvt.si\/povejmo\/projektni-sklopi\/rrp4-vemo-med\/#breadcrumb\"},\"inLanguage\":\"sl-SI\",\"potentialAction\":[{\"@type\":\"ReadAction\",\"target\":[\"https:\/\/www.cjvt.si\/povejmo\/projektni-sklopi\/rrp4-vemo-med\/\"]}]},{\"@type\":\"BreadcrumbList\",\"@id\":\"https:\/\/www.cjvt.si\/povejmo\/projektni-sklopi\/rrp4-vemo-med\/#breadcrumb\",\"itemListElement\":[{\"@type\":\"ListItem\",\"position\":1,\"name\":\"Home\",\"item\":\"https:\/\/www.cjvt.si\/povejmo\/o-programu\/\"},{\"@type\":\"ListItem\",\"position\":2,\"name\":\"Projektni sklopi\",\"item\":\"https:\/\/www.cjvt.si\/povejmo\/projekti\/\"},{\"@type\":\"ListItem\",\"position\":3,\"name\":\"RRP4: VeMo-Med\"}]},{\"@type\":\"WebSite\",\"@id\":\"https:\/\/www.cjvt.si\/povejmo\/#website\",\"url\":\"https:\/\/www.cjvt.si\/povejmo\/\",\"name\":\"PoVeJMo\",\"description\":\"Work site\",\"potentialAction\":[{\"@type\":\"SearchAction\",\"target\":{\"@type\":\"EntryPoint\",\"urlTemplate\":\"https:\/\/www.cjvt.si\/povejmo\/?s={search_term_string}\"},\"query-input\":{\"@type\":\"PropertyValueSpecification\",\"valueRequired\":true,\"valueName\":\"search_term_string\"}}],\"inLanguage\":\"sl-SI\"}]}<\/script>\n<!-- \/ Yoast SEO plugin. -->","yoast_head_json":{"title":"RRP4: VeMo-Med - PoVeJMo","robots":{"index":"noindex","follow":"follow","max-snippet":"max-snippet:-1","max-image-preview":"max-image-preview:large","max-video-preview":"max-video-preview:-1"},"og_locale":"sl_SI","og_type":"article","og_title":"RRP4: VeMo-Med - PoVeJMo","og_url":"https:\/\/www.cjvt.si\/povejmo\/projektni-sklopi\/rrp4-vemo-med\/","og_site_name":"PoVeJMo","article_modified_time":"2024-07-22T10:54:24+00:00","twitter_card":"summary_large_image","twitter_misc":{"Est. reading time":"5 minut"},"schema":{"@context":"https:\/\/schema.org","@graph":[{"@type":"WebPage","@id":"https:\/\/www.cjvt.si\/povejmo\/projektni-sklopi\/rrp4-vemo-med\/","url":"https:\/\/www.cjvt.si\/povejmo\/projektni-sklopi\/rrp4-vemo-med\/","name":"RRP4: VeMo-Med - PoVeJMo","isPartOf":{"@id":"https:\/\/www.cjvt.si\/povejmo\/#website"},"datePublished":"2023-11-01T21:50:49+00:00","dateModified":"2024-07-22T10:54:24+00:00","breadcrumb":{"@id":"https:\/\/www.cjvt.si\/povejmo\/projektni-sklopi\/rrp4-vemo-med\/#breadcrumb"},"inLanguage":"sl-SI","potentialAction":[{"@type":"ReadAction","target":["https:\/\/www.cjvt.si\/povejmo\/projektni-sklopi\/rrp4-vemo-med\/"]}]},{"@type":"BreadcrumbList","@id":"https:\/\/www.cjvt.si\/povejmo\/projektni-sklopi\/rrp4-vemo-med\/#breadcrumb","itemListElement":[{"@type":"ListItem","position":1,"name":"Home","item":"https:\/\/www.cjvt.si\/povejmo\/o-programu\/"},{"@type":"ListItem","position":2,"name":"Projektni sklopi","item":"https:\/\/www.cjvt.si\/povejmo\/projekti\/"},{"@type":"ListItem","position":3,"name":"RRP4: VeMo-Med"}]},{"@type":"WebSite","@id":"https:\/\/www.cjvt.si\/povejmo\/#website","url":"https:\/\/www.cjvt.si\/povejmo\/","name":"PoVeJMo","description":"Work site","potentialAction":[{"@type":"SearchAction","target":{"@type":"EntryPoint","urlTemplate":"https:\/\/www.cjvt.si\/povejmo\/?s={search_term_string}"},"query-input":{"@type":"PropertyValueSpecification","valueRequired":true,"valueName":"search_term_string"}}],"inLanguage":"sl-SI"}]}},"_links":{"self":[{"href":"https:\/\/www.cjvt.si\/povejmo\/wp-json\/wp\/v2\/pages\/1143","targetHints":{"allow":["GET"]}}],"collection":[{"href":"https:\/\/www.cjvt.si\/povejmo\/wp-json\/wp\/v2\/pages"}],"about":[{"href":"https:\/\/www.cjvt.si\/povejmo\/wp-json\/wp\/v2\/types\/page"}],"author":[{"embeddable":true,"href":"https:\/\/www.cjvt.si\/povejmo\/wp-json\/wp\/v2\/users\/6"}],"replies":[{"embeddable":true,"href":"https:\/\/www.cjvt.si\/povejmo\/wp-json\/wp\/v2\/comments?post=1143"}],"version-history":[{"count":10,"href":"https:\/\/www.cjvt.si\/povejmo\/wp-json\/wp\/v2\/pages\/1143\/revisions"}],"predecessor-version":[{"id":1721,"href":"https:\/\/www.cjvt.si\/povejmo\/wp-json\/wp\/v2\/pages\/1143\/revisions\/1721"}],"up":[{"embeddable":true,"href":"https:\/\/www.cjvt.si\/povejmo\/wp-json\/wp\/v2\/pages\/668"}],"wp:attachment":[{"href":"https:\/\/www.cjvt.si\/povejmo\/wp-json\/wp\/v2\/media?parent=1143"}],"curies":[{"name":"wp","href":"https:\/\/api.w.org\/{rel}","templated":true}]}}