{"id":1145,"date":"2023-11-01T22:56:54","date_gmt":"2023-11-01T21:56:54","guid":{"rendered":"https:\/\/www.cjvt.si\/povejmo\/?page_id=1145"},"modified":"2023-11-07T07:18:35","modified_gmt":"2023-11-07T06:18:35","slug":"rrp6-vemo-iac","status":"publish","type":"page","link":"https:\/\/www.cjvt.si\/povejmo\/projektni-sklopi\/rrp6-vemo-iac\/","title":{"rendered":"RRP6: VeMo-IaC"},"content":{"rendered":"<div class=\"flex_column av_one_full  no_margin flex_column_div av-zero-column-padding first  avia-builder-el-0  el_before_av_one_full  avia-builder-el-first  \" style='margin-top:0px; margin-bottom:30px; border-radius:0px; '><section class=\"av_textblock_section \"  itemscope=\"itemscope\" itemtype=\"https:\/\/schema.org\/CreativeWork\" ><div class='avia_textblock  '   itemprop=\"text\" ><h2>Prilagoditev velikih jezikovnih modelov za generiranje infrastrukturnih opisov v kodi<\/h2>\n<\/div><\/section><br \/>\n<section class=\"av_textblock_section \"  itemscope=\"itemscope\" itemtype=\"https:\/\/schema.org\/CreativeWork\" ><div class='avia_textblock  '   itemprop=\"text\" ><h3><span class=\"TextRun SCXW134244926 BCX0\" lang=\"SL-SI\" xml:lang=\"SL-SI\" data-contrast=\"auto\"><span class=\"NormalTextRun SpellingErrorV2Themed SCXW134244926 BCX0\">VeMo-IaC<\/span><\/span><\/h3>\n<\/div><\/section><\/p><\/div>\n<div class=\"flex_column av_one_full  no_margin flex_column_div av-zero-column-padding first  avia-builder-el-3  el_after_av_one_full  el_before_av_one_full  column-top-margin\" style='margin-top:0px; margin-bottom:30px; border-radius:0px; '><section class=\"av_textblock_section \"  itemscope=\"itemscope\" itemtype=\"https:\/\/schema.org\/CreativeWork\" ><div class='avia_textblock  '   itemprop=\"text\" ><p>Projekt naslavlja rabo velikih jezikovnih modelov za potrebe generiranja infrastrukturnih specifikacij v obliki ra\u010dunalni\u0161ke kode (<em>ang. IaC<\/em>). Kot osnovo bomo uporabili tehni\u010dne specifikacije in programsko opremo za gradnjo velikih jezikovnih modelov, ki bodo razviti v projektu SloLLaMai ter zgrajeno infrastrukturo za gradnjo potrebnih jezikovnih virov (ukaznih navodil in zahtev po dokumentaciji) iz projekta SloSBZ. Pri raziskavah bomo posebej pozorni na robustnost, varnost in u\u010dinkovitost jezikovnih tehnologij. Z razvito re\u0161itvijo bomo obogatili in izbolj\u0161ali produkt, ki je \u017ee na tr\u017ei\u0161\u010du (<a href=\"https:\/\/steampunk.si\/spotter\/\">Spotter<\/a>).<\/p>\n<\/div><\/section><\/div>\n<div class=\"flex_column av_one_full  no_margin flex_column_div av-zero-column-padding first  avia-builder-el-5  el_after_av_one_full  el_before_av_one_full  column-top-margin\" style='margin-top:0px; margin-bottom:30px; border-radius:0px; '><section class=\"av_textblock_section \"  itemscope=\"itemscope\" itemtype=\"https:\/\/schema.org\/CreativeWork\" ><div class='avia_textblock  '   itemprop=\"text\" ><h3>Specifi\u010dni cilji:<\/h3>\n<ul>\n<li>Preu\u010diti mo\u017enosti uporabe jezikovnih tehnologij za potrebe avtomatizirane gradnje opisov infrastrukture v kodi in izbrati najprimernej\u0161im jezikovnih modelov z upo\u0161tevanjem klju\u010dnih zahtev: zanesljivost, varnost, nizka ra\u010dunska zahtevnost medelov.<\/li>\n<li>Izdelati u\u010dno mno\u017eico ukaznih pozivov za IaC in uporabni\u0161kih dialogov za avtomatsko generiranje opisov infrastrukture (na osnovi razultatov projekta SloSBZ).<\/li>\n<li>Izvesti podrobno evalvacijo u\u010dnih primerov s poudarkom na kakovosti in pravilnosti primerov kode ter upo\u0161tevanjem razli\u010dic programske kode.<\/li>\n<li>Razviti storitev\/modul za avtomatsko generiranje opisov infrastrukture in modul integrirati v obstoje\u010di produkt.<\/li>\n<\/ul>\n<\/div><\/section><\/div>\n<div class=\"flex_column av_one_full  no_margin flex_column_div av-zero-column-padding first  avia-builder-el-7  el_after_av_one_full  el_before_av_one_full  column-top-margin\" style='margin-top:0px; margin-bottom:30px; border-radius:0px; '><section class=\"av_textblock_section \"  itemscope=\"itemscope\" itemtype=\"https:\/\/schema.org\/CreativeWork\" ><div class='avia_textblock  '   itemprop=\"text\" ><h3>Rezultati:<\/h3>\n<ul>\n<li><strong>D6.1<\/strong> \u2013 Razvit prvi na\u010drt in pristopi za uporabo u\u010dinkovito rabo velikih jezikovnih modelov v IaC: Raba in izbor u\u010dnih podatkov, opis mo\u017enih pristopov (februar\u00a02024).<\/li>\n<li><strong>D6.2<\/strong> \u2013 Prva razli\u010dica programske opreme, ki omogo\u010da uporabo jezikovnih tehnologij pri IaC in upo\u0161teva omejitve rabe zmogljivosti, robustnosti in varnosti (avgust 2025).<\/li>\n<li><strong>D6.3<\/strong> \u2013 Dodelava na\u010drta in popravki pristopov za u\u010dinkovito rabo velikih jezikovnih modelov v IaC: Raba in izbor u\u010dnih podatkov, opis pristopov pri gradnji (februar\u00a02025).<\/li>\n<li><strong>D6.4<\/strong> \u2013 Druga razli\u010dica programske opreme, ki omogo\u010da uporabo jezikovnih tehnologij pri IaC in upo\u0161teva omejitve rabe zmogljivosti, robustnosti in varnosti \u2013 dose\u017een TRL5 (avgust 2025).<\/li>\n<li><strong>D6.5<\/strong> \u2013 Kon\u010dna razli\u010dica programske opreme, ki omogo\u010da uporabo jezikovnih tehnologij pri IaC in upo\u0161teva omejitve rabe zmogljivosti, robustnosti in varnosti \u2013 dose\u017een TRL6 (junij 2026).<\/li>\n<\/ul>\n<\/div><\/section><\/div>\n<div class=\"flex_column av_one_full  no_margin flex_column_div av-zero-column-padding first  avia-builder-el-9  el_after_av_one_full  el_before_av_one_fourth  column-top-margin\" style='margin-top:0px; margin-bottom:30px; border-radius:0px; '><section class=\"av_textblock_section \"  itemscope=\"itemscope\" itemtype=\"https:\/\/schema.org\/CreativeWork\" ><div class='avia_textblock  '   itemprop=\"text\" ><h3>Projektni partnerji:<\/h3>\n<\/div><\/section><\/div>\n<div class=\"flex_column av_one_fourth  flex_column_div av-zero-column-padding first  avia-builder-el-11  el_after_av_one_full  el_before_av_one_fourth  column-top-margin\" style='border-radius:0px; '><section class=\"av_textblock_section \"  itemscope=\"itemscope\" itemtype=\"https:\/\/schema.org\/CreativeWork\" ><div class='avia_textblock  '   itemprop=\"text\" ><h5>Nosilec projekta:<\/h5>\n<\/div><\/section><\/div>\n<div class=\"flex_column av_one_fourth  flex_column_div av-zero-column-padding   avia-builder-el-13  el_after_av_one_fourth  el_before_av_one_fourth  column-top-margin\" style='border-radius:0px; '><div  class='avia-button-wrap avia-button-center  avia-builder-el-14  avia-builder-el-no-sibling ' ><a href='https:\/\/xlab.si\/sl\/' class='avia-button avia-button-fullwidth   avia-icon_select-no avia-color-theme-color '  style='color:#ffffff; ' ><span class='avia_iconbox_title' >XLAB d.o.o.<\/span><span class='avia_button_background avia-button avia-button-fullwidth avia-color-theme-color-highlight' ><\/span><\/a><\/div><\/div>\n<div class=\"flex_column av_one_fourth  flex_column_div av-zero-column-padding   avia-builder-el-15  el_after_av_one_fourth  el_before_av_one_fourth  column-top-margin\" style='border-radius:0px; '><\/div>\n<div class=\"flex_column av_one_fourth  flex_column_div av-zero-column-padding   avia-builder-el-16  el_after_av_one_fourth  el_before_av_one_fourth  column-top-margin\" style='border-radius:0px; '><\/div>\n<div class=\"flex_column av_one_fourth  flex_column_div av-zero-column-padding first  avia-builder-el-17  el_after_av_one_fourth  el_before_av_one_fourth  column-top-margin\" style='border-radius:0px; '><section class=\"av_textblock_section \"  itemscope=\"itemscope\" itemtype=\"https:\/\/schema.org\/CreativeWork\" ><div class='avia_textblock  '   itemprop=\"text\" ><h5>Sodelujo\u010di partnerji:<\/h5>\n<\/div><\/section><\/div>\n<div class=\"flex_column av_one_fourth  flex_column_div av-zero-column-padding   avia-builder-el-19  el_after_av_one_fourth  avia-builder-el-last  column-top-margin\" style='border-radius:0px; '><div  class='avia-button-wrap avia-button-center  avia-builder-el-20  avia-builder-el-no-sibling ' ><a href='https:\/\/fri.uni-lj.si\/sl' class='avia-button avia-button-fullwidth   avia-icon_select-no avia-color-theme-color '  style='color:#ffffff; ' ><span class='avia_iconbox_title' >Fakulteta za ra\u010dunalni\u0161tvo in informatiko UL<\/span><span class='avia_button_background avia-button avia-button-fullwidth avia-color-theme-color-highlight' ><\/span><\/a><\/div><\/div>\n","protected":false},"excerpt":{"rendered":"","protected":false},"author":6,"featured_media":0,"parent":668,"menu_order":0,"comment_status":"closed","ping_status":"closed","template":"","meta":{"_acf_changed":false,"_relevanssi_hide_post":"","_relevanssi_hide_content":"","_relevanssi_pin_for_all":"","_relevanssi_pin_keywords":"","_relevanssi_unpin_keywords":"","_relevanssi_related_keywords":"","_relevanssi_related_include_ids":"","_relevanssi_related_exclude_ids":"","_relevanssi_related_no_append":"","_relevanssi_related_not_related":"","_relevanssi_related_posts":"","_relevanssi_noindex_reason":"","inline_featured_image":false,"episode_type":"","audio_file":"","cover_image":"","cover_image_id":"","duration":"","filesize":"","filesize_raw":"","date_recorded":"","explicit":"","block":"","itunes_episode_number":"","itunes_title":"","itunes_season_number":"","itunes_episode_type":"","footnotes":""},"class_list":["post-1145","page","type-page","status-publish","hentry"],"acf":[],"yoast_head":"<!-- This site is optimized with the Yoast SEO plugin v26.9 - https:\/\/yoast.com\/product\/yoast-seo-wordpress\/ -->\n<title>RRP6: VeMo-IaC - PoVeJMo<\/title>\n<meta name=\"robots\" content=\"noindex, follow, max-snippet:-1, max-image-preview:large, max-video-preview:-1\" \/>\n<meta property=\"og:locale\" content=\"sl_SI\" \/>\n<meta property=\"og:type\" content=\"article\" \/>\n<meta property=\"og:title\" content=\"RRP6: VeMo-IaC - PoVeJMo\" \/>\n<meta property=\"og:url\" content=\"https:\/\/www.cjvt.si\/povejmo\/projektni-sklopi\/rrp6-vemo-iac\/\" \/>\n<meta property=\"og:site_name\" content=\"PoVeJMo\" \/>\n<meta property=\"article:modified_time\" content=\"2023-11-07T06:18:35+00:00\" \/>\n<meta name=\"twitter:card\" content=\"summary_large_image\" \/>\n<meta name=\"twitter:label1\" content=\"Est. reading time\" \/>\n\t<meta name=\"twitter:data1\" content=\"5 minut\" \/>\n<script type=\"application\/ld+json\" class=\"yoast-schema-graph\">{\"@context\":\"https:\/\/schema.org\",\"@graph\":[{\"@type\":\"WebPage\",\"@id\":\"https:\/\/www.cjvt.si\/povejmo\/projektni-sklopi\/rrp6-vemo-iac\/\",\"url\":\"https:\/\/www.cjvt.si\/povejmo\/projektni-sklopi\/rrp6-vemo-iac\/\",\"name\":\"RRP6: VeMo-IaC - PoVeJMo\",\"isPartOf\":{\"@id\":\"https:\/\/www.cjvt.si\/povejmo\/#website\"},\"datePublished\":\"2023-11-01T21:56:54+00:00\",\"dateModified\":\"2023-11-07T06:18:35+00:00\",\"breadcrumb\":{\"@id\":\"https:\/\/www.cjvt.si\/povejmo\/projektni-sklopi\/rrp6-vemo-iac\/#breadcrumb\"},\"inLanguage\":\"sl-SI\",\"potentialAction\":[{\"@type\":\"ReadAction\",\"target\":[\"https:\/\/www.cjvt.si\/povejmo\/projektni-sklopi\/rrp6-vemo-iac\/\"]}]},{\"@type\":\"BreadcrumbList\",\"@id\":\"https:\/\/www.cjvt.si\/povejmo\/projektni-sklopi\/rrp6-vemo-iac\/#breadcrumb\",\"itemListElement\":[{\"@type\":\"ListItem\",\"position\":1,\"name\":\"Home\",\"item\":\"https:\/\/www.cjvt.si\/povejmo\/o-programu\/\"},{\"@type\":\"ListItem\",\"position\":2,\"name\":\"Projektni sklopi\",\"item\":\"https:\/\/www.cjvt.si\/povejmo\/projekti\/\"},{\"@type\":\"ListItem\",\"position\":3,\"name\":\"RRP6: VeMo-IaC\"}]},{\"@type\":\"WebSite\",\"@id\":\"https:\/\/www.cjvt.si\/povejmo\/#website\",\"url\":\"https:\/\/www.cjvt.si\/povejmo\/\",\"name\":\"PoVeJMo\",\"description\":\"Work site\",\"potentialAction\":[{\"@type\":\"SearchAction\",\"target\":{\"@type\":\"EntryPoint\",\"urlTemplate\":\"https:\/\/www.cjvt.si\/povejmo\/?s={search_term_string}\"},\"query-input\":{\"@type\":\"PropertyValueSpecification\",\"valueRequired\":true,\"valueName\":\"search_term_string\"}}],\"inLanguage\":\"sl-SI\"}]}<\/script>\n<!-- \/ Yoast SEO plugin. -->","yoast_head_json":{"title":"RRP6: VeMo-IaC - PoVeJMo","robots":{"index":"noindex","follow":"follow","max-snippet":"max-snippet:-1","max-image-preview":"max-image-preview:large","max-video-preview":"max-video-preview:-1"},"og_locale":"sl_SI","og_type":"article","og_title":"RRP6: VeMo-IaC - PoVeJMo","og_url":"https:\/\/www.cjvt.si\/povejmo\/projektni-sklopi\/rrp6-vemo-iac\/","og_site_name":"PoVeJMo","article_modified_time":"2023-11-07T06:18:35+00:00","twitter_card":"summary_large_image","twitter_misc":{"Est. reading time":"5 minut"},"schema":{"@context":"https:\/\/schema.org","@graph":[{"@type":"WebPage","@id":"https:\/\/www.cjvt.si\/povejmo\/projektni-sklopi\/rrp6-vemo-iac\/","url":"https:\/\/www.cjvt.si\/povejmo\/projektni-sklopi\/rrp6-vemo-iac\/","name":"RRP6: VeMo-IaC - PoVeJMo","isPartOf":{"@id":"https:\/\/www.cjvt.si\/povejmo\/#website"},"datePublished":"2023-11-01T21:56:54+00:00","dateModified":"2023-11-07T06:18:35+00:00","breadcrumb":{"@id":"https:\/\/www.cjvt.si\/povejmo\/projektni-sklopi\/rrp6-vemo-iac\/#breadcrumb"},"inLanguage":"sl-SI","potentialAction":[{"@type":"ReadAction","target":["https:\/\/www.cjvt.si\/povejmo\/projektni-sklopi\/rrp6-vemo-iac\/"]}]},{"@type":"BreadcrumbList","@id":"https:\/\/www.cjvt.si\/povejmo\/projektni-sklopi\/rrp6-vemo-iac\/#breadcrumb","itemListElement":[{"@type":"ListItem","position":1,"name":"Home","item":"https:\/\/www.cjvt.si\/povejmo\/o-programu\/"},{"@type":"ListItem","position":2,"name":"Projektni sklopi","item":"https:\/\/www.cjvt.si\/povejmo\/projekti\/"},{"@type":"ListItem","position":3,"name":"RRP6: VeMo-IaC"}]},{"@type":"WebSite","@id":"https:\/\/www.cjvt.si\/povejmo\/#website","url":"https:\/\/www.cjvt.si\/povejmo\/","name":"PoVeJMo","description":"Work site","potentialAction":[{"@type":"SearchAction","target":{"@type":"EntryPoint","urlTemplate":"https:\/\/www.cjvt.si\/povejmo\/?s={search_term_string}"},"query-input":{"@type":"PropertyValueSpecification","valueRequired":true,"valueName":"search_term_string"}}],"inLanguage":"sl-SI"}]}},"_links":{"self":[{"href":"https:\/\/www.cjvt.si\/povejmo\/wp-json\/wp\/v2\/pages\/1145","targetHints":{"allow":["GET"]}}],"collection":[{"href":"https:\/\/www.cjvt.si\/povejmo\/wp-json\/wp\/v2\/pages"}],"about":[{"href":"https:\/\/www.cjvt.si\/povejmo\/wp-json\/wp\/v2\/types\/page"}],"author":[{"embeddable":true,"href":"https:\/\/www.cjvt.si\/povejmo\/wp-json\/wp\/v2\/users\/6"}],"replies":[{"embeddable":true,"href":"https:\/\/www.cjvt.si\/povejmo\/wp-json\/wp\/v2\/comments?post=1145"}],"version-history":[{"count":10,"href":"https:\/\/www.cjvt.si\/povejmo\/wp-json\/wp\/v2\/pages\/1145\/revisions"}],"predecessor-version":[{"id":1513,"href":"https:\/\/www.cjvt.si\/povejmo\/wp-json\/wp\/v2\/pages\/1145\/revisions\/1513"}],"up":[{"embeddable":true,"href":"https:\/\/www.cjvt.si\/povejmo\/wp-json\/wp\/v2\/pages\/668"}],"wp:attachment":[{"href":"https:\/\/www.cjvt.si\/povejmo\/wp-json\/wp\/v2\/media?parent=1145"}],"curies":[{"name":"wp","href":"https:\/\/api.w.org\/{rel}","templated":true}]}}