{"id":1147,"date":"2023-11-01T22:55:04","date_gmt":"2023-11-01T21:55:04","guid":{"rendered":"https:\/\/www.cjvt.si\/povejmo\/?page_id=1147"},"modified":"2023-11-07T07:18:04","modified_gmt":"2023-11-07T06:18:04","slug":"rrp5-vemo-ind","status":"publish","type":"page","link":"https:\/\/www.cjvt.si\/povejmo\/projektni-sklopi\/projektni-sklop-3-2-2\/","title":{"rendered":"RRP5: VeMo-Ind"},"content":{"rendered":"<div class=\"flex_column av_one_full  no_margin flex_column_div av-zero-column-padding first  avia-builder-el-0  el_before_av_one_full  avia-builder-el-first  \" style='margin-top:0px; margin-bottom:30px; border-radius:0px; '><section class=\"av_textblock_section \"  itemscope=\"itemscope\" itemtype=\"https:\/\/schema.org\/CreativeWork\" ><div class='avia_textblock  '   itemprop=\"text\" ><h2>Prilagoditev velikih jezikovnih modelov za uporabo v industrijskih okoljih<\/h2>\n<\/div><\/section><br \/>\n<section class=\"av_textblock_section \"  itemscope=\"itemscope\" itemtype=\"https:\/\/schema.org\/CreativeWork\" ><div class='avia_textblock  '   itemprop=\"text\" ><h3><span class=\"TextRun SCXW134244926 BCX0\" lang=\"SL-SI\" xml:lang=\"SL-SI\" data-contrast=\"auto\"><span class=\"NormalTextRun SpellingErrorV2Themed SCXW134244926 BCX0\">VeMo-Ind<\/span><\/span><\/h3>\n<\/div><\/section><\/p><\/div>\n<div class=\"flex_column av_one_full  no_margin flex_column_div av-zero-column-padding first  avia-builder-el-3  el_after_av_one_full  el_before_av_one_full  column-top-margin\" style='margin-top:0px; margin-bottom:30px; border-radius:0px; '><section class=\"av_textblock_section \"  itemscope=\"itemscope\" itemtype=\"https:\/\/schema.org\/CreativeWork\" ><div class='avia_textblock  '   itemprop=\"text\" ><p>Projekt bo uporabo jezikovnih modelov prenesel na podro\u010dje industrije. Inovativni rezultati projekta bodo omogo\u010dili nadgradnjo obstoje\u010dih sistemov po regiji in ro\u010dno vna\u0161anje v sistemih nadomestilo z uporabni\u0161ko prijazno govorno komunikacijo. \u0160PICA si bo s projektom odprla pot v novo tehnolo\u0161ko ni\u0161o optimizacije povezanih oskrbovalnih verig in bo tako pove\u010dalo trg za svoje proizvode.<\/p>\n<\/div><\/section><\/div>\n<div class=\"flex_column av_one_full  no_margin flex_column_div av-zero-column-padding first  avia-builder-el-5  el_after_av_one_full  el_before_av_one_full  column-top-margin\" style='margin-top:0px; margin-bottom:30px; border-radius:0px; '><section class=\"av_textblock_section \"  itemscope=\"itemscope\" itemtype=\"https:\/\/schema.org\/CreativeWork\" ><div class='avia_textblock  '   itemprop=\"text\" ><h3>Specifi\u010dni cilji:<\/h3>\n<ol>\n<li>Raziskati, kako lahko jezikovne ter govorne tehnologije pripomorejo k u\u010dinkovitej\u0161i komunikaciji \u010dlovek-stroj v industrijskih okoljih ob upo\u0161tevanju omejitvenih faktorjev, kot so hrup, ve\u010djezi\u010dnost, nare\u010dja ipd.<\/li>\n<li>Preu\u010diti in preskusiti tehni\u010dno opremo (mikrofoni, slu\u0161alke, mobilni telefon) in tehni\u010dne mo\u017enosti za vpeljavo jezikovnih in govornih tehnologij v industrijskih okoljih (optimalni na\u010dini zajema in posredovanja govora glede na omejitve industrijskih okolij).<\/li>\n<li>Izdelati akusti\u010dni predprocesor za zmanj\u0161evanje prisotnosti \u0161uma v zajetih posnetkih govora.<\/li>\n<li>Izdelati ve\u010djezi\u010dni model razpoznave govora, ki bo zagotavljal visoko natan\u010dnost razpoznave za ju\u017enoslovanske jezike in najbolj govorjena slovenska nare\u010dja.<\/li>\n<li>Prototipno integrirati sistem za govorno komunikacijo v eno izmed re\u0161itev, ki jih \u0160PICA nudi za upravljanje procesov v proizvodnji.<\/li>\n<\/ol>\n<\/div><\/section><\/div>\n<div class=\"flex_column av_one_full  no_margin flex_column_div av-zero-column-padding first  avia-builder-el-7  el_after_av_one_full  el_before_av_one_full  column-top-margin\" style='margin-top:0px; margin-bottom:30px; border-radius:0px; '><section class=\"av_textblock_section \"  itemscope=\"itemscope\" itemtype=\"https:\/\/schema.org\/CreativeWork\" ><div class='avia_textblock  '   itemprop=\"text\" ><h3>Rezultati:<\/h3>\n<ul>\n<li><strong>D5.1<\/strong>: Analiza mo\u017enosti uporabe govornih in jezikovnih tehnologij za izbolj\u0161anje u\u010dinkovitosti komunikacije \u010dlovek-stroj v industrijskih okoljih (avgust 2024).<\/li>\n<li><strong>D5.2<\/strong>: Poro\u010dilo o primernosti tehni\u010dne opreme in mo\u017enih na\u010dinih integracije jezikovnih in govornih tehnologij v proizvodnih okoljih (avgust 2024).<\/li>\n<li><strong>D5.3<\/strong>: Spletni servis za akusti\u010dno predprocesiranje zvo\u010dnega signala in odpravo \u0161uma (avgust 2025).<\/li>\n<li><strong>D5.4<\/strong>: Natan\u010den in robusten ve\u010djezi\u010dni model razpoznave govora za ju\u017enoslovanske jezike (avgust 2025).<\/li>\n<li><strong>D5.5<\/strong>: Prototip integracije sistema za govorno komunikacijo z izbrano re\u0161itvijo za upravljanje s poslovnimi procesi v proizvodnji (junij 2026).<\/li>\n<\/ul>\n<\/div><\/section><\/div>\n<div class=\"flex_column av_one_full  no_margin flex_column_div av-zero-column-padding first  avia-builder-el-9  el_after_av_one_full  el_before_av_one_fourth  column-top-margin\" style='margin-top:0px; margin-bottom:30px; border-radius:0px; '><section class=\"av_textblock_section \"  itemscope=\"itemscope\" itemtype=\"https:\/\/schema.org\/CreativeWork\" ><div class='avia_textblock  '   itemprop=\"text\" ><h3>Projektni partnerji:<\/h3>\n<\/div><\/section><\/div>\n<div class=\"flex_column av_one_fourth  flex_column_div av-zero-column-padding first  avia-builder-el-11  el_after_av_one_full  el_before_av_one_fourth  column-top-margin\" style='border-radius:0px; '><section class=\"av_textblock_section \"  itemscope=\"itemscope\" itemtype=\"https:\/\/schema.org\/CreativeWork\" ><div class='avia_textblock  '   itemprop=\"text\" ><h5>Nosilec projekta:<\/h5>\n<\/div><\/section><\/div>\n<div class=\"flex_column av_one_fourth  flex_column_div av-zero-column-padding   avia-builder-el-13  el_after_av_one_fourth  el_before_av_one_fourth  column-top-margin\" style='border-radius:0px; '><div  class='avia-button-wrap avia-button-center  avia-builder-el-14  avia-builder-el-no-sibling ' ><a href='https:\/\/www.spica.si\/' class='avia-button avia-button-fullwidth   avia-icon_select-no avia-color-theme-color '  style='color:#ffffff; ' ><span class='avia_iconbox_title' >\u0160PICA d.o.o.<\/span><span class='avia_button_background avia-button avia-button-fullwidth avia-color-theme-color-highlight' ><\/span><\/a><\/div><\/div>\n<div class=\"flex_column av_one_fourth  flex_column_div av-zero-column-padding   avia-builder-el-15  el_after_av_one_fourth  el_before_av_one_fourth  column-top-margin\" style='border-radius:0px; '><\/div>\n<div class=\"flex_column av_one_fourth  flex_column_div av-zero-column-padding   avia-builder-el-16  el_after_av_one_fourth  el_before_av_one_fourth  column-top-margin\" style='border-radius:0px; '><\/div>\n<div class=\"flex_column av_one_fourth  flex_column_div av-zero-column-padding first  avia-builder-el-17  el_after_av_one_fourth  el_before_av_one_fourth  column-top-margin\" style='border-radius:0px; '><section class=\"av_textblock_section \"  itemscope=\"itemscope\" itemtype=\"https:\/\/schema.org\/CreativeWork\" ><div class='avia_textblock  '   itemprop=\"text\" ><h5>Sodelujo\u010di partnerji:<\/h5>\n<\/div><\/section><\/div>\n<div class=\"flex_column av_one_fourth  flex_column_div av-zero-column-padding   avia-builder-el-19  el_after_av_one_fourth  el_before_av_one_fourth  column-top-margin\" style='border-radius:0px; '><div  class='avia-button-wrap avia-button-center  avia-builder-el-20  avia-builder-el-no-sibling ' ><a href='https:\/\/fri.uni-lj.si\/sl' class='avia-button avia-button-fullwidth   avia-icon_select-no avia-color-theme-color '  style='color:#ffffff; ' ><span class='avia_iconbox_title' >Fakulteta za ra\u010dunalni\u0161tvo in informatiko UL<\/span><span class='avia_button_background avia-button avia-button-fullwidth avia-color-theme-color-highlight' ><\/span><\/a><\/div><\/div><div class=\"flex_column av_one_fourth  flex_column_div av-zero-column-padding   avia-builder-el-21  el_after_av_one_fourth  el_before_av_one_fourth  column-top-margin\" style='border-radius:0px; '><div  class='avia-button-wrap avia-button-center  avia-builder-el-22  avia-builder-el-no-sibling ' ><a href='https:\/\/isjfr.zrc-sazu.si\/sl' class='avia-button avia-button-fullwidth   avia-icon_select-no avia-color-theme-color '  style='color:#ffffff; ' ><span class='avia_iconbox_title' >ZRC SAZU, In\u0161titut za slovenski jezik Frana Ramov\u0161a<\/span><span class='avia_button_background avia-button avia-button-fullwidth avia-color-theme-color-highlight' ><\/span><\/a><\/div><\/div><\/p>\n<div class=\"flex_column av_one_fourth  flex_column_div av-zero-column-padding   avia-builder-el-23  el_after_av_one_fourth  avia-builder-el-last  column-top-margin\" style='border-radius:0px; '><div  class='avia-button-wrap avia-button-center  avia-builder-el-24  avia-builder-el-no-sibling ' ><a href='https:\/\/vitasis.si\/home' class='avia-button avia-button-fullwidth   avia-icon_select-no avia-color-theme-color '  style='color:#ffffff; ' ><span class='avia_iconbox_title' >VITASIS d.o.o.<\/span><span class='avia_button_background avia-button avia-button-fullwidth avia-color-theme-color-highlight' ><\/span><\/a><\/div><\/div>\n","protected":false},"excerpt":{"rendered":"","protected":false},"author":6,"featured_media":0,"parent":668,"menu_order":0,"comment_status":"closed","ping_status":"closed","template":"","meta":{"_acf_changed":false,"_relevanssi_hide_post":"","_relevanssi_hide_content":"","_relevanssi_pin_for_all":"","_relevanssi_pin_keywords":"","_relevanssi_unpin_keywords":"","_relevanssi_related_keywords":"","_relevanssi_related_include_ids":"","_relevanssi_related_exclude_ids":"","_relevanssi_related_no_append":"","_relevanssi_related_not_related":"","_relevanssi_related_posts":"","_relevanssi_noindex_reason":"","inline_featured_image":false,"episode_type":"","audio_file":"","cover_image":"","cover_image_id":"","duration":"","filesize":"","filesize_raw":"","date_recorded":"","explicit":"","block":"","itunes_episode_number":"","itunes_title":"","itunes_season_number":"","itunes_episode_type":"","footnotes":""},"class_list":["post-1147","page","type-page","status-publish","hentry"],"acf":[],"yoast_head":"<!-- This site is optimized with the Yoast SEO plugin v26.9 - https:\/\/yoast.com\/product\/yoast-seo-wordpress\/ -->\n<title>RRP5: VeMo-Ind - PoVeJMo<\/title>\n<meta name=\"robots\" content=\"noindex, follow, max-snippet:-1, max-image-preview:large, max-video-preview:-1\" \/>\n<meta property=\"og:locale\" content=\"sl_SI\" \/>\n<meta property=\"og:type\" content=\"article\" \/>\n<meta property=\"og:title\" content=\"RRP5: VeMo-Ind - PoVeJMo\" \/>\n<meta property=\"og:url\" content=\"https:\/\/www.cjvt.si\/povejmo\/projektni-sklopi\/projektni-sklop-3-2-2\/\" \/>\n<meta property=\"og:site_name\" content=\"PoVeJMo\" \/>\n<meta property=\"article:modified_time\" content=\"2023-11-07T06:18:04+00:00\" \/>\n<meta name=\"twitter:card\" content=\"summary_large_image\" \/>\n<meta name=\"twitter:label1\" content=\"Est. reading time\" \/>\n\t<meta name=\"twitter:data1\" content=\"6 minut\" \/>\n<script type=\"application\/ld+json\" class=\"yoast-schema-graph\">{\"@context\":\"https:\/\/schema.org\",\"@graph\":[{\"@type\":\"WebPage\",\"@id\":\"https:\/\/www.cjvt.si\/povejmo\/projektni-sklopi\/projektni-sklop-3-2-2\/\",\"url\":\"https:\/\/www.cjvt.si\/povejmo\/projektni-sklopi\/projektni-sklop-3-2-2\/\",\"name\":\"RRP5: VeMo-Ind - PoVeJMo\",\"isPartOf\":{\"@id\":\"https:\/\/www.cjvt.si\/povejmo\/#website\"},\"datePublished\":\"2023-11-01T21:55:04+00:00\",\"dateModified\":\"2023-11-07T06:18:04+00:00\",\"breadcrumb\":{\"@id\":\"https:\/\/www.cjvt.si\/povejmo\/projektni-sklopi\/projektni-sklop-3-2-2\/#breadcrumb\"},\"inLanguage\":\"sl-SI\",\"potentialAction\":[{\"@type\":\"ReadAction\",\"target\":[\"https:\/\/www.cjvt.si\/povejmo\/projektni-sklopi\/projektni-sklop-3-2-2\/\"]}]},{\"@type\":\"BreadcrumbList\",\"@id\":\"https:\/\/www.cjvt.si\/povejmo\/projektni-sklopi\/projektni-sklop-3-2-2\/#breadcrumb\",\"itemListElement\":[{\"@type\":\"ListItem\",\"position\":1,\"name\":\"Home\",\"item\":\"https:\/\/www.cjvt.si\/povejmo\/o-programu\/\"},{\"@type\":\"ListItem\",\"position\":2,\"name\":\"Projektni sklopi\",\"item\":\"https:\/\/www.cjvt.si\/povejmo\/projekti\/\"},{\"@type\":\"ListItem\",\"position\":3,\"name\":\"RRP5: VeMo-Ind\"}]},{\"@type\":\"WebSite\",\"@id\":\"https:\/\/www.cjvt.si\/povejmo\/#website\",\"url\":\"https:\/\/www.cjvt.si\/povejmo\/\",\"name\":\"PoVeJMo\",\"description\":\"Work site\",\"potentialAction\":[{\"@type\":\"SearchAction\",\"target\":{\"@type\":\"EntryPoint\",\"urlTemplate\":\"https:\/\/www.cjvt.si\/povejmo\/?s={search_term_string}\"},\"query-input\":{\"@type\":\"PropertyValueSpecification\",\"valueRequired\":true,\"valueName\":\"search_term_string\"}}],\"inLanguage\":\"sl-SI\"}]}<\/script>\n<!-- \/ Yoast SEO plugin. -->","yoast_head_json":{"title":"RRP5: VeMo-Ind - PoVeJMo","robots":{"index":"noindex","follow":"follow","max-snippet":"max-snippet:-1","max-image-preview":"max-image-preview:large","max-video-preview":"max-video-preview:-1"},"og_locale":"sl_SI","og_type":"article","og_title":"RRP5: VeMo-Ind - PoVeJMo","og_url":"https:\/\/www.cjvt.si\/povejmo\/projektni-sklopi\/projektni-sklop-3-2-2\/","og_site_name":"PoVeJMo","article_modified_time":"2023-11-07T06:18:04+00:00","twitter_card":"summary_large_image","twitter_misc":{"Est. reading time":"6 minut"},"schema":{"@context":"https:\/\/schema.org","@graph":[{"@type":"WebPage","@id":"https:\/\/www.cjvt.si\/povejmo\/projektni-sklopi\/projektni-sklop-3-2-2\/","url":"https:\/\/www.cjvt.si\/povejmo\/projektni-sklopi\/projektni-sklop-3-2-2\/","name":"RRP5: VeMo-Ind - PoVeJMo","isPartOf":{"@id":"https:\/\/www.cjvt.si\/povejmo\/#website"},"datePublished":"2023-11-01T21:55:04+00:00","dateModified":"2023-11-07T06:18:04+00:00","breadcrumb":{"@id":"https:\/\/www.cjvt.si\/povejmo\/projektni-sklopi\/projektni-sklop-3-2-2\/#breadcrumb"},"inLanguage":"sl-SI","potentialAction":[{"@type":"ReadAction","target":["https:\/\/www.cjvt.si\/povejmo\/projektni-sklopi\/projektni-sklop-3-2-2\/"]}]},{"@type":"BreadcrumbList","@id":"https:\/\/www.cjvt.si\/povejmo\/projektni-sklopi\/projektni-sklop-3-2-2\/#breadcrumb","itemListElement":[{"@type":"ListItem","position":1,"name":"Home","item":"https:\/\/www.cjvt.si\/povejmo\/o-programu\/"},{"@type":"ListItem","position":2,"name":"Projektni sklopi","item":"https:\/\/www.cjvt.si\/povejmo\/projekti\/"},{"@type":"ListItem","position":3,"name":"RRP5: VeMo-Ind"}]},{"@type":"WebSite","@id":"https:\/\/www.cjvt.si\/povejmo\/#website","url":"https:\/\/www.cjvt.si\/povejmo\/","name":"PoVeJMo","description":"Work site","potentialAction":[{"@type":"SearchAction","target":{"@type":"EntryPoint","urlTemplate":"https:\/\/www.cjvt.si\/povejmo\/?s={search_term_string}"},"query-input":{"@type":"PropertyValueSpecification","valueRequired":true,"valueName":"search_term_string"}}],"inLanguage":"sl-SI"}]}},"_links":{"self":[{"href":"https:\/\/www.cjvt.si\/povejmo\/wp-json\/wp\/v2\/pages\/1147","targetHints":{"allow":["GET"]}}],"collection":[{"href":"https:\/\/www.cjvt.si\/povejmo\/wp-json\/wp\/v2\/pages"}],"about":[{"href":"https:\/\/www.cjvt.si\/povejmo\/wp-json\/wp\/v2\/types\/page"}],"author":[{"embeddable":true,"href":"https:\/\/www.cjvt.si\/povejmo\/wp-json\/wp\/v2\/users\/6"}],"replies":[{"embeddable":true,"href":"https:\/\/www.cjvt.si\/povejmo\/wp-json\/wp\/v2\/comments?post=1147"}],"version-history":[{"count":10,"href":"https:\/\/www.cjvt.si\/povejmo\/wp-json\/wp\/v2\/pages\/1147\/revisions"}],"predecessor-version":[{"id":1722,"href":"https:\/\/www.cjvt.si\/povejmo\/wp-json\/wp\/v2\/pages\/1147\/revisions\/1722"}],"up":[{"embeddable":true,"href":"https:\/\/www.cjvt.si\/povejmo\/wp-json\/wp\/v2\/pages\/668"}],"wp:attachment":[{"href":"https:\/\/www.cjvt.si\/povejmo\/wp-json\/wp\/v2\/media?parent=1147"}],"curies":[{"name":"wp","href":"https:\/\/api.w.org\/{rel}","templated":true}]}}