{"id":47,"date":"2020-01-16T14:56:49","date_gmt":"2020-01-16T13:56:49","guid":{"rendered":"https:\/\/www.cjvt.starkmat.si\/template\/?page_id=47"},"modified":"2023-11-05T23:13:23","modified_gmt":"2023-11-05T22:13:23","slug":"dogodki","status":"publish","type":"page","link":"https:\/\/www.cjvt.si\/povejmo\/cilji\/","title":{"rendered":"Cilji"},"content":{"rendered":"<div class=\"flex_column av_one_full  flex_column_div av-zero-column-padding first  avia-builder-el-0  el_before_av_one_full  avia-builder-el-first  \" style='border-radius:0px; '><section class=\"av_textblock_section \"  itemscope=\"itemscope\" itemtype=\"https:\/\/schema.org\/CreativeWork\" ><div class='avia_textblock  '   itemprop=\"text\" ><h1>Cilji<\/h1>\n<\/div><\/section><\/div>\n<div class=\"flex_column av_one_full  flex_column_div av-zero-column-padding first  avia-builder-el-2  el_after_av_one_full  avia-builder-el-last  column-top-margin\" style='border-radius:0px; '><section class=\"av_textblock_section \"  itemscope=\"itemscope\" itemtype=\"https:\/\/schema.org\/CreativeWork\" ><div class='avia_textblock  '   itemprop=\"text\" ><h3>Industrijske raziskave in eksperimentalni razvoj<\/h3>\n<p><strong>Cilji\u00a0<\/strong>RRI programa so razdeljeni v dve skupini: 1. cilji, povezani z\u00a0<strong>industrijskimi raziskavami<\/strong>\u00a0(TRL 3-4) ter cilji, povezani z\u00a0<strong>eksperimentalnim razvojem<\/strong>\u00a0(TRL 5-6).<\/p>\n<p><strong>Cilji industrijskih raziskav<\/strong>\u00a0temeljijo na najnaprednej\u0161ih tehnologijah umetne intelligence \u2013 velikih jezikovnih modelih, ki jih bomo izbolj\u0161ali z dodatnim znanjem in specializiranimi u\u010dnimi mno\u017eicami ter prilagodili za ve\u010djo ra\u010dunsko u\u010dinkovitost, prepoznavanje govora, industrijsko rabo in slovenski jezik.<\/p>\n<p><strong>Cilji eksperimentalnega razvoja<\/strong>\u00a0se nana\u0161ajo na uporabo razvitih in prilagojenih velikih jezikovnih modelov ter prepoznavalnikov govora v konkretnih industrijskih aplikacijah: v medicini, industriji, humanistiki in pri generiranju kode za ra\u010dunalni\u0161ko infrastrukturo.<\/p>\n<h3>Veliki jezikovni modeli<\/h3>\n<p>Projekt naslavlja velike jezikovne modele, ki trenutno vplivajo na skoraj celotno podro\u010dje umetne inteligence in strojnega u\u010denja,\u00a0 pomembno pa zadevajo \u0161tevilna druga podro\u010dja in celotno dru\u017ebo. Razviti novi, prostodostopni, ra\u010dunsko u\u010dinkoviti jezikovni modeli bodo osnova za napredne aplikacije v medicini, humanistiki, industrijskem okolju in pri razvoju programske opreme. Raziskave bodo prinesle \u0161tevilne vrhunske raziskovalne rezultate, ki jih v nadaljevanju opi\u0161emo najprej za nivoje TRL 3-4 in nato \u0161e nivoje TRL 5-6.<\/p>\n<h3>Infrastruktura za umetno inteligenco<\/h3>\n<p>Za razvoj u\u010dnih mno\u017eic za velike jezikovne modele bomo razvili <strong>jezikovnotehnolo\u0161ki cevovod,<\/strong> ki bo obstoje\u010de velike jezikovne modele uporabil za generiranje za\u010detnih verzij u\u010dne mno\u017eice, ki bodo naknadno izbolj\u0161ane s \u010dlove\u0161kimi ozna\u010devalci. Tovrsten cevovod \u0161e ne obstaja, pomeni pa <strong>bistveno pohitritev zajema \u010dlove\u0161kega znanja za uporabo v umetni inteligenci.<\/strong> Rabo cevovoda bomo demonstrirali na \u0161tirih pomembnih podro\u010djih.<\/p>\n<p>Zgrajeni prostodostopni veliki generativni jezikovni modeli in njihova prilagoditev za sledenje ukazom, dialo\u0161ko komunikacijo in slovenski jezik predstavlja<strong> temeljno infrastrukturo za aplikacije umetne inteligence<\/strong> v sloven\u0161\u010dini. \u017de trenutni veliki jezikovni modeli, ki smo jih zgradili v preteklih raziskavah, so po\u017eeli veliko zanimanje z ve\u010d tiso\u010d prenosov mese\u010dno z repozitorija HuggingFace. Na njih temeljijo \u0161tevilne jezikovnotehnolo\u0161ke aplikacije v ve\u010d jezikih. Pri\u010dakujemo, da bodo novi modeli \u0161e bistveno uspe\u0161nej\u0161i in bodo omogo\u010dili <strong>novo generacijo aplikacij umetne inteligence<\/strong>.<\/p>\n<h3>Vstavljanje znanja v velike jezikovne modele<\/h3>\n<p>Potencialno nezanesljivo in nerobustno delovanje ter halucinacije velikih jezikovnih modelov bomo naslovili z <strong>novimi metodami vstavljanja znanja in zunanjih virov.<\/strong> Predlagani pristopi bodo naslovili te\u017eave z logi\u010dnim sklepanjem, zdravorazumskim sklepanjem, jezikovnimi in morfolo\u0161kimi posebnostmi slovenskega jezika ter z upo\u0161tevanjem eti\u010dnih norm. Rezultati bodo velike jezikovne modele izbolj\u0161ali glede <strong>zanesljivosti delovanja, robustnosti in transparentnosti, <\/strong>tako za sloven\u0161\u010dino kot za druge, morfolo\u0161ko bogate jezike.<\/p>\n<h3>Prilagoditve za nizko zmogljive naprave<\/h3>\n<p>Razvite prilagoditve velikih jezikovnih modelov za ra\u010dunsko<strong> nizko zmogljive naprave in industrijske aplikacije <\/strong>bodo nove\u00a0 pristope kompresije in destilacije velikih jezikovnih modelov,\u00a0 kvantizacije in pribli\u017enega ra\u010dunanja prilagodile za morfolo\u0161ko bogate jezike. Ker je visoka ra\u010dunska zahtevnost velikih jezikovnih modelov pomembna ovira za njihovo rabo, bodo razviti novi modeli in na\u010dini za njihove prilagoditve odprli <strong>nove aplikativne mo\u017enosti v gospodarstvu in javnem sektorju<\/strong>.<\/p>\n<h3>Govorne tehnologije<\/h3>\n<p>Govorne tehnologije in govorni vmesniki bistveno izbolj\u0161ajo uporabni\u0161ko izku\u0161njo za mnoge interaktivne aplikacije. Predlagana <strong>nova metoda vklju\u010devanja velikih jezikovnih modelov v prepoznavo govora, <\/strong>temelje\u010da na njihovi ra\u010dunski u\u010dinkovitosti, lahko bistveno izbolj\u0161a kakovost prepoznave v \u0161umnih okoljih, pri ve\u010d govorcih in pri prepoznavanju nestandarnega jezika (npr. nare\u010dij). Ker bodo osnovni izbolj\u0161ani modeli prepoznave govora prostodostopni, bo to omogo\u010dilo nove aplikacije v javnem sektorju in gospodarstvu. Razviti modeli bodo <strong>podpirali ve\u010djezikovne in multimodalne aplikacije<\/strong>, kar je dodatna novost z velikim aplikativnim potencialom.<\/p>\n<h3>Industrijske aplikacije<\/h3>\n<p>Za podro\u010dje <strong>medicine razviti veliki jezikovni modeli in jezikovni vmesniki<\/strong> bodo izbolj\u0161ali uporabni\u0161ko izku\u0161njo, zmanj\u0161ali potreben \u010das zdravnikov in zdravstvenega osebja, izbolj\u0161ali kakovost vne\u0161enih rezultatov in zmanj\u0161ali ne\u017eeljene napake. Novost razvite aplikacije bo imela pomemben vpliv na podro\u010dje <strong>informacijskih re\u0161itev v medicini <\/strong>in bo omogo\u010dila aplikacije nove generacije.<\/p>\n<p>Za podro\u010dje <strong>humanistike<\/strong> bodo razviti veliki jezikovni modeli in jezikovni vmesniki bistveno skraj\u0161ali \u010das priprave gradiv, omogo\u010dili ve\u010djo dostopnost gradiv in izbolj\u0161ali uporabni\u0161ko izku\u0161njo. Novost aplikacije bo pomembno vplivala na podro\u010dje informacijskih re\u0161itev v humanistiki in omogo\u010dila <strong>aplikacije nove generacije v muzejih<\/strong>.<\/p>\n<p>V <strong>industriji<\/strong>, predvsem v \u0161umnih proizvodnih okoljih, bo <strong>izbolj\u0161ana prepoznava govora<\/strong> izbolj\u0161ala komunikacijo \u010dlovek\/stroj. Izbolj\u0161ave bodo omogo\u010dile druga\u010dno ergonomijo glasovne komunikacije in integracijo govornih tehnologij v IT infrastrukturo, ker bo izbolj\u0161alo komunikacijo v \u0161umnih okoljih in okoljih z nestandardno izgovorjavo in razli\u010dnimi jeziki. To bo <strong>zmanj\u0161alo \u010das uvajanja novih delavcev, zmanj\u0161alo napake in pove\u010dalo varnost<\/strong> delovnih mest.<\/p>\n<p>Za industrijo programske opreme prilagojene tehnologije ra\u010dunsko u\u010dinkovitih velikih jezikovnih modelov in novi ozna\u010devalni cevovod bodo omogo\u010dili u\u010dinkovito izgradnjo <strong>novega jezikovnega modela za generiranje opisa ra\u010dunalni\u0161ke infrastrukture v kodi.<\/strong> To bo pove\u010dalo robustnost in uporabnost produktov, ki uporabljajo te tehnologije in predstavljajo vzorec za <strong>inovativne aplikacije<\/strong> v <strong>industriji razvoja programske opreme<\/strong>.<\/p>\n<\/div><\/section><\/div>\n","protected":false},"excerpt":{"rendered":"","protected":false},"author":1,"featured_media":0,"parent":0,"menu_order":0,"comment_status":"closed","ping_status":"closed","template":"","meta":{"_acf_changed":false,"_relevanssi_hide_post":"","_relevanssi_hide_content":"","_relevanssi_pin_for_all":"","_relevanssi_pin_keywords":"","_relevanssi_unpin_keywords":"","_relevanssi_related_keywords":"","_relevanssi_related_include_ids":"","_relevanssi_related_exclude_ids":"","_relevanssi_related_no_append":"","_relevanssi_related_not_related":"","_relevanssi_related_posts":"","_relevanssi_noindex_reason":"","inline_featured_image":false,"episode_type":"","audio_file":"","cover_image":"","cover_image_id":"","duration":"","filesize":"","filesize_raw":"","date_recorded":"","explicit":"","block":"","itunes_episode_number":"","itunes_title":"","itunes_season_number":"","itunes_episode_type":"","footnotes":""},"class_list":["post-47","page","type-page","status-publish","hentry"],"acf":[],"yoast_head":"<!-- This site is optimized with the Yoast SEO plugin v26.9 - https:\/\/yoast.com\/product\/yoast-seo-wordpress\/ -->\n<title>Cilji - PoVeJMo<\/title>\n<meta name=\"robots\" content=\"noindex, follow, max-snippet:-1, max-image-preview:large, max-video-preview:-1\" \/>\n<meta property=\"og:locale\" content=\"sl_SI\" \/>\n<meta property=\"og:type\" content=\"article\" \/>\n<meta property=\"og:title\" content=\"Cilji - PoVeJMo\" \/>\n<meta property=\"og:url\" content=\"https:\/\/www.cjvt.si\/povejmo\/cilji\/\" \/>\n<meta property=\"og:site_name\" content=\"PoVeJMo\" \/>\n<meta property=\"article:modified_time\" content=\"2023-11-05T22:13:23+00:00\" \/>\n<meta name=\"twitter:card\" content=\"summary_large_image\" \/>\n<meta name=\"twitter:label1\" content=\"Est. reading time\" \/>\n\t<meta name=\"twitter:data1\" content=\"6 minut\" \/>\n<script type=\"application\/ld+json\" class=\"yoast-schema-graph\">{\"@context\":\"https:\/\/schema.org\",\"@graph\":[{\"@type\":\"WebPage\",\"@id\":\"https:\/\/www.cjvt.si\/povejmo\/cilji\/\",\"url\":\"https:\/\/www.cjvt.si\/povejmo\/cilji\/\",\"name\":\"Cilji - PoVeJMo\",\"isPartOf\":{\"@id\":\"https:\/\/www.cjvt.si\/povejmo\/#website\"},\"datePublished\":\"2020-01-16T13:56:49+00:00\",\"dateModified\":\"2023-11-05T22:13:23+00:00\",\"breadcrumb\":{\"@id\":\"https:\/\/www.cjvt.si\/povejmo\/cilji\/#breadcrumb\"},\"inLanguage\":\"sl-SI\",\"potentialAction\":[{\"@type\":\"ReadAction\",\"target\":[\"https:\/\/www.cjvt.si\/povejmo\/cilji\/\"]}]},{\"@type\":\"BreadcrumbList\",\"@id\":\"https:\/\/www.cjvt.si\/povejmo\/cilji\/#breadcrumb\",\"itemListElement\":[{\"@type\":\"ListItem\",\"position\":1,\"name\":\"Home\",\"item\":\"https:\/\/www.cjvt.si\/povejmo\/o-programu\/\"},{\"@type\":\"ListItem\",\"position\":2,\"name\":\"Dogodki\"}]},{\"@type\":\"WebSite\",\"@id\":\"https:\/\/www.cjvt.si\/povejmo\/#website\",\"url\":\"https:\/\/www.cjvt.si\/povejmo\/\",\"name\":\"PoVeJMo\",\"description\":\"Work site\",\"potentialAction\":[{\"@type\":\"SearchAction\",\"target\":{\"@type\":\"EntryPoint\",\"urlTemplate\":\"https:\/\/www.cjvt.si\/povejmo\/?s={search_term_string}\"},\"query-input\":{\"@type\":\"PropertyValueSpecification\",\"valueRequired\":true,\"valueName\":\"search_term_string\"}}],\"inLanguage\":\"sl-SI\"}]}<\/script>\n<!-- \/ Yoast SEO plugin. -->","yoast_head_json":{"title":"Cilji - PoVeJMo","robots":{"index":"noindex","follow":"follow","max-snippet":"max-snippet:-1","max-image-preview":"max-image-preview:large","max-video-preview":"max-video-preview:-1"},"og_locale":"sl_SI","og_type":"article","og_title":"Cilji - PoVeJMo","og_url":"https:\/\/www.cjvt.si\/povejmo\/cilji\/","og_site_name":"PoVeJMo","article_modified_time":"2023-11-05T22:13:23+00:00","twitter_card":"summary_large_image","twitter_misc":{"Est. reading time":"6 minut"},"schema":{"@context":"https:\/\/schema.org","@graph":[{"@type":"WebPage","@id":"https:\/\/www.cjvt.si\/povejmo\/cilji\/","url":"https:\/\/www.cjvt.si\/povejmo\/cilji\/","name":"Cilji - PoVeJMo","isPartOf":{"@id":"https:\/\/www.cjvt.si\/povejmo\/#website"},"datePublished":"2020-01-16T13:56:49+00:00","dateModified":"2023-11-05T22:13:23+00:00","breadcrumb":{"@id":"https:\/\/www.cjvt.si\/povejmo\/cilji\/#breadcrumb"},"inLanguage":"sl-SI","potentialAction":[{"@type":"ReadAction","target":["https:\/\/www.cjvt.si\/povejmo\/cilji\/"]}]},{"@type":"BreadcrumbList","@id":"https:\/\/www.cjvt.si\/povejmo\/cilji\/#breadcrumb","itemListElement":[{"@type":"ListItem","position":1,"name":"Home","item":"https:\/\/www.cjvt.si\/povejmo\/o-programu\/"},{"@type":"ListItem","position":2,"name":"Dogodki"}]},{"@type":"WebSite","@id":"https:\/\/www.cjvt.si\/povejmo\/#website","url":"https:\/\/www.cjvt.si\/povejmo\/","name":"PoVeJMo","description":"Work site","potentialAction":[{"@type":"SearchAction","target":{"@type":"EntryPoint","urlTemplate":"https:\/\/www.cjvt.si\/povejmo\/?s={search_term_string}"},"query-input":{"@type":"PropertyValueSpecification","valueRequired":true,"valueName":"search_term_string"}}],"inLanguage":"sl-SI"}]}},"_links":{"self":[{"href":"https:\/\/www.cjvt.si\/povejmo\/wp-json\/wp\/v2\/pages\/47","targetHints":{"allow":["GET"]}}],"collection":[{"href":"https:\/\/www.cjvt.si\/povejmo\/wp-json\/wp\/v2\/pages"}],"about":[{"href":"https:\/\/www.cjvt.si\/povejmo\/wp-json\/wp\/v2\/types\/page"}],"author":[{"embeddable":true,"href":"https:\/\/www.cjvt.si\/povejmo\/wp-json\/wp\/v2\/users\/1"}],"replies":[{"embeddable":true,"href":"https:\/\/www.cjvt.si\/povejmo\/wp-json\/wp\/v2\/comments?post=47"}],"version-history":[{"count":19,"href":"https:\/\/www.cjvt.si\/povejmo\/wp-json\/wp\/v2\/pages\/47\/revisions"}],"predecessor-version":[{"id":1700,"href":"https:\/\/www.cjvt.si\/povejmo\/wp-json\/wp\/v2\/pages\/47\/revisions\/1700"}],"wp:attachment":[{"href":"https:\/\/www.cjvt.si\/povejmo\/wp-json\/wp\/v2\/media?parent=47"}],"curies":[{"name":"wp","href":"https:\/\/api.w.org\/{rel}","templated":true}]}}