{"id":878,"date":"2020-03-31T15:39:25","date_gmt":"2020-03-31T13:39:25","guid":{"rendered":"https:\/\/www.cjvt.starkmat.si\/template\/?page_id=878"},"modified":"2023-11-06T12:48:31","modified_gmt":"2023-11-06T11:48:31","slug":"o-projektu","status":"publish","type":"page","link":"https:\/\/www.cjvt.si\/povejmo\/","title":{"rendered":"O programu"},"content":{"rendered":"<div class=\"flex_column av_one_full  no_margin flex_column_div av-zero-column-padding first  avia-builder-el-0  el_before_av_one_full  avia-builder-el-first  \" style='margin-top:0px; margin-bottom:20px; border-radius:0px; '><section class=\"av_textblock_section \"  itemscope=\"itemscope\" itemtype=\"https:\/\/schema.org\/CreativeWork\" ><div class='avia_textblock  '   itemprop=\"text\" ><h1>O PROGRAMU<\/h1>\n<\/div><\/section><\/div>\n<div class=\"flex_column av_one_full  no_margin flex_column_div av-zero-column-padding first  avia-builder-el-2  el_after_av_one_full  el_before_av_one_full  column-top-margin\" style='margin-top:0px; margin-bottom:30px; border-radius:0px; '><section class=\"av_textblock_section \"  itemscope=\"itemscope\" itemtype=\"https:\/\/schema.org\/CreativeWork\" ><div class='avia_textblock  '   itemprop=\"text\" ><blockquote>\n<p>Klju\u010dni cilj dolgoro\u010dnega raziskovalno-inovacijskega (RRI) programa <strong>Prilagodljiva obdelava naravnega jezika s pomo\u010djo velikih jezikovnih modelov<\/strong> (PoVeJMo) je razvoj velikih jezikovnih modelov, ki vplivajo na skoraj celotno podro\u010dje umetne inteligence in strojnega u\u010denja,\u00a0 pomemben vpliv pa imajo tudi na \u0161tevilna druga podro\u010dja in na celotno dru\u017ebo. Novi prostodostopni in ra\u010dunsko u\u010dinkoviti jezikovni modeli bodo osnova za napredne aplikacije na podro\u010dju medicine, humanistike, v industrijskem okolju in pri razvoju programske opreme. Veliki generativni jezikovni modeli in njihova prilagoditev za sledenje ukazom in dialo\u0161ko komunikacijo bodo zagotovili tudi temeljno infrastrukturo za aplikacije umetne inteligence v slovenskem jeziku.<\/p>\n<\/blockquote>\n<\/div><\/section><\/div>\n<div class=\"flex_column av_one_full  no_margin flex_column_div av-zero-column-padding first  avia-builder-el-4  el_after_av_one_full  el_before_av_one_fourth  column-top-margin\" style='margin-top:0px; margin-bottom:30px; border-radius:0px; '><section class=\"av_textblock_section \"  itemscope=\"itemscope\" itemtype=\"https:\/\/schema.org\/CreativeWork\" ><div class='avia_textblock  '   itemprop=\"text\" ><h3>Na kratko<\/h3>\n<p>Izjemno veliki jezikovni modeli, kot sta\u00a0 ChatGPT in GPT-4, so za nekatere naloge pokazali izjemen napredek in spro\u017eili plaz razvoja aplikacij umetne inteligence. Zaradi zaprtosti in netransparentnosti, visokih ra\u010dunskih zahtev in visoke cene prilagoditev pa so nedosegljivi za ve\u010dino raziskovalnih organizacij in podjetij. Po drugi strani so se v zadnjem \u010dasu pojavili bistveno manj\u0161i, odprtodostopni modeli, kot je LLaMA-2, ki jih je mo\u017eno nau\u010diti ali prilagoditi za posamezne naloge na obi\u010dajnih GPU ra\u010dunalnikih, in dosegajo (skoraj) enako kakovost delovanja.<\/p>\n<p>V programu bomo razvili ve\u010d ra\u010dunsko u\u010dinkovitih odprtodostopnih velikih jezikovnih modelov. Zgrajen odprtodostopen model SloLLaMa za sloven\u0161\u010dino bo prvi tak model za morfolo\u0161ko bogat jezik z malo viri. Pripravili bomo korpus za sledenje ukazom, ki bo osnova za nadaljnje prilagoditve modela SloLLaMa specifi\u010dnim potrebam aplikacij, na voljo pa bo tudi za \u0161ir\u0161o akademsko in industrijsko rabo. V aplikativnih projektih bomo osnovni model SloLLaMa prilagajali\u00a0na naslednje na\u010dine.<\/p>\n<ol>\n<li>Za pripravo predstavitvenih gradiv in predstavitve podatkov v muzejski rabi\u00a0ter za napredne muzejske interaktivne aplikacije.<\/li>\n<li>Za uporabo pri prepoznavanju in sintezi slovenskega govora, kjer bomo z ra\u010dunsko u\u010dinkovito ina\u010dico modela SloLLaMa omogo\u010dili integracijo govornih tehnologij v napredne industrijske aplikacije.<\/li>\n<li>Za uporabo v medicini, kjer bomo model SloLLaMa prilagodili z medicinskimi besedili in ukazi s podro\u010dja klini\u010dne in ambulantne rabe.<\/li>\n<li>Za uporabo pri generiranju infrastrukturne kode, kjer bomo tehnologije za ra\u010dunsko u\u010dinkovite velike jezikovne modele in razvite cevovode za izgradnjo ukaznih in dialo\u0161kih u\u010dnih mno\u017eic uporabili za generiranje opisa ra\u010dunalni\u0161ke infrastrukture v programski kodi.<\/li>\n<\/ol>\n<p>Poleg\u00a0 aplikacij bo projekt zgradil \u0161e\u00a0temeljno infrastrukturo za aplikacije umetne inteligence v sloven\u0161\u010dini ter razvil re\u0161itve, ki bodo koristne za druge jezike z malo viri<\/p>\n<\/div><\/section><\/div>\n<div class='flex_column_table av-equal-height-column-flextable -flextable' style='margin-top:0px; margin-bottom:0px; '><div class=\"flex_column av_one_fourth  flex_column_table_cell av-equal-height-column av-align-top av-zero-column-padding first  avia-builder-el-6  el_after_av_one_full  el_before_av_one_fourth  column-top-margin\" style='border-radius:0px; '><div  class='avia-button-wrap avia-button-center  avia-builder-el-7  avia-builder-el-no-sibling ' ><a href='https:\/\/www.cjvt.si\/povejmo\/projekti\/'  class='avia-button   avia-icon_select-no avia-color-theme-color avia-size-large avia-position-center '   ><span class='avia_iconbox_title' >PROJEKTI<\/span><\/a><\/div><\/div>\n<div class='av-flex-placeholder'><\/div><div class=\"flex_column av_one_fourth  flex_column_table_cell av-equal-height-column av-align-top av-zero-column-padding   avia-builder-el-8  el_after_av_one_fourth  el_before_av_one_fourth  column-top-margin\" style='border-radius:0px; '><div  class='avia-button-wrap avia-button-center  avia-builder-el-9  avia-builder-el-no-sibling ' ><a href='https:\/\/www.cjvt.si\/povejmo\/partnerji\/'  class='avia-button   avia-icon_select-no avia-color-theme-color avia-size-large avia-position-center '   ><span class='avia_iconbox_title' >PARTNERJI<\/span><\/a><\/div><\/div><div class='av-flex-placeholder'><\/div><div class=\"flex_column av_one_fourth  flex_column_table_cell av-equal-height-column av-align-top av-zero-column-padding   avia-builder-el-10  el_after_av_one_fourth  el_before_av_one_fourth  column-top-margin\" style='border-radius:0px; '><div  class='avia-button-wrap avia-button-center  avia-builder-el-11  avia-builder-el-no-sibling ' ><a href='https:\/\/www.cjvt.si\/povejmo\/cilji\/'  class='avia-button   avia-icon_select-no avia-color-theme-color avia-size-large avia-position-center '   ><span class='avia_iconbox_title' >CILJI<\/span><\/a><\/div><\/div><\/p>\n<div class='av-flex-placeholder'><\/div><div class=\"flex_column av_one_fourth  flex_column_table_cell av-equal-height-column av-align-top av-zero-column-padding   avia-builder-el-12  el_after_av_one_fourth  avia-builder-el-last  column-top-margin\" style='border-radius:0px; '><div  class='avia-button-wrap avia-button-center  avia-builder-el-13  avia-builder-el-no-sibling ' ><a href='https:\/\/www.cjvt.si\/povejmo\/rezultati\/'  class='avia-button   avia-icon_select-no avia-color-theme-color avia-size-large avia-position-center '   ><span class='avia_iconbox_title' >REZULTATI<\/span><\/a><\/div><\/div><\/div><!--close column table wrapper. Autoclose: 1 -->\n","protected":false},"excerpt":{"rendered":"","protected":false},"author":1,"featured_media":0,"parent":0,"menu_order":0,"comment_status":"closed","ping_status":"closed","template":"","meta":{"_acf_changed":false,"_relevanssi_hide_post":"","_relevanssi_hide_content":"","_relevanssi_pin_for_all":"","_relevanssi_pin_keywords":"","_relevanssi_unpin_keywords":"","_relevanssi_related_keywords":"","_relevanssi_related_include_ids":"","_relevanssi_related_exclude_ids":"","_relevanssi_related_no_append":"","_relevanssi_related_not_related":"","_relevanssi_related_posts":"","_relevanssi_noindex_reason":"","inline_featured_image":false,"episode_type":"","audio_file":"","cover_image":"","cover_image_id":"","duration":"","filesize":"","filesize_raw":"","date_recorded":"","explicit":"","block":"","itunes_episode_number":"","itunes_title":"","itunes_season_number":"","itunes_episode_type":"","footnotes":""},"class_list":["post-878","page","type-page","status-publish","hentry"],"acf":[],"yoast_head":"<!-- This site is optimized with the Yoast SEO plugin v26.9 - https:\/\/yoast.com\/product\/yoast-seo-wordpress\/ -->\n<title>O programu - PoVeJMo<\/title>\n<meta name=\"robots\" content=\"noindex, follow, max-snippet:-1, max-image-preview:large, max-video-preview:-1\" \/>\n<meta property=\"og:locale\" content=\"sl_SI\" \/>\n<meta property=\"og:type\" content=\"article\" \/>\n<meta property=\"og:title\" content=\"O programu - PoVeJMo\" \/>\n<meta property=\"og:url\" content=\"https:\/\/www.cjvt.si\/povejmo\/\" \/>\n<meta property=\"og:site_name\" content=\"PoVeJMo\" \/>\n<meta property=\"article:modified_time\" content=\"2023-11-06T11:48:31+00:00\" \/>\n<meta name=\"twitter:card\" content=\"summary_large_image\" \/>\n<meta name=\"twitter:label1\" content=\"Est. reading time\" \/>\n\t<meta name=\"twitter:data1\" content=\"8 minut\" \/>\n<script type=\"application\/ld+json\" class=\"yoast-schema-graph\">{\"@context\":\"https:\/\/schema.org\",\"@graph\":[{\"@type\":\"WebPage\",\"@id\":\"https:\/\/www.cjvt.si\/povejmo\/\",\"url\":\"https:\/\/www.cjvt.si\/povejmo\/\",\"name\":\"O programu - PoVeJMo\",\"isPartOf\":{\"@id\":\"https:\/\/www.cjvt.si\/povejmo\/#website\"},\"datePublished\":\"2020-03-31T13:39:25+00:00\",\"dateModified\":\"2023-11-06T11:48:31+00:00\",\"breadcrumb\":{\"@id\":\"https:\/\/www.cjvt.si\/povejmo\/#breadcrumb\"},\"inLanguage\":\"sl-SI\",\"potentialAction\":[{\"@type\":\"ReadAction\",\"target\":[\"https:\/\/www.cjvt.si\/povejmo\/\"]}]},{\"@type\":\"BreadcrumbList\",\"@id\":\"https:\/\/www.cjvt.si\/povejmo\/#breadcrumb\",\"itemListElement\":[{\"@type\":\"ListItem\",\"position\":1,\"name\":\"Home\",\"item\":\"https:\/\/www.cjvt.si\/povejmo\/o-programu\/\"},{\"@type\":\"ListItem\",\"position\":2,\"name\":\"O projektu\"}]},{\"@type\":\"WebSite\",\"@id\":\"https:\/\/www.cjvt.si\/povejmo\/#website\",\"url\":\"https:\/\/www.cjvt.si\/povejmo\/\",\"name\":\"PoVeJMo\",\"description\":\"Work site\",\"potentialAction\":[{\"@type\":\"SearchAction\",\"target\":{\"@type\":\"EntryPoint\",\"urlTemplate\":\"https:\/\/www.cjvt.si\/povejmo\/?s={search_term_string}\"},\"query-input\":{\"@type\":\"PropertyValueSpecification\",\"valueRequired\":true,\"valueName\":\"search_term_string\"}}],\"inLanguage\":\"sl-SI\"}]}<\/script>\n<!-- \/ Yoast SEO plugin. -->","yoast_head_json":{"title":"O programu - PoVeJMo","robots":{"index":"noindex","follow":"follow","max-snippet":"max-snippet:-1","max-image-preview":"max-image-preview:large","max-video-preview":"max-video-preview:-1"},"og_locale":"sl_SI","og_type":"article","og_title":"O programu - PoVeJMo","og_url":"https:\/\/www.cjvt.si\/povejmo\/","og_site_name":"PoVeJMo","article_modified_time":"2023-11-06T11:48:31+00:00","twitter_card":"summary_large_image","twitter_misc":{"Est. reading time":"8 minut"},"schema":{"@context":"https:\/\/schema.org","@graph":[{"@type":"WebPage","@id":"https:\/\/www.cjvt.si\/povejmo\/","url":"https:\/\/www.cjvt.si\/povejmo\/","name":"O programu - PoVeJMo","isPartOf":{"@id":"https:\/\/www.cjvt.si\/povejmo\/#website"},"datePublished":"2020-03-31T13:39:25+00:00","dateModified":"2023-11-06T11:48:31+00:00","breadcrumb":{"@id":"https:\/\/www.cjvt.si\/povejmo\/#breadcrumb"},"inLanguage":"sl-SI","potentialAction":[{"@type":"ReadAction","target":["https:\/\/www.cjvt.si\/povejmo\/"]}]},{"@type":"BreadcrumbList","@id":"https:\/\/www.cjvt.si\/povejmo\/#breadcrumb","itemListElement":[{"@type":"ListItem","position":1,"name":"Home","item":"https:\/\/www.cjvt.si\/povejmo\/o-programu\/"},{"@type":"ListItem","position":2,"name":"O projektu"}]},{"@type":"WebSite","@id":"https:\/\/www.cjvt.si\/povejmo\/#website","url":"https:\/\/www.cjvt.si\/povejmo\/","name":"PoVeJMo","description":"Work site","potentialAction":[{"@type":"SearchAction","target":{"@type":"EntryPoint","urlTemplate":"https:\/\/www.cjvt.si\/povejmo\/?s={search_term_string}"},"query-input":{"@type":"PropertyValueSpecification","valueRequired":true,"valueName":"search_term_string"}}],"inLanguage":"sl-SI"}]}},"_links":{"self":[{"href":"https:\/\/www.cjvt.si\/povejmo\/wp-json\/wp\/v2\/pages\/878","targetHints":{"allow":["GET"]}}],"collection":[{"href":"https:\/\/www.cjvt.si\/povejmo\/wp-json\/wp\/v2\/pages"}],"about":[{"href":"https:\/\/www.cjvt.si\/povejmo\/wp-json\/wp\/v2\/types\/page"}],"author":[{"embeddable":true,"href":"https:\/\/www.cjvt.si\/povejmo\/wp-json\/wp\/v2\/users\/1"}],"replies":[{"embeddable":true,"href":"https:\/\/www.cjvt.si\/povejmo\/wp-json\/wp\/v2\/comments?post=878"}],"version-history":[{"count":23,"href":"https:\/\/www.cjvt.si\/povejmo\/wp-json\/wp\/v2\/pages\/878\/revisions"}],"predecessor-version":[{"id":1810,"href":"https:\/\/www.cjvt.si\/povejmo\/wp-json\/wp\/v2\/pages\/878\/revisions\/1810"}],"wp:attachment":[{"href":"https:\/\/www.cjvt.si\/povejmo\/wp-json\/wp\/v2\/media?parent=878"}],"curies":[{"name":"wp","href":"https:\/\/api.w.org\/{rel}","templated":true}]}}