{"id":928,"date":"2020-03-31T19:05:12","date_gmt":"2020-03-31T17:05:12","guid":{"rendered":"https:\/\/www.cjvt.starkmat.si\/template\/?page_id=928"},"modified":"2023-11-07T07:16:17","modified_gmt":"2023-11-07T06:16:17","slug":"projektni-sklop-2","status":"publish","type":"page","link":"https:\/\/www.cjvt.si\/povejmo\/projektni-sklopi\/rrp2-slollamai\/","title":{"rendered":"RRP2: SloLLaMai"},"content":{"rendered":"<div class=\"flex_column av_one_full  no_margin flex_column_div av-zero-column-padding first  avia-builder-el-0  el_before_av_one_full  avia-builder-el-first  \" style='margin-top:0px; margin-bottom:30px; border-radius:0px; '><section class=\"av_textblock_section \"  itemscope=\"itemscope\" itemtype=\"https:\/\/schema.org\/CreativeWork\" ><div class='avia_textblock  '   itemprop=\"text\" ><h2>Odprtodostopni ra\u010dunsko u\u010dinkoviti modeli za sloven\u0161\u010dino<\/h2>\n<\/div><\/section><br \/>\n<section class=\"av_textblock_section \"  itemscope=\"itemscope\" itemtype=\"https:\/\/schema.org\/CreativeWork\" ><div class='avia_textblock  '   itemprop=\"text\" ><h3>SloLLaMai<\/h3>\n<\/div><\/section><\/p><\/div>\n<div class=\"flex_column av_one_full  no_margin flex_column_div av-zero-column-padding first  avia-builder-el-3  el_after_av_one_full  el_before_av_one_full  column-top-margin\" style='margin-top:0px; margin-bottom:30px; border-radius:0px; '><section class=\"av_textblock_section \"  itemscope=\"itemscope\" itemtype=\"https:\/\/schema.org\/CreativeWork\" ><div class='avia_textblock  '   itemprop=\"text\" ><p>Izjemno veliki jezikovni modeli (ChatGPT in GPT-4) so v zadnjem \u010dasu za nekatere naloge pokazali izjemen napredek, a tudi \u0161tevilne prakti\u010dne ovire pri njihovem izkori\u0161\u010danju, kot so zaprtost in netransparentnost, visoke ra\u010dunske zahteve in visoka cena prilagoditev in \u0161ir\u0161e uporabe, ki je nedosegljiva za ve\u010dino raziskovalnih organizacij in podjetij. Nadaljnje pove\u010devanje teh modelov tako ni ve\u010d smiselno. Pojavili so se tudi bistveno manj\u0161i, odprtodostopni modeli, kot so LLaMA, Alpaca, GPT4All in Koala, ki jih je mo\u017eno nau\u010diti ali prilagoditi za posamezne naloge na povsem obi\u010dajnih GPU ra\u010dunalnikih in dosegajo enako ali skoraj enako kakovost delovanja kot najve\u010dji modeli. V projektu SloLLaMAi\u00a0bomo razvili odprtodostopen ra\u010dunsko u\u010dinkovit generativen jezikoven model za sloven\u0161\u010dino, ki bo prvi tak model za morfolo\u0161ko bogat jezik z malo viri, kar predstavlja velik raziskovalen izziv.\u00a0 Razviti novi veliki splo\u0161ni model bo predstavljal osnovno infrastrukturo za industrijske projekte in vse n0ve izdelke, ki bodo potrebovali obdelavo naravnega jezika. Predhodno razviti modeli (npr. SloT5, SloBERTa, CroSloEn BERT) so \u017ee omogo\u010dili izgradnjo tehnologij, ki jih pred nekaj leti za sloven\u0161\u010dino \u0161e ni bilo mo\u017eno razviti s primerljivo natan\u010dnostjo z ve\u010djimi jeziki (npr. strojno prevajanje, povzemanje, odgovarjanje na vpra\u0161anja) in teh tehnologij niti ne bi bilo mo\u017eno razviti, \u010de tak\u0161ni modeli za sloven\u0161\u010dino ne bi obstajali. Za razvoj naslednje generacije velikih jezikovnih modelov so potrebni rezultati prvega projekta (RRP1), da bo mogo\u010de pripraviti splo\u0161ne jezikovne modele, ki jih bo mo\u017eno specializirati za specifi\u010dne naloge obdelave naravnega jezika.<\/p>\n<\/div><\/section><\/div>\n<div class=\"flex_column av_one_full  no_margin flex_column_div av-zero-column-padding first  avia-builder-el-5  el_after_av_one_full  el_before_av_one_full  column-top-margin\" style='margin-top:0px; margin-bottom:30px; border-radius:0px; '><section class=\"av_textblock_section \"  itemscope=\"itemscope\" itemtype=\"https:\/\/schema.org\/CreativeWork\" ><div class='avia_textblock  '   itemprop=\"text\" ><h3>Specifi\u010dni cilji:<\/h3>\n<ol>\n<li>Razvoj in izgradnja sodobnih, ra\u010dunsko u\u010dinkovitih velikih generativnih jezikovnih modelov tipa GPT (varianta LLaMa, Alpaca, Koala) in njihova prilagoditev za sledenje ukazom, dialo\u0161ko komunikacijo in slovenski jezik. Zgrajeni veliki modeli predstavljajo temeljno infrastrukturo za preostanek projekta in aplikativne projekte.<\/li>\n<li>Izbolj\u0161ava modelov z vstavljanjem dodatnega znanja v zgrajene velike generativne jezikovne modele za izbolj\u0161avo logi\u010dnega sklepanja, zdravorazumskega sklepanja, jezikovnih in morfolo\u0161kih posebnosti slovenskega jezika ter upo\u0161tevanje eti\u010dnih in pravnih norm.<\/li>\n<li>Prilagoditev velikih jezikovnih modelov za ra\u010dunsko nizko zmogljive naprave in industrijske aplikacije; raziskava mo\u017enosti kompresije in destilacije velikih jezikovnih modelov, kvantizacije in pribli\u017enega ra\u010dunanja z upo\u0161tevanjem morfolo\u0161ke bogatosti naslovljenega jezika.<\/li>\n<\/ol>\n<\/div><\/section><\/div>\n<div class=\"flex_column av_one_full  no_margin flex_column_div av-zero-column-padding first  avia-builder-el-7  el_after_av_one_full  el_before_av_one_full  column-top-margin\" style='margin-top:0px; margin-bottom:30px; border-radius:0px; '><section class=\"av_textblock_section \"  itemscope=\"itemscope\" itemtype=\"https:\/\/schema.org\/CreativeWork\" ><div class='avia_textblock  '   itemprop=\"text\" ><h3>Rezultati:<\/h3>\n<ul>\n<li><strong>D2.1:<\/strong> Prostodostopen velik generativni jezikovni model, prilagojen dialogom in ukazom velikosti milijarde parametrov (avgust 2024).<\/li>\n<li><strong>D2.2:<\/strong> Prostodostopen velik generativni jezikovni model, prilagojen dialogom in ukazom velikosti 10 milijard parametrov (februar 2025).<\/li>\n<li><strong>D2.3:<\/strong> Prostodostopen ra\u010dunsko malo zahteven generativni jezikovni model, prilagojen dialogom in ukazom (avgust 2025).<\/li>\n<li><strong>D2.4:<\/strong> Prostodostopen velik jezikovni model z vstavljenim dodatnim znanjem (februar 2026).<\/li>\n<\/ul>\n<\/div><\/section><\/div>\n<div class=\"flex_column av_one_full  no_margin flex_column_div av-zero-column-padding first  avia-builder-el-9  el_after_av_one_full  el_before_av_one_fourth  column-top-margin\" style='margin-top:0px; margin-bottom:30px; border-radius:0px; '><section class=\"av_textblock_section \"  itemscope=\"itemscope\" itemtype=\"https:\/\/schema.org\/CreativeWork\" ><div class='avia_textblock  '   itemprop=\"text\" ><h3>Projektni partnerji:<\/h3>\n<\/div><\/section><\/div>\n<div class=\"flex_column av_one_fourth  flex_column_div av-zero-column-padding first  avia-builder-el-11  el_after_av_one_full  el_before_av_one_fourth  column-top-margin\" style='border-radius:0px; '><section class=\"av_textblock_section \"  itemscope=\"itemscope\" itemtype=\"https:\/\/schema.org\/CreativeWork\" ><div class='avia_textblock  '   itemprop=\"text\" ><h5>Nosilec projekta:<\/h5>\n<\/div><\/section><\/div>\n<div class=\"flex_column av_one_fourth  flex_column_div av-zero-column-padding   avia-builder-el-13  el_after_av_one_fourth  el_before_av_one_fourth  column-top-margin\" style='border-radius:0px; '><div  class='avia-button-wrap avia-button-center  avia-builder-el-14  avia-builder-el-no-sibling ' ><a href='https:\/\/fri.uni-lj.si\/sl' class='avia-button avia-button-fullwidth   avia-icon_select-no avia-color-theme-color '  style='color:#ffffff; ' ><span class='avia_iconbox_title' >Fakulteta za ra\u010dunalni\u0161tvo in informatiko UL<\/span><span class='avia_button_background avia-button avia-button-fullwidth avia-color-theme-color-highlight' ><\/span><\/a><\/div><\/div><div class=\"flex_column av_one_fourth  flex_column_div av-zero-column-padding   avia-builder-el-15  el_after_av_one_fourth  el_before_av_one_fourth  column-top-margin\" style='border-radius:0px; '><\/div><\/p>\n<div class=\"flex_column av_one_fourth  flex_column_div av-zero-column-padding   avia-builder-el-16  el_after_av_one_fourth  el_before_av_one_fourth  column-top-margin\" style='border-radius:0px; '><\/div>\n<div class=\"flex_column av_one_fourth  flex_column_div av-zero-column-padding first  avia-builder-el-17  el_after_av_one_fourth  el_before_av_one_fourth  column-top-margin\" style='border-radius:0px; '><section class=\"av_textblock_section \"  itemscope=\"itemscope\" itemtype=\"https:\/\/schema.org\/CreativeWork\" ><div class='avia_textblock  '   itemprop=\"text\" ><h5>Sodelujo\u010di partnerji:<\/h5>\n<\/div><\/section><\/div>\n<div class=\"flex_column av_one_fourth  flex_column_div av-zero-column-padding   avia-builder-el-19  el_after_av_one_fourth  el_before_av_one_fourth  column-top-margin\" style='border-radius:0px; '><div  class='avia-button-wrap avia-button-center  avia-builder-el-20  avia-builder-el-no-sibling ' ><a href='https:\/\/semantika.eu\/sl-si\/' class='avia-button avia-button-fullwidth   avia-icon_select-no avia-color-theme-color '  style='color:#ffffff; ' ><span class='avia_iconbox_title' >Semantika d.o.o.<\/span><span class='avia_button_background avia-button avia-button-fullwidth avia-color-theme-color-highlight' ><\/span><\/a><\/div><\/div>\n<div class=\"flex_column av_one_fourth  flex_column_div av-zero-column-padding   avia-builder-el-21  el_after_av_one_fourth  el_before_av_one_fourth  column-top-margin\" style='border-radius:0px; '><div  class='avia-button-wrap avia-button-center  avia-builder-el-22  avia-builder-el-no-sibling ' ><a href='https:\/\/xlab.si\/sl\/' class='avia-button avia-button-fullwidth   avia-icon_select-no avia-color-theme-color '  style='color:#ffffff; ' ><span class='avia_iconbox_title' >XLAB d.o.o.<\/span><span class='avia_button_background avia-button avia-button-fullwidth avia-color-theme-color-highlight' ><\/span><\/a><\/div><\/div>\n<div class=\"flex_column av_one_fourth  flex_column_div av-zero-column-padding   avia-builder-el-23  el_after_av_one_fourth  el_before_av_one_fourth  column-top-margin\" style='border-radius:0px; '><div  class='avia-button-wrap avia-button-center  avia-builder-el-24  avia-builder-el-no-sibling ' ><a href='https:\/\/vitasis.si\/home' class='avia-button avia-button-fullwidth   avia-icon_select-no avia-color-theme-color '  style='color:#ffffff; ' ><span class='avia_iconbox_title' >VITASIS d.o.o.<\/span><span class='avia_button_background avia-button avia-button-fullwidth avia-color-theme-color-highlight' ><\/span><\/a><\/div><\/div>\n<div class=\"flex_column av_one_fourth  flex_column_div av-zero-column-padding first  avia-builder-el-25  el_after_av_one_fourth  el_before_av_one_fourth  column-top-margin\" style='border-radius:0px; '><\/div>\n<div class=\"flex_column av_one_fourth  flex_column_div av-zero-column-padding   avia-builder-el-26  el_after_av_one_fourth  el_before_av_one_fourth  column-top-margin\" style='border-radius:0px; '><div  class='avia-button-wrap avia-button-center  avia-builder-el-27  avia-builder-el-no-sibling ' ><a href='https:\/\/www.better.care\/' class='avia-button avia-button-fullwidth   avia-icon_select-no avia-color-theme-color '  style='color:#ffffff; ' ><span class='avia_iconbox_title' >BETTER, d.o.o.<\/span><span class='avia_button_background avia-button avia-button-fullwidth avia-color-theme-color-highlight' ><\/span><\/a><\/div><\/div>\n<div class=\"flex_column av_one_fourth  flex_column_div av-zero-column-padding   avia-builder-el-28  el_after_av_one_fourth  avia-builder-el-last  column-top-margin\" style='border-radius:0px; '><div  class='avia-button-wrap avia-button-center  avia-builder-el-29  avia-builder-el-no-sibling ' ><a href='https:\/\/www.spica.si\/' class='avia-button avia-button-fullwidth   avia-icon_select-no avia-color-theme-color '  style='color:#ffffff; ' ><span class='avia_iconbox_title' >\u0160PICA d.o.o.<\/span><span class='avia_button_background avia-button avia-button-fullwidth avia-color-theme-color-highlight' ><\/span><\/a><\/div><\/div>\n","protected":false},"excerpt":{"rendered":"","protected":false},"author":1,"featured_media":0,"parent":668,"menu_order":0,"comment_status":"closed","ping_status":"closed","template":"","meta":{"_acf_changed":false,"_relevanssi_hide_post":"","_relevanssi_hide_content":"","_relevanssi_pin_for_all":"","_relevanssi_pin_keywords":"","_relevanssi_unpin_keywords":"","_relevanssi_related_keywords":"","_relevanssi_related_include_ids":"","_relevanssi_related_exclude_ids":"","_relevanssi_related_no_append":"","_relevanssi_related_not_related":"","_relevanssi_related_posts":"","_relevanssi_noindex_reason":"","inline_featured_image":false,"episode_type":"","audio_file":"","cover_image":"","cover_image_id":"","duration":"","filesize":"","filesize_raw":"","date_recorded":"","explicit":"","block":"","itunes_episode_number":"","itunes_title":"","itunes_season_number":"","itunes_episode_type":"","footnotes":""},"class_list":["post-928","page","type-page","status-publish","hentry"],"acf":[],"yoast_head":"<!-- This site is optimized with the Yoast SEO plugin v26.9 - https:\/\/yoast.com\/product\/yoast-seo-wordpress\/ -->\n<title>RRP2: SloLLaMai - PoVeJMo<\/title>\n<meta name=\"robots\" content=\"noindex, follow, max-snippet:-1, max-image-preview:large, max-video-preview:-1\" \/>\n<meta property=\"og:locale\" content=\"sl_SI\" \/>\n<meta property=\"og:type\" content=\"article\" \/>\n<meta property=\"og:title\" content=\"RRP2: SloLLaMai - PoVeJMo\" \/>\n<meta property=\"og:url\" content=\"https:\/\/www.cjvt.si\/povejmo\/projektni-sklopi\/rrp2-slollamai\/\" \/>\n<meta property=\"og:site_name\" content=\"PoVeJMo\" \/>\n<meta property=\"article:modified_time\" content=\"2023-11-07T06:16:17+00:00\" \/>\n<meta name=\"twitter:card\" content=\"summary_large_image\" \/>\n<meta name=\"twitter:label1\" content=\"Est. reading time\" \/>\n\t<meta name=\"twitter:data1\" content=\"15 minut\" \/>\n<script type=\"application\/ld+json\" class=\"yoast-schema-graph\">{\"@context\":\"https:\/\/schema.org\",\"@graph\":[{\"@type\":\"WebPage\",\"@id\":\"https:\/\/www.cjvt.si\/povejmo\/projektni-sklopi\/rrp2-slollamai\/\",\"url\":\"https:\/\/www.cjvt.si\/povejmo\/projektni-sklopi\/rrp2-slollamai\/\",\"name\":\"RRP2: SloLLaMai - PoVeJMo\",\"isPartOf\":{\"@id\":\"https:\/\/www.cjvt.si\/povejmo\/#website\"},\"datePublished\":\"2020-03-31T17:05:12+00:00\",\"dateModified\":\"2023-11-07T06:16:17+00:00\",\"breadcrumb\":{\"@id\":\"https:\/\/www.cjvt.si\/povejmo\/projektni-sklopi\/rrp2-slollamai\/#breadcrumb\"},\"inLanguage\":\"sl-SI\",\"potentialAction\":[{\"@type\":\"ReadAction\",\"target\":[\"https:\/\/www.cjvt.si\/povejmo\/projektni-sklopi\/rrp2-slollamai\/\"]}]},{\"@type\":\"BreadcrumbList\",\"@id\":\"https:\/\/www.cjvt.si\/povejmo\/projektni-sklopi\/rrp2-slollamai\/#breadcrumb\",\"itemListElement\":[{\"@type\":\"ListItem\",\"position\":1,\"name\":\"Home\",\"item\":\"https:\/\/www.cjvt.si\/povejmo\/o-programu\/\"},{\"@type\":\"ListItem\",\"position\":2,\"name\":\"Projektni sklopi\",\"item\":\"https:\/\/www.cjvt.si\/povejmo\/projekti\/\"},{\"@type\":\"ListItem\",\"position\":3,\"name\":\"Projektni sklop 2\"}]},{\"@type\":\"WebSite\",\"@id\":\"https:\/\/www.cjvt.si\/povejmo\/#website\",\"url\":\"https:\/\/www.cjvt.si\/povejmo\/\",\"name\":\"PoVeJMo\",\"description\":\"Work site\",\"potentialAction\":[{\"@type\":\"SearchAction\",\"target\":{\"@type\":\"EntryPoint\",\"urlTemplate\":\"https:\/\/www.cjvt.si\/povejmo\/?s={search_term_string}\"},\"query-input\":{\"@type\":\"PropertyValueSpecification\",\"valueRequired\":true,\"valueName\":\"search_term_string\"}}],\"inLanguage\":\"sl-SI\"}]}<\/script>\n<!-- \/ Yoast SEO plugin. -->","yoast_head_json":{"title":"RRP2: SloLLaMai - PoVeJMo","robots":{"index":"noindex","follow":"follow","max-snippet":"max-snippet:-1","max-image-preview":"max-image-preview:large","max-video-preview":"max-video-preview:-1"},"og_locale":"sl_SI","og_type":"article","og_title":"RRP2: SloLLaMai - PoVeJMo","og_url":"https:\/\/www.cjvt.si\/povejmo\/projektni-sklopi\/rrp2-slollamai\/","og_site_name":"PoVeJMo","article_modified_time":"2023-11-07T06:16:17+00:00","twitter_card":"summary_large_image","twitter_misc":{"Est. reading time":"15 minut"},"schema":{"@context":"https:\/\/schema.org","@graph":[{"@type":"WebPage","@id":"https:\/\/www.cjvt.si\/povejmo\/projektni-sklopi\/rrp2-slollamai\/","url":"https:\/\/www.cjvt.si\/povejmo\/projektni-sklopi\/rrp2-slollamai\/","name":"RRP2: SloLLaMai - PoVeJMo","isPartOf":{"@id":"https:\/\/www.cjvt.si\/povejmo\/#website"},"datePublished":"2020-03-31T17:05:12+00:00","dateModified":"2023-11-07T06:16:17+00:00","breadcrumb":{"@id":"https:\/\/www.cjvt.si\/povejmo\/projektni-sklopi\/rrp2-slollamai\/#breadcrumb"},"inLanguage":"sl-SI","potentialAction":[{"@type":"ReadAction","target":["https:\/\/www.cjvt.si\/povejmo\/projektni-sklopi\/rrp2-slollamai\/"]}]},{"@type":"BreadcrumbList","@id":"https:\/\/www.cjvt.si\/povejmo\/projektni-sklopi\/rrp2-slollamai\/#breadcrumb","itemListElement":[{"@type":"ListItem","position":1,"name":"Home","item":"https:\/\/www.cjvt.si\/povejmo\/o-programu\/"},{"@type":"ListItem","position":2,"name":"Projektni sklopi","item":"https:\/\/www.cjvt.si\/povejmo\/projekti\/"},{"@type":"ListItem","position":3,"name":"Projektni sklop 2"}]},{"@type":"WebSite","@id":"https:\/\/www.cjvt.si\/povejmo\/#website","url":"https:\/\/www.cjvt.si\/povejmo\/","name":"PoVeJMo","description":"Work site","potentialAction":[{"@type":"SearchAction","target":{"@type":"EntryPoint","urlTemplate":"https:\/\/www.cjvt.si\/povejmo\/?s={search_term_string}"},"query-input":{"@type":"PropertyValueSpecification","valueRequired":true,"valueName":"search_term_string"}}],"inLanguage":"sl-SI"}]}},"_links":{"self":[{"href":"https:\/\/www.cjvt.si\/povejmo\/wp-json\/wp\/v2\/pages\/928","targetHints":{"allow":["GET"]}}],"collection":[{"href":"https:\/\/www.cjvt.si\/povejmo\/wp-json\/wp\/v2\/pages"}],"about":[{"href":"https:\/\/www.cjvt.si\/povejmo\/wp-json\/wp\/v2\/types\/page"}],"author":[{"embeddable":true,"href":"https:\/\/www.cjvt.si\/povejmo\/wp-json\/wp\/v2\/users\/1"}],"replies":[{"embeddable":true,"href":"https:\/\/www.cjvt.si\/povejmo\/wp-json\/wp\/v2\/comments?post=928"}],"version-history":[{"count":24,"href":"https:\/\/www.cjvt.si\/povejmo\/wp-json\/wp\/v2\/pages\/928\/revisions"}],"predecessor-version":[{"id":1505,"href":"https:\/\/www.cjvt.si\/povejmo\/wp-json\/wp\/v2\/pages\/928\/revisions\/1505"}],"up":[{"embeddable":true,"href":"https:\/\/www.cjvt.si\/povejmo\/wp-json\/wp\/v2\/pages\/668"}],"wp:attachment":[{"href":"https:\/\/www.cjvt.si\/povejmo\/wp-json\/wp\/v2\/media?parent=928"}],"curies":[{"name":"wp","href":"https:\/\/api.w.org\/{rel}","templated":true}]}}