{"id":16,"date":"2018-02-09T13:39:53","date_gmt":"2018-02-09T12:39:53","guid":{"rendered":"https:\/\/www.cjvt.si\/promocija-sopomenk\/?page_id=16"},"modified":"2018-02-09T13:39:53","modified_gmt":"2018-02-09T12:39:53","slug":"sodelavci","status":"publish","type":"page","link":"https:\/\/www.cjvt.si\/promocija-sopomenk\/sodelavci\/","title":{"rendered":"Sodelavci"},"content":{"rendered":"<div class=\"flex_column av_one_full  flex_column_div av-zero-column-padding first  avia-builder-el-0  el_before_av_one_half  avia-builder-el-first  \" style='border-radius:0px; '><p><div  style='padding-bottom:10px; color:#e92603;' class='av-special-heading av-special-heading-h3 custom-color-heading   avia-builder-el-1  el_before_av_testimonials  avia-builder-el-first  '><h3 class='av-special-heading-tag '  itemprop=\"headline\"  >Sodelavci (CJVT UL)<\/h3><div class='special-heading-border'><div class='special-heading-inner-border' style='border-color:#e92603'><\/div><\/div><\/div><br \/>\n<div   data-autoplay='1'  data-interval='5'  data-animation='fade'  data-hoverpause='1'  class='avia-testimonial-wrapper avia-grid-testimonials avia-grid-2-testimonials avia_animate_when_almost_visible   '>\n<section class ='avia-testimonial-row'><div class='avia-testimonial av_one_half flex_column no_margin avia-testimonial-row-1 avia-first-testimonial'  itemscope=\"itemscope\" itemtype=\"https:\/\/schema.org\/Person\" ><div class='avia-testimonial_inner'><div class='avia-testimonial-image'  itemprop=\"image\"  style='background-image:url(https:\/\/www.cjvt.si\/promocija-sopomenk\/wp-content\/uploads\/sites\/13\/2018\/03\/20171016-photoshoot-022-\u010db4-180x180.jpg);'><\/div><div class='avia-testimonial-content av_inherit_color'   style='color:#000000; '  itemscope=\"itemscope\" itemtype=\"https:\/\/schema.org\/CreativeWork\" ><p><span class=\"sodelavci-ime\">\u0160pela Arhar Holdt<\/span><br \/>\n<span class=\"sodelavci-podnapis\">Filozofska fakulteta, Fakulteta za ra\u010dunalni\u0161tvo in informatiko<br \/>\n<\/span><\/p>\n<p class=\"hyphenate\" style=\"text-align: justify\">Ukvarja se s korpusnim jezikoslovjem (slovenistika), raziskavami potreb in navad uporabnikov jezikovnih priro\u010dnikov za sloven\u0161\u010dino in metodologijo uporabni\u0161kega vklju\u010devanja.<\/p>\n<\/div><div class='avia-testimonial-meta'><div class='avia-testimonial-arrow-wrap'><div class='avia-arrow'><\/div><\/div><div class='avia-testimonial-meta-mini'><\/div><\/div><\/div><\/div>\n<div class='avia-testimonial av_one_half flex_column no_margin avia-testimonial-row-1 avia-last-testimonial'  itemscope=\"itemscope\" itemtype=\"https:\/\/schema.org\/Person\" ><div class='avia-testimonial_inner'><div class='avia-testimonial-image'  itemprop=\"image\"  style='background-image:url(https:\/\/www.cjvt.si\/promocija-sopomenk\/wp-content\/uploads\/sites\/13\/2018\/02\/jaka-180x180.jpg);'><\/div><div class='avia-testimonial-content av_inherit_color'   style='color:#000000; '  itemscope=\"itemscope\" itemtype=\"https:\/\/schema.org\/CreativeWork\" ><p><span class=\"sodelavci-ime\">Jaka \u010cibej<\/span><br \/>\n<span class=\"sodelavci-podnapis\">Filozofska fakulteta, Fakulteta za ra\u010dunalni\u0161tvo in informatiko<br \/>\n<\/span><\/p>\n<p class=\"hyphenate\" style=\"text-align: justify\">Ukvarja se s korpusnim jezikoslovjem, obdelavo naravnega jezika, raziskavami slovarskih uporabnikov, mno\u017ei\u010denja za jezikoslovje in ra\u010dunalni\u0161ko posredovano komunikacijo.<\/p>\n<\/div><div class='avia-testimonial-meta'><div class='avia-testimonial-arrow-wrap'><div class='avia-arrow'><\/div><\/div><div class='avia-testimonial-meta-mini'><\/div><\/div><\/div><\/div><\/section>\n<section class ='avia-testimonial-row'><div class='avia-testimonial av_one_half flex_column no_margin avia-testimonial-row-2 avia-first-testimonial'  itemscope=\"itemscope\" itemtype=\"https:\/\/schema.org\/Person\" ><div class='avia-testimonial_inner'><div class='avia-testimonial-image'  itemprop=\"image\"  style='background-image:url(https:\/\/www.cjvt.si\/promocija-sopomenk\/wp-content\/uploads\/sites\/13\/2018\/03\/Marko2015bw-180x180.jpg);'><\/div><div class='avia-testimonial-content av_inherit_color'   style='color:#000000; '  itemscope=\"itemscope\" itemtype=\"https:\/\/schema.org\/CreativeWork\" ><p><span class=\"sodelavci-ime\">Marko Robnik \u0160ikonja<\/span><br \/>\n<span class=\"sodelavci-podnapis\">Fakulteta za ra\u010dunalni\u0161tvo in informatiko<br \/>\n<\/span><\/p>\n<p class=\"hyphenate\" style=\"text-align: justify\"><span lang=\"EN-GB\">Ukvarja se s podro\u010djem ra\u010dunalni\u0161tva, in sicer umetno inteligenco, obdelavo naravnega jezika, strojnim u\u010denjem, analizo omre\u017eij in globokimi nevronskimi mre\u017eami.<\/span><\/p>\n<\/div><div class='avia-testimonial-meta'><div class='avia-testimonial-arrow-wrap'><div class='avia-arrow'><\/div><\/div><div class='avia-testimonial-meta-mini'><\/div><\/div><\/div><\/div>\n<div class='avia-testimonial av_one_half flex_column no_margin avia-testimonial-row-2 avia-last-testimonial'  itemscope=\"itemscope\" itemtype=\"https:\/\/schema.org\/Person\" ><div class='avia-testimonial_inner'><div class='avia-testimonial-image'  itemprop=\"image\"  style='background-image:url(https:\/\/www.cjvt.si\/promocija-sopomenk\/wp-content\/uploads\/sites\/13\/2018\/02\/Polona130-bw_profile-180x180.jpg);'><\/div><div class='avia-testimonial-content av_inherit_color'   style='color:#000000; '  itemscope=\"itemscope\" itemtype=\"https:\/\/schema.org\/CreativeWork\" ><p><span class=\"sodelavci-ime\">Polona Gantar<\/span><br \/>\n<span class=\"sodelavci-podnapis\">Filozofska fakulteta<br \/>\n<\/span><\/p>\n<p class=\"hyphenate\" style=\"text-align: justify\">Ukvarja se z e-leksikografijo, leksikalno semantiko in gramatiko, ve\u010dbesednimi leksikalnimi enotami in frazeologijo ter pripravo ra\u010dunalni\u0161ko procesljivih u\u010dnih mno\u017eic in virov.<\/p>\n<\/div><div class='avia-testimonial-meta'><div class='avia-testimonial-arrow-wrap'><div class='avia-arrow'><\/div><\/div><div class='avia-testimonial-meta-mini'><\/div><\/div><\/div><\/div><\/section>\n<section class ='avia-testimonial-row'><div class='avia-testimonial av_one_half flex_column no_margin avia-testimonial-row-3 avia-first-testimonial'  itemscope=\"itemscope\" itemtype=\"https:\/\/schema.org\/Person\" ><div class='avia-testimonial_inner'><div class='avia-testimonial-image'  itemprop=\"image\"  style='background-image:url(https:\/\/www.cjvt.si\/promocija-sopomenk\/wp-content\/uploads\/sites\/13\/2018\/02\/Andreja_Pavle_Jurman_bw-180x180.jpg);'><\/div><div class='avia-testimonial-content av_inherit_color'   style='color:#000000; '  itemscope=\"itemscope\" itemtype=\"https:\/\/schema.org\/CreativeWork\" ><p><span class=\"sodelavci-ime\">Andreja Pavle Jurman<\/span><br \/>\n<span class=\"sodelavci-podnapis\">Gimnazija Ledina, Ljubljana<br \/>\n<\/span><\/p>\n<p class=\"hyphenate\" style=\"text-align: justify\">Kot profesorica sloven\u0161\u010dine pou\u010duje in mentorira dijake Gimnazije Ledina ter sodeluje pri jezikoslovnih projektih, ki spodbujajo in preverjajo rabo sodobnih tehnologij pri pou\u010devanju \/ u\u010denju jezika.<\/p>\n<\/div><div class='avia-testimonial-meta'><div class='avia-testimonial-arrow-wrap'><div class='avia-arrow'><\/div><\/div><div class='avia-testimonial-meta-mini'><\/div><\/div><\/div><\/div>\n<div class='avia-testimonial av_one_half flex_column no_margin avia-testimonial-row-3 avia-last-testimonial'  itemscope=\"itemscope\" itemtype=\"https:\/\/schema.org\/Person\" ><div class='avia-testimonial_inner'><div class='avia-testimonial-image'  itemprop=\"image\"  style='background-image:url(https:\/\/www.cjvt.si\/promocija-sopomenk\/wp-content\/uploads\/sites\/13\/2018\/02\/Cyprian087-bw_profile-180x180.jpg);'><\/div><div class='avia-testimonial-content av_inherit_color'   style='color:#000000; '  itemscope=\"itemscope\" itemtype=\"https:\/\/schema.org\/CreativeWork\" ><p><span class=\"sodelavci-ime\">Cyprian Laskowski<\/span><br \/>\n<span class=\"sodelavci-podnapis\">Filozofska fakulteta, Fakulteta za dru\u017ebene vede<br \/>\n<\/span><\/p>\n<p class=\"hyphenate\" style=\"text-align: justify\">Ukvarja se s pisanjem skript za pretvorbe, analize in nadgradnje jezikovnih podatkov in razvoj jezikovnih aplikacij ter postavljanjem, vzdr\u017eevanjem in administracijo ra\u010dunalni\u0161kih stre\u017enikov.<\/p>\n<\/div><div class='avia-testimonial-meta'><div class='avia-testimonial-arrow-wrap'><div class='avia-arrow'><\/div><\/div><div class='avia-testimonial-meta-mini'><\/div><\/div><\/div><\/div><\/section>\n<section class ='avia-testimonial-row'><div class='avia-testimonial av_one_half flex_column no_margin avia-testimonial-row-4 avia-first-testimonial'  itemscope=\"itemscope\" itemtype=\"https:\/\/schema.org\/Person\" ><div class='avia-testimonial_inner'><div class='avia-testimonial-image'  itemprop=\"image\"  style='background-image:url(https:\/\/www.cjvt.si\/promocija-sopomenk\/wp-content\/uploads\/sites\/13\/2018\/02\/Bojan162-bw_profile-180x180.jpg);'><\/div><div class='avia-testimonial-content av_inherit_color'   style='color:#000000; '  itemscope=\"itemscope\" itemtype=\"https:\/\/schema.org\/CreativeWork\" ><p><span class=\"sodelavci-ime\">Bojan Klemenc<\/span><br \/>\n<span class=\"sodelavci-podnapis\">Fakulteta za ra\u010dunalni\u0161tvo in informatiko<br \/>\n<\/span><\/p>\n<p class=\"hyphenate\" style=\"text-align: justify\">Ukvarja se z ra\u010dunalni\u0161ko obdelavo naravnih jezikov, podporo jezikovnotehnolo\u0161ke infrastrukture za sloven\u0161\u010dino, razvojem slovarskih baz in igrifikacijo.<\/p>\n<\/div><div class='avia-testimonial-meta'><div class='avia-testimonial-arrow-wrap'><div class='avia-arrow'><\/div><\/div><div class='avia-testimonial-meta-mini'><\/div><\/div><\/div><\/div>\n<div class='avia-testimonial av_one_half flex_column no_margin avia-testimonial-row-4 avia-last-testimonial'  itemscope=\"itemscope\" itemtype=\"https:\/\/schema.org\/Person\" ><div class='avia-testimonial_inner'><div class='avia-testimonial-image'  itemprop=\"image\"  style='background-image:url(https:\/\/www.cjvt.si\/promocija-sopomenk\/wp-content\/uploads\/sites\/13\/2018\/02\/Iztok168-bw_profile-180x180.jpg);'><\/div><div class='avia-testimonial-content av_inherit_color'   style='color:#000000; '  itemscope=\"itemscope\" itemtype=\"https:\/\/schema.org\/CreativeWork\" ><p><span class=\"sodelavci-ime\">Iztok Kosem<\/span><br \/>\n<span class=\"sodelavci-podnapis\">Filozofska fakuleta<br \/>\n<\/span><\/p>\n<p class=\"hyphenate\" style=\"text-align: justify\">Ukvarja se s podro\u010djem korpusnega jezikoslovja za potrebe leksikografije, predvsem metodologijo pri lu\u0161\u010denju in urejanju kolokacij ter slovarskih zgledov, in uporabni\u0161kimi raziskavami.<\/p>\n<\/div><div class='avia-testimonial-meta'><div class='avia-testimonial-arrow-wrap'><div class='avia-arrow'><\/div><\/div><div class='avia-testimonial-meta-mini'><\/div><\/div><\/div><\/div><\/section>\n<section class ='avia-testimonial-row'><div class='avia-testimonial av_one_half flex_column no_margin avia-testimonial-row-5 avia-first-testimonial'  itemscope=\"itemscope\" itemtype=\"https:\/\/schema.org\/Person\" ><div class='avia-testimonial_inner'><div class='avia-testimonial-image'  itemprop=\"image\"  style='background-image:url(https:\/\/www.cjvt.si\/promocija-sopomenk\/wp-content\/uploads\/sites\/13\/2018\/02\/Kaja187-bw_profile-180x180.jpg);'><\/div><div class='avia-testimonial-content av_inherit_color'   style='color:#000000; '  itemscope=\"itemscope\" itemtype=\"https:\/\/schema.org\/CreativeWork\" ><p><span class=\"sodelavci-ime\">Kaja Dobrovoljc<\/span><br \/>\n<span class=\"sodelavci-podnapis\">Fakulteta za ra\u010dunalni\u0161tvo in informatiko<br \/>\n<\/span><\/p>\n<p class=\"hyphenate\" style=\"text-align: justify\">Ukvarja se s korpusnim jezikoslovjem in obdelavo naravnega jezika, odvisnostno skladnjo, lu\u0161\u010denjem skladenjskih podatkov za sloven\u0161\u010dino, analizo diskurza in govorjenim jezikom.<\/p>\n<\/div><div class='avia-testimonial-meta'><div class='avia-testimonial-arrow-wrap'><div class='avia-arrow'><\/div><\/div><div class='avia-testimonial-meta-mini'><\/div><\/div><\/div><\/div>\n<div class='avia-testimonial av_one_half flex_column no_margin avia-testimonial-row-5 avia-last-testimonial'  itemscope=\"itemscope\" itemtype=\"https:\/\/schema.org\/Person\" ><div class='avia-testimonial_inner'><div class='avia-testimonial-image'  itemprop=\"image\"  style='background-image:url(https:\/\/www.cjvt.si\/promocija-sopomenk\/wp-content\/uploads\/sites\/13\/2018\/02\/Simon159-bw_profile-180x180.jpg);'><\/div><div class='avia-testimonial-content av_inherit_color'   style='color:#000000; '  itemscope=\"itemscope\" itemtype=\"https:\/\/schema.org\/CreativeWork\" ><p><span class=\"sodelavci-ime\">Simon Krek<\/span><br \/>\n<span class=\"sodelavci-podnapis\">Filozofska fakulteta<br \/>\n<\/span><\/p>\n<p class=\"hyphenate\" style=\"text-align: justify\">Ukvarja se z leksikografijo in leksikogramatiko, korpusnim jezikoslovjem in obdelavo naravnega jezika ter zagotavljanjem jezikovnotehnolo\u0161ke infrastrukture za slovenski jezik.<\/p>\n<\/div><div class='avia-testimonial-meta'><div class='avia-testimonial-arrow-wrap'><div class='avia-arrow'><\/div><\/div><div class='avia-testimonial-meta-mini'><\/div><\/div><\/div><\/div><\/section>\n<section class ='avia-testimonial-row'><div class='avia-testimonial av_one_half flex_column no_margin avia-testimonial-row-6 avia-first-testimonial'  itemscope=\"itemscope\" itemtype=\"https:\/\/schema.org\/Person\" ><div class='avia-testimonial_inner'><div class='avia-testimonial-image'  itemprop=\"image\"  style='background-image:url(https:\/\/www.cjvt.si\/promocija-sopomenk\/wp-content\/uploads\/sites\/13\/2019\/10\/TejaG-BW-180x180.jpg);'><\/div><div class='avia-testimonial-content av_inherit_color'   style='color:#000000; '  itemscope=\"itemscope\" itemtype=\"https:\/\/schema.org\/CreativeWork\" ><p><span class=\"sodelavci-ime\">Teja Goli<\/span><br \/>\n<span class=\"sodelavci-podnapis\">Filozofska fakulteta, Fakulteta za ra\u010dunalni\u0161tvo in informatiko<br \/>\n<\/span><\/p>\n<p class=\"hyphenate\" style=\"text-align: justify\">Ukvarja se z organizacijo dogodkov, komunikacijo z javnostjo prek dru\u017ebenih omre\u017eij, korespondenco z raziskovalnimi institucijami ter nudi administrativno podporo.<\/p>\n<\/div><div class='avia-testimonial-meta'><div class='avia-testimonial-arrow-wrap'><div class='avia-arrow'><\/div><\/div><div class='avia-testimonial-meta-mini'><\/div><\/div><\/div><\/div>\n<div class='avia-testimonial av_one_half flex_column no_margin avia-testimonial-row-6 avia-last-testimonial'  itemscope=\"itemscope\" itemtype=\"https:\/\/schema.org\/Person\" ><div class='avia-testimonial_inner'><div class='avia-testimonial-image'  itemprop=\"image\"  style='background-image:url(https:\/\/www.cjvt.si\/promocija-sopomenk\/wp-content\/uploads\/sites\/13\/2019\/10\/BarbaraG-180x180.jpg);'><\/div><div class='avia-testimonial-content av_inherit_color'   style='color:#000000; '  itemscope=\"itemscope\" itemtype=\"https:\/\/schema.org\/CreativeWork\" ><p><span class=\"sodelavci-ime\">Barbara Gori\u0161ek<\/span><br \/>\n<span class=\"sodelavci-podnapis\">Filozofska fakulteta<br \/>\n<\/span><\/p>\n<p class=\"hyphenate\" style=\"text-align: justify\">Ukvarja se s promocijo Slovarja sopomenk sodobne sloven\u0161\u010dine med razli\u010dnimi skupinami uporabnikov, anketiranjem in komunikacijo s slovarskimi uporabniki ter nudi administrativno podporo.<\/p>\n<\/div><div class='avia-testimonial-meta'><div class='avia-testimonial-arrow-wrap'><div class='avia-arrow'><\/div><\/div><div class='avia-testimonial-meta-mini'><\/div><\/div><\/div><\/div><\/section>\n<\/div><\/p><\/div><div class='flex_column_table av-equal-height-column-flextable -flextable' ><div class=\"flex_column av_one_half  flex_column_table_cell av-equal-height-column av-align-top av-zero-column-padding first  avia-builder-el-3  el_after_av_one_full  el_before_av_one_half  column-top-margin\" style='border-radius:0px; '><p><div  style=' margin-top:20px; margin-bottom:30px;'  class='hr hr-custom hr-left hr-icon-no   avia-builder-el-4  el_before_av_hr  avia-builder-el-first '><span class='hr-inner   inner-border-av-border-thin' style=' width:50px; border-color:#e92603;' ><span class='hr-inner-style'><\/span><\/span><\/div><br \/>\n<div  style='height:25px' class='hr hr-invisible   avia-builder-el-5  el_after_av_hr  el_before_av_image '><span class='hr-inner ' ><span class='hr-inner-style'><\/span><\/span><\/div><br \/>\n<div  class='avia-image-container  av-styling-    avia-builder-el-6  el_after_av_hr  el_before_av_hr  avia-align-center '  itemprop=\"image\" itemscope=\"itemscope\" itemtype=\"https:\/\/schema.org\/ImageObject\"  ><div class='avia-image-container-inner'><div class='avia-image-overlay-wrap'><img class='avia_image' src='https:\/\/www.cjvt.si\/promocija-sopomenk\/wp-content\/uploads\/sites\/13\/2018\/02\/CJVT_CGP_Osnovni_znakPripis_naziva_SLO.png' alt='' title='CJVT_CGP_Osnovni_znak+Pripis_naziva_SLO' height=\"101\" width=\"284\"  itemprop=\"thumbnailUrl\"  \/><\/div><\/div><\/div><br \/>\n<div  style='height:10px' class='hr hr-invisible   avia-builder-el-7  el_after_av_image  el_before_av_textblock '><span class='hr-inner ' ><span class='hr-inner-style'><\/span><\/span><\/div><br \/>\n<section class=\"av_textblock_section \"  itemscope=\"itemscope\" itemtype=\"https:\/\/schema.org\/CreativeWork\" ><div class='avia_textblock  '   itemprop=\"text\" ><p class=\"hyphenate\" style=\"text-align: justify\"><span style=\"color: #e92603\"><strong>Center za jezikovne vire in tehnologije<\/strong><\/span> (CJVT UL) je enota Univerze v Ljubljani, namenjena znanstvenemu raziskovanju, vzpostavljanju in vzdr\u017eevanju temeljnih digitalnih jezikovnih virov in jezikovnotehnolo\u0161kih orodij za sodobni slovenski jezik. Glavna naloga CJVT UL je zagotoviti interdisciplinarni institucionalni okvir, kjer razvoj tehnologij, virov in orodij za slovenski jezik poteka na\u010drtno, sistemati\u010dno in dolgoro\u010dno, kar je predpogoj, da sloven\u0161\u010dina v digitalnem okolju obdr\u017ei status enakovredne jezikovne izbire.<\/p>\n<\/div><\/section><\/p><\/div><\/p>\n<div class='av-flex-placeholder'><\/div><div class=\"flex_column av_one_half  flex_column_table_cell av-equal-height-column av-align-top av-zero-column-padding   avia-builder-el-9  el_after_av_one_half  avia-builder-el-last  column-top-margin\" style='border-radius:0px; '><p><div  style=' margin-top:20px; margin-bottom:30px;'  class='hr hr-custom hr-left hr-icon-no   avia-builder-el-10  el_before_av_image  avia-builder-el-first '><span class='hr-inner   inner-border-av-border-thin' style=' width:50px; border-color:#e92603;' ><span class='hr-inner-style'><\/span><\/span><\/div><br \/>\n<div  class='avia-image-container  av-styling-    avia-builder-el-11  el_after_av_hr  el_before_av_textblock  avia-align-center '  itemprop=\"image\" itemscope=\"itemscope\" itemtype=\"https:\/\/schema.org\/ImageObject\"  ><div class='avia-image-container-inner'><div class='avia-image-overlay-wrap'><img class='avia_image' src='https:\/\/www.cjvt.si\/promocija-sopomenk\/wp-content\/uploads\/sites\/13\/2018\/02\/znak_barvni_pravokoten-300x143.png' alt='' title='znak_barvni_pravokoten' height=\"143\" width=\"300\"  itemprop=\"thumbnailUrl\"  \/><\/div><\/div><\/div><br \/>\n<section class=\"av_textblock_section \"  itemscope=\"itemscope\" itemtype=\"https:\/\/schema.org\/CreativeWork\" ><div class='avia_textblock  '   itemprop=\"text\" ><p class=\"hyphenate\" style=\"text-align: justify\"><span style=\"color: #e92603\"><strong>Fakulteta za ra\u010dunalni\u0161tvo in informatiko<\/strong><\/span> (FRI) zagotavlja interdisciplinarno skupino strokovnjakov s skupnim interesom razvoja, raziskovanja in drugih dejavnosti pri opredeljenih nalogah CJVT. Glavni doprinos FRI pri projektu je razvoj inovativnih metod za procesiranje jezikovnih podatkov, ki ob\u010dutno zmanj\u0161ujejo \u010dasovni in finan\u010dni vlo\u017eek, potreben za pripravo jezikovnih virov in tehnologij. Uporabljene postopke kontinuirano izbolj\u0161ujemo, kar zagotavlja, da je avtomatski del podatkovne obdelave tudi za slovenski jezik vedno bolj\u0161i.<\/p>\n<\/div><\/section><\/p><\/div><\/div><!--close column table wrapper. Autoclose: 1 -->\n","protected":false},"excerpt":{"rendered":"excerpt","protected":false},"author":1,"featured_media":0,"parent":0,"menu_order":0,"comment_status":"closed","ping_status":"closed","template":"","meta":{"_acf_changed":false,"_relevanssi_hide_post":"","_relevanssi_hide_content":"","_relevanssi_pin_for_all":"","_relevanssi_pin_keywords":"","_relevanssi_unpin_keywords":"","_relevanssi_related_keywords":"","_relevanssi_related_include_ids":"","_relevanssi_related_exclude_ids":"","_relevanssi_related_no_append":"","_relevanssi_related_not_related":"","_relevanssi_related_posts":"","_relevanssi_noindex_reason":"","inline_featured_image":false,"episode_type":"","audio_file":"","cover_image":"","cover_image_id":"","duration":"","filesize":"","filesize_raw":"","date_recorded":"","explicit":"","block":"","footnotes":""},"class_list":["post-16","page","type-page","status-publish","hentry"],"acf":[],"yoast_head":"<!-- This site is optimized with the Yoast SEO plugin v26.9 - https:\/\/yoast.com\/product\/yoast-seo-wordpress\/ -->\n<title>Sodelavci - Promocija Sopomenk<\/title>\n<meta name=\"robots\" content=\"index, follow, max-snippet:-1, max-image-preview:large, max-video-preview:-1\" \/>\n<link rel=\"canonical\" href=\"https:\/\/www.cjvt.si\/promocija-sopomenk\/sodelavci\/\" \/>\n<meta property=\"og:locale\" content=\"sl_SI\" \/>\n<meta property=\"og:type\" content=\"article\" \/>\n<meta property=\"og:title\" content=\"Sodelavci - Promocija Sopomenk\" \/>\n<meta property=\"og:url\" content=\"https:\/\/www.cjvt.si\/promocija-sopomenk\/sodelavci\/\" \/>\n<meta property=\"og:site_name\" content=\"Promocija Sopomenk\" \/>\n<meta name=\"twitter:card\" content=\"summary_large_image\" \/>\n<meta name=\"twitter:label1\" content=\"Est. reading time\" \/>\n\t<meta name=\"twitter:data1\" content=\"7 minut\" \/>\n<script type=\"application\/ld+json\" class=\"yoast-schema-graph\">{\"@context\":\"https:\/\/schema.org\",\"@graph\":[{\"@type\":\"WebPage\",\"@id\":\"https:\/\/www.cjvt.si\/promocija-sopomenk\/sodelavci\/\",\"url\":\"https:\/\/www.cjvt.si\/promocija-sopomenk\/sodelavci\/\",\"name\":\"Sodelavci - Promocija Sopomenk\",\"isPartOf\":{\"@id\":\"https:\/\/www.cjvt.si\/promocija-sopomenk\/#website\"},\"datePublished\":\"2018-02-09T12:39:53+00:00\",\"breadcrumb\":{\"@id\":\"https:\/\/www.cjvt.si\/promocija-sopomenk\/sodelavci\/#breadcrumb\"},\"inLanguage\":\"sl-SI\",\"potentialAction\":[{\"@type\":\"ReadAction\",\"target\":[\"https:\/\/www.cjvt.si\/promocija-sopomenk\/sodelavci\/\"]}]},{\"@type\":\"BreadcrumbList\",\"@id\":\"https:\/\/www.cjvt.si\/promocija-sopomenk\/sodelavci\/#breadcrumb\",\"itemListElement\":[{\"@type\":\"ListItem\",\"position\":1,\"name\":\"Home\",\"item\":\"https:\/\/www.cjvt.si\/promocija-sopomenk\/\"},{\"@type\":\"ListItem\",\"position\":2,\"name\":\"Sodelavci\"}]},{\"@type\":\"WebSite\",\"@id\":\"https:\/\/www.cjvt.si\/promocija-sopomenk\/#website\",\"url\":\"https:\/\/www.cjvt.si\/promocija-sopomenk\/\",\"name\":\"Promocija Sopomenk\",\"description\":\"\",\"potentialAction\":[{\"@type\":\"SearchAction\",\"target\":{\"@type\":\"EntryPoint\",\"urlTemplate\":\"https:\/\/www.cjvt.si\/promocija-sopomenk\/?s={search_term_string}\"},\"query-input\":{\"@type\":\"PropertyValueSpecification\",\"valueRequired\":true,\"valueName\":\"search_term_string\"}}],\"inLanguage\":\"sl-SI\"}]}<\/script>\n<!-- \/ Yoast SEO plugin. -->","yoast_head_json":{"title":"Sodelavci - Promocija Sopomenk","robots":{"index":"index","follow":"follow","max-snippet":"max-snippet:-1","max-image-preview":"max-image-preview:large","max-video-preview":"max-video-preview:-1"},"canonical":"https:\/\/www.cjvt.si\/promocija-sopomenk\/sodelavci\/","og_locale":"sl_SI","og_type":"article","og_title":"Sodelavci - Promocija Sopomenk","og_url":"https:\/\/www.cjvt.si\/promocija-sopomenk\/sodelavci\/","og_site_name":"Promocija Sopomenk","twitter_card":"summary_large_image","twitter_misc":{"Est. reading time":"7 minut"},"schema":{"@context":"https:\/\/schema.org","@graph":[{"@type":"WebPage","@id":"https:\/\/www.cjvt.si\/promocija-sopomenk\/sodelavci\/","url":"https:\/\/www.cjvt.si\/promocija-sopomenk\/sodelavci\/","name":"Sodelavci - Promocija Sopomenk","isPartOf":{"@id":"https:\/\/www.cjvt.si\/promocija-sopomenk\/#website"},"datePublished":"2018-02-09T12:39:53+00:00","breadcrumb":{"@id":"https:\/\/www.cjvt.si\/promocija-sopomenk\/sodelavci\/#breadcrumb"},"inLanguage":"sl-SI","potentialAction":[{"@type":"ReadAction","target":["https:\/\/www.cjvt.si\/promocija-sopomenk\/sodelavci\/"]}]},{"@type":"BreadcrumbList","@id":"https:\/\/www.cjvt.si\/promocija-sopomenk\/sodelavci\/#breadcrumb","itemListElement":[{"@type":"ListItem","position":1,"name":"Home","item":"https:\/\/www.cjvt.si\/promocija-sopomenk\/"},{"@type":"ListItem","position":2,"name":"Sodelavci"}]},{"@type":"WebSite","@id":"https:\/\/www.cjvt.si\/promocija-sopomenk\/#website","url":"https:\/\/www.cjvt.si\/promocija-sopomenk\/","name":"Promocija Sopomenk","description":"","potentialAction":[{"@type":"SearchAction","target":{"@type":"EntryPoint","urlTemplate":"https:\/\/www.cjvt.si\/promocija-sopomenk\/?s={search_term_string}"},"query-input":{"@type":"PropertyValueSpecification","valueRequired":true,"valueName":"search_term_string"}}],"inLanguage":"sl-SI"}]}},"_links":{"self":[{"href":"https:\/\/www.cjvt.si\/promocija-sopomenk\/wp-json\/wp\/v2\/pages\/16","targetHints":{"allow":["GET"]}}],"collection":[{"href":"https:\/\/www.cjvt.si\/promocija-sopomenk\/wp-json\/wp\/v2\/pages"}],"about":[{"href":"https:\/\/www.cjvt.si\/promocija-sopomenk\/wp-json\/wp\/v2\/types\/page"}],"author":[{"embeddable":true,"href":"https:\/\/www.cjvt.si\/promocija-sopomenk\/wp-json\/wp\/v2\/users\/1"}],"replies":[{"embeddable":true,"href":"https:\/\/www.cjvt.si\/promocija-sopomenk\/wp-json\/wp\/v2\/comments?post=16"}],"version-history":[{"count":0,"href":"https:\/\/www.cjvt.si\/promocija-sopomenk\/wp-json\/wp\/v2\/pages\/16\/revisions"}],"wp:attachment":[{"href":"https:\/\/www.cjvt.si\/promocija-sopomenk\/wp-json\/wp\/v2\/media?parent=16"}],"curies":[{"name":"wp","href":"https:\/\/api.w.org\/{rel}","templated":true}]}}