{"id":362,"date":"2018-02-28T21:00:32","date_gmt":"2018-02-28T20:00:32","guid":{"rendered":"http:\/\/www.cjvt.si\/promocija-sopomenk\/?page_id=362"},"modified":"2018-02-28T21:00:32","modified_gmt":"2018-02-28T20:00:32","slug":"projekt","status":"publish","type":"page","link":"https:\/\/www.cjvt.si\/promocija-sopomenk\/projekt\/","title":{"rendered":"O projektu"},"content":{"rendered":"<div class=\"flex_column av_one_full  flex_column_div av-zero-column-padding first  avia-builder-el-0  avia-builder-el-no-sibling  \" style='border-radius:0px; '><p><div  style='padding-bottom:10px; color:#e92603;' class='av-special-heading av-special-heading-h3 custom-color-heading   avia-builder-el-1  el_before_av_textblock  avia-builder-el-first  '><h3 class='av-special-heading-tag '  itemprop=\"headline\"  >Projektni okvir<\/h3><div class='special-heading-border'><div class='special-heading-inner-border' style='border-color:#e92603'><\/div><\/div><\/div><br \/>\n<section class=\"av_textblock_section \"  itemscope=\"itemscope\" itemtype=\"https:\/\/schema.org\/CreativeWork\" ><div class='avia_textblock  '   itemprop=\"text\" ><p style=\"text-align: justify\">Na Centru za jezikovne vire in tehnologije Univerze v Ljubljani je v soizvedbi Fakultete za ra\u010dunalni\u0161tvo in informatiko nastal nov jezikovni vir: Slovar sopomenk sodobne sloven\u0161\u010dine. Gre za najobse\u017enej\u0161o prosto dostopno avtomatsko generirano spletno zbirko sopomenk za sloven\u0161\u010dino, ki uvaja nov tip jezikovnega vira: odzivni slovar. Ta je v izhodi\u0161\u010du pripravljen z naprednimi avtomatskimi metodami, nadaljnji razvoj pa poteka odprto javnosti in v sodelovanju z zainteresirano uporabni\u0161ko skupnostjo.<\/p>\n<p style=\"text-align: justify\">Potreba po enostavno dostopnih in sodobnih sopomenskih informacijah za sloven\u0161\u010dino je bila identificirana kot ena najbolj akutnih za razli\u010dne skupine uporabnikov (Arhar Holdt idr. 2016a, Arhar Holdt idr. 2015, \u010cibej idr. 2015a, Rozman idr. 2015, Mikoli\u010d 2015), npr. za prevajalsko skupnost, profesionalne in polprofesionalne pisce besedil (novinarji, literati, znanstveniki, blogerji), lektorje, osnovno\u0161olske in srednje\u0161olske u\u010ditelje jezikovnih predmetov ter u\u010ditelje sloven\u0161\u010dine kot drugega ali tujega jezika. Slovar sopomenk sodobne sloven\u0161\u010dine kot prosto dostopen jezikovni vir zapolnjuje identificirano vrzel, a je zaradi svoje novosti med potencialnimi uporabniki \u0161e povsem neznan. Prav tako niso poznane prednosti in omejitve odzivnih slovarjev in mo\u017enosti za uporabni\u0161ko vklju\u010devanje v razvoj vira.<\/p>\n<\/div><\/section><br \/>\n<div  style='padding-bottom:10px; color:#e92603;' class='av-special-heading av-special-heading-h3 custom-color-heading   avia-builder-el-3  el_after_av_textblock  el_before_av_textblock  '><h3 class='av-special-heading-tag '  itemprop=\"headline\"  >Namen projekta<\/h3><div class='special-heading-border'><div class='special-heading-inner-border' style='border-color:#e92603'><\/div><\/div><\/div><br \/>\n<section class=\"av_textblock_section \"  itemscope=\"itemscope\" itemtype=\"https:\/\/schema.org\/CreativeWork\" ><div class='avia_textblock  '   itemprop=\"text\" ><p style=\"text-align: justify\">V projektu na\u010drtujemo vrsto promocijskih aktivnosti, da bi:<\/p>\n<ul style=\"text-align: justify\">\n<li>Slovar sopomenk sodobne sloven\u0161\u010dine predstavili karseda \u0161irokemu naboru potencialnih uporabnikov (s posebnim poudarkom na uporabni\u0161kih skupinah, ki sopomenske podatke pri svojem delu najbolj potrebujejo),<\/li>\n<li>\u0161ir\u0161i javnosti predstavili vrednost sopomenskih informacij in obenem konkretne primere uporabe teh informacij za re\u0161evanje jezikovnih vpra\u0161anj,<\/li>\n<li>seznanili potencialne uporabnike s konceptom odzivnega slovarja, njegovimi prednostmi in omejitvami ter mo\u017enostmi za sooblikovanje sodelujo\u010de uporabni\u0161ke skupnosti,<\/li>\n<li>omogo\u010dili uporabnikom aktivno udele\u017ebo pri slovarskem razvoju in jih za sodelovanje prek dalj\u0161ega \u010dasovnega obdobja tudi motivirati,<\/li>\n<li>spodbudili razumevanje slovarja kot vir, ki nastaja iz skupnosti za skupnost, kar ume\u0161\u010da pripravo in rabo slovarjev v spro\u0161\u010den, sodoben, demokrati\u010den, izrazito uporabno(i\u0161k)o naravnan kontekst,<\/li>\n<li>ozave\u0161\u010dali uporabnike, kako pomembni so jezikovnii viri in tehnologije za jezikovno skupnost in kako pomembno vlogo ima uporabni\u0161ka povratna informacija za njihov razvoj.<\/li>\n<\/ul>\n<\/div><\/section><br \/>\n<div  style='padding-bottom:10px; color:#e92603;' class='av-special-heading av-special-heading-h3 custom-color-heading   avia-builder-el-5  el_after_av_textblock  el_before_av_textblock  '><h3 class='av-special-heading-tag '  itemprop=\"headline\"  >Delovni sklopi<\/h3><div class='special-heading-border'><div class='special-heading-inner-border' style='border-color:#e92603'><\/div><\/div><\/div><br \/>\n<section class=\"av_textblock_section \"  itemscope=\"itemscope\" itemtype=\"https:\/\/schema.org\/CreativeWork\" ><div class='avia_textblock  '   itemprop=\"text\" ><p style=\"text-align: justify\"><strong>Sklop 1: Diseminacija slovarja v \u0161ir\u0161i javnosti<\/strong><\/p>\n<p style=\"text-align: justify\">Slovar sopomenk sodobne sloven\u0161\u010dine je zasnovan kot digitalni vir, ki predvideva sodelovanje skupnosti v digitalnem okolju, zato bo tudi velik del diseminacije potekal v digitalnem okolju, poskrbeli pa bomo tudi za diseminacijo med potencialnimi uporabniki, ki ostajajo zunaj digitalnega promocijskega dometa.<\/p>\n<p style=\"text-align: justify\">Cilji sklopa 1 so naslednji:<\/p>\n<ul style=\"text-align: justify\">\n<li>pripraviti iz\u010drpen seznam za obve\u0161\u010danje javnosti v digitalnem svetu in\u00a0o obstoju slovarja obvestiti vse ciljne uporabni\u0161ke skupine,<\/li>\n<li>pripraviti in diseminirati tiskano promocijsko gradivo za uporabnike, ki ostajajo zunaj digitalnega dometa (zlo\u017eenke, plakati, knji\u017ena kazala),<\/li>\n<li>z upo\u0161tevanjem interesa javnosti izvesti deset diseminacijskih dogodkov za predstavitev slovarja \u0161ir\u0161i javnosti in ciljnim uporabni\u0161kim skupinam.<\/li>\n<\/ul>\n<p style=\"text-align: justify\"><strong>Sklop 2: Multimedijska gradiva na spletu<\/strong><\/p>\n<p style=\"text-align: justify\">Posnetki diseminacijskih izobra\u017eevalnih dogodkov in promocijskih poddaj bodo na voljo v spletni knji\u017enici na projektni strani,\u00a0s \u010dimer bo omogo\u010dena njihova nadaljnja raba v samoizobra\u017eevalne namene.<\/p>\n<p style=\"text-align: justify\">Cilji sklopa 2 so naslednji:<\/p>\n<ul style=\"text-align: justify\">\n<li>pripraviti predstavitev slovarja na Portalu jezikovnih virov in z obstoje\u010do infrastrukturo seznaniti javnost z mo\u017enostmi uporabe slovarja,<\/li>\n<li>pripraviti spletno stran s posnetki izvedenih dogodkov s poudarkom na \u010dimbolj\u0161o dostopnost razli\u010dnim skupinam jezikovnih uporabnikov,<\/li>\n<li>posneti, objaviti in diseminirati serijo desetih promocijskih poddaj, v katerih bodo svojo izku\u0161njo s slovarjem predstavili tudi predstavniki uporabni\u0161ke skupnosti.<\/li>\n<\/ul>\n<p style=\"text-align: justify\"><strong>Sklop 3: Napredno spremljanje uporabni\u0161kih odzivov in vklju\u010devanja<\/strong><\/p>\n<p style=\"text-align: justify\">V projektu bomo razvili postopke za spremljanje uporabni\u0161kih odzivov na spletu ter metode za napredno bele\u017eenje uporabni\u0161kih aktivnosti v slovarskem vmesniku. Pridobljene informacije bodo upo\u0161tevane pri nadaljnjem razvoju Sopomenk. S tem javnosti ne bomo le enostransko informirali o izdelku, temve\u010d bo njihov doprinos bele\u017een in upo\u0161tevan \u017ee od samega za\u010detka slovarskega razvoja, o uporabni\u0161kem doprinosu pa bo javnost tudi sproti obve\u0161\u010dana. V skladu s konceptom odzivnosti, ki ga slovar uvaja, se bo vloga uporabnika spremenila iz prete\u017eno pasivnega opazovalca slovaropisnega rezultata v aktivnega \u010dlana jezikovne\/uporabni\u0161ke skupnosti.<\/p>\n<p style=\"text-align: justify\">Cilja sklopa 3 sta naslednja:<\/p>\n<ul style=\"text-align: justify\">\n<li>pripraviti program za spremljanje uporabni\u0161kih odzivov na spletu, analizirati povratne informacije in na njihovi podlagi pripraviti na\u010drt za nadaljnji razvoj slovarja,<\/li>\n<li>pripraviti sistem za spremljanje uporabni\u0161kega vklju\u010devanja in slovarske rabe, vgraditi uporabni\u0161ke informacije v razvojni krog slovarja in obve\u0161\u010dati javnost o uporabni\u0161kem doprinosu.<\/li>\n<\/ul>\n<p style=\"text-align: justify\"><strong>Sklop 4: Dolgoro\u010dno motiviranje uporabnikov za sodelovanje<\/strong><\/p>\n<p style=\"text-align: justify\">Klju\u010dni del projekta je skrb za dolgoro\u010dno motiviranje uporabnikov za sodelovanje in slovarsko rabo. Uporabnikom je zato treba zagotoviti udoben in stalen dostop do slovarskega vmesnika in vseh sodelovalnih mo\u017enosti, ki jih ponuja. V tem sklopu bomo optimizirali vmesnik za rabo na tablicah in pametnih telefonih, vanj pa bomo vklju\u010dili tudi dodatne motivacijske elemente za sodelovanje in slovarsko rabo. Upo\u0161tevali bomo \u017eelje ciljnih uporabni\u0161kih skupin, ki bodo identificirane v predhodnih korakih projekta, kot tudi raziskovalnim spoznanjem s podro\u010dja mno\u017ei\u010denja in igrifikacije v povezavi z izobra\u017eevanjem in gradnjo jezikovne infrastrukture (\u010cibej idr. 2015b, Fi\u0161er in \u010cibej 2015).<\/p>\n<p style=\"text-align: justify\">Cilja sklopa 4 sta naslednja:<\/p>\n<ul style=\"text-align: justify\">\n<li>izbolj\u0161ati vmesnik glede na uporabni\u0161ko povratno informacijo, da se omogo\u010di uporabniku prijaznej\u0161a oz. udobnej\u0161a raba slovarja na tablicah in pametnih telefonih,<\/li>\n<li>identificirati in vklju\u010diti motivacijske elemente, ki bodo uporabnike dolgoro\u010dno pritegnili k sodelovanju, ki bo zanje zanimivej\u0161e in zabavnej\u0161e.<\/li>\n<\/ul>\n<\/div><\/section><\/p><\/div>\n","protected":false},"excerpt":{"rendered":"excerpt","protected":false},"author":1,"featured_media":0,"parent":0,"menu_order":0,"comment_status":"closed","ping_status":"closed","template":"","meta":{"_acf_changed":false,"_relevanssi_hide_post":"","_relevanssi_hide_content":"","_relevanssi_pin_for_all":"","_relevanssi_pin_keywords":"","_relevanssi_unpin_keywords":"","_relevanssi_related_keywords":"","_relevanssi_related_include_ids":"","_relevanssi_related_exclude_ids":"","_relevanssi_related_no_append":"","_relevanssi_related_not_related":"","_relevanssi_related_posts":"","_relevanssi_noindex_reason":"","inline_featured_image":false,"episode_type":"","audio_file":"","cover_image":"","cover_image_id":"","duration":"","filesize":"","filesize_raw":"","date_recorded":"","explicit":"","block":"","footnotes":""},"class_list":["post-362","page","type-page","status-publish","hentry"],"acf":[],"yoast_head":"<!-- This site is optimized with the Yoast SEO plugin v26.9 - https:\/\/yoast.com\/product\/yoast-seo-wordpress\/ -->\n<title>O projektu - Promocija Sopomenk<\/title>\n<meta name=\"robots\" content=\"index, follow, max-snippet:-1, max-image-preview:large, max-video-preview:-1\" \/>\n<link rel=\"canonical\" href=\"https:\/\/www.cjvt.si\/promocija-sopomenk\/projekt\/\" \/>\n<meta property=\"og:locale\" content=\"sl_SI\" \/>\n<meta property=\"og:type\" content=\"article\" \/>\n<meta property=\"og:title\" content=\"O projektu - Promocija Sopomenk\" \/>\n<meta property=\"og:url\" content=\"https:\/\/www.cjvt.si\/promocija-sopomenk\/projekt\/\" \/>\n<meta property=\"og:site_name\" content=\"Promocija Sopomenk\" \/>\n<meta name=\"twitter:card\" content=\"summary_large_image\" \/>\n<meta name=\"twitter:label1\" content=\"Est. reading time\" \/>\n\t<meta name=\"twitter:data1\" content=\"5 minut\" \/>\n<script type=\"application\/ld+json\" class=\"yoast-schema-graph\">{\"@context\":\"https:\/\/schema.org\",\"@graph\":[{\"@type\":\"WebPage\",\"@id\":\"https:\/\/www.cjvt.si\/promocija-sopomenk\/projekt\/\",\"url\":\"https:\/\/www.cjvt.si\/promocija-sopomenk\/projekt\/\",\"name\":\"O projektu - Promocija Sopomenk\",\"isPartOf\":{\"@id\":\"https:\/\/www.cjvt.si\/promocija-sopomenk\/#website\"},\"datePublished\":\"2018-02-28T20:00:32+00:00\",\"breadcrumb\":{\"@id\":\"https:\/\/www.cjvt.si\/promocija-sopomenk\/projekt\/#breadcrumb\"},\"inLanguage\":\"sl-SI\",\"potentialAction\":[{\"@type\":\"ReadAction\",\"target\":[\"https:\/\/www.cjvt.si\/promocija-sopomenk\/projekt\/\"]}]},{\"@type\":\"BreadcrumbList\",\"@id\":\"https:\/\/www.cjvt.si\/promocija-sopomenk\/projekt\/#breadcrumb\",\"itemListElement\":[{\"@type\":\"ListItem\",\"position\":1,\"name\":\"Home\",\"item\":\"https:\/\/www.cjvt.si\/promocija-sopomenk\/\"},{\"@type\":\"ListItem\",\"position\":2,\"name\":\"O projektu\"}]},{\"@type\":\"WebSite\",\"@id\":\"https:\/\/www.cjvt.si\/promocija-sopomenk\/#website\",\"url\":\"https:\/\/www.cjvt.si\/promocija-sopomenk\/\",\"name\":\"Promocija Sopomenk\",\"description\":\"\",\"potentialAction\":[{\"@type\":\"SearchAction\",\"target\":{\"@type\":\"EntryPoint\",\"urlTemplate\":\"https:\/\/www.cjvt.si\/promocija-sopomenk\/?s={search_term_string}\"},\"query-input\":{\"@type\":\"PropertyValueSpecification\",\"valueRequired\":true,\"valueName\":\"search_term_string\"}}],\"inLanguage\":\"sl-SI\"}]}<\/script>\n<!-- \/ Yoast SEO plugin. -->","yoast_head_json":{"title":"O projektu - Promocija Sopomenk","robots":{"index":"index","follow":"follow","max-snippet":"max-snippet:-1","max-image-preview":"max-image-preview:large","max-video-preview":"max-video-preview:-1"},"canonical":"https:\/\/www.cjvt.si\/promocija-sopomenk\/projekt\/","og_locale":"sl_SI","og_type":"article","og_title":"O projektu - Promocija Sopomenk","og_url":"https:\/\/www.cjvt.si\/promocija-sopomenk\/projekt\/","og_site_name":"Promocija Sopomenk","twitter_card":"summary_large_image","twitter_misc":{"Est. reading time":"5 minut"},"schema":{"@context":"https:\/\/schema.org","@graph":[{"@type":"WebPage","@id":"https:\/\/www.cjvt.si\/promocija-sopomenk\/projekt\/","url":"https:\/\/www.cjvt.si\/promocija-sopomenk\/projekt\/","name":"O projektu - Promocija Sopomenk","isPartOf":{"@id":"https:\/\/www.cjvt.si\/promocija-sopomenk\/#website"},"datePublished":"2018-02-28T20:00:32+00:00","breadcrumb":{"@id":"https:\/\/www.cjvt.si\/promocija-sopomenk\/projekt\/#breadcrumb"},"inLanguage":"sl-SI","potentialAction":[{"@type":"ReadAction","target":["https:\/\/www.cjvt.si\/promocija-sopomenk\/projekt\/"]}]},{"@type":"BreadcrumbList","@id":"https:\/\/www.cjvt.si\/promocija-sopomenk\/projekt\/#breadcrumb","itemListElement":[{"@type":"ListItem","position":1,"name":"Home","item":"https:\/\/www.cjvt.si\/promocija-sopomenk\/"},{"@type":"ListItem","position":2,"name":"O projektu"}]},{"@type":"WebSite","@id":"https:\/\/www.cjvt.si\/promocija-sopomenk\/#website","url":"https:\/\/www.cjvt.si\/promocija-sopomenk\/","name":"Promocija Sopomenk","description":"","potentialAction":[{"@type":"SearchAction","target":{"@type":"EntryPoint","urlTemplate":"https:\/\/www.cjvt.si\/promocija-sopomenk\/?s={search_term_string}"},"query-input":{"@type":"PropertyValueSpecification","valueRequired":true,"valueName":"search_term_string"}}],"inLanguage":"sl-SI"}]}},"_links":{"self":[{"href":"https:\/\/www.cjvt.si\/promocija-sopomenk\/wp-json\/wp\/v2\/pages\/362","targetHints":{"allow":["GET"]}}],"collection":[{"href":"https:\/\/www.cjvt.si\/promocija-sopomenk\/wp-json\/wp\/v2\/pages"}],"about":[{"href":"https:\/\/www.cjvt.si\/promocija-sopomenk\/wp-json\/wp\/v2\/types\/page"}],"author":[{"embeddable":true,"href":"https:\/\/www.cjvt.si\/promocija-sopomenk\/wp-json\/wp\/v2\/users\/1"}],"replies":[{"embeddable":true,"href":"https:\/\/www.cjvt.si\/promocija-sopomenk\/wp-json\/wp\/v2\/comments?post=362"}],"version-history":[{"count":0,"href":"https:\/\/www.cjvt.si\/promocija-sopomenk\/wp-json\/wp\/v2\/pages\/362\/revisions"}],"wp:attachment":[{"href":"https:\/\/www.cjvt.si\/promocija-sopomenk\/wp-json\/wp\/v2\/media?parent=362"}],"curies":[{"name":"wp","href":"https:\/\/api.w.org\/{rel}","templated":true}]}}