{"id":965,"date":"2020-03-31T22:50:05","date_gmt":"2020-03-31T20:50:05","guid":{"rendered":"https:\/\/www.cjvt.starkmat.si\/raba-slovarjev\/team\/"},"modified":"2020-05-11T15:32:50","modified_gmt":"2020-05-11T13:32:50","slug":"team","status":"publish","type":"page","link":"https:\/\/www.cjvt.si\/raba-slovarjev\/en\/team\/","title":{"rendered":"Collaborators"},"content":{"rendered":"<div class=\"flex_column av_one_full  flex_column_div av-zero-column-padding first  avia-builder-el-0  el_before_av_hr  avia-builder-el-first  \" style='border-radius:0px; '><section class=\"av_textblock_section \"  itemscope=\"itemscope\" itemtype=\"https:\/\/schema.org\/CreativeWork\" ><div class='avia_textblock  '   itemprop=\"text\" ><h1>Collaborators<\/h1>\n<\/div><\/section><\/div>\n<div   class='hr hr-short hr-left   avia-builder-el-2  el_after_av_one_full  el_before_av_one_full '><span class='hr-inner ' ><span class='hr-inner-style'><\/span><\/span><\/div>\n<div class=\"flex_column av_one_full  no_margin flex_column_div av-zero-column-padding first  avia-builder-el-3  el_after_av_hr  el_before_av_one_full  \" style='margin-top:0px; margin-bottom:20px; border-radius:0px; '><section class=\"av_textblock_section \"  itemscope=\"itemscope\" itemtype=\"https:\/\/schema.org\/CreativeWork\" ><div class='avia_textblock  '   itemprop=\"text\" ><h4>Core research team<\/h4>\n<\/div><\/section><br \/>\n<section class=\"av_textblock_section \"  itemscope=\"itemscope\" itemtype=\"https:\/\/schema.org\/CreativeWork\" ><div class='avia_textblock  '   itemprop=\"text\" ><ul>\n<li><strong>Iztok Kosem (Faculty of Arts, University of Ljubljana; Centre for Applied Studies, Trojina Institute)<\/strong><\/li>\n<li>Carolin M\u00fcller-Spitzer (Institut f\u00fcr Deutsche Sprache)<\/li>\n<li>Robert Lew (Adam Mickiewicz University)<\/li>\n<li>Sascha Wolfer (Institut f\u00fcr Deutsche Sprache)<\/li>\n<\/ul>\n<\/div><\/section><\/p><\/div><div class=\"flex_column av_one_full  no_margin flex_column_div av-zero-column-padding first  avia-builder-el-6  el_after_av_one_full  avia-builder-el-last  column-top-margin\" style='margin-top:0px; margin-bottom:20px; border-radius:0px; '><section class=\"av_textblock_section \"  itemscope=\"itemscope\" itemtype=\"https:\/\/schema.org\/CreativeWork\" ><div class='avia_textblock  '   itemprop=\"text\" ><h4>Coordinators for each participating country<\/h4>\n<\/div><\/section><br \/>\n<section class=\"av_textblock_section \"  itemscope=\"itemscope\" itemtype=\"https:\/\/schema.org\/CreativeWork\" ><div class='avia_textblock  '   itemprop=\"text\" ><ul>\n<li><strong>Austria:<\/strong>\u00a0Amelie Dom (Austrian Academy of Sciences)<\/li>\n<li><strong>Basque Country:<\/strong>\u00a0Igor Leturia, Antton Guruxhaga, Klara Ceberio (<span data-sheets-value=\"{&quot;1&quot;:2,&quot;2&quot;:&quot;Elhuyar Foundation&quot;}\" data-sheets-userformat=\"{&quot;2&quot;:513,&quot;3&quot;:{&quot;1&quot;:0},&quot;12&quot;:0}\">Elhuyar Foundation<\/span>)<\/li>\n<li><strong>Belgium:<\/strong>\u00a0Marie-Aude Lefer, Dirk Geeraerts (<span data-sheets-value=\"{&quot;1&quot;:2,&quot;2&quot;:&quot;KU Leuven&quot;}\" data-sheets-userformat=\"{&quot;2&quot;:513,&quot;3&quot;:{&quot;1&quot;:0},&quot;12&quot;:0}\">KU Leuven<\/span>)<\/li>\n<li><strong>Croatia:\u00a0<\/strong>Kristina \u0160trkalj Despot, Tomislav Stojanov, Nikola Ljube\u0161i\u0107 (<span data-sheets-value=\"{&quot;1&quot;:2,&quot;2&quot;:&quot;Institute of Croatian Language and Linguistics&quot;}\" data-sheets-userformat=\"{&quot;2&quot;:513,&quot;3&quot;:{&quot;1&quot;:0},&quot;12&quot;:0}\">Institute of Croatian Language and Linguistics<\/span>)<\/li>\n<li><strong>Czech Republich:<\/strong>\u00a0Michal \u0160krabal (<span data-sheets-value=\"{&quot;1&quot;:2,&quot;2&quot;:&quot;The Institute of the Czech National Corpus (ICNC), Charles university&quot;}\" data-sheets-userformat=\"{&quot;2&quot;:513,&quot;3&quot;:{&quot;1&quot;:0},&quot;12&quot;:0}\">The Institute of the Czech National Corpus (ICNC), Charles University<\/span>)<\/li>\n<li><strong>Denmark:\u00a0<\/strong>Henrik Lorentzen, Lars Trap-Jensen (<span data-sheets-value=\"{&quot;1&quot;:2,&quot;2&quot;:&quot;Society for Danish Language and Literature&quot;}\" data-sheets-userformat=\"{&quot;2&quot;:6659,&quot;3&quot;:{&quot;1&quot;:0},&quot;4&quot;:{&quot;1&quot;:2,&quot;2&quot;:16777215},&quot;12&quot;:0,&quot;14&quot;:{&quot;1&quot;:2,&quot;2&quot;:0},&quot;15&quot;:&quot;arial, sans, sans-serif&quot;}\">Society for Danish Language and Literature<\/span>)<\/li>\n<li><strong>Estonia:\u00a0<\/strong>Jelena Kallas, Kristina Koppel, Maria Tuulik (<span data-sheets-value=\"{&quot;1&quot;:2,&quot;2&quot;:&quot;Institute of the Estonian Language&quot;}\" data-sheets-userformat=\"{&quot;2&quot;:6659,&quot;3&quot;:{&quot;1&quot;:0},&quot;4&quot;:{&quot;1&quot;:2,&quot;2&quot;:16777215},&quot;12&quot;:0,&quot;14&quot;:{&quot;1&quot;:2,&quot;2&quot;:0},&quot;15&quot;:&quot;arial, sans, sans-serif&quot;}\">Institute of the Estonian Language<\/span>)<\/li>\n<li><strong>Finland:<\/strong>\u00a0Tarja Heinonen (<span data-sheets-value=\"{&quot;1&quot;:2,&quot;2&quot;:&quot;Institute for the Languages of Finland&quot;}\" data-sheets-userformat=\"{&quot;2&quot;:513,&quot;3&quot;:{&quot;1&quot;:0},&quot;12&quot;:0}\">Institute for the Languages of Finland<\/span>)<\/li>\n<li><strong>France:\u00a0<\/strong>Izabella Thomas (<span data-sheets-value=\"{&quot;1&quot;:2,&quot;2&quot;:&quot;Franche-Comtu00e9, Centre de recherche en linguistique et traitement automatique des langues Lucien Tesniu00e8re&quot;}\" data-sheets-userformat=\"{&quot;2&quot;:513,&quot;3&quot;:{&quot;1&quot;:0},&quot;12&quot;:0}\">Centre de recherche en linguistique et traitement automatique des langues Lucien Tesni\u00e8re<\/span>)<\/li>\n<li><strong>Georgia:\u00a0<\/strong>Tinatin Margilitadze (<span data-sheets-value=\"{&quot;1&quot;:2,&quot;2&quot;:&quot;Ivanu00e9 Javakhishvili Tbilisi State University&quot;}\" data-sheets-userformat=\"{&quot;2&quot;:513,&quot;3&quot;:{&quot;1&quot;:0},&quot;12&quot;:0}\">Ivan\u00e9 Javakhishvili Tbilisi State University<\/span>)<\/li>\n<li><strong>Germany:\u00a0<\/strong>Maria Ribeiro Silveira (Institut f\u00fcr Deutsche Sprache)<\/li>\n<li><strong>Greece:\u00a0<\/strong>Stella Markantonatou, Voula Giouli (<span data-sheets-value=\"{&quot;1&quot;:2,&quot;2&quot;:&quot;Institute for Language and Speech Processing, Athena Research Center&quot;}\" data-sheets-userformat=\"{&quot;2&quot;:513,&quot;3&quot;:{&quot;1&quot;:0},&quot;12&quot;:0}\">Institute for Language and Speech Processing, Athena Research Center<\/span>)<\/li>\n<li><strong>Hungary:\u00a0<\/strong>D\u00f3ra P\u00f6d\u00f6r (<span data-sheets-value=\"{&quot;1&quot;:2,&quot;2&quot;:&quot;Faculty of Humanities, Ku00e1roli Gu00e1spu00e1r University of the Reformed Church in Hungary&quot;}\" data-sheets-userformat=\"{&quot;2&quot;:512,&quot;12&quot;:0}\">Faculty of Humanities, K\u00e1roli G\u00e1sp\u00e1r University of the Reformed Church in Hungary<\/span>)<\/li>\n<li><strong>Iceland:\u00a0<\/strong>Halldora Jonsdottir, Thordis Ulfrarsdottir (<span data-sheets-value=\"{&quot;1&quot;:2,&quot;2&quot;:&quot;The u00c1rni Magnu00fasson Institute for Icelandic Studies&quot;}\" data-sheets-userformat=\"{&quot;2&quot;:513,&quot;3&quot;:{&quot;1&quot;:0},&quot;12&quot;:0}\">The \u00c1rni Magn\u00fasson Institute for Icelandic Studies<\/span>)<\/li>\n<li><strong>Ireland:\u00a0<\/strong>Chris Mulhall (<span data-sheets-value=\"{&quot;1&quot;:2,&quot;2&quot;:&quot;Waterford Institute of Technology&quot;}\" data-sheets-userformat=\"{&quot;2&quot;:513,&quot;3&quot;:{&quot;1&quot;:0},&quot;12&quot;:0}\">Waterford Institute of Technology<\/span>)<\/li>\n<li><strong>Israel:\u00a0<\/strong>Ilan Kernerman, Noam Ordan, Yifat Ben-Moshe (KDictionaries)<\/li>\n<li><strong>Italy:<\/strong>\u00a0Andrea Abel (<span data-sheets-value=\"{&quot;1&quot;:2,&quot;2&quot;:&quot;EURAC, Bolzano&quot;}\" data-sheets-userformat=\"{&quot;2&quot;:513,&quot;3&quot;:{&quot;1&quot;:0},&quot;12&quot;:0}\">EURAC, Bolzano<\/span>), Martina Nied (<span data-sheets-value=\"{&quot;1&quot;:2,&quot;2&quot;:&quot;Universitu00e0 degli Studi Roma Tre&quot;}\" data-sheets-userformat=\"{&quot;2&quot;:513,&quot;3&quot;:{&quot;1&quot;:0},&quot;12&quot;:0}\">Universit\u00e0 degli Studi Roma Tre<\/span>)<\/li>\n<li><strong>Latvia:\u00a0<\/strong>Ilga Migla (<span data-sheets-value=\"{&quot;1&quot;:2,&quot;2&quot;:&quot;Institute of Latvian Language, University of Latvia&quot;}\" data-sheets-userformat=\"{&quot;2&quot;:513,&quot;3&quot;:{&quot;1&quot;:0},&quot;12&quot;:0}\">Institute of Latvian Language, University of Latvia<\/span>)<\/li>\n<li><strong>fYR Macedonia:\u00a0<\/strong>Lidija Tanturovska, Biljana Nikovska (<span data-sheets-value=\"{&quot;1&quot;:2,&quot;2&quot;:&quot;Sts. Cyril and Methodius University, Institutu0435 for Macedonian Language &quot;Krste Misirkov&quot;&quot;}\" data-sheets-userformat=\"{&quot;2&quot;:513,&quot;3&quot;:{&quot;1&quot;:0},&quot;12&quot;:0}\">Sts. Cyril and Methodius University, Institut\u0435 for Macedonian Language &#8220;Krste Misirkov&#8221;<\/span>)<\/li>\n<li><strong>Netherlands:\u00a0<\/strong>Carole Tiberius (<span data-sheets-value=\"{&quot;1&quot;:2,&quot;2&quot;:&quot;Dutch Language Institute&quot;}\" data-sheets-userformat=\"{&quot;2&quot;:513,&quot;3&quot;:{&quot;1&quot;:0},&quot;12&quot;:0}\">Dutch Language Institute<\/span>)<strong><br \/>\n<\/strong><\/li>\n<li><strong>Norway<\/strong>: Oddrun Gronvik, Marit Hovdenak, Sturla Berg-Olsen, Christian-Emil Smith Ore (<span data-sheets-value=\"{&quot;1&quot;:2,&quot;2&quot;:&quot;University of Oslo&quot;}\" data-sheets-userformat=\"{&quot;2&quot;:512,&quot;12&quot;:0}\">University of Oslo<\/span>)<\/li>\n<li><strong>Poland:\u00a0<\/strong>Monika Biesaga (<span data-sheets-value=\"{&quot;1&quot;:2,&quot;2&quot;:&quot;Instytut Ju0119zyka Polskiego PAN&quot;}\" data-sheets-userformat=\"{&quot;2&quot;:513,&quot;3&quot;:{&quot;1&quot;:0},&quot;12&quot;:0}\">Instytut J\u0119zyka Polskiego PAN<\/span>)<\/li>\n<li><strong>Portugal:\u00a0<\/strong>Jo\u00e3o Paulo Silvestre (<span data-sheets-value=\"{&quot;1&quot;:2,&quot;2&quot;:&quot;King's College London&quot;}\" data-sheets-userformat=\"{&quot;2&quot;:512,&quot;12&quot;:0}\">King&#8217;s College London<\/span>), Tanara Zingano Kuhn (<span data-sheets-value=\"{&quot;1&quot;:2,&quot;2&quot;:&quot;CELGA-ILTEC - Centre for Studies of General and Applied Linguistics; CAPES-Coordination for the Improvement of Higher Education Personnel, Brazil&quot;}\" data-sheets-userformat=\"{&quot;2&quot;:513,&quot;3&quot;:{&quot;1&quot;:0},&quot;12&quot;:0}\">CELGA-ILTEC &#8211; Centre for Studies of General and Applied Linguistics; CAPES-Coordination for the Improvement of Higher Education Personnel, Brazil<\/span>)<\/li>\n<li><strong>Romania:<\/strong>\u00a0Elena Tamba, Marius-Radu Clim, Gabriela Haja, Madalin-Ionel Patrascu (<span data-sheets-value=\"{&quot;1&quot;:2,&quot;2&quot;:&quot;Romanian Academy&quot;}\" data-sheets-userformat=\"{&quot;2&quot;:6659,&quot;3&quot;:{&quot;1&quot;:0},&quot;4&quot;:{&quot;1&quot;:2,&quot;2&quot;:16777215},&quot;12&quot;:0,&quot;14&quot;:{&quot;1&quot;:2,&quot;2&quot;:0},&quot;15&quot;:&quot;arial, sans, sans-serif&quot;}\">Romanian Academy<\/span>)<\/li>\n<li><strong>Serbia:<\/strong>\u00a0Toma Tasovac, Sne\u017eana Petrovi\u0107 (<span data-sheets-value=\"{&quot;1&quot;:2,&quot;2&quot;:&quot;Serbian Language Institute SASA&quot;}\" data-sheets-userformat=\"{&quot;2&quot;:513,&quot;3&quot;:{&quot;1&quot;:0},&quot;12&quot;:0}\">Serbian Language Institute SASA<\/span>)<\/li>\n<li><strong>Slovenia:\u00a0<\/strong>\u0160pela Arhar Holdt (CJVT, University of Ljubljana; Centre for Applied Studies, Trojina Institute)<\/li>\n<li><strong>Spain:<\/strong>\u00a0Carlos Valcarcel Riveiro (<span data-sheets-value=\"{&quot;1&quot;:2,&quot;2&quot;:&quot;Universidade de Santiago de Compostela&quot;}\" data-sheets-userformat=\"{&quot;2&quot;:513,&quot;3&quot;:{&quot;1&quot;:0},&quot;12&quot;:0}\">Universidade de Santiago de Compostela<\/span>), Mar\u00eda Jos\u00e9 Dom\u00ednguez V\u00e1zquez (<span data-sheets-value=\"{&quot;1&quot;:2,&quot;2&quot;:&quot;Universidade de Vigo&quot;}\" data-sheets-userformat=\"{&quot;2&quot;:6659,&quot;3&quot;:{&quot;1&quot;:0},&quot;4&quot;:{&quot;1&quot;:2,&quot;2&quot;:16777215},&quot;12&quot;:0,&quot;14&quot;:{&quot;1&quot;:2,&quot;2&quot;:0},&quot;15&quot;:&quot;arial, sans, sans-serif&quot;}\">Universidade de Vigo<\/span>)<\/li>\n<li><strong>Sweden:<\/strong>\u00a0Elena Volodina, Ildiko Pilan (<span data-sheets-value=\"{&quot;1&quot;:2,&quot;2&quot;:&quot;Gothenburg University&quot;}\" data-sheets-userformat=\"{&quot;2&quot;:6659,&quot;3&quot;:{&quot;1&quot;:0},&quot;4&quot;:{&quot;1&quot;:2,&quot;2&quot;:16777215},&quot;12&quot;:0,&quot;14&quot;:{&quot;1&quot;:2,&quot;2&quot;:0},&quot;15&quot;:&quot;arial, sans, sans-serif&quot;}\">Gothenburg University<\/span>)<\/li>\n<li><strong>United Kingdom:<\/strong>\u00a0Hilary Nesi (<span data-sheets-value=\"{&quot;1&quot;:2,&quot;2&quot;:&quot;Coventry University&quot;}\" data-sheets-userformat=\"{&quot;2&quot;:513,&quot;3&quot;:{&quot;1&quot;:0},&quot;12&quot;:0}\">Coventry University<\/span>)<\/li>\n<\/ul>\n<p>Other countries:<\/p>\n<ul>\n<li><strong>Brazil:\u00a0<\/strong>Tanara Zingano Kuhn (<span data-sheets-value=\"{\" data-sheets-userformat=\"{\">CELGA-ILTEC &#8211; Centre for Studies of General and Applied Linguistics; CAPES-Coordination for the Improvement of Higher Education Personnel, Brazil<\/span>)<\/li>\n<\/ul>\n<\/div><\/section><\/p><\/div><\/p>\n","protected":false},"excerpt":{"rendered":"","protected":false},"author":1,"featured_media":0,"parent":0,"menu_order":2,"comment_status":"closed","ping_status":"closed","template":"","meta":{"_acf_changed":false,"_relevanssi_hide_post":"","_relevanssi_hide_content":"","_relevanssi_pin_for_all":"","_relevanssi_pin_keywords":"","_relevanssi_unpin_keywords":"","_relevanssi_related_keywords":"","_relevanssi_related_include_ids":"","_relevanssi_related_exclude_ids":"","_relevanssi_related_no_append":"","_relevanssi_related_not_related":"","_relevanssi_related_posts":"","_relevanssi_noindex_reason":"","inline_featured_image":false,"episode_type":"","audio_file":"","podmotor_file_id":"","podmotor_episode_id":"","cover_image":"","cover_image_id":"","duration":"","filesize":"","filesize_raw":"","date_recorded":"","explicit":"","block":"","itunes_episode_number":"","itunes_title":"","itunes_season_number":"","itunes_episode_type":"","footnotes":""},"class_list":["post-965","page","type-page","status-publish","hentry"],"acf":[],"yoast_head":"<!-- This site is optimized with the Yoast SEO plugin v27.5 - https:\/\/yoast.com\/product\/yoast-seo-wordpress\/ -->\n<title>Collaborators - Mednarodna raziskava o uporabi enojezi\u010dnih slovarjev<\/title>\n<meta name=\"robots\" content=\"noindex, follow, max-snippet:-1, max-image-preview:large, max-video-preview:-1\" \/>\n<meta property=\"og:locale\" content=\"en_US\" \/>\n<meta property=\"og:type\" content=\"article\" \/>\n<meta property=\"og:title\" content=\"Collaborators - Mednarodna raziskava o uporabi enojezi\u010dnih slovarjev\" \/>\n<meta property=\"og:url\" content=\"https:\/\/www.cjvt.si\/raba-slovarjev\/en\/team\/\" \/>\n<meta property=\"og:site_name\" content=\"Mednarodna raziskava o uporabi enojezi\u010dnih slovarjev\" \/>\n<meta property=\"article:modified_time\" content=\"2020-05-11T13:32:50+00:00\" \/>\n<meta name=\"twitter:card\" content=\"summary_large_image\" \/>\n<meta name=\"twitter:label1\" content=\"Est. reading time\" \/>\n\t<meta name=\"twitter:data1\" content=\"5 minutes\" \/>\n<script type=\"application\/ld+json\" class=\"yoast-schema-graph\">{\"@context\":\"https:\\\/\\\/schema.org\",\"@graph\":[{\"@type\":\"WebPage\",\"@id\":\"https:\\\/\\\/www.cjvt.si\\\/raba-slovarjev\\\/en\\\/team\\\/\",\"url\":\"https:\\\/\\\/www.cjvt.si\\\/raba-slovarjev\\\/en\\\/team\\\/\",\"name\":\"Collaborators - Mednarodna raziskava o uporabi enojezi\u010dnih slovarjev\",\"isPartOf\":{\"@id\":\"https:\\\/\\\/www.cjvt.si\\\/raba-slovarjev\\\/en\\\/#website\"},\"datePublished\":\"2020-03-31T20:50:05+00:00\",\"dateModified\":\"2020-05-11T13:32:50+00:00\",\"breadcrumb\":{\"@id\":\"https:\\\/\\\/www.cjvt.si\\\/raba-slovarjev\\\/en\\\/team\\\/#breadcrumb\"},\"inLanguage\":\"en-US\",\"potentialAction\":[{\"@type\":\"ReadAction\",\"target\":[\"https:\\\/\\\/www.cjvt.si\\\/raba-slovarjev\\\/en\\\/team\\\/\"]}]},{\"@type\":\"BreadcrumbList\",\"@id\":\"https:\\\/\\\/www.cjvt.si\\\/raba-slovarjev\\\/en\\\/team\\\/#breadcrumb\",\"itemListElement\":[{\"@type\":\"ListItem\",\"position\":1,\"name\":\"Home\",\"item\":\"https:\\\/\\\/www.cjvt.si\\\/raba-slovarjev\\\/en\\\/project\\\/\"},{\"@type\":\"ListItem\",\"position\":2,\"name\":\"Collaborators\"}]},{\"@type\":\"WebSite\",\"@id\":\"https:\\\/\\\/www.cjvt.si\\\/raba-slovarjev\\\/en\\\/#website\",\"url\":\"https:\\\/\\\/www.cjvt.si\\\/raba-slovarjev\\\/en\\\/\",\"name\":\"Mednarodna raziskava o uporabi enojezi\u010dnih slovarjev\",\"description\":\"Inovativna raziskava\",\"potentialAction\":[{\"@type\":\"SearchAction\",\"target\":{\"@type\":\"EntryPoint\",\"urlTemplate\":\"https:\\\/\\\/www.cjvt.si\\\/raba-slovarjev\\\/en\\\/?s={search_term_string}\"},\"query-input\":{\"@type\":\"PropertyValueSpecification\",\"valueRequired\":true,\"valueName\":\"search_term_string\"}}],\"inLanguage\":\"en-US\"}]}<\/script>\n<!-- \/ Yoast SEO plugin. -->","yoast_head_json":{"title":"Collaborators - Mednarodna raziskava o uporabi enojezi\u010dnih slovarjev","robots":{"index":"noindex","follow":"follow","max-snippet":"max-snippet:-1","max-image-preview":"max-image-preview:large","max-video-preview":"max-video-preview:-1"},"og_locale":"en_US","og_type":"article","og_title":"Collaborators - Mednarodna raziskava o uporabi enojezi\u010dnih slovarjev","og_url":"https:\/\/www.cjvt.si\/raba-slovarjev\/en\/team\/","og_site_name":"Mednarodna raziskava o uporabi enojezi\u010dnih slovarjev","article_modified_time":"2020-05-11T13:32:50+00:00","twitter_card":"summary_large_image","twitter_misc":{"Est. reading time":"5 minutes"},"schema":{"@context":"https:\/\/schema.org","@graph":[{"@type":"WebPage","@id":"https:\/\/www.cjvt.si\/raba-slovarjev\/en\/team\/","url":"https:\/\/www.cjvt.si\/raba-slovarjev\/en\/team\/","name":"Collaborators - Mednarodna raziskava o uporabi enojezi\u010dnih slovarjev","isPartOf":{"@id":"https:\/\/www.cjvt.si\/raba-slovarjev\/en\/#website"},"datePublished":"2020-03-31T20:50:05+00:00","dateModified":"2020-05-11T13:32:50+00:00","breadcrumb":{"@id":"https:\/\/www.cjvt.si\/raba-slovarjev\/en\/team\/#breadcrumb"},"inLanguage":"en-US","potentialAction":[{"@type":"ReadAction","target":["https:\/\/www.cjvt.si\/raba-slovarjev\/en\/team\/"]}]},{"@type":"BreadcrumbList","@id":"https:\/\/www.cjvt.si\/raba-slovarjev\/en\/team\/#breadcrumb","itemListElement":[{"@type":"ListItem","position":1,"name":"Home","item":"https:\/\/www.cjvt.si\/raba-slovarjev\/en\/project\/"},{"@type":"ListItem","position":2,"name":"Collaborators"}]},{"@type":"WebSite","@id":"https:\/\/www.cjvt.si\/raba-slovarjev\/en\/#website","url":"https:\/\/www.cjvt.si\/raba-slovarjev\/en\/","name":"Mednarodna raziskava o uporabi enojezi\u010dnih slovarjev","description":"Inovativna raziskava","potentialAction":[{"@type":"SearchAction","target":{"@type":"EntryPoint","urlTemplate":"https:\/\/www.cjvt.si\/raba-slovarjev\/en\/?s={search_term_string}"},"query-input":{"@type":"PropertyValueSpecification","valueRequired":true,"valueName":"search_term_string"}}],"inLanguage":"en-US"}]}},"_links":{"self":[{"href":"https:\/\/www.cjvt.si\/raba-slovarjev\/en\/wp-json\/wp\/v2\/pages\/965","targetHints":{"allow":["GET"]}}],"collection":[{"href":"https:\/\/www.cjvt.si\/raba-slovarjev\/en\/wp-json\/wp\/v2\/pages"}],"about":[{"href":"https:\/\/www.cjvt.si\/raba-slovarjev\/en\/wp-json\/wp\/v2\/types\/page"}],"author":[{"embeddable":true,"href":"https:\/\/www.cjvt.si\/raba-slovarjev\/en\/wp-json\/wp\/v2\/users\/1"}],"replies":[{"embeddable":true,"href":"https:\/\/www.cjvt.si\/raba-slovarjev\/en\/wp-json\/wp\/v2\/comments?post=965"}],"version-history":[{"count":9,"href":"https:\/\/www.cjvt.si\/raba-slovarjev\/en\/wp-json\/wp\/v2\/pages\/965\/revisions"}],"predecessor-version":[{"id":1204,"href":"https:\/\/www.cjvt.si\/raba-slovarjev\/en\/wp-json\/wp\/v2\/pages\/965\/revisions\/1204"}],"wp:attachment":[{"href":"https:\/\/www.cjvt.si\/raba-slovarjev\/en\/wp-json\/wp\/v2\/media?parent=965"}],"curies":[{"name":"wp","href":"https:\/\/api.w.org\/{rel}","templated":true}]}}