{"id":43,"date":"2020-01-16T14:55:37","date_gmt":"2020-01-16T13:55:37","guid":{"rendered":"https:\/\/www.cjvt.starkmat.si\/template\/?page_id=43"},"modified":"2020-05-13T12:35:23","modified_gmt":"2020-05-13T10:35:23","slug":"sodelavci","status":"publish","type":"page","link":"https:\/\/www.cjvt.si\/raba-slovarjev\/sodelavci\/","title":{"rendered":"Sodelavci"},"content":{"rendered":"<div class=\"flex_column av_one_full  flex_column_div av-zero-column-padding first  avia-builder-el-0  el_before_av_one_full  avia-builder-el-first  \" style='border-radius:0px; '><section class=\"av_textblock_section \"  itemscope=\"itemscope\" itemtype=\"https:\/\/schema.org\/CreativeWork\" ><div class='avia_textblock  '   itemprop=\"text\" ><h1>SODELAVCI<\/h1>\n<\/div><\/section><br \/>\n<div   class='hr hr-short hr-left   avia-builder-el-2  el_after_av_textblock  avia-builder-el-last '><span class='hr-inner ' ><span class='hr-inner-style'><\/span><\/span><\/div><\/p><\/div><div class=\"flex_column av_one_full  no_margin flex_column_div av-zero-column-padding first  avia-builder-el-3  el_after_av_one_full  el_before_av_one_full  column-top-margin\" style='margin-top:0px; margin-bottom:20px; border-radius:0px; '><section class=\"av_textblock_section \"  itemscope=\"itemscope\" itemtype=\"https:\/\/schema.org\/CreativeWork\" ><div class='avia_textblock  '   itemprop=\"text\" ><h4>O\u017eja organizacijska ekipa<\/h4>\n<\/div><\/section><br \/>\n<div  style='height:25px' class='hr hr-invisible   avia-builder-el-5  el_after_av_textblock  el_before_av_textblock '><span class='hr-inner ' ><span class='hr-inner-style'><\/span><\/span><\/div><br \/>\n<section class=\"av_textblock_section \"  itemscope=\"itemscope\" itemtype=\"https:\/\/schema.org\/CreativeWork\" ><div class='avia_textblock  '   itemprop=\"text\" ><ul>\n<li><strong>Iztok Kosem (Filozofska fakulteta, Univerza v Ljubljani; Center za uporabno jezikoslovje, zavod Trojina)<\/strong><\/li>\n<li>Carolin M\u00fcller-Spitzer (Institut f\u00fcr Deutsche Sprache)<\/li>\n<li>Robert Lew (Adam Mickiewicz University)<\/li>\n<li>Sascha Wolfer (Institut f\u00fcr Deutsche Sprache)<\/li>\n<\/ul>\n<\/div><\/section><\/p><\/div><\/p>\n<div class=\"flex_column av_one_full  no_margin flex_column_div av-zero-column-padding first  avia-builder-el-7  el_after_av_one_full  avia-builder-el-last  column-top-margin\" style='margin-top:0px; margin-bottom:20px; border-radius:0px; '><section class=\"av_textblock_section \"  itemscope=\"itemscope\" itemtype=\"https:\/\/schema.org\/CreativeWork\" ><div class='avia_textblock  '   itemprop=\"text\" ><h4>Koordinatorji na ravni posamezne dr\u017eave<\/h4>\n<\/div><\/section><br \/>\n<div  style='height:25px' class='hr hr-invisible   avia-builder-el-9  el_after_av_textblock  el_before_av_textblock '><span class='hr-inner ' ><span class='hr-inner-style'><\/span><\/span><\/div><br \/>\n<section class=\"av_textblock_section \"  itemscope=\"itemscope\" itemtype=\"https:\/\/schema.org\/CreativeWork\" ><div class='avia_textblock  '   itemprop=\"text\" ><ul>\n<li><strong>Avstrija:<\/strong>\u00a0Amelie Dom (Austrian Academy of Sciences)<\/li>\n<li><strong>Baskija:<\/strong>\u00a0Antton Guruxhaga, Klara Ceberio,\u00a0Elixabete Etxeberria\u00a0(<span data-sheets-value=\"{\"1\":2,\"2\":\"Elhuyar Foundation\"}\" data-sheets-userformat=\"{\"2\":513,\"3\":{\"1\":0},\"12\":0}\">Elhuyar Foundation<\/span>)<\/li>\n<li><strong>Belgija:<\/strong>\u00a0Marie-Aude Lefer, Dirk Geeraerts (<span data-sheets-value=\"{\"1\":2,\"2\":\"KU Leuven\"}\" data-sheets-userformat=\"{\"2\":513,\"3\":{\"1\":0},\"12\":0}\">KU Leuven<\/span>)<\/li>\n<li><strong>\u010ce\u0161ka:<\/strong>\u00a0Michal \u0160krabal (<span data-sheets-value=\"{\"1\":2,\"2\":\"The Institute of the Czech National Corpus (ICNC), Charles university\"}\" data-sheets-userformat=\"{\"2\":513,\"3\":{\"1\":0},\"12\":0}\">The Institute of the Czech National Corpus (ICNC), Charles University<\/span>)<\/li>\n<li><strong>Danska:\u00a0<\/strong>Henrik Lorentzen, Lars Trap-Jensen (<span data-sheets-value=\"{\"1\":2,\"2\":\"Society for Danish Language and Literature\"}\" data-sheets-userformat=\"{\"2\":6659,\"3\":{\"1\":0},\"4\":{\"1\":2,\"2\":16777215},\"12\":0,\"14\":{\"1\":2,\"2\":0},\"15\":\"arial, sans, sans-serif\"}\">Society for Danish Language and Literature<\/span>)<\/li>\n<li><strong>Estonija:\u00a0<\/strong>Jelena Kallas, Kristina Koppel, Maria Tuulik (<span data-sheets-value=\"{\"1\":2,\"2\":\"Institute of the Estonian Language\"}\" data-sheets-userformat=\"{\"2\":6659,\"3\":{\"1\":0},\"4\":{\"1\":2,\"2\":16777215},\"12\":0,\"14\":{\"1\":2,\"2\":0},\"15\":\"arial, sans, sans-serif\"}\">Institute of the Estonian Language<\/span>)<\/li>\n<li><strong>Finska:<\/strong>\u00a0Tarja Heinonen (<span data-sheets-value=\"{\"1\":2,\"2\":\"Institute for the Languages of Finland\"}\" data-sheets-userformat=\"{\"2\":513,\"3\":{\"1\":0},\"12\":0}\">Institute for the Languages of Finland<\/span>)<\/li>\n<li><strong>Francija:\u00a0<\/strong>Izabella Thomas (<span data-sheets-value=\"{\"1\":2,\"2\":\"Franche-Comtu00e9, Centre de recherche en linguistique et traitement automatique des langues Lucien Tesniu00e8re\"}\" data-sheets-userformat=\"{\"2\":513,\"3\":{\"1\":0},\"12\":0}\">Centre de recherche en linguistique et traitement automatique des langues Lucien Tesni\u00e8re<\/span>)<\/li>\n<li><strong>Gr\u010dija:\u00a0<\/strong>Stella Markantonatou, Voula Giouli (<span data-sheets-value=\"{\"1\":2,\"2\":\"Institute for Language and Speech Processing, Athena Research Center\"}\" data-sheets-userformat=\"{\"2\":513,\"3\":{\"1\":0},\"12\":0}\">Institute for Language and Speech Processing, Athena Research Center<\/span>)<\/li>\n<li><strong>Gruzija:\u00a0<\/strong>Tinatin Margilitadze (<span data-sheets-value=\"{\"1\":2,\"2\":\"Ivanu00e9 Javakhishvili Tbilisi State University\"}\" data-sheets-userformat=\"{\"2\":513,\"3\":{\"1\":0},\"12\":0}\">Ivan\u00e9 Javakhishvili Tbilisi State University<\/span>)<strong><br \/>\n<\/strong><\/li>\n<li><strong>Hrva\u0161ka:\u00a0<\/strong>Kristina \u0160trkalj Despot, Tomislav Stojanov, Nikola Ljube\u0161i\u0107 (<span data-sheets-value=\"{\"1\":2,\"2\":\"Institute of Croatian Language and Linguistics\"}\" data-sheets-userformat=\"{\"2\":513,\"3\":{\"1\":0},\"12\":0}\">Institute of Croatian Language and Linguistics<\/span>)<\/li>\n<li><strong>Irska:\u00a0<\/strong>Chris Mulhall (<span data-sheets-value=\"{\"1\":2,\"2\":\"Waterford Institute of Technology\"}\" data-sheets-userformat=\"{\"2\":513,\"3\":{\"1\":0},\"12\":0}\">Waterford Institute of Technology<\/span>)<\/li>\n<li><strong>Islandija:\u00a0<\/strong>Halldora Jonsdottir, Thordis Ulfrarsdottir (<span data-sheets-value=\"{\"1\":2,\"2\":\"The u00c1rni Magnu00fasson Institute for Icelandic Studies\"}\" data-sheets-userformat=\"{\"2\":513,\"3\":{\"1\":0},\"12\":0}\">The \u00c1rni Magn\u00fasson Institute for Icelandic Studies<\/span>)<\/li>\n<li><strong>Italija:<\/strong>\u00a0Andrea Abel (<span data-sheets-value=\"{\"1\":2,\"2\":\"EURAC, Bolzano\"}\" data-sheets-userformat=\"{\"2\":513,\"3\":{\"1\":0},\"12\":0}\">EURAC, Bolzano<\/span>), Martina Nied (<span data-sheets-value=\"{\"1\":2,\"2\":\"Universitu00e0 degli Studi Roma Tre\"}\" data-sheets-userformat=\"{\"2\":513,\"3\":{\"1\":0},\"12\":0}\">Universit\u00e0 degli Studi Roma Tre<\/span>)<\/li>\n<li><strong>Izrael:\u00a0<\/strong>Ilan Kernerman, Yifat Ben-Moshe (<span data-sheets-value=\"{\"1\":2,\"2\":\"KDictionaries\"}\" data-sheets-userformat=\"{\"2\":513,\"3\":{\"1\":0},\"12\":0}\">KDictionaries<\/span>)<\/li>\n<li><strong>Latvija:\u00a0<\/strong>Ilga Migla (<span data-sheets-value=\"{\"1\":2,\"2\":\"Institute of Latvian Language, University of Latvia\"}\" data-sheets-userformat=\"{\"2\":513,\"3\":{\"1\":0},\"12\":0}\">Institute of Latvian Language, University of Latvia<\/span>)<\/li>\n<li><strong>Mad\u017earska:\u00a0<\/strong>D\u00f3ra P\u00f6d\u00f6r (<span data-sheets-value=\"{\"1\":2,\"2\":\"Faculty of Humanities, Ku00e1roli Gu00e1spu00e1r University of the Reformed Church in Hungary\"}\" data-sheets-userformat=\"{\"2\":512,\"12\":0}\">Faculty of Humanities, K\u00e1roli G\u00e1sp\u00e1r University of the Reformed Church in Hungary<\/span>)<\/li>\n<li><strong>Makedonija:\u00a0<\/strong>Lidija Tanturovska, Biljana Nikovska (<span data-sheets-value=\"{\"1\":2,\"2\":\"Sts. Cyril and Methodius University, Institutu0435 for Macedonian Language \"Krste Misirkov\"\"}\" data-sheets-userformat=\"{\"2\":513,\"3\":{\"1\":0},\"12\":0}\">Sts. Cyril and Methodius University, Institut\u0435 for Macedonian Language &#8220;Krste Misirkov&#8221;<\/span>)<\/li>\n<li><strong>Nem\u010dija:\u00a0<\/strong>Maria Ribeiro Silveira (<span data-sheets-value=\"{\"1\":2,\"2\":\"Institut fu00fcr Deutsche Sprache\"}\" data-sheets-userformat=\"{\"2\":513,\"3\":{\"1\":0},\"12\":0}\">Institut f\u00fcr Deutsche Sprache<\/span>)<strong><br \/>\n<\/strong><\/li>\n<li><strong>Nizozemska:\u00a0<\/strong>Carole Tiberius(<span data-sheets-value=\"{\"1\":2,\"2\":\"Dutch Language Institute\"}\" data-sheets-userformat=\"{\"2\":513,\"3\":{\"1\":0},\"12\":0}\">Dutch Language Institute<\/span>)<strong><br \/>\n<\/strong><\/li>\n<li><strong>Norve\u0161ka<\/strong>: Oddrun Gronvik, Marit Hovdenak, Sturla Berg-Olsen, Christian-Emil Smith Ore (<span data-sheets-value=\"{\"1\":2,\"2\":\"University of Oslo\"}\" data-sheets-userformat=\"{\"2\":512,\"12\":0}\">University of Oslo<\/span>)<\/li>\n<li><strong>Poljska:\u00a0<\/strong>Monika Biesaga (<span data-sheets-value=\"{\"1\":2,\"2\":\"Instytut Ju0119zyka Polskiego PAN\"}\" data-sheets-userformat=\"{\"2\":513,\"3\":{\"1\":0},\"12\":0}\">Instytut J\u0119zyka Polskiego PAN<\/span>)<\/li>\n<li><strong>Portugalska:\u00a0<\/strong>Jo\u00e3o Paulo Silvestre(<span data-sheets-value=\"{\"1\":2,\"2\":\"King's College London\"}\" data-sheets-userformat=\"{\"2\":512,\"12\":0}\">King&#8217;s College London<\/span>), Tanara Zingano Kuhn(<span data-sheets-value=\"{\"1\":2,\"2\":\"CELGA-ILTEC - Centre for Studies of General and Applied Linguistics; CAPES-Coordination for the Improvement of Higher Education Personnel, Brazil\"}\" data-sheets-userformat=\"{\"2\":513,\"3\":{\"1\":0},\"12\":0}\">CELGA-ILTEC &#8211; Centre for Studies of General and Applied Linguistics; CAPES-Coordination for the Improvement of Higher Education Personnel, Brazil<\/span>)<\/li>\n<li><strong>Romunija:<\/strong>\u00a0Elena Tamba, Marius-Radu Clim, Gabriela Haja, Madalin-Ionel Patrascu (<span data-sheets-value=\"{\"1\":2,\"2\":\"Romanian Academy\"}\" data-sheets-userformat=\"{\"2\":6659,\"3\":{\"1\":0},\"4\":{\"1\":2,\"2\":16777215},\"12\":0,\"14\":{\"1\":2,\"2\":0},\"15\":\"arial, sans, sans-serif\"}\">Romanian Academy<\/span>)<\/li>\n<li><strong>Slovenija: \u0160pela Arhar Holdt (CJVT, Univerza v Ljubljani; Center za uporabno jezikoslovje, zavod Trojina)<\/strong><\/li>\n<li><strong>Srbija:<\/strong>\u00a0Toma Tasovac, Sne\u017eana Petrovi\u0107 (<span data-sheets-value=\"{\"1\":2,\"2\":\"Serbian Language Institute SASA\"}\" data-sheets-userformat=\"{\"2\":513,\"3\":{\"1\":0},\"12\":0}\">Serbian Language Institute SASA<\/span>)<\/li>\n<li><strong>\u0160panija:<\/strong>\u00a0Mar\u00eda Jos\u00e9 Dom\u00ednguez V\u00e1zquez (<span data-sheets-value=\"{\"1\":2,\"2\":\"Universidade de Santiago de Compostela\"}\" data-sheets-userformat=\"{\"2\":513,\"3\":{\"1\":0},\"12\":0}\">Universidade de Santiago de Compostela<\/span>), Carlos Valcarcel Riveiro (<span data-sheets-value=\"{\"1\":2,\"2\":\"Universidade de Vigo\"}\" data-sheets-userformat=\"{\"2\":6659,\"3\":{\"1\":0},\"4\":{\"1\":2,\"2\":16777215},\"12\":0,\"14\":{\"1\":2,\"2\":0},\"15\":\"arial, sans, sans-serif\"}\">Universidade de Vigo<\/span>)<\/li>\n<li><strong>\u0160vedska:<\/strong>\u00a0Elena Volodina, Ildiko Pilan (<span data-sheets-value=\"{\"1\":2,\"2\":\"Gothenburg University\"}\" data-sheets-userformat=\"{\"2\":6659,\"3\":{\"1\":0},\"4\":{\"1\":2,\"2\":16777215},\"12\":0,\"14\":{\"1\":2,\"2\":0},\"15\":\"arial, sans, sans-serif\"}\">Gothenburg University<\/span>)<\/li>\n<li><strong>Zdru\u017eeno kraljestvo Velike Britanije in Severne Irske:<\/strong>\u00a0Hilary Nesi (<span data-sheets-value=\"{\"1\":2,\"2\":\"Coventry University\"}\" data-sheets-userformat=\"{\"2\":513,\"3\":{\"1\":0},\"12\":0}\">Coventry University<\/span>)<\/li>\n<\/ul>\n<p>Druge dr\u017eave:<\/p>\n<ul>\n<li><strong>Brazilija:<\/strong>\u00a0Tanara Zingano Kuhn (<span data-sheets-value=\"{\" data-sheets-userformat=\"{\">CELGA-ILTEC &#8211; Centre for Studies of General and Applied Linguistics; CAPES-Coordination for the Improvement of Higher Education Personnel, Brazil<\/span>)<\/li>\n<\/ul>\n<\/div><\/section><\/p><\/div>\n","protected":false},"excerpt":{"rendered":"","protected":false},"author":1,"featured_media":0,"parent":0,"menu_order":2,"comment_status":"closed","ping_status":"closed","template":"","meta":{"_acf_changed":false,"_relevanssi_hide_post":"","_relevanssi_hide_content":"","_relevanssi_pin_for_all":"","_relevanssi_pin_keywords":"","_relevanssi_unpin_keywords":"","_relevanssi_related_keywords":"","_relevanssi_related_include_ids":"","_relevanssi_related_exclude_ids":"","_relevanssi_related_no_append":"","_relevanssi_related_not_related":"","_relevanssi_related_posts":"","_relevanssi_noindex_reason":"","inline_featured_image":false,"episode_type":"","audio_file":"","podmotor_file_id":"","podmotor_episode_id":"","cover_image":"","cover_image_id":"","duration":"","filesize":"","filesize_raw":"","date_recorded":"","explicit":"","block":"","itunes_episode_number":"","itunes_title":"","itunes_season_number":"","itunes_episode_type":"","footnotes":""},"class_list":["post-43","page","type-page","status-publish","hentry"],"acf":[],"yoast_head":"<!-- This site is optimized with the Yoast SEO plugin v27.5 - https:\/\/yoast.com\/product\/yoast-seo-wordpress\/ -->\n<title>Sodelavci - Mednarodna raziskava o uporabi enojezi\u010dnih slovarjev<\/title>\n<meta name=\"robots\" content=\"noindex, follow, max-snippet:-1, max-image-preview:large, max-video-preview:-1\" \/>\n<meta property=\"og:locale\" content=\"sl_SI\" \/>\n<meta property=\"og:type\" content=\"article\" \/>\n<meta property=\"og:title\" content=\"Sodelavci - Mednarodna raziskava o uporabi enojezi\u010dnih slovarjev\" \/>\n<meta property=\"og:url\" content=\"https:\/\/www.cjvt.si\/raba-slovarjev\/sodelavci\/\" \/>\n<meta property=\"og:site_name\" content=\"Mednarodna raziskava o uporabi enojezi\u010dnih slovarjev\" \/>\n<meta property=\"article:modified_time\" content=\"2020-05-13T10:35:23+00:00\" \/>\n<meta name=\"twitter:card\" content=\"summary_large_image\" \/>\n<meta name=\"twitter:label1\" content=\"Est. reading time\" \/>\n\t<meta name=\"twitter:data1\" content=\"5 minut\" \/>\n<script type=\"application\/ld+json\" class=\"yoast-schema-graph\">{\"@context\":\"https:\\\/\\\/schema.org\",\"@graph\":[{\"@type\":\"WebPage\",\"@id\":\"https:\\\/\\\/www.cjvt.si\\\/raba-slovarjev\\\/sodelavci\\\/\",\"url\":\"https:\\\/\\\/www.cjvt.si\\\/raba-slovarjev\\\/sodelavci\\\/\",\"name\":\"Sodelavci - Mednarodna raziskava o uporabi enojezi\u010dnih slovarjev\",\"isPartOf\":{\"@id\":\"https:\\\/\\\/www.cjvt.si\\\/raba-slovarjev\\\/#website\"},\"datePublished\":\"2020-01-16T13:55:37+00:00\",\"dateModified\":\"2020-05-13T10:35:23+00:00\",\"breadcrumb\":{\"@id\":\"https:\\\/\\\/www.cjvt.si\\\/raba-slovarjev\\\/sodelavci\\\/#breadcrumb\"},\"inLanguage\":\"sl-SI\",\"potentialAction\":[{\"@type\":\"ReadAction\",\"target\":[\"https:\\\/\\\/www.cjvt.si\\\/raba-slovarjev\\\/sodelavci\\\/\"]}]},{\"@type\":\"BreadcrumbList\",\"@id\":\"https:\\\/\\\/www.cjvt.si\\\/raba-slovarjev\\\/sodelavci\\\/#breadcrumb\",\"itemListElement\":[{\"@type\":\"ListItem\",\"position\":1,\"name\":\"Home\",\"item\":\"https:\\\/\\\/www.cjvt.si\\\/raba-slovarjev\\\/en\\\/project\\\/\"},{\"@type\":\"ListItem\",\"position\":2,\"name\":\"Sodelavci\"}]},{\"@type\":\"WebSite\",\"@id\":\"https:\\\/\\\/www.cjvt.si\\\/raba-slovarjev\\\/#website\",\"url\":\"https:\\\/\\\/www.cjvt.si\\\/raba-slovarjev\\\/\",\"name\":\"Mednarodna raziskava o uporabi enojezi\u010dnih slovarjev\",\"description\":\"Inovativna raziskava\",\"potentialAction\":[{\"@type\":\"SearchAction\",\"target\":{\"@type\":\"EntryPoint\",\"urlTemplate\":\"https:\\\/\\\/www.cjvt.si\\\/raba-slovarjev\\\/?s={search_term_string}\"},\"query-input\":{\"@type\":\"PropertyValueSpecification\",\"valueRequired\":true,\"valueName\":\"search_term_string\"}}],\"inLanguage\":\"sl-SI\"}]}<\/script>\n<!-- \/ Yoast SEO plugin. -->","yoast_head_json":{"title":"Sodelavci - Mednarodna raziskava o uporabi enojezi\u010dnih slovarjev","robots":{"index":"noindex","follow":"follow","max-snippet":"max-snippet:-1","max-image-preview":"max-image-preview:large","max-video-preview":"max-video-preview:-1"},"og_locale":"sl_SI","og_type":"article","og_title":"Sodelavci - Mednarodna raziskava o uporabi enojezi\u010dnih slovarjev","og_url":"https:\/\/www.cjvt.si\/raba-slovarjev\/sodelavci\/","og_site_name":"Mednarodna raziskava o uporabi enojezi\u010dnih slovarjev","article_modified_time":"2020-05-13T10:35:23+00:00","twitter_card":"summary_large_image","twitter_misc":{"Est. reading time":"5 minut"},"schema":{"@context":"https:\/\/schema.org","@graph":[{"@type":"WebPage","@id":"https:\/\/www.cjvt.si\/raba-slovarjev\/sodelavci\/","url":"https:\/\/www.cjvt.si\/raba-slovarjev\/sodelavci\/","name":"Sodelavci - Mednarodna raziskava o uporabi enojezi\u010dnih slovarjev","isPartOf":{"@id":"https:\/\/www.cjvt.si\/raba-slovarjev\/#website"},"datePublished":"2020-01-16T13:55:37+00:00","dateModified":"2020-05-13T10:35:23+00:00","breadcrumb":{"@id":"https:\/\/www.cjvt.si\/raba-slovarjev\/sodelavci\/#breadcrumb"},"inLanguage":"sl-SI","potentialAction":[{"@type":"ReadAction","target":["https:\/\/www.cjvt.si\/raba-slovarjev\/sodelavci\/"]}]},{"@type":"BreadcrumbList","@id":"https:\/\/www.cjvt.si\/raba-slovarjev\/sodelavci\/#breadcrumb","itemListElement":[{"@type":"ListItem","position":1,"name":"Home","item":"https:\/\/www.cjvt.si\/raba-slovarjev\/en\/project\/"},{"@type":"ListItem","position":2,"name":"Sodelavci"}]},{"@type":"WebSite","@id":"https:\/\/www.cjvt.si\/raba-slovarjev\/#website","url":"https:\/\/www.cjvt.si\/raba-slovarjev\/","name":"Mednarodna raziskava o uporabi enojezi\u010dnih slovarjev","description":"Inovativna raziskava","potentialAction":[{"@type":"SearchAction","target":{"@type":"EntryPoint","urlTemplate":"https:\/\/www.cjvt.si\/raba-slovarjev\/?s={search_term_string}"},"query-input":{"@type":"PropertyValueSpecification","valueRequired":true,"valueName":"search_term_string"}}],"inLanguage":"sl-SI"}]}},"_links":{"self":[{"href":"https:\/\/www.cjvt.si\/raba-slovarjev\/wp-json\/wp\/v2\/pages\/43","targetHints":{"allow":["GET"]}}],"collection":[{"href":"https:\/\/www.cjvt.si\/raba-slovarjev\/wp-json\/wp\/v2\/pages"}],"about":[{"href":"https:\/\/www.cjvt.si\/raba-slovarjev\/wp-json\/wp\/v2\/types\/page"}],"author":[{"embeddable":true,"href":"https:\/\/www.cjvt.si\/raba-slovarjev\/wp-json\/wp\/v2\/users\/1"}],"replies":[{"embeddable":true,"href":"https:\/\/www.cjvt.si\/raba-slovarjev\/wp-json\/wp\/v2\/comments?post=43"}],"version-history":[{"count":65,"href":"https:\/\/www.cjvt.si\/raba-slovarjev\/wp-json\/wp\/v2\/pages\/43\/revisions"}],"predecessor-version":[{"id":1217,"href":"https:\/\/www.cjvt.si\/raba-slovarjev\/wp-json\/wp\/v2\/pages\/43\/revisions\/1217"}],"wp:attachment":[{"href":"https:\/\/www.cjvt.si\/raba-slovarjev\/wp-json\/wp\/v2\/media?parent=43"}],"curies":[{"name":"wp","href":"https:\/\/api.w.org\/{rel}","templated":true}]}}