{"id":668,"date":"2020-03-17T07:53:25","date_gmt":"2020-03-17T06:53:25","guid":{"rendered":"https:\/\/www.cjvt.starkmat.si\/template\/?page_id=668"},"modified":"2020-05-13T12:36:27","modified_gmt":"2020-05-13T10:36:27","slug":"publikacije","status":"publish","type":"page","link":"https:\/\/www.cjvt.si\/raba-slovarjev\/publikacije\/","title":{"rendered":"Publikacije"},"content":{"rendered":"<div class=\"flex_column av_one_full  flex_column_div av-zero-column-padding first  avia-builder-el-0  avia-builder-el-no-sibling  \" style='border-radius:0px; '><section class=\"av_textblock_section \"  itemscope=\"itemscope\" itemtype=\"https:\/\/schema.org\/CreativeWork\" ><div class='avia_textblock  '   itemprop=\"text\" ><h1>Strokovne objave<\/h1>\n<\/div><\/section><br \/>\n<div   class='hr hr-short hr-left   avia-builder-el-2  el_after_av_textblock  el_before_av_textblock '><span class='hr-inner ' ><span class='hr-inner-style'><\/span><\/span><\/div><br \/>\n<section class=\"av_textblock_section \"  itemscope=\"itemscope\" itemtype=\"https:\/\/schema.org\/CreativeWork\" ><div class='avia_textblock  '   itemprop=\"text\" ><ul>\n<li>ARHAR HOLDT, \u0160pela, \u010cIBEJ, Jaka, ZWITTER VITEZ, Ana. Value of language-related questions and comments in digital media for lexicographical user research.\u00a0<i>International journal of lexicography<\/i>, ISSN 1477-4577. [Spletna izd.], 20. 4. 2016, 24 str., doi:\u00a0<a class=\"red\" href=\"https:\/\/doi.org\/10.1093\/ijl\/ecw017\" target=\"doi\" rel=\"noopener noreferrer\">10.1093\/ijl\/ecw017<\/a>.<\/li>\n<li>ARHAR HOLDT, \u0160pela, \u010cIBEJ, Jaka, ZWITTER VITEZ, Ana, GANTAR, Polona, GORJANC, Vojko. Identifying dictionary needs of language users by analysing user-generated content in digital media. V:\u00a0<i>The European Dictionary portal : challenges and chances of facing heterogeneity<\/i>. Barcelona: [S. n.], 2016.\u00a0<a class=\"red\" href=\"http:\/\/www.elexicography.eu\/wp-content\/uploads\/2016\/03\/Holdt_Identifying-dictionary-needs-of-language-users-by-analysing-user-generated-content-in-digital-media_2.pdf\">http:\/\/www.elexicography. eu\/wp-content\/uploads\/2016\/03\/Holdt_Identifying-dictionary-needs-of-language-users-by-analysing-user-generated-content-in-digital-media_2. pdf<\/a>.<\/li>\n<li>ARHAR HOLDT, \u0160pela, KOSEM, Iztok, GANTAR, Polona, XVII EURALEX International Congress, 6-10 September, 2016, Tbilisi. Dictionary user typology : the Slovenian case. V: MARGALITADZE, Tinatin (ur.), MELADZE, George (ur.).\u00a0<i>Lexicography and linguistic diversity : proceedings of the XVII EURALEX International Congress, 6-10 September, 2016<\/i>. Tbilisi: Ivane Javakhishvili Tbilisi State University, cop. 2016, str. 179-187, ilustr.\u00a0<a class=\"red\" href=\"http:\/\/euralex2016.tsu.ge\/publication2016.pdf\">http:\/\/euralex2016.tsu.ge\/publication2016.pdf<\/a>.<\/li>\n<li>ARHAR HOLDT, \u0160pela, KOSEM, Iztok, GANTAR, Polona. Dictionary user typology : the Slovenian case. V:\u00a0<i>Lexicography and linguistic diversity : book of abstracts<\/i>. Tbilisi: Lexicographic Centre, Ivane Javakhishvili Tbilisi State University, 2016, str. 30.<\/li>\n<li>ARHAR HOLDT, \u0160pela. Uporabni\u0161ke raziskave za potrebe slovenskega slovaropisja : prvi koraki. V: GORJANC, Vojko (ur.), et al.\u00a0<a href=\"https:\/\/knjigarna.ff.uni-lj.si\/si\/izdelek\/1625\/slovar-sodobne-slovenscine-problemi-in-resitve\/\"><i>Slovar sodobne sloven\u0161\u010dine : problemi in re\u0161itve<\/i><\/a>, (Zbirka Prevodoslovje in uporabno jezikoslovje, ISSN 2335-335X). 1. izd. Ljubljana: Znanstvena zalo\u017eba Filozofske fakultete, 2015, str. 136-148.<\/li>\n<li>ARHAR HOLDT, \u0160pela, \u010cIBEJ, Jaka, ZWITTER VITEZ, Ana. S pomo\u010djo uporabni\u0161kih jezikovnih vpra\u0161anj in mnenj do bolj\u0161ega slovarja. V: GORJANC, Vojko (ur.), et al.\u00a0<a href=\"https:\/\/knjigarna.ff.uni-lj.si\/si\/izdelek\/1625\/slovar-sodobne-slovenscine-problemi-in-resitve\/\"><i>Slovar sodobne sloven\u0161\u010dine : problemi in re\u0161itve<\/i>,<\/a>\u00a0(Zbirka Prevodoslovje in uporabno jezikoslovje, ISSN 2335-335X). 1. izd. Ljubljana: Znanstvena zalo\u017eba Filozofske fakultete, 2015, str. 196-214.<\/li>\n<li>ROZMAN, Tadeja. Upo\u0161tevanje ciljnih uporabnikov pri izdelavi enojezi\u010dnega slovarja za tujce.\u00a0<i>Jezik in slovstvo<\/i>, ISSN 0021-6933. [Tiskana izd.], maj-avg. 2004, letn. 49, \u0161t. 3\/4, str. [63]-75.\u00a0<a href=\"https:\/\/www.dlib.si\/details\/URN:NBN:SI:doc-J53E16B1\/\">https:\/\/www.dlib.si\/details\/URN:NBN:SI:doc-J53E16B1\/<\/a><\/li>\n<li>ROZMAN, Tadeja, KOSEM, Iztok, PIRIH SVETINA, Nata\u0161a, FERBE\u017dAR, Ina. Dictionaries and learning Slovene. V: GORJANC, Vojko (ur.), et al.\u00a0<i>Dictionary of modern Slovene : problems and solutions<\/i>, (Book series Prevodoslovje in uporabno jezikoslovje, ISSN 2335-335X). 1st ed., e-ed. Ljubljana: Ljubljana University Press, Faculty of Arts, 2017, str. 64-81.\u00a0<a class=\"red\" href=\"http:\/\/www.ff.uni-lj.si\/sites\/default\/files\/Dokumenti\/Knjige\/e-books\/dictionary_of_modern_slo.pdf\">http:\/\/www.ff.uni-lj.si\/sites\/default\/files\/Dokumenti\/Knjige\/e-books\/dictionary_of_modern_slo.pdf<\/a>.<\/li>\n<li>ROZMAN, Tadeja, KOSEM, Iztok, PIRIH SVETINA, Nata\u0161a, FERBE\u017dAR, Ina. Slovarji in u\u010denje sloven\u0161\u010dine. V: GORJANC, Vojko (ur.), et al.\u00a0<a href=\"https:\/\/knjigarna.ff.uni-lj.si\/si\/izdelek\/1625\/slovar-sodobne-slovenscine-problemi-in-resitve\/\"><i>Slovar sodobne sloven\u0161\u010dine : problemi in re\u0161itve<\/i>,\u00a0<\/a>(Zbirka Prevodoslovje in uporabno jezikoslovje, ISSN 2335-335X). 1. izd. Ljubljana: Znanstvena zalo\u017eba Filozofske fakultete, 2015, str. 150-167.<\/li>\n<\/ul>\n<\/div><\/section><br \/>\n<div  style='height:25px' class='hr hr-invisible   avia-builder-el-4  el_after_av_textblock  avia-builder-el-last '><span class='hr-inner ' ><span class='hr-inner-style'><\/span><\/span><\/div><\/p><\/div>\n","protected":false},"excerpt":{"rendered":"","protected":false},"author":1,"featured_media":0,"parent":0,"menu_order":3,"comment_status":"closed","ping_status":"closed","template":"","meta":{"_acf_changed":false,"_relevanssi_hide_post":"","_relevanssi_hide_content":"","_relevanssi_pin_for_all":"","_relevanssi_pin_keywords":"","_relevanssi_unpin_keywords":"","_relevanssi_related_keywords":"","_relevanssi_related_include_ids":"","_relevanssi_related_exclude_ids":"","_relevanssi_related_no_append":"","_relevanssi_related_not_related":"","_relevanssi_related_posts":"","_relevanssi_noindex_reason":"","inline_featured_image":false,"episode_type":"","audio_file":"","podmotor_file_id":"","podmotor_episode_id":"","cover_image":"","cover_image_id":"","duration":"","filesize":"","filesize_raw":"","date_recorded":"","explicit":"","block":"","itunes_episode_number":"","itunes_title":"","itunes_season_number":"","itunes_episode_type":"","footnotes":""},"class_list":["post-668","page","type-page","status-publish","hentry"],"acf":[],"yoast_head":"<!-- This site is optimized with the Yoast SEO plugin v27.5 - https:\/\/yoast.com\/product\/yoast-seo-wordpress\/ -->\n<title>Publikacije - Mednarodna raziskava o uporabi enojezi\u010dnih slovarjev<\/title>\n<meta name=\"robots\" content=\"noindex, follow, max-snippet:-1, max-image-preview:large, max-video-preview:-1\" \/>\n<meta property=\"og:locale\" content=\"sl_SI\" \/>\n<meta property=\"og:type\" content=\"article\" \/>\n<meta property=\"og:title\" content=\"Publikacije - Mednarodna raziskava o uporabi enojezi\u010dnih slovarjev\" \/>\n<meta property=\"og:url\" content=\"https:\/\/www.cjvt.si\/raba-slovarjev\/publikacije\/\" \/>\n<meta property=\"og:site_name\" content=\"Mednarodna raziskava o uporabi enojezi\u010dnih slovarjev\" \/>\n<meta property=\"article:modified_time\" content=\"2020-05-13T10:36:27+00:00\" \/>\n<meta name=\"twitter:card\" content=\"summary_large_image\" \/>\n<meta name=\"twitter:label1\" content=\"Est. reading time\" \/>\n\t<meta name=\"twitter:data1\" content=\"4 minute\" \/>\n<script type=\"application\/ld+json\" class=\"yoast-schema-graph\">{\"@context\":\"https:\\\/\\\/schema.org\",\"@graph\":[{\"@type\":\"WebPage\",\"@id\":\"https:\\\/\\\/www.cjvt.si\\\/raba-slovarjev\\\/publikacije\\\/\",\"url\":\"https:\\\/\\\/www.cjvt.si\\\/raba-slovarjev\\\/publikacije\\\/\",\"name\":\"Publikacije - Mednarodna raziskava o uporabi enojezi\u010dnih slovarjev\",\"isPartOf\":{\"@id\":\"https:\\\/\\\/www.cjvt.si\\\/raba-slovarjev\\\/#website\"},\"datePublished\":\"2020-03-17T06:53:25+00:00\",\"dateModified\":\"2020-05-13T10:36:27+00:00\",\"breadcrumb\":{\"@id\":\"https:\\\/\\\/www.cjvt.si\\\/raba-slovarjev\\\/publikacije\\\/#breadcrumb\"},\"inLanguage\":\"sl-SI\",\"potentialAction\":[{\"@type\":\"ReadAction\",\"target\":[\"https:\\\/\\\/www.cjvt.si\\\/raba-slovarjev\\\/publikacije\\\/\"]}]},{\"@type\":\"BreadcrumbList\",\"@id\":\"https:\\\/\\\/www.cjvt.si\\\/raba-slovarjev\\\/publikacije\\\/#breadcrumb\",\"itemListElement\":[{\"@type\":\"ListItem\",\"position\":1,\"name\":\"Home\",\"item\":\"https:\\\/\\\/www.cjvt.si\\\/raba-slovarjev\\\/en\\\/project\\\/\"},{\"@type\":\"ListItem\",\"position\":2,\"name\":\"Publikacije\"}]},{\"@type\":\"WebSite\",\"@id\":\"https:\\\/\\\/www.cjvt.si\\\/raba-slovarjev\\\/#website\",\"url\":\"https:\\\/\\\/www.cjvt.si\\\/raba-slovarjev\\\/\",\"name\":\"Mednarodna raziskava o uporabi enojezi\u010dnih slovarjev\",\"description\":\"Inovativna raziskava\",\"potentialAction\":[{\"@type\":\"SearchAction\",\"target\":{\"@type\":\"EntryPoint\",\"urlTemplate\":\"https:\\\/\\\/www.cjvt.si\\\/raba-slovarjev\\\/?s={search_term_string}\"},\"query-input\":{\"@type\":\"PropertyValueSpecification\",\"valueRequired\":true,\"valueName\":\"search_term_string\"}}],\"inLanguage\":\"sl-SI\"}]}<\/script>\n<!-- \/ Yoast SEO plugin. -->","yoast_head_json":{"title":"Publikacije - Mednarodna raziskava o uporabi enojezi\u010dnih slovarjev","robots":{"index":"noindex","follow":"follow","max-snippet":"max-snippet:-1","max-image-preview":"max-image-preview:large","max-video-preview":"max-video-preview:-1"},"og_locale":"sl_SI","og_type":"article","og_title":"Publikacije - Mednarodna raziskava o uporabi enojezi\u010dnih slovarjev","og_url":"https:\/\/www.cjvt.si\/raba-slovarjev\/publikacije\/","og_site_name":"Mednarodna raziskava o uporabi enojezi\u010dnih slovarjev","article_modified_time":"2020-05-13T10:36:27+00:00","twitter_card":"summary_large_image","twitter_misc":{"Est. reading time":"4 minute"},"schema":{"@context":"https:\/\/schema.org","@graph":[{"@type":"WebPage","@id":"https:\/\/www.cjvt.si\/raba-slovarjev\/publikacije\/","url":"https:\/\/www.cjvt.si\/raba-slovarjev\/publikacije\/","name":"Publikacije - Mednarodna raziskava o uporabi enojezi\u010dnih slovarjev","isPartOf":{"@id":"https:\/\/www.cjvt.si\/raba-slovarjev\/#website"},"datePublished":"2020-03-17T06:53:25+00:00","dateModified":"2020-05-13T10:36:27+00:00","breadcrumb":{"@id":"https:\/\/www.cjvt.si\/raba-slovarjev\/publikacije\/#breadcrumb"},"inLanguage":"sl-SI","potentialAction":[{"@type":"ReadAction","target":["https:\/\/www.cjvt.si\/raba-slovarjev\/publikacije\/"]}]},{"@type":"BreadcrumbList","@id":"https:\/\/www.cjvt.si\/raba-slovarjev\/publikacije\/#breadcrumb","itemListElement":[{"@type":"ListItem","position":1,"name":"Home","item":"https:\/\/www.cjvt.si\/raba-slovarjev\/en\/project\/"},{"@type":"ListItem","position":2,"name":"Publikacije"}]},{"@type":"WebSite","@id":"https:\/\/www.cjvt.si\/raba-slovarjev\/#website","url":"https:\/\/www.cjvt.si\/raba-slovarjev\/","name":"Mednarodna raziskava o uporabi enojezi\u010dnih slovarjev","description":"Inovativna raziskava","potentialAction":[{"@type":"SearchAction","target":{"@type":"EntryPoint","urlTemplate":"https:\/\/www.cjvt.si\/raba-slovarjev\/?s={search_term_string}"},"query-input":{"@type":"PropertyValueSpecification","valueRequired":true,"valueName":"search_term_string"}}],"inLanguage":"sl-SI"}]}},"_links":{"self":[{"href":"https:\/\/www.cjvt.si\/raba-slovarjev\/wp-json\/wp\/v2\/pages\/668","targetHints":{"allow":["GET"]}}],"collection":[{"href":"https:\/\/www.cjvt.si\/raba-slovarjev\/wp-json\/wp\/v2\/pages"}],"about":[{"href":"https:\/\/www.cjvt.si\/raba-slovarjev\/wp-json\/wp\/v2\/types\/page"}],"author":[{"embeddable":true,"href":"https:\/\/www.cjvt.si\/raba-slovarjev\/wp-json\/wp\/v2\/users\/1"}],"replies":[{"embeddable":true,"href":"https:\/\/www.cjvt.si\/raba-slovarjev\/wp-json\/wp\/v2\/comments?post=668"}],"version-history":[{"count":104,"href":"https:\/\/www.cjvt.si\/raba-slovarjev\/wp-json\/wp\/v2\/pages\/668\/revisions"}],"predecessor-version":[{"id":1202,"href":"https:\/\/www.cjvt.si\/raba-slovarjev\/wp-json\/wp\/v2\/pages\/668\/revisions\/1202"}],"wp:attachment":[{"href":"https:\/\/www.cjvt.si\/raba-slovarjev\/wp-json\/wp\/v2\/media?parent=668"}],"curies":[{"name":"wp","href":"https:\/\/api.w.org\/{rel}","templated":true}]}}