{"id":1197,"date":"2020-05-15T12:28:08","date_gmt":"2020-05-15T10:28:08","guid":{"rendered":"https:\/\/www.cjvt.starkmat.si\/kolos\/?page_id=1197"},"modified":"2020-06-23T15:52:15","modified_gmt":"2020-06-23T13:52:15","slug":"projektni-sklopi","status":"publish","type":"page","link":"https:\/\/www.cjvt.si\/rsdo\/projektni-sklopi\/","title":{"rendered":"Projektni sklopi"},"content":{"rendered":"<div class=\"flex_column av_one_full  flex_column_div av-zero-column-padding first  avia-builder-el-0  el_before_av_one_full  avia-builder-el-first  \" style='border-radius:0px; '><section class=\"av_textblock_section \"  itemscope=\"itemscope\" itemtype=\"https:\/\/schema.org\/CreativeWork\" ><div class='avia_textblock  '   itemprop=\"text\" ><h1>Projektni sklopi<\/h1>\n<\/div><\/section><br \/>\n<div   class='hr hr-short hr-left   avia-builder-el-2  el_after_av_textblock  avia-builder-el-last '><span class='hr-inner ' ><span class='hr-inner-style'><\/span><\/span><\/div><\/p><\/div>\n<div class=\"flex_column av_one_full  no_margin flex_column_div av-zero-column-padding first  avia-builder-el-3  el_after_av_one_full  avia-builder-el-last  column-top-margin\" style='margin-top:0px; margin-bottom:20px; border-radius:0px; '><section class=\"av_textblock_section \"  itemscope=\"itemscope\" itemtype=\"https:\/\/schema.org\/CreativeWork\" ><div class='avia_textblock  '   itemprop=\"text\" ><p><strong>Delovni sklop 1: vzdr\u017eevanje in nadgradnja korpusov (jezikovni viri)<\/strong><\/p>\n<p>Cilji vklju\u010dujejo nadgradnjo programa za strojno ozna\u010devanje besedil in vzpostavitev spletnega delotoka, izdelavo ali nadgradnjo u\u010dnih mno\u017eic za procesiranje naravnega jezika, nadgradnjo leksikona, korpusov pisne standardne in nestandardne sloven\u0161\u010dine, (5) korpusa govorjene sloven\u0161\u010dine ter gradnjo korpusa usvajanja sloven\u0161\u010dine kot prvega in kot drugega\/tujega jezika, korpusa parlamentarnih razprav in metakorpusa vseh ve\u010djih korpusov slovenskega jezika.<\/p>\n<p><strong>Delovni sklop 2: govorne tehnologije<\/strong><\/p>\n<p>Predvidena je izdelava govorne baze, ki bo osnova za izdelavo splo\u0161nega razpoznavalnika govora, izdelava podpornih orodij in postopka za razvoj robustnega splo\u0161nega ter specializiranega razpoznavalnika, razvoj portala s podpornimi orodji in modeli razpoznave ter priprava dolgoro\u010dnega na\u010drta nadgradnje splo\u0161nega razpoznavalnika z velikim slovarjem besed ter na\u010drta izdelave razpoznavalnika v realnem \u010dasu za domeno izobra\u017eevanja.<\/p>\n<p><strong>Delovni sklop 3: semanti\u010dni viri in tehnologije<\/strong><\/p>\n<p>Cilji vklju\u010dujejo izdelavo osrednje digitalne slovarske baze, ki zdru\u017euje razli\u010dne tipe jezikovnih podatkov o sloven\u0161\u010dini v odprtem dostopu, avtomatsko izdelavo baze znanja oz. semanti\u010dne mre\u017ee, izdelavo virov in orodij za razdvoumljanje pomenov in prepoznavanje semanti\u010dnih premikov ter za za avtomatsko povzemanje in odgovarjanje na vpra\u0161anja, izdelavo korpusov za izvajanje semanti\u010dnih analiz.<\/p>\n<p><strong>Delovni sklop 4: strojno prevajanje<\/strong><\/p>\n<p>Cilji zajemajo namestitev referen\u010dnega prevajalnika ter razvoj podpornih orodij in definiranje evalvacijskih metod, testiranje alternativnih ogrodij nevronskega strojnega prevajanja (NMT), izdelavo modelov NMT in njihovo osve\u017eevanje glede na rast korpusa prevodov, razvoj dela portala s strojnim prevajalnikom, pripravo dolgoro\u010dnega na\u010drta za razvoj strojnega prevajalnika v domeni izobra\u017eevanja ter na\u010drta za nadaljnji razvoj splo\u0161nega prevajalnika, zbiranje besedil za korpus prevodov.<\/p>\n<p><strong>Delovni sklop 5: terminolo\u0161ki portal<\/strong><\/p>\n<p>Predvidena je izdelava terminolo\u0161kega portala z iskalnikom po terminolo\u0161kih virih in spletnim konkordan\u010dnikom za analizo specializiranih korpusov, orodja za lu\u0161\u010denje terminolo\u0161kih kandidatov iz korpusov, spletnega urejevalnika terminolo\u0161kih virov, smernic in navodil za sestavljanje terminolo\u0161kih virov z vzor\u010dnimi podatkovnimi zbirkami, vzpostavitev svetovalnice za re\u0161evanje terminolo\u0161kih vpra\u0161anj in zagotovitev a\u017eurne objave odgovorov ter priprava na\u010drta razvoja in nadgradnje terminolo\u0161kega portala po zaklju\u010dku projekta.<\/p>\n<p><strong>Delovna sklopa 6 (vzdr\u017eevanje infrastrukturnega centra za jezikovne vire in tehnologije) in 7 (koordinacija in informiranje)<\/strong><\/p>\n<p>Cilji so zagotoviti obstoje\u010de in nadgrajene storitve infrastrukture CLARIN.SI, poskrbeti za razvoj in vzdr\u017eevanje shem XML, za distribucijo jezikovnih virov in orodij ter zagotoviti odkup obstoje\u010dih jezikovnih virov ter informirati uporabnike o projektnih rezultatih.<\/p>\n<\/div><\/section><\/div>\n","protected":false},"excerpt":{"rendered":"","protected":false},"author":7,"featured_media":0,"parent":0,"menu_order":0,"comment_status":"closed","ping_status":"closed","template":"","meta":{"_acf_changed":false,"_relevanssi_hide_post":"","_relevanssi_hide_content":"","_relevanssi_pin_for_all":"","_relevanssi_pin_keywords":"","_relevanssi_unpin_keywords":"","_relevanssi_related_keywords":"","_relevanssi_related_include_ids":"","_relevanssi_related_exclude_ids":"","_relevanssi_related_no_append":"","_relevanssi_related_not_related":"","_relevanssi_related_posts":"","_relevanssi_noindex_reason":"","inline_featured_image":false,"episode_type":"","audio_file":"","podmotor_file_id":"","podmotor_episode_id":"","cover_image":"","cover_image_id":"","duration":"","filesize":"","filesize_raw":"","date_recorded":"","explicit":"","block":"","itunes_episode_number":"","itunes_title":"","itunes_season_number":"","itunes_episode_type":"","footnotes":""},"class_list":["post-1197","page","type-page","status-publish","hentry"],"acf":[],"yoast_head":"<!-- This site is optimized with the Yoast SEO plugin v27.3 - https:\/\/yoast.com\/product\/yoast-seo-wordpress\/ -->\n<title>Projektni sklopi - RSDO<\/title>\n<meta name=\"robots\" content=\"index, follow, max-snippet:-1, max-image-preview:large, max-video-preview:-1\" \/>\n<link rel=\"canonical\" href=\"https:\/\/www.cjvt.si\/rsdo\/projektni-sklopi\/\" \/>\n<meta property=\"og:locale\" content=\"sl_SI\" \/>\n<meta property=\"og:type\" content=\"article\" \/>\n<meta property=\"og:title\" content=\"Projektni sklopi - RSDO\" \/>\n<meta property=\"og:url\" content=\"https:\/\/www.cjvt.si\/rsdo\/projektni-sklopi\/\" \/>\n<meta property=\"og:site_name\" content=\"RSDO\" \/>\n<meta property=\"article:modified_time\" content=\"2020-06-23T13:52:15+00:00\" \/>\n<meta name=\"twitter:card\" content=\"summary_large_image\" \/>\n<meta name=\"twitter:label1\" content=\"Est. reading time\" \/>\n\t<meta name=\"twitter:data1\" content=\"4 minute\" \/>\n<script type=\"application\/ld+json\" class=\"yoast-schema-graph\">{\"@context\":\"https:\\\/\\\/schema.org\",\"@graph\":[{\"@type\":\"WebPage\",\"@id\":\"https:\\\/\\\/www.cjvt.si\\\/rsdo\\\/projektni-sklopi\\\/\",\"url\":\"https:\\\/\\\/www.cjvt.si\\\/rsdo\\\/projektni-sklopi\\\/\",\"name\":\"Projektni sklopi - RSDO\",\"isPartOf\":{\"@id\":\"https:\\\/\\\/www.cjvt.si\\\/rsdo\\\/#website\"},\"datePublished\":\"2020-05-15T10:28:08+00:00\",\"dateModified\":\"2020-06-23T13:52:15+00:00\",\"breadcrumb\":{\"@id\":\"https:\\\/\\\/www.cjvt.si\\\/rsdo\\\/projektni-sklopi\\\/#breadcrumb\"},\"inLanguage\":\"sl-SI\",\"potentialAction\":[{\"@type\":\"ReadAction\",\"target\":[\"https:\\\/\\\/www.cjvt.si\\\/rsdo\\\/projektni-sklopi\\\/\"]}]},{\"@type\":\"BreadcrumbList\",\"@id\":\"https:\\\/\\\/www.cjvt.si\\\/rsdo\\\/projektni-sklopi\\\/#breadcrumb\",\"itemListElement\":[{\"@type\":\"ListItem\",\"position\":1,\"name\":\"Home\",\"item\":\"https:\\\/\\\/www.cjvt.si\\\/rsdo\\\/\"},{\"@type\":\"ListItem\",\"position\":2,\"name\":\"Projektni sklopi\"}]},{\"@type\":\"WebSite\",\"@id\":\"https:\\\/\\\/www.cjvt.si\\\/rsdo\\\/#website\",\"url\":\"https:\\\/\\\/www.cjvt.si\\\/rsdo\\\/\",\"name\":\"RSDO\",\"description\":\"\",\"potentialAction\":[{\"@type\":\"SearchAction\",\"target\":{\"@type\":\"EntryPoint\",\"urlTemplate\":\"https:\\\/\\\/www.cjvt.si\\\/rsdo\\\/?s={search_term_string}\"},\"query-input\":{\"@type\":\"PropertyValueSpecification\",\"valueRequired\":true,\"valueName\":\"search_term_string\"}}],\"inLanguage\":\"sl-SI\"}]}<\/script>\n<!-- \/ Yoast SEO plugin. -->","yoast_head_json":{"title":"Projektni sklopi - RSDO","robots":{"index":"index","follow":"follow","max-snippet":"max-snippet:-1","max-image-preview":"max-image-preview:large","max-video-preview":"max-video-preview:-1"},"canonical":"https:\/\/www.cjvt.si\/rsdo\/projektni-sklopi\/","og_locale":"sl_SI","og_type":"article","og_title":"Projektni sklopi - RSDO","og_url":"https:\/\/www.cjvt.si\/rsdo\/projektni-sklopi\/","og_site_name":"RSDO","article_modified_time":"2020-06-23T13:52:15+00:00","twitter_card":"summary_large_image","twitter_misc":{"Est. reading time":"4 minute"},"schema":{"@context":"https:\/\/schema.org","@graph":[{"@type":"WebPage","@id":"https:\/\/www.cjvt.si\/rsdo\/projektni-sklopi\/","url":"https:\/\/www.cjvt.si\/rsdo\/projektni-sklopi\/","name":"Projektni sklopi - RSDO","isPartOf":{"@id":"https:\/\/www.cjvt.si\/rsdo\/#website"},"datePublished":"2020-05-15T10:28:08+00:00","dateModified":"2020-06-23T13:52:15+00:00","breadcrumb":{"@id":"https:\/\/www.cjvt.si\/rsdo\/projektni-sklopi\/#breadcrumb"},"inLanguage":"sl-SI","potentialAction":[{"@type":"ReadAction","target":["https:\/\/www.cjvt.si\/rsdo\/projektni-sklopi\/"]}]},{"@type":"BreadcrumbList","@id":"https:\/\/www.cjvt.si\/rsdo\/projektni-sklopi\/#breadcrumb","itemListElement":[{"@type":"ListItem","position":1,"name":"Home","item":"https:\/\/www.cjvt.si\/rsdo\/"},{"@type":"ListItem","position":2,"name":"Projektni sklopi"}]},{"@type":"WebSite","@id":"https:\/\/www.cjvt.si\/rsdo\/#website","url":"https:\/\/www.cjvt.si\/rsdo\/","name":"RSDO","description":"","potentialAction":[{"@type":"SearchAction","target":{"@type":"EntryPoint","urlTemplate":"https:\/\/www.cjvt.si\/rsdo\/?s={search_term_string}"},"query-input":{"@type":"PropertyValueSpecification","valueRequired":true,"valueName":"search_term_string"}}],"inLanguage":"sl-SI"}]}},"_links":{"self":[{"href":"https:\/\/www.cjvt.si\/rsdo\/wp-json\/wp\/v2\/pages\/1197","targetHints":{"allow":["GET"]}}],"collection":[{"href":"https:\/\/www.cjvt.si\/rsdo\/wp-json\/wp\/v2\/pages"}],"about":[{"href":"https:\/\/www.cjvt.si\/rsdo\/wp-json\/wp\/v2\/types\/page"}],"author":[{"embeddable":true,"href":"https:\/\/www.cjvt.si\/rsdo\/wp-json\/wp\/v2\/users\/7"}],"replies":[{"embeddable":true,"href":"https:\/\/www.cjvt.si\/rsdo\/wp-json\/wp\/v2\/comments?post=1197"}],"version-history":[{"count":4,"href":"https:\/\/www.cjvt.si\/rsdo\/wp-json\/wp\/v2\/pages\/1197\/revisions"}],"predecessor-version":[{"id":1444,"href":"https:\/\/www.cjvt.si\/rsdo\/wp-json\/wp\/v2\/pages\/1197\/revisions\/1444"}],"wp:attachment":[{"href":"https:\/\/www.cjvt.si\/rsdo\/wp-json\/wp\/v2\/media?parent=1197"}],"curies":[{"name":"wp","href":"https:\/\/api.w.org\/{rel}","templated":true}]}}