{"id":1266,"date":"2020-06-24T13:40:15","date_gmt":"2020-06-24T11:40:15","guid":{"rendered":"https:\/\/www.cjvt.si\/rsdo\/?page_id=1266"},"modified":"2020-06-24T13:40:15","modified_gmt":"2020-06-24T11:40:15","slug":"ds3-semanticni-viri-in-tehnologije","status":"publish","type":"page","link":"https:\/\/www.cjvt.si\/rsdo\/ds3\/","title":{"rendered":"DS3: semanti\u010dni viri in tehnologije"},"content":{"rendered":"<div class=\"flex_column av_one_full  no_margin flex_column_div av-zero-column-padding first  avia-builder-el-0  avia-builder-el-no-sibling  \" style='margin-top:0px; margin-bottom:20px; border-radius:0px; '><section class=\"av_textblock_section \"  itemscope=\"itemscope\" itemtype=\"https:\/\/schema.org\/CreativeWork\" ><div class='avia_textblock  '   itemprop=\"text\" ><p><strong>Delovni sklop 3: semanti\u010dni viri in tehnologije<\/strong><\/p>\n<p>Cilji vklju\u010dujejo izdelavo osrednje digitalne slovarske baze, ki zdru\u017euje razli\u010dne tipe jezikovnih podatkov o sloven\u0161\u010dini v odprtem dostopu, avtomatsko izdelavo baze znanja oz. semanti\u010dne mre\u017ee, izdelavo virov in orodij za razdvoumljanje pomenov in prepoznavanje semanti\u010dnih premikov ter za za avtomatsko povzemanje in odgovarjanje na vpra\u0161anja, izdelavo korpusov za izvajanje semanti\u010dnih analiz.<\/p>\n<\/div><\/section><\/div>\n","protected":false},"excerpt":{"rendered":"","protected":false},"author":10,"featured_media":0,"parent":0,"menu_order":0,"comment_status":"closed","ping_status":"closed","template":"","meta":{"_acf_changed":false,"_relevanssi_hide_post":"","_relevanssi_hide_content":"","_relevanssi_pin_for_all":"","_relevanssi_pin_keywords":"","_relevanssi_unpin_keywords":"","_relevanssi_related_keywords":"","_relevanssi_related_include_ids":"","_relevanssi_related_exclude_ids":"","_relevanssi_related_no_append":"","_relevanssi_related_not_related":"","_relevanssi_related_posts":"","_relevanssi_noindex_reason":"","inline_featured_image":false,"episode_type":"","audio_file":"","podmotor_file_id":"","podmotor_episode_id":"","cover_image":"","cover_image_id":"","duration":"","filesize":"","filesize_raw":"","date_recorded":"","explicit":"","block":"","itunes_episode_number":"","itunes_title":"","itunes_season_number":"","itunes_episode_type":"","footnotes":""},"class_list":["post-1266","page","type-page","status-publish","hentry"],"acf":[],"yoast_head":"<!-- This site is optimized with the Yoast SEO plugin v27.3 - https:\/\/yoast.com\/product\/yoast-seo-wordpress\/ -->\n<title>DS3: semanti\u010dni viri in tehnologije - RSDO<\/title>\n<meta name=\"robots\" content=\"index, follow, max-snippet:-1, max-image-preview:large, max-video-preview:-1\" \/>\n<link rel=\"canonical\" href=\"https:\/\/www.cjvt.si\/rsdo\/ds3\/\" \/>\n<meta property=\"og:locale\" content=\"sl_SI\" \/>\n<meta property=\"og:type\" content=\"article\" \/>\n<meta property=\"og:title\" content=\"DS3: semanti\u010dni viri in tehnologije - RSDO\" \/>\n<meta property=\"og:url\" content=\"https:\/\/www.cjvt.si\/rsdo\/ds3\/\" \/>\n<meta property=\"og:site_name\" content=\"RSDO\" \/>\n<meta name=\"twitter:card\" content=\"summary_large_image\" \/>\n<meta name=\"twitter:label1\" content=\"Est. reading time\" \/>\n\t<meta name=\"twitter:data1\" content=\"1 minuta\" \/>\n<script type=\"application\/ld+json\" class=\"yoast-schema-graph\">{\"@context\":\"https:\\\/\\\/schema.org\",\"@graph\":[{\"@type\":\"WebPage\",\"@id\":\"https:\\\/\\\/www.cjvt.si\\\/rsdo\\\/ds3\\\/\",\"url\":\"https:\\\/\\\/www.cjvt.si\\\/rsdo\\\/ds3\\\/\",\"name\":\"DS3: semanti\u010dni viri in tehnologije - RSDO\",\"isPartOf\":{\"@id\":\"https:\\\/\\\/www.cjvt.si\\\/rsdo\\\/#website\"},\"datePublished\":\"2020-06-24T11:40:15+00:00\",\"breadcrumb\":{\"@id\":\"https:\\\/\\\/www.cjvt.si\\\/rsdo\\\/ds3\\\/#breadcrumb\"},\"inLanguage\":\"sl-SI\",\"potentialAction\":[{\"@type\":\"ReadAction\",\"target\":[\"https:\\\/\\\/www.cjvt.si\\\/rsdo\\\/ds3\\\/\"]}]},{\"@type\":\"BreadcrumbList\",\"@id\":\"https:\\\/\\\/www.cjvt.si\\\/rsdo\\\/ds3\\\/#breadcrumb\",\"itemListElement\":[{\"@type\":\"ListItem\",\"position\":1,\"name\":\"Home\",\"item\":\"https:\\\/\\\/www.cjvt.si\\\/rsdo\\\/\"},{\"@type\":\"ListItem\",\"position\":2,\"name\":\"DS3: semanti\u010dni viri in tehnologije\"}]},{\"@type\":\"WebSite\",\"@id\":\"https:\\\/\\\/www.cjvt.si\\\/rsdo\\\/#website\",\"url\":\"https:\\\/\\\/www.cjvt.si\\\/rsdo\\\/\",\"name\":\"RSDO\",\"description\":\"\",\"potentialAction\":[{\"@type\":\"SearchAction\",\"target\":{\"@type\":\"EntryPoint\",\"urlTemplate\":\"https:\\\/\\\/www.cjvt.si\\\/rsdo\\\/?s={search_term_string}\"},\"query-input\":{\"@type\":\"PropertyValueSpecification\",\"valueRequired\":true,\"valueName\":\"search_term_string\"}}],\"inLanguage\":\"sl-SI\"}]}<\/script>\n<!-- \/ Yoast SEO plugin. -->","yoast_head_json":{"title":"DS3: semanti\u010dni viri in tehnologije - RSDO","robots":{"index":"index","follow":"follow","max-snippet":"max-snippet:-1","max-image-preview":"max-image-preview:large","max-video-preview":"max-video-preview:-1"},"canonical":"https:\/\/www.cjvt.si\/rsdo\/ds3\/","og_locale":"sl_SI","og_type":"article","og_title":"DS3: semanti\u010dni viri in tehnologije - RSDO","og_url":"https:\/\/www.cjvt.si\/rsdo\/ds3\/","og_site_name":"RSDO","twitter_card":"summary_large_image","twitter_misc":{"Est. reading time":"1 minuta"},"schema":{"@context":"https:\/\/schema.org","@graph":[{"@type":"WebPage","@id":"https:\/\/www.cjvt.si\/rsdo\/ds3\/","url":"https:\/\/www.cjvt.si\/rsdo\/ds3\/","name":"DS3: semanti\u010dni viri in tehnologije - RSDO","isPartOf":{"@id":"https:\/\/www.cjvt.si\/rsdo\/#website"},"datePublished":"2020-06-24T11:40:15+00:00","breadcrumb":{"@id":"https:\/\/www.cjvt.si\/rsdo\/ds3\/#breadcrumb"},"inLanguage":"sl-SI","potentialAction":[{"@type":"ReadAction","target":["https:\/\/www.cjvt.si\/rsdo\/ds3\/"]}]},{"@type":"BreadcrumbList","@id":"https:\/\/www.cjvt.si\/rsdo\/ds3\/#breadcrumb","itemListElement":[{"@type":"ListItem","position":1,"name":"Home","item":"https:\/\/www.cjvt.si\/rsdo\/"},{"@type":"ListItem","position":2,"name":"DS3: semanti\u010dni viri in tehnologije"}]},{"@type":"WebSite","@id":"https:\/\/www.cjvt.si\/rsdo\/#website","url":"https:\/\/www.cjvt.si\/rsdo\/","name":"RSDO","description":"","potentialAction":[{"@type":"SearchAction","target":{"@type":"EntryPoint","urlTemplate":"https:\/\/www.cjvt.si\/rsdo\/?s={search_term_string}"},"query-input":{"@type":"PropertyValueSpecification","valueRequired":true,"valueName":"search_term_string"}}],"inLanguage":"sl-SI"}]}},"_links":{"self":[{"href":"https:\/\/www.cjvt.si\/rsdo\/wp-json\/wp\/v2\/pages\/1266","targetHints":{"allow":["GET"]}}],"collection":[{"href":"https:\/\/www.cjvt.si\/rsdo\/wp-json\/wp\/v2\/pages"}],"about":[{"href":"https:\/\/www.cjvt.si\/rsdo\/wp-json\/wp\/v2\/types\/page"}],"author":[{"embeddable":true,"href":"https:\/\/www.cjvt.si\/rsdo\/wp-json\/wp\/v2\/users\/10"}],"replies":[{"embeddable":true,"href":"https:\/\/www.cjvt.si\/rsdo\/wp-json\/wp\/v2\/comments?post=1266"}],"version-history":[{"count":2,"href":"https:\/\/www.cjvt.si\/rsdo\/wp-json\/wp\/v2\/pages\/1266\/revisions"}],"predecessor-version":[{"id":1269,"href":"https:\/\/www.cjvt.si\/rsdo\/wp-json\/wp\/v2\/pages\/1266\/revisions\/1269"}],"wp:attachment":[{"href":"https:\/\/www.cjvt.si\/rsdo\/wp-json\/wp\/v2\/media?parent=1266"}],"curies":[{"name":"wp","href":"https:\/\/api.w.org\/{rel}","templated":true}]}}