{"id":1274,"date":"2020-06-24T13:43:43","date_gmt":"2020-06-24T11:43:43","guid":{"rendered":"https:\/\/www.cjvt.si\/rsdo\/?page_id=1274"},"modified":"2020-06-24T14:37:34","modified_gmt":"2020-06-24T12:37:34","slug":"ds6-vzdrzevanje-infrastrukturnega-centra-za-jezikovne-vire-in-tehnologije","status":"publish","type":"page","link":"https:\/\/www.cjvt.si\/rsdo\/ds6\/","title":{"rendered":"DS6: vzdr\u017eevanje infrastrukturnega centra"},"content":{"rendered":"<div class=\"flex_column av_one_full  no_margin flex_column_div av-zero-column-padding first  avia-builder-el-0  avia-builder-el-no-sibling  \" style='margin-top:0px; margin-bottom:20px; border-radius:0px; '><section class=\"av_textblock_section \"  itemscope=\"itemscope\" itemtype=\"https:\/\/schema.org\/CreativeWork\" ><div class='avia_textblock  '   itemprop=\"text\" ><p><strong>Delovni sklop 6: vzdr\u017eevanje infrastrukturnega centra za jezikovne vire in tehnologije<\/strong><\/p>\n<p>Cilji so zagotoviti obstoje\u010de in nadgrajene storitve infrastrukture CLARIN.SI, poskrbeti za razvoj in vzdr\u017eevanje shem XML, za distribucijo jezikovnih virov in orodij ter zagotoviti odkup obstoje\u010dih jezikovnih virov ter informirati uporabnike o projektnih rezultatih.<\/p>\n<\/div><\/section><\/div>\n","protected":false},"excerpt":{"rendered":"","protected":false},"author":10,"featured_media":0,"parent":0,"menu_order":0,"comment_status":"closed","ping_status":"closed","template":"","meta":{"_acf_changed":false,"_relevanssi_hide_post":"","_relevanssi_hide_content":"","_relevanssi_pin_for_all":"","_relevanssi_pin_keywords":"","_relevanssi_unpin_keywords":"","_relevanssi_related_keywords":"","_relevanssi_related_include_ids":"","_relevanssi_related_exclude_ids":"","_relevanssi_related_no_append":"","_relevanssi_related_not_related":"","_relevanssi_related_posts":"","_relevanssi_noindex_reason":"","inline_featured_image":false,"episode_type":"","audio_file":"","podmotor_file_id":"","podmotor_episode_id":"","cover_image":"","cover_image_id":"","duration":"","filesize":"","filesize_raw":"","date_recorded":"","explicit":"","block":"","itunes_episode_number":"","itunes_title":"","itunes_season_number":"","itunes_episode_type":"","footnotes":""},"class_list":["post-1274","page","type-page","status-publish","hentry"],"acf":[],"yoast_head":"<!-- This site is optimized with the Yoast SEO plugin v27.3 - https:\/\/yoast.com\/product\/yoast-seo-wordpress\/ -->\n<title>DS6: vzdr\u017eevanje infrastrukturnega centra - RSDO<\/title>\n<meta name=\"robots\" content=\"index, follow, max-snippet:-1, max-image-preview:large, max-video-preview:-1\" \/>\n<link rel=\"canonical\" href=\"https:\/\/www.cjvt.si\/rsdo\/ds6\/\" \/>\n<meta property=\"og:locale\" content=\"sl_SI\" \/>\n<meta property=\"og:type\" content=\"article\" \/>\n<meta property=\"og:title\" content=\"DS6: vzdr\u017eevanje infrastrukturnega centra - RSDO\" \/>\n<meta property=\"og:url\" content=\"https:\/\/www.cjvt.si\/rsdo\/ds6\/\" \/>\n<meta property=\"og:site_name\" content=\"RSDO\" \/>\n<meta property=\"article:modified_time\" content=\"2020-06-24T12:37:34+00:00\" \/>\n<meta name=\"twitter:card\" content=\"summary_large_image\" \/>\n<meta name=\"twitter:label1\" content=\"Est. reading time\" \/>\n\t<meta name=\"twitter:data1\" content=\"1 minuta\" \/>\n<script type=\"application\/ld+json\" class=\"yoast-schema-graph\">{\"@context\":\"https:\\\/\\\/schema.org\",\"@graph\":[{\"@type\":\"WebPage\",\"@id\":\"https:\\\/\\\/www.cjvt.si\\\/rsdo\\\/ds6\\\/\",\"url\":\"https:\\\/\\\/www.cjvt.si\\\/rsdo\\\/ds6\\\/\",\"name\":\"DS6: vzdr\u017eevanje infrastrukturnega centra - RSDO\",\"isPartOf\":{\"@id\":\"https:\\\/\\\/www.cjvt.si\\\/rsdo\\\/#website\"},\"datePublished\":\"2020-06-24T11:43:43+00:00\",\"dateModified\":\"2020-06-24T12:37:34+00:00\",\"breadcrumb\":{\"@id\":\"https:\\\/\\\/www.cjvt.si\\\/rsdo\\\/ds6\\\/#breadcrumb\"},\"inLanguage\":\"sl-SI\",\"potentialAction\":[{\"@type\":\"ReadAction\",\"target\":[\"https:\\\/\\\/www.cjvt.si\\\/rsdo\\\/ds6\\\/\"]}]},{\"@type\":\"BreadcrumbList\",\"@id\":\"https:\\\/\\\/www.cjvt.si\\\/rsdo\\\/ds6\\\/#breadcrumb\",\"itemListElement\":[{\"@type\":\"ListItem\",\"position\":1,\"name\":\"Home\",\"item\":\"https:\\\/\\\/www.cjvt.si\\\/rsdo\\\/\"},{\"@type\":\"ListItem\",\"position\":2,\"name\":\"DS6: vzdr\u017eevanje infrastrukturnega centra\"}]},{\"@type\":\"WebSite\",\"@id\":\"https:\\\/\\\/www.cjvt.si\\\/rsdo\\\/#website\",\"url\":\"https:\\\/\\\/www.cjvt.si\\\/rsdo\\\/\",\"name\":\"RSDO\",\"description\":\"\",\"potentialAction\":[{\"@type\":\"SearchAction\",\"target\":{\"@type\":\"EntryPoint\",\"urlTemplate\":\"https:\\\/\\\/www.cjvt.si\\\/rsdo\\\/?s={search_term_string}\"},\"query-input\":{\"@type\":\"PropertyValueSpecification\",\"valueRequired\":true,\"valueName\":\"search_term_string\"}}],\"inLanguage\":\"sl-SI\"}]}<\/script>\n<!-- \/ Yoast SEO plugin. -->","yoast_head_json":{"title":"DS6: vzdr\u017eevanje infrastrukturnega centra - RSDO","robots":{"index":"index","follow":"follow","max-snippet":"max-snippet:-1","max-image-preview":"max-image-preview:large","max-video-preview":"max-video-preview:-1"},"canonical":"https:\/\/www.cjvt.si\/rsdo\/ds6\/","og_locale":"sl_SI","og_type":"article","og_title":"DS6: vzdr\u017eevanje infrastrukturnega centra - RSDO","og_url":"https:\/\/www.cjvt.si\/rsdo\/ds6\/","og_site_name":"RSDO","article_modified_time":"2020-06-24T12:37:34+00:00","twitter_card":"summary_large_image","twitter_misc":{"Est. reading time":"1 minuta"},"schema":{"@context":"https:\/\/schema.org","@graph":[{"@type":"WebPage","@id":"https:\/\/www.cjvt.si\/rsdo\/ds6\/","url":"https:\/\/www.cjvt.si\/rsdo\/ds6\/","name":"DS6: vzdr\u017eevanje infrastrukturnega centra - RSDO","isPartOf":{"@id":"https:\/\/www.cjvt.si\/rsdo\/#website"},"datePublished":"2020-06-24T11:43:43+00:00","dateModified":"2020-06-24T12:37:34+00:00","breadcrumb":{"@id":"https:\/\/www.cjvt.si\/rsdo\/ds6\/#breadcrumb"},"inLanguage":"sl-SI","potentialAction":[{"@type":"ReadAction","target":["https:\/\/www.cjvt.si\/rsdo\/ds6\/"]}]},{"@type":"BreadcrumbList","@id":"https:\/\/www.cjvt.si\/rsdo\/ds6\/#breadcrumb","itemListElement":[{"@type":"ListItem","position":1,"name":"Home","item":"https:\/\/www.cjvt.si\/rsdo\/"},{"@type":"ListItem","position":2,"name":"DS6: vzdr\u017eevanje infrastrukturnega centra"}]},{"@type":"WebSite","@id":"https:\/\/www.cjvt.si\/rsdo\/#website","url":"https:\/\/www.cjvt.si\/rsdo\/","name":"RSDO","description":"","potentialAction":[{"@type":"SearchAction","target":{"@type":"EntryPoint","urlTemplate":"https:\/\/www.cjvt.si\/rsdo\/?s={search_term_string}"},"query-input":{"@type":"PropertyValueSpecification","valueRequired":true,"valueName":"search_term_string"}}],"inLanguage":"sl-SI"}]}},"_links":{"self":[{"href":"https:\/\/www.cjvt.si\/rsdo\/wp-json\/wp\/v2\/pages\/1274","targetHints":{"allow":["GET"]}}],"collection":[{"href":"https:\/\/www.cjvt.si\/rsdo\/wp-json\/wp\/v2\/pages"}],"about":[{"href":"https:\/\/www.cjvt.si\/rsdo\/wp-json\/wp\/v2\/types\/page"}],"author":[{"embeddable":true,"href":"https:\/\/www.cjvt.si\/rsdo\/wp-json\/wp\/v2\/users\/10"}],"replies":[{"embeddable":true,"href":"https:\/\/www.cjvt.si\/rsdo\/wp-json\/wp\/v2\/comments?post=1274"}],"version-history":[{"count":3,"href":"https:\/\/www.cjvt.si\/rsdo\/wp-json\/wp\/v2\/pages\/1274\/revisions"}],"predecessor-version":[{"id":1293,"href":"https:\/\/www.cjvt.si\/rsdo\/wp-json\/wp\/v2\/pages\/1274\/revisions\/1293"}],"wp:attachment":[{"href":"https:\/\/www.cjvt.si\/rsdo\/wp-json\/wp\/v2\/media?parent=1274"}],"curies":[{"name":"wp","href":"https:\/\/api.w.org\/{rel}","templated":true}]}}