{"id":1349,"date":"2023-03-03T11:50:01","date_gmt":"2023-03-03T10:50:01","guid":{"rendered":"https:\/\/www.cjvt.si\/rsdo\/?page_id=1349"},"modified":"2023-06-08T10:05:41","modified_gmt":"2023-06-08T08:05:41","slug":"strategija-razvoja","status":"publish","type":"page","link":"https:\/\/www.cjvt.si\/rsdo\/strategija-razvoja\/","title":{"rendered":"Strategija razvoja"},"content":{"rendered":"<section class=\"av_textblock_section \"  itemscope=\"itemscope\" itemtype=\"https:\/\/schema.org\/CreativeWork\" ><div class='avia_textblock  '   itemprop=\"text\" ><h2>Strategija razvoja virov in tehnologij za sloven\u0161\u010dino<\/h2>\n<\/div><\/section>\n<div   class='hr hr-default   avia-builder-el-1  el_after_av_textblock  el_before_av_tab_container '><span class='hr-inner ' ><span class='hr-inner-style'><\/span><\/span><\/div>\n<div  class=\"tabcontainer   top_tab   avia-builder-el-2  el_after_av_hr  el_before_av_hr \">\n\n<section class=\"av_tab_section\"  itemscope=\"itemscope\" itemtype=\"https:\/\/schema.org\/CreativeWork\" >    <div aria-controls=\"tab-id-1\" role=\"tab\" tabindex=\"0\" data-fake-id=\"#tab-id-1\" class=\"tab active_tab\"  itemprop=\"headline\" ><span class='tab_icon' aria-hidden='true' data-av_icon='\ue84f' data-av_iconfont='entypo-fontello'><\/span>Jezikovni viri<\/div>\n    <div id=\"tab-id-1-container\" class=\"tab_content active_tab_content\" aria-hidden=\"false\">\n        <div class=\"tab_inner_content invers-color\"  itemprop=\"text\" >\n<h3>Jezikovni viri in orodja za procesiranje sloven\u0161\u010dine<\/h3>\n<p>V sklopu Jezikovni viri smo nadgradili slovenske besedilne korpuse in leksikon besednih oblik. Prenovljene so bile u\u010dne mno\u017eice in postopki za strojno ozna\u010devanje sodobne sloven\u0161\u010dine. Rezultat so osve\u017eeni in pove\u010dani jezikovni viri, ki so na voljo tako uporabni\u0161ki skupnosti kot za strojno rabo. Z razvitimi postopki in orodji bo posodabljanje slovenskih korpusov v prihodnosti hitrej\u0161e in preprostej\u0161e.<\/p>\n<p><strong><a href=\"https:\/\/www.cjvt.si\/rsdo\/wp-content\/uploads\/sites\/18\/2023\/03\/Trajnostni_nacrt_razvoja_RSDO_DS1-Jezikovni_viri.pdf\">Trajnostni na\u010drt razvoja &#8211; Jezikovni viri<\/a><\/strong><\/p>\n\n        <\/div>\n    <\/div>\n<\/section>\n\n<section class=\"av_tab_section\"  itemscope=\"itemscope\" itemtype=\"https:\/\/schema.org\/CreativeWork\" >    <div aria-controls=\"tab-id-2\" role=\"tab\" tabindex=\"0\" data-fake-id=\"#tab-id-2\" class=\"tab \"  itemprop=\"headline\" ><span class='tab_icon' aria-hidden='true' data-av_icon='\ue85e' data-av_iconfont='entypo-fontello'><\/span>Govorne tehnologije<\/div>\n    <div id=\"tab-id-2-container\" class=\"tab_content \" aria-hidden=\"true\">\n        <div class=\"tab_inner_content invers-color\"  itemprop=\"text\" >\n<h3>Govorne tehnologije za sloven\u0161\u010dino<\/h3>\n<p>Izdelana je bila govorna baza kot osnova za izdelavo splo\u0161nega razpoznavalnika govora, podporna orodja in postopki za razvoj robustnega splo\u0161nega ter specializiranega razpoznavalnika. Razvit je bil portal s podpornimi orodji in modeli razpoznave. Pripravljen je bil tudi dolgoro\u010dni na\u010drt nadgradnje splo\u0161nega razpoznavalnika z velikim slovarjem besed ter na\u010drta izdelave razpoznavalnika v realnem \u010dasu za domeno izobra\u017eevanja.<\/p>\n<p><strong><a href=\"https:\/\/www.cjvt.si\/rsdo\/wp-content\/uploads\/sites\/18\/2023\/03\/Trajnostni_nacrt_razvoja_RSDO_DS2-Govorne_tehnologije.pdf\">Trajnostni na\u010drt razvoja &#8211; Govorne tehnologije<\/a><\/strong><\/p>\n\n        <\/div>\n    <\/div>\n<\/section>\n\n<section class=\"av_tab_section\"  itemscope=\"itemscope\" itemtype=\"https:\/\/schema.org\/CreativeWork\" >    <div aria-controls=\"tab-id-3\" role=\"tab\" tabindex=\"0\" data-fake-id=\"#tab-id-3\" class=\"tab \"  itemprop=\"headline\" ><span class='tab_icon' aria-hidden='true' data-av_icon='\ue857' data-av_iconfont='entypo-fontello'><\/span>Semanti\u010dne tehnologije<\/div>\n    <div id=\"tab-id-3-container\" class=\"tab_content \" aria-hidden=\"true\">\n        <div class=\"tab_inner_content invers-color\"  itemprop=\"text\" >\n<h3>Semanti\u010dni viri in tehnologije<\/h3>\n<p>Izdelan je bil podatkovni model osrednje digitalne slovarske baze, ki zdru\u017euje razli\u010dne tipe jezikovnih podatkov o sloven\u0161\u010dini v odprtem dostopu. Odkupljeni so bili slovarski in enciklopedi\u010dni viri. Avtomatsko je bila izdelana baza znanja oz. semanti\u010dna mre\u017ea. Izdelani so bili viri in orodja za razdvoumljanje pomenov, prepoznavanje semanti\u010dnih premikov ter za za avtomatsko povzemanje in odgovarjanje na vpra\u0161anja. Izdelani so bili tudi korpusi za izvajanje semanti\u010dnih analiz.<\/p>\n<p><strong><a href=\"https:\/\/www.cjvt.si\/rsdo\/wp-content\/uploads\/sites\/18\/2023\/03\/Trajnostni_nacrt_razvoja_RSDO_DS3-Semanticne_tehnologije.pdf\">Trajnostni na\u010drt razvoja &#8211; Semanti\u010dni viri in tehnologije<\/a><\/strong><\/p>\n<p><strong><a href=\"https:\/\/www.cjvt.si\/rsdo\/wp-content\/uploads\/sites\/18\/2023\/03\/ANGLEr-report-2023_02_27.pdf\">Zasnova orodja in smernice za gradnjo interoperabilnih semanti\u010dnih tehnologij<\/a><\/strong><\/p>\n\n        <\/div>\n    <\/div>\n<\/section>\n\n<section class=\"av_tab_section\"  itemscope=\"itemscope\" itemtype=\"https:\/\/schema.org\/CreativeWork\" >    <div aria-controls=\"tab-id-4\" role=\"tab\" tabindex=\"0\" data-fake-id=\"#tab-id-4\" class=\"tab \"  itemprop=\"headline\" ><span class='tab_icon' aria-hidden='true' data-av_icon='\ue894' data-av_iconfont='entypo-fontello'><\/span>Strojno prevajanje<\/div>\n    <div id=\"tab-id-4-container\" class=\"tab_content \" aria-hidden=\"true\">\n        <div class=\"tab_inner_content invers-color\"  itemprop=\"text\" >\n<h3>Strojno prevajanje<\/h3>\n<p>Izdelan je bil strojni prevajalnik za par angle\u0161\u010dina-sloven\u0161\u010dina, razvita so bila podporna orodja, definirane so bile evalvacijske metode za preverjanje kvalitete prevodov. Testirana so bila tudi alternativna ogrodja za nevronsko strojno prevajanje, izdelani so bili modeli NMT, ki smo jih osve\u017eevali glede na rast korpusa prevodov. Razvit je bil demonstracijski portal s strojnim prevajalnikom, pripravljen je bil dolgoro\u010dni na\u010drt za razvoj strojnega prevajalnika v domeni izobra\u017eevanja ter na\u010drt za nadaljnji razvoj splo\u0161nega prevajalnika ter zbiranje besedil za korpus prevodov.<\/p>\n<p><strong><a href=\"https:\/\/www.cjvt.si\/rsdo\/wp-content\/uploads\/sites\/18\/2023\/03\/Trajnostni_nacrt_razvoja_RSDO_DS4-Strojno_prevajanje.pdf\">Trajnostni na\u010drt razvoja &#8211; Strojno prevajanje<\/a><\/strong><\/p>\n\n        <\/div>\n    <\/div>\n<\/section>\n\n<section class=\"av_tab_section\"  itemscope=\"itemscope\" itemtype=\"https:\/\/schema.org\/CreativeWork\" >    <div aria-controls=\"tab-id-5\" role=\"tab\" tabindex=\"0\" data-fake-id=\"#tab-id-5\" class=\"tab \"  itemprop=\"headline\" ><span class='tab_icon' aria-hidden='true' data-av_icon='\ue8c9' data-av_iconfont='entypo-fontello'><\/span>Terminolo\u0161ki portal<\/div>\n    <div id=\"tab-id-5-container\" class=\"tab_content \" aria-hidden=\"true\">\n        <div class=\"tab_inner_content invers-color\"  itemprop=\"text\" >\n<h3>Slovenski terminolo\u0161ki portal<\/h3>\n<p>Izdelan je bil terminolo\u0161ki portal z iskalnikom po terminolo\u0161kih virih in spletnim konkordan\u010dnikom za analizo specializiranih korpusov, orodje za lu\u0161\u010denje terminolo\u0161kih kandidatov iz korpusov in spletni urejevalnik terminolo\u0161kih virov. Izdelane so bile smernice in navodila za sestavljanje terminolo\u0161kih virov z vzor\u010dnimi podatkovnimi zbirkami, vzpostavljena je bila svetovalnica za re\u0161evanje terminolo\u0161kih vpra\u0161anj, ki zagotavlja a\u017eurne objave odgovorov. Pripravljen je bil na\u010drt razvoja in nadgradnje terminolo\u0161kega portala po zaklju\u010dku projekta.<\/p>\n<p><strong><a href=\"https:\/\/www.cjvt.si\/rsdo\/wp-content\/uploads\/sites\/18\/2023\/03\/RSDO_nacrt_razvoja_Terminoloski_portal_2023_v3.pdf\">Trajnostni na\u010drt razvoja &#8211; Terminolo\u0161ki portal<\/a><\/strong><\/p>\n\n        <\/div>\n    <\/div>\n<\/section>\n\n<\/div>\n\n<div   class='hr hr-default   avia-builder-el-3  el_after_av_tab_container  el_before_av_tab_container '><span class='hr-inner ' ><span class='hr-inner-style'><\/span><\/span><\/div>\n<div  class=\"tabcontainer   top_tab   avia-builder-el-4  el_after_av_hr  avia-builder-el-last \">\n\n<section class=\"av_tab_section\"  itemscope=\"itemscope\" itemtype=\"https:\/\/schema.org\/CreativeWork\" >    <div aria-controls=\"tab-id-6\" role=\"tab\" tabindex=\"0\" data-fake-id=\"#tab-id-6\" class=\"tab active_tab\"  itemprop=\"headline\" ><span class='tab_icon' aria-hidden='true' data-av_icon='\ue84e' data-av_iconfont='entypo-fontello'><\/span>Gigafida<\/div>\n    <div id=\"tab-id-6-container\" class=\"tab_content active_tab_content\" aria-hidden=\"false\">\n        <div class=\"tab_inner_content invers-color\"  itemprop=\"text\" >\n<h3>Gigafida &#8211; referen\u010dni korpus pisne standardne sloven\u0161\u010dine<\/h3>\n<p>Korpus Gigafida je temeljni podatkovni vir sodobne sloven\u0161\u010dine in ga uporabljamo za jezikoslovne raziskave, jezikovni opis (slovarje, slovnice) in za razvoj jezikovnih tehnologij in postopkov.<\/p>\n<p><strong><a href=\"https:\/\/www.cjvt.si\/rsdo\/wp-content\/uploads\/sites\/18\/2023\/06\/RSDO_Kazalnik_Gigafida_v2.pdf\">Poro\u010dilo projekta Razvoj sloven\u0161\u010dine v digitalnem okolju<\/a><\/strong><\/p>\n\n        <\/div>\n    <\/div>\n<\/section>\n\n<section class=\"av_tab_section\"  itemscope=\"itemscope\" itemtype=\"https:\/\/schema.org\/CreativeWork\" >    <div aria-controls=\"tab-id-7\" role=\"tab\" tabindex=\"0\" data-fake-id=\"#tab-id-7\" class=\"tab \"  itemprop=\"headline\" ><span class='tab_icon' aria-hidden='true' data-av_icon='\ue83c' data-av_iconfont='entypo-fontello'><\/span>Janes<\/div>\n    <div id=\"tab-id-7-container\" class=\"tab_content \" aria-hidden=\"true\">\n        <div class=\"tab_inner_content invers-color\"  itemprop=\"text\" >\n<h3>Janes &#8211; korpus ra\u010dunalni\u0161ko posredovane komunikacije<\/h3>\n<p>Korpus Janes vsebuje besedila slovenske ra\u010dunalni\u0161ko posredovane komunikacije in je sestavljen iz blogov, forumov, novic, tweetov in wikipedije.<\/p>\n<p><strong><a href=\"https:\/\/www.cjvt.si\/rsdo\/wp-content\/uploads\/sites\/18\/2023\/03\/RSDO_Kazalnik_Janes.pdf\">Poro\u010dilo projekta Razvoj sloven\u0161\u010dine v digitalnem okolju<\/a><\/strong><\/p>\n\n        <\/div>\n    <\/div>\n<\/section>\n\n<section class=\"av_tab_section\"  itemscope=\"itemscope\" itemtype=\"https:\/\/schema.org\/CreativeWork\" >    <div aria-controls=\"tab-id-8\" role=\"tab\" tabindex=\"0\" data-fake-id=\"#tab-id-8\" class=\"tab \"  itemprop=\"headline\" ><span class='tab_icon' aria-hidden='true' data-av_icon='\ue85e' data-av_iconfont='entypo-fontello'><\/span>Gos<\/div>\n    <div id=\"tab-id-8-container\" class=\"tab_content \" aria-hidden=\"true\">\n        <div class=\"tab_inner_content invers-color\"  itemprop=\"text\" >\n<h3>Gos &#8211; korpus govorjene sloven\u0161\u010dine<\/h3>\n<p>Korpus Gos vsebuje transkripcije posnetkov (po)govora v najrazli\u010dnej\u0161ih situacijah. Zapis govora na posnetkih je narejen v dveh razli\u010dicah, standardizirani in pogovorni.<\/p>\n<p><strong><a href=\"https:\/\/www.cjvt.si\/rsdo\/wp-content\/uploads\/sites\/18\/2023\/06\/RSDO_Kazalnik_Gos_v2.pdf\">Poro\u010dilo projekta Razvoj sloven\u0161\u010dine v digitalnem okolju<\/a><\/strong><\/p>\n\n        <\/div>\n    <\/div>\n<\/section>\n\n<section class=\"av_tab_section\"  itemscope=\"itemscope\" itemtype=\"https:\/\/schema.org\/CreativeWork\" >    <div aria-controls=\"tab-id-9\" role=\"tab\" tabindex=\"0\" data-fake-id=\"#tab-id-9\" class=\"tab \"  itemprop=\"headline\" ><span class='tab_icon' aria-hidden='true' data-av_icon='\ue8c9' data-av_iconfont='entypo-fontello'><\/span>\u0160olar<\/div>\n    <div id=\"tab-id-9-container\" class=\"tab_content \" aria-hidden=\"true\">\n        <div class=\"tab_inner_content invers-color\"  itemprop=\"text\" >\n<h3>Razvojni korpus \u0160olar<\/h3>\n<p>Korpus \u0160olar vsebuje pisna besedila, ki so jih u\u010denci in dijaki slovenskih osnovnih in srednjih \u0161ol napisali pri pouku. Dolo\u010den del besedil vklju\u010duje tudi u\u010diteljske popravke, ki so transkribirani in vsebinsko kategorizirani.<\/p>\n<p><strong><a href=\"https:\/\/www.cjvt.si\/rsdo\/wp-content\/uploads\/sites\/18\/2023\/06\/RSDO_Kazalnik_Solar_v2.pdf\">Poro\u010dilo projekta Razvoj sloven\u0161\u010dine v digitalnem okolju<\/a><\/strong><\/p>\n\n        <\/div>\n    <\/div>\n<\/section>\n\n<section class=\"av_tab_section\"  itemscope=\"itemscope\" itemtype=\"https:\/\/schema.org\/CreativeWork\" >    <div aria-controls=\"tab-id-10\" role=\"tab\" tabindex=\"0\" data-fake-id=\"#tab-id-10\" class=\"tab \"  itemprop=\"headline\" ><span class='tab_icon' aria-hidden='true' data-av_icon='\ue8bc' data-av_iconfont='entypo-fontello'><\/span>KOST<\/div>\n    <div id=\"tab-id-10-container\" class=\"tab_content \" aria-hidden=\"true\">\n        <div class=\"tab_inner_content invers-color\"  itemprop=\"text\" >\n<h3>KOST &#8211; korpus usvajanja sloven\u0161\u010dine kot drugega\/tujega jezika<\/h3>\n<p>Korpus sloven\u0161\u010dine kot tujega jezika KOST je digitalna zbirka besedil, ki so jih napisali odrasli govorci, za katere sloven\u0161\u010dina ni prvi jezik.<\/p>\n<p><strong><a href=\"https:\/\/www.cjvt.si\/rsdo\/wp-content\/uploads\/sites\/18\/2023\/06\/RSDO_Kazalnik_KOST_v2.pdf\">Poro\u010dilo projekta Razvoj sloven\u0161\u010dine v digitalnem okolju<\/a><\/strong><\/p>\n\n        <\/div>\n    <\/div>\n<\/section>\n\n<section class=\"av_tab_section\"  itemscope=\"itemscope\" itemtype=\"https:\/\/schema.org\/CreativeWork\" >    <div aria-controls=\"tab-id-11\" role=\"tab\" tabindex=\"0\" data-fake-id=\"#tab-id-11\" class=\"tab \"  itemprop=\"headline\" ><span class='tab_icon' aria-hidden='true' data-av_icon='\ue84b' data-av_iconfont='entypo-fontello'><\/span>Sloleks<\/div>\n    <div id=\"tab-id-11-container\" class=\"tab_content \" aria-hidden=\"true\">\n        <div class=\"tab_inner_content invers-color\"  itemprop=\"text\" >\n<h3>Sloleks &#8211; slovenski oblikoslovni leksikon<\/h3>\n<p>Sloleks je leksikon besednih oblik za sloven\u0161\u010dino, ki vsebuje podatke o oblikah besed pri pregibnih besednih vrstah, o naglasu in izgovoru.<\/p>\n<p><strong><a href=\"https:\/\/www.cjvt.si\/rsdo\/wp-content\/uploads\/sites\/18\/2023\/06\/RSDO_Kazalnik_Sloleks_v2.pdf\">Poro\u010dilo projekta Razvoj sloven\u0161\u010dine v digitalnem okolju<\/a><\/strong><\/p>\n\n        <\/div>\n    <\/div>\n<\/section>\n\n<section class=\"av_tab_section\"  itemscope=\"itemscope\" itemtype=\"https:\/\/schema.org\/CreativeWork\" >    <div aria-controls=\"tab-id-12\" role=\"tab\" tabindex=\"0\" data-fake-id=\"#tab-id-12\" class=\"tab \"  itemprop=\"headline\" ><span class='tab_icon' aria-hidden='true' data-av_icon='\ue8e1' data-av_iconfont='entypo-fontello'><\/span>SUK<\/div>\n    <div id=\"tab-id-12-container\" class=\"tab_content \" aria-hidden=\"true\">\n        <div class=\"tab_inner_content invers-color\"  itemprop=\"text\" >\n<h3>Slovenski u\u010dni korpus: mno\u017eici SUK 1.0 in Janes Tag 3.0<\/h3>\n<p>Korpusa SUK in Janes Tag sta u\u010dni mno\u017eici za razumevanje naravnega jezika, ki sta ro\u010dno ozna\u010deni in pregledani na ve\u010d nivojih jezikoslovnega ozna\u010devanja za potrebe strojnega procesiranja sloven\u0161\u010dine.<\/p>\n<p><strong><a href=\"https:\/\/www.cjvt.si\/rsdo\/wp-content\/uploads\/sites\/18\/2023\/06\/RSDO_Kazalnik_SUK_v2.pdf\">Poro\u010dilo projekta Razvoj sloven\u0161\u010dine v digitalnem okolju<\/a><\/strong><\/p>\n\n        <\/div>\n    <\/div>\n<\/section>\n\n<section class=\"av_tab_section\"  itemscope=\"itemscope\" itemtype=\"https:\/\/schema.org\/CreativeWork\" >    <div aria-controls=\"tab-id-13\" role=\"tab\" tabindex=\"0\" data-fake-id=\"#tab-id-13\" class=\"tab \"  itemprop=\"headline\" ><span class='tab_icon' aria-hidden='true' data-av_icon='\ue82b' data-av_iconfont='entypo-fontello'><\/span>SuperGLUE<\/div>\n    <div id=\"tab-id-13-container\" class=\"tab_content \" aria-hidden=\"true\">\n        <div class=\"tab_inner_content invers-color\"  itemprop=\"text\" >\n<h3>Zbirka nalog SuperGLUE<\/h3>\n<p>Slovenski prevod SuperGLUE je zbirka u\u010dnih mno\u017eic za razumevanje naravnega jezika, ki je narejena po zgledu za <a href=\"https:\/\/super.gluebenchmark.com\/\">angle\u0161ki jezik<\/a>.<\/p>\n<p><strong><a href=\"https:\/\/www.cjvt.si\/rsdo\/wp-content\/uploads\/sites\/18\/2023\/06\/RSDO_Kazalnik_SuperGLUE_v2.pdf\">Poro\u010dilo projekta Razvoj sloven\u0161\u010dine v digitalnem okolju<\/a><\/strong><\/p>\n\n        <\/div>\n    <\/div>\n<\/section>\n\n<section class=\"av_tab_section\"  itemscope=\"itemscope\" itemtype=\"https:\/\/schema.org\/CreativeWork\" >    <div aria-controls=\"tab-id-14\" role=\"tab\" tabindex=\"0\" data-fake-id=\"#tab-id-14\" class=\"tab \"  itemprop=\"headline\" ><span class='tab_icon' aria-hidden='true' data-av_icon='\ue810' data-av_iconfont='entypo-fontello'><\/span>MetaFIDA<\/div>\n    <div id=\"tab-id-14-container\" class=\"tab_content \" aria-hidden=\"true\">\n        <div class=\"tab_inner_content invers-color\"  itemprop=\"text\" >\n<h3>Zdru\u017eeni korpus MetaFIDA<\/h3>\n<p>Metafida je korpus, ki je sestavljen iz razli\u010dnih za sloven\u0161\u010dino pomembnej\u0161ih korpusov, s \u010dimer je omogo\u010deno so\u010dasno iskanje po raznovrstnih jezikovnih podatkih.<\/p>\n<p><strong><a href=\"https:\/\/www.cjvt.si\/rsdo\/wp-content\/uploads\/sites\/18\/2023\/03\/RSDO_Kazalnik_Metakorpus.pdf\">Poro\u010dilo projekta Razvoj sloven\u0161\u010dine v digitalnem okolju<\/a><\/strong><\/p>\n\n        <\/div>\n    <\/div>\n<\/section>\n\n<\/div>\n\n","protected":false},"excerpt":{"rendered":"","protected":false},"author":6,"featured_media":0,"parent":0,"menu_order":0,"comment_status":"closed","ping_status":"closed","template":"","meta":{"_acf_changed":false,"_relevanssi_hide_post":"","_relevanssi_hide_content":"","_relevanssi_pin_for_all":"","_relevanssi_pin_keywords":"","_relevanssi_unpin_keywords":"","_relevanssi_related_keywords":"","_relevanssi_related_include_ids":"","_relevanssi_related_exclude_ids":"","_relevanssi_related_no_append":"","_relevanssi_related_not_related":"","_relevanssi_related_posts":"","_relevanssi_noindex_reason":"","inline_featured_image":false,"episode_type":"","audio_file":"","podmotor_file_id":"","podmotor_episode_id":"","cover_image":"","cover_image_id":"","duration":"","filesize":"","filesize_raw":"","date_recorded":"","explicit":"","block":"","itunes_episode_number":"","itunes_title":"","itunes_season_number":"","itunes_episode_type":"","footnotes":""},"class_list":["post-1349","page","type-page","status-publish","hentry"],"acf":[],"yoast_head":"<!-- This site is optimized with the Yoast SEO plugin v27.3 - https:\/\/yoast.com\/product\/yoast-seo-wordpress\/ -->\n<title>Strategija razvoja - RSDO<\/title>\n<meta name=\"robots\" content=\"index, follow, max-snippet:-1, max-image-preview:large, max-video-preview:-1\" \/>\n<link rel=\"canonical\" href=\"https:\/\/www.cjvt.si\/rsdo\/strategija-razvoja\/\" \/>\n<meta property=\"og:locale\" content=\"sl_SI\" \/>\n<meta property=\"og:type\" content=\"article\" \/>\n<meta property=\"og:title\" content=\"Strategija razvoja - RSDO\" \/>\n<meta property=\"og:url\" content=\"https:\/\/www.cjvt.si\/rsdo\/strategija-razvoja\/\" \/>\n<meta property=\"og:site_name\" content=\"RSDO\" \/>\n<meta property=\"article:modified_time\" content=\"2023-06-08T08:05:41+00:00\" \/>\n<meta name=\"twitter:card\" content=\"summary_large_image\" \/>\n<meta name=\"twitter:label1\" content=\"Est. reading time\" \/>\n\t<meta name=\"twitter:data1\" content=\"5 minut\" \/>\n<script type=\"application\/ld+json\" class=\"yoast-schema-graph\">{\"@context\":\"https:\\\/\\\/schema.org\",\"@graph\":[{\"@type\":\"WebPage\",\"@id\":\"https:\\\/\\\/www.cjvt.si\\\/rsdo\\\/strategija-razvoja\\\/\",\"url\":\"https:\\\/\\\/www.cjvt.si\\\/rsdo\\\/strategija-razvoja\\\/\",\"name\":\"Strategija razvoja - RSDO\",\"isPartOf\":{\"@id\":\"https:\\\/\\\/www.cjvt.si\\\/rsdo\\\/#website\"},\"datePublished\":\"2023-03-03T10:50:01+00:00\",\"dateModified\":\"2023-06-08T08:05:41+00:00\",\"breadcrumb\":{\"@id\":\"https:\\\/\\\/www.cjvt.si\\\/rsdo\\\/strategija-razvoja\\\/#breadcrumb\"},\"inLanguage\":\"sl-SI\",\"potentialAction\":[{\"@type\":\"ReadAction\",\"target\":[\"https:\\\/\\\/www.cjvt.si\\\/rsdo\\\/strategija-razvoja\\\/\"]}]},{\"@type\":\"BreadcrumbList\",\"@id\":\"https:\\\/\\\/www.cjvt.si\\\/rsdo\\\/strategija-razvoja\\\/#breadcrumb\",\"itemListElement\":[{\"@type\":\"ListItem\",\"position\":1,\"name\":\"Home\",\"item\":\"https:\\\/\\\/www.cjvt.si\\\/rsdo\\\/\"},{\"@type\":\"ListItem\",\"position\":2,\"name\":\"Strategija razvoja\"}]},{\"@type\":\"WebSite\",\"@id\":\"https:\\\/\\\/www.cjvt.si\\\/rsdo\\\/#website\",\"url\":\"https:\\\/\\\/www.cjvt.si\\\/rsdo\\\/\",\"name\":\"RSDO\",\"description\":\"\",\"potentialAction\":[{\"@type\":\"SearchAction\",\"target\":{\"@type\":\"EntryPoint\",\"urlTemplate\":\"https:\\\/\\\/www.cjvt.si\\\/rsdo\\\/?s={search_term_string}\"},\"query-input\":{\"@type\":\"PropertyValueSpecification\",\"valueRequired\":true,\"valueName\":\"search_term_string\"}}],\"inLanguage\":\"sl-SI\"}]}<\/script>\n<!-- \/ Yoast SEO plugin. -->","yoast_head_json":{"title":"Strategija razvoja - RSDO","robots":{"index":"index","follow":"follow","max-snippet":"max-snippet:-1","max-image-preview":"max-image-preview:large","max-video-preview":"max-video-preview:-1"},"canonical":"https:\/\/www.cjvt.si\/rsdo\/strategija-razvoja\/","og_locale":"sl_SI","og_type":"article","og_title":"Strategija razvoja - RSDO","og_url":"https:\/\/www.cjvt.si\/rsdo\/strategija-razvoja\/","og_site_name":"RSDO","article_modified_time":"2023-06-08T08:05:41+00:00","twitter_card":"summary_large_image","twitter_misc":{"Est. reading time":"5 minut"},"schema":{"@context":"https:\/\/schema.org","@graph":[{"@type":"WebPage","@id":"https:\/\/www.cjvt.si\/rsdo\/strategija-razvoja\/","url":"https:\/\/www.cjvt.si\/rsdo\/strategija-razvoja\/","name":"Strategija razvoja - RSDO","isPartOf":{"@id":"https:\/\/www.cjvt.si\/rsdo\/#website"},"datePublished":"2023-03-03T10:50:01+00:00","dateModified":"2023-06-08T08:05:41+00:00","breadcrumb":{"@id":"https:\/\/www.cjvt.si\/rsdo\/strategija-razvoja\/#breadcrumb"},"inLanguage":"sl-SI","potentialAction":[{"@type":"ReadAction","target":["https:\/\/www.cjvt.si\/rsdo\/strategija-razvoja\/"]}]},{"@type":"BreadcrumbList","@id":"https:\/\/www.cjvt.si\/rsdo\/strategija-razvoja\/#breadcrumb","itemListElement":[{"@type":"ListItem","position":1,"name":"Home","item":"https:\/\/www.cjvt.si\/rsdo\/"},{"@type":"ListItem","position":2,"name":"Strategija razvoja"}]},{"@type":"WebSite","@id":"https:\/\/www.cjvt.si\/rsdo\/#website","url":"https:\/\/www.cjvt.si\/rsdo\/","name":"RSDO","description":"","potentialAction":[{"@type":"SearchAction","target":{"@type":"EntryPoint","urlTemplate":"https:\/\/www.cjvt.si\/rsdo\/?s={search_term_string}"},"query-input":{"@type":"PropertyValueSpecification","valueRequired":true,"valueName":"search_term_string"}}],"inLanguage":"sl-SI"}]}},"_links":{"self":[{"href":"https:\/\/www.cjvt.si\/rsdo\/wp-json\/wp\/v2\/pages\/1349","targetHints":{"allow":["GET"]}}],"collection":[{"href":"https:\/\/www.cjvt.si\/rsdo\/wp-json\/wp\/v2\/pages"}],"about":[{"href":"https:\/\/www.cjvt.si\/rsdo\/wp-json\/wp\/v2\/types\/page"}],"author":[{"embeddable":true,"href":"https:\/\/www.cjvt.si\/rsdo\/wp-json\/wp\/v2\/users\/6"}],"replies":[{"embeddable":true,"href":"https:\/\/www.cjvt.si\/rsdo\/wp-json\/wp\/v2\/comments?post=1349"}],"version-history":[{"count":61,"href":"https:\/\/www.cjvt.si\/rsdo\/wp-json\/wp\/v2\/pages\/1349\/revisions"}],"predecessor-version":[{"id":1535,"href":"https:\/\/www.cjvt.si\/rsdo\/wp-json\/wp\/v2\/pages\/1349\/revisions\/1535"}],"wp:attachment":[{"href":"https:\/\/www.cjvt.si\/rsdo\/wp-json\/wp\/v2\/media?parent=1349"}],"curies":[{"name":"wp","href":"https:\/\/api.w.org\/{rel}","templated":true}]}}