{"id":878,"date":"2020-03-31T15:39:25","date_gmt":"2020-03-31T13:39:25","guid":{"rendered":"https:\/\/www.cjvt.starkmat.si\/template\/?page_id=878"},"modified":"2021-06-04T11:55:41","modified_gmt":"2021-06-04T09:55:41","slug":"o-projektu","status":"publish","type":"page","link":"https:\/\/www.cjvt.si\/rsdo\/","title":{"rendered":"O projektu"},"content":{"rendered":"<div class=\"flex_column av_one_full  flex_column_div av-zero-column-padding first  avia-builder-el-0  el_before_av_hr  avia-builder-el-first  \" style='border-radius:0px; '><section class=\"av_textblock_section \"  itemscope=\"itemscope\" itemtype=\"https:\/\/schema.org\/CreativeWork\" ><div class='avia_textblock  '   itemprop=\"text\" ><h1>O PROJEKTU<\/h1>\n<\/div><\/section><br \/>\n<div   class='hr hr-short hr-left   avia-builder-el-2  el_after_av_textblock  el_before_av_textblock '><span class='hr-inner ' ><span class='hr-inner-style'><\/span><\/span><\/div><br \/>\n<section class=\"av_textblock_section \"  itemscope=\"itemscope\" itemtype=\"https:\/\/schema.org\/CreativeWork\" ><div class='avia_textblock  '   itemprop=\"text\" ><h3 class=\"tbk__title\">Razvoj sloven\u0161\u010dine v digitalnem okolju &#8211; jezikovni viri in tehnologije<\/h3>\n<\/div><\/section><\/p><\/div>\n<div  style='height:50px' class='hr hr-invisible   avia-builder-el-4  el_after_av_one_full  el_before_av_textblock '><span class='hr-inner ' ><span class='hr-inner-style'><\/span><\/span><\/div>\n<section class=\"av_textblock_section \"  itemscope=\"itemscope\" itemtype=\"https:\/\/schema.org\/CreativeWork\" ><div class='avia_textblock  '   itemprop=\"text\" ><p>S projektom <em>Razvoj sloven\u0161\u010dine v digitalnem okolju<\/em>, ki ga financira Ministrstvo za kulturo republike Slovenije, je Slovenija prepoznala pomen razvoja sodobnih jezikovnih tehnologij za slovenski jezik.<\/p>\n<p>Za ve\u010d informacij vas vabimo k ogledu spletne strani projekta.<\/p>\n<\/div><\/section>\n<div class=\"flex_column av_one_half  flex_column_div av-zero-column-padding first  avia-builder-el-6  el_after_av_textblock  el_before_av_one_half  column-top-margin\" style='border-radius:0px; '><div  class='avia-image-container  av-styling-    avia-builder-el-7  avia-builder-el-no-sibling  avia-align-center '  itemprop=\"image\" itemscope=\"itemscope\" itemtype=\"https:\/\/schema.org\/ImageObject\"  ><div class='avia-image-container-inner'><div class='avia-image-overlay-wrap'><a href='https:\/\/slovenscina.eu\/' class='avia_image' target=\"_blank\" rel=\"noopener\"><img class='avia_image ' src='https:\/\/www.cjvt.si\/rsdo\/wp-content\/uploads\/sites\/18\/2021\/06\/logo_RSDO-1030x405.png' alt='' title='logo_RSDO'  itemprop=\"thumbnailUrl\"  \/><\/a><\/div><\/div><\/div><\/div>\n<div class=\"flex_column av_one_half  flex_column_div   avia-builder-el-8  el_after_av_one_half  el_before_av_hr  column-top-margin\" style='padding:50px; border-radius:0px; '><div  class='avia-button-wrap avia-button-center  avia-builder-el-9  avia-builder-el-no-sibling ' ><a href='https:\/\/slovenscina.eu\/'  class='avia-button   avia-icon_select-yes-left-icon avia-color-theme-color avia-size-small avia-position-center '   ><span class='avia_button_icon avia_button_icon_left ' aria-hidden='true' data-av_icon='\ue832' data-av_iconfont='entypo-fontello'><\/span><span class='avia_iconbox_title' >Spletna stran projekta RSDO<\/span><\/a><\/div><\/div>\n<div  style='height:50px' class='hr hr-invisible   avia-builder-el-10  el_after_av_one_half  el_before_av_textblock '><span class='hr-inner ' ><span class='hr-inner-style'><\/span><\/span><\/div>\n<section class=\"av_textblock_section \"  itemscope=\"itemscope\" itemtype=\"https:\/\/schema.org\/CreativeWork\" ><div class='avia_textblock  '   itemprop=\"text\" ><p>Cilj projekta je zadovoljiti potrebe po <strong>ra\u010dunalni\u0161kih izdelkih in storitvah s podro\u010dja<\/strong> <strong>jezikovnih tehnologij za slovenski jezik<\/strong> za raziskovalne organizacije, za podjetja in za \u0161ir\u0161o javnost. Kon\u010dni izdelki bodo na uporabni\u0161ko prijazen na\u010din pomagali pri sporazumevanju, sodelovanju, poslovanju, izmenjavi znanja in udele\u017eevanju v dru\u017eabnih in politi\u010dnih razpravah, in prispevali k premagovanju jezikovnih meja.<\/p>\n<\/div><\/section>\n","protected":false},"excerpt":{"rendered":"","protected":false},"author":1,"featured_media":0,"parent":0,"menu_order":0,"comment_status":"closed","ping_status":"closed","template":"","meta":{"_acf_changed":false,"_relevanssi_hide_post":"","_relevanssi_hide_content":"","_relevanssi_pin_for_all":"","_relevanssi_pin_keywords":"","_relevanssi_unpin_keywords":"","_relevanssi_related_keywords":"","_relevanssi_related_include_ids":"","_relevanssi_related_exclude_ids":"","_relevanssi_related_no_append":"","_relevanssi_related_not_related":"","_relevanssi_related_posts":"","_relevanssi_noindex_reason":"","inline_featured_image":false,"episode_type":"","audio_file":"","podmotor_file_id":"","podmotor_episode_id":"","cover_image":"","cover_image_id":"","duration":"","filesize":"","filesize_raw":"","date_recorded":"","explicit":"","block":"","itunes_episode_number":"","itunes_title":"","itunes_season_number":"","itunes_episode_type":"","footnotes":""},"class_list":["post-878","page","type-page","status-publish","hentry"],"acf":[],"yoast_head":"<!-- This site is optimized with the Yoast SEO plugin v27.3 - https:\/\/yoast.com\/product\/yoast-seo-wordpress\/ -->\n<title>O projektu - RSDO<\/title>\n<meta name=\"robots\" content=\"index, follow, max-snippet:-1, max-image-preview:large, max-video-preview:-1\" \/>\n<link rel=\"canonical\" href=\"https:\/\/www.cjvt.si\/rsdo\/\" \/>\n<meta property=\"og:locale\" content=\"sl_SI\" \/>\n<meta property=\"og:type\" content=\"article\" \/>\n<meta property=\"og:title\" content=\"O projektu - RSDO\" \/>\n<meta property=\"og:url\" content=\"https:\/\/www.cjvt.si\/rsdo\/\" \/>\n<meta property=\"og:site_name\" content=\"RSDO\" \/>\n<meta property=\"article:modified_time\" content=\"2021-06-04T09:55:41+00:00\" \/>\n<meta name=\"twitter:card\" content=\"summary_large_image\" \/>\n<meta name=\"twitter:label1\" content=\"Est. reading time\" \/>\n\t<meta name=\"twitter:data1\" content=\"5 minut\" \/>\n<script type=\"application\/ld+json\" class=\"yoast-schema-graph\">{\"@context\":\"https:\\\/\\\/schema.org\",\"@graph\":[{\"@type\":\"WebPage\",\"@id\":\"https:\\\/\\\/www.cjvt.si\\\/rsdo\\\/\",\"url\":\"https:\\\/\\\/www.cjvt.si\\\/rsdo\\\/\",\"name\":\"O projektu - RSDO\",\"isPartOf\":{\"@id\":\"https:\\\/\\\/www.cjvt.si\\\/rsdo\\\/#website\"},\"datePublished\":\"2020-03-31T13:39:25+00:00\",\"dateModified\":\"2021-06-04T09:55:41+00:00\",\"breadcrumb\":{\"@id\":\"https:\\\/\\\/www.cjvt.si\\\/rsdo\\\/#breadcrumb\"},\"inLanguage\":\"sl-SI\",\"potentialAction\":[{\"@type\":\"ReadAction\",\"target\":[\"https:\\\/\\\/www.cjvt.si\\\/rsdo\\\/\"]}]},{\"@type\":\"BreadcrumbList\",\"@id\":\"https:\\\/\\\/www.cjvt.si\\\/rsdo\\\/#breadcrumb\",\"itemListElement\":[{\"@type\":\"ListItem\",\"position\":1,\"name\":\"Home\",\"item\":\"https:\\\/\\\/www.cjvt.si\\\/rsdo\\\/\"},{\"@type\":\"ListItem\",\"position\":2,\"name\":\"O projektu\"}]},{\"@type\":\"WebSite\",\"@id\":\"https:\\\/\\\/www.cjvt.si\\\/rsdo\\\/#website\",\"url\":\"https:\\\/\\\/www.cjvt.si\\\/rsdo\\\/\",\"name\":\"RSDO\",\"description\":\"\",\"potentialAction\":[{\"@type\":\"SearchAction\",\"target\":{\"@type\":\"EntryPoint\",\"urlTemplate\":\"https:\\\/\\\/www.cjvt.si\\\/rsdo\\\/?s={search_term_string}\"},\"query-input\":{\"@type\":\"PropertyValueSpecification\",\"valueRequired\":true,\"valueName\":\"search_term_string\"}}],\"inLanguage\":\"sl-SI\"}]}<\/script>\n<!-- \/ Yoast SEO plugin. -->","yoast_head_json":{"title":"O projektu - RSDO","robots":{"index":"index","follow":"follow","max-snippet":"max-snippet:-1","max-image-preview":"max-image-preview:large","max-video-preview":"max-video-preview:-1"},"canonical":"https:\/\/www.cjvt.si\/rsdo\/","og_locale":"sl_SI","og_type":"article","og_title":"O projektu - RSDO","og_url":"https:\/\/www.cjvt.si\/rsdo\/","og_site_name":"RSDO","article_modified_time":"2021-06-04T09:55:41+00:00","twitter_card":"summary_large_image","twitter_misc":{"Est. reading time":"5 minut"},"schema":{"@context":"https:\/\/schema.org","@graph":[{"@type":"WebPage","@id":"https:\/\/www.cjvt.si\/rsdo\/","url":"https:\/\/www.cjvt.si\/rsdo\/","name":"O projektu - RSDO","isPartOf":{"@id":"https:\/\/www.cjvt.si\/rsdo\/#website"},"datePublished":"2020-03-31T13:39:25+00:00","dateModified":"2021-06-04T09:55:41+00:00","breadcrumb":{"@id":"https:\/\/www.cjvt.si\/rsdo\/#breadcrumb"},"inLanguage":"sl-SI","potentialAction":[{"@type":"ReadAction","target":["https:\/\/www.cjvt.si\/rsdo\/"]}]},{"@type":"BreadcrumbList","@id":"https:\/\/www.cjvt.si\/rsdo\/#breadcrumb","itemListElement":[{"@type":"ListItem","position":1,"name":"Home","item":"https:\/\/www.cjvt.si\/rsdo\/"},{"@type":"ListItem","position":2,"name":"O projektu"}]},{"@type":"WebSite","@id":"https:\/\/www.cjvt.si\/rsdo\/#website","url":"https:\/\/www.cjvt.si\/rsdo\/","name":"RSDO","description":"","potentialAction":[{"@type":"SearchAction","target":{"@type":"EntryPoint","urlTemplate":"https:\/\/www.cjvt.si\/rsdo\/?s={search_term_string}"},"query-input":{"@type":"PropertyValueSpecification","valueRequired":true,"valueName":"search_term_string"}}],"inLanguage":"sl-SI"}]}},"_links":{"self":[{"href":"https:\/\/www.cjvt.si\/rsdo\/wp-json\/wp\/v2\/pages\/878","targetHints":{"allow":["GET"]}}],"collection":[{"href":"https:\/\/www.cjvt.si\/rsdo\/wp-json\/wp\/v2\/pages"}],"about":[{"href":"https:\/\/www.cjvt.si\/rsdo\/wp-json\/wp\/v2\/types\/page"}],"author":[{"embeddable":true,"href":"https:\/\/www.cjvt.si\/rsdo\/wp-json\/wp\/v2\/users\/1"}],"replies":[{"embeddable":true,"href":"https:\/\/www.cjvt.si\/rsdo\/wp-json\/wp\/v2\/comments?post=878"}],"version-history":[{"count":24,"href":"https:\/\/www.cjvt.si\/rsdo\/wp-json\/wp\/v2\/pages\/878\/revisions"}],"predecessor-version":[{"id":1348,"href":"https:\/\/www.cjvt.si\/rsdo\/wp-json\/wp\/v2\/pages\/878\/revisions\/1348"}],"wp:attachment":[{"href":"https:\/\/www.cjvt.si\/rsdo\/wp-json\/wp\/v2\/media?parent=878"}],"curies":[{"name":"wp","href":"https:\/\/api.w.org\/{rel}","templated":true}]}}