{"id":878,"date":"2020-03-31T15:39:25","date_gmt":"2020-03-31T13:39:25","guid":{"rendered":"https:\/\/www.cjvt.starkmat.si\/template\/?page_id=878"},"modified":"2021-11-12T13:39:57","modified_gmt":"2021-11-12T12:39:57","slug":"o-projektu","status":"publish","type":"page","link":"https:\/\/www.cjvt.si\/sokol\/","title":{"rendered":"O projektu"},"content":{"rendered":"<div class=\"flex_column av_one_full  flex_column_div av-zero-column-padding first  avia-builder-el-0  avia-builder-el-no-sibling  \" style='border-radius:0px; '><section class=\"av_textblock_section \"  itemscope=\"itemscope\" itemtype=\"https:\/\/schema.org\/CreativeWork\" ><div class='avia_textblock  av_inherit_color '  style='color:#3f3f3f; '  itemprop=\"text\" ><h1 class=\";\">O PROJEKTU<\/h1>\n<h2>Sopomenke in Kolokacije 2.0 &#8211; SoKol<\/h2>\n<h4>Nadgradnja temeljnih slovarskih virov in podatkovnih baz CJVT UL<\/h4>\n<\/div><\/section><br \/>\n<div  style='height:20px' class='hr hr-invisible   avia-builder-el-2  el_after_av_textblock  el_before_av_textblock '><span class='hr-inner ' ><span class='hr-inner-style'><\/span><\/span><\/div><br \/>\n<section class=\"av_textblock_section \"  itemscope=\"itemscope\" itemtype=\"https:\/\/schema.org\/CreativeWork\" ><div class='avia_textblock  '  style='font-size:16px; '  itemprop=\"text\" ><p style=\"font-family: 'IBM Plex Sans';\">Projekt naslavlja dva temeljna gradnika digitalne jezikovne infrastrukture za sloven\u0161\u010dino: <a href=\"https:\/\/viri.cjvt.si\/sopomenke\/slv\/\">Slovar sopomenk sodobne sloven\u0161\u010dine<\/a> in <a href=\"https:\/\/viri.cjvt.si\/kolokacije\/slv\/\">Kolokacijski slovar sodobne sloven\u0161\u010dine<\/a>. Slovarja sta trenutno dostopna v razli\u010dici 1.0. Namen projekta je nadgraditi oba slovarja v razli\u010dico 2.0 in ju objaviti tako v slovarskem vmesniku kot tudi v obliki odprto dostopne slovarske baze na repozitoriju CLARIN.SI. Rezultati bodo na voljo v zadnjih mesecih leta 2022.<\/p>\n<p style=\"font-family: 'IBM Plex Sans';\">Resolucija o nacionalnem programu za jezikovno politiko 2021\u20132025 Slovar sopomenk sodobne sloven\u0161\u010dine in Kolokacijski slovar sodobne sloven\u0161\u010dine na\u0161teva med ve\u010djimi dose\u017eki iz obdobja 2014\u20132018, ko je Slovenija na podro\u010dju jezikovne opremljenosti prepoznala izzive, ki zahtevajo hitro in u\u010dinkovito ukrepanje. Slovarja namre\u010d vpeljujeta koncept t. i. odzivnega slovarja, ki zagotavlja\u00a0hiter dostop do odprtih podatkov o sodobni jezikovni rabi: odzivni slovarji so pripravljeni strojno in v tej obliki takoj dostopni za vse, sledi postopno jezikoslovno pregledovanje in urejanje, pri katerem lahko sodeluje tudi \u0161ir\u0161a skupnost.<\/p>\n<p style=\"font-family: 'IBM Plex Sans';\">Ker odzivni slovarji temeljijo na rednem posodabljanju, smo s pomo\u010djo uporabni\u0161kih anket, intervjujev in evalvacij opredelili prioritete skupnosti glede prvih nadgradenj Slovarja sopomenk in Kolokacijskega slovarja.<\/p>\n<p style=\"font-family: 'IBM Plex Sans';\">V Slovar sopomenk lahko predloge sopomenk vpisujejo tudi uporabniki, zato bomo poskrbeli za preglednej\u0161e in hitrej\u0161e uredni\u0161ke protokole. V slovar bomo dodali tudi razdelek za protipomenke. V Kolokacijskem slovarju bomo razvili mo\u017enosti za napredno iskanje po ve\u010dbesednih slovarskih informacijah. V slovarja \u017eelimo dodati kvalifikatorje, prioritetno pri sovra\u017enem in slab\u0161alnem besedi\u0161\u010du. Pri teh izto\u010dnicah bomo pregledali tudi zglede rabe, ki so avtomatsko uvo\u017eeni iz korpusa. Nenazadnje bomo pri obeh slovarjih vsaj 2.000 slovarskih gesel opremili z informacijo o pomenu in razvrstili sopomenke ter kolokacije pod ustrezne pomenske indikatorje.<\/p>\n<p style=\"font-family: 'IBM Plex Sans';\">Projekt financira Ministrstvo za kulturo Republike Slovenije kot del Javnega razpisa za (so)financiranje projektov, namenjenih gradnji in posodabljanju infrastrukture za slovenski jezik v digitalnem okolju 2021\u20132022.<\/p>\n<\/div><\/section><\/p><\/div>\n","protected":false},"excerpt":{"rendered":"","protected":false},"author":1,"featured_media":0,"parent":0,"menu_order":0,"comment_status":"closed","ping_status":"closed","template":"","meta":{"_acf_changed":false,"_relevanssi_hide_post":"","_relevanssi_hide_content":"","_relevanssi_pin_for_all":"","_relevanssi_pin_keywords":"","_relevanssi_unpin_keywords":"","_relevanssi_related_keywords":"","_relevanssi_related_include_ids":"","_relevanssi_related_exclude_ids":"","_relevanssi_related_no_append":"","_relevanssi_related_not_related":"","_relevanssi_related_posts":"","_relevanssi_noindex_reason":"","inline_featured_image":false,"episode_type":"","audio_file":"","podmotor_file_id":"","podmotor_episode_id":"","cover_image":"","cover_image_id":"","duration":"","filesize":"","filesize_raw":"","date_recorded":"","explicit":"","block":"","itunes_episode_number":"","itunes_title":"","itunes_season_number":"","itunes_episode_type":"","footnotes":""},"class_list":["post-878","page","type-page","status-publish","hentry"],"acf":[],"yoast_head":"<!-- This site is optimized with the Yoast SEO plugin v27.5 - https:\/\/yoast.com\/product\/yoast-seo-wordpress\/ -->\n<title>O projektu - Sopomenke in Kolokacije 2.0 - SoKol<\/title>\n<meta name=\"robots\" content=\"index, follow, max-snippet:-1, max-image-preview:large, max-video-preview:-1\" \/>\n<link rel=\"canonical\" href=\"https:\/\/www.cjvt.si\/sokol\/\" \/>\n<meta property=\"og:locale\" content=\"sl_SI\" \/>\n<meta property=\"og:type\" content=\"article\" \/>\n<meta property=\"og:title\" content=\"O projektu - Sopomenke in Kolokacije 2.0 - SoKol\" \/>\n<meta property=\"og:url\" content=\"https:\/\/www.cjvt.si\/sokol\/\" \/>\n<meta property=\"og:site_name\" content=\"Sopomenke in Kolokacije 2.0 - SoKol\" \/>\n<meta property=\"article:modified_time\" content=\"2021-11-12T12:39:57+00:00\" \/>\n<meta name=\"twitter:card\" content=\"summary_large_image\" \/>\n<meta name=\"twitter:label1\" content=\"Est. reading time\" \/>\n\t<meta name=\"twitter:data1\" content=\"2 minuti\" \/>\n<script type=\"application\/ld+json\" class=\"yoast-schema-graph\">{\"@context\":\"https:\\\/\\\/schema.org\",\"@graph\":[{\"@type\":\"WebPage\",\"@id\":\"https:\\\/\\\/www.cjvt.si\\\/sokol\\\/\",\"url\":\"https:\\\/\\\/www.cjvt.si\\\/sokol\\\/\",\"name\":\"O projektu - Sopomenke in Kolokacije 2.0 - SoKol\",\"isPartOf\":{\"@id\":\"https:\\\/\\\/www.cjvt.si\\\/sokol\\\/#website\"},\"datePublished\":\"2020-03-31T13:39:25+00:00\",\"dateModified\":\"2021-11-12T12:39:57+00:00\",\"breadcrumb\":{\"@id\":\"https:\\\/\\\/www.cjvt.si\\\/sokol\\\/#breadcrumb\"},\"inLanguage\":\"sl-SI\",\"potentialAction\":[{\"@type\":\"ReadAction\",\"target\":[\"https:\\\/\\\/www.cjvt.si\\\/sokol\\\/\"]}]},{\"@type\":\"BreadcrumbList\",\"@id\":\"https:\\\/\\\/www.cjvt.si\\\/sokol\\\/#breadcrumb\",\"itemListElement\":[{\"@type\":\"ListItem\",\"position\":1,\"name\":\"Home\",\"item\":\"https:\\\/\\\/www.cjvt.si\\\/sokol\\\/\"},{\"@type\":\"ListItem\",\"position\":2,\"name\":\"O projektu\"}]},{\"@type\":\"WebSite\",\"@id\":\"https:\\\/\\\/www.cjvt.si\\\/sokol\\\/#website\",\"url\":\"https:\\\/\\\/www.cjvt.si\\\/sokol\\\/\",\"name\":\"Sopomenke in Kolokacije 2.0 - SoKol\",\"description\":\"Nadgradnja temeljnih slovarskih virov in podatkovnih baz CJVT UL\",\"potentialAction\":[{\"@type\":\"SearchAction\",\"target\":{\"@type\":\"EntryPoint\",\"urlTemplate\":\"https:\\\/\\\/www.cjvt.si\\\/sokol\\\/?s={search_term_string}\"},\"query-input\":{\"@type\":\"PropertyValueSpecification\",\"valueRequired\":true,\"valueName\":\"search_term_string\"}}],\"inLanguage\":\"sl-SI\"}]}<\/script>\n<!-- \/ Yoast SEO plugin. -->","yoast_head_json":{"title":"O projektu - Sopomenke in Kolokacije 2.0 - SoKol","robots":{"index":"index","follow":"follow","max-snippet":"max-snippet:-1","max-image-preview":"max-image-preview:large","max-video-preview":"max-video-preview:-1"},"canonical":"https:\/\/www.cjvt.si\/sokol\/","og_locale":"sl_SI","og_type":"article","og_title":"O projektu - Sopomenke in Kolokacije 2.0 - SoKol","og_url":"https:\/\/www.cjvt.si\/sokol\/","og_site_name":"Sopomenke in Kolokacije 2.0 - SoKol","article_modified_time":"2021-11-12T12:39:57+00:00","twitter_card":"summary_large_image","twitter_misc":{"Est. reading time":"2 minuti"},"schema":{"@context":"https:\/\/schema.org","@graph":[{"@type":"WebPage","@id":"https:\/\/www.cjvt.si\/sokol\/","url":"https:\/\/www.cjvt.si\/sokol\/","name":"O projektu - Sopomenke in Kolokacije 2.0 - SoKol","isPartOf":{"@id":"https:\/\/www.cjvt.si\/sokol\/#website"},"datePublished":"2020-03-31T13:39:25+00:00","dateModified":"2021-11-12T12:39:57+00:00","breadcrumb":{"@id":"https:\/\/www.cjvt.si\/sokol\/#breadcrumb"},"inLanguage":"sl-SI","potentialAction":[{"@type":"ReadAction","target":["https:\/\/www.cjvt.si\/sokol\/"]}]},{"@type":"BreadcrumbList","@id":"https:\/\/www.cjvt.si\/sokol\/#breadcrumb","itemListElement":[{"@type":"ListItem","position":1,"name":"Home","item":"https:\/\/www.cjvt.si\/sokol\/"},{"@type":"ListItem","position":2,"name":"O projektu"}]},{"@type":"WebSite","@id":"https:\/\/www.cjvt.si\/sokol\/#website","url":"https:\/\/www.cjvt.si\/sokol\/","name":"Sopomenke in Kolokacije 2.0 - SoKol","description":"Nadgradnja temeljnih slovarskih virov in podatkovnih baz CJVT UL","potentialAction":[{"@type":"SearchAction","target":{"@type":"EntryPoint","urlTemplate":"https:\/\/www.cjvt.si\/sokol\/?s={search_term_string}"},"query-input":{"@type":"PropertyValueSpecification","valueRequired":true,"valueName":"search_term_string"}}],"inLanguage":"sl-SI"}]}},"_links":{"self":[{"href":"https:\/\/www.cjvt.si\/sokol\/wp-json\/wp\/v2\/pages\/878","targetHints":{"allow":["GET"]}}],"collection":[{"href":"https:\/\/www.cjvt.si\/sokol\/wp-json\/wp\/v2\/pages"}],"about":[{"href":"https:\/\/www.cjvt.si\/sokol\/wp-json\/wp\/v2\/types\/page"}],"author":[{"embeddable":true,"href":"https:\/\/www.cjvt.si\/sokol\/wp-json\/wp\/v2\/users\/1"}],"replies":[{"embeddable":true,"href":"https:\/\/www.cjvt.si\/sokol\/wp-json\/wp\/v2\/comments?post=878"}],"version-history":[{"count":31,"href":"https:\/\/www.cjvt.si\/sokol\/wp-json\/wp\/v2\/pages\/878\/revisions"}],"predecessor-version":[{"id":1889,"href":"https:\/\/www.cjvt.si\/sokol\/wp-json\/wp\/v2\/pages\/878\/revisions\/1889"}],"wp:attachment":[{"href":"https:\/\/www.cjvt.si\/sokol\/wp-json\/wp\/v2\/media?parent=878"}],"curies":[{"name":"wp","href":"https:\/\/api.w.org\/{rel}","templated":true}]}}