{"id":878,"date":"2020-03-31T15:39:25","date_gmt":"2020-03-31T13:39:25","guid":{"rendered":"https:\/\/www.cjvt.starkmat.si\/template\/?page_id=878"},"modified":"2020-04-20T21:01:30","modified_gmt":"2020-04-20T19:01:30","slug":"o-projektu","status":"publish","type":"page","link":"https:\/\/www.cjvt.si\/sssj\/","title":{"rendered":"O projektu"},"content":{"rendered":"<div class=\"flex_column av_one_third  flex_column_div av-zero-column-padding first  \" style='margin-top:0px; margin-bottom:50px; border-radius:0px; '><div  class='avia-button-wrap avia-button-center ' ><a href='https:\/\/www.cjvt.si\/sssj\/sodelavci\/' class='avia-button avia-button-fullwidth   avia-icon_select-yes-left-icon avia-color-theme-color '  style='color:#ffffff; ' ><span class='avia_button_icon avia_button_icon_left ' aria-hidden='true' data-av_icon='\ue874' data-av_iconfont='entypo-fontello'><\/span><span class='avia_iconbox_title' >VSI SODELAVCI<\/span><span class='avia_button_background avia-button avia-button-fullwidth avia-color-theme-color-highlight' ><\/span><\/a><\/div><\/div>\n<div class=\"flex_column av_two_third  flex_column_div av-zero-column-padding   avia-builder-el-0  el_before_av_one_third  avia-builder-el-first  \" style='margin-top:0px; margin-bottom:50px; border-radius:0px; '><section class=\"av_textblock_section \"  itemscope=\"itemscope\" itemtype=\"https:\/\/schema.org\/CreativeWork\" ><div class='avia_textblock  '   itemprop=\"text\" ><h1>Jaka \u010cibej<\/h1>\n<\/div><\/section><\/div><div class='flex_column_table av-equal-height-column-flextable -flextable' ><div class=\"flex_column av_one_third  flex_column_table_cell av-equal-height-column av-align-top av-zero-column-padding first  \" style='border-radius:0px; '><div  class='avia-image-container  av-styling-no-styling    avia-align-center '  itemprop=\"image\" itemscope=\"itemscope\" itemtype=\"https:\/\/schema.org\/ImageObject\"  ><div class='avia-image-container-inner'><div class='avia-image-overlay-wrap'><img class='avia_image' src='https:\/\/www.cjvt.si\/template\/wp-content\/uploads\/sites\/4\/2020\/02\/JakaCibej-cjvt.jpg' alt='' title=''   itemprop=\"thumbnailUrl\"  \/><\/div><\/div><\/div><\/div><\/div><!--close column table wrapper. Autoclose: 1 --><div class='flex_column_table av-equal-height-column-flextable -flextable' ><div class='av-flex-placeholder'><\/div><div class=\"flex_column av_one_third  flex_column_table_cell av-equal-height-column av-align-top   \" style='padding:30px 0px 0px 0px ; border-radius:0px 0px 0px 0px ; '><section class=\"av_textblock_section \"  itemscope=\"itemscope\" itemtype=\"https:\/\/schema.org\/CreativeWork\" ><div class='avia_textblock  '   itemprop=\"text\" ><h3 class=\"zn_text_box-title zn_text_box-title--style1 text-custom\">RAZISKOVALNA PODRO\u010cJA<\/h3>\n<\/div><\/section><br \/>\n<div  style='height:20px' class='hr hr-invisible  '><span class='hr-inner ' ><span class='hr-inner-style'><\/span><\/span><\/div><br \/>\n<section class=\"av_textblock_section \"  itemscope=\"itemscope\" itemtype=\"https:\/\/schema.org\/CreativeWork\" ><div class='avia_textblock  '   itemprop=\"text\" ><ul>\n<li>korpusno jezikoslovje<\/li>\n<li>ra\u010dunalni\u0161ka obdelava naravnih jezikov<\/li>\n<li>raziskave slovarskih uporabnikov<\/li>\n<li>mno\u017ei\u010denje za jezikoslovje<\/li>\n<li>ra\u010dunalni\u0161ko posredovana komunikacija<\/li>\n<\/ul>\n<\/div><\/section><\/p><\/div><\/div><!--close column table wrapper. Autoclose: 1 --><div class='flex_column_table av-equal-height-column-flextable -flextable' ><div class='av-flex-placeholder'><\/div><div class=\"flex_column av_one_third  flex_column_table_cell av-equal-height-column av-align-top   avia-builder-el-3  el_after_av_two_third  avia-builder-el-last  sodelavci-kontakt \" style='background: #f0f0f0; padding:30px; background-color:#f0f0f0; border-radius:0px; '><section class=\"av_textblock_section \"  itemscope=\"itemscope\" itemtype=\"https:\/\/schema.org\/CreativeWork\" ><div class='avia_textblock  '   itemprop=\"text\" ><h3 class=\"zn_text_box-title zn_text_box-title--style1 text-custom\">POVEZAVE IN KONTAKT<\/h3>\n<\/div><\/section><br \/>\n<div  style='height:20px' class='hr hr-invisible   avia-builder-el-4  el_before_av_textblock  avia-builder-el-first '><span class='hr-inner ' ><span class='hr-inner-style'><\/span><\/span><\/div><br \/>\n<section class=\"av_textblock_section \"  itemscope=\"itemscope\" itemtype=\"https:\/\/schema.org\/CreativeWork\" ><div class='avia_textblock  '   itemprop=\"text\" ><ul>\n<li>E-po\u0161ta:\u00a0<a href=\"&#109;&#x61;&#105;&#x6c;&#116;&#x6f;&#58;&#x6a;&#97;&#x6b;&#97;&#x2e;&#99;&#x69;&#98;&#x65;&#106;&#x40;&#102;&#x66;&#46;&#x75;&#110;&#x69;&#45;&#x6c;j&#x2e;s&#x69;\">&#x6a;&#x61;&#x6b;&#x61;&#x2e;&#x63;&#105;&#98;&#101;&#106;&#64;ff&#46;&#x75;&#x6e;&#x69;&#x2d;&#x6c;&#x6a;&#46;&#115;&#105;<\/a><\/li>\n<li>SICRIS:\u00a0<a href=\"http:\/\/www.sicris.si\/public\/jqm\/search_basic.aspx?lang=slv&amp;opdescr=search&amp;opt=2&amp;subopt=1&amp;code1=cmn&amp;code2=auto&amp;search_term=jaka%20%C4%8Dibej\" target=\"_blank\" rel=\"noopener noreferrer\">36914<\/a><\/li>\n<\/ul>\n<\/div><\/section><\/p><\/div><\/div><!--close column table wrapper. Autoclose: 1 --><div class=\"flex_column av_two_third  flex_column_div av-zero-column-padding first  \" style='border-radius:0px; '><section class=\"av_textblock_section \"  itemscope=\"itemscope\" itemtype=\"https:\/\/schema.org\/CreativeWork\" ><div class='avia_textblock  '   itemprop=\"text\" ><h3 class=\"zn_text_box-title zn_text_box-title--style1 text-custom\">PROJEKTI<\/h3>\n<\/div><\/section><br \/>\n<div  style='height:20px' class='hr hr-invisible   avia-builder-el-6  el_after_av_textblock  el_before_av_image '><span class='hr-inner ' ><span class='hr-inner-style'><\/span><\/span><\/div><br \/>\n<section class=\"av_textblock_section \"  itemscope=\"itemscope\" itemtype=\"https:\/\/schema.org\/CreativeWork\" ><div class='avia_textblock  '   itemprop=\"text\" ><h5><strong>Evropski projekti &#8211; COST<\/strong><\/h5>\n<ul>\n<li><a href=\"http:\/\/www.cost.eu\/COST_Actions\/ca\/CA16105\" target=\"_blank\" rel=\"noopener noreferrer\" data-saferedirecturl=\"https:\/\/www.google.com\/url?hl=sl&amp;q=http:\/\/www.cost.eu\/COST_Actions\/ca\/CA16105&amp;source=gmail&amp;ust=1504350309458000&amp;usg=AFQjCNHSCWzMPs_AUAZnF8XkaiqpaSX_xQ\">eNetCollect<\/a>\u00a0&#8211; European Network for Combining Language Learning with Crowdsourcing Techniques<\/li>\n<\/ul>\n<h5><strong>Projekti ARRS<\/strong><\/h5>\n<ul>\n<li><a href=\"http:\/\/nl.ijs.si\/janes\/\" target=\"_blank\" rel=\"noopener noreferrer\" data-saferedirecturl=\"https:\/\/www.google.com\/url?hl=sl&amp;q=http:\/\/nl.ijs.si\/janes\/&amp;source=gmail&amp;ust=1504350309459000&amp;usg=AFQjCNFgDOQldjPRZOhpHuuvNPaJCj64-g\">Viri, orodja in metode za raziskovanje nestandardne spletne sloven\u0161\u010dine<\/a> (2014 &#8211; 2017)<\/li>\n<li><a href=\"http:\/\/nl.ijs.si\/kas\/\" target=\"_blank\" rel=\"noopener noreferrer\" data-saferedirecturl=\"https:\/\/www.google.com\/url?hl=sl&amp;q=http:\/\/nl.ijs.si\/kas\/&amp;source=gmail&amp;ust=1504350309459000&amp;usg=AFQjCNEmS_PbzjVZLLI_OfPvE20RSGlXTg\">Slovenska znanstvena besedila: viri in opis<\/a> (2016 &#8211; 2018)<\/li>\n<li><a href=\"http:\/\/nl.ijs.si\/frenk\/\" target=\"_blank\" rel=\"noopener noreferrer\" data-saferedirecturl=\"https:\/\/www.google.com\/url?hl=sl&amp;q=http:\/\/nl.ijs.si\/frenk\/&amp;source=gmail&amp;ust=1504350309459000&amp;usg=AFQjCNEh6-IysDoC-_wXyTeTu_kxMQ9-Pg\">Viri, metode in orodja za razumevanje, prepoznavanje in razvr\u0161\u010danje razli\u010dnih oblik dru\u017ebeno nesprejemljivega diskurza v informacijski dru\u017ebi<\/a> (2017 &#8211; 2020)<\/li>\n<\/ul>\n<\/div><\/section><\/p><\/div><div class=\"flex_column av_one_third  flex_column_div av-zero-column-padding   \" style='border-radius:0px; '><\/div><\/p>\n<div class=\"flex_column av_two_third  flex_column_div av-zero-column-padding first  \" style='border-radius:0px; '><section class=\"av_textblock_section \"  itemscope=\"itemscope\" itemtype=\"https:\/\/schema.org\/CreativeWork\" ><div class='avia_textblock  '   itemprop=\"text\" ><h3 class=\"zn_text_box-title zn_text_box-title--style1 text-custom\">IZBRANE PUBLIKACIJE<\/h3>\n<\/div><\/section><br \/>\n<div  style='height:20px' class='hr hr-invisible  '><span class='hr-inner ' ><span class='hr-inner-style'><\/span><\/span><\/div><br \/>\n<section class=\"av_textblock_section \"  itemscope=\"itemscope\" itemtype=\"https:\/\/schema.org\/CreativeWork\" ><div class='avia_textblock  '   itemprop=\"text\" ><ul>\n<li>\n<p align=\"justify\">\u010cIBEJ, Jaka. <strong>Framework for an analysis of Slovene regional language variants on Twitter.<\/strong> V: FI\u0160ER, Darja (ur.), BEI\u00dfWENGER, Michael (ur.). <i>Proceedings of the 4th Conference on CMC and Social Media Corpora for the Humanities, 27-28 September 2016, Faculty of Arts, University of Ljubljana, Ljubljana, Slovenia<\/i>. 1st ed. Ljubljana: Znanstvena zalo\u017eba Filozofske fakultete. 2016, str. 17-21, ilustr.\u00a0<a class=\"m_6137634458313944526m_1284731919618328711gmail-red\" href=\"http:\/\/nl.ijs.si\/janes\/wp-content\/uploads\/sites\/4\/2016\/09\/CMC-2016_Cibej_Framework-Analysis-of-Slovene-Regional-Language-Variants-Twitter.pdf\" target=\"_blank\" rel=\"noopener noreferrer\" data-saferedirecturl=\"https:\/\/www.google.com\/url?hl=sl&amp;q=http:\/\/nl.ijs.si\/janes\/wp-content\/uploads\/sites\/4\/2016\/09\/CMC-2016_Cibej_Framework-Analysis-of-Slovene-Regional-Language-Variants-Twitter.pdf&amp;source=gmail&amp;ust=1504350309459000&amp;usg=AFQjCNEvkJ5qZ0pXUpM53BwRtB41jsQIYQ\">http:\/\/nl.ijs.si\/janes<wbr \/>\/wp-content\/uploads\/sites\/4\/2016\/09\/<wbr \/>CMC-2016_Cibej_Framework-Analy<wbr \/>sis-of-Slovene-Regional-Langua<wbr \/>ge-Variants-Twitter.pdf<\/a>. [COBISS.SI-ID\u00a0<a class=\"m_6137634458313944526m_1284731919618328711gmail-red\" href=\"https:\/\/plus.si.cobiss.net\/opac7\/bib\/62121058?lang=sl\" target=\"_blank\" rel=\"noopener noreferrer\" data-saferedirecturl=\"https:\/\/www.google.com\/url?hl=sl&amp;q=https:\/\/plus.si.cobiss.net\/opac7\/bib\/62121058?lang%3Dsl&amp;source=gmail&amp;ust=1504350309459000&amp;usg=AFQjCNHwrf_vxwhBtyQCVHV0eMapsvhg1w\">62121058<\/a>]<\/p>\n<\/li>\n<\/ul>\n<\/div><\/section><br \/>\n<section class=\"av_textblock_section \"  itemscope=\"itemscope\" itemtype=\"https:\/\/schema.org\/CreativeWork\" ><div class='avia_textblock  '   itemprop=\"text\" ><ul>\n<li>\n<p align=\"justify\">\u010cIBEJ, Jaka, FI\u0160ER, Darja, ERJAVEC, Toma\u017e. <strong>Normalisation, tokenisation and sentence segmentation of Slovene tweets.<\/strong> V: UTKA, Andrius (ur.).\u00a0<i>Normalisation and analysis of social media texts (NormSoMe) : [workshop proceedings]<\/i>. [S. l.: s. n. 2016], str. 5-10, ilustr.\u00a0<a class=\"m_6137634458313944526m_1284731919618328711gmail-red\" href=\"http:\/\/www.lrec-conf.org\/proceedings\/lrec2016\/index.html\" target=\"_blank\" rel=\"noopener noreferrer\" data-saferedirecturl=\"https:\/\/www.google.com\/url?hl=sl&amp;q=http:\/\/www.lrec-conf.org\/proceedings\/lrec2016\/index.html&amp;source=gmail&amp;ust=1504350309459000&amp;usg=AFQjCNEOT59e67_bW6e8D5qIDLCyzK4V_Q\">http:\/\/www.lrec-conf.o<wbr \/>rg\/proceedings\/lrec2016\/index.<wbr \/>html<\/a>. [COBISS.SI-ID\u00a0<a class=\"m_6137634458313944526m_1284731919618328711gmail-red\" href=\"https:\/\/plus.si.cobiss.net\/opac7\/bib\/60917346?lang=sl\" target=\"_blank\" rel=\"noopener noreferrer\" data-saferedirecturl=\"https:\/\/www.google.com\/url?hl=sl&amp;q=https:\/\/plus.si.cobiss.net\/opac7\/bib\/60917346?lang%3Dsl&amp;source=gmail&amp;ust=1504350309459000&amp;usg=AFQjCNF8JujWMZXNEPjWJc62crdkD9exwg\">60917346<\/a>]<\/li>\n<\/ul>\n<\/div><\/section><br \/>\n<section class=\"av_textblock_section \"  itemscope=\"itemscope\" itemtype=\"https:\/\/schema.org\/CreativeWork\" ><div class='avia_textblock  '   itemprop=\"text\" ><ul>\n<li>\n<p align=\"justify\">ARHAR HOLDT, \u0160pela, \u010cIBEJ, Jaka, ZWITTER VITEZ, Ana. <strong>Value of language-related questions and comments in digital media for lexicographical user research.<\/strong> <i>International journal of lexicography<\/i>, ISSN 1477-4577. [Spletna izd.], 20. 4. 2016, 24 str., ilustr. <a class=\"m_6137634458313944526m_1284731919618328711gmail-red\" href=\"http:\/\/ijl.oxfordjournals.org\/content\/early\/2016\/04\/20\/ijl.ecw017.full.pdf?keytype=ref&amp;ijkey=SP5Yb4PHvfykRkk\" target=\"_blank\" rel=\"noopener noreferrer\" data-saferedirecturl=\"https:\/\/www.google.com\/url?hl=sl&amp;q=http:\/\/ijl.oxfordjournals.org\/content\/early\/2016\/04\/20\/ijl.ecw017.full.pdf?keytype%3Dref%26ijkey%3DSP5Yb4PHvfykRkk&amp;source=gmail&amp;ust=1504350309459000&amp;usg=AFQjCNFhJKMxkNREFLWTCKLUN-Z8BpXJGA\">http:\/\/ijl.oxfordjourna<wbr \/>ls.org\/content\/early\/2016\/04\/<wbr \/>20\/ijl.ecw017.full.pdf?<wbr \/>keytype=ref&amp;ijkey=SP5Yb4PHvfyk<wbr \/>Rkk<\/a>, doi:\u00a0<a class=\"m_6137634458313944526m_1284731919618328711gmail-red\" href=\"https:\/\/doi.org\/10.1093\/ijl\/ecw017\" target=\"_blank\" rel=\"noopener noreferrer\" data-saferedirecturl=\"https:\/\/www.google.com\/url?hl=sl&amp;q=https:\/\/doi.org\/10.1093\/ijl\/ecw017&amp;source=gmail&amp;ust=1504350309459000&amp;usg=AFQjCNGrMu2POosKelxs2G-SyezbndGg1Q\">10.1093\/ijl\/ecw017<\/a>. [COBISS.SI-ID\u00a0<a class=\"m_6137634458313944526m_1284731919618328711gmail-red\" href=\"https:\/\/plus.si.cobiss.net\/opac7\/bib\/60439138?lang=sl\" target=\"_blank\" rel=\"noopener noreferrer\" data-saferedirecturl=\"https:\/\/www.google.com\/url?hl=sl&amp;q=https:\/\/plus.si.cobiss.net\/opac7\/bib\/60439138?lang%3Dsl&amp;source=gmail&amp;ust=1504350309459000&amp;usg=AFQjCNFCK5yQLVuiB7KhwGcVL9G4Y48_8Q\">60439138<\/a>]<\/p>\n<\/li>\n<\/ul>\n<\/div><\/section><br \/>\n<section class=\"av_textblock_section \"  itemscope=\"itemscope\" itemtype=\"https:\/\/schema.org\/CreativeWork\" ><div class='avia_textblock  '   itemprop=\"text\" ><ul>\n<li>\n<p align=\"justify\">\u010cIBEJ, Jaka, ARHAR HOLDT, \u0160pela, ERJAVEC, Toma\u017e, FI\u0160ER, Darja. <strong>Razvoj u\u010dne mno\u017eice za izbolj\u0161ano ozna\u010devanje spletnih besedil.<\/strong> V: ERJAVEC, Toma\u017e (ur.), FI\u0160ER, Darja (ur.). <i>Zbornik konference Jezikovne tehnologije in digitalna humanistika, 29. september &#8211; 1. oktober 2016, Filozofska fakulteta, Univerza v Ljubljani, Ljubljana, Slovenija = Proceedings of the Conference on Language Technologies &amp; Digital Humanities, September 29th &#8211; October 1st, 2016 Faculty of Arts, University of Ljubljana, Ljubljana, Slovenia<\/i>. 1. izd. V Ljubljani: Znanstvena zalo\u017eba Filozofske fakultete: = Ljubljana University Press, Faculty of Arts. 2016, str. 40-46, ilustr.\u00a0<a class=\"m_6137634458313944526m_1284731919618328711gmail-red\" href=\"http:\/\/www.sdjt.si\/wp\/wp-content\/uploads\/sites\/4\/2016\/09\/JTDH-2016_Cibej-et-al_Razvoj-ucne-mnozice.pdf\" target=\"_blank\" rel=\"noopener noreferrer\" data-saferedirecturl=\"https:\/\/www.google.com\/url?hl=sl&amp;q=http:\/\/www.sdjt.si\/wp\/wp-content\/uploads\/sites\/4\/2016\/09\/JTDH-2016_Cibej-et-al_Razvoj-ucne-mnozice.pdf&amp;source=gmail&amp;ust=1504350309459000&amp;usg=AFQjCNGARB-wqpuZUcOrlSriDFtqvbEw0Q\">http:\/\/www.sdjt.si\/wp\/<wbr \/>wp-content\/uploads\/sites\/4\/2016\/09\/JTD<wbr \/>H-2016_Cibej-et-al_Razvoj-ucne<wbr \/>-mnozice.pdf<\/a>. [COBISS.SI-ID\u00a0<a class=\"m_6137634458313944526m_1284731919618328711gmail-red\" href=\"https:\/\/plus.si.cobiss.net\/opac7\/bib\/62529890?lang=sl\" target=\"_blank\" rel=\"noopener noreferrer\" data-saferedirecturl=\"https:\/\/www.google.com\/url?hl=sl&amp;q=https:\/\/plus.si.cobiss.net\/opac7\/bib\/62529890?lang%3Dsl&amp;source=gmail&amp;ust=1504350309459000&amp;usg=AFQjCNFTPXiGi3kQYzc6BG4hBXcdvDC8dQ\">62529890<\/a>]<\/li>\n<\/ul>\n<\/div><\/section><br \/>\n<section class=\"av_textblock_section \"  itemscope=\"itemscope\" itemtype=\"https:\/\/schema.org\/CreativeWork\" ><div class='avia_textblock  '   itemprop=\"text\" ><ul>\n<li>\n<p align=\"justify\">\u010cIBEJ, Jaka, FI\u0160ER, Darja, KOSEM, Iztok. <strong>The role of crowdsourcing in lexicography.<\/strong> V: KOSEM, Iztok (ur.), et al. <i>Electronic lexicography in the 21st century : linking lexical data in the digital age : proceedings of eLex 2015 Conference, 11-13 August 2015, Herstmonceux Castle, United Kingdom<\/i>. Ljubljana: Trojina, Institute for Applied Slovene Studies; Brighton: Lexical Computing. 2015, str. 70-83, graf. prikaz. <a class=\"m_6137634458313944526m_1284731919618328711gmail-red\" href=\"https:\/\/elex.link\/elex2015\/proceedings\/eLex_2015_05_Cibej+Fiser+Kosem.pdf\" target=\"_blank\" rel=\"noopener noreferrer\" data-saferedirecturl=\"https:\/\/www.google.com\/url?hl=sl&amp;q=https:\/\/elex.link\/elex2015\/proceedings\/eLex_2015_05_Cibej%2BFiser%2BKosem.pdf&amp;source=gmail&amp;ust=1504350309459000&amp;usg=AFQjCNFEDTZgJvk9KuesAzbRAlEWbkwb1g\">https:\/\/elex.link\/elex<wbr \/>2015\/proceedings\/eLex_2015_05_<wbr \/>Cibej+Fiser+Kosem.pdf<\/a>. [COBISS.SI-ID\u00a0<a class=\"m_6137634458313944526m_1284731919618328711gmail-red\" href=\"https:\/\/plus.si.cobiss.net\/opac7\/bib\/38744621?lang=sl\" target=\"_blank\" rel=\"noopener noreferrer\" data-saferedirecturl=\"https:\/\/www.google.com\/url?hl=sl&amp;q=https:\/\/plus.si.cobiss.net\/opac7\/bib\/38744621?lang%3Dsl&amp;source=gmail&amp;ust=1504350309459000&amp;usg=AFQjCNGPjaHSGzi_V4oibeKTVs-DOIxzZg\">38744621<\/a>]<\/li>\n<\/ul>\n<\/div><\/section><\/p><\/div><div class=\"flex_column av_one_third  flex_column_div av-zero-column-padding   \" style='border-radius:0px; '><\/div><\/p>\n","protected":false},"excerpt":{"rendered":"","protected":false},"author":1,"featured_media":0,"parent":0,"menu_order":0,"comment_status":"closed","ping_status":"closed","template":"","meta":{"_acf_changed":false,"_relevanssi_hide_post":"","_relevanssi_hide_content":"","_relevanssi_pin_for_all":"","_relevanssi_pin_keywords":"","_relevanssi_unpin_keywords":"","_relevanssi_related_keywords":"","_relevanssi_related_include_ids":"","_relevanssi_related_exclude_ids":"","_relevanssi_related_no_append":"","_relevanssi_related_not_related":"","_relevanssi_related_posts":"","_relevanssi_noindex_reason":"","inline_featured_image":false,"episode_type":"","audio_file":"","podmotor_file_id":"","podmotor_episode_id":"","cover_image":"","cover_image_id":"","duration":"","filesize":"","filesize_raw":"","date_recorded":"","explicit":"","block":"","itunes_episode_number":"","itunes_title":"","itunes_season_number":"","itunes_episode_type":"","footnotes":""},"class_list":["post-878","page","type-page","status-publish","hentry"],"acf":[],"yoast_head":"<!-- This site is optimized with the Yoast SEO plugin v27.3 - https:\/\/yoast.com\/product\/yoast-seo-wordpress\/ -->\n<title>O projektu - Slovar sodobnega slovenskega jezika<\/title>\n<meta name=\"robots\" content=\"noindex, follow, max-snippet:-1, max-image-preview:large, max-video-preview:-1\" \/>\n<meta property=\"og:locale\" content=\"sl_SI\" \/>\n<meta property=\"og:type\" content=\"article\" \/>\n<meta property=\"og:title\" content=\"O projektu - Slovar sodobnega slovenskega jezika\" \/>\n<meta property=\"og:url\" content=\"https:\/\/www.cjvt.si\/sssj\/\" \/>\n<meta property=\"og:site_name\" content=\"Slovar sodobnega slovenskega jezika\" \/>\n<meta property=\"article:modified_time\" content=\"2020-04-20T19:01:30+00:00\" \/>\n<meta name=\"twitter:card\" content=\"summary_large_image\" \/>\n<meta name=\"twitter:label1\" content=\"Est. reading time\" \/>\n\t<meta name=\"twitter:data1\" content=\"12 minut\" \/>\n<script type=\"application\/ld+json\" class=\"yoast-schema-graph\">{\"@context\":\"https:\\\/\\\/schema.org\",\"@graph\":[{\"@type\":\"WebPage\",\"@id\":\"https:\\\/\\\/www.cjvt.si\\\/sssj\\\/\",\"url\":\"https:\\\/\\\/www.cjvt.si\\\/sssj\\\/\",\"name\":\"O projektu - Slovar sodobnega slovenskega jezika\",\"isPartOf\":{\"@id\":\"https:\\\/\\\/www.cjvt.si\\\/sssj\\\/#website\"},\"datePublished\":\"2020-03-31T13:39:25+00:00\",\"dateModified\":\"2020-04-20T19:01:30+00:00\",\"breadcrumb\":{\"@id\":\"https:\\\/\\\/www.cjvt.si\\\/sssj\\\/#breadcrumb\"},\"inLanguage\":\"sl-SI\",\"potentialAction\":[{\"@type\":\"ReadAction\",\"target\":[\"https:\\\/\\\/www.cjvt.si\\\/sssj\\\/\"]}]},{\"@type\":\"BreadcrumbList\",\"@id\":\"https:\\\/\\\/www.cjvt.si\\\/sssj\\\/#breadcrumb\",\"itemListElement\":[{\"@type\":\"ListItem\",\"position\":1,\"name\":\"Home\",\"item\":\"https:\\\/\\\/www.cjvt.si\\\/sssj\\\/\"},{\"@type\":\"ListItem\",\"position\":2,\"name\":\"O projektu\"}]},{\"@type\":\"WebSite\",\"@id\":\"https:\\\/\\\/www.cjvt.si\\\/sssj\\\/#website\",\"url\":\"https:\\\/\\\/www.cjvt.si\\\/sssj\\\/\",\"name\":\"Slovar sodobnega slovenskega jezika\",\"description\":\"Temeljni vir\",\"potentialAction\":[{\"@type\":\"SearchAction\",\"target\":{\"@type\":\"EntryPoint\",\"urlTemplate\":\"https:\\\/\\\/www.cjvt.si\\\/sssj\\\/?s={search_term_string}\"},\"query-input\":{\"@type\":\"PropertyValueSpecification\",\"valueRequired\":true,\"valueName\":\"search_term_string\"}}],\"inLanguage\":\"sl-SI\"}]}<\/script>\n<!-- \/ Yoast SEO plugin. -->","yoast_head_json":{"title":"O projektu - Slovar sodobnega slovenskega jezika","robots":{"index":"noindex","follow":"follow","max-snippet":"max-snippet:-1","max-image-preview":"max-image-preview:large","max-video-preview":"max-video-preview:-1"},"og_locale":"sl_SI","og_type":"article","og_title":"O projektu - Slovar sodobnega slovenskega jezika","og_url":"https:\/\/www.cjvt.si\/sssj\/","og_site_name":"Slovar sodobnega slovenskega jezika","article_modified_time":"2020-04-20T19:01:30+00:00","twitter_card":"summary_large_image","twitter_misc":{"Est. reading time":"12 minut"},"schema":{"@context":"https:\/\/schema.org","@graph":[{"@type":"WebPage","@id":"https:\/\/www.cjvt.si\/sssj\/","url":"https:\/\/www.cjvt.si\/sssj\/","name":"O projektu - Slovar sodobnega slovenskega jezika","isPartOf":{"@id":"https:\/\/www.cjvt.si\/sssj\/#website"},"datePublished":"2020-03-31T13:39:25+00:00","dateModified":"2020-04-20T19:01:30+00:00","breadcrumb":{"@id":"https:\/\/www.cjvt.si\/sssj\/#breadcrumb"},"inLanguage":"sl-SI","potentialAction":[{"@type":"ReadAction","target":["https:\/\/www.cjvt.si\/sssj\/"]}]},{"@type":"BreadcrumbList","@id":"https:\/\/www.cjvt.si\/sssj\/#breadcrumb","itemListElement":[{"@type":"ListItem","position":1,"name":"Home","item":"https:\/\/www.cjvt.si\/sssj\/"},{"@type":"ListItem","position":2,"name":"O projektu"}]},{"@type":"WebSite","@id":"https:\/\/www.cjvt.si\/sssj\/#website","url":"https:\/\/www.cjvt.si\/sssj\/","name":"Slovar sodobnega slovenskega jezika","description":"Temeljni vir","potentialAction":[{"@type":"SearchAction","target":{"@type":"EntryPoint","urlTemplate":"https:\/\/www.cjvt.si\/sssj\/?s={search_term_string}"},"query-input":{"@type":"PropertyValueSpecification","valueRequired":true,"valueName":"search_term_string"}}],"inLanguage":"sl-SI"}]}},"_links":{"self":[{"href":"https:\/\/www.cjvt.si\/sssj\/wp-json\/wp\/v2\/pages\/878","targetHints":{"allow":["GET"]}}],"collection":[{"href":"https:\/\/www.cjvt.si\/sssj\/wp-json\/wp\/v2\/pages"}],"about":[{"href":"https:\/\/www.cjvt.si\/sssj\/wp-json\/wp\/v2\/types\/page"}],"author":[{"embeddable":true,"href":"https:\/\/www.cjvt.si\/sssj\/wp-json\/wp\/v2\/users\/1"}],"replies":[{"embeddable":true,"href":"https:\/\/www.cjvt.si\/sssj\/wp-json\/wp\/v2\/comments?post=878"}],"version-history":[{"count":2,"href":"https:\/\/www.cjvt.si\/sssj\/wp-json\/wp\/v2\/pages\/878\/revisions"}],"predecessor-version":[{"id":1098,"href":"https:\/\/www.cjvt.si\/sssj\/wp-json\/wp\/v2\/pages\/878\/revisions\/1098"}],"wp:attachment":[{"href":"https:\/\/www.cjvt.si\/sssj\/wp-json\/wp\/v2\/media?parent=878"}],"curies":[{"name":"wp","href":"https:\/\/api.w.org\/{rel}","templated":true}]}}